{"id":4748,"date":"2025-09-03T08:42:44","date_gmt":"2025-09-03T06:42:44","guid":{"rendered":"https:\/\/rutana.webdemo.lt\/?post_type=product&#038;p=4748"},"modified":"2025-10-13T15:21:50","modified_gmt":"2025-10-13T13:21:50","slug":"plastikiniai-skiriamieji-lapai-a4-su-skaiciais-1-10-forpus-20451","status":"publish","type":"product","link":"https:\/\/rutana.lt\/en\/product\/plastikiniai-skiriamieji-lapai-a4-su-skaiciais-1-10-forpus-20451\/","title":{"rendered":"Plastikiniai skiriamieji lapai A4+ su skai\u010diais 1-10 Forpus 20451"},"content":{"rendered":"<p>Skiriamieji lapai pagaminti i\u0161 auk\u0161tos kokyb\u0117s plastiko. Plastiko storis 130 mikron\u0173, lankstus. Skirtukai turi standartin\u0119 perforacij\u0105, tod\u0117l tinkami naudoti \u012fvairi\u0173 r\u016b\u0161i\u0173 segtuvuose. Skirtukai yra praplatinto dyd\u017eio.<\/p>\n<p>Formatas: A4+<\/p>\n<p>Skirtuko matmenys: 245 x 297 mm<\/p>\n<p>\u017dym\u0117jimas: 1 &#8211; 10 <\/p>\n<p>Skirtuko spalva: pilka<\/p>\n<p>Turinio lapas: yra<\/p>\n<p><\/p>\n<p><\/p>","protected":false},"excerpt":{"rendered":"<p>Skiriamieji lapai pagaminti i\u0161 auk\u0161tos kokyb\u0117s plastiko. Plastiko storis 130 mikron\u0173, lankstus. Skirtukai turi standartin\u0119 perforacij\u0105, tod\u0117l tinkami naudoti \u012fvairi\u0173 r\u016b\u0161i\u0173 segtuvuose. Skirtukai yra praplatinto dyd\u017eio. Formatas: A4+ Skirtuko matmenys: 245 x 297 mm \u017dym\u0117jimas: 1 &#8211; 10 Skirtuko spalva: pilka Turinio lapas: yra<\/p>","protected":false},"featured_media":25245,"comment_status":"open","ping_status":"closed","template":"","meta":{"_season_start":"","_season_end":"","_season_days":"","_season_months":"","_season_auto_visibility":""},"product_brand":[74],"product_cat":[1830],"product_tag":[],"class_list":{"0":"post-4748","1":"product","2":"type-product","3":"status-publish","4":"has-post-thumbnail","6":"product_brand-forpus","7":"product_cat-skirtukai-su-skaiciais","9":"first","10":"instock","11":"taxable","12":"shipping-taxable","13":"purchasable","14":"product-type-simple"},"yoast_head":"<!-- This site is optimized with the Yoast SEO plugin v26.1.1 - https:\/\/yoast.com\/wordpress\/plugins\/seo\/ -->\n<title>Plastikiniai skiriamieji lapai A4+ su skai\u010diais 1-10 Forpus 20451 - Rutana - Ra\u0161tin\u0117s reikmenys<\/title>\n<meta name=\"robots\" content=\"index, follow, max-snippet:-1, max-image-preview:large, max-video-preview:-1\" \/>\n<link rel=\"canonical\" href=\"https:\/\/rutana.lt\/en\/product\/plastikiniai-skiriamieji-lapai-a4-su-skaiciais-1-10-forpus-20451\/\" \/>\n<meta property=\"og:locale\" content=\"en_US\" \/>\n<meta property=\"og:type\" content=\"article\" \/>\n<meta property=\"og:title\" content=\"Plastikiniai skiriamieji lapai A4+ su skai\u010diais 1-10 Forpus 20451 - Rutana - Ra\u0161tin\u0117s reikmenys\" \/>\n<meta property=\"og:description\" content=\"Skiriamieji lapai pagaminti i\u0161 auk\u0161tos kokyb\u0117s plastiko. Plastiko storis 130 mikron\u0173, lankstus. Skirtukai turi standartin\u0119 perforacij\u0105, tod\u0117l tinkami naudoti \u012fvairi\u0173 r\u016b\u0161i\u0173 segtuvuose. Skirtukai yra praplatinto dyd\u017eio. Formatas: A4+ Skirtuko matmenys: 245 x 297 mm \u017dym\u0117jimas: 1 &#8211; 10 Skirtuko spalva: pilka Turinio lapas: yra\" \/>\n<meta property=\"og:url\" content=\"https:\/\/rutana.lt\/en\/product\/plastikiniai-skiriamieji-lapai-a4-su-skaiciais-1-10-forpus-20451\/\" \/>\n<meta property=\"og:site_name\" content=\"Rutana - Ra\u0161tin\u0117s reikmenys\" \/>\n<meta property=\"article:publisher\" content=\"https:\/\/www.facebook.com\/RutanaKanceliarinesPrekes\/\" \/>\n<meta property=\"article:modified_time\" content=\"2025-10-13T13:21:50+00:00\" \/>\n<meta property=\"og:image\" content=\"https:\/\/rutana.lt\/wp-content\/uploads\/2025\/09\/C023-207.jpg\" \/>\n\t<meta property=\"og:image:width\" content=\"800\" \/>\n\t<meta property=\"og:image:height\" content=\"503\" \/>\n\t<meta property=\"og:image:type\" content=\"image\/jpeg\" \/>\n<meta name=\"twitter:card\" content=\"summary_large_image\" \/>\n<script type=\"application\/ld+json\" class=\"yoast-schema-graph\">{\"@context\":\"https:\/\/schema.org\",\"@graph\":[{\"@type\":\"WebPage\",\"@id\":\"https:\/\/rutana.lt\/produktas\/plastikiniai-skiriamieji-lapai-a4-su-skaiciais-1-10-forpus-20451\/\",\"url\":\"https:\/\/rutana.lt\/produktas\/plastikiniai-skiriamieji-lapai-a4-su-skaiciais-1-10-forpus-20451\/\",\"name\":\"Plastikiniai skiriamieji lapai A4+ su skai\u010diais 1-10 Forpus 20451 - Rutana - Ra\u0161tin\u0117s reikmenys\",\"isPartOf\":{\"@id\":\"https:\/\/rutana.lt\/#website\"},\"primaryImageOfPage\":{\"@id\":\"https:\/\/rutana.lt\/produktas\/plastikiniai-skiriamieji-lapai-a4-su-skaiciais-1-10-forpus-20451\/#primaryimage\"},\"image\":{\"@id\":\"https:\/\/rutana.lt\/produktas\/plastikiniai-skiriamieji-lapai-a4-su-skaiciais-1-10-forpus-20451\/#primaryimage\"},\"thumbnailUrl\":\"https:\/\/rutana.lt\/wp-content\/uploads\/2025\/09\/C023-207-1.jpg?v=1763622768\",\"datePublished\":\"2025-09-03T06:42:44+00:00\",\"dateModified\":\"2025-10-13T13:21:50+00:00\",\"breadcrumb\":{\"@id\":\"https:\/\/rutana.lt\/produktas\/plastikiniai-skiriamieji-lapai-a4-su-skaiciais-1-10-forpus-20451\/#breadcrumb\"},\"inLanguage\":\"en-US\",\"potentialAction\":[{\"@type\":\"ReadAction\",\"target\":[\"https:\/\/rutana.lt\/produktas\/plastikiniai-skiriamieji-lapai-a4-su-skaiciais-1-10-forpus-20451\/\"]}]},{\"@type\":\"ImageObject\",\"inLanguage\":\"en-US\",\"@id\":\"https:\/\/rutana.lt\/produktas\/plastikiniai-skiriamieji-lapai-a4-su-skaiciais-1-10-forpus-20451\/#primaryimage\",\"url\":\"https:\/\/rutana.lt\/wp-content\/uploads\/2025\/09\/C023-207-1.jpg?v=1763622768\",\"contentUrl\":\"https:\/\/rutana.lt\/wp-content\/uploads\/2025\/09\/C023-207-1.jpg?v=1763622768\",\"width\":800,\"height\":503},{\"@type\":\"BreadcrumbList\",\"@id\":\"https:\/\/rutana.lt\/produktas\/plastikiniai-skiriamieji-lapai-a4-su-skaiciais-1-10-forpus-20451\/#breadcrumb\",\"itemListElement\":[{\"@type\":\"ListItem\",\"position\":1,\"name\":\"Home\",\"item\":\"https:\/\/rutana.lt\/\"},{\"@type\":\"ListItem\",\"position\":2,\"name\":\"Parduotuv\u0117\",\"item\":\"https:\/\/rutana.lt\/parduotuve\/\"},{\"@type\":\"ListItem\",\"position\":3,\"name\":\"Plastikiniai skiriamieji lapai A4+ su skai\u010diais 1-10 Forpus 20451\"}]},{\"@type\":\"WebSite\",\"@id\":\"https:\/\/rutana.lt\/#website\",\"url\":\"https:\/\/rutana.lt\/\",\"name\":\"Rutana - Ra\u0161tin\u0117s reikmenys\",\"description\":\"Prekiaujame pasaulin\u0117je rinkoje pripa\u017eintomis, kokybi\u0161komis biuro prek\u0117mis toki\u0173  gamintoj\u0173 kaip: Schneider, Esselte, Novus, 3M, Faber-Castell, Citizen, Milan, Leitz, Colop, Zebra, Staedtler, Durable, Tork, Parker, Waterman ir kt.\",\"publisher\":{\"@id\":\"https:\/\/rutana.lt\/#organization\"},\"potentialAction\":[{\"@type\":\"SearchAction\",\"target\":{\"@type\":\"EntryPoint\",\"urlTemplate\":\"https:\/\/rutana.lt\/?s={search_term_string}\"},\"query-input\":{\"@type\":\"PropertyValueSpecification\",\"valueRequired\":true,\"valueName\":\"search_term_string\"}}],\"inLanguage\":\"en-US\"},{\"@type\":\"Organization\",\"@id\":\"https:\/\/rutana.lt\/#organization\",\"name\":\"Rutana - Ra\u0161tin\u0117s reikmenys\",\"url\":\"https:\/\/rutana.lt\/\",\"logo\":{\"@type\":\"ImageObject\",\"inLanguage\":\"en-US\",\"@id\":\"https:\/\/rutana.lt\/#\/schema\/logo\/image\/\",\"url\":\"https:\/\/rutana.lt\/wp-content\/uploads\/2025\/10\/Asset-32.png\",\"contentUrl\":\"https:\/\/rutana.lt\/wp-content\/uploads\/2025\/10\/Asset-32.png\",\"width\":433,\"height\":119,\"caption\":\"Rutana - Ra\u0161tin\u0117s reikmenys\"},\"image\":{\"@id\":\"https:\/\/rutana.lt\/#\/schema\/logo\/image\/\"},\"sameAs\":[\"https:\/\/www.facebook.com\/RutanaKanceliarinesPrekes\/\"]}]}<\/script>\n<!-- \/ Yoast SEO plugin. -->","yoast_head_json":{"title":"Plastikiniai skiriamieji lapai A4+ su skai\u010diais 1-10 Forpus 20451 - Rutana - Ra\u0161tin\u0117s reikmenys","robots":{"index":"index","follow":"follow","max-snippet":"max-snippet:-1","max-image-preview":"max-image-preview:large","max-video-preview":"max-video-preview:-1"},"canonical":"https:\/\/rutana.lt\/en\/product\/plastikiniai-skiriamieji-lapai-a4-su-skaiciais-1-10-forpus-20451\/","og_locale":"en_US","og_type":"article","og_title":"Plastikiniai skiriamieji lapai A4+ su skai\u010diais 1-10 Forpus 20451 - Rutana - Ra\u0161tin\u0117s reikmenys","og_description":"Skiriamieji lapai pagaminti i\u0161 auk\u0161tos kokyb\u0117s plastiko. Plastiko storis 130 mikron\u0173, lankstus. Skirtukai turi standartin\u0119 perforacij\u0105, tod\u0117l tinkami naudoti \u012fvairi\u0173 r\u016b\u0161i\u0173 segtuvuose. Skirtukai yra praplatinto dyd\u017eio. Formatas: A4+ Skirtuko matmenys: 245 x 297 mm \u017dym\u0117jimas: 1 &#8211; 10 Skirtuko spalva: pilka Turinio lapas: yra","og_url":"https:\/\/rutana.lt\/en\/product\/plastikiniai-skiriamieji-lapai-a4-su-skaiciais-1-10-forpus-20451\/","og_site_name":"Rutana - Ra\u0161tin\u0117s reikmenys","article_publisher":"https:\/\/www.facebook.com\/RutanaKanceliarinesPrekes\/","article_modified_time":"2025-10-13T13:21:50+00:00","og_image":[{"width":800,"height":503,"url":"https:\/\/rutana.lt\/wp-content\/uploads\/2025\/09\/C023-207.jpg","type":"image\/jpeg"}],"twitter_card":"summary_large_image","schema":{"@context":"https:\/\/schema.org","@graph":[{"@type":"WebPage","@id":"https:\/\/rutana.lt\/produktas\/plastikiniai-skiriamieji-lapai-a4-su-skaiciais-1-10-forpus-20451\/","url":"https:\/\/rutana.lt\/produktas\/plastikiniai-skiriamieji-lapai-a4-su-skaiciais-1-10-forpus-20451\/","name":"Plastikiniai skiriamieji lapai A4+ su skai\u010diais 1-10 Forpus 20451 - Rutana - Ra\u0161tin\u0117s reikmenys","isPartOf":{"@id":"https:\/\/rutana.lt\/#website"},"primaryImageOfPage":{"@id":"https:\/\/rutana.lt\/produktas\/plastikiniai-skiriamieji-lapai-a4-su-skaiciais-1-10-forpus-20451\/#primaryimage"},"image":{"@id":"https:\/\/rutana.lt\/produktas\/plastikiniai-skiriamieji-lapai-a4-su-skaiciais-1-10-forpus-20451\/#primaryimage"},"thumbnailUrl":"https:\/\/rutana.lt\/wp-content\/uploads\/2025\/09\/C023-207-1.jpg?v=1763622768","datePublished":"2025-09-03T06:42:44+00:00","dateModified":"2025-10-13T13:21:50+00:00","breadcrumb":{"@id":"https:\/\/rutana.lt\/produktas\/plastikiniai-skiriamieji-lapai-a4-su-skaiciais-1-10-forpus-20451\/#breadcrumb"},"inLanguage":"en-US","potentialAction":[{"@type":"ReadAction","target":["https:\/\/rutana.lt\/produktas\/plastikiniai-skiriamieji-lapai-a4-su-skaiciais-1-10-forpus-20451\/"]}]},{"@type":"ImageObject","inLanguage":"en-US","@id":"https:\/\/rutana.lt\/produktas\/plastikiniai-skiriamieji-lapai-a4-su-skaiciais-1-10-forpus-20451\/#primaryimage","url":"https:\/\/rutana.lt\/wp-content\/uploads\/2025\/09\/C023-207-1.jpg?v=1763622768","contentUrl":"https:\/\/rutana.lt\/wp-content\/uploads\/2025\/09\/C023-207-1.jpg?v=1763622768","width":800,"height":503},{"@type":"BreadcrumbList","@id":"https:\/\/rutana.lt\/produktas\/plastikiniai-skiriamieji-lapai-a4-su-skaiciais-1-10-forpus-20451\/#breadcrumb","itemListElement":[{"@type":"ListItem","position":1,"name":"Home","item":"https:\/\/rutana.lt\/"},{"@type":"ListItem","position":2,"name":"Parduotuv\u0117","item":"https:\/\/rutana.lt\/parduotuve\/"},{"@type":"ListItem","position":3,"name":"Plastikiniai skiriamieji lapai A4+ su skai\u010diais 1-10 Forpus 20451"}]},{"@type":"WebSite","@id":"https:\/\/rutana.lt\/#website","url":"https:\/\/rutana.lt\/","name":"Rutana - Ra\u0161tin\u0117s reikmenys","description":"Prekiaujame pasaulin\u0117je rinkoje pripa\u017eintomis, kokybi\u0161komis biuro prek\u0117mis toki\u0173  gamintoj\u0173 kaip: Schneider, Esselte, Novus, 3M, Faber-Castell, Citizen, Milan, Leitz, Colop, Zebra, Staedtler, Durable, Tork, Parker, Waterman ir kt.","publisher":{"@id":"https:\/\/rutana.lt\/#organization"},"potentialAction":[{"@type":"SearchAction","target":{"@type":"EntryPoint","urlTemplate":"https:\/\/rutana.lt\/?s={search_term_string}"},"query-input":{"@type":"PropertyValueSpecification","valueRequired":true,"valueName":"search_term_string"}}],"inLanguage":"en-US"},{"@type":"Organization","@id":"https:\/\/rutana.lt\/#organization","name":"Rutana - Ra\u0161tin\u0117s reikmenys","url":"https:\/\/rutana.lt\/","logo":{"@type":"ImageObject","inLanguage":"en-US","@id":"https:\/\/rutana.lt\/#\/schema\/logo\/image\/","url":"https:\/\/rutana.lt\/wp-content\/uploads\/2025\/10\/Asset-32.png","contentUrl":"https:\/\/rutana.lt\/wp-content\/uploads\/2025\/10\/Asset-32.png","width":433,"height":119,"caption":"Rutana - Ra\u0161tin\u0117s reikmenys"},"image":{"@id":"https:\/\/rutana.lt\/#\/schema\/logo\/image\/"},"sameAs":["https:\/\/www.facebook.com\/RutanaKanceliarinesPrekes\/"]}]}},"_links":{"self":[{"href":"https:\/\/rutana.lt\/en\/wp-json\/wp\/v2\/product\/4748","targetHints":{"allow":["GET"]}}],"collection":[{"href":"https:\/\/rutana.lt\/en\/wp-json\/wp\/v2\/product"}],"about":[{"href":"https:\/\/rutana.lt\/en\/wp-json\/wp\/v2\/types\/product"}],"replies":[{"embeddable":true,"href":"https:\/\/rutana.lt\/en\/wp-json\/wp\/v2\/comments?post=4748"}],"version-history":[{"count":1,"href":"https:\/\/rutana.lt\/en\/wp-json\/wp\/v2\/product\/4748\/revisions"}],"predecessor-version":[{"id":4789,"href":"https:\/\/rutana.lt\/en\/wp-json\/wp\/v2\/product\/4748\/revisions\/4789"}],"wp:featuredmedia":[{"embeddable":true,"href":"https:\/\/rutana.lt\/en\/wp-json\/wp\/v2\/media\/25245"}],"wp:attachment":[{"href":"https:\/\/rutana.lt\/en\/wp-json\/wp\/v2\/media?parent=4748"}],"wp:term":[{"taxonomy":"product_brand","embeddable":true,"href":"https:\/\/rutana.lt\/en\/wp-json\/wp\/v2\/product_brand?post=4748"},{"taxonomy":"product_cat","embeddable":true,"href":"https:\/\/rutana.lt\/en\/wp-json\/wp\/v2\/product_cat?post=4748"},{"taxonomy":"product_tag","embeddable":true,"href":"https:\/\/rutana.lt\/en\/wp-json\/wp\/v2\/product_tag?post=4748"}],"curies":[{"name":"wp","href":"https:\/\/api.w.org\/{rel}","templated":true}]}}