{"id":4596,"date":"2025-09-03T08:41:52","date_gmt":"2025-09-03T06:41:52","guid":{"rendered":"https:\/\/rutana.webdemo.lt\/?post_type=product&#038;p=4596"},"modified":"2025-10-13T15:21:18","modified_gmt":"2025-10-13T13:21:18","slug":"irisimo-spirale-plastikine-51-mm-balta-1-vnt-argo","status":"publish","type":"product","link":"https:\/\/rutana.lt\/en\/product\/irisimo-spirale-plastikine-51-mm-balta-1-vnt-argo\/","title":{"rendered":"\u012eri\u0161imo spiral\u0117 plastikin\u0117 51 mm balta 1 vnt. Argo"},"content":{"rendered":"<p>Plastikin\u0117 \u012fri\u0161imo spiral\u0117 tinka visiems spiralinio \u012fri\u0161imo aparatams. \u012eri\u0161us A4 formato dokumentus galima vartyti 180<span style=\"vertical-align: super;\">o <\/span>kampu. Galima lengvai i\u0161ri\u0161ti ir panaudoti kitam \u012fri\u0161imui.<\/p>\n<p>Spiral\u0117s ilgis: 30 cm<\/p>\n<p>\u017died\u0173 kiekis: 21<\/p>\n<p>Spiral\u0117s dydis: 51 mm<\/p>\n<p>\u012eri\u0161am\u0173 lap\u0173 skai\u010dius: 441 &#8211; 500<\/p>\n<p>Spiral\u0117s spalva: balta<\/p>\n<p><\/p>\n<p>Pakuot\u0117je 50 vnt.<\/p>","protected":false},"excerpt":{"rendered":"<p>Plastikin\u0117 \u012fri\u0161imo spiral\u0117 tinka visiems spiralinio \u012fri\u0161imo aparatams. \u012eri\u0161us A4 formato dokumentus galima vartyti 180o kampu. Galima lengvai i\u0161ri\u0161ti ir panaudoti kitam \u012fri\u0161imui. Spiral\u0117s ilgis: 30 cm \u017died\u0173 kiekis: 21 Spiral\u0117s dydis: 51 mm \u012eri\u0161am\u0173 lap\u0173 skai\u010dius: 441 &#8211; 500 Spiral\u0117s spalva: balta Pakuot\u0117je 50 vnt.<\/p>","protected":false},"featured_media":25185,"comment_status":"open","ping_status":"closed","template":"","meta":{"_season_start":"","_season_end":"","_season_days":"","_season_months":"","_season_auto_visibility":""},"product_brand":[251],"product_cat":[1631],"product_tag":[],"class_list":{"0":"post-4596","1":"product","2":"type-product","3":"status-publish","4":"has-post-thumbnail","6":"product_brand-argo","7":"product_cat-irisimo-spirales","9":"first","10":"instock","11":"taxable","12":"shipping-taxable","13":"purchasable","14":"product-type-simple"},"yoast_head":"<!-- This site is optimized with the Yoast SEO plugin v27.4 - https:\/\/yoast.com\/product\/yoast-seo-wordpress\/ -->\n<title>\u012eri\u0161imo spiral\u0117 plastikin\u0117 51 mm balta 1 vnt. Argo - Rutana - Ra\u0161tin\u0117s reikmenys<\/title>\n<meta name=\"robots\" content=\"index, follow, max-snippet:-1, max-image-preview:large, max-video-preview:-1\" \/>\n<link rel=\"canonical\" href=\"https:\/\/rutana.lt\/en\/product\/irisimo-spirale-plastikine-51-mm-balta-1-vnt-argo\/\" \/>\n<meta property=\"og:locale\" content=\"en_US\" \/>\n<meta property=\"og:type\" content=\"article\" \/>\n<meta property=\"og:title\" content=\"\u012eri\u0161imo spiral\u0117 plastikin\u0117 51 mm balta 1 vnt. Argo - Rutana - Ra\u0161tin\u0117s reikmenys\" \/>\n<meta property=\"og:description\" content=\"Plastikin\u0117 \u012fri\u0161imo spiral\u0117 tinka visiems spiralinio \u012fri\u0161imo aparatams. \u012eri\u0161us A4 formato dokumentus galima vartyti 180o kampu. Galima lengvai i\u0161ri\u0161ti ir panaudoti kitam \u012fri\u0161imui. Spiral\u0117s ilgis: 30 cm \u017died\u0173 kiekis: 21 Spiral\u0117s dydis: 51 mm \u012eri\u0161am\u0173 lap\u0173 skai\u010dius: 441 &#8211; 500 Spiral\u0117s spalva: balta Pakuot\u0117je 50 vnt.\" \/>\n<meta property=\"og:url\" content=\"https:\/\/rutana.lt\/en\/product\/irisimo-spirale-plastikine-51-mm-balta-1-vnt-argo\/\" \/>\n<meta property=\"og:site_name\" content=\"Rutana - Ra\u0161tin\u0117s reikmenys\" \/>\n<meta property=\"article:publisher\" content=\"https:\/\/www.facebook.com\/RutanaKanceliarinesPrekes\/\" \/>\n<meta property=\"article:modified_time\" content=\"2025-10-13T13:21:18+00:00\" \/>\n<meta property=\"og:image\" content=\"https:\/\/rutana.lt\/wp-content\/uploads\/2025\/09\/B085-irisimo20spirales.jpg\" \/>\n\t<meta property=\"og:image:width\" content=\"600\" \/>\n\t<meta property=\"og:image:height\" content=\"276\" \/>\n\t<meta property=\"og:image:type\" content=\"image\/jpeg\" \/>\n<meta name=\"twitter:card\" content=\"summary_large_image\" \/>\n<script type=\"application\/ld+json\" class=\"yoast-schema-graph\">{\"@context\":\"https:\\\/\\\/schema.org\",\"@graph\":[{\"@type\":\"WebPage\",\"@id\":\"https:\\\/\\\/rutana.lt\\\/produktas\\\/irisimo-spirale-plastikine-51-mm-balta-1-vnt-argo\\\/\",\"url\":\"https:\\\/\\\/rutana.lt\\\/produktas\\\/irisimo-spirale-plastikine-51-mm-balta-1-vnt-argo\\\/\",\"name\":\"\u012eri\u0161imo spiral\u0117 plastikin\u0117 51 mm balta 1 vnt. Argo - Rutana - Ra\u0161tin\u0117s reikmenys\",\"isPartOf\":{\"@id\":\"https:\\\/\\\/rutana.lt\\\/#website\"},\"primaryImageOfPage\":{\"@id\":\"https:\\\/\\\/rutana.lt\\\/produktas\\\/irisimo-spirale-plastikine-51-mm-balta-1-vnt-argo\\\/#primaryimage\"},\"image\":{\"@id\":\"https:\\\/\\\/rutana.lt\\\/produktas\\\/irisimo-spirale-plastikine-51-mm-balta-1-vnt-argo\\\/#primaryimage\"},\"thumbnailUrl\":\"https:\\\/\\\/rutana.lt\\\/wp-content\\\/uploads\\\/2025\\\/09\\\/B085-irisimo20spirales-2.jpg?v=1763622850\",\"datePublished\":\"2025-09-03T06:41:52+00:00\",\"dateModified\":\"2025-10-13T13:21:18+00:00\",\"breadcrumb\":{\"@id\":\"https:\\\/\\\/rutana.lt\\\/produktas\\\/irisimo-spirale-plastikine-51-mm-balta-1-vnt-argo\\\/#breadcrumb\"},\"inLanguage\":\"en-US\",\"potentialAction\":[{\"@type\":\"ReadAction\",\"target\":[\"https:\\\/\\\/rutana.lt\\\/produktas\\\/irisimo-spirale-plastikine-51-mm-balta-1-vnt-argo\\\/\"]}]},{\"@type\":\"ImageObject\",\"inLanguage\":\"en-US\",\"@id\":\"https:\\\/\\\/rutana.lt\\\/produktas\\\/irisimo-spirale-plastikine-51-mm-balta-1-vnt-argo\\\/#primaryimage\",\"url\":\"https:\\\/\\\/rutana.lt\\\/wp-content\\\/uploads\\\/2025\\\/09\\\/B085-irisimo20spirales-2.jpg?v=1763622850\",\"contentUrl\":\"https:\\\/\\\/rutana.lt\\\/wp-content\\\/uploads\\\/2025\\\/09\\\/B085-irisimo20spirales-2.jpg?v=1763622850\",\"width\":600,\"height\":276},{\"@type\":\"BreadcrumbList\",\"@id\":\"https:\\\/\\\/rutana.lt\\\/produktas\\\/irisimo-spirale-plastikine-51-mm-balta-1-vnt-argo\\\/#breadcrumb\",\"itemListElement\":[{\"@type\":\"ListItem\",\"position\":1,\"name\":\"Home\",\"item\":\"https:\\\/\\\/rutana.lt\\\/\"},{\"@type\":\"ListItem\",\"position\":2,\"name\":\"Parduotuv\u0117\",\"item\":\"https:\\\/\\\/rutana.lt\\\/parduotuve\\\/\"},{\"@type\":\"ListItem\",\"position\":3,\"name\":\"\u012eri\u0161imo spiral\u0117 plastikin\u0117 51 mm balta 1 vnt. Argo\"}]},{\"@type\":\"WebSite\",\"@id\":\"https:\\\/\\\/rutana.lt\\\/#website\",\"url\":\"https:\\\/\\\/rutana.lt\\\/\",\"name\":\"Rutana - Ra\u0161tin\u0117s reikmenys\",\"description\":\"Prekiaujame pasaulin\u0117je rinkoje pripa\u017eintomis, kokybi\u0161komis biuro prek\u0117mis toki\u0173  gamintoj\u0173 kaip: Schneider, Esselte, Novus, 3M, Faber-Castell, Citizen, Milan, Leitz, Colop, Zebra, Staedtler, Durable, Tork, Parker, Waterman ir kt.\",\"publisher\":{\"@id\":\"https:\\\/\\\/rutana.lt\\\/#organization\"},\"potentialAction\":[{\"@type\":\"SearchAction\",\"target\":{\"@type\":\"EntryPoint\",\"urlTemplate\":\"https:\\\/\\\/rutana.lt\\\/?s={search_term_string}\"},\"query-input\":{\"@type\":\"PropertyValueSpecification\",\"valueRequired\":true,\"valueName\":\"search_term_string\"}}],\"inLanguage\":\"en-US\"},{\"@type\":\"Organization\",\"@id\":\"https:\\\/\\\/rutana.lt\\\/#organization\",\"name\":\"Rutana - Ra\u0161tin\u0117s reikmenys\",\"url\":\"https:\\\/\\\/rutana.lt\\\/\",\"logo\":{\"@type\":\"ImageObject\",\"inLanguage\":\"en-US\",\"@id\":\"https:\\\/\\\/rutana.lt\\\/#\\\/schema\\\/logo\\\/image\\\/\",\"url\":\"https:\\\/\\\/rutana.lt\\\/wp-content\\\/uploads\\\/2025\\\/10\\\/Asset-32.png\",\"contentUrl\":\"https:\\\/\\\/rutana.lt\\\/wp-content\\\/uploads\\\/2025\\\/10\\\/Asset-32.png\",\"width\":433,\"height\":119,\"caption\":\"Rutana - Ra\u0161tin\u0117s reikmenys\"},\"image\":{\"@id\":\"https:\\\/\\\/rutana.lt\\\/#\\\/schema\\\/logo\\\/image\\\/\"},\"sameAs\":[\"https:\\\/\\\/www.facebook.com\\\/RutanaKanceliarinesPrekes\\\/\"]}]}<\/script>\n<!-- \/ Yoast SEO plugin. -->","yoast_head_json":{"title":"\u012eri\u0161imo spiral\u0117 plastikin\u0117 51 mm balta 1 vnt. Argo - Rutana - Ra\u0161tin\u0117s reikmenys","robots":{"index":"index","follow":"follow","max-snippet":"max-snippet:-1","max-image-preview":"max-image-preview:large","max-video-preview":"max-video-preview:-1"},"canonical":"https:\/\/rutana.lt\/en\/product\/irisimo-spirale-plastikine-51-mm-balta-1-vnt-argo\/","og_locale":"en_US","og_type":"article","og_title":"\u012eri\u0161imo spiral\u0117 plastikin\u0117 51 mm balta 1 vnt. Argo - Rutana - Ra\u0161tin\u0117s reikmenys","og_description":"Plastikin\u0117 \u012fri\u0161imo spiral\u0117 tinka visiems spiralinio \u012fri\u0161imo aparatams. \u012eri\u0161us A4 formato dokumentus galima vartyti 180o kampu. Galima lengvai i\u0161ri\u0161ti ir panaudoti kitam \u012fri\u0161imui. Spiral\u0117s ilgis: 30 cm \u017died\u0173 kiekis: 21 Spiral\u0117s dydis: 51 mm \u012eri\u0161am\u0173 lap\u0173 skai\u010dius: 441 &#8211; 500 Spiral\u0117s spalva: balta Pakuot\u0117je 50 vnt.","og_url":"https:\/\/rutana.lt\/en\/product\/irisimo-spirale-plastikine-51-mm-balta-1-vnt-argo\/","og_site_name":"Rutana - Ra\u0161tin\u0117s reikmenys","article_publisher":"https:\/\/www.facebook.com\/RutanaKanceliarinesPrekes\/","article_modified_time":"2025-10-13T13:21:18+00:00","og_image":[{"width":600,"height":276,"url":"https:\/\/rutana.lt\/wp-content\/uploads\/2025\/09\/B085-irisimo20spirales.jpg","type":"image\/jpeg"}],"twitter_card":"summary_large_image","schema":{"@context":"https:\/\/schema.org","@graph":[{"@type":"WebPage","@id":"https:\/\/rutana.lt\/produktas\/irisimo-spirale-plastikine-51-mm-balta-1-vnt-argo\/","url":"https:\/\/rutana.lt\/produktas\/irisimo-spirale-plastikine-51-mm-balta-1-vnt-argo\/","name":"\u012eri\u0161imo spiral\u0117 plastikin\u0117 51 mm balta 1 vnt. Argo - Rutana - Ra\u0161tin\u0117s reikmenys","isPartOf":{"@id":"https:\/\/rutana.lt\/#website"},"primaryImageOfPage":{"@id":"https:\/\/rutana.lt\/produktas\/irisimo-spirale-plastikine-51-mm-balta-1-vnt-argo\/#primaryimage"},"image":{"@id":"https:\/\/rutana.lt\/produktas\/irisimo-spirale-plastikine-51-mm-balta-1-vnt-argo\/#primaryimage"},"thumbnailUrl":"https:\/\/rutana.lt\/wp-content\/uploads\/2025\/09\/B085-irisimo20spirales-2.jpg?v=1763622850","datePublished":"2025-09-03T06:41:52+00:00","dateModified":"2025-10-13T13:21:18+00:00","breadcrumb":{"@id":"https:\/\/rutana.lt\/produktas\/irisimo-spirale-plastikine-51-mm-balta-1-vnt-argo\/#breadcrumb"},"inLanguage":"en-US","potentialAction":[{"@type":"ReadAction","target":["https:\/\/rutana.lt\/produktas\/irisimo-spirale-plastikine-51-mm-balta-1-vnt-argo\/"]}]},{"@type":"ImageObject","inLanguage":"en-US","@id":"https:\/\/rutana.lt\/produktas\/irisimo-spirale-plastikine-51-mm-balta-1-vnt-argo\/#primaryimage","url":"https:\/\/rutana.lt\/wp-content\/uploads\/2025\/09\/B085-irisimo20spirales-2.jpg?v=1763622850","contentUrl":"https:\/\/rutana.lt\/wp-content\/uploads\/2025\/09\/B085-irisimo20spirales-2.jpg?v=1763622850","width":600,"height":276},{"@type":"BreadcrumbList","@id":"https:\/\/rutana.lt\/produktas\/irisimo-spirale-plastikine-51-mm-balta-1-vnt-argo\/#breadcrumb","itemListElement":[{"@type":"ListItem","position":1,"name":"Home","item":"https:\/\/rutana.lt\/"},{"@type":"ListItem","position":2,"name":"Parduotuv\u0117","item":"https:\/\/rutana.lt\/parduotuve\/"},{"@type":"ListItem","position":3,"name":"\u012eri\u0161imo spiral\u0117 plastikin\u0117 51 mm balta 1 vnt. Argo"}]},{"@type":"WebSite","@id":"https:\/\/rutana.lt\/#website","url":"https:\/\/rutana.lt\/","name":"Rutana - Ra\u0161tin\u0117s reikmenys","description":"Prekiaujame pasaulin\u0117je rinkoje pripa\u017eintomis, kokybi\u0161komis biuro prek\u0117mis toki\u0173  gamintoj\u0173 kaip: Schneider, Esselte, Novus, 3M, Faber-Castell, Citizen, Milan, Leitz, Colop, Zebra, Staedtler, Durable, Tork, Parker, Waterman ir kt.","publisher":{"@id":"https:\/\/rutana.lt\/#organization"},"potentialAction":[{"@type":"SearchAction","target":{"@type":"EntryPoint","urlTemplate":"https:\/\/rutana.lt\/?s={search_term_string}"},"query-input":{"@type":"PropertyValueSpecification","valueRequired":true,"valueName":"search_term_string"}}],"inLanguage":"en-US"},{"@type":"Organization","@id":"https:\/\/rutana.lt\/#organization","name":"Rutana - Ra\u0161tin\u0117s reikmenys","url":"https:\/\/rutana.lt\/","logo":{"@type":"ImageObject","inLanguage":"en-US","@id":"https:\/\/rutana.lt\/#\/schema\/logo\/image\/","url":"https:\/\/rutana.lt\/wp-content\/uploads\/2025\/10\/Asset-32.png","contentUrl":"https:\/\/rutana.lt\/wp-content\/uploads\/2025\/10\/Asset-32.png","width":433,"height":119,"caption":"Rutana - Ra\u0161tin\u0117s reikmenys"},"image":{"@id":"https:\/\/rutana.lt\/#\/schema\/logo\/image\/"},"sameAs":["https:\/\/www.facebook.com\/RutanaKanceliarinesPrekes\/"]}]}},"_links":{"self":[{"href":"https:\/\/rutana.lt\/en\/wp-json\/wp\/v2\/product\/4596","targetHints":{"allow":["GET"]}}],"collection":[{"href":"https:\/\/rutana.lt\/en\/wp-json\/wp\/v2\/product"}],"about":[{"href":"https:\/\/rutana.lt\/en\/wp-json\/wp\/v2\/types\/product"}],"replies":[{"embeddable":true,"href":"https:\/\/rutana.lt\/en\/wp-json\/wp\/v2\/comments?post=4596"}],"version-history":[{"count":1,"href":"https:\/\/rutana.lt\/en\/wp-json\/wp\/v2\/product\/4596\/revisions"}],"predecessor-version":[{"id":4626,"href":"https:\/\/rutana.lt\/en\/wp-json\/wp\/v2\/product\/4596\/revisions\/4626"}],"wp:featuredmedia":[{"embeddable":true,"href":"https:\/\/rutana.lt\/en\/wp-json\/wp\/v2\/media\/25185"}],"wp:attachment":[{"href":"https:\/\/rutana.lt\/en\/wp-json\/wp\/v2\/media?parent=4596"}],"wp:term":[{"taxonomy":"product_brand","embeddable":true,"href":"https:\/\/rutana.lt\/en\/wp-json\/wp\/v2\/product_brand?post=4596"},{"taxonomy":"product_cat","embeddable":true,"href":"https:\/\/rutana.lt\/en\/wp-json\/wp\/v2\/product_cat?post=4596"},{"taxonomy":"product_tag","embeddable":true,"href":"https:\/\/rutana.lt\/en\/wp-json\/wp\/v2\/product_tag?post=4596"}],"curies":[{"name":"wp","href":"https:\/\/api.w.org\/{rel}","templated":true}]}}