{"id":4394,"date":"2025-09-03T08:40:41","date_gmt":"2025-09-03T06:40:41","guid":{"rendered":"https:\/\/rutana.webdemo.lt\/?post_type=product&#038;p=4394"},"modified":"2025-10-13T15:20:47","modified_gmt":"2025-10-13T13:20:47","slug":"lipnus-lapeliai-38-x-50-mm-geltoni-milan-85301","status":"publish","type":"product","link":"https:\/\/rutana.lt\/en\/product\/lipnus-lapeliai-38-x-50-mm-geltoni-milan-85301\/","title":{"rendered":"Lipn\u016bs lapeliai 38 x 50 mm geltoni Milan 85301"},"content":{"rendered":"<p style=\"margin-bottom: 10px;\">Lipn\u016bs lapeliai skirti smulkiems priminimams bei u\u017era\u0161ams pasi\u017eym\u0117ti. Auk\u0161tos kokyb\u0117s popierius lengvai ir gerai limpa prie bet kokio pavir\u0161iaus. Nu\u0117mus nepalieka klij\u0173 \u017eymi\u0173. Blokelyje yra 100 lapeli\u0173. Kaina nurodyta u\u017e 100 lapeli\u0173.<\/p>\n<p style=\"margin-bottom: 10px;\">Lapelio i\u0161matavimai: 38 x 50 mm<\/p>\n<p style=\"margin-bottom: 10px;\">Lapelio spalva: geltona<\/p>\n<p style=\"margin-bottom: 10px;\">Kilm\u0117s \u0161alis: Ispanija<\/p>\n<p style=\"margin-bottom: 10px;\">\n<p style=\"margin-bottom: 10px;\"><\/p>","protected":false},"excerpt":{"rendered":"<p>Lipn\u016bs lapeliai skirti smulkiems priminimams bei u\u017era\u0161ams pasi\u017eym\u0117ti. Auk\u0161tos kokyb\u0117s popierius lengvai ir gerai limpa prie bet kokio pavir\u0161iaus. Nu\u0117mus nepalieka klij\u0173 \u017eymi\u0173. Blokelyje yra 100 lapeli\u0173. Kaina nurodyta u\u017e 100 lapeli\u0173. Lapelio i\u0161matavimai: 38 x 50 mm Lapelio spalva: geltona Kilm\u0117s \u0161alis: Ispanija<\/p>","protected":false},"featured_media":25163,"comment_status":"open","ping_status":"closed","template":"","meta":{"_season_start":"","_season_end":"","_season_days":"","_season_months":"","_season_auto_visibility":""},"product_brand":[200],"product_cat":[1767],"product_tag":[],"class_list":{"0":"post-4394","1":"product","2":"type-product","3":"status-publish","4":"has-post-thumbnail","6":"product_brand-milan","7":"product_cat-38-x-51-mm","9":"first","10":"instock","11":"taxable","12":"shipping-taxable","13":"purchasable","14":"product-type-simple"},"yoast_head":"<!-- This site is optimized with the Yoast SEO plugin v26.1.1 - https:\/\/yoast.com\/wordpress\/plugins\/seo\/ -->\n<title>Lipn\u016bs lapeliai 38 x 50 mm geltoni Milan 85301 - Rutana - Ra\u0161tin\u0117s reikmenys<\/title>\n<meta name=\"robots\" content=\"index, follow, max-snippet:-1, max-image-preview:large, max-video-preview:-1\" \/>\n<link rel=\"canonical\" href=\"https:\/\/rutana.lt\/en\/product\/lipnus-lapeliai-38-x-50-mm-geltoni-milan-85301\/\" \/>\n<meta property=\"og:locale\" content=\"en_US\" \/>\n<meta property=\"og:type\" content=\"article\" \/>\n<meta property=\"og:title\" content=\"Lipn\u016bs lapeliai 38 x 50 mm geltoni Milan 85301 - Rutana - Ra\u0161tin\u0117s reikmenys\" \/>\n<meta property=\"og:description\" content=\"Lipn\u016bs lapeliai skirti smulkiems priminimams bei u\u017era\u0161ams pasi\u017eym\u0117ti. Auk\u0161tos kokyb\u0117s popierius lengvai ir gerai limpa prie bet kokio pavir\u0161iaus. Nu\u0117mus nepalieka klij\u0173 \u017eymi\u0173. Blokelyje yra 100 lapeli\u0173. Kaina nurodyta u\u017e 100 lapeli\u0173. Lapelio i\u0161matavimai: 38 x 50 mm Lapelio spalva: geltona Kilm\u0117s \u0161alis: Ispanija\" \/>\n<meta property=\"og:url\" content=\"https:\/\/rutana.lt\/en\/product\/lipnus-lapeliai-38-x-50-mm-geltoni-milan-85301\/\" \/>\n<meta property=\"og:site_name\" content=\"Rutana - Ra\u0161tin\u0117s reikmenys\" \/>\n<meta property=\"article:publisher\" content=\"https:\/\/www.facebook.com\/RutanaKanceliarinesPrekes\/\" \/>\n<meta property=\"article:modified_time\" content=\"2025-10-13T13:20:47+00:00\" \/>\n<meta property=\"og:image\" content=\"https:\/\/rutana.lt\/wp-content\/uploads\/2025\/09\/A103-031.jpg\" \/>\n\t<meta property=\"og:image:width\" content=\"564\" \/>\n\t<meta property=\"og:image:height\" content=\"503\" \/>\n\t<meta property=\"og:image:type\" content=\"image\/jpeg\" \/>\n<meta name=\"twitter:card\" content=\"summary_large_image\" \/>\n<script type=\"application\/ld+json\" class=\"yoast-schema-graph\">{\"@context\":\"https:\/\/schema.org\",\"@graph\":[{\"@type\":\"WebPage\",\"@id\":\"https:\/\/rutana.lt\/produktas\/lipnus-lapeliai-38-x-50-mm-geltoni-milan-85301\/\",\"url\":\"https:\/\/rutana.lt\/produktas\/lipnus-lapeliai-38-x-50-mm-geltoni-milan-85301\/\",\"name\":\"Lipn\u016bs lapeliai 38 x 50 mm geltoni Milan 85301 - Rutana - Ra\u0161tin\u0117s reikmenys\",\"isPartOf\":{\"@id\":\"https:\/\/rutana.lt\/#website\"},\"primaryImageOfPage\":{\"@id\":\"https:\/\/rutana.lt\/produktas\/lipnus-lapeliai-38-x-50-mm-geltoni-milan-85301\/#primaryimage\"},\"image\":{\"@id\":\"https:\/\/rutana.lt\/produktas\/lipnus-lapeliai-38-x-50-mm-geltoni-milan-85301\/#primaryimage\"},\"thumbnailUrl\":\"https:\/\/rutana.lt\/wp-content\/uploads\/2025\/09\/A103-031-1.jpg?v=1763622880\",\"datePublished\":\"2025-09-03T06:40:41+00:00\",\"dateModified\":\"2025-10-13T13:20:47+00:00\",\"breadcrumb\":{\"@id\":\"https:\/\/rutana.lt\/produktas\/lipnus-lapeliai-38-x-50-mm-geltoni-milan-85301\/#breadcrumb\"},\"inLanguage\":\"en-US\",\"potentialAction\":[{\"@type\":\"ReadAction\",\"target\":[\"https:\/\/rutana.lt\/produktas\/lipnus-lapeliai-38-x-50-mm-geltoni-milan-85301\/\"]}]},{\"@type\":\"ImageObject\",\"inLanguage\":\"en-US\",\"@id\":\"https:\/\/rutana.lt\/produktas\/lipnus-lapeliai-38-x-50-mm-geltoni-milan-85301\/#primaryimage\",\"url\":\"https:\/\/rutana.lt\/wp-content\/uploads\/2025\/09\/A103-031-1.jpg?v=1763622880\",\"contentUrl\":\"https:\/\/rutana.lt\/wp-content\/uploads\/2025\/09\/A103-031-1.jpg?v=1763622880\",\"width\":564,\"height\":503},{\"@type\":\"BreadcrumbList\",\"@id\":\"https:\/\/rutana.lt\/produktas\/lipnus-lapeliai-38-x-50-mm-geltoni-milan-85301\/#breadcrumb\",\"itemListElement\":[{\"@type\":\"ListItem\",\"position\":1,\"name\":\"Home\",\"item\":\"https:\/\/rutana.lt\/\"},{\"@type\":\"ListItem\",\"position\":2,\"name\":\"Parduotuv\u0117\",\"item\":\"https:\/\/rutana.lt\/parduotuve\/\"},{\"@type\":\"ListItem\",\"position\":3,\"name\":\"Lipn\u016bs lapeliai 38 x 50 mm geltoni Milan 85301\"}]},{\"@type\":\"WebSite\",\"@id\":\"https:\/\/rutana.lt\/#website\",\"url\":\"https:\/\/rutana.lt\/\",\"name\":\"Rutana - Ra\u0161tin\u0117s reikmenys\",\"description\":\"Prekiaujame pasaulin\u0117je rinkoje pripa\u017eintomis, kokybi\u0161komis biuro prek\u0117mis toki\u0173  gamintoj\u0173 kaip: Schneider, Esselte, Novus, 3M, Faber-Castell, Citizen, Milan, Leitz, Colop, Zebra, Staedtler, Durable, Tork, Parker, Waterman ir kt.\",\"publisher\":{\"@id\":\"https:\/\/rutana.lt\/#organization\"},\"potentialAction\":[{\"@type\":\"SearchAction\",\"target\":{\"@type\":\"EntryPoint\",\"urlTemplate\":\"https:\/\/rutana.lt\/?s={search_term_string}\"},\"query-input\":{\"@type\":\"PropertyValueSpecification\",\"valueRequired\":true,\"valueName\":\"search_term_string\"}}],\"inLanguage\":\"en-US\"},{\"@type\":\"Organization\",\"@id\":\"https:\/\/rutana.lt\/#organization\",\"name\":\"Rutana - Ra\u0161tin\u0117s reikmenys\",\"url\":\"https:\/\/rutana.lt\/\",\"logo\":{\"@type\":\"ImageObject\",\"inLanguage\":\"en-US\",\"@id\":\"https:\/\/rutana.lt\/#\/schema\/logo\/image\/\",\"url\":\"https:\/\/rutana.lt\/wp-content\/uploads\/2025\/10\/Asset-32.png\",\"contentUrl\":\"https:\/\/rutana.lt\/wp-content\/uploads\/2025\/10\/Asset-32.png\",\"width\":433,\"height\":119,\"caption\":\"Rutana - Ra\u0161tin\u0117s reikmenys\"},\"image\":{\"@id\":\"https:\/\/rutana.lt\/#\/schema\/logo\/image\/\"},\"sameAs\":[\"https:\/\/www.facebook.com\/RutanaKanceliarinesPrekes\/\"]}]}<\/script>\n<!-- \/ Yoast SEO plugin. -->","yoast_head_json":{"title":"Lipn\u016bs lapeliai 38 x 50 mm geltoni Milan 85301 - Rutana - Ra\u0161tin\u0117s reikmenys","robots":{"index":"index","follow":"follow","max-snippet":"max-snippet:-1","max-image-preview":"max-image-preview:large","max-video-preview":"max-video-preview:-1"},"canonical":"https:\/\/rutana.lt\/en\/product\/lipnus-lapeliai-38-x-50-mm-geltoni-milan-85301\/","og_locale":"en_US","og_type":"article","og_title":"Lipn\u016bs lapeliai 38 x 50 mm geltoni Milan 85301 - Rutana - Ra\u0161tin\u0117s reikmenys","og_description":"Lipn\u016bs lapeliai skirti smulkiems priminimams bei u\u017era\u0161ams pasi\u017eym\u0117ti. Auk\u0161tos kokyb\u0117s popierius lengvai ir gerai limpa prie bet kokio pavir\u0161iaus. Nu\u0117mus nepalieka klij\u0173 \u017eymi\u0173. Blokelyje yra 100 lapeli\u0173. Kaina nurodyta u\u017e 100 lapeli\u0173. Lapelio i\u0161matavimai: 38 x 50 mm Lapelio spalva: geltona Kilm\u0117s \u0161alis: Ispanija","og_url":"https:\/\/rutana.lt\/en\/product\/lipnus-lapeliai-38-x-50-mm-geltoni-milan-85301\/","og_site_name":"Rutana - Ra\u0161tin\u0117s reikmenys","article_publisher":"https:\/\/www.facebook.com\/RutanaKanceliarinesPrekes\/","article_modified_time":"2025-10-13T13:20:47+00:00","og_image":[{"width":564,"height":503,"url":"https:\/\/rutana.lt\/wp-content\/uploads\/2025\/09\/A103-031.jpg","type":"image\/jpeg"}],"twitter_card":"summary_large_image","schema":{"@context":"https:\/\/schema.org","@graph":[{"@type":"WebPage","@id":"https:\/\/rutana.lt\/produktas\/lipnus-lapeliai-38-x-50-mm-geltoni-milan-85301\/","url":"https:\/\/rutana.lt\/produktas\/lipnus-lapeliai-38-x-50-mm-geltoni-milan-85301\/","name":"Lipn\u016bs lapeliai 38 x 50 mm geltoni Milan 85301 - Rutana - Ra\u0161tin\u0117s reikmenys","isPartOf":{"@id":"https:\/\/rutana.lt\/#website"},"primaryImageOfPage":{"@id":"https:\/\/rutana.lt\/produktas\/lipnus-lapeliai-38-x-50-mm-geltoni-milan-85301\/#primaryimage"},"image":{"@id":"https:\/\/rutana.lt\/produktas\/lipnus-lapeliai-38-x-50-mm-geltoni-milan-85301\/#primaryimage"},"thumbnailUrl":"https:\/\/rutana.lt\/wp-content\/uploads\/2025\/09\/A103-031-1.jpg?v=1763622880","datePublished":"2025-09-03T06:40:41+00:00","dateModified":"2025-10-13T13:20:47+00:00","breadcrumb":{"@id":"https:\/\/rutana.lt\/produktas\/lipnus-lapeliai-38-x-50-mm-geltoni-milan-85301\/#breadcrumb"},"inLanguage":"en-US","potentialAction":[{"@type":"ReadAction","target":["https:\/\/rutana.lt\/produktas\/lipnus-lapeliai-38-x-50-mm-geltoni-milan-85301\/"]}]},{"@type":"ImageObject","inLanguage":"en-US","@id":"https:\/\/rutana.lt\/produktas\/lipnus-lapeliai-38-x-50-mm-geltoni-milan-85301\/#primaryimage","url":"https:\/\/rutana.lt\/wp-content\/uploads\/2025\/09\/A103-031-1.jpg?v=1763622880","contentUrl":"https:\/\/rutana.lt\/wp-content\/uploads\/2025\/09\/A103-031-1.jpg?v=1763622880","width":564,"height":503},{"@type":"BreadcrumbList","@id":"https:\/\/rutana.lt\/produktas\/lipnus-lapeliai-38-x-50-mm-geltoni-milan-85301\/#breadcrumb","itemListElement":[{"@type":"ListItem","position":1,"name":"Home","item":"https:\/\/rutana.lt\/"},{"@type":"ListItem","position":2,"name":"Parduotuv\u0117","item":"https:\/\/rutana.lt\/parduotuve\/"},{"@type":"ListItem","position":3,"name":"Lipn\u016bs lapeliai 38 x 50 mm geltoni Milan 85301"}]},{"@type":"WebSite","@id":"https:\/\/rutana.lt\/#website","url":"https:\/\/rutana.lt\/","name":"Rutana - Ra\u0161tin\u0117s reikmenys","description":"Prekiaujame pasaulin\u0117je rinkoje pripa\u017eintomis, kokybi\u0161komis biuro prek\u0117mis toki\u0173  gamintoj\u0173 kaip: Schneider, Esselte, Novus, 3M, Faber-Castell, Citizen, Milan, Leitz, Colop, Zebra, Staedtler, Durable, Tork, Parker, Waterman ir kt.","publisher":{"@id":"https:\/\/rutana.lt\/#organization"},"potentialAction":[{"@type":"SearchAction","target":{"@type":"EntryPoint","urlTemplate":"https:\/\/rutana.lt\/?s={search_term_string}"},"query-input":{"@type":"PropertyValueSpecification","valueRequired":true,"valueName":"search_term_string"}}],"inLanguage":"en-US"},{"@type":"Organization","@id":"https:\/\/rutana.lt\/#organization","name":"Rutana - Ra\u0161tin\u0117s reikmenys","url":"https:\/\/rutana.lt\/","logo":{"@type":"ImageObject","inLanguage":"en-US","@id":"https:\/\/rutana.lt\/#\/schema\/logo\/image\/","url":"https:\/\/rutana.lt\/wp-content\/uploads\/2025\/10\/Asset-32.png","contentUrl":"https:\/\/rutana.lt\/wp-content\/uploads\/2025\/10\/Asset-32.png","width":433,"height":119,"caption":"Rutana - Ra\u0161tin\u0117s reikmenys"},"image":{"@id":"https:\/\/rutana.lt\/#\/schema\/logo\/image\/"},"sameAs":["https:\/\/www.facebook.com\/RutanaKanceliarinesPrekes\/"]}]}},"_links":{"self":[{"href":"https:\/\/rutana.lt\/en\/wp-json\/wp\/v2\/product\/4394","targetHints":{"allow":["GET"]}}],"collection":[{"href":"https:\/\/rutana.lt\/en\/wp-json\/wp\/v2\/product"}],"about":[{"href":"https:\/\/rutana.lt\/en\/wp-json\/wp\/v2\/types\/product"}],"replies":[{"embeddable":true,"href":"https:\/\/rutana.lt\/en\/wp-json\/wp\/v2\/comments?post=4394"}],"version-history":[{"count":1,"href":"https:\/\/rutana.lt\/en\/wp-json\/wp\/v2\/product\/4394\/revisions"}],"predecessor-version":[{"id":4474,"href":"https:\/\/rutana.lt\/en\/wp-json\/wp\/v2\/product\/4394\/revisions\/4474"}],"wp:featuredmedia":[{"embeddable":true,"href":"https:\/\/rutana.lt\/en\/wp-json\/wp\/v2\/media\/25163"}],"wp:attachment":[{"href":"https:\/\/rutana.lt\/en\/wp-json\/wp\/v2\/media?parent=4394"}],"wp:term":[{"taxonomy":"product_brand","embeddable":true,"href":"https:\/\/rutana.lt\/en\/wp-json\/wp\/v2\/product_brand?post=4394"},{"taxonomy":"product_cat","embeddable":true,"href":"https:\/\/rutana.lt\/en\/wp-json\/wp\/v2\/product_cat?post=4394"},{"taxonomy":"product_tag","embeddable":true,"href":"https:\/\/rutana.lt\/en\/wp-json\/wp\/v2\/product_tag?post=4394"}],"curies":[{"name":"wp","href":"https:\/\/api.w.org\/{rel}","templated":true}]}}