{"id":4385,"date":"2025-09-03T08:40:40","date_gmt":"2025-09-03T06:40:40","guid":{"rendered":"https:\/\/rutana.webdemo.lt\/?post_type=product&#038;p=4385"},"modified":"2025-10-13T15:20:40","modified_gmt":"2025-10-13T13:20:40","slug":"metaline-siuksliu-deze-12-litru-juoda-forpus-30547","status":"publish","type":"product","link":"https:\/\/rutana.lt\/en\/product\/metaline-siuksliu-deze-12-litru-juoda-forpus-30547\/","title":{"rendered":"Metalin\u0117 \u0161iuk\u0161li\u0173 d\u0117\u017e\u0117 12 litr\u0173 juoda Forpus 30547"},"content":{"rendered":"<p style=\"margin-bottom: 10px;\">\u0160iuk\u0161li\u0173 d\u0117\u017e\u0117, skirta smulkioms \u0161iuk\u0161l\u0117ms, pagaminta i\u0161 metalinio tinklelio. Apvali forma.<\/p>\n<p style=\"margin-bottom: 10px;\">Spalva: juoda<\/p>\n<p style=\"margin-bottom: 10px;\">Talpa: 12 litr\u0173<\/p>\n<p style=\"margin-bottom: 10px;\">Matmenys: 26 x 30 cm<\/p>\n<p style=\"margin-bottom: 10px;\"><\/p>\n<p style=\"margin-bottom: 10px;\"><\/p>","protected":false},"excerpt":{"rendered":"<p>\u0160iuk\u0161li\u0173 d\u0117\u017e\u0117, skirta smulkioms \u0161iuk\u0161l\u0117ms, pagaminta i\u0161 metalinio tinklelio. Apvali forma. Spalva: juoda Talpa: 12 litr\u0173 Matmenys: 26 x 30 cm<\/p>","protected":false},"featured_media":25154,"comment_status":"open","ping_status":"closed","template":"","meta":{"_season_start":"","_season_end":"","_season_days":"","_season_months":"","_season_auto_visibility":""},"product_brand":[74],"product_cat":[1625],"product_tag":[],"class_list":{"0":"post-4385","1":"product","2":"type-product","3":"status-publish","4":"has-post-thumbnail","6":"product_brand-forpus","7":"product_cat-siuksliu-dezes","9":"first","10":"instock","11":"taxable","12":"shipping-taxable","13":"purchasable","14":"product-type-simple"},"yoast_head":"<!-- This site is optimized with the Yoast SEO plugin v26.1.1 - https:\/\/yoast.com\/wordpress\/plugins\/seo\/ -->\n<title>Metalin\u0117 \u0161iuk\u0161li\u0173 d\u0117\u017e\u0117 12 litr\u0173 juoda Forpus 30547 - Rutana - Ra\u0161tin\u0117s reikmenys<\/title>\n<meta name=\"robots\" content=\"index, follow, max-snippet:-1, max-image-preview:large, max-video-preview:-1\" \/>\n<link rel=\"canonical\" href=\"https:\/\/rutana.lt\/en\/product\/metaline-siuksliu-deze-12-litru-juoda-forpus-30547\/\" \/>\n<meta property=\"og:locale\" content=\"en_US\" \/>\n<meta property=\"og:type\" content=\"article\" \/>\n<meta property=\"og:title\" content=\"Metalin\u0117 \u0161iuk\u0161li\u0173 d\u0117\u017e\u0117 12 litr\u0173 juoda Forpus 30547 - Rutana - Ra\u0161tin\u0117s reikmenys\" \/>\n<meta property=\"og:description\" content=\"\u0160iuk\u0161li\u0173 d\u0117\u017e\u0117, skirta smulkioms \u0161iuk\u0161l\u0117ms, pagaminta i\u0161 metalinio tinklelio. Apvali forma. Spalva: juoda Talpa: 12 litr\u0173 Matmenys: 26 x 30 cm\" \/>\n<meta property=\"og:url\" content=\"https:\/\/rutana.lt\/en\/product\/metaline-siuksliu-deze-12-litru-juoda-forpus-30547\/\" \/>\n<meta property=\"og:site_name\" content=\"Rutana - Ra\u0161tin\u0117s reikmenys\" \/>\n<meta property=\"article:publisher\" content=\"https:\/\/www.facebook.com\/RutanaKanceliarinesPrekes\/\" \/>\n<meta property=\"article:modified_time\" content=\"2025-10-13T13:20:40+00:00\" \/>\n<meta property=\"og:image\" content=\"https:\/\/rutana.lt\/wp-content\/uploads\/2025\/09\/B046-013.jpg\" \/>\n\t<meta property=\"og:image:width\" content=\"600\" \/>\n\t<meta property=\"og:image:height\" content=\"400\" \/>\n\t<meta property=\"og:image:type\" content=\"image\/jpeg\" \/>\n<meta name=\"twitter:card\" content=\"summary_large_image\" \/>\n<script type=\"application\/ld+json\" class=\"yoast-schema-graph\">{\"@context\":\"https:\/\/schema.org\",\"@graph\":[{\"@type\":\"WebPage\",\"@id\":\"https:\/\/rutana.lt\/produktas\/metaline-siuksliu-deze-12-litru-juoda-forpus-30547\/\",\"url\":\"https:\/\/rutana.lt\/produktas\/metaline-siuksliu-deze-12-litru-juoda-forpus-30547\/\",\"name\":\"Metalin\u0117 \u0161iuk\u0161li\u0173 d\u0117\u017e\u0117 12 litr\u0173 juoda Forpus 30547 - Rutana - Ra\u0161tin\u0117s reikmenys\",\"isPartOf\":{\"@id\":\"https:\/\/rutana.lt\/#website\"},\"primaryImageOfPage\":{\"@id\":\"https:\/\/rutana.lt\/produktas\/metaline-siuksliu-deze-12-litru-juoda-forpus-30547\/#primaryimage\"},\"image\":{\"@id\":\"https:\/\/rutana.lt\/produktas\/metaline-siuksliu-deze-12-litru-juoda-forpus-30547\/#primaryimage\"},\"thumbnailUrl\":\"https:\/\/rutana.lt\/wp-content\/uploads\/2025\/09\/B046-013-1.jpg?v=1763622892\",\"datePublished\":\"2025-09-03T06:40:40+00:00\",\"dateModified\":\"2025-10-13T13:20:40+00:00\",\"breadcrumb\":{\"@id\":\"https:\/\/rutana.lt\/produktas\/metaline-siuksliu-deze-12-litru-juoda-forpus-30547\/#breadcrumb\"},\"inLanguage\":\"en-US\",\"potentialAction\":[{\"@type\":\"ReadAction\",\"target\":[\"https:\/\/rutana.lt\/produktas\/metaline-siuksliu-deze-12-litru-juoda-forpus-30547\/\"]}]},{\"@type\":\"ImageObject\",\"inLanguage\":\"en-US\",\"@id\":\"https:\/\/rutana.lt\/produktas\/metaline-siuksliu-deze-12-litru-juoda-forpus-30547\/#primaryimage\",\"url\":\"https:\/\/rutana.lt\/wp-content\/uploads\/2025\/09\/B046-013-1.jpg?v=1763622892\",\"contentUrl\":\"https:\/\/rutana.lt\/wp-content\/uploads\/2025\/09\/B046-013-1.jpg?v=1763622892\",\"width\":600,\"height\":400},{\"@type\":\"BreadcrumbList\",\"@id\":\"https:\/\/rutana.lt\/produktas\/metaline-siuksliu-deze-12-litru-juoda-forpus-30547\/#breadcrumb\",\"itemListElement\":[{\"@type\":\"ListItem\",\"position\":1,\"name\":\"Home\",\"item\":\"https:\/\/rutana.lt\/\"},{\"@type\":\"ListItem\",\"position\":2,\"name\":\"Parduotuv\u0117\",\"item\":\"https:\/\/rutana.lt\/parduotuve\/\"},{\"@type\":\"ListItem\",\"position\":3,\"name\":\"Metalin\u0117 \u0161iuk\u0161li\u0173 d\u0117\u017e\u0117 12 litr\u0173 juoda Forpus 30547\"}]},{\"@type\":\"WebSite\",\"@id\":\"https:\/\/rutana.lt\/#website\",\"url\":\"https:\/\/rutana.lt\/\",\"name\":\"Rutana - Ra\u0161tin\u0117s reikmenys\",\"description\":\"Prekiaujame pasaulin\u0117je rinkoje pripa\u017eintomis, kokybi\u0161komis biuro prek\u0117mis toki\u0173  gamintoj\u0173 kaip: Schneider, Esselte, Novus, 3M, Faber-Castell, Citizen, Milan, Leitz, Colop, Zebra, Staedtler, Durable, Tork, Parker, Waterman ir kt.\",\"publisher\":{\"@id\":\"https:\/\/rutana.lt\/#organization\"},\"potentialAction\":[{\"@type\":\"SearchAction\",\"target\":{\"@type\":\"EntryPoint\",\"urlTemplate\":\"https:\/\/rutana.lt\/?s={search_term_string}\"},\"query-input\":{\"@type\":\"PropertyValueSpecification\",\"valueRequired\":true,\"valueName\":\"search_term_string\"}}],\"inLanguage\":\"en-US\"},{\"@type\":\"Organization\",\"@id\":\"https:\/\/rutana.lt\/#organization\",\"name\":\"Rutana - Ra\u0161tin\u0117s reikmenys\",\"url\":\"https:\/\/rutana.lt\/\",\"logo\":{\"@type\":\"ImageObject\",\"inLanguage\":\"en-US\",\"@id\":\"https:\/\/rutana.lt\/#\/schema\/logo\/image\/\",\"url\":\"https:\/\/rutana.lt\/wp-content\/uploads\/2025\/10\/Asset-32.png\",\"contentUrl\":\"https:\/\/rutana.lt\/wp-content\/uploads\/2025\/10\/Asset-32.png\",\"width\":433,\"height\":119,\"caption\":\"Rutana - Ra\u0161tin\u0117s reikmenys\"},\"image\":{\"@id\":\"https:\/\/rutana.lt\/#\/schema\/logo\/image\/\"},\"sameAs\":[\"https:\/\/www.facebook.com\/RutanaKanceliarinesPrekes\/\"]}]}<\/script>\n<!-- \/ Yoast SEO plugin. -->","yoast_head_json":{"title":"Metalin\u0117 \u0161iuk\u0161li\u0173 d\u0117\u017e\u0117 12 litr\u0173 juoda Forpus 30547 - Rutana - Ra\u0161tin\u0117s reikmenys","robots":{"index":"index","follow":"follow","max-snippet":"max-snippet:-1","max-image-preview":"max-image-preview:large","max-video-preview":"max-video-preview:-1"},"canonical":"https:\/\/rutana.lt\/en\/product\/metaline-siuksliu-deze-12-litru-juoda-forpus-30547\/","og_locale":"en_US","og_type":"article","og_title":"Metalin\u0117 \u0161iuk\u0161li\u0173 d\u0117\u017e\u0117 12 litr\u0173 juoda Forpus 30547 - Rutana - Ra\u0161tin\u0117s reikmenys","og_description":"\u0160iuk\u0161li\u0173 d\u0117\u017e\u0117, skirta smulkioms \u0161iuk\u0161l\u0117ms, pagaminta i\u0161 metalinio tinklelio. Apvali forma. Spalva: juoda Talpa: 12 litr\u0173 Matmenys: 26 x 30 cm","og_url":"https:\/\/rutana.lt\/en\/product\/metaline-siuksliu-deze-12-litru-juoda-forpus-30547\/","og_site_name":"Rutana - Ra\u0161tin\u0117s reikmenys","article_publisher":"https:\/\/www.facebook.com\/RutanaKanceliarinesPrekes\/","article_modified_time":"2025-10-13T13:20:40+00:00","og_image":[{"width":600,"height":400,"url":"https:\/\/rutana.lt\/wp-content\/uploads\/2025\/09\/B046-013.jpg","type":"image\/jpeg"}],"twitter_card":"summary_large_image","schema":{"@context":"https:\/\/schema.org","@graph":[{"@type":"WebPage","@id":"https:\/\/rutana.lt\/produktas\/metaline-siuksliu-deze-12-litru-juoda-forpus-30547\/","url":"https:\/\/rutana.lt\/produktas\/metaline-siuksliu-deze-12-litru-juoda-forpus-30547\/","name":"Metalin\u0117 \u0161iuk\u0161li\u0173 d\u0117\u017e\u0117 12 litr\u0173 juoda Forpus 30547 - Rutana - Ra\u0161tin\u0117s reikmenys","isPartOf":{"@id":"https:\/\/rutana.lt\/#website"},"primaryImageOfPage":{"@id":"https:\/\/rutana.lt\/produktas\/metaline-siuksliu-deze-12-litru-juoda-forpus-30547\/#primaryimage"},"image":{"@id":"https:\/\/rutana.lt\/produktas\/metaline-siuksliu-deze-12-litru-juoda-forpus-30547\/#primaryimage"},"thumbnailUrl":"https:\/\/rutana.lt\/wp-content\/uploads\/2025\/09\/B046-013-1.jpg?v=1763622892","datePublished":"2025-09-03T06:40:40+00:00","dateModified":"2025-10-13T13:20:40+00:00","breadcrumb":{"@id":"https:\/\/rutana.lt\/produktas\/metaline-siuksliu-deze-12-litru-juoda-forpus-30547\/#breadcrumb"},"inLanguage":"en-US","potentialAction":[{"@type":"ReadAction","target":["https:\/\/rutana.lt\/produktas\/metaline-siuksliu-deze-12-litru-juoda-forpus-30547\/"]}]},{"@type":"ImageObject","inLanguage":"en-US","@id":"https:\/\/rutana.lt\/produktas\/metaline-siuksliu-deze-12-litru-juoda-forpus-30547\/#primaryimage","url":"https:\/\/rutana.lt\/wp-content\/uploads\/2025\/09\/B046-013-1.jpg?v=1763622892","contentUrl":"https:\/\/rutana.lt\/wp-content\/uploads\/2025\/09\/B046-013-1.jpg?v=1763622892","width":600,"height":400},{"@type":"BreadcrumbList","@id":"https:\/\/rutana.lt\/produktas\/metaline-siuksliu-deze-12-litru-juoda-forpus-30547\/#breadcrumb","itemListElement":[{"@type":"ListItem","position":1,"name":"Home","item":"https:\/\/rutana.lt\/"},{"@type":"ListItem","position":2,"name":"Parduotuv\u0117","item":"https:\/\/rutana.lt\/parduotuve\/"},{"@type":"ListItem","position":3,"name":"Metalin\u0117 \u0161iuk\u0161li\u0173 d\u0117\u017e\u0117 12 litr\u0173 juoda Forpus 30547"}]},{"@type":"WebSite","@id":"https:\/\/rutana.lt\/#website","url":"https:\/\/rutana.lt\/","name":"Rutana - Ra\u0161tin\u0117s reikmenys","description":"Prekiaujame pasaulin\u0117je rinkoje pripa\u017eintomis, kokybi\u0161komis biuro prek\u0117mis toki\u0173  gamintoj\u0173 kaip: Schneider, Esselte, Novus, 3M, Faber-Castell, Citizen, Milan, Leitz, Colop, Zebra, Staedtler, Durable, Tork, Parker, Waterman ir kt.","publisher":{"@id":"https:\/\/rutana.lt\/#organization"},"potentialAction":[{"@type":"SearchAction","target":{"@type":"EntryPoint","urlTemplate":"https:\/\/rutana.lt\/?s={search_term_string}"},"query-input":{"@type":"PropertyValueSpecification","valueRequired":true,"valueName":"search_term_string"}}],"inLanguage":"en-US"},{"@type":"Organization","@id":"https:\/\/rutana.lt\/#organization","name":"Rutana - Ra\u0161tin\u0117s reikmenys","url":"https:\/\/rutana.lt\/","logo":{"@type":"ImageObject","inLanguage":"en-US","@id":"https:\/\/rutana.lt\/#\/schema\/logo\/image\/","url":"https:\/\/rutana.lt\/wp-content\/uploads\/2025\/10\/Asset-32.png","contentUrl":"https:\/\/rutana.lt\/wp-content\/uploads\/2025\/10\/Asset-32.png","width":433,"height":119,"caption":"Rutana - Ra\u0161tin\u0117s reikmenys"},"image":{"@id":"https:\/\/rutana.lt\/#\/schema\/logo\/image\/"},"sameAs":["https:\/\/www.facebook.com\/RutanaKanceliarinesPrekes\/"]}]}},"_links":{"self":[{"href":"https:\/\/rutana.lt\/en\/wp-json\/wp\/v2\/product\/4385","targetHints":{"allow":["GET"]}}],"collection":[{"href":"https:\/\/rutana.lt\/en\/wp-json\/wp\/v2\/product"}],"about":[{"href":"https:\/\/rutana.lt\/en\/wp-json\/wp\/v2\/types\/product"}],"replies":[{"embeddable":true,"href":"https:\/\/rutana.lt\/en\/wp-json\/wp\/v2\/comments?post=4385"}],"version-history":[{"count":1,"href":"https:\/\/rutana.lt\/en\/wp-json\/wp\/v2\/product\/4385\/revisions"}],"predecessor-version":[{"id":4431,"href":"https:\/\/rutana.lt\/en\/wp-json\/wp\/v2\/product\/4385\/revisions\/4431"}],"wp:featuredmedia":[{"embeddable":true,"href":"https:\/\/rutana.lt\/en\/wp-json\/wp\/v2\/media\/25154"}],"wp:attachment":[{"href":"https:\/\/rutana.lt\/en\/wp-json\/wp\/v2\/media?parent=4385"}],"wp:term":[{"taxonomy":"product_brand","embeddable":true,"href":"https:\/\/rutana.lt\/en\/wp-json\/wp\/v2\/product_brand?post=4385"},{"taxonomy":"product_cat","embeddable":true,"href":"https:\/\/rutana.lt\/en\/wp-json\/wp\/v2\/product_cat?post=4385"},{"taxonomy":"product_tag","embeddable":true,"href":"https:\/\/rutana.lt\/en\/wp-json\/wp\/v2\/product_tag?post=4385"}],"curies":[{"name":"wp","href":"https:\/\/api.w.org\/{rel}","templated":true}]}}