{"id":4145,"date":"2025-09-03T08:39:28","date_gmt":"2025-09-03T06:39:28","guid":{"rendered":"https:\/\/rutana.webdemo.lt\/?post_type=product&#038;p=4145"},"modified":"2025-10-13T15:19:51","modified_gmt":"2025-10-13T13:19:51","slug":"popieriniai-ranksluosciai-m1-310-tork-universal-mini-centerfeed-120144","status":"publish","type":"product","link":"https:\/\/rutana.lt\/en\/product\/popieriniai-ranksluosciai-m1-310-tork-universal-mini-centerfeed-120144\/","title":{"rendered":"Popieriniai rank\u0161luos\u010diai M1 310 Tork Universal Mini Centerfeed 120144"},"content":{"rendered":"<p><span style=\"padding: 0px; margin: 0px; text-align: justify;\">Vieno sluoksnio universalus \u201eTork\u201c \u0161luostymo popierius puikiai tinka nesunkaus \u0161luostymo u\u017eduotims ir rankoms \u0161luostyti. \u0160\u012f popieri\u0173 galima naudoti su \u201eTork\u00ae Mini Centerfeed\u201c dozatoriais \u2013 universaliais kompakti\u0161kais \u012frenginiais, skirtais profesionaliai aplinkai, kur b\u016btina \u0161luostyti tiek rankas, tiek pavir\u0161ius. <\/span><span style=\"text-align: justify;\">Puikiai tinka ten, kur sunaudojama daug \u0161luos\u010di\u0173. <\/span><span style=\"text-align: justify;\">Neperforuotas rulonas, dozuojamas i\u0161 vidurio. <\/span><span style=\"text-align: justify;\">Leid\u017eiamas s\u0105lytis su maisto produktais. Pagamintas i\u0161 antrin\u0117s \u017ealiavos.<\/span><\/p>\n<p style=\"margin-bottom: 10px;\">Naudojama laikikli\u0173 sistema: M1 &#8211; &#8222;Centerfeed&#8221; i\u0161 vidurio traukiamu ritiniu sistema<\/p>\n<p style=\"margin-bottom: 10px;\">Ritinio plotis: 20.5 cm<\/p>\n<p style=\"margin-bottom: 10px;\">Ritinio skersmuo: 14 cm<\/p>\n<p style=\"margin-bottom: 10px;\">Ritinio ilgis: 115 m<\/p>\n<p style=\"margin-bottom: 10px;\">Sluoksniai: 1<\/p>\n<p style=\"margin-bottom: 10px;\">Spalva: gelsva<\/p>\n<p style=\"margin-bottom: 10px;\">Spauda: ne<\/p>\n<p style=\"margin-bottom: 10px;\">Kilm\u0117s \u0161alis: \u0160vedija<\/p>\n<p style=\"margin-bottom: 10px; color: rgb(0, 0, 0); font-size: 14px;\"><span style=\"color: rgb(87, 87, 87); font-family: HelveticaNeueW01-55Roma, \"helvetica neue\", helvetica, arial, sans-serif; letter-spacing: -0.14px;\"><br \/><\/span><\/p>\n<p style=\"margin-bottom: 10px; color: rgb(0, 0, 0); font-size: 14px;\"><\/p>","protected":false},"excerpt":{"rendered":"<p>Vieno sluoksnio universalus \u201eTork\u201c \u0161luostymo popierius puikiai tinka nesunkaus \u0161luostymo u\u017eduotims ir rankoms \u0161luostyti. \u0160\u012f popieri\u0173 galima naudoti su \u201eTork\u00ae Mini Centerfeed\u201c dozatoriais \u2013 universaliais kompakti\u0161kais \u012frenginiais, skirtais profesionaliai aplinkai, kur b\u016btina \u0161luostyti tiek rankas, tiek pavir\u0161ius. Puikiai tinka ten, kur sunaudojama daug \u0161luos\u010di\u0173. Neperforuotas rulonas, dozuojamas i\u0161 vidurio. Leid\u017eiamas s\u0105lytis su maisto produktais. Pagamintas [&hellip;]<\/p>","protected":false},"featured_media":25072,"comment_status":"open","ping_status":"closed","template":"","meta":{"_season_start":"","_season_end":"","_season_days":"","_season_months":"","_season_auto_visibility":""},"product_brand":[231],"product_cat":[1620],"product_tag":[],"class_list":{"0":"post-4145","1":"product","2":"type-product","3":"status-publish","4":"has-post-thumbnail","6":"product_brand-tork","7":"product_cat-popieriniai-ranksluosciai","9":"first","10":"instock","11":"taxable","12":"shipping-taxable","13":"purchasable","14":"product-type-simple"},"yoast_head":"<!-- This site is optimized with the Yoast SEO plugin v26.1.1 - https:\/\/yoast.com\/wordpress\/plugins\/seo\/ -->\n<title>Popieriniai rank\u0161luos\u010diai M1 310 Tork Universal Mini Centerfeed 120144 - Rutana - Ra\u0161tin\u0117s reikmenys<\/title>\n<meta name=\"robots\" content=\"index, follow, max-snippet:-1, max-image-preview:large, max-video-preview:-1\" \/>\n<link rel=\"canonical\" href=\"https:\/\/rutana.lt\/en\/product\/popieriniai-ranksluosciai-m1-310-tork-universal-mini-centerfeed-120144\/\" \/>\n<meta property=\"og:locale\" content=\"en_US\" \/>\n<meta property=\"og:type\" content=\"article\" \/>\n<meta property=\"og:title\" content=\"Popieriniai rank\u0161luos\u010diai M1 310 Tork Universal Mini Centerfeed 120144 - Rutana - Ra\u0161tin\u0117s reikmenys\" \/>\n<meta property=\"og:description\" content=\"Vieno sluoksnio universalus \u201eTork\u201c \u0161luostymo popierius puikiai tinka nesunkaus \u0161luostymo u\u017eduotims ir rankoms \u0161luostyti. \u0160\u012f popieri\u0173 galima naudoti su \u201eTork\u00ae Mini Centerfeed\u201c dozatoriais \u2013 universaliais kompakti\u0161kais \u012frenginiais, skirtais profesionaliai aplinkai, kur b\u016btina \u0161luostyti tiek rankas, tiek pavir\u0161ius. Puikiai tinka ten, kur sunaudojama daug \u0161luos\u010di\u0173. Neperforuotas rulonas, dozuojamas i\u0161 vidurio. Leid\u017eiamas s\u0105lytis su maisto produktais. Pagamintas [&hellip;]\" \/>\n<meta property=\"og:url\" content=\"https:\/\/rutana.lt\/en\/product\/popieriniai-ranksluosciai-m1-310-tork-universal-mini-centerfeed-120144\/\" \/>\n<meta property=\"og:site_name\" content=\"Rutana - Ra\u0161tin\u0117s reikmenys\" \/>\n<meta property=\"article:publisher\" content=\"https:\/\/www.facebook.com\/RutanaKanceliarinesPrekes\/\" \/>\n<meta property=\"article:modified_time\" content=\"2025-10-13T13:19:51+00:00\" \/>\n<meta property=\"og:image\" content=\"https:\/\/rutana.lt\/wp-content\/uploads\/2025\/09\/A081-557.jpg\" \/>\n\t<meta property=\"og:image:width\" content=\"535\" \/>\n\t<meta property=\"og:image:height\" content=\"695\" \/>\n\t<meta property=\"og:image:type\" content=\"image\/jpeg\" \/>\n<meta name=\"twitter:card\" content=\"summary_large_image\" \/>\n<script type=\"application\/ld+json\" class=\"yoast-schema-graph\">{\"@context\":\"https:\/\/schema.org\",\"@graph\":[{\"@type\":\"WebPage\",\"@id\":\"https:\/\/rutana.lt\/produktas\/popieriniai-ranksluosciai-m1-310-tork-universal-mini-centerfeed-120144\/\",\"url\":\"https:\/\/rutana.lt\/produktas\/popieriniai-ranksluosciai-m1-310-tork-universal-mini-centerfeed-120144\/\",\"name\":\"Popieriniai rank\u0161luos\u010diai M1 310 Tork Universal Mini Centerfeed 120144 - Rutana - Ra\u0161tin\u0117s reikmenys\",\"isPartOf\":{\"@id\":\"https:\/\/rutana.lt\/#website\"},\"primaryImageOfPage\":{\"@id\":\"https:\/\/rutana.lt\/produktas\/popieriniai-ranksluosciai-m1-310-tork-universal-mini-centerfeed-120144\/#primaryimage\"},\"image\":{\"@id\":\"https:\/\/rutana.lt\/produktas\/popieriniai-ranksluosciai-m1-310-tork-universal-mini-centerfeed-120144\/#primaryimage\"},\"thumbnailUrl\":\"https:\/\/rutana.lt\/wp-content\/uploads\/2025\/09\/A081-557-1.jpg?v=1763623015\",\"datePublished\":\"2025-09-03T06:39:28+00:00\",\"dateModified\":\"2025-10-13T13:19:51+00:00\",\"breadcrumb\":{\"@id\":\"https:\/\/rutana.lt\/produktas\/popieriniai-ranksluosciai-m1-310-tork-universal-mini-centerfeed-120144\/#breadcrumb\"},\"inLanguage\":\"en-US\",\"potentialAction\":[{\"@type\":\"ReadAction\",\"target\":[\"https:\/\/rutana.lt\/produktas\/popieriniai-ranksluosciai-m1-310-tork-universal-mini-centerfeed-120144\/\"]}]},{\"@type\":\"ImageObject\",\"inLanguage\":\"en-US\",\"@id\":\"https:\/\/rutana.lt\/produktas\/popieriniai-ranksluosciai-m1-310-tork-universal-mini-centerfeed-120144\/#primaryimage\",\"url\":\"https:\/\/rutana.lt\/wp-content\/uploads\/2025\/09\/A081-557-1.jpg?v=1763623015\",\"contentUrl\":\"https:\/\/rutana.lt\/wp-content\/uploads\/2025\/09\/A081-557-1.jpg?v=1763623015\",\"width\":535,\"height\":695},{\"@type\":\"BreadcrumbList\",\"@id\":\"https:\/\/rutana.lt\/produktas\/popieriniai-ranksluosciai-m1-310-tork-universal-mini-centerfeed-120144\/#breadcrumb\",\"itemListElement\":[{\"@type\":\"ListItem\",\"position\":1,\"name\":\"Home\",\"item\":\"https:\/\/rutana.lt\/\"},{\"@type\":\"ListItem\",\"position\":2,\"name\":\"Parduotuv\u0117\",\"item\":\"https:\/\/rutana.lt\/parduotuve\/\"},{\"@type\":\"ListItem\",\"position\":3,\"name\":\"Popieriniai rank\u0161luos\u010diai M1 310 Tork Universal Mini Centerfeed 120144\"}]},{\"@type\":\"WebSite\",\"@id\":\"https:\/\/rutana.lt\/#website\",\"url\":\"https:\/\/rutana.lt\/\",\"name\":\"Rutana - Ra\u0161tin\u0117s reikmenys\",\"description\":\"Prekiaujame pasaulin\u0117je rinkoje pripa\u017eintomis, kokybi\u0161komis biuro prek\u0117mis toki\u0173  gamintoj\u0173 kaip: Schneider, Esselte, Novus, 3M, Faber-Castell, Citizen, Milan, Leitz, Colop, Zebra, Staedtler, Durable, Tork, Parker, Waterman ir kt.\",\"publisher\":{\"@id\":\"https:\/\/rutana.lt\/#organization\"},\"potentialAction\":[{\"@type\":\"SearchAction\",\"target\":{\"@type\":\"EntryPoint\",\"urlTemplate\":\"https:\/\/rutana.lt\/?s={search_term_string}\"},\"query-input\":{\"@type\":\"PropertyValueSpecification\",\"valueRequired\":true,\"valueName\":\"search_term_string\"}}],\"inLanguage\":\"en-US\"},{\"@type\":\"Organization\",\"@id\":\"https:\/\/rutana.lt\/#organization\",\"name\":\"Rutana - Ra\u0161tin\u0117s reikmenys\",\"url\":\"https:\/\/rutana.lt\/\",\"logo\":{\"@type\":\"ImageObject\",\"inLanguage\":\"en-US\",\"@id\":\"https:\/\/rutana.lt\/#\/schema\/logo\/image\/\",\"url\":\"https:\/\/rutana.lt\/wp-content\/uploads\/2025\/10\/Asset-32.png\",\"contentUrl\":\"https:\/\/rutana.lt\/wp-content\/uploads\/2025\/10\/Asset-32.png\",\"width\":433,\"height\":119,\"caption\":\"Rutana - Ra\u0161tin\u0117s reikmenys\"},\"image\":{\"@id\":\"https:\/\/rutana.lt\/#\/schema\/logo\/image\/\"},\"sameAs\":[\"https:\/\/www.facebook.com\/RutanaKanceliarinesPrekes\/\"]}]}<\/script>\n<!-- \/ Yoast SEO plugin. -->","yoast_head_json":{"title":"Popieriniai rank\u0161luos\u010diai M1 310 Tork Universal Mini Centerfeed 120144 - Rutana - Ra\u0161tin\u0117s reikmenys","robots":{"index":"index","follow":"follow","max-snippet":"max-snippet:-1","max-image-preview":"max-image-preview:large","max-video-preview":"max-video-preview:-1"},"canonical":"https:\/\/rutana.lt\/en\/product\/popieriniai-ranksluosciai-m1-310-tork-universal-mini-centerfeed-120144\/","og_locale":"en_US","og_type":"article","og_title":"Popieriniai rank\u0161luos\u010diai M1 310 Tork Universal Mini Centerfeed 120144 - Rutana - Ra\u0161tin\u0117s reikmenys","og_description":"Vieno sluoksnio universalus \u201eTork\u201c \u0161luostymo popierius puikiai tinka nesunkaus \u0161luostymo u\u017eduotims ir rankoms \u0161luostyti. \u0160\u012f popieri\u0173 galima naudoti su \u201eTork\u00ae Mini Centerfeed\u201c dozatoriais \u2013 universaliais kompakti\u0161kais \u012frenginiais, skirtais profesionaliai aplinkai, kur b\u016btina \u0161luostyti tiek rankas, tiek pavir\u0161ius. Puikiai tinka ten, kur sunaudojama daug \u0161luos\u010di\u0173. Neperforuotas rulonas, dozuojamas i\u0161 vidurio. Leid\u017eiamas s\u0105lytis su maisto produktais. Pagamintas [&hellip;]","og_url":"https:\/\/rutana.lt\/en\/product\/popieriniai-ranksluosciai-m1-310-tork-universal-mini-centerfeed-120144\/","og_site_name":"Rutana - Ra\u0161tin\u0117s reikmenys","article_publisher":"https:\/\/www.facebook.com\/RutanaKanceliarinesPrekes\/","article_modified_time":"2025-10-13T13:19:51+00:00","og_image":[{"width":535,"height":695,"url":"https:\/\/rutana.lt\/wp-content\/uploads\/2025\/09\/A081-557.jpg","type":"image\/jpeg"}],"twitter_card":"summary_large_image","schema":{"@context":"https:\/\/schema.org","@graph":[{"@type":"WebPage","@id":"https:\/\/rutana.lt\/produktas\/popieriniai-ranksluosciai-m1-310-tork-universal-mini-centerfeed-120144\/","url":"https:\/\/rutana.lt\/produktas\/popieriniai-ranksluosciai-m1-310-tork-universal-mini-centerfeed-120144\/","name":"Popieriniai rank\u0161luos\u010diai M1 310 Tork Universal Mini Centerfeed 120144 - Rutana - Ra\u0161tin\u0117s reikmenys","isPartOf":{"@id":"https:\/\/rutana.lt\/#website"},"primaryImageOfPage":{"@id":"https:\/\/rutana.lt\/produktas\/popieriniai-ranksluosciai-m1-310-tork-universal-mini-centerfeed-120144\/#primaryimage"},"image":{"@id":"https:\/\/rutana.lt\/produktas\/popieriniai-ranksluosciai-m1-310-tork-universal-mini-centerfeed-120144\/#primaryimage"},"thumbnailUrl":"https:\/\/rutana.lt\/wp-content\/uploads\/2025\/09\/A081-557-1.jpg?v=1763623015","datePublished":"2025-09-03T06:39:28+00:00","dateModified":"2025-10-13T13:19:51+00:00","breadcrumb":{"@id":"https:\/\/rutana.lt\/produktas\/popieriniai-ranksluosciai-m1-310-tork-universal-mini-centerfeed-120144\/#breadcrumb"},"inLanguage":"en-US","potentialAction":[{"@type":"ReadAction","target":["https:\/\/rutana.lt\/produktas\/popieriniai-ranksluosciai-m1-310-tork-universal-mini-centerfeed-120144\/"]}]},{"@type":"ImageObject","inLanguage":"en-US","@id":"https:\/\/rutana.lt\/produktas\/popieriniai-ranksluosciai-m1-310-tork-universal-mini-centerfeed-120144\/#primaryimage","url":"https:\/\/rutana.lt\/wp-content\/uploads\/2025\/09\/A081-557-1.jpg?v=1763623015","contentUrl":"https:\/\/rutana.lt\/wp-content\/uploads\/2025\/09\/A081-557-1.jpg?v=1763623015","width":535,"height":695},{"@type":"BreadcrumbList","@id":"https:\/\/rutana.lt\/produktas\/popieriniai-ranksluosciai-m1-310-tork-universal-mini-centerfeed-120144\/#breadcrumb","itemListElement":[{"@type":"ListItem","position":1,"name":"Home","item":"https:\/\/rutana.lt\/"},{"@type":"ListItem","position":2,"name":"Parduotuv\u0117","item":"https:\/\/rutana.lt\/parduotuve\/"},{"@type":"ListItem","position":3,"name":"Popieriniai rank\u0161luos\u010diai M1 310 Tork Universal Mini Centerfeed 120144"}]},{"@type":"WebSite","@id":"https:\/\/rutana.lt\/#website","url":"https:\/\/rutana.lt\/","name":"Rutana - Ra\u0161tin\u0117s reikmenys","description":"Prekiaujame pasaulin\u0117je rinkoje pripa\u017eintomis, kokybi\u0161komis biuro prek\u0117mis toki\u0173  gamintoj\u0173 kaip: Schneider, Esselte, Novus, 3M, Faber-Castell, Citizen, Milan, Leitz, Colop, Zebra, Staedtler, Durable, Tork, Parker, Waterman ir kt.","publisher":{"@id":"https:\/\/rutana.lt\/#organization"},"potentialAction":[{"@type":"SearchAction","target":{"@type":"EntryPoint","urlTemplate":"https:\/\/rutana.lt\/?s={search_term_string}"},"query-input":{"@type":"PropertyValueSpecification","valueRequired":true,"valueName":"search_term_string"}}],"inLanguage":"en-US"},{"@type":"Organization","@id":"https:\/\/rutana.lt\/#organization","name":"Rutana - Ra\u0161tin\u0117s reikmenys","url":"https:\/\/rutana.lt\/","logo":{"@type":"ImageObject","inLanguage":"en-US","@id":"https:\/\/rutana.lt\/#\/schema\/logo\/image\/","url":"https:\/\/rutana.lt\/wp-content\/uploads\/2025\/10\/Asset-32.png","contentUrl":"https:\/\/rutana.lt\/wp-content\/uploads\/2025\/10\/Asset-32.png","width":433,"height":119,"caption":"Rutana - Ra\u0161tin\u0117s reikmenys"},"image":{"@id":"https:\/\/rutana.lt\/#\/schema\/logo\/image\/"},"sameAs":["https:\/\/www.facebook.com\/RutanaKanceliarinesPrekes\/"]}]}},"_links":{"self":[{"href":"https:\/\/rutana.lt\/en\/wp-json\/wp\/v2\/product\/4145","targetHints":{"allow":["GET"]}}],"collection":[{"href":"https:\/\/rutana.lt\/en\/wp-json\/wp\/v2\/product"}],"about":[{"href":"https:\/\/rutana.lt\/en\/wp-json\/wp\/v2\/types\/product"}],"replies":[{"embeddable":true,"href":"https:\/\/rutana.lt\/en\/wp-json\/wp\/v2\/comments?post=4145"}],"version-history":[{"count":1,"href":"https:\/\/rutana.lt\/en\/wp-json\/wp\/v2\/product\/4145\/revisions"}],"predecessor-version":[{"id":4186,"href":"https:\/\/rutana.lt\/en\/wp-json\/wp\/v2\/product\/4145\/revisions\/4186"}],"wp:featuredmedia":[{"embeddable":true,"href":"https:\/\/rutana.lt\/en\/wp-json\/wp\/v2\/media\/25072"}],"wp:attachment":[{"href":"https:\/\/rutana.lt\/en\/wp-json\/wp\/v2\/media?parent=4145"}],"wp:term":[{"taxonomy":"product_brand","embeddable":true,"href":"https:\/\/rutana.lt\/en\/wp-json\/wp\/v2\/product_brand?post=4145"},{"taxonomy":"product_cat","embeddable":true,"href":"https:\/\/rutana.lt\/en\/wp-json\/wp\/v2\/product_cat?post=4145"},{"taxonomy":"product_tag","embeddable":true,"href":"https:\/\/rutana.lt\/en\/wp-json\/wp\/v2\/product_tag?post=4145"}],"curies":[{"name":"wp","href":"https:\/\/api.w.org\/{rel}","templated":true}]}}