{"id":4143,"date":"2025-09-03T08:39:28","date_gmt":"2025-09-03T06:39:28","guid":{"rendered":"https:\/\/rutana.webdemo.lt\/?post_type=product&#038;p=4143"},"modified":"2025-10-13T15:19:50","modified_gmt":"2025-10-13T13:19:50","slug":"tualetinis-popierius-tork-mini-jumbo-advanced-120280","status":"publish","type":"product","link":"https:\/\/rutana.lt\/en\/product\/tualetinis-popierius-tork-mini-jumbo-advanced-120280\/","title":{"rendered":"Tualetinis popierius Tork Mini Jumbo Advanced 120280"},"content":{"rendered":"<p>Sistema \u201eTork Mini Jumbo\u201c u\u017etikrina laiko taupym\u0105 ir ma\u017eesnes i\u0161laidas, nes pateikia \u017eymiai daugiau tualetinio popieriaus, nei standartiniai ritiniai. Naudojant 2 sluoksni\u0173 tualetinio popieriaus \u201eTork Mini Jumbo\u201c Advanced ritin\u0117lius gerai subalansuojamos i\u0161laidos bei funkcionalumas, jis tinkamas vidutini\u0161kai, intensyviai bei gausiai lankomose vietose. Didel\u0117 talpa rei\u0161kia ma\u017eiau prie\u017ei\u016bros, reljefinis ra\u0161tas suteikia papildomo storio ir patrauklumo, i\u0161spausdintas gra\u017eaus dizaino pilk\u0173 lap\u0173 ra\u0161tas sustiprina j\u016bs\u0173 higienin\u0117s patalpos \u012fsp\u016bd\u012f.<\/p>\n<p style=\"margin-bottom: 10px;\">Naudojama laikikli\u0173 sistema: T2 &#8211; \u201eMini Jumbo\u201c tualetinio popieriaus sistema<\/p>\n<p style=\"margin-bottom: 10px;\">Ritinio plotis: 9.4 cm<\/p>\n<p style=\"margin-bottom: 10px;\">Ritinio skersmuo: 18.8 cm<\/p>\n<p style=\"margin-bottom: 10px;\">Vidinis \u0161erdies skersmuo: 5.9 cm<\/p>\n<p style=\"margin-bottom: 10px;\">Lapeli\u0173 kiekis ritinyje: 850<\/p>\n<p style=\"margin-bottom: 10px;\">Lapelio ilgis: 20 cm<\/p>\n<p style=\"margin-bottom: 10px;\">Sluoksniai: 2<\/p>\n<p style=\"margin-bottom: 10px;\">Spalva: balta<\/p>\n<p style=\"margin-bottom: 10px;\">Spauda: taip<\/p>\n<p style=\"margin-bottom: 10px;\">Reljefinis: taip<\/p>\n<p style=\"margin-bottom: 10px;\">Kilm\u0117s \u0161alis: \u0160vedija<\/p>","protected":false},"excerpt":{"rendered":"<p>Sistema \u201eTork Mini Jumbo\u201c u\u017etikrina laiko taupym\u0105 ir ma\u017eesnes i\u0161laidas, nes pateikia \u017eymiai daugiau tualetinio popieriaus, nei standartiniai ritiniai. Naudojant 2 sluoksni\u0173 tualetinio popieriaus \u201eTork Mini Jumbo\u201c Advanced ritin\u0117lius gerai subalansuojamos i\u0161laidos bei funkcionalumas, jis tinkamas vidutini\u0161kai, intensyviai bei gausiai lankomose vietose. Didel\u0117 talpa rei\u0161kia ma\u017eiau prie\u017ei\u016bros, reljefinis ra\u0161tas suteikia papildomo storio ir patrauklumo, i\u0161spausdintas [&hellip;]<\/p>","protected":false},"featured_media":25070,"comment_status":"open","ping_status":"closed","template":"","meta":{"_season_start":"","_season_end":"","_season_days":"","_season_months":"","_season_auto_visibility":""},"product_brand":[231],"product_cat":[1622],"product_tag":[],"class_list":{"0":"post-4143","1":"product","2":"type-product","3":"status-publish","4":"has-post-thumbnail","6":"product_brand-tork","7":"product_cat-tualetinis-popierius","9":"first","10":"instock","11":"taxable","12":"shipping-taxable","13":"purchasable","14":"product-type-simple"},"yoast_head":"<!-- This site is optimized with the Yoast SEO plugin v26.1.1 - https:\/\/yoast.com\/wordpress\/plugins\/seo\/ -->\n<title>Tualetinis popierius Tork Mini Jumbo Advanced 120280 - Rutana - Ra\u0161tin\u0117s reikmenys<\/title>\n<meta name=\"robots\" content=\"index, follow, max-snippet:-1, max-image-preview:large, max-video-preview:-1\" \/>\n<link rel=\"canonical\" href=\"https:\/\/rutana.lt\/en\/product\/tualetinis-popierius-tork-mini-jumbo-advanced-120280\/\" \/>\n<meta property=\"og:locale\" content=\"en_US\" \/>\n<meta property=\"og:type\" content=\"article\" \/>\n<meta property=\"og:title\" content=\"Tualetinis popierius Tork Mini Jumbo Advanced 120280 - Rutana - Ra\u0161tin\u0117s reikmenys\" \/>\n<meta property=\"og:description\" content=\"Sistema \u201eTork Mini Jumbo\u201c u\u017etikrina laiko taupym\u0105 ir ma\u017eesnes i\u0161laidas, nes pateikia \u017eymiai daugiau tualetinio popieriaus, nei standartiniai ritiniai. Naudojant 2 sluoksni\u0173 tualetinio popieriaus \u201eTork Mini Jumbo\u201c Advanced ritin\u0117lius gerai subalansuojamos i\u0161laidos bei funkcionalumas, jis tinkamas vidutini\u0161kai, intensyviai bei gausiai lankomose vietose. Didel\u0117 talpa rei\u0161kia ma\u017eiau prie\u017ei\u016bros, reljefinis ra\u0161tas suteikia papildomo storio ir patrauklumo, i\u0161spausdintas [&hellip;]\" \/>\n<meta property=\"og:url\" content=\"https:\/\/rutana.lt\/en\/product\/tualetinis-popierius-tork-mini-jumbo-advanced-120280\/\" \/>\n<meta property=\"og:site_name\" content=\"Rutana - Ra\u0161tin\u0117s reikmenys\" \/>\n<meta property=\"article:publisher\" content=\"https:\/\/www.facebook.com\/RutanaKanceliarinesPrekes\/\" \/>\n<meta property=\"article:modified_time\" content=\"2025-10-13T13:19:50+00:00\" \/>\n<meta property=\"og:image\" content=\"https:\/\/rutana.lt\/wp-content\/uploads\/2025\/09\/A081-552.jpg\" \/>\n\t<meta property=\"og:image:width\" content=\"526\" \/>\n\t<meta property=\"og:image:height\" content=\"500\" \/>\n\t<meta property=\"og:image:type\" content=\"image\/jpeg\" \/>\n<meta name=\"twitter:card\" content=\"summary_large_image\" \/>\n<meta name=\"twitter:label1\" content=\"Est. reading time\" \/>\n\t<meta name=\"twitter:data1\" content=\"1 minute\" \/>\n<script type=\"application\/ld+json\" class=\"yoast-schema-graph\">{\"@context\":\"https:\/\/schema.org\",\"@graph\":[{\"@type\":\"WebPage\",\"@id\":\"https:\/\/rutana.lt\/produktas\/tualetinis-popierius-tork-mini-jumbo-advanced-120280\/\",\"url\":\"https:\/\/rutana.lt\/produktas\/tualetinis-popierius-tork-mini-jumbo-advanced-120280\/\",\"name\":\"Tualetinis popierius Tork Mini Jumbo Advanced 120280 - Rutana - Ra\u0161tin\u0117s reikmenys\",\"isPartOf\":{\"@id\":\"https:\/\/rutana.lt\/#website\"},\"primaryImageOfPage\":{\"@id\":\"https:\/\/rutana.lt\/produktas\/tualetinis-popierius-tork-mini-jumbo-advanced-120280\/#primaryimage\"},\"image\":{\"@id\":\"https:\/\/rutana.lt\/produktas\/tualetinis-popierius-tork-mini-jumbo-advanced-120280\/#primaryimage\"},\"thumbnailUrl\":\"https:\/\/rutana.lt\/wp-content\/uploads\/2025\/09\/A081-552-1.jpg?v=1763623018\",\"datePublished\":\"2025-09-03T06:39:28+00:00\",\"dateModified\":\"2025-10-13T13:19:50+00:00\",\"breadcrumb\":{\"@id\":\"https:\/\/rutana.lt\/produktas\/tualetinis-popierius-tork-mini-jumbo-advanced-120280\/#breadcrumb\"},\"inLanguage\":\"en-US\",\"potentialAction\":[{\"@type\":\"ReadAction\",\"target\":[\"https:\/\/rutana.lt\/produktas\/tualetinis-popierius-tork-mini-jumbo-advanced-120280\/\"]}]},{\"@type\":\"ImageObject\",\"inLanguage\":\"en-US\",\"@id\":\"https:\/\/rutana.lt\/produktas\/tualetinis-popierius-tork-mini-jumbo-advanced-120280\/#primaryimage\",\"url\":\"https:\/\/rutana.lt\/wp-content\/uploads\/2025\/09\/A081-552-1.jpg?v=1763623018\",\"contentUrl\":\"https:\/\/rutana.lt\/wp-content\/uploads\/2025\/09\/A081-552-1.jpg?v=1763623018\",\"width\":526,\"height\":500},{\"@type\":\"BreadcrumbList\",\"@id\":\"https:\/\/rutana.lt\/produktas\/tualetinis-popierius-tork-mini-jumbo-advanced-120280\/#breadcrumb\",\"itemListElement\":[{\"@type\":\"ListItem\",\"position\":1,\"name\":\"Home\",\"item\":\"https:\/\/rutana.lt\/\"},{\"@type\":\"ListItem\",\"position\":2,\"name\":\"Parduotuv\u0117\",\"item\":\"https:\/\/rutana.lt\/parduotuve\/\"},{\"@type\":\"ListItem\",\"position\":3,\"name\":\"Tualetinis popierius Tork Mini Jumbo Advanced 120280\"}]},{\"@type\":\"WebSite\",\"@id\":\"https:\/\/rutana.lt\/#website\",\"url\":\"https:\/\/rutana.lt\/\",\"name\":\"Rutana - Ra\u0161tin\u0117s reikmenys\",\"description\":\"Prekiaujame pasaulin\u0117je rinkoje pripa\u017eintomis, kokybi\u0161komis biuro prek\u0117mis toki\u0173  gamintoj\u0173 kaip: Schneider, Esselte, Novus, 3M, Faber-Castell, Citizen, Milan, Leitz, Colop, Zebra, Staedtler, Durable, Tork, Parker, Waterman ir kt.\",\"publisher\":{\"@id\":\"https:\/\/rutana.lt\/#organization\"},\"potentialAction\":[{\"@type\":\"SearchAction\",\"target\":{\"@type\":\"EntryPoint\",\"urlTemplate\":\"https:\/\/rutana.lt\/?s={search_term_string}\"},\"query-input\":{\"@type\":\"PropertyValueSpecification\",\"valueRequired\":true,\"valueName\":\"search_term_string\"}}],\"inLanguage\":\"en-US\"},{\"@type\":\"Organization\",\"@id\":\"https:\/\/rutana.lt\/#organization\",\"name\":\"Rutana - Ra\u0161tin\u0117s reikmenys\",\"url\":\"https:\/\/rutana.lt\/\",\"logo\":{\"@type\":\"ImageObject\",\"inLanguage\":\"en-US\",\"@id\":\"https:\/\/rutana.lt\/#\/schema\/logo\/image\/\",\"url\":\"https:\/\/rutana.lt\/wp-content\/uploads\/2025\/10\/Asset-32.png\",\"contentUrl\":\"https:\/\/rutana.lt\/wp-content\/uploads\/2025\/10\/Asset-32.png\",\"width\":433,\"height\":119,\"caption\":\"Rutana - Ra\u0161tin\u0117s reikmenys\"},\"image\":{\"@id\":\"https:\/\/rutana.lt\/#\/schema\/logo\/image\/\"},\"sameAs\":[\"https:\/\/www.facebook.com\/RutanaKanceliarinesPrekes\/\"]}]}<\/script>\n<!-- \/ Yoast SEO plugin. -->","yoast_head_json":{"title":"Tualetinis popierius Tork Mini Jumbo Advanced 120280 - Rutana - Ra\u0161tin\u0117s reikmenys","robots":{"index":"index","follow":"follow","max-snippet":"max-snippet:-1","max-image-preview":"max-image-preview:large","max-video-preview":"max-video-preview:-1"},"canonical":"https:\/\/rutana.lt\/en\/product\/tualetinis-popierius-tork-mini-jumbo-advanced-120280\/","og_locale":"en_US","og_type":"article","og_title":"Tualetinis popierius Tork Mini Jumbo Advanced 120280 - Rutana - Ra\u0161tin\u0117s reikmenys","og_description":"Sistema \u201eTork Mini Jumbo\u201c u\u017etikrina laiko taupym\u0105 ir ma\u017eesnes i\u0161laidas, nes pateikia \u017eymiai daugiau tualetinio popieriaus, nei standartiniai ritiniai. Naudojant 2 sluoksni\u0173 tualetinio popieriaus \u201eTork Mini Jumbo\u201c Advanced ritin\u0117lius gerai subalansuojamos i\u0161laidos bei funkcionalumas, jis tinkamas vidutini\u0161kai, intensyviai bei gausiai lankomose vietose. Didel\u0117 talpa rei\u0161kia ma\u017eiau prie\u017ei\u016bros, reljefinis ra\u0161tas suteikia papildomo storio ir patrauklumo, i\u0161spausdintas [&hellip;]","og_url":"https:\/\/rutana.lt\/en\/product\/tualetinis-popierius-tork-mini-jumbo-advanced-120280\/","og_site_name":"Rutana - Ra\u0161tin\u0117s reikmenys","article_publisher":"https:\/\/www.facebook.com\/RutanaKanceliarinesPrekes\/","article_modified_time":"2025-10-13T13:19:50+00:00","og_image":[{"width":526,"height":500,"url":"https:\/\/rutana.lt\/wp-content\/uploads\/2025\/09\/A081-552.jpg","type":"image\/jpeg"}],"twitter_card":"summary_large_image","twitter_misc":{"Est. reading time":"1 minute"},"schema":{"@context":"https:\/\/schema.org","@graph":[{"@type":"WebPage","@id":"https:\/\/rutana.lt\/produktas\/tualetinis-popierius-tork-mini-jumbo-advanced-120280\/","url":"https:\/\/rutana.lt\/produktas\/tualetinis-popierius-tork-mini-jumbo-advanced-120280\/","name":"Tualetinis popierius Tork Mini Jumbo Advanced 120280 - Rutana - Ra\u0161tin\u0117s reikmenys","isPartOf":{"@id":"https:\/\/rutana.lt\/#website"},"primaryImageOfPage":{"@id":"https:\/\/rutana.lt\/produktas\/tualetinis-popierius-tork-mini-jumbo-advanced-120280\/#primaryimage"},"image":{"@id":"https:\/\/rutana.lt\/produktas\/tualetinis-popierius-tork-mini-jumbo-advanced-120280\/#primaryimage"},"thumbnailUrl":"https:\/\/rutana.lt\/wp-content\/uploads\/2025\/09\/A081-552-1.jpg?v=1763623018","datePublished":"2025-09-03T06:39:28+00:00","dateModified":"2025-10-13T13:19:50+00:00","breadcrumb":{"@id":"https:\/\/rutana.lt\/produktas\/tualetinis-popierius-tork-mini-jumbo-advanced-120280\/#breadcrumb"},"inLanguage":"en-US","potentialAction":[{"@type":"ReadAction","target":["https:\/\/rutana.lt\/produktas\/tualetinis-popierius-tork-mini-jumbo-advanced-120280\/"]}]},{"@type":"ImageObject","inLanguage":"en-US","@id":"https:\/\/rutana.lt\/produktas\/tualetinis-popierius-tork-mini-jumbo-advanced-120280\/#primaryimage","url":"https:\/\/rutana.lt\/wp-content\/uploads\/2025\/09\/A081-552-1.jpg?v=1763623018","contentUrl":"https:\/\/rutana.lt\/wp-content\/uploads\/2025\/09\/A081-552-1.jpg?v=1763623018","width":526,"height":500},{"@type":"BreadcrumbList","@id":"https:\/\/rutana.lt\/produktas\/tualetinis-popierius-tork-mini-jumbo-advanced-120280\/#breadcrumb","itemListElement":[{"@type":"ListItem","position":1,"name":"Home","item":"https:\/\/rutana.lt\/"},{"@type":"ListItem","position":2,"name":"Parduotuv\u0117","item":"https:\/\/rutana.lt\/parduotuve\/"},{"@type":"ListItem","position":3,"name":"Tualetinis popierius Tork Mini Jumbo Advanced 120280"}]},{"@type":"WebSite","@id":"https:\/\/rutana.lt\/#website","url":"https:\/\/rutana.lt\/","name":"Rutana - Ra\u0161tin\u0117s reikmenys","description":"Prekiaujame pasaulin\u0117je rinkoje pripa\u017eintomis, kokybi\u0161komis biuro prek\u0117mis toki\u0173  gamintoj\u0173 kaip: Schneider, Esselte, Novus, 3M, Faber-Castell, Citizen, Milan, Leitz, Colop, Zebra, Staedtler, Durable, Tork, Parker, Waterman ir kt.","publisher":{"@id":"https:\/\/rutana.lt\/#organization"},"potentialAction":[{"@type":"SearchAction","target":{"@type":"EntryPoint","urlTemplate":"https:\/\/rutana.lt\/?s={search_term_string}"},"query-input":{"@type":"PropertyValueSpecification","valueRequired":true,"valueName":"search_term_string"}}],"inLanguage":"en-US"},{"@type":"Organization","@id":"https:\/\/rutana.lt\/#organization","name":"Rutana - Ra\u0161tin\u0117s reikmenys","url":"https:\/\/rutana.lt\/","logo":{"@type":"ImageObject","inLanguage":"en-US","@id":"https:\/\/rutana.lt\/#\/schema\/logo\/image\/","url":"https:\/\/rutana.lt\/wp-content\/uploads\/2025\/10\/Asset-32.png","contentUrl":"https:\/\/rutana.lt\/wp-content\/uploads\/2025\/10\/Asset-32.png","width":433,"height":119,"caption":"Rutana - Ra\u0161tin\u0117s reikmenys"},"image":{"@id":"https:\/\/rutana.lt\/#\/schema\/logo\/image\/"},"sameAs":["https:\/\/www.facebook.com\/RutanaKanceliarinesPrekes\/"]}]}},"_links":{"self":[{"href":"https:\/\/rutana.lt\/en\/wp-json\/wp\/v2\/product\/4143","targetHints":{"allow":["GET"]}}],"collection":[{"href":"https:\/\/rutana.lt\/en\/wp-json\/wp\/v2\/product"}],"about":[{"href":"https:\/\/rutana.lt\/en\/wp-json\/wp\/v2\/types\/product"}],"replies":[{"embeddable":true,"href":"https:\/\/rutana.lt\/en\/wp-json\/wp\/v2\/comments?post=4143"}],"version-history":[{"count":1,"href":"https:\/\/rutana.lt\/en\/wp-json\/wp\/v2\/product\/4143\/revisions"}],"predecessor-version":[{"id":4182,"href":"https:\/\/rutana.lt\/en\/wp-json\/wp\/v2\/product\/4143\/revisions\/4182"}],"wp:featuredmedia":[{"embeddable":true,"href":"https:\/\/rutana.lt\/en\/wp-json\/wp\/v2\/media\/25070"}],"wp:attachment":[{"href":"https:\/\/rutana.lt\/en\/wp-json\/wp\/v2\/media?parent=4143"}],"wp:term":[{"taxonomy":"product_brand","embeddable":true,"href":"https:\/\/rutana.lt\/en\/wp-json\/wp\/v2\/product_brand?post=4143"},{"taxonomy":"product_cat","embeddable":true,"href":"https:\/\/rutana.lt\/en\/wp-json\/wp\/v2\/product_cat?post=4143"},{"taxonomy":"product_tag","embeddable":true,"href":"https:\/\/rutana.lt\/en\/wp-json\/wp\/v2\/product_tag?post=4143"}],"curies":[{"name":"wp","href":"https:\/\/api.w.org\/{rel}","templated":true}]}}