{"id":3984,"date":"2025-09-03T08:38:44","date_gmt":"2025-09-03T06:38:44","guid":{"rendered":"https:\/\/rutana.webdemo.lt\/?post_type=product&#038;p=3984"},"modified":"2025-10-13T15:19:39","modified_gmt":"2025-10-13T13:19:39","slug":"popieriniai-ranksluosciai-h3-tork-singlefold-advanced-290163","status":"publish","type":"product","link":"https:\/\/rutana.lt\/en\/product\/popieriniai-ranksluosciai-h3-tork-singlefold-advanced-290163\/","title":{"rendered":"Popieriniai rank\u0161luos\u010diai H3 Tork Singlefold Advanced 290163"},"content":{"rendered":"<p><span style=\"color: rgb(87, 87, 87); font-family: HelveticaNeueW01-55Roma, \"helvetica neue\", helvetica, arial, sans-serif; font-size: 14px; letter-spacing: -0.14px;\">Patenkinkite lankytoj\u0173 rank\u0173 nusausinimo poreikius su kokybi\u0161kais sulankstytais popieriniais rank\u0161luos\u010diais \u201eTork Singlefold Advanced\u201c, kur vienodai svarbu kaina ir efektyvumas. \u0160iuos rank\u0161luos\u010dius galima sud\u0117ti \u012f sulankstyt\u0173 popierini\u0173 rank\u0161luos\u010di\u0173 dozatorius \u201eTork Singlefold\u201c, esan\u010dius patalpose, kurioms keliami auk\u0161tesni reikalavimai. Patikima dozavimo po vien\u0105 lapel\u012f sistema suma\u017eina popierini\u0173 rank\u0161luos\u010di\u0173 s\u0105naudas ir atliek\u0173 kiek\u012f. <\/span><span style=\"color: rgb(87, 87, 87); font-family: HelveticaNeueW01-55Roma, \"helvetica neue\", helvetica, arial, sans-serif; font-size: 14px; letter-spacing: -0.14px;\">Didelis rank\u0161luos\u010di\u0173 kiekis viename pakete: u\u017eteks ilgiau ir nereik\u0117s taip da\u017enai pildyti. <\/span><span style=\"color: rgb(87, 87, 87); font-family: HelveticaNeueW01-55Roma, \"helvetica neue\", helvetica, arial, sans-serif; font-size: 14px; letter-spacing: -0.14px;\">Patrauklus dekoratyvinis motyvas.<\/span><\/p>\n<p><span style=\"color: rgb(87, 87, 87); font-family: HelveticaNeueW01-55Roma, \"helvetica neue\", helvetica, arial, sans-serif; font-size: 14px; letter-spacing: -0.14px;\">Naudojama laikikli\u0173 sistema: H3 &#8211; &#8222;C &#8211; Fold&#8221; ir &#8222;Singlefold&#8221; rank\u0161luos\u010di\u0173 sistema<\/span><\/p>\n<p><span style=\"color: rgb(87, 87, 87); font-family: HelveticaNeueW01-55Roma, \"helvetica neue\", helvetica, arial, sans-serif; font-size: 14px; letter-spacing: -0.14px;\">I\u0161lankstytos servet\u0117l\u0117s ilgis: 23 cm<\/span><\/p>\n<p><span style=\"color: rgb(87, 87, 87); font-family: HelveticaNeueW01-55Roma, \"helvetica neue\", helvetica, arial, sans-serif; font-size: 14px; letter-spacing: -0.14px;\">I\u0161lankstytos servet\u0117l\u0117s plotis: 24.8 cm<\/span><\/p>\n<p><span style=\"color: rgb(87, 87, 87); font-family: HelveticaNeueW01-55Roma, \"helvetica neue\", helvetica, arial, sans-serif; font-size: 14px; letter-spacing: -0.14px;\">Sulankstyt\u0173 servet\u0117li\u0173 pakuot\u0117s ilgis: 11.5 cm<\/span><\/p>\n<p><span style=\"color: rgb(87, 87, 87); font-family: HelveticaNeueW01-55Roma, \"helvetica neue\", helvetica, arial, sans-serif; font-size: 14px; letter-spacing: -0.14px;\">Sulankstyt\u0173 servet\u0117li\u0173 pakuot\u0117s plotis: 24.8 cm<\/span><\/p>\n<p><span style=\"color: rgb(87, 87, 87); font-family: HelveticaNeueW01-55Roma, \"helvetica neue\", helvetica, arial, sans-serif; font-size: 14px; letter-spacing: -0.14px;\">Servet\u0117li\u0173 kiekis pakuot\u0117je: 250 <\/span><\/p>\n<p><span style=\"color: rgb(87, 87, 87); font-family: HelveticaNeueW01-55Roma, \"helvetica neue\", helvetica, arial, sans-serif; font-size: 14px; letter-spacing: -0.14px;\">Sluoksniai: 2<\/span><\/p>\n<p><span style=\"color: rgb(87, 87, 87); font-family: HelveticaNeueW01-55Roma, \"helvetica neue\", helvetica, arial, sans-serif; font-size: 14px; letter-spacing: -0.14px;\">Spalva: balta<\/span><\/p>\n<p><span style=\"color: rgb(87, 87, 87); font-family: HelveticaNeueW01-55Roma, \"helvetica neue\", helvetica, arial, sans-serif; font-size: 14px; letter-spacing: -0.14px;\">Spauda: ne<\/span><\/p>\n<p><span style=\"color: rgb(87, 87, 87); font-family: HelveticaNeueW01-55Roma, \"helvetica neue\", helvetica, arial, sans-serif; font-size: 14px; letter-spacing: -0.14px;\">Reljefinis: taip<\/span><\/p>\n<p><span style=\"color: rgb(87, 87, 87); font-family: HelveticaNeueW01-55Roma, \"helvetica neue\", helvetica, arial, sans-serif; font-size: 14px; letter-spacing: -0.14px;\">Kilm\u0117s \u0161alis: \u0160vedija<\/span><\/p>\n<p><span style=\"color: rgb(87, 87, 87); font-family: HelveticaNeueW01-55Roma, \"helvetica neue\", helvetica, arial, sans-serif; font-size: 14px; letter-spacing: -0.14px;\"><br \/><\/span><\/p>\n<p><\/p>","protected":false},"excerpt":{"rendered":"<p>Patenkinkite lankytoj\u0173 rank\u0173 nusausinimo poreikius su kokybi\u0161kais sulankstytais popieriniais rank\u0161luos\u010diais \u201eTork Singlefold Advanced\u201c, kur vienodai svarbu kaina ir efektyvumas. \u0160iuos rank\u0161luos\u010dius galima sud\u0117ti \u012f sulankstyt\u0173 popierini\u0173 rank\u0161luos\u010di\u0173 dozatorius \u201eTork Singlefold\u201c, esan\u010dius patalpose, kurioms keliami auk\u0161tesni reikalavimai. Patikima dozavimo po vien\u0105 lapel\u012f sistema suma\u017eina popierini\u0173 rank\u0161luos\u010di\u0173 s\u0105naudas ir atliek\u0173 kiek\u012f. Didelis rank\u0161luos\u010di\u0173 kiekis viename pakete: u\u017eteks [&hellip;]<\/p>","protected":false},"featured_media":25021,"comment_status":"open","ping_status":"closed","template":"","meta":{"_season_start":"","_season_end":"","_season_days":"","_season_months":"","_season_auto_visibility":""},"product_brand":[231],"product_cat":[1620],"product_tag":[],"class_list":{"0":"post-3984","1":"product","2":"type-product","3":"status-publish","4":"has-post-thumbnail","6":"product_brand-tork","7":"product_cat-popieriniai-ranksluosciai","9":"first","10":"instock","11":"taxable","12":"shipping-taxable","13":"purchasable","14":"product-type-simple"},"yoast_head":"<!-- This site is optimized with the Yoast SEO plugin v26.1.1 - https:\/\/yoast.com\/wordpress\/plugins\/seo\/ -->\n<title>Popieriniai rank\u0161luos\u010diai H3 Tork Singlefold Advanced 290163 - Rutana - Ra\u0161tin\u0117s reikmenys<\/title>\n<meta name=\"robots\" content=\"index, follow, max-snippet:-1, max-image-preview:large, max-video-preview:-1\" \/>\n<link rel=\"canonical\" href=\"https:\/\/rutana.lt\/en\/product\/popieriniai-ranksluosciai-h3-tork-singlefold-advanced-290163\/\" \/>\n<meta property=\"og:locale\" content=\"en_US\" \/>\n<meta property=\"og:type\" content=\"article\" \/>\n<meta property=\"og:title\" content=\"Popieriniai rank\u0161luos\u010diai H3 Tork Singlefold Advanced 290163 - Rutana - Ra\u0161tin\u0117s reikmenys\" \/>\n<meta property=\"og:description\" content=\"Patenkinkite lankytoj\u0173 rank\u0173 nusausinimo poreikius su kokybi\u0161kais sulankstytais popieriniais rank\u0161luos\u010diais \u201eTork Singlefold Advanced\u201c, kur vienodai svarbu kaina ir efektyvumas. \u0160iuos rank\u0161luos\u010dius galima sud\u0117ti \u012f sulankstyt\u0173 popierini\u0173 rank\u0161luos\u010di\u0173 dozatorius \u201eTork Singlefold\u201c, esan\u010dius patalpose, kurioms keliami auk\u0161tesni reikalavimai. Patikima dozavimo po vien\u0105 lapel\u012f sistema suma\u017eina popierini\u0173 rank\u0161luos\u010di\u0173 s\u0105naudas ir atliek\u0173 kiek\u012f. Didelis rank\u0161luos\u010di\u0173 kiekis viename pakete: u\u017eteks [&hellip;]\" \/>\n<meta property=\"og:url\" content=\"https:\/\/rutana.lt\/en\/product\/popieriniai-ranksluosciai-h3-tork-singlefold-advanced-290163\/\" \/>\n<meta property=\"og:site_name\" content=\"Rutana - Ra\u0161tin\u0117s reikmenys\" \/>\n<meta property=\"article:publisher\" content=\"https:\/\/www.facebook.com\/RutanaKanceliarinesPrekes\/\" \/>\n<meta property=\"article:modified_time\" content=\"2025-10-13T13:19:39+00:00\" \/>\n<meta property=\"og:image\" content=\"https:\/\/rutana.lt\/wp-content\/uploads\/2025\/09\/A082-100.jpg\" \/>\n\t<meta property=\"og:image:width\" content=\"724\" \/>\n\t<meta property=\"og:image:height\" content=\"700\" \/>\n\t<meta property=\"og:image:type\" content=\"image\/jpeg\" \/>\n<meta name=\"twitter:card\" content=\"summary_large_image\" \/>\n<meta name=\"twitter:label1\" content=\"Est. reading time\" \/>\n\t<meta name=\"twitter:data1\" content=\"1 minute\" \/>\n<script type=\"application\/ld+json\" class=\"yoast-schema-graph\">{\"@context\":\"https:\/\/schema.org\",\"@graph\":[{\"@type\":\"WebPage\",\"@id\":\"https:\/\/rutana.lt\/produktas\/popieriniai-ranksluosciai-h3-tork-singlefold-advanced-290163\/\",\"url\":\"https:\/\/rutana.lt\/produktas\/popieriniai-ranksluosciai-h3-tork-singlefold-advanced-290163\/\",\"name\":\"Popieriniai rank\u0161luos\u010diai H3 Tork Singlefold Advanced 290163 - Rutana - Ra\u0161tin\u0117s reikmenys\",\"isPartOf\":{\"@id\":\"https:\/\/rutana.lt\/#website\"},\"primaryImageOfPage\":{\"@id\":\"https:\/\/rutana.lt\/produktas\/popieriniai-ranksluosciai-h3-tork-singlefold-advanced-290163\/#primaryimage\"},\"image\":{\"@id\":\"https:\/\/rutana.lt\/produktas\/popieriniai-ranksluosciai-h3-tork-singlefold-advanced-290163\/#primaryimage\"},\"thumbnailUrl\":\"https:\/\/rutana.lt\/wp-content\/uploads\/2025\/09\/A082-100-1.jpg?v=1763623080\",\"datePublished\":\"2025-09-03T06:38:44+00:00\",\"dateModified\":\"2025-10-13T13:19:39+00:00\",\"breadcrumb\":{\"@id\":\"https:\/\/rutana.lt\/produktas\/popieriniai-ranksluosciai-h3-tork-singlefold-advanced-290163\/#breadcrumb\"},\"inLanguage\":\"en-US\",\"potentialAction\":[{\"@type\":\"ReadAction\",\"target\":[\"https:\/\/rutana.lt\/produktas\/popieriniai-ranksluosciai-h3-tork-singlefold-advanced-290163\/\"]}]},{\"@type\":\"ImageObject\",\"inLanguage\":\"en-US\",\"@id\":\"https:\/\/rutana.lt\/produktas\/popieriniai-ranksluosciai-h3-tork-singlefold-advanced-290163\/#primaryimage\",\"url\":\"https:\/\/rutana.lt\/wp-content\/uploads\/2025\/09\/A082-100-1.jpg?v=1763623080\",\"contentUrl\":\"https:\/\/rutana.lt\/wp-content\/uploads\/2025\/09\/A082-100-1.jpg?v=1763623080\",\"width\":724,\"height\":700},{\"@type\":\"BreadcrumbList\",\"@id\":\"https:\/\/rutana.lt\/produktas\/popieriniai-ranksluosciai-h3-tork-singlefold-advanced-290163\/#breadcrumb\",\"itemListElement\":[{\"@type\":\"ListItem\",\"position\":1,\"name\":\"Home\",\"item\":\"https:\/\/rutana.lt\/\"},{\"@type\":\"ListItem\",\"position\":2,\"name\":\"Parduotuv\u0117\",\"item\":\"https:\/\/rutana.lt\/parduotuve\/\"},{\"@type\":\"ListItem\",\"position\":3,\"name\":\"Popieriniai rank\u0161luos\u010diai H3 Tork Singlefold Advanced 290163\"}]},{\"@type\":\"WebSite\",\"@id\":\"https:\/\/rutana.lt\/#website\",\"url\":\"https:\/\/rutana.lt\/\",\"name\":\"Rutana - Ra\u0161tin\u0117s reikmenys\",\"description\":\"Prekiaujame pasaulin\u0117je rinkoje pripa\u017eintomis, kokybi\u0161komis biuro prek\u0117mis toki\u0173  gamintoj\u0173 kaip: Schneider, Esselte, Novus, 3M, Faber-Castell, Citizen, Milan, Leitz, Colop, Zebra, Staedtler, Durable, Tork, Parker, Waterman ir kt.\",\"publisher\":{\"@id\":\"https:\/\/rutana.lt\/#organization\"},\"potentialAction\":[{\"@type\":\"SearchAction\",\"target\":{\"@type\":\"EntryPoint\",\"urlTemplate\":\"https:\/\/rutana.lt\/?s={search_term_string}\"},\"query-input\":{\"@type\":\"PropertyValueSpecification\",\"valueRequired\":true,\"valueName\":\"search_term_string\"}}],\"inLanguage\":\"en-US\"},{\"@type\":\"Organization\",\"@id\":\"https:\/\/rutana.lt\/#organization\",\"name\":\"Rutana - Ra\u0161tin\u0117s reikmenys\",\"url\":\"https:\/\/rutana.lt\/\",\"logo\":{\"@type\":\"ImageObject\",\"inLanguage\":\"en-US\",\"@id\":\"https:\/\/rutana.lt\/#\/schema\/logo\/image\/\",\"url\":\"https:\/\/rutana.lt\/wp-content\/uploads\/2025\/10\/Asset-32.png\",\"contentUrl\":\"https:\/\/rutana.lt\/wp-content\/uploads\/2025\/10\/Asset-32.png\",\"width\":433,\"height\":119,\"caption\":\"Rutana - Ra\u0161tin\u0117s reikmenys\"},\"image\":{\"@id\":\"https:\/\/rutana.lt\/#\/schema\/logo\/image\/\"},\"sameAs\":[\"https:\/\/www.facebook.com\/RutanaKanceliarinesPrekes\/\"]}]}<\/script>\n<!-- \/ Yoast SEO plugin. -->","yoast_head_json":{"title":"Popieriniai rank\u0161luos\u010diai H3 Tork Singlefold Advanced 290163 - Rutana - Ra\u0161tin\u0117s reikmenys","robots":{"index":"index","follow":"follow","max-snippet":"max-snippet:-1","max-image-preview":"max-image-preview:large","max-video-preview":"max-video-preview:-1"},"canonical":"https:\/\/rutana.lt\/en\/product\/popieriniai-ranksluosciai-h3-tork-singlefold-advanced-290163\/","og_locale":"en_US","og_type":"article","og_title":"Popieriniai rank\u0161luos\u010diai H3 Tork Singlefold Advanced 290163 - Rutana - Ra\u0161tin\u0117s reikmenys","og_description":"Patenkinkite lankytoj\u0173 rank\u0173 nusausinimo poreikius su kokybi\u0161kais sulankstytais popieriniais rank\u0161luos\u010diais \u201eTork Singlefold Advanced\u201c, kur vienodai svarbu kaina ir efektyvumas. \u0160iuos rank\u0161luos\u010dius galima sud\u0117ti \u012f sulankstyt\u0173 popierini\u0173 rank\u0161luos\u010di\u0173 dozatorius \u201eTork Singlefold\u201c, esan\u010dius patalpose, kurioms keliami auk\u0161tesni reikalavimai. Patikima dozavimo po vien\u0105 lapel\u012f sistema suma\u017eina popierini\u0173 rank\u0161luos\u010di\u0173 s\u0105naudas ir atliek\u0173 kiek\u012f. Didelis rank\u0161luos\u010di\u0173 kiekis viename pakete: u\u017eteks [&hellip;]","og_url":"https:\/\/rutana.lt\/en\/product\/popieriniai-ranksluosciai-h3-tork-singlefold-advanced-290163\/","og_site_name":"Rutana - Ra\u0161tin\u0117s reikmenys","article_publisher":"https:\/\/www.facebook.com\/RutanaKanceliarinesPrekes\/","article_modified_time":"2025-10-13T13:19:39+00:00","og_image":[{"width":724,"height":700,"url":"https:\/\/rutana.lt\/wp-content\/uploads\/2025\/09\/A082-100.jpg","type":"image\/jpeg"}],"twitter_card":"summary_large_image","twitter_misc":{"Est. reading time":"1 minute"},"schema":{"@context":"https:\/\/schema.org","@graph":[{"@type":"WebPage","@id":"https:\/\/rutana.lt\/produktas\/popieriniai-ranksluosciai-h3-tork-singlefold-advanced-290163\/","url":"https:\/\/rutana.lt\/produktas\/popieriniai-ranksluosciai-h3-tork-singlefold-advanced-290163\/","name":"Popieriniai rank\u0161luos\u010diai H3 Tork Singlefold Advanced 290163 - Rutana - Ra\u0161tin\u0117s reikmenys","isPartOf":{"@id":"https:\/\/rutana.lt\/#website"},"primaryImageOfPage":{"@id":"https:\/\/rutana.lt\/produktas\/popieriniai-ranksluosciai-h3-tork-singlefold-advanced-290163\/#primaryimage"},"image":{"@id":"https:\/\/rutana.lt\/produktas\/popieriniai-ranksluosciai-h3-tork-singlefold-advanced-290163\/#primaryimage"},"thumbnailUrl":"https:\/\/rutana.lt\/wp-content\/uploads\/2025\/09\/A082-100-1.jpg?v=1763623080","datePublished":"2025-09-03T06:38:44+00:00","dateModified":"2025-10-13T13:19:39+00:00","breadcrumb":{"@id":"https:\/\/rutana.lt\/produktas\/popieriniai-ranksluosciai-h3-tork-singlefold-advanced-290163\/#breadcrumb"},"inLanguage":"en-US","potentialAction":[{"@type":"ReadAction","target":["https:\/\/rutana.lt\/produktas\/popieriniai-ranksluosciai-h3-tork-singlefold-advanced-290163\/"]}]},{"@type":"ImageObject","inLanguage":"en-US","@id":"https:\/\/rutana.lt\/produktas\/popieriniai-ranksluosciai-h3-tork-singlefold-advanced-290163\/#primaryimage","url":"https:\/\/rutana.lt\/wp-content\/uploads\/2025\/09\/A082-100-1.jpg?v=1763623080","contentUrl":"https:\/\/rutana.lt\/wp-content\/uploads\/2025\/09\/A082-100-1.jpg?v=1763623080","width":724,"height":700},{"@type":"BreadcrumbList","@id":"https:\/\/rutana.lt\/produktas\/popieriniai-ranksluosciai-h3-tork-singlefold-advanced-290163\/#breadcrumb","itemListElement":[{"@type":"ListItem","position":1,"name":"Home","item":"https:\/\/rutana.lt\/"},{"@type":"ListItem","position":2,"name":"Parduotuv\u0117","item":"https:\/\/rutana.lt\/parduotuve\/"},{"@type":"ListItem","position":3,"name":"Popieriniai rank\u0161luos\u010diai H3 Tork Singlefold Advanced 290163"}]},{"@type":"WebSite","@id":"https:\/\/rutana.lt\/#website","url":"https:\/\/rutana.lt\/","name":"Rutana - Ra\u0161tin\u0117s reikmenys","description":"Prekiaujame pasaulin\u0117je rinkoje pripa\u017eintomis, kokybi\u0161komis biuro prek\u0117mis toki\u0173  gamintoj\u0173 kaip: Schneider, Esselte, Novus, 3M, Faber-Castell, Citizen, Milan, Leitz, Colop, Zebra, Staedtler, Durable, Tork, Parker, Waterman ir kt.","publisher":{"@id":"https:\/\/rutana.lt\/#organization"},"potentialAction":[{"@type":"SearchAction","target":{"@type":"EntryPoint","urlTemplate":"https:\/\/rutana.lt\/?s={search_term_string}"},"query-input":{"@type":"PropertyValueSpecification","valueRequired":true,"valueName":"search_term_string"}}],"inLanguage":"en-US"},{"@type":"Organization","@id":"https:\/\/rutana.lt\/#organization","name":"Rutana - Ra\u0161tin\u0117s reikmenys","url":"https:\/\/rutana.lt\/","logo":{"@type":"ImageObject","inLanguage":"en-US","@id":"https:\/\/rutana.lt\/#\/schema\/logo\/image\/","url":"https:\/\/rutana.lt\/wp-content\/uploads\/2025\/10\/Asset-32.png","contentUrl":"https:\/\/rutana.lt\/wp-content\/uploads\/2025\/10\/Asset-32.png","width":433,"height":119,"caption":"Rutana - Ra\u0161tin\u0117s reikmenys"},"image":{"@id":"https:\/\/rutana.lt\/#\/schema\/logo\/image\/"},"sameAs":["https:\/\/www.facebook.com\/RutanaKanceliarinesPrekes\/"]}]}},"_links":{"self":[{"href":"https:\/\/rutana.lt\/en\/wp-json\/wp\/v2\/product\/3984","targetHints":{"allow":["GET"]}}],"collection":[{"href":"https:\/\/rutana.lt\/en\/wp-json\/wp\/v2\/product"}],"about":[{"href":"https:\/\/rutana.lt\/en\/wp-json\/wp\/v2\/types\/product"}],"replies":[{"embeddable":true,"href":"https:\/\/rutana.lt\/en\/wp-json\/wp\/v2\/comments?post=3984"}],"version-history":[{"count":1,"href":"https:\/\/rutana.lt\/en\/wp-json\/wp\/v2\/product\/3984\/revisions"}],"predecessor-version":[{"id":4029,"href":"https:\/\/rutana.lt\/en\/wp-json\/wp\/v2\/product\/3984\/revisions\/4029"}],"wp:featuredmedia":[{"embeddable":true,"href":"https:\/\/rutana.lt\/en\/wp-json\/wp\/v2\/media\/25021"}],"wp:attachment":[{"href":"https:\/\/rutana.lt\/en\/wp-json\/wp\/v2\/media?parent=3984"}],"wp:term":[{"taxonomy":"product_brand","embeddable":true,"href":"https:\/\/rutana.lt\/en\/wp-json\/wp\/v2\/product_brand?post=3984"},{"taxonomy":"product_cat","embeddable":true,"href":"https:\/\/rutana.lt\/en\/wp-json\/wp\/v2\/product_cat?post=3984"},{"taxonomy":"product_tag","embeddable":true,"href":"https:\/\/rutana.lt\/en\/wp-json\/wp\/v2\/product_tag?post=3984"}],"curies":[{"name":"wp","href":"https:\/\/api.w.org\/{rel}","templated":true}]}}