{"id":3982,"date":"2025-09-03T08:38:43","date_gmt":"2025-09-03T06:38:43","guid":{"rendered":"https:\/\/rutana.webdemo.lt\/?post_type=product&#038;p=3982"},"modified":"2026-02-11T18:18:08","modified_gmt":"2026-02-11T16:18:08","slug":"popieriniai-ranksluosciai-h2-tork-xpress-multifold-premium-100297","status":"publish","type":"product","link":"https:\/\/rutana.lt\/en\/product\/popieriniai-ranksluosciai-h2-tork-xpress-multifold-premium-100297\/","title":{"rendered":"Popieriniai rank\u0161luos\u010diai H2 Tork  Xpress\u00ae Multifold Premium 100297"},"content":{"rendered":"<p>Leiskite savo lankytojams puikiai ir patogiai nusausinti rankas su kokybi\u0161kais, dideliais ir mink\u0161tais sulankstytais popieriniais rank\u0161luos\u010diais \u201eTork Xpress\u00ae Multifold Premium\u201c, kurie nedirgina rank\u0173 odos. \u0160iuos rank\u0161luos\u010dius galima sud\u0117ti \u012f sulankstyt\u0173 popierini\u0173 rank\u0161luos\u010di\u0173 dozatorius \u201eTork Xpress\u00ae Multifold\u201c vidutini\u0161kai lankomose higienin\u0117se patalpose. \u0160ie rank\u0161luos\u010diai tinka ma\u017eose patalpose, kuriose lankytojams suteikiamas komfortas ir higiena. Tvir\u010diausias ir geriausiai sugeriantis popierius \u201eQuickDry\u2122\u201c dar efektyviau nusausina, j\u012f naudojant lieka ma\u017eiau atliek\u0173. Rank\u0161luos\u010diai sulankstyti taip, kad b\u016bt\u0173 dozuojami po vien\u0105, tod\u0117l suma\u017e\u0117ja s\u0105naud\u0173 ir geriau palaikoma \u0161vara. Patrauklus \u201eTork\u201c lapeliais dekoruotas pie\u0161inys dar labiau pagerina \u012fsp\u016bd\u012f.<\/p>\n<p>Naudojama laikikli\u0173 sistema: H2 &#8211; &#8222;Multifold&#8221; rank\u0161luos\u010di\u0173 sistema<\/p>\n<p>I\u0161lankstytos servet\u0117l\u0117s ilgis: 34 cm<\/p>\n<p>I\u0161lankstytos servet\u0117l\u0117s plotis: 21.2 cm<\/p>\n<p>Sulankstyt\u0173 servet\u0117li\u0173 pakuot\u0117s ilgis: 8.5 cm<\/p>\n<p>Sulankstyt\u0173 servet\u0117li\u0173 pakuot\u0117s plotis: 21.2 cm<\/p>\n<p>Servet\u0117li\u0173 kiekis pakuot\u0117je: 100<\/p>\n<p>Sluoksniai: 2<\/p>\n<p>Spalva: balta<\/p>\n<p>Spauda: taip<\/p>\n<p>Reljefinis: taip<\/p>\n<p>Kilm\u0117s \u0161alis: \u0160vedija<\/p>\n<p>&nbsp;<\/p>\n<p>&nbsp;<\/p>","protected":false},"excerpt":{"rendered":"<p>\u0160iuos rank\u0161luos\u010dius galima sud\u0117ti \u012f sulankstyt\u0173 popierini\u0173 rank\u0161luos\u010di\u0173 dozatorius \u201eTork Xpress\u00ae Multifold\u201c vidutini\u0161kai lankomose higienin\u0117se patalpose.<\/p>","protected":false},"featured_media":25019,"comment_status":"open","ping_status":"closed","template":"","meta":{"_season_start":"","_season_end":"","_season_days":"","_season_months":"","_season_auto_visibility":"1"},"product_brand":[231],"product_cat":[1620],"product_tag":[],"class_list":{"0":"post-3982","1":"product","2":"type-product","3":"status-publish","4":"has-post-thumbnail","6":"product_brand-tork","7":"product_cat-popieriniai-ranksluosciai","9":"first","10":"instock","11":"taxable","12":"shipping-taxable","13":"purchasable","14":"product-type-simple"},"yoast_head":"<!-- This site is optimized with the Yoast SEO plugin v26.1.1 - https:\/\/yoast.com\/wordpress\/plugins\/seo\/ -->\n<title>Popieriniai rank\u0161luos\u010diai H2 Tork Xpress\u00ae Multifold Premium 100297 - Rutana - Ra\u0161tin\u0117s reikmenys<\/title>\n<meta name=\"robots\" content=\"index, follow, max-snippet:-1, max-image-preview:large, max-video-preview:-1\" \/>\n<link rel=\"canonical\" href=\"https:\/\/rutana.lt\/en\/product\/popieriniai-ranksluosciai-h2-tork-xpress-multifold-premium-100297\/\" \/>\n<meta property=\"og:locale\" content=\"en_US\" \/>\n<meta property=\"og:type\" content=\"article\" \/>\n<meta property=\"og:title\" content=\"Popieriniai rank\u0161luos\u010diai H2 Tork Xpress\u00ae Multifold Premium 100297 - Rutana - Ra\u0161tin\u0117s reikmenys\" \/>\n<meta property=\"og:description\" content=\"\u0160iuos rank\u0161luos\u010dius galima sud\u0117ti \u012f sulankstyt\u0173 popierini\u0173 rank\u0161luos\u010di\u0173 dozatorius \u201eTork Xpress\u00ae Multifold\u201c vidutini\u0161kai lankomose higienin\u0117se patalpose.\" \/>\n<meta property=\"og:url\" content=\"https:\/\/rutana.lt\/en\/product\/popieriniai-ranksluosciai-h2-tork-xpress-multifold-premium-100297\/\" \/>\n<meta property=\"og:site_name\" content=\"Rutana - Ra\u0161tin\u0117s reikmenys\" \/>\n<meta property=\"article:publisher\" content=\"https:\/\/www.facebook.com\/RutanaKanceliarinesPrekes\/\" \/>\n<meta property=\"article:modified_time\" content=\"2026-02-11T16:18:08+00:00\" \/>\n<meta property=\"og:image\" content=\"https:\/\/rutana.lt\/wp-content\/uploads\/2025\/09\/A083-753-1.jpg?v=1763623081\" \/>\n\t<meta property=\"og:image:width\" content=\"600\" \/>\n\t<meta property=\"og:image:height\" content=\"574\" \/>\n\t<meta property=\"og:image:type\" content=\"image\/jpeg\" \/>\n<meta name=\"twitter:card\" content=\"summary_large_image\" \/>\n<meta name=\"twitter:label1\" content=\"Est. reading time\" \/>\n\t<meta name=\"twitter:data1\" content=\"1 minute\" \/>\n<script type=\"application\/ld+json\" class=\"yoast-schema-graph\">{\"@context\":\"https:\/\/schema.org\",\"@graph\":[{\"@type\":\"WebPage\",\"@id\":\"https:\/\/rutana.lt\/produktas\/popieriniai-ranksluosciai-h2-tork-xpress-multifold-premium-100297\/\",\"url\":\"https:\/\/rutana.lt\/produktas\/popieriniai-ranksluosciai-h2-tork-xpress-multifold-premium-100297\/\",\"name\":\"Popieriniai rank\u0161luos\u010diai H2 Tork Xpress\u00ae Multifold Premium 100297 - Rutana - Ra\u0161tin\u0117s reikmenys\",\"isPartOf\":{\"@id\":\"https:\/\/rutana.lt\/#website\"},\"primaryImageOfPage\":{\"@id\":\"https:\/\/rutana.lt\/produktas\/popieriniai-ranksluosciai-h2-tork-xpress-multifold-premium-100297\/#primaryimage\"},\"image\":{\"@id\":\"https:\/\/rutana.lt\/produktas\/popieriniai-ranksluosciai-h2-tork-xpress-multifold-premium-100297\/#primaryimage\"},\"thumbnailUrl\":\"https:\/\/rutana.lt\/wp-content\/uploads\/2025\/09\/A083-753-1.jpg?v=1763623081\",\"datePublished\":\"2025-09-03T06:38:43+00:00\",\"dateModified\":\"2026-02-11T16:18:08+00:00\",\"breadcrumb\":{\"@id\":\"https:\/\/rutana.lt\/produktas\/popieriniai-ranksluosciai-h2-tork-xpress-multifold-premium-100297\/#breadcrumb\"},\"inLanguage\":\"en-US\",\"potentialAction\":[{\"@type\":\"ReadAction\",\"target\":[\"https:\/\/rutana.lt\/produktas\/popieriniai-ranksluosciai-h2-tork-xpress-multifold-premium-100297\/\"]}]},{\"@type\":\"ImageObject\",\"inLanguage\":\"en-US\",\"@id\":\"https:\/\/rutana.lt\/produktas\/popieriniai-ranksluosciai-h2-tork-xpress-multifold-premium-100297\/#primaryimage\",\"url\":\"https:\/\/rutana.lt\/wp-content\/uploads\/2025\/09\/A083-753-1.jpg?v=1763623081\",\"contentUrl\":\"https:\/\/rutana.lt\/wp-content\/uploads\/2025\/09\/A083-753-1.jpg?v=1763623081\",\"width\":600,\"height\":574},{\"@type\":\"BreadcrumbList\",\"@id\":\"https:\/\/rutana.lt\/produktas\/popieriniai-ranksluosciai-h2-tork-xpress-multifold-premium-100297\/#breadcrumb\",\"itemListElement\":[{\"@type\":\"ListItem\",\"position\":1,\"name\":\"Home\",\"item\":\"https:\/\/rutana.lt\/\"},{\"@type\":\"ListItem\",\"position\":2,\"name\":\"Parduotuv\u0117\",\"item\":\"https:\/\/rutana.lt\/parduotuve\/\"},{\"@type\":\"ListItem\",\"position\":3,\"name\":\"Popieriniai rank\u0161luos\u010diai H2 Tork Xpress\u00ae Multifold Premium 100297\"}]},{\"@type\":\"WebSite\",\"@id\":\"https:\/\/rutana.lt\/#website\",\"url\":\"https:\/\/rutana.lt\/\",\"name\":\"Rutana - Ra\u0161tin\u0117s reikmenys\",\"description\":\"Prekiaujame pasaulin\u0117je rinkoje pripa\u017eintomis, kokybi\u0161komis biuro prek\u0117mis toki\u0173  gamintoj\u0173 kaip: Schneider, Esselte, Novus, 3M, Faber-Castell, Citizen, Milan, Leitz, Colop, Zebra, Staedtler, Durable, Tork, Parker, Waterman ir kt.\",\"publisher\":{\"@id\":\"https:\/\/rutana.lt\/#organization\"},\"potentialAction\":[{\"@type\":\"SearchAction\",\"target\":{\"@type\":\"EntryPoint\",\"urlTemplate\":\"https:\/\/rutana.lt\/?s={search_term_string}\"},\"query-input\":{\"@type\":\"PropertyValueSpecification\",\"valueRequired\":true,\"valueName\":\"search_term_string\"}}],\"inLanguage\":\"en-US\"},{\"@type\":\"Organization\",\"@id\":\"https:\/\/rutana.lt\/#organization\",\"name\":\"Rutana - Ra\u0161tin\u0117s reikmenys\",\"url\":\"https:\/\/rutana.lt\/\",\"logo\":{\"@type\":\"ImageObject\",\"inLanguage\":\"en-US\",\"@id\":\"https:\/\/rutana.lt\/#\/schema\/logo\/image\/\",\"url\":\"https:\/\/rutana.lt\/wp-content\/uploads\/2025\/10\/Asset-32.png\",\"contentUrl\":\"https:\/\/rutana.lt\/wp-content\/uploads\/2025\/10\/Asset-32.png\",\"width\":433,\"height\":119,\"caption\":\"Rutana - Ra\u0161tin\u0117s reikmenys\"},\"image\":{\"@id\":\"https:\/\/rutana.lt\/#\/schema\/logo\/image\/\"},\"sameAs\":[\"https:\/\/www.facebook.com\/RutanaKanceliarinesPrekes\/\"]}]}<\/script>\n<!-- \/ Yoast SEO plugin. -->","yoast_head_json":{"title":"Popieriniai rank\u0161luos\u010diai H2 Tork Xpress\u00ae Multifold Premium 100297 - Rutana - Ra\u0161tin\u0117s reikmenys","robots":{"index":"index","follow":"follow","max-snippet":"max-snippet:-1","max-image-preview":"max-image-preview:large","max-video-preview":"max-video-preview:-1"},"canonical":"https:\/\/rutana.lt\/en\/product\/popieriniai-ranksluosciai-h2-tork-xpress-multifold-premium-100297\/","og_locale":"en_US","og_type":"article","og_title":"Popieriniai rank\u0161luos\u010diai H2 Tork Xpress\u00ae Multifold Premium 100297 - Rutana - Ra\u0161tin\u0117s reikmenys","og_description":"\u0160iuos rank\u0161luos\u010dius galima sud\u0117ti \u012f sulankstyt\u0173 popierini\u0173 rank\u0161luos\u010di\u0173 dozatorius \u201eTork Xpress\u00ae Multifold\u201c vidutini\u0161kai lankomose higienin\u0117se patalpose.","og_url":"https:\/\/rutana.lt\/en\/product\/popieriniai-ranksluosciai-h2-tork-xpress-multifold-premium-100297\/","og_site_name":"Rutana - Ra\u0161tin\u0117s reikmenys","article_publisher":"https:\/\/www.facebook.com\/RutanaKanceliarinesPrekes\/","article_modified_time":"2026-02-11T16:18:08+00:00","og_image":[{"width":600,"height":574,"url":"https:\/\/rutana.lt\/wp-content\/uploads\/2025\/09\/A083-753-1.jpg?v=1763623081","type":"image\/jpeg"}],"twitter_card":"summary_large_image","twitter_misc":{"Est. reading time":"1 minute"},"schema":{"@context":"https:\/\/schema.org","@graph":[{"@type":"WebPage","@id":"https:\/\/rutana.lt\/produktas\/popieriniai-ranksluosciai-h2-tork-xpress-multifold-premium-100297\/","url":"https:\/\/rutana.lt\/produktas\/popieriniai-ranksluosciai-h2-tork-xpress-multifold-premium-100297\/","name":"Popieriniai rank\u0161luos\u010diai H2 Tork Xpress\u00ae Multifold Premium 100297 - Rutana - Ra\u0161tin\u0117s reikmenys","isPartOf":{"@id":"https:\/\/rutana.lt\/#website"},"primaryImageOfPage":{"@id":"https:\/\/rutana.lt\/produktas\/popieriniai-ranksluosciai-h2-tork-xpress-multifold-premium-100297\/#primaryimage"},"image":{"@id":"https:\/\/rutana.lt\/produktas\/popieriniai-ranksluosciai-h2-tork-xpress-multifold-premium-100297\/#primaryimage"},"thumbnailUrl":"https:\/\/rutana.lt\/wp-content\/uploads\/2025\/09\/A083-753-1.jpg?v=1763623081","datePublished":"2025-09-03T06:38:43+00:00","dateModified":"2026-02-11T16:18:08+00:00","breadcrumb":{"@id":"https:\/\/rutana.lt\/produktas\/popieriniai-ranksluosciai-h2-tork-xpress-multifold-premium-100297\/#breadcrumb"},"inLanguage":"en-US","potentialAction":[{"@type":"ReadAction","target":["https:\/\/rutana.lt\/produktas\/popieriniai-ranksluosciai-h2-tork-xpress-multifold-premium-100297\/"]}]},{"@type":"ImageObject","inLanguage":"en-US","@id":"https:\/\/rutana.lt\/produktas\/popieriniai-ranksluosciai-h2-tork-xpress-multifold-premium-100297\/#primaryimage","url":"https:\/\/rutana.lt\/wp-content\/uploads\/2025\/09\/A083-753-1.jpg?v=1763623081","contentUrl":"https:\/\/rutana.lt\/wp-content\/uploads\/2025\/09\/A083-753-1.jpg?v=1763623081","width":600,"height":574},{"@type":"BreadcrumbList","@id":"https:\/\/rutana.lt\/produktas\/popieriniai-ranksluosciai-h2-tork-xpress-multifold-premium-100297\/#breadcrumb","itemListElement":[{"@type":"ListItem","position":1,"name":"Home","item":"https:\/\/rutana.lt\/"},{"@type":"ListItem","position":2,"name":"Parduotuv\u0117","item":"https:\/\/rutana.lt\/parduotuve\/"},{"@type":"ListItem","position":3,"name":"Popieriniai rank\u0161luos\u010diai H2 Tork Xpress\u00ae Multifold Premium 100297"}]},{"@type":"WebSite","@id":"https:\/\/rutana.lt\/#website","url":"https:\/\/rutana.lt\/","name":"Rutana - Ra\u0161tin\u0117s reikmenys","description":"Prekiaujame pasaulin\u0117je rinkoje pripa\u017eintomis, kokybi\u0161komis biuro prek\u0117mis toki\u0173  gamintoj\u0173 kaip: Schneider, Esselte, Novus, 3M, Faber-Castell, Citizen, Milan, Leitz, Colop, Zebra, Staedtler, Durable, Tork, Parker, Waterman ir kt.","publisher":{"@id":"https:\/\/rutana.lt\/#organization"},"potentialAction":[{"@type":"SearchAction","target":{"@type":"EntryPoint","urlTemplate":"https:\/\/rutana.lt\/?s={search_term_string}"},"query-input":{"@type":"PropertyValueSpecification","valueRequired":true,"valueName":"search_term_string"}}],"inLanguage":"en-US"},{"@type":"Organization","@id":"https:\/\/rutana.lt\/#organization","name":"Rutana - Ra\u0161tin\u0117s reikmenys","url":"https:\/\/rutana.lt\/","logo":{"@type":"ImageObject","inLanguage":"en-US","@id":"https:\/\/rutana.lt\/#\/schema\/logo\/image\/","url":"https:\/\/rutana.lt\/wp-content\/uploads\/2025\/10\/Asset-32.png","contentUrl":"https:\/\/rutana.lt\/wp-content\/uploads\/2025\/10\/Asset-32.png","width":433,"height":119,"caption":"Rutana - Ra\u0161tin\u0117s reikmenys"},"image":{"@id":"https:\/\/rutana.lt\/#\/schema\/logo\/image\/"},"sameAs":["https:\/\/www.facebook.com\/RutanaKanceliarinesPrekes\/"]}]}},"_links":{"self":[{"href":"https:\/\/rutana.lt\/en\/wp-json\/wp\/v2\/product\/3982","targetHints":{"allow":["GET"]}}],"collection":[{"href":"https:\/\/rutana.lt\/en\/wp-json\/wp\/v2\/product"}],"about":[{"href":"https:\/\/rutana.lt\/en\/wp-json\/wp\/v2\/types\/product"}],"replies":[{"embeddable":true,"href":"https:\/\/rutana.lt\/en\/wp-json\/wp\/v2\/comments?post=3982"}],"version-history":[{"count":3,"href":"https:\/\/rutana.lt\/en\/wp-json\/wp\/v2\/product\/3982\/revisions"}],"predecessor-version":[{"id":34891,"href":"https:\/\/rutana.lt\/en\/wp-json\/wp\/v2\/product\/3982\/revisions\/34891"}],"wp:featuredmedia":[{"embeddable":true,"href":"https:\/\/rutana.lt\/en\/wp-json\/wp\/v2\/media\/25019"}],"wp:attachment":[{"href":"https:\/\/rutana.lt\/en\/wp-json\/wp\/v2\/media?parent=3982"}],"wp:term":[{"taxonomy":"product_brand","embeddable":true,"href":"https:\/\/rutana.lt\/en\/wp-json\/wp\/v2\/product_brand?post=3982"},{"taxonomy":"product_cat","embeddable":true,"href":"https:\/\/rutana.lt\/en\/wp-json\/wp\/v2\/product_cat?post=3982"},{"taxonomy":"product_tag","embeddable":true,"href":"https:\/\/rutana.lt\/en\/wp-json\/wp\/v2\/product_tag?post=3982"}],"curies":[{"name":"wp","href":"https:\/\/api.w.org\/{rel}","templated":true}]}}