{"id":3936,"date":"2025-09-03T08:38:21","date_gmt":"2025-09-03T06:38:21","guid":{"rendered":"https:\/\/rutana.webdemo.lt\/?post_type=product&#038;p=3936"},"modified":"2025-10-13T15:19:30","modified_gmt":"2025-10-13T13:19:30","slug":"gazuotas-mineralinis-vanduo-300-ml-stikliniame-butelyje-neptunas","status":"publish","type":"product","link":"https:\/\/rutana.lt\/en\/product\/gazuotas-mineralinis-vanduo-300-ml-stikliniame-butelyje-neptunas\/","title":{"rendered":"Gazuotas mineralinis vanduo 300 ml stikliniame butelyje Nept\u016bnas"},"content":{"rendered":"<p><span style=\"background-color: rgb(255, 255, 255);\"><span style=\"color: rgb(85, 96, 98); font-family: Arial, Tahoma, Verdana, sans-serif;\">Nat\u016braliame mineraliniame vandenyje yra deguonies ir \u012fvairi\u0173 nauding\u0173 mineralini\u0173 med\u017eiag\u0173 jungini\u0173 \u2013 kalcio, magnio, natrio, gele\u017eies ir kit\u0173 drusk\u0173. Nedideli \u0161i\u0173 med\u017eiag\u0173 kiekiai yra vertingi \u017emogaus organizmo gyvybin\u0117ms funkcijoms. Jos suteikia vandeniui malon\u0173 skon\u012f, o per dideli drusk\u0173 kiekiai daro vanden\u012f neskan\u0173 ar netinkam\u0105 pastoviam vartojimui. <\/span><span style=\"color: rgb(85, 96, 98); font-family: Arial, Tahoma, Verdana, sans-serif;\">Reguliariam vartojimui rekomenduojamas ma\u017eai mineralini\u0173 med\u017eiag\u0173 turintis nat\u016bralus mineralinis vanduo, nes didelio mineralini\u0173 med\u017eiag\u0173 kiekio \u017emogaus organizmas ne\u012fsisavina. <\/span><em style=\"color: rgb(85, 96, 98); font-family: Arial, Tahoma, Verdana, sans-serif;\">Nept\u016bnas<\/em><span style=\"color: rgb(85, 96, 98); font-family: Arial, Tahoma, Verdana, sans-serif;\"> auk\u0161\u010diausios klas\u0117s nat\u016bralus mineralinis vanduo, atkeliaujantis tiesiai i\u0161 po\u017eemini\u0173 gr\u0119\u017eini\u0173 Var\u0117nos pu\u0161ynuose. <\/span><\/span><span style=\"color: rgb(85, 96, 98); font-family: Arial, Tahoma, Verdana, sans-serif;\">\u0160velniai gazuoto nat\u016bralaus mineralinio vandens <\/span><em style=\"color: rgb(85, 96, 98); font-family: Arial, Tahoma, Verdana, sans-serif;\">Nept\u016bnas<\/em><span style=\"color: rgb(85, 96, 98); font-family: Arial, Tahoma, Verdana, sans-serif;\"> lengvumas \u2013 itin ma\u017euose ir lengvuose burbuliukuose. Puikiai tinka ie\u0161kantiems gaivos ir \u012fvairesnio skonio.<\/span><\/p>\n<p><span style=\"color: rgb(85, 96, 98); font-family: Arial, Tahoma, Verdana, sans-serif;\">Talpa: 300 ml<\/span><\/p>\n<p><span style=\"color: rgb(85, 96, 98); font-family: Arial, Tahoma, Verdana, sans-serif;\">Tara: stiklas<\/span><\/p>\n<p><span style=\"color: rgb(85, 96, 98); font-family: Arial, Tahoma, Verdana, sans-serif;\">Vanduo: \u0161velniai gazuotas<\/span><\/p>\n<p><span style=\"color: rgb(85, 96, 98); font-family: Arial, Tahoma, Verdana, sans-serif;\">Depozitas: kaina nurodyta su depozitu<\/span><\/p>\n<p><span style=\"color: rgb(85, 96, 98); font-family: Arial, Tahoma, Verdana, sans-serif;\">Kilm\u0117s \u0161alis: Lietuva<\/span><\/p>\n<p><\/p>\n<p><\/p>","protected":false},"excerpt":{"rendered":"<p>Nat\u016braliame mineraliniame vandenyje yra deguonies ir \u012fvairi\u0173 nauding\u0173 mineralini\u0173 med\u017eiag\u0173 jungini\u0173 \u2013 kalcio, magnio, natrio, gele\u017eies ir kit\u0173 drusk\u0173. Nedideli \u0161i\u0173 med\u017eiag\u0173 kiekiai yra vertingi \u017emogaus organizmo gyvybin\u0117ms funkcijoms. Jos suteikia vandeniui malon\u0173 skon\u012f, o per dideli drusk\u0173 kiekiai daro vanden\u012f neskan\u0173 ar netinkam\u0105 pastoviam vartojimui. Reguliariam vartojimui rekomenduojamas ma\u017eai mineralini\u0173 med\u017eiag\u0173 turintis nat\u016bralus mineralinis [&hellip;]<\/p>","protected":false},"featured_media":25013,"comment_status":"open","ping_status":"closed","template":"","meta":{"_season_start":"","_season_end":"","_season_days":"","_season_months":"","_season_auto_visibility":""},"product_brand":[225],"product_cat":[1817],"product_tag":[],"class_list":{"0":"post-3936","1":"product","2":"type-product","3":"status-publish","4":"has-post-thumbnail","6":"product_brand-neptuno-vandenys","7":"product_cat-mineralinis-vanduo","9":"first","10":"instock","11":"taxable","12":"shipping-taxable","13":"purchasable","14":"product-type-simple"},"yoast_head":"<!-- This site is optimized with the Yoast SEO plugin v26.1.1 - https:\/\/yoast.com\/wordpress\/plugins\/seo\/ -->\n<title>Gazuotas mineralinis vanduo 300 ml stikliniame butelyje Nept\u016bnas - Rutana - Ra\u0161tin\u0117s reikmenys<\/title>\n<meta name=\"robots\" content=\"index, follow, max-snippet:-1, max-image-preview:large, max-video-preview:-1\" \/>\n<link rel=\"canonical\" href=\"https:\/\/rutana.lt\/en\/product\/gazuotas-mineralinis-vanduo-300-ml-stikliniame-butelyje-neptunas\/\" \/>\n<meta property=\"og:locale\" content=\"en_US\" \/>\n<meta property=\"og:type\" content=\"article\" \/>\n<meta property=\"og:title\" content=\"Gazuotas mineralinis vanduo 300 ml stikliniame butelyje Nept\u016bnas - Rutana - Ra\u0161tin\u0117s reikmenys\" \/>\n<meta property=\"og:description\" content=\"Nat\u016braliame mineraliniame vandenyje yra deguonies ir \u012fvairi\u0173 nauding\u0173 mineralini\u0173 med\u017eiag\u0173 jungini\u0173 \u2013 kalcio, magnio, natrio, gele\u017eies ir kit\u0173 drusk\u0173. Nedideli \u0161i\u0173 med\u017eiag\u0173 kiekiai yra vertingi \u017emogaus organizmo gyvybin\u0117ms funkcijoms. Jos suteikia vandeniui malon\u0173 skon\u012f, o per dideli drusk\u0173 kiekiai daro vanden\u012f neskan\u0173 ar netinkam\u0105 pastoviam vartojimui. Reguliariam vartojimui rekomenduojamas ma\u017eai mineralini\u0173 med\u017eiag\u0173 turintis nat\u016bralus mineralinis [&hellip;]\" \/>\n<meta property=\"og:url\" content=\"https:\/\/rutana.lt\/en\/product\/gazuotas-mineralinis-vanduo-300-ml-stikliniame-butelyje-neptunas\/\" \/>\n<meta property=\"og:site_name\" content=\"Rutana - Ra\u0161tin\u0117s reikmenys\" \/>\n<meta property=\"article:publisher\" content=\"https:\/\/www.facebook.com\/RutanaKanceliarinesPrekes\/\" \/>\n<meta property=\"article:modified_time\" content=\"2025-10-13T13:19:30+00:00\" \/>\n<meta property=\"og:image\" content=\"https:\/\/rutana.lt\/wp-content\/uploads\/2025\/09\/B091-870.jpg\" \/>\n\t<meta property=\"og:image:width\" content=\"504\" \/>\n\t<meta property=\"og:image:height\" content=\"680\" \/>\n\t<meta property=\"og:image:type\" content=\"image\/jpeg\" \/>\n<meta name=\"twitter:card\" content=\"summary_large_image\" \/>\n<meta name=\"twitter:label1\" content=\"Est. reading time\" \/>\n\t<meta name=\"twitter:data1\" content=\"1 minute\" \/>\n<script type=\"application\/ld+json\" class=\"yoast-schema-graph\">{\"@context\":\"https:\/\/schema.org\",\"@graph\":[{\"@type\":\"WebPage\",\"@id\":\"https:\/\/rutana.lt\/produktas\/gazuotas-mineralinis-vanduo-300-ml-stikliniame-butelyje-neptunas\/\",\"url\":\"https:\/\/rutana.lt\/produktas\/gazuotas-mineralinis-vanduo-300-ml-stikliniame-butelyje-neptunas\/\",\"name\":\"Gazuotas mineralinis vanduo 300 ml stikliniame butelyje Nept\u016bnas - Rutana - Ra\u0161tin\u0117s reikmenys\",\"isPartOf\":{\"@id\":\"https:\/\/rutana.lt\/#website\"},\"primaryImageOfPage\":{\"@id\":\"https:\/\/rutana.lt\/produktas\/gazuotas-mineralinis-vanduo-300-ml-stikliniame-butelyje-neptunas\/#primaryimage\"},\"image\":{\"@id\":\"https:\/\/rutana.lt\/produktas\/gazuotas-mineralinis-vanduo-300-ml-stikliniame-butelyje-neptunas\/#primaryimage\"},\"thumbnailUrl\":\"https:\/\/rutana.lt\/wp-content\/uploads\/2025\/09\/B091-870-1.jpg?v=1763623091\",\"datePublished\":\"2025-09-03T06:38:21+00:00\",\"dateModified\":\"2025-10-13T13:19:30+00:00\",\"breadcrumb\":{\"@id\":\"https:\/\/rutana.lt\/produktas\/gazuotas-mineralinis-vanduo-300-ml-stikliniame-butelyje-neptunas\/#breadcrumb\"},\"inLanguage\":\"en-US\",\"potentialAction\":[{\"@type\":\"ReadAction\",\"target\":[\"https:\/\/rutana.lt\/produktas\/gazuotas-mineralinis-vanduo-300-ml-stikliniame-butelyje-neptunas\/\"]}]},{\"@type\":\"ImageObject\",\"inLanguage\":\"en-US\",\"@id\":\"https:\/\/rutana.lt\/produktas\/gazuotas-mineralinis-vanduo-300-ml-stikliniame-butelyje-neptunas\/#primaryimage\",\"url\":\"https:\/\/rutana.lt\/wp-content\/uploads\/2025\/09\/B091-870-1.jpg?v=1763623091\",\"contentUrl\":\"https:\/\/rutana.lt\/wp-content\/uploads\/2025\/09\/B091-870-1.jpg?v=1763623091\",\"width\":504,\"height\":680},{\"@type\":\"BreadcrumbList\",\"@id\":\"https:\/\/rutana.lt\/produktas\/gazuotas-mineralinis-vanduo-300-ml-stikliniame-butelyje-neptunas\/#breadcrumb\",\"itemListElement\":[{\"@type\":\"ListItem\",\"position\":1,\"name\":\"Home\",\"item\":\"https:\/\/rutana.lt\/\"},{\"@type\":\"ListItem\",\"position\":2,\"name\":\"Parduotuv\u0117\",\"item\":\"https:\/\/rutana.lt\/parduotuve\/\"},{\"@type\":\"ListItem\",\"position\":3,\"name\":\"Gazuotas mineralinis vanduo 300 ml stikliniame butelyje Nept\u016bnas\"}]},{\"@type\":\"WebSite\",\"@id\":\"https:\/\/rutana.lt\/#website\",\"url\":\"https:\/\/rutana.lt\/\",\"name\":\"Rutana - Ra\u0161tin\u0117s reikmenys\",\"description\":\"Prekiaujame pasaulin\u0117je rinkoje pripa\u017eintomis, kokybi\u0161komis biuro prek\u0117mis toki\u0173  gamintoj\u0173 kaip: Schneider, Esselte, Novus, 3M, Faber-Castell, Citizen, Milan, Leitz, Colop, Zebra, Staedtler, Durable, Tork, Parker, Waterman ir kt.\",\"publisher\":{\"@id\":\"https:\/\/rutana.lt\/#organization\"},\"potentialAction\":[{\"@type\":\"SearchAction\",\"target\":{\"@type\":\"EntryPoint\",\"urlTemplate\":\"https:\/\/rutana.lt\/?s={search_term_string}\"},\"query-input\":{\"@type\":\"PropertyValueSpecification\",\"valueRequired\":true,\"valueName\":\"search_term_string\"}}],\"inLanguage\":\"en-US\"},{\"@type\":\"Organization\",\"@id\":\"https:\/\/rutana.lt\/#organization\",\"name\":\"Rutana - Ra\u0161tin\u0117s reikmenys\",\"url\":\"https:\/\/rutana.lt\/\",\"logo\":{\"@type\":\"ImageObject\",\"inLanguage\":\"en-US\",\"@id\":\"https:\/\/rutana.lt\/#\/schema\/logo\/image\/\",\"url\":\"https:\/\/rutana.lt\/wp-content\/uploads\/2025\/10\/Asset-32.png\",\"contentUrl\":\"https:\/\/rutana.lt\/wp-content\/uploads\/2025\/10\/Asset-32.png\",\"width\":433,\"height\":119,\"caption\":\"Rutana - Ra\u0161tin\u0117s reikmenys\"},\"image\":{\"@id\":\"https:\/\/rutana.lt\/#\/schema\/logo\/image\/\"},\"sameAs\":[\"https:\/\/www.facebook.com\/RutanaKanceliarinesPrekes\/\"]}]}<\/script>\n<!-- \/ Yoast SEO plugin. -->","yoast_head_json":{"title":"Gazuotas mineralinis vanduo 300 ml stikliniame butelyje Nept\u016bnas - Rutana - Ra\u0161tin\u0117s reikmenys","robots":{"index":"index","follow":"follow","max-snippet":"max-snippet:-1","max-image-preview":"max-image-preview:large","max-video-preview":"max-video-preview:-1"},"canonical":"https:\/\/rutana.lt\/en\/product\/gazuotas-mineralinis-vanduo-300-ml-stikliniame-butelyje-neptunas\/","og_locale":"en_US","og_type":"article","og_title":"Gazuotas mineralinis vanduo 300 ml stikliniame butelyje Nept\u016bnas - Rutana - Ra\u0161tin\u0117s reikmenys","og_description":"Nat\u016braliame mineraliniame vandenyje yra deguonies ir \u012fvairi\u0173 nauding\u0173 mineralini\u0173 med\u017eiag\u0173 jungini\u0173 \u2013 kalcio, magnio, natrio, gele\u017eies ir kit\u0173 drusk\u0173. Nedideli \u0161i\u0173 med\u017eiag\u0173 kiekiai yra vertingi \u017emogaus organizmo gyvybin\u0117ms funkcijoms. Jos suteikia vandeniui malon\u0173 skon\u012f, o per dideli drusk\u0173 kiekiai daro vanden\u012f neskan\u0173 ar netinkam\u0105 pastoviam vartojimui. Reguliariam vartojimui rekomenduojamas ma\u017eai mineralini\u0173 med\u017eiag\u0173 turintis nat\u016bralus mineralinis [&hellip;]","og_url":"https:\/\/rutana.lt\/en\/product\/gazuotas-mineralinis-vanduo-300-ml-stikliniame-butelyje-neptunas\/","og_site_name":"Rutana - Ra\u0161tin\u0117s reikmenys","article_publisher":"https:\/\/www.facebook.com\/RutanaKanceliarinesPrekes\/","article_modified_time":"2025-10-13T13:19:30+00:00","og_image":[{"width":504,"height":680,"url":"https:\/\/rutana.lt\/wp-content\/uploads\/2025\/09\/B091-870.jpg","type":"image\/jpeg"}],"twitter_card":"summary_large_image","twitter_misc":{"Est. reading time":"1 minute"},"schema":{"@context":"https:\/\/schema.org","@graph":[{"@type":"WebPage","@id":"https:\/\/rutana.lt\/produktas\/gazuotas-mineralinis-vanduo-300-ml-stikliniame-butelyje-neptunas\/","url":"https:\/\/rutana.lt\/produktas\/gazuotas-mineralinis-vanduo-300-ml-stikliniame-butelyje-neptunas\/","name":"Gazuotas mineralinis vanduo 300 ml stikliniame butelyje Nept\u016bnas - Rutana - Ra\u0161tin\u0117s reikmenys","isPartOf":{"@id":"https:\/\/rutana.lt\/#website"},"primaryImageOfPage":{"@id":"https:\/\/rutana.lt\/produktas\/gazuotas-mineralinis-vanduo-300-ml-stikliniame-butelyje-neptunas\/#primaryimage"},"image":{"@id":"https:\/\/rutana.lt\/produktas\/gazuotas-mineralinis-vanduo-300-ml-stikliniame-butelyje-neptunas\/#primaryimage"},"thumbnailUrl":"https:\/\/rutana.lt\/wp-content\/uploads\/2025\/09\/B091-870-1.jpg?v=1763623091","datePublished":"2025-09-03T06:38:21+00:00","dateModified":"2025-10-13T13:19:30+00:00","breadcrumb":{"@id":"https:\/\/rutana.lt\/produktas\/gazuotas-mineralinis-vanduo-300-ml-stikliniame-butelyje-neptunas\/#breadcrumb"},"inLanguage":"en-US","potentialAction":[{"@type":"ReadAction","target":["https:\/\/rutana.lt\/produktas\/gazuotas-mineralinis-vanduo-300-ml-stikliniame-butelyje-neptunas\/"]}]},{"@type":"ImageObject","inLanguage":"en-US","@id":"https:\/\/rutana.lt\/produktas\/gazuotas-mineralinis-vanduo-300-ml-stikliniame-butelyje-neptunas\/#primaryimage","url":"https:\/\/rutana.lt\/wp-content\/uploads\/2025\/09\/B091-870-1.jpg?v=1763623091","contentUrl":"https:\/\/rutana.lt\/wp-content\/uploads\/2025\/09\/B091-870-1.jpg?v=1763623091","width":504,"height":680},{"@type":"BreadcrumbList","@id":"https:\/\/rutana.lt\/produktas\/gazuotas-mineralinis-vanduo-300-ml-stikliniame-butelyje-neptunas\/#breadcrumb","itemListElement":[{"@type":"ListItem","position":1,"name":"Home","item":"https:\/\/rutana.lt\/"},{"@type":"ListItem","position":2,"name":"Parduotuv\u0117","item":"https:\/\/rutana.lt\/parduotuve\/"},{"@type":"ListItem","position":3,"name":"Gazuotas mineralinis vanduo 300 ml stikliniame butelyje Nept\u016bnas"}]},{"@type":"WebSite","@id":"https:\/\/rutana.lt\/#website","url":"https:\/\/rutana.lt\/","name":"Rutana - Ra\u0161tin\u0117s reikmenys","description":"Prekiaujame pasaulin\u0117je rinkoje pripa\u017eintomis, kokybi\u0161komis biuro prek\u0117mis toki\u0173  gamintoj\u0173 kaip: Schneider, Esselte, Novus, 3M, Faber-Castell, Citizen, Milan, Leitz, Colop, Zebra, Staedtler, Durable, Tork, Parker, Waterman ir kt.","publisher":{"@id":"https:\/\/rutana.lt\/#organization"},"potentialAction":[{"@type":"SearchAction","target":{"@type":"EntryPoint","urlTemplate":"https:\/\/rutana.lt\/?s={search_term_string}"},"query-input":{"@type":"PropertyValueSpecification","valueRequired":true,"valueName":"search_term_string"}}],"inLanguage":"en-US"},{"@type":"Organization","@id":"https:\/\/rutana.lt\/#organization","name":"Rutana - Ra\u0161tin\u0117s reikmenys","url":"https:\/\/rutana.lt\/","logo":{"@type":"ImageObject","inLanguage":"en-US","@id":"https:\/\/rutana.lt\/#\/schema\/logo\/image\/","url":"https:\/\/rutana.lt\/wp-content\/uploads\/2025\/10\/Asset-32.png","contentUrl":"https:\/\/rutana.lt\/wp-content\/uploads\/2025\/10\/Asset-32.png","width":433,"height":119,"caption":"Rutana - Ra\u0161tin\u0117s reikmenys"},"image":{"@id":"https:\/\/rutana.lt\/#\/schema\/logo\/image\/"},"sameAs":["https:\/\/www.facebook.com\/RutanaKanceliarinesPrekes\/"]}]}},"_links":{"self":[{"href":"https:\/\/rutana.lt\/en\/wp-json\/wp\/v2\/product\/3936","targetHints":{"allow":["GET"]}}],"collection":[{"href":"https:\/\/rutana.lt\/en\/wp-json\/wp\/v2\/product"}],"about":[{"href":"https:\/\/rutana.lt\/en\/wp-json\/wp\/v2\/types\/product"}],"replies":[{"embeddable":true,"href":"https:\/\/rutana.lt\/en\/wp-json\/wp\/v2\/comments?post=3936"}],"version-history":[{"count":1,"href":"https:\/\/rutana.lt\/en\/wp-json\/wp\/v2\/product\/3936\/revisions"}],"predecessor-version":[{"id":4013,"href":"https:\/\/rutana.lt\/en\/wp-json\/wp\/v2\/product\/3936\/revisions\/4013"}],"wp:featuredmedia":[{"embeddable":true,"href":"https:\/\/rutana.lt\/en\/wp-json\/wp\/v2\/media\/25013"}],"wp:attachment":[{"href":"https:\/\/rutana.lt\/en\/wp-json\/wp\/v2\/media?parent=3936"}],"wp:term":[{"taxonomy":"product_brand","embeddable":true,"href":"https:\/\/rutana.lt\/en\/wp-json\/wp\/v2\/product_brand?post=3936"},{"taxonomy":"product_cat","embeddable":true,"href":"https:\/\/rutana.lt\/en\/wp-json\/wp\/v2\/product_cat?post=3936"},{"taxonomy":"product_tag","embeddable":true,"href":"https:\/\/rutana.lt\/en\/wp-json\/wp\/v2\/product_tag?post=3936"}],"curies":[{"name":"wp","href":"https:\/\/api.w.org\/{rel}","templated":true}]}}