{"id":3767,"date":"2025-09-03T08:37:34","date_gmt":"2025-09-03T06:37:34","guid":{"rendered":"https:\/\/rutana.webdemo.lt\/?post_type=product&#038;p=3767"},"modified":"2025-10-13T15:18:59","modified_gmt":"2025-10-13T13:18:59","slug":"elementai-lr20-mn1300-d-2-vnt-duracell","status":"publish","type":"product","link":"https:\/\/rutana.lt\/en\/product\/elementai-lr20-mn1300-d-2-vnt-duracell\/","title":{"rendered":"Elementai LR20\/MN1300 D 2 vnt. Duracell"},"content":{"rendered":"<p>&#8222;Duracell&#8221; elementai patikimai veikia ir ilgai maitina \u012fvairius kasdienius prietaisus. J\u016bs galite pasitik\u0117ti \u201eDuracell\u201c ir naudoti \u0161ias baterijas savo radijo grotuvams, elektriniams \u017eaislams, elektriniams \u017eibintuv\u0117liams ir t. t. Ilgas galiojimo terminas.<\/p>\n<p>Tipas: D<\/p>\n<p>Chemin\u0117 sud\u0117tis: \u0161arminiai <\/p>\n<p>Element\u0173 krovimas: nekraunami<\/p>\n<p>Kilm\u0117s \u0161alis: Belgija<\/p>\n<p>Kaina nurodyta u\u017e 2 vnt.<\/p>\n<\/p>\n<p><\/p>","protected":false},"excerpt":{"rendered":"<p>&#8222;Duracell&#8221; elementai patikimai veikia ir ilgai maitina \u012fvairius kasdienius prietaisus. J\u016bs galite pasitik\u0117ti \u201eDuracell\u201c ir naudoti \u0161ias baterijas savo radijo grotuvams, elektriniams \u017eaislams, elektriniams \u017eibintuv\u0117liams ir t. t. Ilgas galiojimo terminas. Tipas: D Chemin\u0117 sud\u0117tis: \u0161arminiai Element\u0173 krovimas: nekraunami Kilm\u0117s \u0161alis: Belgija Kaina nurodyta u\u017e 2 vnt.<\/p>","protected":false},"featured_media":24954,"comment_status":"open","ping_status":"closed","template":"","meta":{"_season_start":"","_season_end":"","_season_days":"","_season_months":"","_season_auto_visibility":""},"product_brand":[213],"product_cat":[1810,1811],"product_tag":[],"class_list":{"0":"post-3767","1":"product","2":"type-product","3":"status-publish","4":"has-post-thumbnail","6":"product_brand-duracell","7":"product_cat-elementai","8":"product_cat-ikrovejai","10":"first","11":"instock","12":"taxable","13":"shipping-taxable","14":"purchasable","15":"product-type-simple"},"yoast_head":"<!-- This site is optimized with the Yoast SEO plugin v27.4 - https:\/\/yoast.com\/product\/yoast-seo-wordpress\/ -->\n<title>Elementai LR20\/MN1300 D 2 vnt. Duracell - Rutana - Ra\u0161tin\u0117s reikmenys<\/title>\n<meta name=\"robots\" content=\"index, follow, max-snippet:-1, max-image-preview:large, max-video-preview:-1\" \/>\n<link rel=\"canonical\" href=\"https:\/\/rutana.lt\/en\/product\/elementai-lr20-mn1300-d-2-vnt-duracell\/\" \/>\n<meta property=\"og:locale\" content=\"en_US\" \/>\n<meta property=\"og:type\" content=\"article\" \/>\n<meta property=\"og:title\" content=\"Elementai LR20\/MN1300 D 2 vnt. Duracell - Rutana - Ra\u0161tin\u0117s reikmenys\" \/>\n<meta property=\"og:description\" content=\"&#8222;Duracell&#8221; elementai patikimai veikia ir ilgai maitina \u012fvairius kasdienius prietaisus. J\u016bs galite pasitik\u0117ti \u201eDuracell\u201c ir naudoti \u0161ias baterijas savo radijo grotuvams, elektriniams \u017eaislams, elektriniams \u017eibintuv\u0117liams ir t. t. Ilgas galiojimo terminas. Tipas: D Chemin\u0117 sud\u0117tis: \u0161arminiai Element\u0173 krovimas: nekraunami Kilm\u0117s \u0161alis: Belgija Kaina nurodyta u\u017e 2 vnt.\" \/>\n<meta property=\"og:url\" content=\"https:\/\/rutana.lt\/en\/product\/elementai-lr20-mn1300-d-2-vnt-duracell\/\" \/>\n<meta property=\"og:site_name\" content=\"Rutana - Ra\u0161tin\u0117s reikmenys\" \/>\n<meta property=\"article:publisher\" content=\"https:\/\/www.facebook.com\/RutanaKanceliarinesPrekes\/\" \/>\n<meta property=\"article:modified_time\" content=\"2025-10-13T13:18:59+00:00\" \/>\n<meta property=\"og:image\" content=\"https:\/\/rutana.lt\/wp-content\/uploads\/2025\/09\/B048-003.jpg\" \/>\n\t<meta property=\"og:image:width\" content=\"764\" \/>\n\t<meta property=\"og:image:height\" content=\"756\" \/>\n\t<meta property=\"og:image:type\" content=\"image\/jpeg\" \/>\n<meta name=\"twitter:card\" content=\"summary_large_image\" \/>\n<script type=\"application\/ld+json\" class=\"yoast-schema-graph\">{\"@context\":\"https:\\\/\\\/schema.org\",\"@graph\":[{\"@type\":\"WebPage\",\"@id\":\"https:\\\/\\\/rutana.lt\\\/produktas\\\/elementai-lr20-mn1300-d-2-vnt-duracell\\\/\",\"url\":\"https:\\\/\\\/rutana.lt\\\/produktas\\\/elementai-lr20-mn1300-d-2-vnt-duracell\\\/\",\"name\":\"Elementai LR20\\\/MN1300 D 2 vnt. Duracell - Rutana - Ra\u0161tin\u0117s reikmenys\",\"isPartOf\":{\"@id\":\"https:\\\/\\\/rutana.lt\\\/#website\"},\"primaryImageOfPage\":{\"@id\":\"https:\\\/\\\/rutana.lt\\\/produktas\\\/elementai-lr20-mn1300-d-2-vnt-duracell\\\/#primaryimage\"},\"image\":{\"@id\":\"https:\\\/\\\/rutana.lt\\\/produktas\\\/elementai-lr20-mn1300-d-2-vnt-duracell\\\/#primaryimage\"},\"thumbnailUrl\":\"https:\\\/\\\/rutana.lt\\\/wp-content\\\/uploads\\\/2025\\\/09\\\/B048-003-1.jpg?v=1763623185\",\"datePublished\":\"2025-09-03T06:37:34+00:00\",\"dateModified\":\"2025-10-13T13:18:59+00:00\",\"breadcrumb\":{\"@id\":\"https:\\\/\\\/rutana.lt\\\/produktas\\\/elementai-lr20-mn1300-d-2-vnt-duracell\\\/#breadcrumb\"},\"inLanguage\":\"en-US\",\"potentialAction\":[{\"@type\":\"ReadAction\",\"target\":[\"https:\\\/\\\/rutana.lt\\\/produktas\\\/elementai-lr20-mn1300-d-2-vnt-duracell\\\/\"]}]},{\"@type\":\"ImageObject\",\"inLanguage\":\"en-US\",\"@id\":\"https:\\\/\\\/rutana.lt\\\/produktas\\\/elementai-lr20-mn1300-d-2-vnt-duracell\\\/#primaryimage\",\"url\":\"https:\\\/\\\/rutana.lt\\\/wp-content\\\/uploads\\\/2025\\\/09\\\/B048-003-1.jpg?v=1763623185\",\"contentUrl\":\"https:\\\/\\\/rutana.lt\\\/wp-content\\\/uploads\\\/2025\\\/09\\\/B048-003-1.jpg?v=1763623185\",\"width\":764,\"height\":756},{\"@type\":\"BreadcrumbList\",\"@id\":\"https:\\\/\\\/rutana.lt\\\/produktas\\\/elementai-lr20-mn1300-d-2-vnt-duracell\\\/#breadcrumb\",\"itemListElement\":[{\"@type\":\"ListItem\",\"position\":1,\"name\":\"Home\",\"item\":\"https:\\\/\\\/rutana.lt\\\/\"},{\"@type\":\"ListItem\",\"position\":2,\"name\":\"Parduotuv\u0117\",\"item\":\"https:\\\/\\\/rutana.lt\\\/parduotuve\\\/\"},{\"@type\":\"ListItem\",\"position\":3,\"name\":\"Elementai LR20\\\/MN1300 D 2 vnt. Duracell\"}]},{\"@type\":\"WebSite\",\"@id\":\"https:\\\/\\\/rutana.lt\\\/#website\",\"url\":\"https:\\\/\\\/rutana.lt\\\/\",\"name\":\"Rutana - Ra\u0161tin\u0117s reikmenys\",\"description\":\"Prekiaujame pasaulin\u0117je rinkoje pripa\u017eintomis, kokybi\u0161komis biuro prek\u0117mis toki\u0173  gamintoj\u0173 kaip: Schneider, Esselte, Novus, 3M, Faber-Castell, Citizen, Milan, Leitz, Colop, Zebra, Staedtler, Durable, Tork, Parker, Waterman ir kt.\",\"publisher\":{\"@id\":\"https:\\\/\\\/rutana.lt\\\/#organization\"},\"potentialAction\":[{\"@type\":\"SearchAction\",\"target\":{\"@type\":\"EntryPoint\",\"urlTemplate\":\"https:\\\/\\\/rutana.lt\\\/?s={search_term_string}\"},\"query-input\":{\"@type\":\"PropertyValueSpecification\",\"valueRequired\":true,\"valueName\":\"search_term_string\"}}],\"inLanguage\":\"en-US\"},{\"@type\":\"Organization\",\"@id\":\"https:\\\/\\\/rutana.lt\\\/#organization\",\"name\":\"Rutana - Ra\u0161tin\u0117s reikmenys\",\"url\":\"https:\\\/\\\/rutana.lt\\\/\",\"logo\":{\"@type\":\"ImageObject\",\"inLanguage\":\"en-US\",\"@id\":\"https:\\\/\\\/rutana.lt\\\/#\\\/schema\\\/logo\\\/image\\\/\",\"url\":\"https:\\\/\\\/rutana.lt\\\/wp-content\\\/uploads\\\/2025\\\/10\\\/Asset-32.png\",\"contentUrl\":\"https:\\\/\\\/rutana.lt\\\/wp-content\\\/uploads\\\/2025\\\/10\\\/Asset-32.png\",\"width\":433,\"height\":119,\"caption\":\"Rutana - Ra\u0161tin\u0117s reikmenys\"},\"image\":{\"@id\":\"https:\\\/\\\/rutana.lt\\\/#\\\/schema\\\/logo\\\/image\\\/\"},\"sameAs\":[\"https:\\\/\\\/www.facebook.com\\\/RutanaKanceliarinesPrekes\\\/\"]}]}<\/script>\n<!-- \/ Yoast SEO plugin. -->","yoast_head_json":{"title":"Elementai LR20\/MN1300 D 2 vnt. Duracell - Rutana - Ra\u0161tin\u0117s reikmenys","robots":{"index":"index","follow":"follow","max-snippet":"max-snippet:-1","max-image-preview":"max-image-preview:large","max-video-preview":"max-video-preview:-1"},"canonical":"https:\/\/rutana.lt\/en\/product\/elementai-lr20-mn1300-d-2-vnt-duracell\/","og_locale":"en_US","og_type":"article","og_title":"Elementai LR20\/MN1300 D 2 vnt. Duracell - Rutana - Ra\u0161tin\u0117s reikmenys","og_description":"&#8222;Duracell&#8221; elementai patikimai veikia ir ilgai maitina \u012fvairius kasdienius prietaisus. J\u016bs galite pasitik\u0117ti \u201eDuracell\u201c ir naudoti \u0161ias baterijas savo radijo grotuvams, elektriniams \u017eaislams, elektriniams \u017eibintuv\u0117liams ir t. t. Ilgas galiojimo terminas. Tipas: D Chemin\u0117 sud\u0117tis: \u0161arminiai Element\u0173 krovimas: nekraunami Kilm\u0117s \u0161alis: Belgija Kaina nurodyta u\u017e 2 vnt.","og_url":"https:\/\/rutana.lt\/en\/product\/elementai-lr20-mn1300-d-2-vnt-duracell\/","og_site_name":"Rutana - Ra\u0161tin\u0117s reikmenys","article_publisher":"https:\/\/www.facebook.com\/RutanaKanceliarinesPrekes\/","article_modified_time":"2025-10-13T13:18:59+00:00","og_image":[{"width":764,"height":756,"url":"https:\/\/rutana.lt\/wp-content\/uploads\/2025\/09\/B048-003.jpg","type":"image\/jpeg"}],"twitter_card":"summary_large_image","schema":{"@context":"https:\/\/schema.org","@graph":[{"@type":"WebPage","@id":"https:\/\/rutana.lt\/produktas\/elementai-lr20-mn1300-d-2-vnt-duracell\/","url":"https:\/\/rutana.lt\/produktas\/elementai-lr20-mn1300-d-2-vnt-duracell\/","name":"Elementai LR20\/MN1300 D 2 vnt. Duracell - Rutana - Ra\u0161tin\u0117s reikmenys","isPartOf":{"@id":"https:\/\/rutana.lt\/#website"},"primaryImageOfPage":{"@id":"https:\/\/rutana.lt\/produktas\/elementai-lr20-mn1300-d-2-vnt-duracell\/#primaryimage"},"image":{"@id":"https:\/\/rutana.lt\/produktas\/elementai-lr20-mn1300-d-2-vnt-duracell\/#primaryimage"},"thumbnailUrl":"https:\/\/rutana.lt\/wp-content\/uploads\/2025\/09\/B048-003-1.jpg?v=1763623185","datePublished":"2025-09-03T06:37:34+00:00","dateModified":"2025-10-13T13:18:59+00:00","breadcrumb":{"@id":"https:\/\/rutana.lt\/produktas\/elementai-lr20-mn1300-d-2-vnt-duracell\/#breadcrumb"},"inLanguage":"en-US","potentialAction":[{"@type":"ReadAction","target":["https:\/\/rutana.lt\/produktas\/elementai-lr20-mn1300-d-2-vnt-duracell\/"]}]},{"@type":"ImageObject","inLanguage":"en-US","@id":"https:\/\/rutana.lt\/produktas\/elementai-lr20-mn1300-d-2-vnt-duracell\/#primaryimage","url":"https:\/\/rutana.lt\/wp-content\/uploads\/2025\/09\/B048-003-1.jpg?v=1763623185","contentUrl":"https:\/\/rutana.lt\/wp-content\/uploads\/2025\/09\/B048-003-1.jpg?v=1763623185","width":764,"height":756},{"@type":"BreadcrumbList","@id":"https:\/\/rutana.lt\/produktas\/elementai-lr20-mn1300-d-2-vnt-duracell\/#breadcrumb","itemListElement":[{"@type":"ListItem","position":1,"name":"Home","item":"https:\/\/rutana.lt\/"},{"@type":"ListItem","position":2,"name":"Parduotuv\u0117","item":"https:\/\/rutana.lt\/parduotuve\/"},{"@type":"ListItem","position":3,"name":"Elementai LR20\/MN1300 D 2 vnt. Duracell"}]},{"@type":"WebSite","@id":"https:\/\/rutana.lt\/#website","url":"https:\/\/rutana.lt\/","name":"Rutana - Ra\u0161tin\u0117s reikmenys","description":"Prekiaujame pasaulin\u0117je rinkoje pripa\u017eintomis, kokybi\u0161komis biuro prek\u0117mis toki\u0173  gamintoj\u0173 kaip: Schneider, Esselte, Novus, 3M, Faber-Castell, Citizen, Milan, Leitz, Colop, Zebra, Staedtler, Durable, Tork, Parker, Waterman ir kt.","publisher":{"@id":"https:\/\/rutana.lt\/#organization"},"potentialAction":[{"@type":"SearchAction","target":{"@type":"EntryPoint","urlTemplate":"https:\/\/rutana.lt\/?s={search_term_string}"},"query-input":{"@type":"PropertyValueSpecification","valueRequired":true,"valueName":"search_term_string"}}],"inLanguage":"en-US"},{"@type":"Organization","@id":"https:\/\/rutana.lt\/#organization","name":"Rutana - Ra\u0161tin\u0117s reikmenys","url":"https:\/\/rutana.lt\/","logo":{"@type":"ImageObject","inLanguage":"en-US","@id":"https:\/\/rutana.lt\/#\/schema\/logo\/image\/","url":"https:\/\/rutana.lt\/wp-content\/uploads\/2025\/10\/Asset-32.png","contentUrl":"https:\/\/rutana.lt\/wp-content\/uploads\/2025\/10\/Asset-32.png","width":433,"height":119,"caption":"Rutana - Ra\u0161tin\u0117s reikmenys"},"image":{"@id":"https:\/\/rutana.lt\/#\/schema\/logo\/image\/"},"sameAs":["https:\/\/www.facebook.com\/RutanaKanceliarinesPrekes\/"]}]}},"_links":{"self":[{"href":"https:\/\/rutana.lt\/en\/wp-json\/wp\/v2\/product\/3767","targetHints":{"allow":["GET"]}}],"collection":[{"href":"https:\/\/rutana.lt\/en\/wp-json\/wp\/v2\/product"}],"about":[{"href":"https:\/\/rutana.lt\/en\/wp-json\/wp\/v2\/types\/product"}],"replies":[{"embeddable":true,"href":"https:\/\/rutana.lt\/en\/wp-json\/wp\/v2\/comments?post=3767"}],"version-history":[{"count":1,"href":"https:\/\/rutana.lt\/en\/wp-json\/wp\/v2\/product\/3767\/revisions"}],"predecessor-version":[{"id":3820,"href":"https:\/\/rutana.lt\/en\/wp-json\/wp\/v2\/product\/3767\/revisions\/3820"}],"wp:featuredmedia":[{"embeddable":true,"href":"https:\/\/rutana.lt\/en\/wp-json\/wp\/v2\/media\/24954"}],"wp:attachment":[{"href":"https:\/\/rutana.lt\/en\/wp-json\/wp\/v2\/media?parent=3767"}],"wp:term":[{"taxonomy":"product_brand","embeddable":true,"href":"https:\/\/rutana.lt\/en\/wp-json\/wp\/v2\/product_brand?post=3767"},{"taxonomy":"product_cat","embeddable":true,"href":"https:\/\/rutana.lt\/en\/wp-json\/wp\/v2\/product_cat?post=3767"},{"taxonomy":"product_tag","embeddable":true,"href":"https:\/\/rutana.lt\/en\/wp-json\/wp\/v2\/product_tag?post=3767"}],"curies":[{"name":"wp","href":"https:\/\/api.w.org\/{rel}","templated":true}]}}