{"id":3684,"date":"2025-09-03T08:37:11","date_gmt":"2025-09-03T06:37:11","guid":{"rendered":"https:\/\/rutana.webdemo.lt\/?post_type=product&#038;p=3684"},"modified":"2025-10-13T15:18:50","modified_gmt":"2025-10-13T13:18:50","slug":"flomasteriai-maxi-bicolor-dvipusiai-16-spalvu-milan-80090","status":"publish","type":"product","link":"https:\/\/rutana.lt\/en\/product\/flomasteriai-maxi-bicolor-dvipusiai-16-spalvu-milan-80090\/","title":{"rendered":"Flomasteriai Maxi Bicolor dvipusiai 16 spalv\u0173 Milan 80090"},"content":{"rendered":"<p>Flomasteriai skirti vaikams nuo 3 met\u0173. Storas korpusas su dviem skirting\u0173 spalv\u0173, storomis galvut\u0117mis i\u0161 abiej\u0173 pusi\u0173. Galvut\u0117s atsparios nuo stipraus spaudimo ranka. Flomasteriai nusiplauna nuo \u012fvairi\u0173 audini\u0173 pavir\u0161i\u0173. Kam\u0161tukai turi skylutes, jei vaikas nety\u010dia prarij\u0119s kam\u0161tuk\u0105, gal\u0117t\u0173 prakv\u0117puoti prie\u0161 suteikiant pirm\u0105j\u0105 pagalb\u0105. Flomasteriai supakuoti kartonin\u0117je d\u0117\u017eut\u0117je.  <\/p>\n<p>Spalv\u0173 kiekis: 16<\/p>\n<p>Flomasteri\u0173 kiekis: 8 vnt. <\/p>\n<p>Galvut\u0117s storis: 7.5 mm <\/p>\n<p>Korpuso forma: apvali<\/p>\n<p>Kilm\u0117s \u0161alis: Ispanija<\/p>\n<\/p>\n<p><\/p>","protected":false},"excerpt":{"rendered":"<p>Flomasteriai skirti vaikams nuo 3 met\u0173. Storas korpusas su dviem skirting\u0173 spalv\u0173, storomis galvut\u0117mis i\u0161 abiej\u0173 pusi\u0173. Galvut\u0117s atsparios nuo stipraus spaudimo ranka. Flomasteriai nusiplauna nuo \u012fvairi\u0173 audini\u0173 pavir\u0161i\u0173. Kam\u0161tukai turi skylutes, jei vaikas nety\u010dia prarij\u0119s kam\u0161tuk\u0105, gal\u0117t\u0173 prakv\u0117puoti prie\u0161 suteikiant pirm\u0105j\u0105 pagalb\u0105. Flomasteriai supakuoti kartonin\u0117je d\u0117\u017eut\u0117je. Spalv\u0173 kiekis: 16 Flomasteri\u0173 kiekis: 8 vnt. Galvut\u0117s [&hellip;]<\/p>","protected":false},"featured_media":24927,"comment_status":"open","ping_status":"closed","template":"","meta":{"_season_start":"","_season_end":"","_season_days":"","_season_months":"","_season_auto_visibility":""},"product_brand":[200],"product_cat":[1515],"product_tag":[],"class_list":{"0":"post-3684","1":"product","2":"type-product","3":"status-publish","4":"has-post-thumbnail","6":"product_brand-milan","7":"product_cat-flomasteriai-mokyklines-prekes","9":"first","10":"instock","11":"taxable","12":"shipping-taxable","13":"purchasable","14":"product-type-simple"},"yoast_head":"<!-- This site is optimized with the Yoast SEO plugin v27.4 - https:\/\/yoast.com\/product\/yoast-seo-wordpress\/ -->\n<title>Flomasteriai Maxi Bicolor dvipusiai 16 spalv\u0173 Milan 80090 - Rutana - Ra\u0161tin\u0117s reikmenys<\/title>\n<meta name=\"robots\" content=\"index, follow, max-snippet:-1, max-image-preview:large, max-video-preview:-1\" \/>\n<link rel=\"canonical\" href=\"https:\/\/rutana.lt\/en\/product\/flomasteriai-maxi-bicolor-dvipusiai-16-spalvu-milan-80090\/\" \/>\n<meta property=\"og:locale\" content=\"en_US\" \/>\n<meta property=\"og:type\" content=\"article\" \/>\n<meta property=\"og:title\" content=\"Flomasteriai Maxi Bicolor dvipusiai 16 spalv\u0173 Milan 80090 - Rutana - Ra\u0161tin\u0117s reikmenys\" \/>\n<meta property=\"og:description\" content=\"Flomasteriai skirti vaikams nuo 3 met\u0173. Storas korpusas su dviem skirting\u0173 spalv\u0173, storomis galvut\u0117mis i\u0161 abiej\u0173 pusi\u0173. Galvut\u0117s atsparios nuo stipraus spaudimo ranka. Flomasteriai nusiplauna nuo \u012fvairi\u0173 audini\u0173 pavir\u0161i\u0173. Kam\u0161tukai turi skylutes, jei vaikas nety\u010dia prarij\u0119s kam\u0161tuk\u0105, gal\u0117t\u0173 prakv\u0117puoti prie\u0161 suteikiant pirm\u0105j\u0105 pagalb\u0105. Flomasteriai supakuoti kartonin\u0117je d\u0117\u017eut\u0117je. Spalv\u0173 kiekis: 16 Flomasteri\u0173 kiekis: 8 vnt. Galvut\u0117s [&hellip;]\" \/>\n<meta property=\"og:url\" content=\"https:\/\/rutana.lt\/en\/product\/flomasteriai-maxi-bicolor-dvipusiai-16-spalvu-milan-80090\/\" \/>\n<meta property=\"og:site_name\" content=\"Rutana - Ra\u0161tin\u0117s reikmenys\" \/>\n<meta property=\"article:publisher\" content=\"https:\/\/www.facebook.com\/RutanaKanceliarinesPrekes\/\" \/>\n<meta property=\"article:modified_time\" content=\"2025-10-13T13:18:50+00:00\" \/>\n<meta property=\"og:image\" content=\"https:\/\/rutana.lt\/wp-content\/uploads\/2025\/09\/C092-181N.jpg\" \/>\n\t<meta property=\"og:image:width\" content=\"1000\" \/>\n\t<meta property=\"og:image:height\" content=\"1000\" \/>\n\t<meta property=\"og:image:type\" content=\"image\/jpeg\" \/>\n<meta name=\"twitter:card\" content=\"summary_large_image\" \/>\n<script type=\"application\/ld+json\" class=\"yoast-schema-graph\">{\"@context\":\"https:\\\/\\\/schema.org\",\"@graph\":[{\"@type\":\"WebPage\",\"@id\":\"https:\\\/\\\/rutana.lt\\\/produktas\\\/flomasteriai-maxi-bicolor-dvipusiai-16-spalvu-milan-80090\\\/\",\"url\":\"https:\\\/\\\/rutana.lt\\\/produktas\\\/flomasteriai-maxi-bicolor-dvipusiai-16-spalvu-milan-80090\\\/\",\"name\":\"Flomasteriai Maxi Bicolor dvipusiai 16 spalv\u0173 Milan 80090 - Rutana - Ra\u0161tin\u0117s reikmenys\",\"isPartOf\":{\"@id\":\"https:\\\/\\\/rutana.lt\\\/#website\"},\"primaryImageOfPage\":{\"@id\":\"https:\\\/\\\/rutana.lt\\\/produktas\\\/flomasteriai-maxi-bicolor-dvipusiai-16-spalvu-milan-80090\\\/#primaryimage\"},\"image\":{\"@id\":\"https:\\\/\\\/rutana.lt\\\/produktas\\\/flomasteriai-maxi-bicolor-dvipusiai-16-spalvu-milan-80090\\\/#primaryimage\"},\"thumbnailUrl\":\"https:\\\/\\\/rutana.lt\\\/wp-content\\\/uploads\\\/2025\\\/09\\\/C092-181N-2.jpg?v=1763623224\",\"datePublished\":\"2025-09-03T06:37:11+00:00\",\"dateModified\":\"2025-10-13T13:18:50+00:00\",\"breadcrumb\":{\"@id\":\"https:\\\/\\\/rutana.lt\\\/produktas\\\/flomasteriai-maxi-bicolor-dvipusiai-16-spalvu-milan-80090\\\/#breadcrumb\"},\"inLanguage\":\"en-US\",\"potentialAction\":[{\"@type\":\"ReadAction\",\"target\":[\"https:\\\/\\\/rutana.lt\\\/produktas\\\/flomasteriai-maxi-bicolor-dvipusiai-16-spalvu-milan-80090\\\/\"]}]},{\"@type\":\"ImageObject\",\"inLanguage\":\"en-US\",\"@id\":\"https:\\\/\\\/rutana.lt\\\/produktas\\\/flomasteriai-maxi-bicolor-dvipusiai-16-spalvu-milan-80090\\\/#primaryimage\",\"url\":\"https:\\\/\\\/rutana.lt\\\/wp-content\\\/uploads\\\/2025\\\/09\\\/C092-181N-2.jpg?v=1763623224\",\"contentUrl\":\"https:\\\/\\\/rutana.lt\\\/wp-content\\\/uploads\\\/2025\\\/09\\\/C092-181N-2.jpg?v=1763623224\",\"width\":1000,\"height\":1000},{\"@type\":\"BreadcrumbList\",\"@id\":\"https:\\\/\\\/rutana.lt\\\/produktas\\\/flomasteriai-maxi-bicolor-dvipusiai-16-spalvu-milan-80090\\\/#breadcrumb\",\"itemListElement\":[{\"@type\":\"ListItem\",\"position\":1,\"name\":\"Home\",\"item\":\"https:\\\/\\\/rutana.lt\\\/\"},{\"@type\":\"ListItem\",\"position\":2,\"name\":\"Parduotuv\u0117\",\"item\":\"https:\\\/\\\/rutana.lt\\\/parduotuve\\\/\"},{\"@type\":\"ListItem\",\"position\":3,\"name\":\"Flomasteriai Maxi Bicolor dvipusiai 16 spalv\u0173 Milan 80090\"}]},{\"@type\":\"WebSite\",\"@id\":\"https:\\\/\\\/rutana.lt\\\/#website\",\"url\":\"https:\\\/\\\/rutana.lt\\\/\",\"name\":\"Rutana - Ra\u0161tin\u0117s reikmenys\",\"description\":\"Prekiaujame pasaulin\u0117je rinkoje pripa\u017eintomis, kokybi\u0161komis biuro prek\u0117mis toki\u0173  gamintoj\u0173 kaip: Schneider, Esselte, Novus, 3M, Faber-Castell, Citizen, Milan, Leitz, Colop, Zebra, Staedtler, Durable, Tork, Parker, Waterman ir kt.\",\"publisher\":{\"@id\":\"https:\\\/\\\/rutana.lt\\\/#organization\"},\"potentialAction\":[{\"@type\":\"SearchAction\",\"target\":{\"@type\":\"EntryPoint\",\"urlTemplate\":\"https:\\\/\\\/rutana.lt\\\/?s={search_term_string}\"},\"query-input\":{\"@type\":\"PropertyValueSpecification\",\"valueRequired\":true,\"valueName\":\"search_term_string\"}}],\"inLanguage\":\"en-US\"},{\"@type\":\"Organization\",\"@id\":\"https:\\\/\\\/rutana.lt\\\/#organization\",\"name\":\"Rutana - Ra\u0161tin\u0117s reikmenys\",\"url\":\"https:\\\/\\\/rutana.lt\\\/\",\"logo\":{\"@type\":\"ImageObject\",\"inLanguage\":\"en-US\",\"@id\":\"https:\\\/\\\/rutana.lt\\\/#\\\/schema\\\/logo\\\/image\\\/\",\"url\":\"https:\\\/\\\/rutana.lt\\\/wp-content\\\/uploads\\\/2025\\\/10\\\/Asset-32.png\",\"contentUrl\":\"https:\\\/\\\/rutana.lt\\\/wp-content\\\/uploads\\\/2025\\\/10\\\/Asset-32.png\",\"width\":433,\"height\":119,\"caption\":\"Rutana - Ra\u0161tin\u0117s reikmenys\"},\"image\":{\"@id\":\"https:\\\/\\\/rutana.lt\\\/#\\\/schema\\\/logo\\\/image\\\/\"},\"sameAs\":[\"https:\\\/\\\/www.facebook.com\\\/RutanaKanceliarinesPrekes\\\/\"]}]}<\/script>\n<!-- \/ Yoast SEO plugin. -->","yoast_head_json":{"title":"Flomasteriai Maxi Bicolor dvipusiai 16 spalv\u0173 Milan 80090 - Rutana - Ra\u0161tin\u0117s reikmenys","robots":{"index":"index","follow":"follow","max-snippet":"max-snippet:-1","max-image-preview":"max-image-preview:large","max-video-preview":"max-video-preview:-1"},"canonical":"https:\/\/rutana.lt\/en\/product\/flomasteriai-maxi-bicolor-dvipusiai-16-spalvu-milan-80090\/","og_locale":"en_US","og_type":"article","og_title":"Flomasteriai Maxi Bicolor dvipusiai 16 spalv\u0173 Milan 80090 - Rutana - Ra\u0161tin\u0117s reikmenys","og_description":"Flomasteriai skirti vaikams nuo 3 met\u0173. Storas korpusas su dviem skirting\u0173 spalv\u0173, storomis galvut\u0117mis i\u0161 abiej\u0173 pusi\u0173. Galvut\u0117s atsparios nuo stipraus spaudimo ranka. Flomasteriai nusiplauna nuo \u012fvairi\u0173 audini\u0173 pavir\u0161i\u0173. Kam\u0161tukai turi skylutes, jei vaikas nety\u010dia prarij\u0119s kam\u0161tuk\u0105, gal\u0117t\u0173 prakv\u0117puoti prie\u0161 suteikiant pirm\u0105j\u0105 pagalb\u0105. Flomasteriai supakuoti kartonin\u0117je d\u0117\u017eut\u0117je. Spalv\u0173 kiekis: 16 Flomasteri\u0173 kiekis: 8 vnt. Galvut\u0117s [&hellip;]","og_url":"https:\/\/rutana.lt\/en\/product\/flomasteriai-maxi-bicolor-dvipusiai-16-spalvu-milan-80090\/","og_site_name":"Rutana - Ra\u0161tin\u0117s reikmenys","article_publisher":"https:\/\/www.facebook.com\/RutanaKanceliarinesPrekes\/","article_modified_time":"2025-10-13T13:18:50+00:00","og_image":[{"width":1000,"height":1000,"url":"https:\/\/rutana.lt\/wp-content\/uploads\/2025\/09\/C092-181N.jpg","type":"image\/jpeg"}],"twitter_card":"summary_large_image","schema":{"@context":"https:\/\/schema.org","@graph":[{"@type":"WebPage","@id":"https:\/\/rutana.lt\/produktas\/flomasteriai-maxi-bicolor-dvipusiai-16-spalvu-milan-80090\/","url":"https:\/\/rutana.lt\/produktas\/flomasteriai-maxi-bicolor-dvipusiai-16-spalvu-milan-80090\/","name":"Flomasteriai Maxi Bicolor dvipusiai 16 spalv\u0173 Milan 80090 - Rutana - Ra\u0161tin\u0117s reikmenys","isPartOf":{"@id":"https:\/\/rutana.lt\/#website"},"primaryImageOfPage":{"@id":"https:\/\/rutana.lt\/produktas\/flomasteriai-maxi-bicolor-dvipusiai-16-spalvu-milan-80090\/#primaryimage"},"image":{"@id":"https:\/\/rutana.lt\/produktas\/flomasteriai-maxi-bicolor-dvipusiai-16-spalvu-milan-80090\/#primaryimage"},"thumbnailUrl":"https:\/\/rutana.lt\/wp-content\/uploads\/2025\/09\/C092-181N-2.jpg?v=1763623224","datePublished":"2025-09-03T06:37:11+00:00","dateModified":"2025-10-13T13:18:50+00:00","breadcrumb":{"@id":"https:\/\/rutana.lt\/produktas\/flomasteriai-maxi-bicolor-dvipusiai-16-spalvu-milan-80090\/#breadcrumb"},"inLanguage":"en-US","potentialAction":[{"@type":"ReadAction","target":["https:\/\/rutana.lt\/produktas\/flomasteriai-maxi-bicolor-dvipusiai-16-spalvu-milan-80090\/"]}]},{"@type":"ImageObject","inLanguage":"en-US","@id":"https:\/\/rutana.lt\/produktas\/flomasteriai-maxi-bicolor-dvipusiai-16-spalvu-milan-80090\/#primaryimage","url":"https:\/\/rutana.lt\/wp-content\/uploads\/2025\/09\/C092-181N-2.jpg?v=1763623224","contentUrl":"https:\/\/rutana.lt\/wp-content\/uploads\/2025\/09\/C092-181N-2.jpg?v=1763623224","width":1000,"height":1000},{"@type":"BreadcrumbList","@id":"https:\/\/rutana.lt\/produktas\/flomasteriai-maxi-bicolor-dvipusiai-16-spalvu-milan-80090\/#breadcrumb","itemListElement":[{"@type":"ListItem","position":1,"name":"Home","item":"https:\/\/rutana.lt\/"},{"@type":"ListItem","position":2,"name":"Parduotuv\u0117","item":"https:\/\/rutana.lt\/parduotuve\/"},{"@type":"ListItem","position":3,"name":"Flomasteriai Maxi Bicolor dvipusiai 16 spalv\u0173 Milan 80090"}]},{"@type":"WebSite","@id":"https:\/\/rutana.lt\/#website","url":"https:\/\/rutana.lt\/","name":"Rutana - Ra\u0161tin\u0117s reikmenys","description":"Prekiaujame pasaulin\u0117je rinkoje pripa\u017eintomis, kokybi\u0161komis biuro prek\u0117mis toki\u0173  gamintoj\u0173 kaip: Schneider, Esselte, Novus, 3M, Faber-Castell, Citizen, Milan, Leitz, Colop, Zebra, Staedtler, Durable, Tork, Parker, Waterman ir kt.","publisher":{"@id":"https:\/\/rutana.lt\/#organization"},"potentialAction":[{"@type":"SearchAction","target":{"@type":"EntryPoint","urlTemplate":"https:\/\/rutana.lt\/?s={search_term_string}"},"query-input":{"@type":"PropertyValueSpecification","valueRequired":true,"valueName":"search_term_string"}}],"inLanguage":"en-US"},{"@type":"Organization","@id":"https:\/\/rutana.lt\/#organization","name":"Rutana - Ra\u0161tin\u0117s reikmenys","url":"https:\/\/rutana.lt\/","logo":{"@type":"ImageObject","inLanguage":"en-US","@id":"https:\/\/rutana.lt\/#\/schema\/logo\/image\/","url":"https:\/\/rutana.lt\/wp-content\/uploads\/2025\/10\/Asset-32.png","contentUrl":"https:\/\/rutana.lt\/wp-content\/uploads\/2025\/10\/Asset-32.png","width":433,"height":119,"caption":"Rutana - Ra\u0161tin\u0117s reikmenys"},"image":{"@id":"https:\/\/rutana.lt\/#\/schema\/logo\/image\/"},"sameAs":["https:\/\/www.facebook.com\/RutanaKanceliarinesPrekes\/"]}]}},"_links":{"self":[{"href":"https:\/\/rutana.lt\/en\/wp-json\/wp\/v2\/product\/3684","targetHints":{"allow":["GET"]}}],"collection":[{"href":"https:\/\/rutana.lt\/en\/wp-json\/wp\/v2\/product"}],"about":[{"href":"https:\/\/rutana.lt\/en\/wp-json\/wp\/v2\/types\/product"}],"replies":[{"embeddable":true,"href":"https:\/\/rutana.lt\/en\/wp-json\/wp\/v2\/comments?post=3684"}],"version-history":[{"count":1,"href":"https:\/\/rutana.lt\/en\/wp-json\/wp\/v2\/product\/3684\/revisions"}],"predecessor-version":[{"id":3738,"href":"https:\/\/rutana.lt\/en\/wp-json\/wp\/v2\/product\/3684\/revisions\/3738"}],"wp:featuredmedia":[{"embeddable":true,"href":"https:\/\/rutana.lt\/en\/wp-json\/wp\/v2\/media\/24927"}],"wp:attachment":[{"href":"https:\/\/rutana.lt\/en\/wp-json\/wp\/v2\/media?parent=3684"}],"wp:term":[{"taxonomy":"product_brand","embeddable":true,"href":"https:\/\/rutana.lt\/en\/wp-json\/wp\/v2\/product_brand?post=3684"},{"taxonomy":"product_cat","embeddable":true,"href":"https:\/\/rutana.lt\/en\/wp-json\/wp\/v2\/product_cat?post=3684"},{"taxonomy":"product_tag","embeddable":true,"href":"https:\/\/rutana.lt\/en\/wp-json\/wp\/v2\/product_tag?post=3684"}],"curies":[{"name":"wp","href":"https:\/\/api.w.org\/{rel}","templated":true}]}}