{"id":3584,"date":"2025-09-03T08:36:46","date_gmt":"2025-09-03T06:36:46","guid":{"rendered":"https:\/\/rutana.webdemo.lt\/?post_type=product&#038;p=3584"},"modified":"2025-10-13T15:18:19","modified_gmt":"2025-10-13T13:18:19","slug":"malta-kava-lavazza-espresso-dezuteje-250g","status":"publish","type":"product","link":"https:\/\/rutana.lt\/en\/product\/malta-kava-lavazza-espresso-dezuteje-250g\/","title":{"rendered":"Malta kava \u201eLavazza Espresso\u201c  d\u0117\u017eut\u0117je 250g"},"content":{"rendered":"<p>Tai unikalaus, klasikinio skonio ir aromato \u201cLavazza\u201d espreso maltos kavos mi\u0161inys, pagamintas i\u0161 auk\u0161\u010diausios r\u016b\u0161ies arabikos pupeli\u0173, u\u017eaugint\u0173 geriausiose Centrin\u0117s Amerikos ir Brazilijos kavos plantacijose. Idealiai tinka espreso ir juodai kavai gaminti. Parduodama skardin\u0117je d\u0117\u017eut\u0117je.  <\/p>\n<p>Sud\u0117tis: 100% Arabika<\/p>\n<\/p>\n<p>Skrudinimas: vidutinis<\/p>\n<p>Grynasis kavos kiekis: 250 g<\/p>\n<p>Kilm\u0117s \u0161alis: Italija<\/p>\n<p><\/p>\n<p><iframe src=\"\/\/www.youtube.com\/embed\/6V0xLTEqoqs\" width=\"640\" height=\"360\" frameborder=\"0\"><\/iframe><\/p>\n<p><\/p>\n<\/p>\n<p><\/p>","protected":false},"excerpt":{"rendered":"<p>Tai unikalaus, klasikinio skonio ir aromato \u201cLavazza\u201d espreso maltos kavos mi\u0161inys, pagamintas i\u0161 auk\u0161\u010diausios r\u016b\u0161ies arabikos pupeli\u0173, u\u017eaugint\u0173 geriausiose Centrin\u0117s Amerikos ir Brazilijos kavos plantacijose. Idealiai tinka espreso ir juodai kavai gaminti. Parduodama skardin\u0117je d\u0117\u017eut\u0117je. Sud\u0117tis: 100% Arabika Skrudinimas: vidutinis Grynasis kavos kiekis: 250 g Kilm\u0117s \u0161alis: Italija<\/p>","protected":false},"featured_media":24881,"comment_status":"open","ping_status":"closed","template":"","meta":{"_season_start":"","_season_end":"","_season_days":"","_season_months":"","_season_auto_visibility":""},"product_brand":[83],"product_cat":[1873],"product_tag":[],"class_list":{"0":"post-3584","1":"product","2":"type-product","3":"status-publish","4":"has-post-thumbnail","6":"product_brand-null","7":"product_cat-cukrus","9":"first","10":"instock","11":"taxable","12":"shipping-taxable","13":"purchasable","14":"product-type-simple"},"yoast_head":"<!-- This site is optimized with the Yoast SEO plugin v27.4 - https:\/\/yoast.com\/product\/yoast-seo-wordpress\/ -->\n<title>Malta kava \u201eLavazza Espresso\u201c d\u0117\u017eut\u0117je 250g - Rutana - Ra\u0161tin\u0117s reikmenys<\/title>\n<meta name=\"robots\" content=\"index, follow, max-snippet:-1, max-image-preview:large, max-video-preview:-1\" \/>\n<link rel=\"canonical\" href=\"https:\/\/rutana.lt\/en\/product\/malta-kava-lavazza-espresso-dezuteje-250g\/\" \/>\n<meta property=\"og:locale\" content=\"en_US\" \/>\n<meta property=\"og:type\" content=\"article\" \/>\n<meta property=\"og:title\" content=\"Malta kava \u201eLavazza Espresso\u201c d\u0117\u017eut\u0117je 250g - Rutana - Ra\u0161tin\u0117s reikmenys\" \/>\n<meta property=\"og:description\" content=\"Tai unikalaus, klasikinio skonio ir aromato \u201cLavazza\u201d espreso maltos kavos mi\u0161inys, pagamintas i\u0161 auk\u0161\u010diausios r\u016b\u0161ies arabikos pupeli\u0173, u\u017eaugint\u0173 geriausiose Centrin\u0117s Amerikos ir Brazilijos kavos plantacijose. Idealiai tinka espreso ir juodai kavai gaminti. Parduodama skardin\u0117je d\u0117\u017eut\u0117je. Sud\u0117tis: 100% Arabika Skrudinimas: vidutinis Grynasis kavos kiekis: 250 g Kilm\u0117s \u0161alis: Italija\" \/>\n<meta property=\"og:url\" content=\"https:\/\/rutana.lt\/en\/product\/malta-kava-lavazza-espresso-dezuteje-250g\/\" \/>\n<meta property=\"og:site_name\" content=\"Rutana - Ra\u0161tin\u0117s reikmenys\" \/>\n<meta property=\"article:publisher\" content=\"https:\/\/www.facebook.com\/RutanaKanceliarinesPrekes\/\" \/>\n<meta property=\"article:modified_time\" content=\"2025-10-13T13:18:19+00:00\" \/>\n<meta property=\"og:image\" content=\"https:\/\/rutana.lt\/wp-content\/uploads\/2025\/09\/B091-006-1.jpg\" \/>\n\t<meta property=\"og:image:width\" content=\"1000\" \/>\n\t<meta property=\"og:image:height\" content=\"1000\" \/>\n\t<meta property=\"og:image:type\" content=\"image\/jpeg\" \/>\n<meta name=\"twitter:card\" content=\"summary_large_image\" \/>\n<script type=\"application\/ld+json\" class=\"yoast-schema-graph\">{\"@context\":\"https:\\\/\\\/schema.org\",\"@graph\":[{\"@type\":\"WebPage\",\"@id\":\"https:\\\/\\\/rutana.lt\\\/produktas\\\/malta-kava-lavazza-espresso-dezuteje-250g\\\/\",\"url\":\"https:\\\/\\\/rutana.lt\\\/produktas\\\/malta-kava-lavazza-espresso-dezuteje-250g\\\/\",\"name\":\"Malta kava \u201eLavazza Espresso\u201c d\u0117\u017eut\u0117je 250g - Rutana - Ra\u0161tin\u0117s reikmenys\",\"isPartOf\":{\"@id\":\"https:\\\/\\\/rutana.lt\\\/#website\"},\"primaryImageOfPage\":{\"@id\":\"https:\\\/\\\/rutana.lt\\\/produktas\\\/malta-kava-lavazza-espresso-dezuteje-250g\\\/#primaryimage\"},\"image\":{\"@id\":\"https:\\\/\\\/rutana.lt\\\/produktas\\\/malta-kava-lavazza-espresso-dezuteje-250g\\\/#primaryimage\"},\"thumbnailUrl\":\"https:\\\/\\\/rutana.lt\\\/wp-content\\\/uploads\\\/2025\\\/09\\\/B091-006-1-1.jpg?v=1763623290\",\"datePublished\":\"2025-09-03T06:36:46+00:00\",\"dateModified\":\"2025-10-13T13:18:19+00:00\",\"breadcrumb\":{\"@id\":\"https:\\\/\\\/rutana.lt\\\/produktas\\\/malta-kava-lavazza-espresso-dezuteje-250g\\\/#breadcrumb\"},\"inLanguage\":\"en-US\",\"potentialAction\":[{\"@type\":\"ReadAction\",\"target\":[\"https:\\\/\\\/rutana.lt\\\/produktas\\\/malta-kava-lavazza-espresso-dezuteje-250g\\\/\"]}]},{\"@type\":\"ImageObject\",\"inLanguage\":\"en-US\",\"@id\":\"https:\\\/\\\/rutana.lt\\\/produktas\\\/malta-kava-lavazza-espresso-dezuteje-250g\\\/#primaryimage\",\"url\":\"https:\\\/\\\/rutana.lt\\\/wp-content\\\/uploads\\\/2025\\\/09\\\/B091-006-1-1.jpg?v=1763623290\",\"contentUrl\":\"https:\\\/\\\/rutana.lt\\\/wp-content\\\/uploads\\\/2025\\\/09\\\/B091-006-1-1.jpg?v=1763623290\",\"width\":1000,\"height\":1000},{\"@type\":\"BreadcrumbList\",\"@id\":\"https:\\\/\\\/rutana.lt\\\/produktas\\\/malta-kava-lavazza-espresso-dezuteje-250g\\\/#breadcrumb\",\"itemListElement\":[{\"@type\":\"ListItem\",\"position\":1,\"name\":\"Home\",\"item\":\"https:\\\/\\\/rutana.lt\\\/\"},{\"@type\":\"ListItem\",\"position\":2,\"name\":\"Parduotuv\u0117\",\"item\":\"https:\\\/\\\/rutana.lt\\\/parduotuve\\\/\"},{\"@type\":\"ListItem\",\"position\":3,\"name\":\"Malta kava \u201eLavazza Espresso\u201c d\u0117\u017eut\u0117je 250g\"}]},{\"@type\":\"WebSite\",\"@id\":\"https:\\\/\\\/rutana.lt\\\/#website\",\"url\":\"https:\\\/\\\/rutana.lt\\\/\",\"name\":\"Rutana - Ra\u0161tin\u0117s reikmenys\",\"description\":\"Prekiaujame pasaulin\u0117je rinkoje pripa\u017eintomis, kokybi\u0161komis biuro prek\u0117mis toki\u0173  gamintoj\u0173 kaip: Schneider, Esselte, Novus, 3M, Faber-Castell, Citizen, Milan, Leitz, Colop, Zebra, Staedtler, Durable, Tork, Parker, Waterman ir kt.\",\"publisher\":{\"@id\":\"https:\\\/\\\/rutana.lt\\\/#organization\"},\"potentialAction\":[{\"@type\":\"SearchAction\",\"target\":{\"@type\":\"EntryPoint\",\"urlTemplate\":\"https:\\\/\\\/rutana.lt\\\/?s={search_term_string}\"},\"query-input\":{\"@type\":\"PropertyValueSpecification\",\"valueRequired\":true,\"valueName\":\"search_term_string\"}}],\"inLanguage\":\"en-US\"},{\"@type\":\"Organization\",\"@id\":\"https:\\\/\\\/rutana.lt\\\/#organization\",\"name\":\"Rutana - Ra\u0161tin\u0117s reikmenys\",\"url\":\"https:\\\/\\\/rutana.lt\\\/\",\"logo\":{\"@type\":\"ImageObject\",\"inLanguage\":\"en-US\",\"@id\":\"https:\\\/\\\/rutana.lt\\\/#\\\/schema\\\/logo\\\/image\\\/\",\"url\":\"https:\\\/\\\/rutana.lt\\\/wp-content\\\/uploads\\\/2025\\\/10\\\/Asset-32.png\",\"contentUrl\":\"https:\\\/\\\/rutana.lt\\\/wp-content\\\/uploads\\\/2025\\\/10\\\/Asset-32.png\",\"width\":433,\"height\":119,\"caption\":\"Rutana - Ra\u0161tin\u0117s reikmenys\"},\"image\":{\"@id\":\"https:\\\/\\\/rutana.lt\\\/#\\\/schema\\\/logo\\\/image\\\/\"},\"sameAs\":[\"https:\\\/\\\/www.facebook.com\\\/RutanaKanceliarinesPrekes\\\/\"]}]}<\/script>\n<!-- \/ Yoast SEO plugin. -->","yoast_head_json":{"title":"Malta kava \u201eLavazza Espresso\u201c d\u0117\u017eut\u0117je 250g - Rutana - Ra\u0161tin\u0117s reikmenys","robots":{"index":"index","follow":"follow","max-snippet":"max-snippet:-1","max-image-preview":"max-image-preview:large","max-video-preview":"max-video-preview:-1"},"canonical":"https:\/\/rutana.lt\/en\/product\/malta-kava-lavazza-espresso-dezuteje-250g\/","og_locale":"en_US","og_type":"article","og_title":"Malta kava \u201eLavazza Espresso\u201c d\u0117\u017eut\u0117je 250g - Rutana - Ra\u0161tin\u0117s reikmenys","og_description":"Tai unikalaus, klasikinio skonio ir aromato \u201cLavazza\u201d espreso maltos kavos mi\u0161inys, pagamintas i\u0161 auk\u0161\u010diausios r\u016b\u0161ies arabikos pupeli\u0173, u\u017eaugint\u0173 geriausiose Centrin\u0117s Amerikos ir Brazilijos kavos plantacijose. Idealiai tinka espreso ir juodai kavai gaminti. Parduodama skardin\u0117je d\u0117\u017eut\u0117je. Sud\u0117tis: 100% Arabika Skrudinimas: vidutinis Grynasis kavos kiekis: 250 g Kilm\u0117s \u0161alis: Italija","og_url":"https:\/\/rutana.lt\/en\/product\/malta-kava-lavazza-espresso-dezuteje-250g\/","og_site_name":"Rutana - Ra\u0161tin\u0117s reikmenys","article_publisher":"https:\/\/www.facebook.com\/RutanaKanceliarinesPrekes\/","article_modified_time":"2025-10-13T13:18:19+00:00","og_image":[{"width":1000,"height":1000,"url":"https:\/\/rutana.lt\/wp-content\/uploads\/2025\/09\/B091-006-1.jpg","type":"image\/jpeg"}],"twitter_card":"summary_large_image","schema":{"@context":"https:\/\/schema.org","@graph":[{"@type":"WebPage","@id":"https:\/\/rutana.lt\/produktas\/malta-kava-lavazza-espresso-dezuteje-250g\/","url":"https:\/\/rutana.lt\/produktas\/malta-kava-lavazza-espresso-dezuteje-250g\/","name":"Malta kava \u201eLavazza Espresso\u201c d\u0117\u017eut\u0117je 250g - Rutana - Ra\u0161tin\u0117s reikmenys","isPartOf":{"@id":"https:\/\/rutana.lt\/#website"},"primaryImageOfPage":{"@id":"https:\/\/rutana.lt\/produktas\/malta-kava-lavazza-espresso-dezuteje-250g\/#primaryimage"},"image":{"@id":"https:\/\/rutana.lt\/produktas\/malta-kava-lavazza-espresso-dezuteje-250g\/#primaryimage"},"thumbnailUrl":"https:\/\/rutana.lt\/wp-content\/uploads\/2025\/09\/B091-006-1-1.jpg?v=1763623290","datePublished":"2025-09-03T06:36:46+00:00","dateModified":"2025-10-13T13:18:19+00:00","breadcrumb":{"@id":"https:\/\/rutana.lt\/produktas\/malta-kava-lavazza-espresso-dezuteje-250g\/#breadcrumb"},"inLanguage":"en-US","potentialAction":[{"@type":"ReadAction","target":["https:\/\/rutana.lt\/produktas\/malta-kava-lavazza-espresso-dezuteje-250g\/"]}]},{"@type":"ImageObject","inLanguage":"en-US","@id":"https:\/\/rutana.lt\/produktas\/malta-kava-lavazza-espresso-dezuteje-250g\/#primaryimage","url":"https:\/\/rutana.lt\/wp-content\/uploads\/2025\/09\/B091-006-1-1.jpg?v=1763623290","contentUrl":"https:\/\/rutana.lt\/wp-content\/uploads\/2025\/09\/B091-006-1-1.jpg?v=1763623290","width":1000,"height":1000},{"@type":"BreadcrumbList","@id":"https:\/\/rutana.lt\/produktas\/malta-kava-lavazza-espresso-dezuteje-250g\/#breadcrumb","itemListElement":[{"@type":"ListItem","position":1,"name":"Home","item":"https:\/\/rutana.lt\/"},{"@type":"ListItem","position":2,"name":"Parduotuv\u0117","item":"https:\/\/rutana.lt\/parduotuve\/"},{"@type":"ListItem","position":3,"name":"Malta kava \u201eLavazza Espresso\u201c d\u0117\u017eut\u0117je 250g"}]},{"@type":"WebSite","@id":"https:\/\/rutana.lt\/#website","url":"https:\/\/rutana.lt\/","name":"Rutana - Ra\u0161tin\u0117s reikmenys","description":"Prekiaujame pasaulin\u0117je rinkoje pripa\u017eintomis, kokybi\u0161komis biuro prek\u0117mis toki\u0173  gamintoj\u0173 kaip: Schneider, Esselte, Novus, 3M, Faber-Castell, Citizen, Milan, Leitz, Colop, Zebra, Staedtler, Durable, Tork, Parker, Waterman ir kt.","publisher":{"@id":"https:\/\/rutana.lt\/#organization"},"potentialAction":[{"@type":"SearchAction","target":{"@type":"EntryPoint","urlTemplate":"https:\/\/rutana.lt\/?s={search_term_string}"},"query-input":{"@type":"PropertyValueSpecification","valueRequired":true,"valueName":"search_term_string"}}],"inLanguage":"en-US"},{"@type":"Organization","@id":"https:\/\/rutana.lt\/#organization","name":"Rutana - Ra\u0161tin\u0117s reikmenys","url":"https:\/\/rutana.lt\/","logo":{"@type":"ImageObject","inLanguage":"en-US","@id":"https:\/\/rutana.lt\/#\/schema\/logo\/image\/","url":"https:\/\/rutana.lt\/wp-content\/uploads\/2025\/10\/Asset-32.png","contentUrl":"https:\/\/rutana.lt\/wp-content\/uploads\/2025\/10\/Asset-32.png","width":433,"height":119,"caption":"Rutana - Ra\u0161tin\u0117s reikmenys"},"image":{"@id":"https:\/\/rutana.lt\/#\/schema\/logo\/image\/"},"sameAs":["https:\/\/www.facebook.com\/RutanaKanceliarinesPrekes\/"]}]}},"_links":{"self":[{"href":"https:\/\/rutana.lt\/en\/wp-json\/wp\/v2\/product\/3584","targetHints":{"allow":["GET"]}}],"collection":[{"href":"https:\/\/rutana.lt\/en\/wp-json\/wp\/v2\/product"}],"about":[{"href":"https:\/\/rutana.lt\/en\/wp-json\/wp\/v2\/types\/product"}],"replies":[{"embeddable":true,"href":"https:\/\/rutana.lt\/en\/wp-json\/wp\/v2\/comments?post=3584"}],"version-history":[{"count":1,"href":"https:\/\/rutana.lt\/en\/wp-json\/wp\/v2\/product\/3584\/revisions"}],"predecessor-version":[{"id":3619,"href":"https:\/\/rutana.lt\/en\/wp-json\/wp\/v2\/product\/3584\/revisions\/3619"}],"wp:featuredmedia":[{"embeddable":true,"href":"https:\/\/rutana.lt\/en\/wp-json\/wp\/v2\/media\/24881"}],"wp:attachment":[{"href":"https:\/\/rutana.lt\/en\/wp-json\/wp\/v2\/media?parent=3584"}],"wp:term":[{"taxonomy":"product_brand","embeddable":true,"href":"https:\/\/rutana.lt\/en\/wp-json\/wp\/v2\/product_brand?post=3584"},{"taxonomy":"product_cat","embeddable":true,"href":"https:\/\/rutana.lt\/en\/wp-json\/wp\/v2\/product_cat?post=3584"},{"taxonomy":"product_tag","embeddable":true,"href":"https:\/\/rutana.lt\/en\/wp-json\/wp\/v2\/product_tag?post=3584"}],"curies":[{"name":"wp","href":"https:\/\/api.w.org\/{rel}","templated":true}]}}