{"id":35812,"date":"2026-04-15T21:26:52","date_gmt":"2026-04-15T19:26:52","guid":{"rendered":"https:\/\/rutana.lt\/?post_type=product&#038;p=35812"},"modified":"2026-04-15T21:29:24","modified_gmt":"2026-04-15T19:29:24","slug":"dovanu-rinkinys-uzrasu-knygute-gertuve-tusinukas-rymarek-melynas-mkto-22176","status":"publish","type":"product","link":"https:\/\/rutana.lt\/en\/product\/dovanu-rinkinys-uzrasu-knygute-gertuve-tusinukas-rymarek-melynas-mkto-22176\/","title":{"rendered":"Dovan\u0173 rinkinys u\u017era\u0161\u0173 knygut\u0117\/gertuv\u0117\/tu\u0161inukas &#8222;Rymarek&#8221; m\u0117lynas MKTO 22176"},"content":{"rendered":"<p>U\u017era\u0161\u0173 knygel\u0117s ir ra\u0161iklio rinkinys bei termo buteliukas i\u0161 ner\u016bdijan\u010dio plieno.<\/p>\n<p>Rinkin\u012f sudaro:<br \/>\n&#8211; PU u\u017era\u0161\u0173 knygel\u0117 A5 formato su stand\u017eiu, mink\u0161tu vir\u0161eliu, 80 linijomis puslapi\u0173, elastin\u0117 juostel\u0117 ir skirtukas.<br \/>\n&#8211; Aliuminio ra\u0161iklis su matiniu pavir\u0161iumi ir metalin\u0117mis detal\u0117mis, mygtuko mechanizmu ir m\u0117lynu ra\u0161alu.<br \/>\n&#8211; 500 ml termo buteliukas i\u0161 ner\u016bdijan\u010dio plieno. Su u\u017esukamu dangteliu.<\/p>\n<p>Ant rinkinio galima u\u017ed\u0117ti reklamin\u012f \u012fmon\u0117s logotip\u0105 ar kitok\u012f u\u017era\u0161\u0105 jums pageidaujamoje vietoje bei j\u016bs\u0173 pasirinktu b\u016bdu. Kaina nurodyta tik prek\u0117s, be u\u017era\u0161o. U\u017era\u0161o kaina priklauso nuo u\u017esakomo kiekio ir u\u017ed\u0117jimo b\u016bdo.<\/p>\n<p>Matmenys: 28.7 x 7.5 x 27 cm<\/p>\n<p>Spalva: m\u0117lyna<\/p>\n<p>Svoris: 700 g<\/p>\n<p style=\"margin-bottom: 10px;\">U\u017era\u0161o u\u017ed\u0117jimo galimi b\u016bdai: \u0161ilkografija, lazeris<\/p>\n<p style=\"margin-bottom: 10px;\">U\u017era\u0161o u\u017ed\u0117jimo galimos vietos: ant d\u0117\u017eut\u0117s, gertuv\u0117s, knygut\u0117s arba tu\u0161inuko<\/p>\n<div><\/div>\n<p>&nbsp;<\/p>","protected":false},"excerpt":{"rendered":"<p>U\u017era\u0161\u0173 knygel\u0117s ir ra\u0161iklio rinkinys bei termo buteliukas i\u0161 ner\u016bdijan\u010dio plieno.<\/p>\n<p>&nbsp;<\/p>","protected":false},"featured_media":35800,"comment_status":"open","ping_status":"closed","template":"","meta":{"_season_start":"","_season_end":"","_season_days":"","_season_months":"","_season_auto_visibility":"1"},"product_brand":[1115],"product_cat":[1856,890,1503],"product_tag":[],"class_list":{"0":"post-35812","1":"product","2":"type-product","3":"status-publish","4":"has-post-thumbnail","6":"product_brand-mkto","7":"product_cat-a5","8":"product_cat-dovanos-namu-aplinkai","9":"product_cat-puodukai-stiklines-gertuves-verslo-dovanos","11":"first","12":"instock","13":"taxable","14":"shipping-taxable","15":"purchasable","16":"product-type-simple"},"yoast_head":"<!-- This site is optimized with the Yoast SEO plugin v26.1.1 - https:\/\/yoast.com\/wordpress\/plugins\/seo\/ -->\n<title>Dovan\u0173 rinkinys u\u017era\u0161\u0173 knygut\u0117\/gertuv\u0117\/tu\u0161inukas &quot;Rymarek&quot; m\u0117lynas MKTO 22176 - Rutana - Ra\u0161tin\u0117s reikmenys<\/title>\n<meta name=\"robots\" content=\"index, follow, max-snippet:-1, max-image-preview:large, max-video-preview:-1\" \/>\n<link rel=\"canonical\" href=\"https:\/\/rutana.lt\/en\/product\/dovanu-rinkinys-uzrasu-knygute-gertuve-tusinukas-rymarek-melynas-mkto-22176\/\" \/>\n<meta property=\"og:locale\" content=\"en_US\" \/>\n<meta property=\"og:type\" content=\"article\" \/>\n<meta property=\"og:title\" content=\"Dovan\u0173 rinkinys u\u017era\u0161\u0173 knygut\u0117\/gertuv\u0117\/tu\u0161inukas &quot;Rymarek&quot; m\u0117lynas MKTO 22176 - Rutana - Ra\u0161tin\u0117s reikmenys\" \/>\n<meta property=\"og:description\" content=\"U\u017era\u0161\u0173 knygel\u0117s ir ra\u0161iklio rinkinys bei termo buteliukas i\u0161 ner\u016bdijan\u010dio plieno.  &nbsp;\" \/>\n<meta property=\"og:url\" content=\"https:\/\/rutana.lt\/en\/product\/dovanu-rinkinys-uzrasu-knygute-gertuve-tusinukas-rymarek-melynas-mkto-22176\/\" \/>\n<meta property=\"og:site_name\" content=\"Rutana - Ra\u0161tin\u0117s reikmenys\" \/>\n<meta property=\"article:publisher\" content=\"https:\/\/www.facebook.com\/RutanaKanceliarinesPrekes\/\" \/>\n<meta property=\"article:modified_time\" content=\"2026-04-15T19:29:24+00:00\" \/>\n<meta property=\"og:image\" content=\"https:\/\/rutana.lt\/wp-content\/uploads\/2026\/04\/B096-057-1.jpg\" \/>\n\t<meta property=\"og:image:width\" content=\"1200\" \/>\n\t<meta property=\"og:image:height\" content=\"1200\" \/>\n\t<meta property=\"og:image:type\" content=\"image\/jpeg\" \/>\n<meta name=\"twitter:card\" content=\"summary_large_image\" \/>\n<meta name=\"twitter:label1\" content=\"Est. reading time\" \/>\n\t<meta name=\"twitter:data1\" content=\"1 minute\" \/>\n<script type=\"application\/ld+json\" class=\"yoast-schema-graph\">{\"@context\":\"https:\/\/schema.org\",\"@graph\":[{\"@type\":\"WebPage\",\"@id\":\"https:\/\/rutana.lt\/produktas\/dovanu-rinkinys-uzrasu-knygute-gertuve-tusinukas-rymarek-melynas-mkto-22176\/\",\"url\":\"https:\/\/rutana.lt\/produktas\/dovanu-rinkinys-uzrasu-knygute-gertuve-tusinukas-rymarek-melynas-mkto-22176\/\",\"name\":\"Dovan\u0173 rinkinys u\u017era\u0161\u0173 knygut\u0117\/gertuv\u0117\/tu\u0161inukas \\\"Rymarek\\\" m\u0117lynas MKTO 22176 - Rutana - Ra\u0161tin\u0117s reikmenys\",\"isPartOf\":{\"@id\":\"https:\/\/rutana.lt\/#website\"},\"primaryImageOfPage\":{\"@id\":\"https:\/\/rutana.lt\/produktas\/dovanu-rinkinys-uzrasu-knygute-gertuve-tusinukas-rymarek-melynas-mkto-22176\/#primaryimage\"},\"image\":{\"@id\":\"https:\/\/rutana.lt\/produktas\/dovanu-rinkinys-uzrasu-knygute-gertuve-tusinukas-rymarek-melynas-mkto-22176\/#primaryimage\"},\"thumbnailUrl\":\"https:\/\/rutana.lt\/wp-content\/uploads\/2026\/04\/B096-057-1.jpg\",\"datePublished\":\"2026-04-15T19:26:52+00:00\",\"dateModified\":\"2026-04-15T19:29:24+00:00\",\"breadcrumb\":{\"@id\":\"https:\/\/rutana.lt\/produktas\/dovanu-rinkinys-uzrasu-knygute-gertuve-tusinukas-rymarek-melynas-mkto-22176\/#breadcrumb\"},\"inLanguage\":\"en-US\",\"potentialAction\":[{\"@type\":\"ReadAction\",\"target\":[\"https:\/\/rutana.lt\/produktas\/dovanu-rinkinys-uzrasu-knygute-gertuve-tusinukas-rymarek-melynas-mkto-22176\/\"]}]},{\"@type\":\"ImageObject\",\"inLanguage\":\"en-US\",\"@id\":\"https:\/\/rutana.lt\/produktas\/dovanu-rinkinys-uzrasu-knygute-gertuve-tusinukas-rymarek-melynas-mkto-22176\/#primaryimage\",\"url\":\"https:\/\/rutana.lt\/wp-content\/uploads\/2026\/04\/B096-057-1.jpg\",\"contentUrl\":\"https:\/\/rutana.lt\/wp-content\/uploads\/2026\/04\/B096-057-1.jpg\",\"width\":1200,\"height\":1200},{\"@type\":\"BreadcrumbList\",\"@id\":\"https:\/\/rutana.lt\/produktas\/dovanu-rinkinys-uzrasu-knygute-gertuve-tusinukas-rymarek-melynas-mkto-22176\/#breadcrumb\",\"itemListElement\":[{\"@type\":\"ListItem\",\"position\":1,\"name\":\"Home\",\"item\":\"https:\/\/rutana.lt\/\"},{\"@type\":\"ListItem\",\"position\":2,\"name\":\"Parduotuv\u0117\",\"item\":\"https:\/\/rutana.lt\/parduotuve\/\"},{\"@type\":\"ListItem\",\"position\":3,\"name\":\"Dovan\u0173 rinkinys u\u017era\u0161\u0173 knygut\u0117\/gertuv\u0117\/tu\u0161inukas &#8222;Rymarek&#8221; m\u0117lynas MKTO 22176\"}]},{\"@type\":\"WebSite\",\"@id\":\"https:\/\/rutana.lt\/#website\",\"url\":\"https:\/\/rutana.lt\/\",\"name\":\"Rutana - Ra\u0161tin\u0117s reikmenys\",\"description\":\"Prekiaujame pasaulin\u0117je rinkoje pripa\u017eintomis, kokybi\u0161komis biuro prek\u0117mis toki\u0173  gamintoj\u0173 kaip: Schneider, Esselte, Novus, 3M, Faber-Castell, Citizen, Milan, Leitz, Colop, Zebra, Staedtler, Durable, Tork, Parker, Waterman ir kt.\",\"publisher\":{\"@id\":\"https:\/\/rutana.lt\/#organization\"},\"potentialAction\":[{\"@type\":\"SearchAction\",\"target\":{\"@type\":\"EntryPoint\",\"urlTemplate\":\"https:\/\/rutana.lt\/?s={search_term_string}\"},\"query-input\":{\"@type\":\"PropertyValueSpecification\",\"valueRequired\":true,\"valueName\":\"search_term_string\"}}],\"inLanguage\":\"en-US\"},{\"@type\":\"Organization\",\"@id\":\"https:\/\/rutana.lt\/#organization\",\"name\":\"Rutana - Ra\u0161tin\u0117s reikmenys\",\"url\":\"https:\/\/rutana.lt\/\",\"logo\":{\"@type\":\"ImageObject\",\"inLanguage\":\"en-US\",\"@id\":\"https:\/\/rutana.lt\/#\/schema\/logo\/image\/\",\"url\":\"https:\/\/rutana.lt\/wp-content\/uploads\/2025\/10\/Asset-32.png\",\"contentUrl\":\"https:\/\/rutana.lt\/wp-content\/uploads\/2025\/10\/Asset-32.png\",\"width\":433,\"height\":119,\"caption\":\"Rutana - Ra\u0161tin\u0117s reikmenys\"},\"image\":{\"@id\":\"https:\/\/rutana.lt\/#\/schema\/logo\/image\/\"},\"sameAs\":[\"https:\/\/www.facebook.com\/RutanaKanceliarinesPrekes\/\"]}]}<\/script>\n<!-- \/ Yoast SEO plugin. -->","yoast_head_json":{"title":"Dovan\u0173 rinkinys u\u017era\u0161\u0173 knygut\u0117\/gertuv\u0117\/tu\u0161inukas \"Rymarek\" m\u0117lynas MKTO 22176 - Rutana - Ra\u0161tin\u0117s reikmenys","robots":{"index":"index","follow":"follow","max-snippet":"max-snippet:-1","max-image-preview":"max-image-preview:large","max-video-preview":"max-video-preview:-1"},"canonical":"https:\/\/rutana.lt\/en\/product\/dovanu-rinkinys-uzrasu-knygute-gertuve-tusinukas-rymarek-melynas-mkto-22176\/","og_locale":"en_US","og_type":"article","og_title":"Dovan\u0173 rinkinys u\u017era\u0161\u0173 knygut\u0117\/gertuv\u0117\/tu\u0161inukas \"Rymarek\" m\u0117lynas MKTO 22176 - Rutana - Ra\u0161tin\u0117s reikmenys","og_description":"U\u017era\u0161\u0173 knygel\u0117s ir ra\u0161iklio rinkinys bei termo buteliukas i\u0161 ner\u016bdijan\u010dio plieno.  &nbsp;","og_url":"https:\/\/rutana.lt\/en\/product\/dovanu-rinkinys-uzrasu-knygute-gertuve-tusinukas-rymarek-melynas-mkto-22176\/","og_site_name":"Rutana - Ra\u0161tin\u0117s reikmenys","article_publisher":"https:\/\/www.facebook.com\/RutanaKanceliarinesPrekes\/","article_modified_time":"2026-04-15T19:29:24+00:00","og_image":[{"width":1200,"height":1200,"url":"https:\/\/rutana.lt\/wp-content\/uploads\/2026\/04\/B096-057-1.jpg","type":"image\/jpeg"}],"twitter_card":"summary_large_image","twitter_misc":{"Est. reading time":"1 minute"},"schema":{"@context":"https:\/\/schema.org","@graph":[{"@type":"WebPage","@id":"https:\/\/rutana.lt\/produktas\/dovanu-rinkinys-uzrasu-knygute-gertuve-tusinukas-rymarek-melynas-mkto-22176\/","url":"https:\/\/rutana.lt\/produktas\/dovanu-rinkinys-uzrasu-knygute-gertuve-tusinukas-rymarek-melynas-mkto-22176\/","name":"Dovan\u0173 rinkinys u\u017era\u0161\u0173 knygut\u0117\/gertuv\u0117\/tu\u0161inukas \"Rymarek\" m\u0117lynas MKTO 22176 - Rutana - Ra\u0161tin\u0117s reikmenys","isPartOf":{"@id":"https:\/\/rutana.lt\/#website"},"primaryImageOfPage":{"@id":"https:\/\/rutana.lt\/produktas\/dovanu-rinkinys-uzrasu-knygute-gertuve-tusinukas-rymarek-melynas-mkto-22176\/#primaryimage"},"image":{"@id":"https:\/\/rutana.lt\/produktas\/dovanu-rinkinys-uzrasu-knygute-gertuve-tusinukas-rymarek-melynas-mkto-22176\/#primaryimage"},"thumbnailUrl":"https:\/\/rutana.lt\/wp-content\/uploads\/2026\/04\/B096-057-1.jpg","datePublished":"2026-04-15T19:26:52+00:00","dateModified":"2026-04-15T19:29:24+00:00","breadcrumb":{"@id":"https:\/\/rutana.lt\/produktas\/dovanu-rinkinys-uzrasu-knygute-gertuve-tusinukas-rymarek-melynas-mkto-22176\/#breadcrumb"},"inLanguage":"en-US","potentialAction":[{"@type":"ReadAction","target":["https:\/\/rutana.lt\/produktas\/dovanu-rinkinys-uzrasu-knygute-gertuve-tusinukas-rymarek-melynas-mkto-22176\/"]}]},{"@type":"ImageObject","inLanguage":"en-US","@id":"https:\/\/rutana.lt\/produktas\/dovanu-rinkinys-uzrasu-knygute-gertuve-tusinukas-rymarek-melynas-mkto-22176\/#primaryimage","url":"https:\/\/rutana.lt\/wp-content\/uploads\/2026\/04\/B096-057-1.jpg","contentUrl":"https:\/\/rutana.lt\/wp-content\/uploads\/2026\/04\/B096-057-1.jpg","width":1200,"height":1200},{"@type":"BreadcrumbList","@id":"https:\/\/rutana.lt\/produktas\/dovanu-rinkinys-uzrasu-knygute-gertuve-tusinukas-rymarek-melynas-mkto-22176\/#breadcrumb","itemListElement":[{"@type":"ListItem","position":1,"name":"Home","item":"https:\/\/rutana.lt\/"},{"@type":"ListItem","position":2,"name":"Parduotuv\u0117","item":"https:\/\/rutana.lt\/parduotuve\/"},{"@type":"ListItem","position":3,"name":"Dovan\u0173 rinkinys u\u017era\u0161\u0173 knygut\u0117\/gertuv\u0117\/tu\u0161inukas &#8222;Rymarek&#8221; m\u0117lynas MKTO 22176"}]},{"@type":"WebSite","@id":"https:\/\/rutana.lt\/#website","url":"https:\/\/rutana.lt\/","name":"Rutana - Ra\u0161tin\u0117s reikmenys","description":"Prekiaujame pasaulin\u0117je rinkoje pripa\u017eintomis, kokybi\u0161komis biuro prek\u0117mis toki\u0173  gamintoj\u0173 kaip: Schneider, Esselte, Novus, 3M, Faber-Castell, Citizen, Milan, Leitz, Colop, Zebra, Staedtler, Durable, Tork, Parker, Waterman ir kt.","publisher":{"@id":"https:\/\/rutana.lt\/#organization"},"potentialAction":[{"@type":"SearchAction","target":{"@type":"EntryPoint","urlTemplate":"https:\/\/rutana.lt\/?s={search_term_string}"},"query-input":{"@type":"PropertyValueSpecification","valueRequired":true,"valueName":"search_term_string"}}],"inLanguage":"en-US"},{"@type":"Organization","@id":"https:\/\/rutana.lt\/#organization","name":"Rutana - Ra\u0161tin\u0117s reikmenys","url":"https:\/\/rutana.lt\/","logo":{"@type":"ImageObject","inLanguage":"en-US","@id":"https:\/\/rutana.lt\/#\/schema\/logo\/image\/","url":"https:\/\/rutana.lt\/wp-content\/uploads\/2025\/10\/Asset-32.png","contentUrl":"https:\/\/rutana.lt\/wp-content\/uploads\/2025\/10\/Asset-32.png","width":433,"height":119,"caption":"Rutana - Ra\u0161tin\u0117s reikmenys"},"image":{"@id":"https:\/\/rutana.lt\/#\/schema\/logo\/image\/"},"sameAs":["https:\/\/www.facebook.com\/RutanaKanceliarinesPrekes\/"]}]}},"_links":{"self":[{"href":"https:\/\/rutana.lt\/en\/wp-json\/wp\/v2\/product\/35812","targetHints":{"allow":["GET"]}}],"collection":[{"href":"https:\/\/rutana.lt\/en\/wp-json\/wp\/v2\/product"}],"about":[{"href":"https:\/\/rutana.lt\/en\/wp-json\/wp\/v2\/types\/product"}],"replies":[{"embeddable":true,"href":"https:\/\/rutana.lt\/en\/wp-json\/wp\/v2\/comments?post=35812"}],"version-history":[{"count":2,"href":"https:\/\/rutana.lt\/en\/wp-json\/wp\/v2\/product\/35812\/revisions"}],"predecessor-version":[{"id":35814,"href":"https:\/\/rutana.lt\/en\/wp-json\/wp\/v2\/product\/35812\/revisions\/35814"}],"wp:featuredmedia":[{"embeddable":true,"href":"https:\/\/rutana.lt\/en\/wp-json\/wp\/v2\/media\/35800"}],"wp:attachment":[{"href":"https:\/\/rutana.lt\/en\/wp-json\/wp\/v2\/media?parent=35812"}],"wp:term":[{"taxonomy":"product_brand","embeddable":true,"href":"https:\/\/rutana.lt\/en\/wp-json\/wp\/v2\/product_brand?post=35812"},{"taxonomy":"product_cat","embeddable":true,"href":"https:\/\/rutana.lt\/en\/wp-json\/wp\/v2\/product_cat?post=35812"},{"taxonomy":"product_tag","embeddable":true,"href":"https:\/\/rutana.lt\/en\/wp-json\/wp\/v2\/product_tag?post=35812"}],"curies":[{"name":"wp","href":"https:\/\/api.w.org\/{rel}","templated":true}]}}