{"id":35721,"date":"2026-04-11T13:32:00","date_gmt":"2026-04-11T11:32:00","guid":{"rendered":"https:\/\/rutana.lt\/?post_type=product&#038;p=35721"},"modified":"2026-04-12T08:33:21","modified_gmt":"2026-04-12T06:33:21","slug":"vaikiskas-uztraukiamas-maiselis-llorel-frog-pilkas-mkto-5705","status":"publish","type":"product","link":"https:\/\/rutana.lt\/en\/product\/vaikiskas-uztraukiamas-maiselis-llorel-frog-pilkas-mkto-5705\/","title":{"rendered":"Vaiki\u0161kas u\u017etraukiamas mai\u0161elis &#8222;Llorel Frog&#8221; \u017ealias MKTO 5705"},"content":{"rendered":"<p>Vaiki\u0161ka kuprin\u0117 su rai\u0161teliu, pagaminta i\u0161 mink\u0161to poliesterio 210T su originaliais gyv\u016bn\u0173 ra\u0161tais. Su juodais u\u017esisegan\u010diais rai\u0161teliais ir sutvirtintais kampais. Patogiai sulankstoma.<\/p>\n<p>Ant prek\u0117s galima u\u017ed\u0117ti reklamin\u012f \u012fmon\u0117s logotip\u0105 ar kitok\u012f u\u017era\u0161\u0105 jums pageidaujamoje vietoje bei j\u016bs\u0173 pasirinkt\u0173 b\u016bdu. Kaina nurodyta tik prek\u0117s, be u\u017era\u0161o. U\u017era\u0161o kaina priklauso nuo u\u017esakomo kiekio ir u\u017ed\u0117jimo b\u016bdo.<\/p>\n<p>Spalva: \u017ealia<\/p>\n<p>Pie\u0161inys: varl\u0117<\/p>\n<p>Matmenys: 26 x 30 cm<\/p>\n<p>Svoris: 26 g<\/p>\n<p style=\"margin-bottom: 10px;\">U\u017era\u0161o u\u017ed\u0117jimo galimi b\u016bdai: lazeris, transferis<\/p>\n<p style=\"margin-bottom: 10px;\">U\u017era\u0161o u\u017ed\u0117jimo galimos vietos: ant i\u0161or\u0117s mai\u0161elio<\/p>\n<p>&nbsp;<\/p>\n<p>&nbsp;<\/p>","protected":false},"excerpt":{"rendered":"<p>Vaiki\u0161ka kuprin\u0117 su rai\u0161teliu, pagaminta i\u0161 mink\u0161to poliesterio 210T su originaliais gyv\u016bn\u0173 ra\u0161tais.<\/p>\n<p>&nbsp;<\/p>","protected":false},"featured_media":35715,"comment_status":"open","ping_status":"closed","template":"","meta":{"_season_start":"","_season_end":"","_season_days":"","_season_months":"","_season_auto_visibility":"1"},"product_brand":[1115],"product_cat":[1541,1551],"product_tag":[],"class_list":{"0":"post-35721","1":"product","2":"type-product","3":"status-publish","4":"has-post-thumbnail","6":"product_brand-mkto","7":"product_cat-kitos-mokyklines-prekes-mokyklines-prekes","8":"product_cat-krepseliai-sportinei-aprangai-mokyklines-prekes","10":"first","11":"instock","12":"taxable","13":"shipping-taxable","14":"purchasable","15":"product-type-simple"},"yoast_head":"<!-- This site is optimized with the Yoast SEO plugin v26.1.1 - https:\/\/yoast.com\/wordpress\/plugins\/seo\/ -->\n<title>Vaiki\u0161kas u\u017etraukiamas mai\u0161elis &quot;Llorel Frog&quot; \u017ealias MKTO 5705 - Rutana - Ra\u0161tin\u0117s reikmenys<\/title>\n<meta name=\"robots\" content=\"index, follow, max-snippet:-1, max-image-preview:large, max-video-preview:-1\" \/>\n<link rel=\"canonical\" href=\"https:\/\/rutana.lt\/en\/product\/vaikiskas-uztraukiamas-maiselis-llorel-frog-pilkas-mkto-5705\/\" \/>\n<meta property=\"og:locale\" content=\"en_US\" \/>\n<meta property=\"og:type\" content=\"article\" \/>\n<meta property=\"og:title\" content=\"Vaiki\u0161kas u\u017etraukiamas mai\u0161elis &quot;Llorel Frog&quot; \u017ealias MKTO 5705 - Rutana - Ra\u0161tin\u0117s reikmenys\" \/>\n<meta property=\"og:description\" content=\"Vaiki\u0161ka kuprin\u0117 su rai\u0161teliu, pagaminta i\u0161 mink\u0161to poliesterio 210T su originaliais gyv\u016bn\u0173 ra\u0161tais.  &nbsp;\" \/>\n<meta property=\"og:url\" content=\"https:\/\/rutana.lt\/en\/product\/vaikiskas-uztraukiamas-maiselis-llorel-frog-pilkas-mkto-5705\/\" \/>\n<meta property=\"og:site_name\" content=\"Rutana - Ra\u0161tin\u0117s reikmenys\" \/>\n<meta property=\"article:publisher\" content=\"https:\/\/www.facebook.com\/RutanaKanceliarinesPrekes\/\" \/>\n<meta property=\"article:modified_time\" content=\"2026-04-12T06:33:21+00:00\" \/>\n<meta property=\"og:image\" content=\"https:\/\/rutana.lt\/wp-content\/uploads\/2026\/04\/D027-921.jpg\" \/>\n\t<meta property=\"og:image:width\" content=\"1200\" \/>\n\t<meta property=\"og:image:height\" content=\"1200\" \/>\n\t<meta property=\"og:image:type\" content=\"image\/jpeg\" \/>\n<meta name=\"twitter:card\" content=\"summary_large_image\" \/>\n<meta name=\"twitter:label1\" content=\"Est. reading time\" \/>\n\t<meta name=\"twitter:data1\" content=\"1 minute\" \/>\n<script type=\"application\/ld+json\" class=\"yoast-schema-graph\">{\"@context\":\"https:\/\/schema.org\",\"@graph\":[{\"@type\":\"WebPage\",\"@id\":\"https:\/\/rutana.lt\/produktas\/vaikiskas-uztraukiamas-maiselis-llorel-frog-pilkas-mkto-5705\/\",\"url\":\"https:\/\/rutana.lt\/produktas\/vaikiskas-uztraukiamas-maiselis-llorel-frog-pilkas-mkto-5705\/\",\"name\":\"Vaiki\u0161kas u\u017etraukiamas mai\u0161elis \\\"Llorel Frog\\\" \u017ealias MKTO 5705 - Rutana - Ra\u0161tin\u0117s reikmenys\",\"isPartOf\":{\"@id\":\"https:\/\/rutana.lt\/#website\"},\"primaryImageOfPage\":{\"@id\":\"https:\/\/rutana.lt\/produktas\/vaikiskas-uztraukiamas-maiselis-llorel-frog-pilkas-mkto-5705\/#primaryimage\"},\"image\":{\"@id\":\"https:\/\/rutana.lt\/produktas\/vaikiskas-uztraukiamas-maiselis-llorel-frog-pilkas-mkto-5705\/#primaryimage\"},\"thumbnailUrl\":\"https:\/\/rutana.lt\/wp-content\/uploads\/2026\/04\/D027-921.jpg\",\"datePublished\":\"2026-04-11T11:32:00+00:00\",\"dateModified\":\"2026-04-12T06:33:21+00:00\",\"breadcrumb\":{\"@id\":\"https:\/\/rutana.lt\/produktas\/vaikiskas-uztraukiamas-maiselis-llorel-frog-pilkas-mkto-5705\/#breadcrumb\"},\"inLanguage\":\"en-US\",\"potentialAction\":[{\"@type\":\"ReadAction\",\"target\":[\"https:\/\/rutana.lt\/produktas\/vaikiskas-uztraukiamas-maiselis-llorel-frog-pilkas-mkto-5705\/\"]}]},{\"@type\":\"ImageObject\",\"inLanguage\":\"en-US\",\"@id\":\"https:\/\/rutana.lt\/produktas\/vaikiskas-uztraukiamas-maiselis-llorel-frog-pilkas-mkto-5705\/#primaryimage\",\"url\":\"https:\/\/rutana.lt\/wp-content\/uploads\/2026\/04\/D027-921.jpg\",\"contentUrl\":\"https:\/\/rutana.lt\/wp-content\/uploads\/2026\/04\/D027-921.jpg\",\"width\":1200,\"height\":1200},{\"@type\":\"BreadcrumbList\",\"@id\":\"https:\/\/rutana.lt\/produktas\/vaikiskas-uztraukiamas-maiselis-llorel-frog-pilkas-mkto-5705\/#breadcrumb\",\"itemListElement\":[{\"@type\":\"ListItem\",\"position\":1,\"name\":\"Home\",\"item\":\"https:\/\/rutana.lt\/\"},{\"@type\":\"ListItem\",\"position\":2,\"name\":\"Parduotuv\u0117\",\"item\":\"https:\/\/rutana.lt\/parduotuve\/\"},{\"@type\":\"ListItem\",\"position\":3,\"name\":\"Vaiki\u0161kas u\u017etraukiamas mai\u0161elis &#8222;Llorel Frog&#8221; \u017ealias MKTO 5705\"}]},{\"@type\":\"WebSite\",\"@id\":\"https:\/\/rutana.lt\/#website\",\"url\":\"https:\/\/rutana.lt\/\",\"name\":\"Rutana - Ra\u0161tin\u0117s reikmenys\",\"description\":\"Prekiaujame pasaulin\u0117je rinkoje pripa\u017eintomis, kokybi\u0161komis biuro prek\u0117mis toki\u0173  gamintoj\u0173 kaip: Schneider, Esselte, Novus, 3M, Faber-Castell, Citizen, Milan, Leitz, Colop, Zebra, Staedtler, Durable, Tork, Parker, Waterman ir kt.\",\"publisher\":{\"@id\":\"https:\/\/rutana.lt\/#organization\"},\"potentialAction\":[{\"@type\":\"SearchAction\",\"target\":{\"@type\":\"EntryPoint\",\"urlTemplate\":\"https:\/\/rutana.lt\/?s={search_term_string}\"},\"query-input\":{\"@type\":\"PropertyValueSpecification\",\"valueRequired\":true,\"valueName\":\"search_term_string\"}}],\"inLanguage\":\"en-US\"},{\"@type\":\"Organization\",\"@id\":\"https:\/\/rutana.lt\/#organization\",\"name\":\"Rutana - Ra\u0161tin\u0117s reikmenys\",\"url\":\"https:\/\/rutana.lt\/\",\"logo\":{\"@type\":\"ImageObject\",\"inLanguage\":\"en-US\",\"@id\":\"https:\/\/rutana.lt\/#\/schema\/logo\/image\/\",\"url\":\"https:\/\/rutana.lt\/wp-content\/uploads\/2025\/10\/Asset-32.png\",\"contentUrl\":\"https:\/\/rutana.lt\/wp-content\/uploads\/2025\/10\/Asset-32.png\",\"width\":433,\"height\":119,\"caption\":\"Rutana - Ra\u0161tin\u0117s reikmenys\"},\"image\":{\"@id\":\"https:\/\/rutana.lt\/#\/schema\/logo\/image\/\"},\"sameAs\":[\"https:\/\/www.facebook.com\/RutanaKanceliarinesPrekes\/\"]}]}<\/script>\n<!-- \/ Yoast SEO plugin. -->","yoast_head_json":{"title":"Vaiki\u0161kas u\u017etraukiamas mai\u0161elis \"Llorel Frog\" \u017ealias MKTO 5705 - Rutana - Ra\u0161tin\u0117s reikmenys","robots":{"index":"index","follow":"follow","max-snippet":"max-snippet:-1","max-image-preview":"max-image-preview:large","max-video-preview":"max-video-preview:-1"},"canonical":"https:\/\/rutana.lt\/en\/product\/vaikiskas-uztraukiamas-maiselis-llorel-frog-pilkas-mkto-5705\/","og_locale":"en_US","og_type":"article","og_title":"Vaiki\u0161kas u\u017etraukiamas mai\u0161elis \"Llorel Frog\" \u017ealias MKTO 5705 - Rutana - Ra\u0161tin\u0117s reikmenys","og_description":"Vaiki\u0161ka kuprin\u0117 su rai\u0161teliu, pagaminta i\u0161 mink\u0161to poliesterio 210T su originaliais gyv\u016bn\u0173 ra\u0161tais.  &nbsp;","og_url":"https:\/\/rutana.lt\/en\/product\/vaikiskas-uztraukiamas-maiselis-llorel-frog-pilkas-mkto-5705\/","og_site_name":"Rutana - Ra\u0161tin\u0117s reikmenys","article_publisher":"https:\/\/www.facebook.com\/RutanaKanceliarinesPrekes\/","article_modified_time":"2026-04-12T06:33:21+00:00","og_image":[{"width":1200,"height":1200,"url":"https:\/\/rutana.lt\/wp-content\/uploads\/2026\/04\/D027-921.jpg","type":"image\/jpeg"}],"twitter_card":"summary_large_image","twitter_misc":{"Est. reading time":"1 minute"},"schema":{"@context":"https:\/\/schema.org","@graph":[{"@type":"WebPage","@id":"https:\/\/rutana.lt\/produktas\/vaikiskas-uztraukiamas-maiselis-llorel-frog-pilkas-mkto-5705\/","url":"https:\/\/rutana.lt\/produktas\/vaikiskas-uztraukiamas-maiselis-llorel-frog-pilkas-mkto-5705\/","name":"Vaiki\u0161kas u\u017etraukiamas mai\u0161elis \"Llorel Frog\" \u017ealias MKTO 5705 - Rutana - Ra\u0161tin\u0117s reikmenys","isPartOf":{"@id":"https:\/\/rutana.lt\/#website"},"primaryImageOfPage":{"@id":"https:\/\/rutana.lt\/produktas\/vaikiskas-uztraukiamas-maiselis-llorel-frog-pilkas-mkto-5705\/#primaryimage"},"image":{"@id":"https:\/\/rutana.lt\/produktas\/vaikiskas-uztraukiamas-maiselis-llorel-frog-pilkas-mkto-5705\/#primaryimage"},"thumbnailUrl":"https:\/\/rutana.lt\/wp-content\/uploads\/2026\/04\/D027-921.jpg","datePublished":"2026-04-11T11:32:00+00:00","dateModified":"2026-04-12T06:33:21+00:00","breadcrumb":{"@id":"https:\/\/rutana.lt\/produktas\/vaikiskas-uztraukiamas-maiselis-llorel-frog-pilkas-mkto-5705\/#breadcrumb"},"inLanguage":"en-US","potentialAction":[{"@type":"ReadAction","target":["https:\/\/rutana.lt\/produktas\/vaikiskas-uztraukiamas-maiselis-llorel-frog-pilkas-mkto-5705\/"]}]},{"@type":"ImageObject","inLanguage":"en-US","@id":"https:\/\/rutana.lt\/produktas\/vaikiskas-uztraukiamas-maiselis-llorel-frog-pilkas-mkto-5705\/#primaryimage","url":"https:\/\/rutana.lt\/wp-content\/uploads\/2026\/04\/D027-921.jpg","contentUrl":"https:\/\/rutana.lt\/wp-content\/uploads\/2026\/04\/D027-921.jpg","width":1200,"height":1200},{"@type":"BreadcrumbList","@id":"https:\/\/rutana.lt\/produktas\/vaikiskas-uztraukiamas-maiselis-llorel-frog-pilkas-mkto-5705\/#breadcrumb","itemListElement":[{"@type":"ListItem","position":1,"name":"Home","item":"https:\/\/rutana.lt\/"},{"@type":"ListItem","position":2,"name":"Parduotuv\u0117","item":"https:\/\/rutana.lt\/parduotuve\/"},{"@type":"ListItem","position":3,"name":"Vaiki\u0161kas u\u017etraukiamas mai\u0161elis &#8222;Llorel Frog&#8221; \u017ealias MKTO 5705"}]},{"@type":"WebSite","@id":"https:\/\/rutana.lt\/#website","url":"https:\/\/rutana.lt\/","name":"Rutana - Ra\u0161tin\u0117s reikmenys","description":"Prekiaujame pasaulin\u0117je rinkoje pripa\u017eintomis, kokybi\u0161komis biuro prek\u0117mis toki\u0173  gamintoj\u0173 kaip: Schneider, Esselte, Novus, 3M, Faber-Castell, Citizen, Milan, Leitz, Colop, Zebra, Staedtler, Durable, Tork, Parker, Waterman ir kt.","publisher":{"@id":"https:\/\/rutana.lt\/#organization"},"potentialAction":[{"@type":"SearchAction","target":{"@type":"EntryPoint","urlTemplate":"https:\/\/rutana.lt\/?s={search_term_string}"},"query-input":{"@type":"PropertyValueSpecification","valueRequired":true,"valueName":"search_term_string"}}],"inLanguage":"en-US"},{"@type":"Organization","@id":"https:\/\/rutana.lt\/#organization","name":"Rutana - Ra\u0161tin\u0117s reikmenys","url":"https:\/\/rutana.lt\/","logo":{"@type":"ImageObject","inLanguage":"en-US","@id":"https:\/\/rutana.lt\/#\/schema\/logo\/image\/","url":"https:\/\/rutana.lt\/wp-content\/uploads\/2025\/10\/Asset-32.png","contentUrl":"https:\/\/rutana.lt\/wp-content\/uploads\/2025\/10\/Asset-32.png","width":433,"height":119,"caption":"Rutana - Ra\u0161tin\u0117s reikmenys"},"image":{"@id":"https:\/\/rutana.lt\/#\/schema\/logo\/image\/"},"sameAs":["https:\/\/www.facebook.com\/RutanaKanceliarinesPrekes\/"]}]}},"_links":{"self":[{"href":"https:\/\/rutana.lt\/en\/wp-json\/wp\/v2\/product\/35721","targetHints":{"allow":["GET"]}}],"collection":[{"href":"https:\/\/rutana.lt\/en\/wp-json\/wp\/v2\/product"}],"about":[{"href":"https:\/\/rutana.lt\/en\/wp-json\/wp\/v2\/types\/product"}],"replies":[{"embeddable":true,"href":"https:\/\/rutana.lt\/en\/wp-json\/wp\/v2\/comments?post=35721"}],"version-history":[{"count":3,"href":"https:\/\/rutana.lt\/en\/wp-json\/wp\/v2\/product\/35721\/revisions"}],"predecessor-version":[{"id":35727,"href":"https:\/\/rutana.lt\/en\/wp-json\/wp\/v2\/product\/35721\/revisions\/35727"}],"wp:featuredmedia":[{"embeddable":true,"href":"https:\/\/rutana.lt\/en\/wp-json\/wp\/v2\/media\/35715"}],"wp:attachment":[{"href":"https:\/\/rutana.lt\/en\/wp-json\/wp\/v2\/media?parent=35721"}],"wp:term":[{"taxonomy":"product_brand","embeddable":true,"href":"https:\/\/rutana.lt\/en\/wp-json\/wp\/v2\/product_brand?post=35721"},{"taxonomy":"product_cat","embeddable":true,"href":"https:\/\/rutana.lt\/en\/wp-json\/wp\/v2\/product_cat?post=35721"},{"taxonomy":"product_tag","embeddable":true,"href":"https:\/\/rutana.lt\/en\/wp-json\/wp\/v2\/product_tag?post=35721"}],"curies":[{"name":"wp","href":"https:\/\/api.w.org\/{rel}","templated":true}]}}