{"id":35708,"date":"2026-04-11T13:06:27","date_gmt":"2026-04-11T11:06:27","guid":{"rendered":"https:\/\/rutana.lt\/?post_type=product&#038;p=35708"},"modified":"2026-04-11T13:14:50","modified_gmt":"2026-04-11T11:14:50","slug":"pinigine-is-kamstines-medziagos-dabey-mkto-5881","status":"publish","type":"product","link":"https:\/\/rutana.lt\/en\/product\/pinigine-is-kamstines-medziagos-dabey-mkto-5881\/","title":{"rendered":"Pinigin\u0117 i\u0161 kam\u0161tin\u0117s med\u017eiagos &#8222;Dabey&#8221; MKTO 5881"},"content":{"rendered":"<p>Ekologi\u0161ka, kvadratinio dizaino pinigin\u0117 i\u0161 nat\u016bralios kam\u0161tin\u0117s med\u017eiagos su mink\u0161tu vidiniu pamu\u0161alu. Pagrindinis skyrius su atitinkamos spalvos u\u017etrauktuku ir rakt\u0173 pakabuku. Su vidiniu pamu\u0161alu.<\/p>\n<p>Ant prek\u0117s galima u\u017ed\u0117ti reklamin\u012f \u012fmon\u0117s logotip\u0105 ar kitok\u012f u\u017era\u0161\u0105 jums pageidaujamoje vietoje bei j\u016bs\u0173 pasirinkt\u0173 b\u016bdu. Kaina nurodyta tik prek\u0117s, be u\u017era\u0161o. U\u017era\u0161o kaina priklauso nuo u\u017esakomo kiekio ir u\u017ed\u0117jimo b\u016bdo.<\/p>\n<p>Spalva: med\u017eio<\/p>\n<p>Matmenys: 10 x 9 x 2 cm<\/p>\n<p>Svoris: 10 g<\/p>\n<p style=\"margin-bottom: 10px;\">U\u017era\u0161o u\u017ed\u0117jimo galimi b\u016bdai: lazeris, \u0161ilkografija<\/p>\n<p style=\"margin-bottom: 10px;\">U\u017era\u0161o u\u017ed\u0117jimo galimos vietos: ant i\u0161or\u0117s pinigin\u0117s<\/p>\n<p>&nbsp;<\/p>\n<p>&nbsp;<\/p>","protected":false},"excerpt":{"rendered":"<p>Ekologi\u0161ka, kvadratinio dizaino pinigin\u0117 i\u0161 nat\u016bralios kam\u0161tin\u0117s med\u017eiagos su mink\u0161tu vidiniu pamu\u0161alu<\/p>\n<p>&nbsp;<\/p>","protected":false},"featured_media":35711,"comment_status":"open","ping_status":"closed","template":"","meta":{"_season_start":"","_season_end":"","_season_days":"","_season_months":"","_season_auto_visibility":"1"},"product_brand":[1115],"product_cat":[1541,1033],"product_tag":[],"class_list":{"0":"post-35708","1":"product","2":"type-product","3":"status-publish","4":"has-post-thumbnail","6":"product_brand-mkto","7":"product_cat-kitos-mokyklines-prekes-mokyklines-prekes","8":"product_cat-pinigines","10":"first","11":"instock","12":"taxable","13":"shipping-taxable","14":"purchasable","15":"product-type-simple"},"yoast_head":"<!-- This site is optimized with the Yoast SEO plugin v26.1.1 - https:\/\/yoast.com\/wordpress\/plugins\/seo\/ -->\n<title>Pinigin\u0117 i\u0161 kam\u0161tin\u0117s med\u017eiagos &quot;Dabey&quot; MKTO 5881 - Rutana - Ra\u0161tin\u0117s reikmenys<\/title>\n<meta name=\"robots\" content=\"index, follow, max-snippet:-1, max-image-preview:large, max-video-preview:-1\" \/>\n<link rel=\"canonical\" href=\"https:\/\/rutana.lt\/en\/product\/pinigine-is-kamstines-medziagos-dabey-mkto-5881\/\" \/>\n<meta property=\"og:locale\" content=\"en_US\" \/>\n<meta property=\"og:type\" content=\"article\" \/>\n<meta property=\"og:title\" content=\"Pinigin\u0117 i\u0161 kam\u0161tin\u0117s med\u017eiagos &quot;Dabey&quot; MKTO 5881 - Rutana - Ra\u0161tin\u0117s reikmenys\" \/>\n<meta property=\"og:description\" content=\"Ekologi\u0161ka, kvadratinio dizaino pinigin\u0117 i\u0161 nat\u016bralios kam\u0161tin\u0117s med\u017eiagos su mink\u0161tu vidiniu pamu\u0161alu  &nbsp;\" \/>\n<meta property=\"og:url\" content=\"https:\/\/rutana.lt\/en\/product\/pinigine-is-kamstines-medziagos-dabey-mkto-5881\/\" \/>\n<meta property=\"og:site_name\" content=\"Rutana - Ra\u0161tin\u0117s reikmenys\" \/>\n<meta property=\"article:publisher\" content=\"https:\/\/www.facebook.com\/RutanaKanceliarinesPrekes\/\" \/>\n<meta property=\"article:modified_time\" content=\"2026-04-11T11:14:50+00:00\" \/>\n<meta property=\"og:image\" content=\"https:\/\/rutana.lt\/wp-content\/uploads\/2026\/04\/D027-141.jpg\" \/>\n\t<meta property=\"og:image:width\" content=\"1200\" \/>\n\t<meta property=\"og:image:height\" content=\"1200\" \/>\n\t<meta property=\"og:image:type\" content=\"image\/jpeg\" \/>\n<meta name=\"twitter:card\" content=\"summary_large_image\" \/>\n<meta name=\"twitter:label1\" content=\"Est. reading time\" \/>\n\t<meta name=\"twitter:data1\" content=\"1 minute\" \/>\n<script type=\"application\/ld+json\" class=\"yoast-schema-graph\">{\"@context\":\"https:\/\/schema.org\",\"@graph\":[{\"@type\":\"WebPage\",\"@id\":\"https:\/\/rutana.lt\/produktas\/pinigine-is-kamstines-medziagos-dabey-mkto-5881\/\",\"url\":\"https:\/\/rutana.lt\/produktas\/pinigine-is-kamstines-medziagos-dabey-mkto-5881\/\",\"name\":\"Pinigin\u0117 i\u0161 kam\u0161tin\u0117s med\u017eiagos \\\"Dabey\\\" MKTO 5881 - Rutana - Ra\u0161tin\u0117s reikmenys\",\"isPartOf\":{\"@id\":\"https:\/\/rutana.lt\/#website\"},\"primaryImageOfPage\":{\"@id\":\"https:\/\/rutana.lt\/produktas\/pinigine-is-kamstines-medziagos-dabey-mkto-5881\/#primaryimage\"},\"image\":{\"@id\":\"https:\/\/rutana.lt\/produktas\/pinigine-is-kamstines-medziagos-dabey-mkto-5881\/#primaryimage\"},\"thumbnailUrl\":\"https:\/\/rutana.lt\/wp-content\/uploads\/2026\/04\/D027-141.jpg\",\"datePublished\":\"2026-04-11T11:06:27+00:00\",\"dateModified\":\"2026-04-11T11:14:50+00:00\",\"breadcrumb\":{\"@id\":\"https:\/\/rutana.lt\/produktas\/pinigine-is-kamstines-medziagos-dabey-mkto-5881\/#breadcrumb\"},\"inLanguage\":\"en-US\",\"potentialAction\":[{\"@type\":\"ReadAction\",\"target\":[\"https:\/\/rutana.lt\/produktas\/pinigine-is-kamstines-medziagos-dabey-mkto-5881\/\"]}]},{\"@type\":\"ImageObject\",\"inLanguage\":\"en-US\",\"@id\":\"https:\/\/rutana.lt\/produktas\/pinigine-is-kamstines-medziagos-dabey-mkto-5881\/#primaryimage\",\"url\":\"https:\/\/rutana.lt\/wp-content\/uploads\/2026\/04\/D027-141.jpg\",\"contentUrl\":\"https:\/\/rutana.lt\/wp-content\/uploads\/2026\/04\/D027-141.jpg\",\"width\":1200,\"height\":1200},{\"@type\":\"BreadcrumbList\",\"@id\":\"https:\/\/rutana.lt\/produktas\/pinigine-is-kamstines-medziagos-dabey-mkto-5881\/#breadcrumb\",\"itemListElement\":[{\"@type\":\"ListItem\",\"position\":1,\"name\":\"Home\",\"item\":\"https:\/\/rutana.lt\/\"},{\"@type\":\"ListItem\",\"position\":2,\"name\":\"Parduotuv\u0117\",\"item\":\"https:\/\/rutana.lt\/parduotuve\/\"},{\"@type\":\"ListItem\",\"position\":3,\"name\":\"Pinigin\u0117 i\u0161 kam\u0161tin\u0117s med\u017eiagos &#8222;Dabey&#8221; MKTO 5881\"}]},{\"@type\":\"WebSite\",\"@id\":\"https:\/\/rutana.lt\/#website\",\"url\":\"https:\/\/rutana.lt\/\",\"name\":\"Rutana - Ra\u0161tin\u0117s reikmenys\",\"description\":\"Prekiaujame pasaulin\u0117je rinkoje pripa\u017eintomis, kokybi\u0161komis biuro prek\u0117mis toki\u0173  gamintoj\u0173 kaip: Schneider, Esselte, Novus, 3M, Faber-Castell, Citizen, Milan, Leitz, Colop, Zebra, Staedtler, Durable, Tork, Parker, Waterman ir kt.\",\"publisher\":{\"@id\":\"https:\/\/rutana.lt\/#organization\"},\"potentialAction\":[{\"@type\":\"SearchAction\",\"target\":{\"@type\":\"EntryPoint\",\"urlTemplate\":\"https:\/\/rutana.lt\/?s={search_term_string}\"},\"query-input\":{\"@type\":\"PropertyValueSpecification\",\"valueRequired\":true,\"valueName\":\"search_term_string\"}}],\"inLanguage\":\"en-US\"},{\"@type\":\"Organization\",\"@id\":\"https:\/\/rutana.lt\/#organization\",\"name\":\"Rutana - Ra\u0161tin\u0117s reikmenys\",\"url\":\"https:\/\/rutana.lt\/\",\"logo\":{\"@type\":\"ImageObject\",\"inLanguage\":\"en-US\",\"@id\":\"https:\/\/rutana.lt\/#\/schema\/logo\/image\/\",\"url\":\"https:\/\/rutana.lt\/wp-content\/uploads\/2025\/10\/Asset-32.png\",\"contentUrl\":\"https:\/\/rutana.lt\/wp-content\/uploads\/2025\/10\/Asset-32.png\",\"width\":433,\"height\":119,\"caption\":\"Rutana - Ra\u0161tin\u0117s reikmenys\"},\"image\":{\"@id\":\"https:\/\/rutana.lt\/#\/schema\/logo\/image\/\"},\"sameAs\":[\"https:\/\/www.facebook.com\/RutanaKanceliarinesPrekes\/\"]}]}<\/script>\n<!-- \/ Yoast SEO plugin. -->","yoast_head_json":{"title":"Pinigin\u0117 i\u0161 kam\u0161tin\u0117s med\u017eiagos \"Dabey\" MKTO 5881 - Rutana - Ra\u0161tin\u0117s reikmenys","robots":{"index":"index","follow":"follow","max-snippet":"max-snippet:-1","max-image-preview":"max-image-preview:large","max-video-preview":"max-video-preview:-1"},"canonical":"https:\/\/rutana.lt\/en\/product\/pinigine-is-kamstines-medziagos-dabey-mkto-5881\/","og_locale":"en_US","og_type":"article","og_title":"Pinigin\u0117 i\u0161 kam\u0161tin\u0117s med\u017eiagos \"Dabey\" MKTO 5881 - Rutana - Ra\u0161tin\u0117s reikmenys","og_description":"Ekologi\u0161ka, kvadratinio dizaino pinigin\u0117 i\u0161 nat\u016bralios kam\u0161tin\u0117s med\u017eiagos su mink\u0161tu vidiniu pamu\u0161alu  &nbsp;","og_url":"https:\/\/rutana.lt\/en\/product\/pinigine-is-kamstines-medziagos-dabey-mkto-5881\/","og_site_name":"Rutana - Ra\u0161tin\u0117s reikmenys","article_publisher":"https:\/\/www.facebook.com\/RutanaKanceliarinesPrekes\/","article_modified_time":"2026-04-11T11:14:50+00:00","og_image":[{"width":1200,"height":1200,"url":"https:\/\/rutana.lt\/wp-content\/uploads\/2026\/04\/D027-141.jpg","type":"image\/jpeg"}],"twitter_card":"summary_large_image","twitter_misc":{"Est. reading time":"1 minute"},"schema":{"@context":"https:\/\/schema.org","@graph":[{"@type":"WebPage","@id":"https:\/\/rutana.lt\/produktas\/pinigine-is-kamstines-medziagos-dabey-mkto-5881\/","url":"https:\/\/rutana.lt\/produktas\/pinigine-is-kamstines-medziagos-dabey-mkto-5881\/","name":"Pinigin\u0117 i\u0161 kam\u0161tin\u0117s med\u017eiagos \"Dabey\" MKTO 5881 - Rutana - Ra\u0161tin\u0117s reikmenys","isPartOf":{"@id":"https:\/\/rutana.lt\/#website"},"primaryImageOfPage":{"@id":"https:\/\/rutana.lt\/produktas\/pinigine-is-kamstines-medziagos-dabey-mkto-5881\/#primaryimage"},"image":{"@id":"https:\/\/rutana.lt\/produktas\/pinigine-is-kamstines-medziagos-dabey-mkto-5881\/#primaryimage"},"thumbnailUrl":"https:\/\/rutana.lt\/wp-content\/uploads\/2026\/04\/D027-141.jpg","datePublished":"2026-04-11T11:06:27+00:00","dateModified":"2026-04-11T11:14:50+00:00","breadcrumb":{"@id":"https:\/\/rutana.lt\/produktas\/pinigine-is-kamstines-medziagos-dabey-mkto-5881\/#breadcrumb"},"inLanguage":"en-US","potentialAction":[{"@type":"ReadAction","target":["https:\/\/rutana.lt\/produktas\/pinigine-is-kamstines-medziagos-dabey-mkto-5881\/"]}]},{"@type":"ImageObject","inLanguage":"en-US","@id":"https:\/\/rutana.lt\/produktas\/pinigine-is-kamstines-medziagos-dabey-mkto-5881\/#primaryimage","url":"https:\/\/rutana.lt\/wp-content\/uploads\/2026\/04\/D027-141.jpg","contentUrl":"https:\/\/rutana.lt\/wp-content\/uploads\/2026\/04\/D027-141.jpg","width":1200,"height":1200},{"@type":"BreadcrumbList","@id":"https:\/\/rutana.lt\/produktas\/pinigine-is-kamstines-medziagos-dabey-mkto-5881\/#breadcrumb","itemListElement":[{"@type":"ListItem","position":1,"name":"Home","item":"https:\/\/rutana.lt\/"},{"@type":"ListItem","position":2,"name":"Parduotuv\u0117","item":"https:\/\/rutana.lt\/parduotuve\/"},{"@type":"ListItem","position":3,"name":"Pinigin\u0117 i\u0161 kam\u0161tin\u0117s med\u017eiagos &#8222;Dabey&#8221; MKTO 5881"}]},{"@type":"WebSite","@id":"https:\/\/rutana.lt\/#website","url":"https:\/\/rutana.lt\/","name":"Rutana - Ra\u0161tin\u0117s reikmenys","description":"Prekiaujame pasaulin\u0117je rinkoje pripa\u017eintomis, kokybi\u0161komis biuro prek\u0117mis toki\u0173  gamintoj\u0173 kaip: Schneider, Esselte, Novus, 3M, Faber-Castell, Citizen, Milan, Leitz, Colop, Zebra, Staedtler, Durable, Tork, Parker, Waterman ir kt.","publisher":{"@id":"https:\/\/rutana.lt\/#organization"},"potentialAction":[{"@type":"SearchAction","target":{"@type":"EntryPoint","urlTemplate":"https:\/\/rutana.lt\/?s={search_term_string}"},"query-input":{"@type":"PropertyValueSpecification","valueRequired":true,"valueName":"search_term_string"}}],"inLanguage":"en-US"},{"@type":"Organization","@id":"https:\/\/rutana.lt\/#organization","name":"Rutana - Ra\u0161tin\u0117s reikmenys","url":"https:\/\/rutana.lt\/","logo":{"@type":"ImageObject","inLanguage":"en-US","@id":"https:\/\/rutana.lt\/#\/schema\/logo\/image\/","url":"https:\/\/rutana.lt\/wp-content\/uploads\/2025\/10\/Asset-32.png","contentUrl":"https:\/\/rutana.lt\/wp-content\/uploads\/2025\/10\/Asset-32.png","width":433,"height":119,"caption":"Rutana - Ra\u0161tin\u0117s reikmenys"},"image":{"@id":"https:\/\/rutana.lt\/#\/schema\/logo\/image\/"},"sameAs":["https:\/\/www.facebook.com\/RutanaKanceliarinesPrekes\/"]}]}},"_links":{"self":[{"href":"https:\/\/rutana.lt\/en\/wp-json\/wp\/v2\/product\/35708","targetHints":{"allow":["GET"]}}],"collection":[{"href":"https:\/\/rutana.lt\/en\/wp-json\/wp\/v2\/product"}],"about":[{"href":"https:\/\/rutana.lt\/en\/wp-json\/wp\/v2\/types\/product"}],"replies":[{"embeddable":true,"href":"https:\/\/rutana.lt\/en\/wp-json\/wp\/v2\/comments?post=35708"}],"version-history":[{"count":2,"href":"https:\/\/rutana.lt\/en\/wp-json\/wp\/v2\/product\/35708\/revisions"}],"predecessor-version":[{"id":35713,"href":"https:\/\/rutana.lt\/en\/wp-json\/wp\/v2\/product\/35708\/revisions\/35713"}],"wp:featuredmedia":[{"embeddable":true,"href":"https:\/\/rutana.lt\/en\/wp-json\/wp\/v2\/media\/35711"}],"wp:attachment":[{"href":"https:\/\/rutana.lt\/en\/wp-json\/wp\/v2\/media?parent=35708"}],"wp:term":[{"taxonomy":"product_brand","embeddable":true,"href":"https:\/\/rutana.lt\/en\/wp-json\/wp\/v2\/product_brand?post=35708"},{"taxonomy":"product_cat","embeddable":true,"href":"https:\/\/rutana.lt\/en\/wp-json\/wp\/v2\/product_cat?post=35708"},{"taxonomy":"product_tag","embeddable":true,"href":"https:\/\/rutana.lt\/en\/wp-json\/wp\/v2\/product_tag?post=35708"}],"curies":[{"name":"wp","href":"https:\/\/api.w.org\/{rel}","templated":true}]}}