{"id":35567,"date":"2026-04-04T08:36:11","date_gmt":"2026-04-04T06:36:11","guid":{"rendered":"https:\/\/rutana.lt\/?post_type=product&#038;p=35567"},"modified":"2026-04-04T08:40:19","modified_gmt":"2026-04-04T06:40:19","slug":"bloknotas-konferenciniam-stovui-baltas-50-lapu-forofis-91721","status":"publish","type":"product","link":"https:\/\/rutana.lt\/en\/product\/bloknotas-konferenciniam-stovui-baltas-50-lapu-forofis-91721\/","title":{"rendered":"Bloknotas konferenciniam stovui baltas 50 lap\u0173 Forofis 91721"},"content":{"rendered":"<div class=\"otQkpb\" role=\"heading\" aria-level=\"3\" data-animation-nesting=\"\" data-sfc-cp=\"\" data-sfc-root=\"c\" data-sfc-cb=\"\" data-complete=\"true\" data-processed=\"true\" data-sae=\"\"><strong class=\"Yjhzub\" data-sfc-root=\"c\" data-sfc-cb=\"\" data-complete=\"true\">Popieriaus blokas magnetin\u0117ms lentoms (Flipchart) \u2013 kokybi\u0161kas sprendimas j\u016bs\u0173 pristatymams<\/strong><\/div>\n<div class=\"Y3BBE\" data-sfc-cp=\"\" data-sfc-root=\"c\" data-sfc-cb=\"\" data-hveid=\"CAEIAxAA\" data-complete=\"true\" data-processed=\"true\">U\u017etikrinkite skland\u0173 id\u0117j\u0173 fiksavim\u0105 susirinkim\u0173, mokym\u0173 ar k\u016brybini\u0173 sesij\u0173 metu. \u0160is auk\u0161tos kokyb\u0117s popieriaus blokas sukurtas profesionaliam naudojimui ir maksimaliam patogumui.<\/div>\n<div class=\"Y3BBE\" data-sfc-cp=\"\" data-sfc-root=\"c\" data-sfc-cb=\"\" data-hveid=\"CAEIBBAA\" data-complete=\"true\" data-processed=\"true\"><strong class=\"Yjhzub\" data-sfc-root=\"c\" data-sfc-cb=\"\" data-complete=\"true\" data-processed=\"true\">Svarbiausi privalumai:<\/strong><\/div>\n<ul class=\"KsbFXc U6u95\" data-sfc-root=\"c\" data-sfc-cb=\"\" data-complete=\"true\" data-processed=\"true\">\n<li class=\"dF3vjf\" data-sfc-root=\"c\" data-sfc-cb=\"\" data-hveid=\"CAEIBRAA\" data-complete=\"true\" data-sae=\"\"><span class=\"T286Pc\" data-sfc-cp=\"\" data-sfc-root=\"c\" data-sfc-cb=\"\" data-complete=\"true\"><strong class=\"Yjhzub\" data-sfc-root=\"c\" data-sfc-cb=\"\" data-complete=\"true\">Universalus tvirtinimas:<\/strong>\u00a0Speciali perforacija vir\u0161uje leid\u017eia blok\u0105 lengvai ir patikimai pritvirtinti prie daugelio rinkoje esan\u010di\u0173 magnetini\u0173 lent\u0173 (flipchart) modeli\u0173.<\/span><\/li>\n<li class=\"dF3vjf\" data-sfc-root=\"c\" data-sfc-cb=\"\" data-hveid=\"CAEIBRAB\" data-complete=\"true\" data-sae=\"\"><span class=\"T286Pc\" data-sfc-cp=\"\" data-sfc-root=\"c\" data-sfc-cb=\"\" data-complete=\"true\"><strong class=\"Yjhzub\" data-sfc-root=\"c\" data-sfc-cb=\"\" data-complete=\"true\">Tanki popieriaus strukt\u016bra:<\/strong>\u00a060 g\/m\u00b2 tankio popierius u\u017etikrina, kad ra\u0161alas nepersigert\u0173 \u012f kit\u0105 puslap\u012f \u2013 j\u016bs\u0173 u\u017era\u0161ai i\u0161liks tvarkingi, o kitas lapas \u2013 \u0161varus.<\/span><\/li>\n<li class=\"dF3vjf\" data-sfc-root=\"c\" data-sfc-cb=\"\" data-hveid=\"CAEIBRAC\" data-complete=\"true\" data-sae=\"\"><span class=\"T286Pc\" data-sfc-cp=\"\" data-sfc-root=\"c\" data-sfc-cb=\"\" data-complete=\"true\"><strong class=\"Yjhzub\" data-sfc-root=\"c\" data-sfc-cb=\"\" data-complete=\"true\">Lengvas lap\u0173 atpl\u0117\u0161imas:<\/strong>\u00a0Integruota mikroperforacija leid\u017eia greitai ir esteti\u0161kai nupl\u0117\u0161ti panaudotus lapus j\u0173 nesugadinant.<\/span><\/li>\n<li class=\"dF3vjf\" data-sfc-root=\"c\" data-sfc-cb=\"\" data-hveid=\"CAEIBRAD\" data-complete=\"true\" data-sae=\"\"><span class=\"T286Pc\" data-sfc-cp=\"\" data-sfc-root=\"c\" data-sfc-cb=\"\" data-complete=\"true\"><strong class=\"Yjhzub\" data-sfc-root=\"c\" data-sfc-cb=\"\" data-complete=\"true\">Europos kokyb\u0117:<\/strong>\u00a0Produktas pagamintas\u00a0<strong class=\"Yjhzub\" data-sfc-root=\"c\" data-sfc-cb=\"\" data-complete=\"true\">ES<\/strong>, laikantis auk\u0161t\u0173 gamybos standart\u0173.<\/span><\/li>\n<\/ul>\n<div class=\"Y3BBE\" data-sfc-cp=\"\" data-sfc-root=\"c\" data-sfc-cb=\"\" data-hveid=\"CAEIBhAA\" data-complete=\"true\" data-processed=\"true\">Tai nepakei\u010diama priemon\u0117 biurui, padedanti vizualizuoti mintis be joki\u0173 r\u016bpes\u010di\u0173 d\u0117l persig\u0117rusio ra\u0161alo ar nepatogaus lap\u0173 pl\u0117\u0161ymo.<\/div>\n<p>&nbsp;<\/p>\n<p>Popieriaus gramat\u016bra: 60 g\/m<sup><span style=\"font-size: small;\">2<\/span><\/sup><\/p>\n<p>Lap\u0173 skai\u010dius: 50<\/p>\n<p>Lapo pavir\u0161ius: baltas<\/p>\n<p>Bloknoto matmenys: 60 x 85 cm<\/p>\n<p>Kilm\u0117s \u0161alis: EU<\/p>\n<p>&nbsp;<\/p>","protected":false},"excerpt":{"rendered":"<p>Popieriaus blokas magnetin\u0117ms lentoms (Flipchart) \u2013 kokybi\u0161kas sprendimas j\u016bs\u0173 pristatymams.<\/p>","protected":false},"featured_media":35568,"comment_status":"open","ping_status":"closed","template":"","meta":{"_season_start":"","_season_end":"","_season_days":"","_season_months":"","_season_auto_visibility":"1"},"product_brand":[606],"product_cat":[1795],"product_tag":[],"class_list":{"0":"post-35567","1":"product","2":"type-product","3":"status-publish","4":"has-post-thumbnail","6":"product_brand-forofis","7":"product_cat-bloknotai-lentoms","9":"first","10":"instock","11":"taxable","12":"shipping-taxable","13":"purchasable","14":"product-type-simple"},"yoast_head":"<!-- This site is optimized with the Yoast SEO plugin v26.1.1 - https:\/\/yoast.com\/wordpress\/plugins\/seo\/ -->\n<title>Bloknotas konferenciniam stovui baltas 50 lap\u0173 Forofis 91721 - Rutana - Ra\u0161tin\u0117s reikmenys<\/title>\n<meta name=\"robots\" content=\"index, follow, max-snippet:-1, max-image-preview:large, max-video-preview:-1\" \/>\n<link rel=\"canonical\" href=\"https:\/\/rutana.lt\/en\/product\/bloknotas-konferenciniam-stovui-baltas-50-lapu-forofis-91721\/\" \/>\n<meta property=\"og:locale\" content=\"en_US\" \/>\n<meta property=\"og:type\" content=\"article\" \/>\n<meta property=\"og:title\" content=\"Bloknotas konferenciniam stovui baltas 50 lap\u0173 Forofis 91721 - Rutana - Ra\u0161tin\u0117s reikmenys\" \/>\n<meta property=\"og:description\" content=\"Popieriaus blokas magnetin\u0117ms lentoms (Flipchart) \u2013 kokybi\u0161kas sprendimas j\u016bs\u0173 pristatymams.\" \/>\n<meta property=\"og:url\" content=\"https:\/\/rutana.lt\/en\/product\/bloknotas-konferenciniam-stovui-baltas-50-lapu-forofis-91721\/\" \/>\n<meta property=\"og:site_name\" content=\"Rutana - Ra\u0161tin\u0117s reikmenys\" \/>\n<meta property=\"article:publisher\" content=\"https:\/\/www.facebook.com\/RutanaKanceliarinesPrekes\/\" \/>\n<meta property=\"article:modified_time\" content=\"2026-04-04T06:40:19+00:00\" \/>\n<meta property=\"og:image\" content=\"https:\/\/rutana.lt\/wp-content\/uploads\/2026\/04\/A031-400.jpg\" \/>\n\t<meta property=\"og:image:width\" content=\"1200\" \/>\n\t<meta property=\"og:image:height\" content=\"1200\" \/>\n\t<meta property=\"og:image:type\" content=\"image\/jpeg\" \/>\n<meta name=\"twitter:card\" content=\"summary_large_image\" \/>\n<meta name=\"twitter:label1\" content=\"Est. reading time\" \/>\n\t<meta name=\"twitter:data1\" content=\"1 minute\" \/>\n<script type=\"application\/ld+json\" class=\"yoast-schema-graph\">{\"@context\":\"https:\/\/schema.org\",\"@graph\":[{\"@type\":\"WebPage\",\"@id\":\"https:\/\/rutana.lt\/produktas\/bloknotas-konferenciniam-stovui-baltas-50-lapu-forofis-91721\/\",\"url\":\"https:\/\/rutana.lt\/produktas\/bloknotas-konferenciniam-stovui-baltas-50-lapu-forofis-91721\/\",\"name\":\"Bloknotas konferenciniam stovui baltas 50 lap\u0173 Forofis 91721 - Rutana - Ra\u0161tin\u0117s reikmenys\",\"isPartOf\":{\"@id\":\"https:\/\/rutana.lt\/#website\"},\"primaryImageOfPage\":{\"@id\":\"https:\/\/rutana.lt\/produktas\/bloknotas-konferenciniam-stovui-baltas-50-lapu-forofis-91721\/#primaryimage\"},\"image\":{\"@id\":\"https:\/\/rutana.lt\/produktas\/bloknotas-konferenciniam-stovui-baltas-50-lapu-forofis-91721\/#primaryimage\"},\"thumbnailUrl\":\"https:\/\/rutana.lt\/wp-content\/uploads\/2026\/04\/A031-400.jpg\",\"datePublished\":\"2026-04-04T06:36:11+00:00\",\"dateModified\":\"2026-04-04T06:40:19+00:00\",\"breadcrumb\":{\"@id\":\"https:\/\/rutana.lt\/produktas\/bloknotas-konferenciniam-stovui-baltas-50-lapu-forofis-91721\/#breadcrumb\"},\"inLanguage\":\"en-US\",\"potentialAction\":[{\"@type\":\"ReadAction\",\"target\":[\"https:\/\/rutana.lt\/produktas\/bloknotas-konferenciniam-stovui-baltas-50-lapu-forofis-91721\/\"]}]},{\"@type\":\"ImageObject\",\"inLanguage\":\"en-US\",\"@id\":\"https:\/\/rutana.lt\/produktas\/bloknotas-konferenciniam-stovui-baltas-50-lapu-forofis-91721\/#primaryimage\",\"url\":\"https:\/\/rutana.lt\/wp-content\/uploads\/2026\/04\/A031-400.jpg\",\"contentUrl\":\"https:\/\/rutana.lt\/wp-content\/uploads\/2026\/04\/A031-400.jpg\",\"width\":1200,\"height\":1200},{\"@type\":\"BreadcrumbList\",\"@id\":\"https:\/\/rutana.lt\/produktas\/bloknotas-konferenciniam-stovui-baltas-50-lapu-forofis-91721\/#breadcrumb\",\"itemListElement\":[{\"@type\":\"ListItem\",\"position\":1,\"name\":\"Home\",\"item\":\"https:\/\/rutana.lt\/\"},{\"@type\":\"ListItem\",\"position\":2,\"name\":\"Parduotuv\u0117\",\"item\":\"https:\/\/rutana.lt\/parduotuve\/\"},{\"@type\":\"ListItem\",\"position\":3,\"name\":\"Bloknotas konferenciniam stovui baltas 50 lap\u0173 Forofis 91721\"}]},{\"@type\":\"WebSite\",\"@id\":\"https:\/\/rutana.lt\/#website\",\"url\":\"https:\/\/rutana.lt\/\",\"name\":\"Rutana - Ra\u0161tin\u0117s reikmenys\",\"description\":\"Prekiaujame pasaulin\u0117je rinkoje pripa\u017eintomis, kokybi\u0161komis biuro prek\u0117mis toki\u0173  gamintoj\u0173 kaip: Schneider, Esselte, Novus, 3M, Faber-Castell, Citizen, Milan, Leitz, Colop, Zebra, Staedtler, Durable, Tork, Parker, Waterman ir kt.\",\"publisher\":{\"@id\":\"https:\/\/rutana.lt\/#organization\"},\"potentialAction\":[{\"@type\":\"SearchAction\",\"target\":{\"@type\":\"EntryPoint\",\"urlTemplate\":\"https:\/\/rutana.lt\/?s={search_term_string}\"},\"query-input\":{\"@type\":\"PropertyValueSpecification\",\"valueRequired\":true,\"valueName\":\"search_term_string\"}}],\"inLanguage\":\"en-US\"},{\"@type\":\"Organization\",\"@id\":\"https:\/\/rutana.lt\/#organization\",\"name\":\"Rutana - Ra\u0161tin\u0117s reikmenys\",\"url\":\"https:\/\/rutana.lt\/\",\"logo\":{\"@type\":\"ImageObject\",\"inLanguage\":\"en-US\",\"@id\":\"https:\/\/rutana.lt\/#\/schema\/logo\/image\/\",\"url\":\"https:\/\/rutana.lt\/wp-content\/uploads\/2025\/10\/Asset-32.png\",\"contentUrl\":\"https:\/\/rutana.lt\/wp-content\/uploads\/2025\/10\/Asset-32.png\",\"width\":433,\"height\":119,\"caption\":\"Rutana - Ra\u0161tin\u0117s reikmenys\"},\"image\":{\"@id\":\"https:\/\/rutana.lt\/#\/schema\/logo\/image\/\"},\"sameAs\":[\"https:\/\/www.facebook.com\/RutanaKanceliarinesPrekes\/\"]}]}<\/script>\n<!-- \/ Yoast SEO plugin. -->","yoast_head_json":{"title":"Bloknotas konferenciniam stovui baltas 50 lap\u0173 Forofis 91721 - Rutana - Ra\u0161tin\u0117s reikmenys","robots":{"index":"index","follow":"follow","max-snippet":"max-snippet:-1","max-image-preview":"max-image-preview:large","max-video-preview":"max-video-preview:-1"},"canonical":"https:\/\/rutana.lt\/en\/product\/bloknotas-konferenciniam-stovui-baltas-50-lapu-forofis-91721\/","og_locale":"en_US","og_type":"article","og_title":"Bloknotas konferenciniam stovui baltas 50 lap\u0173 Forofis 91721 - Rutana - Ra\u0161tin\u0117s reikmenys","og_description":"Popieriaus blokas magnetin\u0117ms lentoms (Flipchart) \u2013 kokybi\u0161kas sprendimas j\u016bs\u0173 pristatymams.","og_url":"https:\/\/rutana.lt\/en\/product\/bloknotas-konferenciniam-stovui-baltas-50-lapu-forofis-91721\/","og_site_name":"Rutana - Ra\u0161tin\u0117s reikmenys","article_publisher":"https:\/\/www.facebook.com\/RutanaKanceliarinesPrekes\/","article_modified_time":"2026-04-04T06:40:19+00:00","og_image":[{"width":1200,"height":1200,"url":"https:\/\/rutana.lt\/wp-content\/uploads\/2026\/04\/A031-400.jpg","type":"image\/jpeg"}],"twitter_card":"summary_large_image","twitter_misc":{"Est. reading time":"1 minute"},"schema":{"@context":"https:\/\/schema.org","@graph":[{"@type":"WebPage","@id":"https:\/\/rutana.lt\/produktas\/bloknotas-konferenciniam-stovui-baltas-50-lapu-forofis-91721\/","url":"https:\/\/rutana.lt\/produktas\/bloknotas-konferenciniam-stovui-baltas-50-lapu-forofis-91721\/","name":"Bloknotas konferenciniam stovui baltas 50 lap\u0173 Forofis 91721 - Rutana - Ra\u0161tin\u0117s reikmenys","isPartOf":{"@id":"https:\/\/rutana.lt\/#website"},"primaryImageOfPage":{"@id":"https:\/\/rutana.lt\/produktas\/bloknotas-konferenciniam-stovui-baltas-50-lapu-forofis-91721\/#primaryimage"},"image":{"@id":"https:\/\/rutana.lt\/produktas\/bloknotas-konferenciniam-stovui-baltas-50-lapu-forofis-91721\/#primaryimage"},"thumbnailUrl":"https:\/\/rutana.lt\/wp-content\/uploads\/2026\/04\/A031-400.jpg","datePublished":"2026-04-04T06:36:11+00:00","dateModified":"2026-04-04T06:40:19+00:00","breadcrumb":{"@id":"https:\/\/rutana.lt\/produktas\/bloknotas-konferenciniam-stovui-baltas-50-lapu-forofis-91721\/#breadcrumb"},"inLanguage":"en-US","potentialAction":[{"@type":"ReadAction","target":["https:\/\/rutana.lt\/produktas\/bloknotas-konferenciniam-stovui-baltas-50-lapu-forofis-91721\/"]}]},{"@type":"ImageObject","inLanguage":"en-US","@id":"https:\/\/rutana.lt\/produktas\/bloknotas-konferenciniam-stovui-baltas-50-lapu-forofis-91721\/#primaryimage","url":"https:\/\/rutana.lt\/wp-content\/uploads\/2026\/04\/A031-400.jpg","contentUrl":"https:\/\/rutana.lt\/wp-content\/uploads\/2026\/04\/A031-400.jpg","width":1200,"height":1200},{"@type":"BreadcrumbList","@id":"https:\/\/rutana.lt\/produktas\/bloknotas-konferenciniam-stovui-baltas-50-lapu-forofis-91721\/#breadcrumb","itemListElement":[{"@type":"ListItem","position":1,"name":"Home","item":"https:\/\/rutana.lt\/"},{"@type":"ListItem","position":2,"name":"Parduotuv\u0117","item":"https:\/\/rutana.lt\/parduotuve\/"},{"@type":"ListItem","position":3,"name":"Bloknotas konferenciniam stovui baltas 50 lap\u0173 Forofis 91721"}]},{"@type":"WebSite","@id":"https:\/\/rutana.lt\/#website","url":"https:\/\/rutana.lt\/","name":"Rutana - Ra\u0161tin\u0117s reikmenys","description":"Prekiaujame pasaulin\u0117je rinkoje pripa\u017eintomis, kokybi\u0161komis biuro prek\u0117mis toki\u0173  gamintoj\u0173 kaip: Schneider, Esselte, Novus, 3M, Faber-Castell, Citizen, Milan, Leitz, Colop, Zebra, Staedtler, Durable, Tork, Parker, Waterman ir kt.","publisher":{"@id":"https:\/\/rutana.lt\/#organization"},"potentialAction":[{"@type":"SearchAction","target":{"@type":"EntryPoint","urlTemplate":"https:\/\/rutana.lt\/?s={search_term_string}"},"query-input":{"@type":"PropertyValueSpecification","valueRequired":true,"valueName":"search_term_string"}}],"inLanguage":"en-US"},{"@type":"Organization","@id":"https:\/\/rutana.lt\/#organization","name":"Rutana - Ra\u0161tin\u0117s reikmenys","url":"https:\/\/rutana.lt\/","logo":{"@type":"ImageObject","inLanguage":"en-US","@id":"https:\/\/rutana.lt\/#\/schema\/logo\/image\/","url":"https:\/\/rutana.lt\/wp-content\/uploads\/2025\/10\/Asset-32.png","contentUrl":"https:\/\/rutana.lt\/wp-content\/uploads\/2025\/10\/Asset-32.png","width":433,"height":119,"caption":"Rutana - Ra\u0161tin\u0117s reikmenys"},"image":{"@id":"https:\/\/rutana.lt\/#\/schema\/logo\/image\/"},"sameAs":["https:\/\/www.facebook.com\/RutanaKanceliarinesPrekes\/"]}]}},"_links":{"self":[{"href":"https:\/\/rutana.lt\/en\/wp-json\/wp\/v2\/product\/35567","targetHints":{"allow":["GET"]}}],"collection":[{"href":"https:\/\/rutana.lt\/en\/wp-json\/wp\/v2\/product"}],"about":[{"href":"https:\/\/rutana.lt\/en\/wp-json\/wp\/v2\/types\/product"}],"replies":[{"embeddable":true,"href":"https:\/\/rutana.lt\/en\/wp-json\/wp\/v2\/comments?post=35567"}],"version-history":[{"count":2,"href":"https:\/\/rutana.lt\/en\/wp-json\/wp\/v2\/product\/35567\/revisions"}],"predecessor-version":[{"id":35570,"href":"https:\/\/rutana.lt\/en\/wp-json\/wp\/v2\/product\/35567\/revisions\/35570"}],"wp:featuredmedia":[{"embeddable":true,"href":"https:\/\/rutana.lt\/en\/wp-json\/wp\/v2\/media\/35568"}],"wp:attachment":[{"href":"https:\/\/rutana.lt\/en\/wp-json\/wp\/v2\/media?parent=35567"}],"wp:term":[{"taxonomy":"product_brand","embeddable":true,"href":"https:\/\/rutana.lt\/en\/wp-json\/wp\/v2\/product_brand?post=35567"},{"taxonomy":"product_cat","embeddable":true,"href":"https:\/\/rutana.lt\/en\/wp-json\/wp\/v2\/product_cat?post=35567"},{"taxonomy":"product_tag","embeddable":true,"href":"https:\/\/rutana.lt\/en\/wp-json\/wp\/v2\/product_tag?post=35567"}],"curies":[{"name":"wp","href":"https:\/\/api.w.org\/{rel}","templated":true}]}}