{"id":35562,"date":"2026-04-04T08:26:05","date_gmt":"2026-04-04T06:26:05","guid":{"rendered":"https:\/\/rutana.lt\/?post_type=product&#038;p=35562"},"modified":"2026-04-04T08:29:35","modified_gmt":"2026-04-04T06:29:35","slug":"permanentinis-zymeklis-apvaliu-galiuku-juodas-forofis-91272","status":"publish","type":"product","link":"https:\/\/rutana.lt\/en\/product\/permanentinis-zymeklis-apvaliu-galiuku-juodas-forofis-91272\/","title":{"rendered":"Permanentinis \u017eymeklis apvaliu galiuku juodas Forofis 91272"},"content":{"rendered":"<div class=\"otQkpb\" role=\"heading\" aria-level=\"3\" data-animation-nesting=\"\" data-sfc-cp=\"\" data-sfc-root=\"c\" data-sfc-cb=\"\" data-complete=\"true\" data-processed=\"true\" data-sae=\"\"><strong class=\"Yjhzub\" data-sfc-root=\"c\" data-sfc-cb=\"\" data-complete=\"true\">Universalus permanentinis \u017eymeklis \u2013 ra\u0161ykite ant bet ko!<\/strong><\/div>\n<div class=\"Y3BBE\" data-sfc-cp=\"\" data-sfc-root=\"c\" data-sfc-cb=\"\" data-hveid=\"CAEIAxAA\" data-complete=\"true\" data-processed=\"true\">Ie\u0161kote patikimo \u012frankio \u017eym\u0117jimui, kuris nenuvilt\u0173? \u0160is universalus permanentinis \u017eymeklis sukurtas darbui ant pa\u010di\u0173 \u012fvairiausi\u0173 pavir\u0161i\u0173: nuo popieriaus ir kartono iki plastiko, stiklo, metalo ar med\u017eio.<\/div>\n<div class=\"Y3BBE\" data-sfc-cp=\"\" data-sfc-root=\"c\" data-sfc-cb=\"\" data-hveid=\"CAEIBBAA\" data-complete=\"true\" data-processed=\"true\"><strong class=\"Yjhzub\" data-sfc-root=\"c\" data-sfc-cb=\"\" data-complete=\"true\" data-processed=\"true\">Pagrindin\u0117s savyb\u0117s:<\/strong><\/div>\n<ul class=\"KsbFXc U6u95\" data-sfc-root=\"c\" data-sfc-cb=\"\" data-complete=\"true\" data-processed=\"true\">\n<li class=\"dF3vjf\" data-sfc-root=\"c\" data-sfc-cb=\"\" data-hveid=\"CAEIBRAA\" data-complete=\"true\" data-sae=\"\"><span class=\"T286Pc\" data-sfc-cp=\"\" data-sfc-root=\"c\" data-sfc-cb=\"\" data-complete=\"true\"><strong class=\"Yjhzub\" data-sfc-root=\"c\" data-sfc-cb=\"\" data-complete=\"true\">Universalumas:<\/strong>\u00a0Puikiai sukimba su bet kokiu lygiu ar por\u0117tu pavir\u0161iumi.<\/span><\/li>\n<li class=\"dF3vjf\" data-sfc-root=\"c\" data-sfc-cb=\"\" data-hveid=\"CAEIBRAB\" data-complete=\"true\" data-sae=\"\"><span class=\"T286Pc\" data-sfc-cp=\"\" data-sfc-root=\"c\" data-sfc-cb=\"\" data-complete=\"true\"><strong class=\"Yjhzub\" data-sfc-root=\"c\" data-sfc-cb=\"\" data-complete=\"true\">Reguliuojama linija:<\/strong>\u00a0D\u0117l kokybi\u0161ko apvalaus galiuko galite nubr\u0117\u017eti nuo\u00a0<strong class=\"Yjhzub\" data-sfc-root=\"c\" data-sfc-cb=\"\" data-complete=\"true\">2 iki 5 mm<\/strong>\u00a0storio linij\u0105 \u2013 tiesiog keiskite paspaudimo kamp\u0105.<\/span><\/li>\n<li class=\"dF3vjf\" data-sfc-root=\"c\" data-sfc-cb=\"\" data-hveid=\"CAEIBRAC\" data-complete=\"true\" data-sae=\"\"><span class=\"T286Pc\" data-sfc-cp=\"\" data-sfc-root=\"c\" data-sfc-cb=\"\" data-complete=\"true\"><strong class=\"Yjhzub\" data-sfc-root=\"c\" data-sfc-cb=\"\" data-complete=\"true\">Saugus naudoti:<\/strong>\u00a0Ra\u0161alas yra\u00a0<strong class=\"Yjhzub\" data-sfc-root=\"c\" data-sfc-cb=\"\" data-complete=\"true\">netoksi\u0161kas<\/strong>, tod\u0117l \u017eymeklis tinkamas naudoti tiek biure, tiek mokykloje ar namuose.<\/span><\/li>\n<li class=\"dF3vjf\" data-sfc-root=\"c\" data-sfc-cb=\"\" data-hveid=\"CAEIBRAD\" data-complete=\"true\" data-sae=\"\"><span class=\"T286Pc\" data-sfc-cp=\"\" data-sfc-root=\"c\" data-sfc-cb=\"\" data-complete=\"true\"><strong class=\"Yjhzub\" data-sfc-root=\"c\" data-sfc-cb=\"\" data-complete=\"true\">Ilgaam\u017ei\u0161kumas:<\/strong>\u00a0Greitai d\u017ei\u016bstantis ir trin\u010diai atsparus ra\u0161alas u\u017etikrina, kad j\u016bs\u0173 u\u017era\u0161ai i\u0161liks ry\u0161k\u016bs ilg\u0105 laik\u0105.<\/span><\/li>\n<\/ul>\n<div class=\"Y3BBE\" data-sfc-cp=\"\" data-sfc-root=\"c\" data-sfc-cb=\"\" data-hveid=\"CAEIBhAA\" data-complete=\"true\" data-processed=\"true\" aria-owns=\"action-menu-parent-container\">Tai idealus pasirinkimas sand\u0117lio darbams, siunt\u0173 \u017eym\u0117jimui ar k\u016brybiniams projektams, kur reikalingas ry\u0161kus ir nei\u0161trinamas rezultatas.<\/div>\n<p>\u017dymeklio galiukas: apvalus<\/p>\n<p>Linijos br\u0117\u017eio storis: 2 &#8211; 5 mm<\/p>\n<p>Ra\u0161alo spalva: juoda<\/p>\n<p>&nbsp;<\/p>\n<p>&nbsp;<\/p>\n<p>&nbsp;<\/p>","protected":false},"excerpt":{"rendered":"<p>Universalus permanentinis \u017eymeklis \u2013 ra\u0161ykite ant bet ko!<\/p>","protected":false},"featured_media":35564,"comment_status":"open","ping_status":"closed","template":"","meta":{"_season_start":"","_season_end":"","_season_days":"","_season_months":"","_season_auto_visibility":"1"},"product_brand":[606],"product_cat":[1741],"product_tag":[],"class_list":{"0":"post-35562","1":"product","2":"type-product","3":"status-publish","4":"has-post-thumbnail","6":"product_brand-forofis","7":"product_cat-permanentiniai-zymekliai","9":"first","10":"instock","11":"taxable","12":"shipping-taxable","13":"purchasable","14":"product-type-simple"},"yoast_head":"<!-- This site is optimized with the Yoast SEO plugin v26.1.1 - https:\/\/yoast.com\/wordpress\/plugins\/seo\/ -->\n<title>Permanentinis \u017eymeklis apvaliu galiuku juodas Forofis 91272 - Rutana - Ra\u0161tin\u0117s reikmenys<\/title>\n<meta name=\"robots\" content=\"index, follow, max-snippet:-1, max-image-preview:large, max-video-preview:-1\" \/>\n<link rel=\"canonical\" href=\"https:\/\/rutana.lt\/en\/product\/permanentinis-zymeklis-apvaliu-galiuku-juodas-forofis-91272\/\" \/>\n<meta property=\"og:locale\" content=\"en_US\" \/>\n<meta property=\"og:type\" content=\"article\" \/>\n<meta property=\"og:title\" content=\"Permanentinis \u017eymeklis apvaliu galiuku juodas Forofis 91272 - Rutana - Ra\u0161tin\u0117s reikmenys\" \/>\n<meta property=\"og:description\" content=\"Universalus permanentinis \u017eymeklis \u2013 ra\u0161ykite ant bet ko!\" \/>\n<meta property=\"og:url\" content=\"https:\/\/rutana.lt\/en\/product\/permanentinis-zymeklis-apvaliu-galiuku-juodas-forofis-91272\/\" \/>\n<meta property=\"og:site_name\" content=\"Rutana - Ra\u0161tin\u0117s reikmenys\" \/>\n<meta property=\"article:publisher\" content=\"https:\/\/www.facebook.com\/RutanaKanceliarinesPrekes\/\" \/>\n<meta property=\"article:modified_time\" content=\"2026-04-04T06:29:35+00:00\" \/>\n<meta property=\"og:image\" content=\"https:\/\/rutana.lt\/wp-content\/uploads\/2026\/04\/C101-032.jpg\" \/>\n\t<meta property=\"og:image:width\" content=\"1200\" \/>\n\t<meta property=\"og:image:height\" content=\"1200\" \/>\n\t<meta property=\"og:image:type\" content=\"image\/jpeg\" \/>\n<meta name=\"twitter:card\" content=\"summary_large_image\" \/>\n<meta name=\"twitter:label1\" content=\"Est. reading time\" \/>\n\t<meta name=\"twitter:data1\" content=\"1 minute\" \/>\n<script type=\"application\/ld+json\" class=\"yoast-schema-graph\">{\"@context\":\"https:\/\/schema.org\",\"@graph\":[{\"@type\":\"WebPage\",\"@id\":\"https:\/\/rutana.lt\/produktas\/permanentinis-zymeklis-apvaliu-galiuku-juodas-forofis-91272\/\",\"url\":\"https:\/\/rutana.lt\/produktas\/permanentinis-zymeklis-apvaliu-galiuku-juodas-forofis-91272\/\",\"name\":\"Permanentinis \u017eymeklis apvaliu galiuku juodas Forofis 91272 - Rutana - Ra\u0161tin\u0117s reikmenys\",\"isPartOf\":{\"@id\":\"https:\/\/rutana.lt\/#website\"},\"primaryImageOfPage\":{\"@id\":\"https:\/\/rutana.lt\/produktas\/permanentinis-zymeklis-apvaliu-galiuku-juodas-forofis-91272\/#primaryimage\"},\"image\":{\"@id\":\"https:\/\/rutana.lt\/produktas\/permanentinis-zymeklis-apvaliu-galiuku-juodas-forofis-91272\/#primaryimage\"},\"thumbnailUrl\":\"https:\/\/rutana.lt\/wp-content\/uploads\/2026\/04\/C101-032.jpg\",\"datePublished\":\"2026-04-04T06:26:05+00:00\",\"dateModified\":\"2026-04-04T06:29:35+00:00\",\"breadcrumb\":{\"@id\":\"https:\/\/rutana.lt\/produktas\/permanentinis-zymeklis-apvaliu-galiuku-juodas-forofis-91272\/#breadcrumb\"},\"inLanguage\":\"en-US\",\"potentialAction\":[{\"@type\":\"ReadAction\",\"target\":[\"https:\/\/rutana.lt\/produktas\/permanentinis-zymeklis-apvaliu-galiuku-juodas-forofis-91272\/\"]}]},{\"@type\":\"ImageObject\",\"inLanguage\":\"en-US\",\"@id\":\"https:\/\/rutana.lt\/produktas\/permanentinis-zymeklis-apvaliu-galiuku-juodas-forofis-91272\/#primaryimage\",\"url\":\"https:\/\/rutana.lt\/wp-content\/uploads\/2026\/04\/C101-032.jpg\",\"contentUrl\":\"https:\/\/rutana.lt\/wp-content\/uploads\/2026\/04\/C101-032.jpg\",\"width\":1200,\"height\":1200},{\"@type\":\"BreadcrumbList\",\"@id\":\"https:\/\/rutana.lt\/produktas\/permanentinis-zymeklis-apvaliu-galiuku-juodas-forofis-91272\/#breadcrumb\",\"itemListElement\":[{\"@type\":\"ListItem\",\"position\":1,\"name\":\"Home\",\"item\":\"https:\/\/rutana.lt\/\"},{\"@type\":\"ListItem\",\"position\":2,\"name\":\"Parduotuv\u0117\",\"item\":\"https:\/\/rutana.lt\/parduotuve\/\"},{\"@type\":\"ListItem\",\"position\":3,\"name\":\"Permanentinis \u017eymeklis apvaliu galiuku juodas Forofis 91272\"}]},{\"@type\":\"WebSite\",\"@id\":\"https:\/\/rutana.lt\/#website\",\"url\":\"https:\/\/rutana.lt\/\",\"name\":\"Rutana - Ra\u0161tin\u0117s reikmenys\",\"description\":\"Prekiaujame pasaulin\u0117je rinkoje pripa\u017eintomis, kokybi\u0161komis biuro prek\u0117mis toki\u0173  gamintoj\u0173 kaip: Schneider, Esselte, Novus, 3M, Faber-Castell, Citizen, Milan, Leitz, Colop, Zebra, Staedtler, Durable, Tork, Parker, Waterman ir kt.\",\"publisher\":{\"@id\":\"https:\/\/rutana.lt\/#organization\"},\"potentialAction\":[{\"@type\":\"SearchAction\",\"target\":{\"@type\":\"EntryPoint\",\"urlTemplate\":\"https:\/\/rutana.lt\/?s={search_term_string}\"},\"query-input\":{\"@type\":\"PropertyValueSpecification\",\"valueRequired\":true,\"valueName\":\"search_term_string\"}}],\"inLanguage\":\"en-US\"},{\"@type\":\"Organization\",\"@id\":\"https:\/\/rutana.lt\/#organization\",\"name\":\"Rutana - Ra\u0161tin\u0117s reikmenys\",\"url\":\"https:\/\/rutana.lt\/\",\"logo\":{\"@type\":\"ImageObject\",\"inLanguage\":\"en-US\",\"@id\":\"https:\/\/rutana.lt\/#\/schema\/logo\/image\/\",\"url\":\"https:\/\/rutana.lt\/wp-content\/uploads\/2025\/10\/Asset-32.png\",\"contentUrl\":\"https:\/\/rutana.lt\/wp-content\/uploads\/2025\/10\/Asset-32.png\",\"width\":433,\"height\":119,\"caption\":\"Rutana - Ra\u0161tin\u0117s reikmenys\"},\"image\":{\"@id\":\"https:\/\/rutana.lt\/#\/schema\/logo\/image\/\"},\"sameAs\":[\"https:\/\/www.facebook.com\/RutanaKanceliarinesPrekes\/\"]}]}<\/script>\n<!-- \/ Yoast SEO plugin. -->","yoast_head_json":{"title":"Permanentinis \u017eymeklis apvaliu galiuku juodas Forofis 91272 - Rutana - Ra\u0161tin\u0117s reikmenys","robots":{"index":"index","follow":"follow","max-snippet":"max-snippet:-1","max-image-preview":"max-image-preview:large","max-video-preview":"max-video-preview:-1"},"canonical":"https:\/\/rutana.lt\/en\/product\/permanentinis-zymeklis-apvaliu-galiuku-juodas-forofis-91272\/","og_locale":"en_US","og_type":"article","og_title":"Permanentinis \u017eymeklis apvaliu galiuku juodas Forofis 91272 - Rutana - Ra\u0161tin\u0117s reikmenys","og_description":"Universalus permanentinis \u017eymeklis \u2013 ra\u0161ykite ant bet ko!","og_url":"https:\/\/rutana.lt\/en\/product\/permanentinis-zymeklis-apvaliu-galiuku-juodas-forofis-91272\/","og_site_name":"Rutana - Ra\u0161tin\u0117s reikmenys","article_publisher":"https:\/\/www.facebook.com\/RutanaKanceliarinesPrekes\/","article_modified_time":"2026-04-04T06:29:35+00:00","og_image":[{"width":1200,"height":1200,"url":"https:\/\/rutana.lt\/wp-content\/uploads\/2026\/04\/C101-032.jpg","type":"image\/jpeg"}],"twitter_card":"summary_large_image","twitter_misc":{"Est. reading time":"1 minute"},"schema":{"@context":"https:\/\/schema.org","@graph":[{"@type":"WebPage","@id":"https:\/\/rutana.lt\/produktas\/permanentinis-zymeklis-apvaliu-galiuku-juodas-forofis-91272\/","url":"https:\/\/rutana.lt\/produktas\/permanentinis-zymeklis-apvaliu-galiuku-juodas-forofis-91272\/","name":"Permanentinis \u017eymeklis apvaliu galiuku juodas Forofis 91272 - Rutana - Ra\u0161tin\u0117s reikmenys","isPartOf":{"@id":"https:\/\/rutana.lt\/#website"},"primaryImageOfPage":{"@id":"https:\/\/rutana.lt\/produktas\/permanentinis-zymeklis-apvaliu-galiuku-juodas-forofis-91272\/#primaryimage"},"image":{"@id":"https:\/\/rutana.lt\/produktas\/permanentinis-zymeklis-apvaliu-galiuku-juodas-forofis-91272\/#primaryimage"},"thumbnailUrl":"https:\/\/rutana.lt\/wp-content\/uploads\/2026\/04\/C101-032.jpg","datePublished":"2026-04-04T06:26:05+00:00","dateModified":"2026-04-04T06:29:35+00:00","breadcrumb":{"@id":"https:\/\/rutana.lt\/produktas\/permanentinis-zymeklis-apvaliu-galiuku-juodas-forofis-91272\/#breadcrumb"},"inLanguage":"en-US","potentialAction":[{"@type":"ReadAction","target":["https:\/\/rutana.lt\/produktas\/permanentinis-zymeklis-apvaliu-galiuku-juodas-forofis-91272\/"]}]},{"@type":"ImageObject","inLanguage":"en-US","@id":"https:\/\/rutana.lt\/produktas\/permanentinis-zymeklis-apvaliu-galiuku-juodas-forofis-91272\/#primaryimage","url":"https:\/\/rutana.lt\/wp-content\/uploads\/2026\/04\/C101-032.jpg","contentUrl":"https:\/\/rutana.lt\/wp-content\/uploads\/2026\/04\/C101-032.jpg","width":1200,"height":1200},{"@type":"BreadcrumbList","@id":"https:\/\/rutana.lt\/produktas\/permanentinis-zymeklis-apvaliu-galiuku-juodas-forofis-91272\/#breadcrumb","itemListElement":[{"@type":"ListItem","position":1,"name":"Home","item":"https:\/\/rutana.lt\/"},{"@type":"ListItem","position":2,"name":"Parduotuv\u0117","item":"https:\/\/rutana.lt\/parduotuve\/"},{"@type":"ListItem","position":3,"name":"Permanentinis \u017eymeklis apvaliu galiuku juodas Forofis 91272"}]},{"@type":"WebSite","@id":"https:\/\/rutana.lt\/#website","url":"https:\/\/rutana.lt\/","name":"Rutana - Ra\u0161tin\u0117s reikmenys","description":"Prekiaujame pasaulin\u0117je rinkoje pripa\u017eintomis, kokybi\u0161komis biuro prek\u0117mis toki\u0173  gamintoj\u0173 kaip: Schneider, Esselte, Novus, 3M, Faber-Castell, Citizen, Milan, Leitz, Colop, Zebra, Staedtler, Durable, Tork, Parker, Waterman ir kt.","publisher":{"@id":"https:\/\/rutana.lt\/#organization"},"potentialAction":[{"@type":"SearchAction","target":{"@type":"EntryPoint","urlTemplate":"https:\/\/rutana.lt\/?s={search_term_string}"},"query-input":{"@type":"PropertyValueSpecification","valueRequired":true,"valueName":"search_term_string"}}],"inLanguage":"en-US"},{"@type":"Organization","@id":"https:\/\/rutana.lt\/#organization","name":"Rutana - Ra\u0161tin\u0117s reikmenys","url":"https:\/\/rutana.lt\/","logo":{"@type":"ImageObject","inLanguage":"en-US","@id":"https:\/\/rutana.lt\/#\/schema\/logo\/image\/","url":"https:\/\/rutana.lt\/wp-content\/uploads\/2025\/10\/Asset-32.png","contentUrl":"https:\/\/rutana.lt\/wp-content\/uploads\/2025\/10\/Asset-32.png","width":433,"height":119,"caption":"Rutana - Ra\u0161tin\u0117s reikmenys"},"image":{"@id":"https:\/\/rutana.lt\/#\/schema\/logo\/image\/"},"sameAs":["https:\/\/www.facebook.com\/RutanaKanceliarinesPrekes\/"]}]}},"_links":{"self":[{"href":"https:\/\/rutana.lt\/en\/wp-json\/wp\/v2\/product\/35562","targetHints":{"allow":["GET"]}}],"collection":[{"href":"https:\/\/rutana.lt\/en\/wp-json\/wp\/v2\/product"}],"about":[{"href":"https:\/\/rutana.lt\/en\/wp-json\/wp\/v2\/types\/product"}],"replies":[{"embeddable":true,"href":"https:\/\/rutana.lt\/en\/wp-json\/wp\/v2\/comments?post=35562"}],"version-history":[{"count":2,"href":"https:\/\/rutana.lt\/en\/wp-json\/wp\/v2\/product\/35562\/revisions"}],"predecessor-version":[{"id":35566,"href":"https:\/\/rutana.lt\/en\/wp-json\/wp\/v2\/product\/35562\/revisions\/35566"}],"wp:featuredmedia":[{"embeddable":true,"href":"https:\/\/rutana.lt\/en\/wp-json\/wp\/v2\/media\/35564"}],"wp:attachment":[{"href":"https:\/\/rutana.lt\/en\/wp-json\/wp\/v2\/media?parent=35562"}],"wp:term":[{"taxonomy":"product_brand","embeddable":true,"href":"https:\/\/rutana.lt\/en\/wp-json\/wp\/v2\/product_brand?post=35562"},{"taxonomy":"product_cat","embeddable":true,"href":"https:\/\/rutana.lt\/en\/wp-json\/wp\/v2\/product_cat?post=35562"},{"taxonomy":"product_tag","embeddable":true,"href":"https:\/\/rutana.lt\/en\/wp-json\/wp\/v2\/product_tag?post=35562"}],"curies":[{"name":"wp","href":"https:\/\/api.w.org\/{rel}","templated":true}]}}