{"id":35514,"date":"2026-04-02T16:22:25","date_gmt":"2026-04-02T14:22:25","guid":{"rendered":"https:\/\/rutana.lt\/?post_type=product&#038;p=35514"},"modified":"2026-04-02T16:31:31","modified_gmt":"2026-04-02T14:31:31","slug":"pele-kompiuteriui-optine-usb-su-laidu-juoda-gembird-mus-u-01","status":"publish","type":"product","link":"https:\/\/rutana.lt\/en\/product\/pele-kompiuteriui-optine-usb-su-laidu-juoda-gembird-mus-u-01\/","title":{"rendered":"Pel\u0117 kompiuteriui optin\u0117 USB su laidu juoda Gembird MUS-U-01"},"content":{"rendered":"<p>Patogi kompiuterio pel\u0117 u\u017etikrins malonias, ilgas darbo valandas prie kompiuterio. Naujai pajungiant pel\u0119 prie kompiuterio, ji prad\u0117s veikti nedelsiant, nereik\u0117s \u012fra\u0161in\u0117ti joki\u0173 program\u0173. 3 mygtuk\u0173 laidin\u0117 optin\u0117 pel\u0117 su slinkties ratuku. Pa\u017eangus optinis jutiklis u\u017etikrina tiksl\u0173 \u017eymeklio valdym\u0105. Tinka tiek de\u0161iniarankiams, tiek kairiarankiams. Veikia ant daugumos pavir\u0161i\u0173.<\/p>\n<p>Pajungimo b\u016bdas: USB<\/p>\n<p>Su laidu: taip<\/p>\n<p>Matmenys: 94 mm x 55 mm x 33 mm<\/p>\n<p>Laido ilgis: 1.25 m<\/p>\n<p>Svoris: 54 g<\/p>\n<p>Klavi\u0161ai: 3<\/p>\n<p>Optin\u0117 skiriamoji geba: 1000 DPI<\/p>\n<p>Tinkamos sistemos: Windows 98\/ME\/2000\/NT\/XP\/VISTA\/7\/8\/10\/11<\/p>\n<p>Korpuso spalva: juoda<\/p>","protected":false},"excerpt":{"rendered":"<p>Patogi kompiuterio pel\u0117 u\u017etikrins malonias, ilgas darbo valandas prie kompiuterio.<\/p>","protected":false},"featured_media":35517,"comment_status":"open","ping_status":"closed","template":"","meta":{"_season_start":"","_season_end":"","_season_days":"","_season_months":"","_season_auto_visibility":"1"},"product_brand":[1057],"product_cat":[1672,1671],"product_tag":[],"class_list":{"0":"post-35514","1":"product","2":"type-product","3":"status-publish","4":"has-post-thumbnail","6":"product_brand-gembird","7":"product_cat-kilimeliai","8":"product_cat-kompiuterines-peles","10":"first","11":"instock","12":"taxable","13":"shipping-taxable","14":"purchasable","15":"product-type-simple"},"yoast_head":"<!-- This site is optimized with the Yoast SEO plugin v26.1.1 - https:\/\/yoast.com\/wordpress\/plugins\/seo\/ -->\n<title>Pel\u0117 kompiuteriui optin\u0117 USB su laidu juoda Gembird MUS-U-01 - Rutana - Ra\u0161tin\u0117s reikmenys<\/title>\n<meta name=\"robots\" content=\"index, follow, max-snippet:-1, max-image-preview:large, max-video-preview:-1\" \/>\n<link rel=\"canonical\" href=\"https:\/\/rutana.lt\/en\/product\/pele-kompiuteriui-optine-usb-su-laidu-juoda-gembird-mus-u-01\/\" \/>\n<meta property=\"og:locale\" content=\"en_US\" \/>\n<meta property=\"og:type\" content=\"article\" \/>\n<meta property=\"og:title\" content=\"Pel\u0117 kompiuteriui optin\u0117 USB su laidu juoda Gembird MUS-U-01 - Rutana - Ra\u0161tin\u0117s reikmenys\" \/>\n<meta property=\"og:description\" content=\"Patogi kompiuterio pel\u0117 u\u017etikrins malonias, ilgas darbo valandas prie kompiuterio.\" \/>\n<meta property=\"og:url\" content=\"https:\/\/rutana.lt\/en\/product\/pele-kompiuteriui-optine-usb-su-laidu-juoda-gembird-mus-u-01\/\" \/>\n<meta property=\"og:site_name\" content=\"Rutana - Ra\u0161tin\u0117s reikmenys\" \/>\n<meta property=\"article:publisher\" content=\"https:\/\/www.facebook.com\/RutanaKanceliarinesPrekes\/\" \/>\n<meta property=\"article:modified_time\" content=\"2026-04-02T14:31:31+00:00\" \/>\n<meta property=\"og:image\" content=\"https:\/\/rutana.lt\/wp-content\/uploads\/2026\/04\/B039-193.jpg\" \/>\n\t<meta property=\"og:image:width\" content=\"1200\" \/>\n\t<meta property=\"og:image:height\" content=\"1200\" \/>\n\t<meta property=\"og:image:type\" content=\"image\/jpeg\" \/>\n<meta name=\"twitter:card\" content=\"summary_large_image\" \/>\n<meta name=\"twitter:label1\" content=\"Est. reading time\" \/>\n\t<meta name=\"twitter:data1\" content=\"1 minute\" \/>\n<script type=\"application\/ld+json\" class=\"yoast-schema-graph\">{\"@context\":\"https:\/\/schema.org\",\"@graph\":[{\"@type\":\"WebPage\",\"@id\":\"https:\/\/rutana.lt\/produktas\/pele-kompiuteriui-optine-usb-su-laidu-juoda-gembird-mus-u-01\/\",\"url\":\"https:\/\/rutana.lt\/produktas\/pele-kompiuteriui-optine-usb-su-laidu-juoda-gembird-mus-u-01\/\",\"name\":\"Pel\u0117 kompiuteriui optin\u0117 USB su laidu juoda Gembird MUS-U-01 - Rutana - Ra\u0161tin\u0117s reikmenys\",\"isPartOf\":{\"@id\":\"https:\/\/rutana.lt\/#website\"},\"primaryImageOfPage\":{\"@id\":\"https:\/\/rutana.lt\/produktas\/pele-kompiuteriui-optine-usb-su-laidu-juoda-gembird-mus-u-01\/#primaryimage\"},\"image\":{\"@id\":\"https:\/\/rutana.lt\/produktas\/pele-kompiuteriui-optine-usb-su-laidu-juoda-gembird-mus-u-01\/#primaryimage\"},\"thumbnailUrl\":\"https:\/\/rutana.lt\/wp-content\/uploads\/2026\/04\/B039-193.jpg\",\"datePublished\":\"2026-04-02T14:22:25+00:00\",\"dateModified\":\"2026-04-02T14:31:31+00:00\",\"breadcrumb\":{\"@id\":\"https:\/\/rutana.lt\/produktas\/pele-kompiuteriui-optine-usb-su-laidu-juoda-gembird-mus-u-01\/#breadcrumb\"},\"inLanguage\":\"en-US\",\"potentialAction\":[{\"@type\":\"ReadAction\",\"target\":[\"https:\/\/rutana.lt\/produktas\/pele-kompiuteriui-optine-usb-su-laidu-juoda-gembird-mus-u-01\/\"]}]},{\"@type\":\"ImageObject\",\"inLanguage\":\"en-US\",\"@id\":\"https:\/\/rutana.lt\/produktas\/pele-kompiuteriui-optine-usb-su-laidu-juoda-gembird-mus-u-01\/#primaryimage\",\"url\":\"https:\/\/rutana.lt\/wp-content\/uploads\/2026\/04\/B039-193.jpg\",\"contentUrl\":\"https:\/\/rutana.lt\/wp-content\/uploads\/2026\/04\/B039-193.jpg\",\"width\":1200,\"height\":1200},{\"@type\":\"BreadcrumbList\",\"@id\":\"https:\/\/rutana.lt\/produktas\/pele-kompiuteriui-optine-usb-su-laidu-juoda-gembird-mus-u-01\/#breadcrumb\",\"itemListElement\":[{\"@type\":\"ListItem\",\"position\":1,\"name\":\"Home\",\"item\":\"https:\/\/rutana.lt\/\"},{\"@type\":\"ListItem\",\"position\":2,\"name\":\"Parduotuv\u0117\",\"item\":\"https:\/\/rutana.lt\/parduotuve\/\"},{\"@type\":\"ListItem\",\"position\":3,\"name\":\"Pel\u0117 kompiuteriui optin\u0117 USB su laidu juoda Gembird MUS-U-01\"}]},{\"@type\":\"WebSite\",\"@id\":\"https:\/\/rutana.lt\/#website\",\"url\":\"https:\/\/rutana.lt\/\",\"name\":\"Rutana - Ra\u0161tin\u0117s reikmenys\",\"description\":\"Prekiaujame pasaulin\u0117je rinkoje pripa\u017eintomis, kokybi\u0161komis biuro prek\u0117mis toki\u0173  gamintoj\u0173 kaip: Schneider, Esselte, Novus, 3M, Faber-Castell, Citizen, Milan, Leitz, Colop, Zebra, Staedtler, Durable, Tork, Parker, Waterman ir kt.\",\"publisher\":{\"@id\":\"https:\/\/rutana.lt\/#organization\"},\"potentialAction\":[{\"@type\":\"SearchAction\",\"target\":{\"@type\":\"EntryPoint\",\"urlTemplate\":\"https:\/\/rutana.lt\/?s={search_term_string}\"},\"query-input\":{\"@type\":\"PropertyValueSpecification\",\"valueRequired\":true,\"valueName\":\"search_term_string\"}}],\"inLanguage\":\"en-US\"},{\"@type\":\"Organization\",\"@id\":\"https:\/\/rutana.lt\/#organization\",\"name\":\"Rutana - Ra\u0161tin\u0117s reikmenys\",\"url\":\"https:\/\/rutana.lt\/\",\"logo\":{\"@type\":\"ImageObject\",\"inLanguage\":\"en-US\",\"@id\":\"https:\/\/rutana.lt\/#\/schema\/logo\/image\/\",\"url\":\"https:\/\/rutana.lt\/wp-content\/uploads\/2025\/10\/Asset-32.png\",\"contentUrl\":\"https:\/\/rutana.lt\/wp-content\/uploads\/2025\/10\/Asset-32.png\",\"width\":433,\"height\":119,\"caption\":\"Rutana - Ra\u0161tin\u0117s reikmenys\"},\"image\":{\"@id\":\"https:\/\/rutana.lt\/#\/schema\/logo\/image\/\"},\"sameAs\":[\"https:\/\/www.facebook.com\/RutanaKanceliarinesPrekes\/\"]}]}<\/script>\n<!-- \/ Yoast SEO plugin. -->","yoast_head_json":{"title":"Pel\u0117 kompiuteriui optin\u0117 USB su laidu juoda Gembird MUS-U-01 - Rutana - Ra\u0161tin\u0117s reikmenys","robots":{"index":"index","follow":"follow","max-snippet":"max-snippet:-1","max-image-preview":"max-image-preview:large","max-video-preview":"max-video-preview:-1"},"canonical":"https:\/\/rutana.lt\/en\/product\/pele-kompiuteriui-optine-usb-su-laidu-juoda-gembird-mus-u-01\/","og_locale":"en_US","og_type":"article","og_title":"Pel\u0117 kompiuteriui optin\u0117 USB su laidu juoda Gembird MUS-U-01 - Rutana - Ra\u0161tin\u0117s reikmenys","og_description":"Patogi kompiuterio pel\u0117 u\u017etikrins malonias, ilgas darbo valandas prie kompiuterio.","og_url":"https:\/\/rutana.lt\/en\/product\/pele-kompiuteriui-optine-usb-su-laidu-juoda-gembird-mus-u-01\/","og_site_name":"Rutana - Ra\u0161tin\u0117s reikmenys","article_publisher":"https:\/\/www.facebook.com\/RutanaKanceliarinesPrekes\/","article_modified_time":"2026-04-02T14:31:31+00:00","og_image":[{"width":1200,"height":1200,"url":"https:\/\/rutana.lt\/wp-content\/uploads\/2026\/04\/B039-193.jpg","type":"image\/jpeg"}],"twitter_card":"summary_large_image","twitter_misc":{"Est. reading time":"1 minute"},"schema":{"@context":"https:\/\/schema.org","@graph":[{"@type":"WebPage","@id":"https:\/\/rutana.lt\/produktas\/pele-kompiuteriui-optine-usb-su-laidu-juoda-gembird-mus-u-01\/","url":"https:\/\/rutana.lt\/produktas\/pele-kompiuteriui-optine-usb-su-laidu-juoda-gembird-mus-u-01\/","name":"Pel\u0117 kompiuteriui optin\u0117 USB su laidu juoda Gembird MUS-U-01 - Rutana - Ra\u0161tin\u0117s reikmenys","isPartOf":{"@id":"https:\/\/rutana.lt\/#website"},"primaryImageOfPage":{"@id":"https:\/\/rutana.lt\/produktas\/pele-kompiuteriui-optine-usb-su-laidu-juoda-gembird-mus-u-01\/#primaryimage"},"image":{"@id":"https:\/\/rutana.lt\/produktas\/pele-kompiuteriui-optine-usb-su-laidu-juoda-gembird-mus-u-01\/#primaryimage"},"thumbnailUrl":"https:\/\/rutana.lt\/wp-content\/uploads\/2026\/04\/B039-193.jpg","datePublished":"2026-04-02T14:22:25+00:00","dateModified":"2026-04-02T14:31:31+00:00","breadcrumb":{"@id":"https:\/\/rutana.lt\/produktas\/pele-kompiuteriui-optine-usb-su-laidu-juoda-gembird-mus-u-01\/#breadcrumb"},"inLanguage":"en-US","potentialAction":[{"@type":"ReadAction","target":["https:\/\/rutana.lt\/produktas\/pele-kompiuteriui-optine-usb-su-laidu-juoda-gembird-mus-u-01\/"]}]},{"@type":"ImageObject","inLanguage":"en-US","@id":"https:\/\/rutana.lt\/produktas\/pele-kompiuteriui-optine-usb-su-laidu-juoda-gembird-mus-u-01\/#primaryimage","url":"https:\/\/rutana.lt\/wp-content\/uploads\/2026\/04\/B039-193.jpg","contentUrl":"https:\/\/rutana.lt\/wp-content\/uploads\/2026\/04\/B039-193.jpg","width":1200,"height":1200},{"@type":"BreadcrumbList","@id":"https:\/\/rutana.lt\/produktas\/pele-kompiuteriui-optine-usb-su-laidu-juoda-gembird-mus-u-01\/#breadcrumb","itemListElement":[{"@type":"ListItem","position":1,"name":"Home","item":"https:\/\/rutana.lt\/"},{"@type":"ListItem","position":2,"name":"Parduotuv\u0117","item":"https:\/\/rutana.lt\/parduotuve\/"},{"@type":"ListItem","position":3,"name":"Pel\u0117 kompiuteriui optin\u0117 USB su laidu juoda Gembird MUS-U-01"}]},{"@type":"WebSite","@id":"https:\/\/rutana.lt\/#website","url":"https:\/\/rutana.lt\/","name":"Rutana - Ra\u0161tin\u0117s reikmenys","description":"Prekiaujame pasaulin\u0117je rinkoje pripa\u017eintomis, kokybi\u0161komis biuro prek\u0117mis toki\u0173  gamintoj\u0173 kaip: Schneider, Esselte, Novus, 3M, Faber-Castell, Citizen, Milan, Leitz, Colop, Zebra, Staedtler, Durable, Tork, Parker, Waterman ir kt.","publisher":{"@id":"https:\/\/rutana.lt\/#organization"},"potentialAction":[{"@type":"SearchAction","target":{"@type":"EntryPoint","urlTemplate":"https:\/\/rutana.lt\/?s={search_term_string}"},"query-input":{"@type":"PropertyValueSpecification","valueRequired":true,"valueName":"search_term_string"}}],"inLanguage":"en-US"},{"@type":"Organization","@id":"https:\/\/rutana.lt\/#organization","name":"Rutana - Ra\u0161tin\u0117s reikmenys","url":"https:\/\/rutana.lt\/","logo":{"@type":"ImageObject","inLanguage":"en-US","@id":"https:\/\/rutana.lt\/#\/schema\/logo\/image\/","url":"https:\/\/rutana.lt\/wp-content\/uploads\/2025\/10\/Asset-32.png","contentUrl":"https:\/\/rutana.lt\/wp-content\/uploads\/2025\/10\/Asset-32.png","width":433,"height":119,"caption":"Rutana - Ra\u0161tin\u0117s reikmenys"},"image":{"@id":"https:\/\/rutana.lt\/#\/schema\/logo\/image\/"},"sameAs":["https:\/\/www.facebook.com\/RutanaKanceliarinesPrekes\/"]}]}},"_links":{"self":[{"href":"https:\/\/rutana.lt\/en\/wp-json\/wp\/v2\/product\/35514","targetHints":{"allow":["GET"]}}],"collection":[{"href":"https:\/\/rutana.lt\/en\/wp-json\/wp\/v2\/product"}],"about":[{"href":"https:\/\/rutana.lt\/en\/wp-json\/wp\/v2\/types\/product"}],"replies":[{"embeddable":true,"href":"https:\/\/rutana.lt\/en\/wp-json\/wp\/v2\/comments?post=35514"}],"version-history":[{"count":2,"href":"https:\/\/rutana.lt\/en\/wp-json\/wp\/v2\/product\/35514\/revisions"}],"predecessor-version":[{"id":35519,"href":"https:\/\/rutana.lt\/en\/wp-json\/wp\/v2\/product\/35514\/revisions\/35519"}],"wp:featuredmedia":[{"embeddable":true,"href":"https:\/\/rutana.lt\/en\/wp-json\/wp\/v2\/media\/35517"}],"wp:attachment":[{"href":"https:\/\/rutana.lt\/en\/wp-json\/wp\/v2\/media?parent=35514"}],"wp:term":[{"taxonomy":"product_brand","embeddable":true,"href":"https:\/\/rutana.lt\/en\/wp-json\/wp\/v2\/product_brand?post=35514"},{"taxonomy":"product_cat","embeddable":true,"href":"https:\/\/rutana.lt\/en\/wp-json\/wp\/v2\/product_cat?post=35514"},{"taxonomy":"product_tag","embeddable":true,"href":"https:\/\/rutana.lt\/en\/wp-json\/wp\/v2\/product_tag?post=35514"}],"curies":[{"name":"wp","href":"https:\/\/api.w.org\/{rel}","templated":true}]}}