{"id":35340,"date":"2026-03-10T12:14:43","date_gmt":"2026-03-10T10:14:43","guid":{"rendered":"https:\/\/rutana.lt\/?post_type=product&#038;p=35340"},"modified":"2026-03-10T12:18:45","modified_gmt":"2026-03-10T10:18:45","slug":"pakavimo-plevele-45cm-x-270m-juoda-hb1727bk","status":"publish","type":"product","link":"https:\/\/rutana.lt\/en\/product\/pakavimo-plevele-45cm-x-270m-juoda-hb1727bk\/","title":{"rendered":"Pakavimo pl\u0117vel\u0117 45cm x 270m juoda HB1727BK"},"content":{"rendered":"<p>Tampri pakavimo pl\u0117vel\u0117 &#8222;stretch&#8221; skirta vyniojimui preki\u0173, \u012fvairi\u0173 daikt\u0173 ir kt. Apsaugo nuo dulki\u0173, mechanini\u0173 pa\u017eeidim\u0173 ir sutvirtina stambius gaminius ant palet\u0117s. Juoda pl\u0117vel\u0117 yra nepermatoma, tad j\u0105 galite panaudoti siuntos turinio u\u017edengimui ar pasl\u0117pimui.<\/p>\n<p>Ritinio plotis: 45 cm<\/p>\n<p>Ritinio ilgis: 270 m<\/p>\n<p>Pl\u0117vel\u0117s storis: 17 mikron\u0173<\/p>\n<p>Spalva: juoda<\/p>\n<p>Svoris: 1.90 kg<\/p>","protected":false},"excerpt":{"rendered":"<p>Tampri pakavimo pl\u0117vel\u0117 &#8222;stretch&#8221; skirta vyniojimui preki\u0173, \u012fvairi\u0173 daikt\u0173 ir kt.<\/p>","protected":false},"featured_media":35341,"comment_status":"open","ping_status":"closed","template":"","meta":{"_season_start":"","_season_end":"","_season_days":"","_season_months":"","_season_auto_visibility":"1"},"product_brand":[177],"product_cat":[1602,1601],"product_tag":[],"class_list":{"0":"post-35340","1":"product","2":"type-product","3":"status-publish","4":"has-post-thumbnail","6":"product_brand-antalis","7":"product_cat-juostos-pakavimui","8":"product_cat-lipnios-juosteles-ir-laikikliai","10":"first","11":"instock","12":"taxable","13":"shipping-taxable","14":"purchasable","15":"product-type-simple"},"yoast_head":"<!-- This site is optimized with the Yoast SEO plugin v27.4 - https:\/\/yoast.com\/product\/yoast-seo-wordpress\/ -->\n<title>Pakavimo pl\u0117vel\u0117 45cm x 270m juoda HB1727BK - Rutana - Ra\u0161tin\u0117s reikmenys<\/title>\n<meta name=\"robots\" content=\"index, follow, max-snippet:-1, max-image-preview:large, max-video-preview:-1\" \/>\n<link rel=\"canonical\" href=\"https:\/\/rutana.lt\/en\/product\/pakavimo-plevele-45cm-x-270m-juoda-hb1727bk\/\" \/>\n<meta property=\"og:locale\" content=\"en_US\" \/>\n<meta property=\"og:type\" content=\"article\" \/>\n<meta property=\"og:title\" content=\"Pakavimo pl\u0117vel\u0117 45cm x 270m juoda HB1727BK - Rutana - Ra\u0161tin\u0117s reikmenys\" \/>\n<meta property=\"og:description\" content=\"Tampri pakavimo pl\u0117vel\u0117 &quot;stretch&quot; skirta vyniojimui preki\u0173, \u012fvairi\u0173 daikt\u0173 ir kt.\" \/>\n<meta property=\"og:url\" content=\"https:\/\/rutana.lt\/en\/product\/pakavimo-plevele-45cm-x-270m-juoda-hb1727bk\/\" \/>\n<meta property=\"og:site_name\" content=\"Rutana - Ra\u0161tin\u0117s reikmenys\" \/>\n<meta property=\"article:publisher\" content=\"https:\/\/www.facebook.com\/RutanaKanceliarinesPrekes\/\" \/>\n<meta property=\"article:modified_time\" content=\"2026-03-10T10:18:45+00:00\" \/>\n<meta property=\"og:image\" content=\"https:\/\/rutana.lt\/wp-content\/uploads\/2026\/03\/A066-907.jpg\" \/>\n\t<meta property=\"og:image:width\" content=\"1200\" \/>\n\t<meta property=\"og:image:height\" content=\"1200\" \/>\n\t<meta property=\"og:image:type\" content=\"image\/jpeg\" \/>\n<meta name=\"twitter:card\" content=\"summary_large_image\" \/>\n<meta name=\"twitter:label1\" content=\"Est. reading time\" \/>\n\t<meta name=\"twitter:data1\" content=\"1 minute\" \/>\n<script type=\"application\/ld+json\" class=\"yoast-schema-graph\">{\"@context\":\"https:\\\/\\\/schema.org\",\"@graph\":[{\"@type\":\"WebPage\",\"@id\":\"https:\\\/\\\/rutana.lt\\\/produktas\\\/pakavimo-plevele-45cm-x-270m-juoda-hb1727bk\\\/\",\"url\":\"https:\\\/\\\/rutana.lt\\\/produktas\\\/pakavimo-plevele-45cm-x-270m-juoda-hb1727bk\\\/\",\"name\":\"Pakavimo pl\u0117vel\u0117 45cm x 270m juoda HB1727BK - Rutana - Ra\u0161tin\u0117s reikmenys\",\"isPartOf\":{\"@id\":\"https:\\\/\\\/rutana.lt\\\/#website\"},\"primaryImageOfPage\":{\"@id\":\"https:\\\/\\\/rutana.lt\\\/produktas\\\/pakavimo-plevele-45cm-x-270m-juoda-hb1727bk\\\/#primaryimage\"},\"image\":{\"@id\":\"https:\\\/\\\/rutana.lt\\\/produktas\\\/pakavimo-plevele-45cm-x-270m-juoda-hb1727bk\\\/#primaryimage\"},\"thumbnailUrl\":\"https:\\\/\\\/rutana.lt\\\/wp-content\\\/uploads\\\/2026\\\/03\\\/A066-907.jpg\",\"datePublished\":\"2026-03-10T10:14:43+00:00\",\"dateModified\":\"2026-03-10T10:18:45+00:00\",\"breadcrumb\":{\"@id\":\"https:\\\/\\\/rutana.lt\\\/produktas\\\/pakavimo-plevele-45cm-x-270m-juoda-hb1727bk\\\/#breadcrumb\"},\"inLanguage\":\"en-US\",\"potentialAction\":[{\"@type\":\"ReadAction\",\"target\":[\"https:\\\/\\\/rutana.lt\\\/produktas\\\/pakavimo-plevele-45cm-x-270m-juoda-hb1727bk\\\/\"]}]},{\"@type\":\"ImageObject\",\"inLanguage\":\"en-US\",\"@id\":\"https:\\\/\\\/rutana.lt\\\/produktas\\\/pakavimo-plevele-45cm-x-270m-juoda-hb1727bk\\\/#primaryimage\",\"url\":\"https:\\\/\\\/rutana.lt\\\/wp-content\\\/uploads\\\/2026\\\/03\\\/A066-907.jpg\",\"contentUrl\":\"https:\\\/\\\/rutana.lt\\\/wp-content\\\/uploads\\\/2026\\\/03\\\/A066-907.jpg\",\"width\":1200,\"height\":1200},{\"@type\":\"BreadcrumbList\",\"@id\":\"https:\\\/\\\/rutana.lt\\\/produktas\\\/pakavimo-plevele-45cm-x-270m-juoda-hb1727bk\\\/#breadcrumb\",\"itemListElement\":[{\"@type\":\"ListItem\",\"position\":1,\"name\":\"Home\",\"item\":\"https:\\\/\\\/rutana.lt\\\/\"},{\"@type\":\"ListItem\",\"position\":2,\"name\":\"Parduotuv\u0117\",\"item\":\"https:\\\/\\\/rutana.lt\\\/parduotuve\\\/\"},{\"@type\":\"ListItem\",\"position\":3,\"name\":\"Pakavimo pl\u0117vel\u0117 45cm x 270m juoda HB1727BK\"}]},{\"@type\":\"WebSite\",\"@id\":\"https:\\\/\\\/rutana.lt\\\/#website\",\"url\":\"https:\\\/\\\/rutana.lt\\\/\",\"name\":\"Rutana - Ra\u0161tin\u0117s reikmenys\",\"description\":\"Prekiaujame pasaulin\u0117je rinkoje pripa\u017eintomis, kokybi\u0161komis biuro prek\u0117mis toki\u0173  gamintoj\u0173 kaip: Schneider, Esselte, Novus, 3M, Faber-Castell, Citizen, Milan, Leitz, Colop, Zebra, Staedtler, Durable, Tork, Parker, Waterman ir kt.\",\"publisher\":{\"@id\":\"https:\\\/\\\/rutana.lt\\\/#organization\"},\"potentialAction\":[{\"@type\":\"SearchAction\",\"target\":{\"@type\":\"EntryPoint\",\"urlTemplate\":\"https:\\\/\\\/rutana.lt\\\/?s={search_term_string}\"},\"query-input\":{\"@type\":\"PropertyValueSpecification\",\"valueRequired\":true,\"valueName\":\"search_term_string\"}}],\"inLanguage\":\"en-US\"},{\"@type\":\"Organization\",\"@id\":\"https:\\\/\\\/rutana.lt\\\/#organization\",\"name\":\"Rutana - Ra\u0161tin\u0117s reikmenys\",\"url\":\"https:\\\/\\\/rutana.lt\\\/\",\"logo\":{\"@type\":\"ImageObject\",\"inLanguage\":\"en-US\",\"@id\":\"https:\\\/\\\/rutana.lt\\\/#\\\/schema\\\/logo\\\/image\\\/\",\"url\":\"https:\\\/\\\/rutana.lt\\\/wp-content\\\/uploads\\\/2025\\\/10\\\/Asset-32.png\",\"contentUrl\":\"https:\\\/\\\/rutana.lt\\\/wp-content\\\/uploads\\\/2025\\\/10\\\/Asset-32.png\",\"width\":433,\"height\":119,\"caption\":\"Rutana - Ra\u0161tin\u0117s reikmenys\"},\"image\":{\"@id\":\"https:\\\/\\\/rutana.lt\\\/#\\\/schema\\\/logo\\\/image\\\/\"},\"sameAs\":[\"https:\\\/\\\/www.facebook.com\\\/RutanaKanceliarinesPrekes\\\/\"]}]}<\/script>\n<!-- \/ Yoast SEO plugin. -->","yoast_head_json":{"title":"Pakavimo pl\u0117vel\u0117 45cm x 270m juoda HB1727BK - Rutana - Ra\u0161tin\u0117s reikmenys","robots":{"index":"index","follow":"follow","max-snippet":"max-snippet:-1","max-image-preview":"max-image-preview:large","max-video-preview":"max-video-preview:-1"},"canonical":"https:\/\/rutana.lt\/en\/product\/pakavimo-plevele-45cm-x-270m-juoda-hb1727bk\/","og_locale":"en_US","og_type":"article","og_title":"Pakavimo pl\u0117vel\u0117 45cm x 270m juoda HB1727BK - Rutana - Ra\u0161tin\u0117s reikmenys","og_description":"Tampri pakavimo pl\u0117vel\u0117 \"stretch\" skirta vyniojimui preki\u0173, \u012fvairi\u0173 daikt\u0173 ir kt.","og_url":"https:\/\/rutana.lt\/en\/product\/pakavimo-plevele-45cm-x-270m-juoda-hb1727bk\/","og_site_name":"Rutana - Ra\u0161tin\u0117s reikmenys","article_publisher":"https:\/\/www.facebook.com\/RutanaKanceliarinesPrekes\/","article_modified_time":"2026-03-10T10:18:45+00:00","og_image":[{"width":1200,"height":1200,"url":"https:\/\/rutana.lt\/wp-content\/uploads\/2026\/03\/A066-907.jpg","type":"image\/jpeg"}],"twitter_card":"summary_large_image","twitter_misc":{"Est. reading time":"1 minute"},"schema":{"@context":"https:\/\/schema.org","@graph":[{"@type":"WebPage","@id":"https:\/\/rutana.lt\/produktas\/pakavimo-plevele-45cm-x-270m-juoda-hb1727bk\/","url":"https:\/\/rutana.lt\/produktas\/pakavimo-plevele-45cm-x-270m-juoda-hb1727bk\/","name":"Pakavimo pl\u0117vel\u0117 45cm x 270m juoda HB1727BK - Rutana - Ra\u0161tin\u0117s reikmenys","isPartOf":{"@id":"https:\/\/rutana.lt\/#website"},"primaryImageOfPage":{"@id":"https:\/\/rutana.lt\/produktas\/pakavimo-plevele-45cm-x-270m-juoda-hb1727bk\/#primaryimage"},"image":{"@id":"https:\/\/rutana.lt\/produktas\/pakavimo-plevele-45cm-x-270m-juoda-hb1727bk\/#primaryimage"},"thumbnailUrl":"https:\/\/rutana.lt\/wp-content\/uploads\/2026\/03\/A066-907.jpg","datePublished":"2026-03-10T10:14:43+00:00","dateModified":"2026-03-10T10:18:45+00:00","breadcrumb":{"@id":"https:\/\/rutana.lt\/produktas\/pakavimo-plevele-45cm-x-270m-juoda-hb1727bk\/#breadcrumb"},"inLanguage":"en-US","potentialAction":[{"@type":"ReadAction","target":["https:\/\/rutana.lt\/produktas\/pakavimo-plevele-45cm-x-270m-juoda-hb1727bk\/"]}]},{"@type":"ImageObject","inLanguage":"en-US","@id":"https:\/\/rutana.lt\/produktas\/pakavimo-plevele-45cm-x-270m-juoda-hb1727bk\/#primaryimage","url":"https:\/\/rutana.lt\/wp-content\/uploads\/2026\/03\/A066-907.jpg","contentUrl":"https:\/\/rutana.lt\/wp-content\/uploads\/2026\/03\/A066-907.jpg","width":1200,"height":1200},{"@type":"BreadcrumbList","@id":"https:\/\/rutana.lt\/produktas\/pakavimo-plevele-45cm-x-270m-juoda-hb1727bk\/#breadcrumb","itemListElement":[{"@type":"ListItem","position":1,"name":"Home","item":"https:\/\/rutana.lt\/"},{"@type":"ListItem","position":2,"name":"Parduotuv\u0117","item":"https:\/\/rutana.lt\/parduotuve\/"},{"@type":"ListItem","position":3,"name":"Pakavimo pl\u0117vel\u0117 45cm x 270m juoda HB1727BK"}]},{"@type":"WebSite","@id":"https:\/\/rutana.lt\/#website","url":"https:\/\/rutana.lt\/","name":"Rutana - Ra\u0161tin\u0117s reikmenys","description":"Prekiaujame pasaulin\u0117je rinkoje pripa\u017eintomis, kokybi\u0161komis biuro prek\u0117mis toki\u0173  gamintoj\u0173 kaip: Schneider, Esselte, Novus, 3M, Faber-Castell, Citizen, Milan, Leitz, Colop, Zebra, Staedtler, Durable, Tork, Parker, Waterman ir kt.","publisher":{"@id":"https:\/\/rutana.lt\/#organization"},"potentialAction":[{"@type":"SearchAction","target":{"@type":"EntryPoint","urlTemplate":"https:\/\/rutana.lt\/?s={search_term_string}"},"query-input":{"@type":"PropertyValueSpecification","valueRequired":true,"valueName":"search_term_string"}}],"inLanguage":"en-US"},{"@type":"Organization","@id":"https:\/\/rutana.lt\/#organization","name":"Rutana - Ra\u0161tin\u0117s reikmenys","url":"https:\/\/rutana.lt\/","logo":{"@type":"ImageObject","inLanguage":"en-US","@id":"https:\/\/rutana.lt\/#\/schema\/logo\/image\/","url":"https:\/\/rutana.lt\/wp-content\/uploads\/2025\/10\/Asset-32.png","contentUrl":"https:\/\/rutana.lt\/wp-content\/uploads\/2025\/10\/Asset-32.png","width":433,"height":119,"caption":"Rutana - Ra\u0161tin\u0117s reikmenys"},"image":{"@id":"https:\/\/rutana.lt\/#\/schema\/logo\/image\/"},"sameAs":["https:\/\/www.facebook.com\/RutanaKanceliarinesPrekes\/"]}]}},"_links":{"self":[{"href":"https:\/\/rutana.lt\/en\/wp-json\/wp\/v2\/product\/35340","targetHints":{"allow":["GET"]}}],"collection":[{"href":"https:\/\/rutana.lt\/en\/wp-json\/wp\/v2\/product"}],"about":[{"href":"https:\/\/rutana.lt\/en\/wp-json\/wp\/v2\/types\/product"}],"replies":[{"embeddable":true,"href":"https:\/\/rutana.lt\/en\/wp-json\/wp\/v2\/comments?post=35340"}],"version-history":[{"count":2,"href":"https:\/\/rutana.lt\/en\/wp-json\/wp\/v2\/product\/35340\/revisions"}],"predecessor-version":[{"id":35343,"href":"https:\/\/rutana.lt\/en\/wp-json\/wp\/v2\/product\/35340\/revisions\/35343"}],"wp:featuredmedia":[{"embeddable":true,"href":"https:\/\/rutana.lt\/en\/wp-json\/wp\/v2\/media\/35341"}],"wp:attachment":[{"href":"https:\/\/rutana.lt\/en\/wp-json\/wp\/v2\/media?parent=35340"}],"wp:term":[{"taxonomy":"product_brand","embeddable":true,"href":"https:\/\/rutana.lt\/en\/wp-json\/wp\/v2\/product_brand?post=35340"},{"taxonomy":"product_cat","embeddable":true,"href":"https:\/\/rutana.lt\/en\/wp-json\/wp\/v2\/product_cat?post=35340"},{"taxonomy":"product_tag","embeddable":true,"href":"https:\/\/rutana.lt\/en\/wp-json\/wp\/v2\/product_tag?post=35340"}],"curies":[{"name":"wp","href":"https:\/\/api.w.org\/{rel}","templated":true}]}}