{"id":35327,"date":"2026-03-10T10:47:05","date_gmt":"2026-03-10T08:47:05","guid":{"rendered":"https:\/\/rutana.lt\/?post_type=product&#038;p=35327"},"modified":"2026-03-10T11:07:53","modified_gmt":"2026-03-10T09:07:53","slug":"spalvotas-biuro-popierius-image-coloraction-rio-neon-green-a4-80g-500l-1619295","status":"publish","type":"product","link":"https:\/\/rutana.lt\/en\/product\/spalvotas-biuro-popierius-image-coloraction-rio-neon-green-a4-80g-500l-1619295\/","title":{"rendered":"Spalvotas biuro popierius Image Coloraction Rio Neon Green A4 80g 500l. 1619295"},"content":{"rendered":"<p>Auk\u0161tos kokyb\u0117s spalvotas biuro popierius, tinkantis vis\u0173 tip\u0173 spausdintuvams, kopijavimo aparatams ir faksams. Ant matinio glotnaus popieriaus i\u0161spausdinta informacija yra ry\u0161ki ir lengvai skaitoma. Galima spausdinti bro\u0161i\u016bras, skrajutes, prisistatymo lai\u0161kus ir pasi\u016blymus, popieriaus spalva suteikia i\u0161skirtinum\u0105 bei matomum\u0105. Popierius yra sertifikuotas pagal standartus: <a href=\"http:\/\/www.internationalpaper.com\/ru\/\u043a\u043e\u043c\u043f\u0430\u043d\u0438\u044f\/\u043e\u0431\u043b\u0430\u0441\u0442\u0438\/\u0435\u0432\u0440\u043e\u043f\u0430-\u0431\u043b\u0438\u0436\u043d\u0438\u0439-\u0432\u043e\u0441\u0442\u043e\u043a-\u0438-\u0430\u0444\u0440\u0438\u043a\u0430\/\u0443\u0441\u0442\u043e\u0439\u0447\u0438\u0432\u043e\u0435-\u0440\u0430\u0437\u0432\u0438\u0442\u0438\u0435\/\u0441\u0435\u0440\u0442\u0438\u0444\u0438\u043a\u0430\u0442\u044b\"><u><span style=\"color: #0066cc;\">PEFC\u2122<\/span><\/u><\/a>, ECF ir ISO 14001.<\/p>\n<p>Popieriaus spalva: neonin\u0117 \u017ealia \/ Rio \/ Neon Green<\/p>\n<p>Formatas: A4 ( 210 x 297 mm )<\/p>\n<p>Gramat\u016bra: 80 g\/m<sup><span style=\"font-size: small;\">2<\/span><\/sup><\/p>\n<p>Lap\u0173 kiekis pakuot\u0117je: 500<\/p>\n<p>&nbsp;<\/p>","protected":false},"excerpt":{"rendered":"<p>Auk\u0161tos kokyb\u0117s spalvotas biuro popierius, tinkantis vis\u0173 tip\u0173 spausdintuvams, kopijavimo aparatams ir faksams.<\/p>","protected":false},"featured_media":35328,"comment_status":"open","ping_status":"closed","template":"","meta":{"_season_start":"","_season_end":"","_season_days":"","_season_months":"","_season_auto_visibility":"1"},"product_brand":[177],"product_cat":[1802],"product_tag":[],"class_list":{"0":"post-35327","1":"product","2":"type-product","3":"status-publish","4":"has-post-thumbnail","6":"product_brand-antalis","7":"product_cat-80-g","9":"first","10":"instock","11":"taxable","12":"shipping-taxable","13":"purchasable","14":"product-type-simple"},"yoast_head":"<!-- This site is optimized with the Yoast SEO plugin v27.4 - https:\/\/yoast.com\/product\/yoast-seo-wordpress\/ -->\n<title>Spalvotas biuro popierius Image Coloraction Rio Neon Green A4 80g 500l. 1619295 - Rutana - Ra\u0161tin\u0117s reikmenys<\/title>\n<meta name=\"robots\" content=\"index, follow, max-snippet:-1, max-image-preview:large, max-video-preview:-1\" \/>\n<link rel=\"canonical\" href=\"https:\/\/rutana.lt\/en\/product\/spalvotas-biuro-popierius-image-coloraction-rio-neon-green-a4-80g-500l-1619295\/\" \/>\n<meta property=\"og:locale\" content=\"en_US\" \/>\n<meta property=\"og:type\" content=\"article\" \/>\n<meta property=\"og:title\" content=\"Spalvotas biuro popierius Image Coloraction Rio Neon Green A4 80g 500l. 1619295 - Rutana - Ra\u0161tin\u0117s reikmenys\" \/>\n<meta property=\"og:description\" content=\"Auk\u0161tos kokyb\u0117s spalvotas biuro popierius, tinkantis vis\u0173 tip\u0173 spausdintuvams, kopijavimo aparatams ir faksams.\" \/>\n<meta property=\"og:url\" content=\"https:\/\/rutana.lt\/en\/product\/spalvotas-biuro-popierius-image-coloraction-rio-neon-green-a4-80g-500l-1619295\/\" \/>\n<meta property=\"og:site_name\" content=\"Rutana - Ra\u0161tin\u0117s reikmenys\" \/>\n<meta property=\"article:publisher\" content=\"https:\/\/www.facebook.com\/RutanaKanceliarinesPrekes\/\" \/>\n<meta property=\"article:modified_time\" content=\"2026-03-10T09:07:53+00:00\" \/>\n<meta property=\"og:image\" content=\"https:\/\/rutana.lt\/wp-content\/uploads\/2026\/03\/A071-231.jpg\" \/>\n\t<meta property=\"og:image:width\" content=\"1200\" \/>\n\t<meta property=\"og:image:height\" content=\"1200\" \/>\n\t<meta property=\"og:image:type\" content=\"image\/jpeg\" \/>\n<meta name=\"twitter:card\" content=\"summary_large_image\" \/>\n<meta name=\"twitter:label1\" content=\"Est. reading time\" \/>\n\t<meta name=\"twitter:data1\" content=\"1 minute\" \/>\n<script type=\"application\/ld+json\" class=\"yoast-schema-graph\">{\"@context\":\"https:\\\/\\\/schema.org\",\"@graph\":[{\"@type\":\"WebPage\",\"@id\":\"https:\\\/\\\/rutana.lt\\\/produktas\\\/spalvotas-biuro-popierius-image-coloraction-rio-neon-green-a4-80g-500l-1619295\\\/\",\"url\":\"https:\\\/\\\/rutana.lt\\\/produktas\\\/spalvotas-biuro-popierius-image-coloraction-rio-neon-green-a4-80g-500l-1619295\\\/\",\"name\":\"Spalvotas biuro popierius Image Coloraction Rio Neon Green A4 80g 500l. 1619295 - Rutana - Ra\u0161tin\u0117s reikmenys\",\"isPartOf\":{\"@id\":\"https:\\\/\\\/rutana.lt\\\/#website\"},\"primaryImageOfPage\":{\"@id\":\"https:\\\/\\\/rutana.lt\\\/produktas\\\/spalvotas-biuro-popierius-image-coloraction-rio-neon-green-a4-80g-500l-1619295\\\/#primaryimage\"},\"image\":{\"@id\":\"https:\\\/\\\/rutana.lt\\\/produktas\\\/spalvotas-biuro-popierius-image-coloraction-rio-neon-green-a4-80g-500l-1619295\\\/#primaryimage\"},\"thumbnailUrl\":\"https:\\\/\\\/rutana.lt\\\/wp-content\\\/uploads\\\/2026\\\/03\\\/A071-231.jpg\",\"datePublished\":\"2026-03-10T08:47:05+00:00\",\"dateModified\":\"2026-03-10T09:07:53+00:00\",\"breadcrumb\":{\"@id\":\"https:\\\/\\\/rutana.lt\\\/produktas\\\/spalvotas-biuro-popierius-image-coloraction-rio-neon-green-a4-80g-500l-1619295\\\/#breadcrumb\"},\"inLanguage\":\"en-US\",\"potentialAction\":[{\"@type\":\"ReadAction\",\"target\":[\"https:\\\/\\\/rutana.lt\\\/produktas\\\/spalvotas-biuro-popierius-image-coloraction-rio-neon-green-a4-80g-500l-1619295\\\/\"]}]},{\"@type\":\"ImageObject\",\"inLanguage\":\"en-US\",\"@id\":\"https:\\\/\\\/rutana.lt\\\/produktas\\\/spalvotas-biuro-popierius-image-coloraction-rio-neon-green-a4-80g-500l-1619295\\\/#primaryimage\",\"url\":\"https:\\\/\\\/rutana.lt\\\/wp-content\\\/uploads\\\/2026\\\/03\\\/A071-231.jpg\",\"contentUrl\":\"https:\\\/\\\/rutana.lt\\\/wp-content\\\/uploads\\\/2026\\\/03\\\/A071-231.jpg\",\"width\":1200,\"height\":1200},{\"@type\":\"BreadcrumbList\",\"@id\":\"https:\\\/\\\/rutana.lt\\\/produktas\\\/spalvotas-biuro-popierius-image-coloraction-rio-neon-green-a4-80g-500l-1619295\\\/#breadcrumb\",\"itemListElement\":[{\"@type\":\"ListItem\",\"position\":1,\"name\":\"Home\",\"item\":\"https:\\\/\\\/rutana.lt\\\/\"},{\"@type\":\"ListItem\",\"position\":2,\"name\":\"Parduotuv\u0117\",\"item\":\"https:\\\/\\\/rutana.lt\\\/parduotuve\\\/\"},{\"@type\":\"ListItem\",\"position\":3,\"name\":\"Spalvotas biuro popierius Image Coloraction Rio Neon Green A4 80g 500l. 1619295\"}]},{\"@type\":\"WebSite\",\"@id\":\"https:\\\/\\\/rutana.lt\\\/#website\",\"url\":\"https:\\\/\\\/rutana.lt\\\/\",\"name\":\"Rutana - Ra\u0161tin\u0117s reikmenys\",\"description\":\"Prekiaujame pasaulin\u0117je rinkoje pripa\u017eintomis, kokybi\u0161komis biuro prek\u0117mis toki\u0173  gamintoj\u0173 kaip: Schneider, Esselte, Novus, 3M, Faber-Castell, Citizen, Milan, Leitz, Colop, Zebra, Staedtler, Durable, Tork, Parker, Waterman ir kt.\",\"publisher\":{\"@id\":\"https:\\\/\\\/rutana.lt\\\/#organization\"},\"potentialAction\":[{\"@type\":\"SearchAction\",\"target\":{\"@type\":\"EntryPoint\",\"urlTemplate\":\"https:\\\/\\\/rutana.lt\\\/?s={search_term_string}\"},\"query-input\":{\"@type\":\"PropertyValueSpecification\",\"valueRequired\":true,\"valueName\":\"search_term_string\"}}],\"inLanguage\":\"en-US\"},{\"@type\":\"Organization\",\"@id\":\"https:\\\/\\\/rutana.lt\\\/#organization\",\"name\":\"Rutana - Ra\u0161tin\u0117s reikmenys\",\"url\":\"https:\\\/\\\/rutana.lt\\\/\",\"logo\":{\"@type\":\"ImageObject\",\"inLanguage\":\"en-US\",\"@id\":\"https:\\\/\\\/rutana.lt\\\/#\\\/schema\\\/logo\\\/image\\\/\",\"url\":\"https:\\\/\\\/rutana.lt\\\/wp-content\\\/uploads\\\/2025\\\/10\\\/Asset-32.png\",\"contentUrl\":\"https:\\\/\\\/rutana.lt\\\/wp-content\\\/uploads\\\/2025\\\/10\\\/Asset-32.png\",\"width\":433,\"height\":119,\"caption\":\"Rutana - Ra\u0161tin\u0117s reikmenys\"},\"image\":{\"@id\":\"https:\\\/\\\/rutana.lt\\\/#\\\/schema\\\/logo\\\/image\\\/\"},\"sameAs\":[\"https:\\\/\\\/www.facebook.com\\\/RutanaKanceliarinesPrekes\\\/\"]}]}<\/script>\n<!-- \/ Yoast SEO plugin. -->","yoast_head_json":{"title":"Spalvotas biuro popierius Image Coloraction Rio Neon Green A4 80g 500l. 1619295 - Rutana - Ra\u0161tin\u0117s reikmenys","robots":{"index":"index","follow":"follow","max-snippet":"max-snippet:-1","max-image-preview":"max-image-preview:large","max-video-preview":"max-video-preview:-1"},"canonical":"https:\/\/rutana.lt\/en\/product\/spalvotas-biuro-popierius-image-coloraction-rio-neon-green-a4-80g-500l-1619295\/","og_locale":"en_US","og_type":"article","og_title":"Spalvotas biuro popierius Image Coloraction Rio Neon Green A4 80g 500l. 1619295 - Rutana - Ra\u0161tin\u0117s reikmenys","og_description":"Auk\u0161tos kokyb\u0117s spalvotas biuro popierius, tinkantis vis\u0173 tip\u0173 spausdintuvams, kopijavimo aparatams ir faksams.","og_url":"https:\/\/rutana.lt\/en\/product\/spalvotas-biuro-popierius-image-coloraction-rio-neon-green-a4-80g-500l-1619295\/","og_site_name":"Rutana - Ra\u0161tin\u0117s reikmenys","article_publisher":"https:\/\/www.facebook.com\/RutanaKanceliarinesPrekes\/","article_modified_time":"2026-03-10T09:07:53+00:00","og_image":[{"width":1200,"height":1200,"url":"https:\/\/rutana.lt\/wp-content\/uploads\/2026\/03\/A071-231.jpg","type":"image\/jpeg"}],"twitter_card":"summary_large_image","twitter_misc":{"Est. reading time":"1 minute"},"schema":{"@context":"https:\/\/schema.org","@graph":[{"@type":"WebPage","@id":"https:\/\/rutana.lt\/produktas\/spalvotas-biuro-popierius-image-coloraction-rio-neon-green-a4-80g-500l-1619295\/","url":"https:\/\/rutana.lt\/produktas\/spalvotas-biuro-popierius-image-coloraction-rio-neon-green-a4-80g-500l-1619295\/","name":"Spalvotas biuro popierius Image Coloraction Rio Neon Green A4 80g 500l. 1619295 - Rutana - Ra\u0161tin\u0117s reikmenys","isPartOf":{"@id":"https:\/\/rutana.lt\/#website"},"primaryImageOfPage":{"@id":"https:\/\/rutana.lt\/produktas\/spalvotas-biuro-popierius-image-coloraction-rio-neon-green-a4-80g-500l-1619295\/#primaryimage"},"image":{"@id":"https:\/\/rutana.lt\/produktas\/spalvotas-biuro-popierius-image-coloraction-rio-neon-green-a4-80g-500l-1619295\/#primaryimage"},"thumbnailUrl":"https:\/\/rutana.lt\/wp-content\/uploads\/2026\/03\/A071-231.jpg","datePublished":"2026-03-10T08:47:05+00:00","dateModified":"2026-03-10T09:07:53+00:00","breadcrumb":{"@id":"https:\/\/rutana.lt\/produktas\/spalvotas-biuro-popierius-image-coloraction-rio-neon-green-a4-80g-500l-1619295\/#breadcrumb"},"inLanguage":"en-US","potentialAction":[{"@type":"ReadAction","target":["https:\/\/rutana.lt\/produktas\/spalvotas-biuro-popierius-image-coloraction-rio-neon-green-a4-80g-500l-1619295\/"]}]},{"@type":"ImageObject","inLanguage":"en-US","@id":"https:\/\/rutana.lt\/produktas\/spalvotas-biuro-popierius-image-coloraction-rio-neon-green-a4-80g-500l-1619295\/#primaryimage","url":"https:\/\/rutana.lt\/wp-content\/uploads\/2026\/03\/A071-231.jpg","contentUrl":"https:\/\/rutana.lt\/wp-content\/uploads\/2026\/03\/A071-231.jpg","width":1200,"height":1200},{"@type":"BreadcrumbList","@id":"https:\/\/rutana.lt\/produktas\/spalvotas-biuro-popierius-image-coloraction-rio-neon-green-a4-80g-500l-1619295\/#breadcrumb","itemListElement":[{"@type":"ListItem","position":1,"name":"Home","item":"https:\/\/rutana.lt\/"},{"@type":"ListItem","position":2,"name":"Parduotuv\u0117","item":"https:\/\/rutana.lt\/parduotuve\/"},{"@type":"ListItem","position":3,"name":"Spalvotas biuro popierius Image Coloraction Rio Neon Green A4 80g 500l. 1619295"}]},{"@type":"WebSite","@id":"https:\/\/rutana.lt\/#website","url":"https:\/\/rutana.lt\/","name":"Rutana - Ra\u0161tin\u0117s reikmenys","description":"Prekiaujame pasaulin\u0117je rinkoje pripa\u017eintomis, kokybi\u0161komis biuro prek\u0117mis toki\u0173  gamintoj\u0173 kaip: Schneider, Esselte, Novus, 3M, Faber-Castell, Citizen, Milan, Leitz, Colop, Zebra, Staedtler, Durable, Tork, Parker, Waterman ir kt.","publisher":{"@id":"https:\/\/rutana.lt\/#organization"},"potentialAction":[{"@type":"SearchAction","target":{"@type":"EntryPoint","urlTemplate":"https:\/\/rutana.lt\/?s={search_term_string}"},"query-input":{"@type":"PropertyValueSpecification","valueRequired":true,"valueName":"search_term_string"}}],"inLanguage":"en-US"},{"@type":"Organization","@id":"https:\/\/rutana.lt\/#organization","name":"Rutana - Ra\u0161tin\u0117s reikmenys","url":"https:\/\/rutana.lt\/","logo":{"@type":"ImageObject","inLanguage":"en-US","@id":"https:\/\/rutana.lt\/#\/schema\/logo\/image\/","url":"https:\/\/rutana.lt\/wp-content\/uploads\/2025\/10\/Asset-32.png","contentUrl":"https:\/\/rutana.lt\/wp-content\/uploads\/2025\/10\/Asset-32.png","width":433,"height":119,"caption":"Rutana - Ra\u0161tin\u0117s reikmenys"},"image":{"@id":"https:\/\/rutana.lt\/#\/schema\/logo\/image\/"},"sameAs":["https:\/\/www.facebook.com\/RutanaKanceliarinesPrekes\/"]}]}},"_links":{"self":[{"href":"https:\/\/rutana.lt\/en\/wp-json\/wp\/v2\/product\/35327","targetHints":{"allow":["GET"]}}],"collection":[{"href":"https:\/\/rutana.lt\/en\/wp-json\/wp\/v2\/product"}],"about":[{"href":"https:\/\/rutana.lt\/en\/wp-json\/wp\/v2\/types\/product"}],"replies":[{"embeddable":true,"href":"https:\/\/rutana.lt\/en\/wp-json\/wp\/v2\/comments?post=35327"}],"version-history":[{"count":2,"href":"https:\/\/rutana.lt\/en\/wp-json\/wp\/v2\/product\/35327\/revisions"}],"predecessor-version":[{"id":35331,"href":"https:\/\/rutana.lt\/en\/wp-json\/wp\/v2\/product\/35327\/revisions\/35331"}],"wp:featuredmedia":[{"embeddable":true,"href":"https:\/\/rutana.lt\/en\/wp-json\/wp\/v2\/media\/35328"}],"wp:attachment":[{"href":"https:\/\/rutana.lt\/en\/wp-json\/wp\/v2\/media?parent=35327"}],"wp:term":[{"taxonomy":"product_brand","embeddable":true,"href":"https:\/\/rutana.lt\/en\/wp-json\/wp\/v2\/product_brand?post=35327"},{"taxonomy":"product_cat","embeddable":true,"href":"https:\/\/rutana.lt\/en\/wp-json\/wp\/v2\/product_cat?post=35327"},{"taxonomy":"product_tag","embeddable":true,"href":"https:\/\/rutana.lt\/en\/wp-json\/wp\/v2\/product_tag?post=35327"}],"curies":[{"name":"wp","href":"https:\/\/api.w.org\/{rel}","templated":true}]}}