{"id":35280,"date":"2026-03-01T17:06:21","date_gmt":"2026-03-01T15:06:21","guid":{"rendered":"https:\/\/rutana.lt\/?post_type=product&#038;p=35280"},"modified":"2026-03-01T17:13:48","modified_gmt":"2026-03-01T15:13:48","slug":"tualetinis-popierius-rulonais-mini-jumbo-dissolve-tech-plus-140m-papernet-421812","status":"publish","type":"product","link":"https:\/\/rutana.lt\/en\/product\/tualetinis-popierius-rulonais-mini-jumbo-dissolve-tech-plus-140m-papernet-421812\/","title":{"rendered":"Tualetinis popierius rulonais Mini Jumbo \u201eDissolve Tech Plus\u201c 140m Papernet 421812"},"content":{"rendered":"<p>\u201eDissolve Tech Plus\u201c tualetinis popierius, mink\u0161tas ir tvirtas kaip \u012fprastas tualetinis popierius, padeda i\u0161vengti kalki\u0173 nuos\u0117d\u0173, suma\u017eindamas vandens pH ir re\u010diau apdorojant j\u012f kitais cheminiais produktais. Tualetinis popierius tinkamas naudoti \u012f \u012fvairi\u0173 gamintoj\u0173 popieriaus laikikli\u0173 sistemas. Mink\u0161tas ir baltas popierius, pagamintas i\u0161 celiulioz\u0117s. Naudojamas vidutini\u0161kai, intensyviai bei gausiai lankomose vietose.<\/p>\n<p style=\"margin-bottom: 10px;\">Ritinio plotis: 9.5 cm<\/p>\n<p style=\"margin-bottom: 10px;\">Ritinio skersmuo: 19.5 cm<\/p>\n<p style=\"margin-bottom: 10px;\">Ritinio ilgis: 140 m<\/p>\n<p style=\"margin-bottom: 10px;\">Vidinis \u0161erdies skersmuo: 6 cm<\/p>\n<p style=\"margin-bottom: 10px;\">Lapeli\u0173 kiekis ritinyje: 459<\/p>\n<p style=\"margin-bottom: 10px;\">Lapelio ilgis: 30.5 cm<\/p>\n<p style=\"margin-bottom: 10px;\">Sluoksniai: 2<\/p>\n<p style=\"margin-bottom: 10px;\">Spalva: balta<\/p>\n<p style=\"margin-bottom: 10px;\">Kilm\u0117s \u0161alis: Italija<\/p>\n<p style=\"margin-bottom: 10px;\">\n<p style=\"margin-bottom: 10px;\">","protected":false},"excerpt":{"rendered":"<p>\u201eDissolve Tech Plus\u201c tualetinis popierius, mink\u0161tas ir tvirtas kaip \u012fprastas tualetinis popierius, padeda i\u0161vengti kalki\u0173 nuos\u0117d\u0173, suma\u017eindamas vandens pH ir re\u010diau apdorojant j\u012f kitais cheminiais produktais.<\/p>","protected":false},"featured_media":35281,"comment_status":"open","ping_status":"closed","template":"","meta":{"_season_start":"","_season_end":"","_season_days":"","_season_months":"","_season_auto_visibility":"1"},"product_brand":[238],"product_cat":[1622],"product_tag":[],"class_list":{"0":"post-35280","1":"product","2":"type-product","3":"status-publish","4":"has-post-thumbnail","6":"product_brand-papernet","7":"product_cat-tualetinis-popierius","9":"first","10":"instock","11":"taxable","12":"shipping-taxable","13":"purchasable","14":"product-type-simple"},"yoast_head":"<!-- This site is optimized with the Yoast SEO plugin v27.4 - https:\/\/yoast.com\/product\/yoast-seo-wordpress\/ -->\n<title>Tualetinis popierius rulonais Mini Jumbo \u201eDissolve Tech Plus\u201c 140m Papernet 421812 - Rutana - Ra\u0161tin\u0117s reikmenys<\/title>\n<meta name=\"robots\" content=\"index, follow, max-snippet:-1, max-image-preview:large, max-video-preview:-1\" \/>\n<link rel=\"canonical\" href=\"https:\/\/rutana.lt\/en\/product\/tualetinis-popierius-rulonais-mini-jumbo-dissolve-tech-plus-140m-papernet-421812\/\" \/>\n<meta property=\"og:locale\" content=\"en_US\" \/>\n<meta property=\"og:type\" content=\"article\" \/>\n<meta property=\"og:title\" content=\"Tualetinis popierius rulonais Mini Jumbo \u201eDissolve Tech Plus\u201c 140m Papernet 421812 - Rutana - Ra\u0161tin\u0117s reikmenys\" \/>\n<meta property=\"og:description\" content=\"\u201eDissolve Tech Plus\u201c tualetinis popierius, mink\u0161tas ir tvirtas kaip \u012fprastas tualetinis popierius, padeda i\u0161vengti kalki\u0173 nuos\u0117d\u0173, suma\u017eindamas vandens pH ir re\u010diau apdorojant j\u012f kitais cheminiais produktais.\" \/>\n<meta property=\"og:url\" content=\"https:\/\/rutana.lt\/en\/product\/tualetinis-popierius-rulonais-mini-jumbo-dissolve-tech-plus-140m-papernet-421812\/\" \/>\n<meta property=\"og:site_name\" content=\"Rutana - Ra\u0161tin\u0117s reikmenys\" \/>\n<meta property=\"article:publisher\" content=\"https:\/\/www.facebook.com\/RutanaKanceliarinesPrekes\/\" \/>\n<meta property=\"article:modified_time\" content=\"2026-03-01T15:13:48+00:00\" \/>\n<meta property=\"og:image\" content=\"https:\/\/rutana.lt\/wp-content\/uploads\/2026\/03\/A081-559.jpg\" \/>\n\t<meta property=\"og:image:width\" content=\"1200\" \/>\n\t<meta property=\"og:image:height\" content=\"1200\" \/>\n\t<meta property=\"og:image:type\" content=\"image\/jpeg\" \/>\n<meta name=\"twitter:card\" content=\"summary_large_image\" \/>\n<meta name=\"twitter:label1\" content=\"Est. reading time\" \/>\n\t<meta name=\"twitter:data1\" content=\"1 minute\" \/>\n<script type=\"application\/ld+json\" class=\"yoast-schema-graph\">{\"@context\":\"https:\\\/\\\/schema.org\",\"@graph\":[{\"@type\":\"WebPage\",\"@id\":\"https:\\\/\\\/rutana.lt\\\/produktas\\\/tualetinis-popierius-rulonais-mini-jumbo-dissolve-tech-plus-140m-papernet-421812\\\/\",\"url\":\"https:\\\/\\\/rutana.lt\\\/produktas\\\/tualetinis-popierius-rulonais-mini-jumbo-dissolve-tech-plus-140m-papernet-421812\\\/\",\"name\":\"Tualetinis popierius rulonais Mini Jumbo \u201eDissolve Tech Plus\u201c 140m Papernet 421812 - Rutana - Ra\u0161tin\u0117s reikmenys\",\"isPartOf\":{\"@id\":\"https:\\\/\\\/rutana.lt\\\/#website\"},\"primaryImageOfPage\":{\"@id\":\"https:\\\/\\\/rutana.lt\\\/produktas\\\/tualetinis-popierius-rulonais-mini-jumbo-dissolve-tech-plus-140m-papernet-421812\\\/#primaryimage\"},\"image\":{\"@id\":\"https:\\\/\\\/rutana.lt\\\/produktas\\\/tualetinis-popierius-rulonais-mini-jumbo-dissolve-tech-plus-140m-papernet-421812\\\/#primaryimage\"},\"thumbnailUrl\":\"https:\\\/\\\/rutana.lt\\\/wp-content\\\/uploads\\\/2026\\\/03\\\/A081-559.jpg\",\"datePublished\":\"2026-03-01T15:06:21+00:00\",\"dateModified\":\"2026-03-01T15:13:48+00:00\",\"breadcrumb\":{\"@id\":\"https:\\\/\\\/rutana.lt\\\/produktas\\\/tualetinis-popierius-rulonais-mini-jumbo-dissolve-tech-plus-140m-papernet-421812\\\/#breadcrumb\"},\"inLanguage\":\"en-US\",\"potentialAction\":[{\"@type\":\"ReadAction\",\"target\":[\"https:\\\/\\\/rutana.lt\\\/produktas\\\/tualetinis-popierius-rulonais-mini-jumbo-dissolve-tech-plus-140m-papernet-421812\\\/\"]}]},{\"@type\":\"ImageObject\",\"inLanguage\":\"en-US\",\"@id\":\"https:\\\/\\\/rutana.lt\\\/produktas\\\/tualetinis-popierius-rulonais-mini-jumbo-dissolve-tech-plus-140m-papernet-421812\\\/#primaryimage\",\"url\":\"https:\\\/\\\/rutana.lt\\\/wp-content\\\/uploads\\\/2026\\\/03\\\/A081-559.jpg\",\"contentUrl\":\"https:\\\/\\\/rutana.lt\\\/wp-content\\\/uploads\\\/2026\\\/03\\\/A081-559.jpg\",\"width\":1200,\"height\":1200},{\"@type\":\"BreadcrumbList\",\"@id\":\"https:\\\/\\\/rutana.lt\\\/produktas\\\/tualetinis-popierius-rulonais-mini-jumbo-dissolve-tech-plus-140m-papernet-421812\\\/#breadcrumb\",\"itemListElement\":[{\"@type\":\"ListItem\",\"position\":1,\"name\":\"Home\",\"item\":\"https:\\\/\\\/rutana.lt\\\/\"},{\"@type\":\"ListItem\",\"position\":2,\"name\":\"Parduotuv\u0117\",\"item\":\"https:\\\/\\\/rutana.lt\\\/parduotuve\\\/\"},{\"@type\":\"ListItem\",\"position\":3,\"name\":\"Tualetinis popierius rulonais Mini Jumbo \u201eDissolve Tech Plus\u201c 140m Papernet 421812\"}]},{\"@type\":\"WebSite\",\"@id\":\"https:\\\/\\\/rutana.lt\\\/#website\",\"url\":\"https:\\\/\\\/rutana.lt\\\/\",\"name\":\"Rutana - Ra\u0161tin\u0117s reikmenys\",\"description\":\"Prekiaujame pasaulin\u0117je rinkoje pripa\u017eintomis, kokybi\u0161komis biuro prek\u0117mis toki\u0173  gamintoj\u0173 kaip: Schneider, Esselte, Novus, 3M, Faber-Castell, Citizen, Milan, Leitz, Colop, Zebra, Staedtler, Durable, Tork, Parker, Waterman ir kt.\",\"publisher\":{\"@id\":\"https:\\\/\\\/rutana.lt\\\/#organization\"},\"potentialAction\":[{\"@type\":\"SearchAction\",\"target\":{\"@type\":\"EntryPoint\",\"urlTemplate\":\"https:\\\/\\\/rutana.lt\\\/?s={search_term_string}\"},\"query-input\":{\"@type\":\"PropertyValueSpecification\",\"valueRequired\":true,\"valueName\":\"search_term_string\"}}],\"inLanguage\":\"en-US\"},{\"@type\":\"Organization\",\"@id\":\"https:\\\/\\\/rutana.lt\\\/#organization\",\"name\":\"Rutana - Ra\u0161tin\u0117s reikmenys\",\"url\":\"https:\\\/\\\/rutana.lt\\\/\",\"logo\":{\"@type\":\"ImageObject\",\"inLanguage\":\"en-US\",\"@id\":\"https:\\\/\\\/rutana.lt\\\/#\\\/schema\\\/logo\\\/image\\\/\",\"url\":\"https:\\\/\\\/rutana.lt\\\/wp-content\\\/uploads\\\/2025\\\/10\\\/Asset-32.png\",\"contentUrl\":\"https:\\\/\\\/rutana.lt\\\/wp-content\\\/uploads\\\/2025\\\/10\\\/Asset-32.png\",\"width\":433,\"height\":119,\"caption\":\"Rutana - Ra\u0161tin\u0117s reikmenys\"},\"image\":{\"@id\":\"https:\\\/\\\/rutana.lt\\\/#\\\/schema\\\/logo\\\/image\\\/\"},\"sameAs\":[\"https:\\\/\\\/www.facebook.com\\\/RutanaKanceliarinesPrekes\\\/\"]}]}<\/script>\n<!-- \/ Yoast SEO plugin. -->","yoast_head_json":{"title":"Tualetinis popierius rulonais Mini Jumbo \u201eDissolve Tech Plus\u201c 140m Papernet 421812 - Rutana - Ra\u0161tin\u0117s reikmenys","robots":{"index":"index","follow":"follow","max-snippet":"max-snippet:-1","max-image-preview":"max-image-preview:large","max-video-preview":"max-video-preview:-1"},"canonical":"https:\/\/rutana.lt\/en\/product\/tualetinis-popierius-rulonais-mini-jumbo-dissolve-tech-plus-140m-papernet-421812\/","og_locale":"en_US","og_type":"article","og_title":"Tualetinis popierius rulonais Mini Jumbo \u201eDissolve Tech Plus\u201c 140m Papernet 421812 - Rutana - Ra\u0161tin\u0117s reikmenys","og_description":"\u201eDissolve Tech Plus\u201c tualetinis popierius, mink\u0161tas ir tvirtas kaip \u012fprastas tualetinis popierius, padeda i\u0161vengti kalki\u0173 nuos\u0117d\u0173, suma\u017eindamas vandens pH ir re\u010diau apdorojant j\u012f kitais cheminiais produktais.","og_url":"https:\/\/rutana.lt\/en\/product\/tualetinis-popierius-rulonais-mini-jumbo-dissolve-tech-plus-140m-papernet-421812\/","og_site_name":"Rutana - Ra\u0161tin\u0117s reikmenys","article_publisher":"https:\/\/www.facebook.com\/RutanaKanceliarinesPrekes\/","article_modified_time":"2026-03-01T15:13:48+00:00","og_image":[{"width":1200,"height":1200,"url":"https:\/\/rutana.lt\/wp-content\/uploads\/2026\/03\/A081-559.jpg","type":"image\/jpeg"}],"twitter_card":"summary_large_image","twitter_misc":{"Est. reading time":"1 minute"},"schema":{"@context":"https:\/\/schema.org","@graph":[{"@type":"WebPage","@id":"https:\/\/rutana.lt\/produktas\/tualetinis-popierius-rulonais-mini-jumbo-dissolve-tech-plus-140m-papernet-421812\/","url":"https:\/\/rutana.lt\/produktas\/tualetinis-popierius-rulonais-mini-jumbo-dissolve-tech-plus-140m-papernet-421812\/","name":"Tualetinis popierius rulonais Mini Jumbo \u201eDissolve Tech Plus\u201c 140m Papernet 421812 - Rutana - Ra\u0161tin\u0117s reikmenys","isPartOf":{"@id":"https:\/\/rutana.lt\/#website"},"primaryImageOfPage":{"@id":"https:\/\/rutana.lt\/produktas\/tualetinis-popierius-rulonais-mini-jumbo-dissolve-tech-plus-140m-papernet-421812\/#primaryimage"},"image":{"@id":"https:\/\/rutana.lt\/produktas\/tualetinis-popierius-rulonais-mini-jumbo-dissolve-tech-plus-140m-papernet-421812\/#primaryimage"},"thumbnailUrl":"https:\/\/rutana.lt\/wp-content\/uploads\/2026\/03\/A081-559.jpg","datePublished":"2026-03-01T15:06:21+00:00","dateModified":"2026-03-01T15:13:48+00:00","breadcrumb":{"@id":"https:\/\/rutana.lt\/produktas\/tualetinis-popierius-rulonais-mini-jumbo-dissolve-tech-plus-140m-papernet-421812\/#breadcrumb"},"inLanguage":"en-US","potentialAction":[{"@type":"ReadAction","target":["https:\/\/rutana.lt\/produktas\/tualetinis-popierius-rulonais-mini-jumbo-dissolve-tech-plus-140m-papernet-421812\/"]}]},{"@type":"ImageObject","inLanguage":"en-US","@id":"https:\/\/rutana.lt\/produktas\/tualetinis-popierius-rulonais-mini-jumbo-dissolve-tech-plus-140m-papernet-421812\/#primaryimage","url":"https:\/\/rutana.lt\/wp-content\/uploads\/2026\/03\/A081-559.jpg","contentUrl":"https:\/\/rutana.lt\/wp-content\/uploads\/2026\/03\/A081-559.jpg","width":1200,"height":1200},{"@type":"BreadcrumbList","@id":"https:\/\/rutana.lt\/produktas\/tualetinis-popierius-rulonais-mini-jumbo-dissolve-tech-plus-140m-papernet-421812\/#breadcrumb","itemListElement":[{"@type":"ListItem","position":1,"name":"Home","item":"https:\/\/rutana.lt\/"},{"@type":"ListItem","position":2,"name":"Parduotuv\u0117","item":"https:\/\/rutana.lt\/parduotuve\/"},{"@type":"ListItem","position":3,"name":"Tualetinis popierius rulonais Mini Jumbo \u201eDissolve Tech Plus\u201c 140m Papernet 421812"}]},{"@type":"WebSite","@id":"https:\/\/rutana.lt\/#website","url":"https:\/\/rutana.lt\/","name":"Rutana - Ra\u0161tin\u0117s reikmenys","description":"Prekiaujame pasaulin\u0117je rinkoje pripa\u017eintomis, kokybi\u0161komis biuro prek\u0117mis toki\u0173  gamintoj\u0173 kaip: Schneider, Esselte, Novus, 3M, Faber-Castell, Citizen, Milan, Leitz, Colop, Zebra, Staedtler, Durable, Tork, Parker, Waterman ir kt.","publisher":{"@id":"https:\/\/rutana.lt\/#organization"},"potentialAction":[{"@type":"SearchAction","target":{"@type":"EntryPoint","urlTemplate":"https:\/\/rutana.lt\/?s={search_term_string}"},"query-input":{"@type":"PropertyValueSpecification","valueRequired":true,"valueName":"search_term_string"}}],"inLanguage":"en-US"},{"@type":"Organization","@id":"https:\/\/rutana.lt\/#organization","name":"Rutana - Ra\u0161tin\u0117s reikmenys","url":"https:\/\/rutana.lt\/","logo":{"@type":"ImageObject","inLanguage":"en-US","@id":"https:\/\/rutana.lt\/#\/schema\/logo\/image\/","url":"https:\/\/rutana.lt\/wp-content\/uploads\/2025\/10\/Asset-32.png","contentUrl":"https:\/\/rutana.lt\/wp-content\/uploads\/2025\/10\/Asset-32.png","width":433,"height":119,"caption":"Rutana - Ra\u0161tin\u0117s reikmenys"},"image":{"@id":"https:\/\/rutana.lt\/#\/schema\/logo\/image\/"},"sameAs":["https:\/\/www.facebook.com\/RutanaKanceliarinesPrekes\/"]}]}},"_links":{"self":[{"href":"https:\/\/rutana.lt\/en\/wp-json\/wp\/v2\/product\/35280","targetHints":{"allow":["GET"]}}],"collection":[{"href":"https:\/\/rutana.lt\/en\/wp-json\/wp\/v2\/product"}],"about":[{"href":"https:\/\/rutana.lt\/en\/wp-json\/wp\/v2\/types\/product"}],"replies":[{"embeddable":true,"href":"https:\/\/rutana.lt\/en\/wp-json\/wp\/v2\/comments?post=35280"}],"version-history":[{"count":2,"href":"https:\/\/rutana.lt\/en\/wp-json\/wp\/v2\/product\/35280\/revisions"}],"predecessor-version":[{"id":35283,"href":"https:\/\/rutana.lt\/en\/wp-json\/wp\/v2\/product\/35280\/revisions\/35283"}],"wp:featuredmedia":[{"embeddable":true,"href":"https:\/\/rutana.lt\/en\/wp-json\/wp\/v2\/media\/35281"}],"wp:attachment":[{"href":"https:\/\/rutana.lt\/en\/wp-json\/wp\/v2\/media?parent=35280"}],"wp:term":[{"taxonomy":"product_brand","embeddable":true,"href":"https:\/\/rutana.lt\/en\/wp-json\/wp\/v2\/product_brand?post=35280"},{"taxonomy":"product_cat","embeddable":true,"href":"https:\/\/rutana.lt\/en\/wp-json\/wp\/v2\/product_cat?post=35280"},{"taxonomy":"product_tag","embeddable":true,"href":"https:\/\/rutana.lt\/en\/wp-json\/wp\/v2\/product_tag?post=35280"}],"curies":[{"name":"wp","href":"https:\/\/api.w.org\/{rel}","templated":true}]}}