{"id":35243,"date":"2026-02-22T17:41:24","date_gmt":"2026-02-22T15:41:24","guid":{"rendered":"https:\/\/rutana.lt\/?post_type=product&#038;p=35243"},"modified":"2026-02-22T17:53:55","modified_gmt":"2026-02-22T15:53:55","slug":"flomasteriai-50-spalvu-plastikineje-dezuteje-milan-0615350","status":"publish","type":"product","link":"https:\/\/rutana.lt\/en\/product\/flomasteriai-50-spalvu-plastikineje-dezuteje-milan-0615350\/","title":{"rendered":"Flomasteriai 50 spalv\u0173 plastikin\u0117je d\u0117\u017eut\u0117je Milan 0615350"},"content":{"rendered":"<p>Flomasteriai su 5 mm skersmens k\u016bginiu galiuku. Galima naudoti nuo 0.75 mm iki 3 mm storio pot\u0117piams kurti. Antgalis atsparus sm\u016bgiams ir spaudimui. Vandens pagrindo da\u017eai, kurie sukuria ry\u0161kias, lengvai tepamas spalvas, kurias galima mai\u0161yti tarpusavyje. Geriausia naudoti tokio tipo antgal\u012f pavir\u0161iams u\u017epildyti spalvomis. Juos lengva i\u0161skalbti i\u0161 daugumos audini\u0173 ( pamirkykite gamin\u012f \u0161altame vandenyje valand\u0105, o tada skalbkite skalbimo ma\u0161inoje \u0161altu re\u017eimu ). Su perforuotu apsauginiu dangteliu. Parduodami kietame d\u0117kle su vaiki\u0161ku dizainu.<\/p>\n<p>Spalv\u0173 kiekis: 50<\/p>\n<p>Galvut\u0117s storis: 5 mm<\/p>\n<p>Br\u0117\u017eio storis: 0.75 &#8211; 3 mm<\/p>\n<p>Kilm\u0117s \u0161alis: Ispanija<\/p>\n<p>&nbsp;<\/p>","protected":false},"excerpt":{"rendered":"<p>Flomasteriai su 5 mm skersmens k\u016bginiu galiuku.<\/p>","protected":false},"featured_media":35248,"comment_status":"open","ping_status":"closed","template":"","meta":{"_season_start":"","_season_end":"","_season_days":"","_season_months":"","_season_auto_visibility":"1"},"product_brand":[200],"product_cat":[1515],"product_tag":[],"class_list":{"0":"post-35243","1":"product","2":"type-product","3":"status-publish","4":"has-post-thumbnail","6":"product_brand-milan","7":"product_cat-flomasteriai-mokyklines-prekes","9":"first","10":"instock","11":"taxable","12":"shipping-taxable","13":"purchasable","14":"product-type-simple"},"yoast_head":"<!-- This site is optimized with the Yoast SEO plugin v27.4 - https:\/\/yoast.com\/product\/yoast-seo-wordpress\/ -->\n<title>Flomasteriai 50 spalv\u0173 plastikin\u0117je d\u0117\u017eut\u0117je Milan 0615350 - Rutana - Ra\u0161tin\u0117s reikmenys<\/title>\n<meta name=\"robots\" content=\"index, follow, max-snippet:-1, max-image-preview:large, max-video-preview:-1\" \/>\n<link rel=\"canonical\" href=\"https:\/\/rutana.lt\/en\/product\/flomasteriai-50-spalvu-plastikineje-dezuteje-milan-0615350\/\" \/>\n<meta property=\"og:locale\" content=\"en_US\" \/>\n<meta property=\"og:type\" content=\"article\" \/>\n<meta property=\"og:title\" content=\"Flomasteriai 50 spalv\u0173 plastikin\u0117je d\u0117\u017eut\u0117je Milan 0615350 - Rutana - Ra\u0161tin\u0117s reikmenys\" \/>\n<meta property=\"og:description\" content=\"Flomasteriai su 5 mm skersmens k\u016bginiu galiuku.\" \/>\n<meta property=\"og:url\" content=\"https:\/\/rutana.lt\/en\/product\/flomasteriai-50-spalvu-plastikineje-dezuteje-milan-0615350\/\" \/>\n<meta property=\"og:site_name\" content=\"Rutana - Ra\u0161tin\u0117s reikmenys\" \/>\n<meta property=\"article:publisher\" content=\"https:\/\/www.facebook.com\/RutanaKanceliarinesPrekes\/\" \/>\n<meta property=\"article:modified_time\" content=\"2026-02-22T15:53:55+00:00\" \/>\n<meta property=\"og:image\" content=\"https:\/\/rutana.lt\/wp-content\/uploads\/2026\/02\/C097-202.jpg\" \/>\n\t<meta property=\"og:image:width\" content=\"1200\" \/>\n\t<meta property=\"og:image:height\" content=\"1200\" \/>\n\t<meta property=\"og:image:type\" content=\"image\/jpeg\" \/>\n<meta name=\"twitter:card\" content=\"summary_large_image\" \/>\n<meta name=\"twitter:label1\" content=\"Est. reading time\" \/>\n\t<meta name=\"twitter:data1\" content=\"1 minute\" \/>\n<script type=\"application\/ld+json\" class=\"yoast-schema-graph\">{\"@context\":\"https:\\\/\\\/schema.org\",\"@graph\":[{\"@type\":\"WebPage\",\"@id\":\"https:\\\/\\\/rutana.lt\\\/produktas\\\/flomasteriai-50-spalvu-plastikineje-dezuteje-milan-0615350\\\/\",\"url\":\"https:\\\/\\\/rutana.lt\\\/produktas\\\/flomasteriai-50-spalvu-plastikineje-dezuteje-milan-0615350\\\/\",\"name\":\"Flomasteriai 50 spalv\u0173 plastikin\u0117je d\u0117\u017eut\u0117je Milan 0615350 - Rutana - Ra\u0161tin\u0117s reikmenys\",\"isPartOf\":{\"@id\":\"https:\\\/\\\/rutana.lt\\\/#website\"},\"primaryImageOfPage\":{\"@id\":\"https:\\\/\\\/rutana.lt\\\/produktas\\\/flomasteriai-50-spalvu-plastikineje-dezuteje-milan-0615350\\\/#primaryimage\"},\"image\":{\"@id\":\"https:\\\/\\\/rutana.lt\\\/produktas\\\/flomasteriai-50-spalvu-plastikineje-dezuteje-milan-0615350\\\/#primaryimage\"},\"thumbnailUrl\":\"https:\\\/\\\/rutana.lt\\\/wp-content\\\/uploads\\\/2026\\\/02\\\/C097-202.jpg\",\"datePublished\":\"2026-02-22T15:41:24+00:00\",\"dateModified\":\"2026-02-22T15:53:55+00:00\",\"breadcrumb\":{\"@id\":\"https:\\\/\\\/rutana.lt\\\/produktas\\\/flomasteriai-50-spalvu-plastikineje-dezuteje-milan-0615350\\\/#breadcrumb\"},\"inLanguage\":\"en-US\",\"potentialAction\":[{\"@type\":\"ReadAction\",\"target\":[\"https:\\\/\\\/rutana.lt\\\/produktas\\\/flomasteriai-50-spalvu-plastikineje-dezuteje-milan-0615350\\\/\"]}]},{\"@type\":\"ImageObject\",\"inLanguage\":\"en-US\",\"@id\":\"https:\\\/\\\/rutana.lt\\\/produktas\\\/flomasteriai-50-spalvu-plastikineje-dezuteje-milan-0615350\\\/#primaryimage\",\"url\":\"https:\\\/\\\/rutana.lt\\\/wp-content\\\/uploads\\\/2026\\\/02\\\/C097-202.jpg\",\"contentUrl\":\"https:\\\/\\\/rutana.lt\\\/wp-content\\\/uploads\\\/2026\\\/02\\\/C097-202.jpg\",\"width\":1200,\"height\":1200},{\"@type\":\"BreadcrumbList\",\"@id\":\"https:\\\/\\\/rutana.lt\\\/produktas\\\/flomasteriai-50-spalvu-plastikineje-dezuteje-milan-0615350\\\/#breadcrumb\",\"itemListElement\":[{\"@type\":\"ListItem\",\"position\":1,\"name\":\"Home\",\"item\":\"https:\\\/\\\/rutana.lt\\\/\"},{\"@type\":\"ListItem\",\"position\":2,\"name\":\"Parduotuv\u0117\",\"item\":\"https:\\\/\\\/rutana.lt\\\/parduotuve\\\/\"},{\"@type\":\"ListItem\",\"position\":3,\"name\":\"Flomasteriai 50 spalv\u0173 plastikin\u0117je d\u0117\u017eut\u0117je Milan 0615350\"}]},{\"@type\":\"WebSite\",\"@id\":\"https:\\\/\\\/rutana.lt\\\/#website\",\"url\":\"https:\\\/\\\/rutana.lt\\\/\",\"name\":\"Rutana - Ra\u0161tin\u0117s reikmenys\",\"description\":\"Prekiaujame pasaulin\u0117je rinkoje pripa\u017eintomis, kokybi\u0161komis biuro prek\u0117mis toki\u0173  gamintoj\u0173 kaip: Schneider, Esselte, Novus, 3M, Faber-Castell, Citizen, Milan, Leitz, Colop, Zebra, Staedtler, Durable, Tork, Parker, Waterman ir kt.\",\"publisher\":{\"@id\":\"https:\\\/\\\/rutana.lt\\\/#organization\"},\"potentialAction\":[{\"@type\":\"SearchAction\",\"target\":{\"@type\":\"EntryPoint\",\"urlTemplate\":\"https:\\\/\\\/rutana.lt\\\/?s={search_term_string}\"},\"query-input\":{\"@type\":\"PropertyValueSpecification\",\"valueRequired\":true,\"valueName\":\"search_term_string\"}}],\"inLanguage\":\"en-US\"},{\"@type\":\"Organization\",\"@id\":\"https:\\\/\\\/rutana.lt\\\/#organization\",\"name\":\"Rutana - Ra\u0161tin\u0117s reikmenys\",\"url\":\"https:\\\/\\\/rutana.lt\\\/\",\"logo\":{\"@type\":\"ImageObject\",\"inLanguage\":\"en-US\",\"@id\":\"https:\\\/\\\/rutana.lt\\\/#\\\/schema\\\/logo\\\/image\\\/\",\"url\":\"https:\\\/\\\/rutana.lt\\\/wp-content\\\/uploads\\\/2025\\\/10\\\/Asset-32.png\",\"contentUrl\":\"https:\\\/\\\/rutana.lt\\\/wp-content\\\/uploads\\\/2025\\\/10\\\/Asset-32.png\",\"width\":433,\"height\":119,\"caption\":\"Rutana - Ra\u0161tin\u0117s reikmenys\"},\"image\":{\"@id\":\"https:\\\/\\\/rutana.lt\\\/#\\\/schema\\\/logo\\\/image\\\/\"},\"sameAs\":[\"https:\\\/\\\/www.facebook.com\\\/RutanaKanceliarinesPrekes\\\/\"]}]}<\/script>\n<!-- \/ Yoast SEO plugin. -->","yoast_head_json":{"title":"Flomasteriai 50 spalv\u0173 plastikin\u0117je d\u0117\u017eut\u0117je Milan 0615350 - Rutana - Ra\u0161tin\u0117s reikmenys","robots":{"index":"index","follow":"follow","max-snippet":"max-snippet:-1","max-image-preview":"max-image-preview:large","max-video-preview":"max-video-preview:-1"},"canonical":"https:\/\/rutana.lt\/en\/product\/flomasteriai-50-spalvu-plastikineje-dezuteje-milan-0615350\/","og_locale":"en_US","og_type":"article","og_title":"Flomasteriai 50 spalv\u0173 plastikin\u0117je d\u0117\u017eut\u0117je Milan 0615350 - Rutana - Ra\u0161tin\u0117s reikmenys","og_description":"Flomasteriai su 5 mm skersmens k\u016bginiu galiuku.","og_url":"https:\/\/rutana.lt\/en\/product\/flomasteriai-50-spalvu-plastikineje-dezuteje-milan-0615350\/","og_site_name":"Rutana - Ra\u0161tin\u0117s reikmenys","article_publisher":"https:\/\/www.facebook.com\/RutanaKanceliarinesPrekes\/","article_modified_time":"2026-02-22T15:53:55+00:00","og_image":[{"width":1200,"height":1200,"url":"https:\/\/rutana.lt\/wp-content\/uploads\/2026\/02\/C097-202.jpg","type":"image\/jpeg"}],"twitter_card":"summary_large_image","twitter_misc":{"Est. reading time":"1 minute"},"schema":{"@context":"https:\/\/schema.org","@graph":[{"@type":"WebPage","@id":"https:\/\/rutana.lt\/produktas\/flomasteriai-50-spalvu-plastikineje-dezuteje-milan-0615350\/","url":"https:\/\/rutana.lt\/produktas\/flomasteriai-50-spalvu-plastikineje-dezuteje-milan-0615350\/","name":"Flomasteriai 50 spalv\u0173 plastikin\u0117je d\u0117\u017eut\u0117je Milan 0615350 - Rutana - Ra\u0161tin\u0117s reikmenys","isPartOf":{"@id":"https:\/\/rutana.lt\/#website"},"primaryImageOfPage":{"@id":"https:\/\/rutana.lt\/produktas\/flomasteriai-50-spalvu-plastikineje-dezuteje-milan-0615350\/#primaryimage"},"image":{"@id":"https:\/\/rutana.lt\/produktas\/flomasteriai-50-spalvu-plastikineje-dezuteje-milan-0615350\/#primaryimage"},"thumbnailUrl":"https:\/\/rutana.lt\/wp-content\/uploads\/2026\/02\/C097-202.jpg","datePublished":"2026-02-22T15:41:24+00:00","dateModified":"2026-02-22T15:53:55+00:00","breadcrumb":{"@id":"https:\/\/rutana.lt\/produktas\/flomasteriai-50-spalvu-plastikineje-dezuteje-milan-0615350\/#breadcrumb"},"inLanguage":"en-US","potentialAction":[{"@type":"ReadAction","target":["https:\/\/rutana.lt\/produktas\/flomasteriai-50-spalvu-plastikineje-dezuteje-milan-0615350\/"]}]},{"@type":"ImageObject","inLanguage":"en-US","@id":"https:\/\/rutana.lt\/produktas\/flomasteriai-50-spalvu-plastikineje-dezuteje-milan-0615350\/#primaryimage","url":"https:\/\/rutana.lt\/wp-content\/uploads\/2026\/02\/C097-202.jpg","contentUrl":"https:\/\/rutana.lt\/wp-content\/uploads\/2026\/02\/C097-202.jpg","width":1200,"height":1200},{"@type":"BreadcrumbList","@id":"https:\/\/rutana.lt\/produktas\/flomasteriai-50-spalvu-plastikineje-dezuteje-milan-0615350\/#breadcrumb","itemListElement":[{"@type":"ListItem","position":1,"name":"Home","item":"https:\/\/rutana.lt\/"},{"@type":"ListItem","position":2,"name":"Parduotuv\u0117","item":"https:\/\/rutana.lt\/parduotuve\/"},{"@type":"ListItem","position":3,"name":"Flomasteriai 50 spalv\u0173 plastikin\u0117je d\u0117\u017eut\u0117je Milan 0615350"}]},{"@type":"WebSite","@id":"https:\/\/rutana.lt\/#website","url":"https:\/\/rutana.lt\/","name":"Rutana - Ra\u0161tin\u0117s reikmenys","description":"Prekiaujame pasaulin\u0117je rinkoje pripa\u017eintomis, kokybi\u0161komis biuro prek\u0117mis toki\u0173  gamintoj\u0173 kaip: Schneider, Esselte, Novus, 3M, Faber-Castell, Citizen, Milan, Leitz, Colop, Zebra, Staedtler, Durable, Tork, Parker, Waterman ir kt.","publisher":{"@id":"https:\/\/rutana.lt\/#organization"},"potentialAction":[{"@type":"SearchAction","target":{"@type":"EntryPoint","urlTemplate":"https:\/\/rutana.lt\/?s={search_term_string}"},"query-input":{"@type":"PropertyValueSpecification","valueRequired":true,"valueName":"search_term_string"}}],"inLanguage":"en-US"},{"@type":"Organization","@id":"https:\/\/rutana.lt\/#organization","name":"Rutana - Ra\u0161tin\u0117s reikmenys","url":"https:\/\/rutana.lt\/","logo":{"@type":"ImageObject","inLanguage":"en-US","@id":"https:\/\/rutana.lt\/#\/schema\/logo\/image\/","url":"https:\/\/rutana.lt\/wp-content\/uploads\/2025\/10\/Asset-32.png","contentUrl":"https:\/\/rutana.lt\/wp-content\/uploads\/2025\/10\/Asset-32.png","width":433,"height":119,"caption":"Rutana - Ra\u0161tin\u0117s reikmenys"},"image":{"@id":"https:\/\/rutana.lt\/#\/schema\/logo\/image\/"},"sameAs":["https:\/\/www.facebook.com\/RutanaKanceliarinesPrekes\/"]}]}},"_links":{"self":[{"href":"https:\/\/rutana.lt\/en\/wp-json\/wp\/v2\/product\/35243","targetHints":{"allow":["GET"]}}],"collection":[{"href":"https:\/\/rutana.lt\/en\/wp-json\/wp\/v2\/product"}],"about":[{"href":"https:\/\/rutana.lt\/en\/wp-json\/wp\/v2\/types\/product"}],"replies":[{"embeddable":true,"href":"https:\/\/rutana.lt\/en\/wp-json\/wp\/v2\/comments?post=35243"}],"version-history":[{"count":2,"href":"https:\/\/rutana.lt\/en\/wp-json\/wp\/v2\/product\/35243\/revisions"}],"predecessor-version":[{"id":35250,"href":"https:\/\/rutana.lt\/en\/wp-json\/wp\/v2\/product\/35243\/revisions\/35250"}],"wp:featuredmedia":[{"embeddable":true,"href":"https:\/\/rutana.lt\/en\/wp-json\/wp\/v2\/media\/35248"}],"wp:attachment":[{"href":"https:\/\/rutana.lt\/en\/wp-json\/wp\/v2\/media?parent=35243"}],"wp:term":[{"taxonomy":"product_brand","embeddable":true,"href":"https:\/\/rutana.lt\/en\/wp-json\/wp\/v2\/product_brand?post=35243"},{"taxonomy":"product_cat","embeddable":true,"href":"https:\/\/rutana.lt\/en\/wp-json\/wp\/v2\/product_cat?post=35243"},{"taxonomy":"product_tag","embeddable":true,"href":"https:\/\/rutana.lt\/en\/wp-json\/wp\/v2\/product_tag?post=35243"}],"curies":[{"name":"wp","href":"https:\/\/api.w.org\/{rel}","templated":true}]}}