{"id":3516,"date":"2025-09-03T08:36:25","date_gmt":"2025-09-03T06:36:25","guid":{"rendered":"https:\/\/rutana.webdemo.lt\/?post_type=product&#038;p=3516"},"modified":"2025-10-13T15:18:15","modified_gmt":"2025-10-13T13:18:15","slug":"kartoninis-segtuvelis-a4-su-puse-virselio-oranzinis-herlitz-10837359","status":"publish","type":"product","link":"https:\/\/rutana.lt\/en\/product\/kartoninis-segtuvelis-a4-su-puse-virselio-oranzinis-herlitz-10837359\/","title":{"rendered":"Kartoninis segtuv\u0117lis A4 su puse vir\u0161elio oran\u017einis Herlitz 10837359"},"content":{"rendered":"<p>Segtuv\u0117lis pagamintas i\u0161 tvirto 250 g kartono. Su metaline \u012fseg\u0117le. Yra perforuotos 4 skylut\u0117s, \u012fsegimui \u012f segtuv\u0105, atstumas tarp j\u0173 6 ir 8 cm. Vir\u0161utin\u0117 segtuv\u0117lio dalis yra nupjauta per pus\u0119 vertikaliai. <\/p>\n<p>Segtuv\u0117lio formatas: A4<\/p>\n<p>Segtuv\u0117lio spalva: oran\u017ein\u0117<\/p>\n<p>Kilm\u0117s \u0161alis: Vokietija <\/p>\n<p><\/p>","protected":false},"excerpt":{"rendered":"<p>Segtuv\u0117lis pagamintas i\u0161 tvirto 250 g kartono. Su metaline \u012fseg\u0117le. Yra perforuotos 4 skylut\u0117s, \u012fsegimui \u012f segtuv\u0105, atstumas tarp j\u0173 6 ir 8 cm. Vir\u0161utin\u0117 segtuv\u0117lio dalis yra nupjauta per pus\u0119 vertikaliai. Segtuv\u0117lio formatas: A4 Segtuv\u0117lio spalva: oran\u017ein\u0117 Kilm\u0117s \u0161alis: Vokietija<\/p>","protected":false},"featured_media":24869,"comment_status":"open","ping_status":"closed","template":"","meta":{"_season_start":"","_season_end":"","_season_days":"","_season_months":"","_season_auto_visibility":""},"product_brand":[189],"product_cat":[1610],"product_tag":[],"class_list":{"0":"post-3516","1":"product","2":"type-product","3":"status-publish","4":"has-post-thumbnail","6":"product_brand-herlitz","7":"product_cat-kartoniniai-segtuvai-ir-aplankai","9":"first","10":"instock","11":"taxable","12":"shipping-taxable","13":"purchasable","14":"product-type-simple"},"yoast_head":"<!-- This site is optimized with the Yoast SEO plugin v26.1.1 - https:\/\/yoast.com\/wordpress\/plugins\/seo\/ -->\n<title>Kartoninis segtuv\u0117lis A4 su puse vir\u0161elio oran\u017einis Herlitz 10837359 - Rutana - Ra\u0161tin\u0117s reikmenys<\/title>\n<meta name=\"robots\" content=\"index, follow, max-snippet:-1, max-image-preview:large, max-video-preview:-1\" \/>\n<link rel=\"canonical\" href=\"https:\/\/rutana.lt\/en\/product\/kartoninis-segtuvelis-a4-su-puse-virselio-oranzinis-herlitz-10837359\/\" \/>\n<meta property=\"og:locale\" content=\"en_US\" \/>\n<meta property=\"og:type\" content=\"article\" \/>\n<meta property=\"og:title\" content=\"Kartoninis segtuv\u0117lis A4 su puse vir\u0161elio oran\u017einis Herlitz 10837359 - Rutana - Ra\u0161tin\u0117s reikmenys\" \/>\n<meta property=\"og:description\" content=\"Segtuv\u0117lis pagamintas i\u0161 tvirto 250 g kartono. Su metaline \u012fseg\u0117le. Yra perforuotos 4 skylut\u0117s, \u012fsegimui \u012f segtuv\u0105, atstumas tarp j\u0173 6 ir 8 cm. Vir\u0161utin\u0117 segtuv\u0117lio dalis yra nupjauta per pus\u0119 vertikaliai. Segtuv\u0117lio formatas: A4 Segtuv\u0117lio spalva: oran\u017ein\u0117 Kilm\u0117s \u0161alis: Vokietija\" \/>\n<meta property=\"og:url\" content=\"https:\/\/rutana.lt\/en\/product\/kartoninis-segtuvelis-a4-su-puse-virselio-oranzinis-herlitz-10837359\/\" \/>\n<meta property=\"og:site_name\" content=\"Rutana - Ra\u0161tin\u0117s reikmenys\" \/>\n<meta property=\"article:publisher\" content=\"https:\/\/www.facebook.com\/RutanaKanceliarinesPrekes\/\" \/>\n<meta property=\"article:modified_time\" content=\"2025-10-13T13:18:15+00:00\" \/>\n<meta property=\"og:image\" content=\"https:\/\/rutana.lt\/wp-content\/uploads\/2025\/09\/A142-503.jpg\" \/>\n\t<meta property=\"og:image:width\" content=\"467\" \/>\n\t<meta property=\"og:image:height\" content=\"464\" \/>\n\t<meta property=\"og:image:type\" content=\"image\/jpeg\" \/>\n<meta name=\"twitter:card\" content=\"summary_large_image\" \/>\n<script type=\"application\/ld+json\" class=\"yoast-schema-graph\">{\"@context\":\"https:\/\/schema.org\",\"@graph\":[{\"@type\":\"WebPage\",\"@id\":\"https:\/\/rutana.lt\/produktas\/kartoninis-segtuvelis-a4-su-puse-virselio-oranzinis-herlitz-10837359\/\",\"url\":\"https:\/\/rutana.lt\/produktas\/kartoninis-segtuvelis-a4-su-puse-virselio-oranzinis-herlitz-10837359\/\",\"name\":\"Kartoninis segtuv\u0117lis A4 su puse vir\u0161elio oran\u017einis Herlitz 10837359 - Rutana - Ra\u0161tin\u0117s reikmenys\",\"isPartOf\":{\"@id\":\"https:\/\/rutana.lt\/#website\"},\"primaryImageOfPage\":{\"@id\":\"https:\/\/rutana.lt\/produktas\/kartoninis-segtuvelis-a4-su-puse-virselio-oranzinis-herlitz-10837359\/#primaryimage\"},\"image\":{\"@id\":\"https:\/\/rutana.lt\/produktas\/kartoninis-segtuvelis-a4-su-puse-virselio-oranzinis-herlitz-10837359\/#primaryimage\"},\"thumbnailUrl\":\"https:\/\/rutana.lt\/wp-content\/uploads\/2025\/09\/A142-503-1.jpg?v=1763623305\",\"datePublished\":\"2025-09-03T06:36:25+00:00\",\"dateModified\":\"2025-10-13T13:18:15+00:00\",\"breadcrumb\":{\"@id\":\"https:\/\/rutana.lt\/produktas\/kartoninis-segtuvelis-a4-su-puse-virselio-oranzinis-herlitz-10837359\/#breadcrumb\"},\"inLanguage\":\"en-US\",\"potentialAction\":[{\"@type\":\"ReadAction\",\"target\":[\"https:\/\/rutana.lt\/produktas\/kartoninis-segtuvelis-a4-su-puse-virselio-oranzinis-herlitz-10837359\/\"]}]},{\"@type\":\"ImageObject\",\"inLanguage\":\"en-US\",\"@id\":\"https:\/\/rutana.lt\/produktas\/kartoninis-segtuvelis-a4-su-puse-virselio-oranzinis-herlitz-10837359\/#primaryimage\",\"url\":\"https:\/\/rutana.lt\/wp-content\/uploads\/2025\/09\/A142-503-1.jpg?v=1763623305\",\"contentUrl\":\"https:\/\/rutana.lt\/wp-content\/uploads\/2025\/09\/A142-503-1.jpg?v=1763623305\",\"width\":467,\"height\":464},{\"@type\":\"BreadcrumbList\",\"@id\":\"https:\/\/rutana.lt\/produktas\/kartoninis-segtuvelis-a4-su-puse-virselio-oranzinis-herlitz-10837359\/#breadcrumb\",\"itemListElement\":[{\"@type\":\"ListItem\",\"position\":1,\"name\":\"Home\",\"item\":\"https:\/\/rutana.lt\/\"},{\"@type\":\"ListItem\",\"position\":2,\"name\":\"Parduotuv\u0117\",\"item\":\"https:\/\/rutana.lt\/parduotuve\/\"},{\"@type\":\"ListItem\",\"position\":3,\"name\":\"Kartoninis segtuv\u0117lis A4 su puse vir\u0161elio oran\u017einis Herlitz 10837359\"}]},{\"@type\":\"WebSite\",\"@id\":\"https:\/\/rutana.lt\/#website\",\"url\":\"https:\/\/rutana.lt\/\",\"name\":\"Rutana - Ra\u0161tin\u0117s reikmenys\",\"description\":\"Prekiaujame pasaulin\u0117je rinkoje pripa\u017eintomis, kokybi\u0161komis biuro prek\u0117mis toki\u0173  gamintoj\u0173 kaip: Schneider, Esselte, Novus, 3M, Faber-Castell, Citizen, Milan, Leitz, Colop, Zebra, Staedtler, Durable, Tork, Parker, Waterman ir kt.\",\"publisher\":{\"@id\":\"https:\/\/rutana.lt\/#organization\"},\"potentialAction\":[{\"@type\":\"SearchAction\",\"target\":{\"@type\":\"EntryPoint\",\"urlTemplate\":\"https:\/\/rutana.lt\/?s={search_term_string}\"},\"query-input\":{\"@type\":\"PropertyValueSpecification\",\"valueRequired\":true,\"valueName\":\"search_term_string\"}}],\"inLanguage\":\"en-US\"},{\"@type\":\"Organization\",\"@id\":\"https:\/\/rutana.lt\/#organization\",\"name\":\"Rutana - Ra\u0161tin\u0117s reikmenys\",\"url\":\"https:\/\/rutana.lt\/\",\"logo\":{\"@type\":\"ImageObject\",\"inLanguage\":\"en-US\",\"@id\":\"https:\/\/rutana.lt\/#\/schema\/logo\/image\/\",\"url\":\"https:\/\/rutana.lt\/wp-content\/uploads\/2025\/10\/Asset-32.png\",\"contentUrl\":\"https:\/\/rutana.lt\/wp-content\/uploads\/2025\/10\/Asset-32.png\",\"width\":433,\"height\":119,\"caption\":\"Rutana - Ra\u0161tin\u0117s reikmenys\"},\"image\":{\"@id\":\"https:\/\/rutana.lt\/#\/schema\/logo\/image\/\"},\"sameAs\":[\"https:\/\/www.facebook.com\/RutanaKanceliarinesPrekes\/\"]}]}<\/script>\n<!-- \/ Yoast SEO plugin. -->","yoast_head_json":{"title":"Kartoninis segtuv\u0117lis A4 su puse vir\u0161elio oran\u017einis Herlitz 10837359 - Rutana - Ra\u0161tin\u0117s reikmenys","robots":{"index":"index","follow":"follow","max-snippet":"max-snippet:-1","max-image-preview":"max-image-preview:large","max-video-preview":"max-video-preview:-1"},"canonical":"https:\/\/rutana.lt\/en\/product\/kartoninis-segtuvelis-a4-su-puse-virselio-oranzinis-herlitz-10837359\/","og_locale":"en_US","og_type":"article","og_title":"Kartoninis segtuv\u0117lis A4 su puse vir\u0161elio oran\u017einis Herlitz 10837359 - Rutana - Ra\u0161tin\u0117s reikmenys","og_description":"Segtuv\u0117lis pagamintas i\u0161 tvirto 250 g kartono. Su metaline \u012fseg\u0117le. Yra perforuotos 4 skylut\u0117s, \u012fsegimui \u012f segtuv\u0105, atstumas tarp j\u0173 6 ir 8 cm. Vir\u0161utin\u0117 segtuv\u0117lio dalis yra nupjauta per pus\u0119 vertikaliai. Segtuv\u0117lio formatas: A4 Segtuv\u0117lio spalva: oran\u017ein\u0117 Kilm\u0117s \u0161alis: Vokietija","og_url":"https:\/\/rutana.lt\/en\/product\/kartoninis-segtuvelis-a4-su-puse-virselio-oranzinis-herlitz-10837359\/","og_site_name":"Rutana - Ra\u0161tin\u0117s reikmenys","article_publisher":"https:\/\/www.facebook.com\/RutanaKanceliarinesPrekes\/","article_modified_time":"2025-10-13T13:18:15+00:00","og_image":[{"width":467,"height":464,"url":"https:\/\/rutana.lt\/wp-content\/uploads\/2025\/09\/A142-503.jpg","type":"image\/jpeg"}],"twitter_card":"summary_large_image","schema":{"@context":"https:\/\/schema.org","@graph":[{"@type":"WebPage","@id":"https:\/\/rutana.lt\/produktas\/kartoninis-segtuvelis-a4-su-puse-virselio-oranzinis-herlitz-10837359\/","url":"https:\/\/rutana.lt\/produktas\/kartoninis-segtuvelis-a4-su-puse-virselio-oranzinis-herlitz-10837359\/","name":"Kartoninis segtuv\u0117lis A4 su puse vir\u0161elio oran\u017einis Herlitz 10837359 - Rutana - Ra\u0161tin\u0117s reikmenys","isPartOf":{"@id":"https:\/\/rutana.lt\/#website"},"primaryImageOfPage":{"@id":"https:\/\/rutana.lt\/produktas\/kartoninis-segtuvelis-a4-su-puse-virselio-oranzinis-herlitz-10837359\/#primaryimage"},"image":{"@id":"https:\/\/rutana.lt\/produktas\/kartoninis-segtuvelis-a4-su-puse-virselio-oranzinis-herlitz-10837359\/#primaryimage"},"thumbnailUrl":"https:\/\/rutana.lt\/wp-content\/uploads\/2025\/09\/A142-503-1.jpg?v=1763623305","datePublished":"2025-09-03T06:36:25+00:00","dateModified":"2025-10-13T13:18:15+00:00","breadcrumb":{"@id":"https:\/\/rutana.lt\/produktas\/kartoninis-segtuvelis-a4-su-puse-virselio-oranzinis-herlitz-10837359\/#breadcrumb"},"inLanguage":"en-US","potentialAction":[{"@type":"ReadAction","target":["https:\/\/rutana.lt\/produktas\/kartoninis-segtuvelis-a4-su-puse-virselio-oranzinis-herlitz-10837359\/"]}]},{"@type":"ImageObject","inLanguage":"en-US","@id":"https:\/\/rutana.lt\/produktas\/kartoninis-segtuvelis-a4-su-puse-virselio-oranzinis-herlitz-10837359\/#primaryimage","url":"https:\/\/rutana.lt\/wp-content\/uploads\/2025\/09\/A142-503-1.jpg?v=1763623305","contentUrl":"https:\/\/rutana.lt\/wp-content\/uploads\/2025\/09\/A142-503-1.jpg?v=1763623305","width":467,"height":464},{"@type":"BreadcrumbList","@id":"https:\/\/rutana.lt\/produktas\/kartoninis-segtuvelis-a4-su-puse-virselio-oranzinis-herlitz-10837359\/#breadcrumb","itemListElement":[{"@type":"ListItem","position":1,"name":"Home","item":"https:\/\/rutana.lt\/"},{"@type":"ListItem","position":2,"name":"Parduotuv\u0117","item":"https:\/\/rutana.lt\/parduotuve\/"},{"@type":"ListItem","position":3,"name":"Kartoninis segtuv\u0117lis A4 su puse vir\u0161elio oran\u017einis Herlitz 10837359"}]},{"@type":"WebSite","@id":"https:\/\/rutana.lt\/#website","url":"https:\/\/rutana.lt\/","name":"Rutana - Ra\u0161tin\u0117s reikmenys","description":"Prekiaujame pasaulin\u0117je rinkoje pripa\u017eintomis, kokybi\u0161komis biuro prek\u0117mis toki\u0173  gamintoj\u0173 kaip: Schneider, Esselte, Novus, 3M, Faber-Castell, Citizen, Milan, Leitz, Colop, Zebra, Staedtler, Durable, Tork, Parker, Waterman ir kt.","publisher":{"@id":"https:\/\/rutana.lt\/#organization"},"potentialAction":[{"@type":"SearchAction","target":{"@type":"EntryPoint","urlTemplate":"https:\/\/rutana.lt\/?s={search_term_string}"},"query-input":{"@type":"PropertyValueSpecification","valueRequired":true,"valueName":"search_term_string"}}],"inLanguage":"en-US"},{"@type":"Organization","@id":"https:\/\/rutana.lt\/#organization","name":"Rutana - Ra\u0161tin\u0117s reikmenys","url":"https:\/\/rutana.lt\/","logo":{"@type":"ImageObject","inLanguage":"en-US","@id":"https:\/\/rutana.lt\/#\/schema\/logo\/image\/","url":"https:\/\/rutana.lt\/wp-content\/uploads\/2025\/10\/Asset-32.png","contentUrl":"https:\/\/rutana.lt\/wp-content\/uploads\/2025\/10\/Asset-32.png","width":433,"height":119,"caption":"Rutana - Ra\u0161tin\u0117s reikmenys"},"image":{"@id":"https:\/\/rutana.lt\/#\/schema\/logo\/image\/"},"sameAs":["https:\/\/www.facebook.com\/RutanaKanceliarinesPrekes\/"]}]}},"_links":{"self":[{"href":"https:\/\/rutana.lt\/en\/wp-json\/wp\/v2\/product\/3516","targetHints":{"allow":["GET"]}}],"collection":[{"href":"https:\/\/rutana.lt\/en\/wp-json\/wp\/v2\/product"}],"about":[{"href":"https:\/\/rutana.lt\/en\/wp-json\/wp\/v2\/types\/product"}],"replies":[{"embeddable":true,"href":"https:\/\/rutana.lt\/en\/wp-json\/wp\/v2\/comments?post=3516"}],"version-history":[{"count":1,"href":"https:\/\/rutana.lt\/en\/wp-json\/wp\/v2\/product\/3516\/revisions"}],"predecessor-version":[{"id":3567,"href":"https:\/\/rutana.lt\/en\/wp-json\/wp\/v2\/product\/3516\/revisions\/3567"}],"wp:featuredmedia":[{"embeddable":true,"href":"https:\/\/rutana.lt\/en\/wp-json\/wp\/v2\/media\/24869"}],"wp:attachment":[{"href":"https:\/\/rutana.lt\/en\/wp-json\/wp\/v2\/media?parent=3516"}],"wp:term":[{"taxonomy":"product_brand","embeddable":true,"href":"https:\/\/rutana.lt\/en\/wp-json\/wp\/v2\/product_brand?post=3516"},{"taxonomy":"product_cat","embeddable":true,"href":"https:\/\/rutana.lt\/en\/wp-json\/wp\/v2\/product_cat?post=3516"},{"taxonomy":"product_tag","embeddable":true,"href":"https:\/\/rutana.lt\/en\/wp-json\/wp\/v2\/product_tag?post=3516"}],"curies":[{"name":"wp","href":"https:\/\/api.w.org\/{rel}","templated":true}]}}