{"id":35158,"date":"2026-02-16T16:14:44","date_gmt":"2026-02-16T14:14:44","guid":{"rendered":"https:\/\/rutana.lt\/?post_type=product&#038;p=35158"},"modified":"2026-02-16T16:24:20","modified_gmt":"2026-02-16T14:24:20","slug":"keramikinis-puodelis-constellation-370ml-kreminis-hd-94244-116","status":"publish","type":"product","link":"https:\/\/rutana.lt\/en\/product\/keramikinis-puodelis-constellation-370ml-kreminis-hd-94244-116\/","title":{"rendered":"Keramikinis puodelis &#8222;Constellation&#8221; 370ml kreminis HD 94244-116"},"content":{"rendered":"<p style=\"margin-bottom: 10px;\">Keraminis puodelis su matiniu pavir\u0161iumi ir ta\u0161kuotu i\u0161oriniu pavir\u0161iumi. Tiekiamas dovan\u0173 d\u0117\u017eut\u0117je i\u0161 kraftpopieriaus. Puodel\u012f galima plauti indaplov\u0117je ir jis atsparus ma\u017eiausiai 125 plovimo ciklams ( \u012fskaitant spausdinim\u0105 ) pagal EN12875-1 standart\u0105.<\/p>\n<p>Ant puodelio galima u\u017ed\u0117ti reklamin\u012f \u012fmon\u0117s logotip\u0105 ar kitok\u012f u\u017era\u0161\u0105 jums pageidaujamoje vietoje bei j\u016bs\u0173 pasirinkt\u0173 b\u016bdu. Kaina nurodyta tik prek\u0117s, be u\u017era\u0161o. U\u017era\u0161o kaina priklauso nuo u\u017esakomo kiekio ir u\u017ed\u0117jimo b\u016bdo.<\/p>\n<p>Puodelio spalva: kremin\u0117<\/p>\n<p>Puodelio talpa: 370 ml<\/p>\n<p>Puodelio matmenys: \u00f885 x 85 mm<\/p>\n<p>Puodelio svoris: 347 g<\/p>\n<p>U\u017era\u0161o u\u017ed\u0117jimo galimi b\u016bdai: \u0161ilkografija, deginimas, tamponin\u0117 spauda<\/p>\n<p>U\u017era\u0161o u\u017ed\u0117jimo galimos vietos: ant puodelio korpuso, dugnas, puodelio vidus<\/p>\n<p><iframe title=\"94244 - CONSTELLATION\" width=\"500\" height=\"281\" src=\"https:\/\/www.youtube.com\/embed\/1weJtESGHt8?feature=oembed&#038;enablejsapi=1&#038;origin=https:\/\/rutana.lt\" frameborder=\"0\" allow=\"accelerometer; autoplay; clipboard-write; encrypted-media; gyroscope; picture-in-picture; web-share\" referrerpolicy=\"strict-origin-when-cross-origin\" allowfullscreen><\/iframe><\/p>\n<p>&nbsp;<\/p>","protected":false},"excerpt":{"rendered":"<p>Keraminis puodelis su matiniu pavir\u0161iumi ir ta\u0161kuotu i\u0161oriniu pavir\u0161iumi. Tiekiamas dovan\u0173 d\u0117\u017eut\u0117je i\u0161 kraftpopieriaus.<\/p>","protected":false},"featured_media":35161,"comment_status":"open","ping_status":"closed","template":"","meta":{"_season_start":"","_season_end":"","_season_days":"","_season_months":"","_season_auto_visibility":"1"},"product_brand":[868],"product_cat":[1714,1712],"product_tag":[],"class_list":{"0":"post-35158","1":"product","2":"type-product","3":"status-publish","4":"has-post-thumbnail","6":"product_brand-hd","7":"product_cat-gertuves","8":"product_cat-puodukai","10":"first","11":"instock","12":"taxable","13":"shipping-taxable","14":"purchasable","15":"product-type-simple"},"yoast_head":"<!-- This site is optimized with the Yoast SEO plugin v26.1.1 - https:\/\/yoast.com\/wordpress\/plugins\/seo\/ -->\n<title>Keramikinis puodelis &quot;Constellation&quot; 370ml kreminis HD 94244-116 - Rutana - Ra\u0161tin\u0117s reikmenys<\/title>\n<meta name=\"robots\" content=\"index, follow, max-snippet:-1, max-image-preview:large, max-video-preview:-1\" \/>\n<link rel=\"canonical\" href=\"https:\/\/rutana.lt\/en\/product\/keramikinis-puodelis-constellation-370ml-kreminis-hd-94244-116\/\" \/>\n<meta property=\"og:locale\" content=\"en_US\" \/>\n<meta property=\"og:type\" content=\"article\" \/>\n<meta property=\"og:title\" content=\"Keramikinis puodelis &quot;Constellation&quot; 370ml kreminis HD 94244-116 - Rutana - Ra\u0161tin\u0117s reikmenys\" \/>\n<meta property=\"og:description\" content=\"Keraminis puodelis su matiniu pavir\u0161iumi ir ta\u0161kuotu i\u0161oriniu pavir\u0161iumi. Tiekiamas dovan\u0173 d\u0117\u017eut\u0117je i\u0161 kraftpopieriaus.\" \/>\n<meta property=\"og:url\" content=\"https:\/\/rutana.lt\/en\/product\/keramikinis-puodelis-constellation-370ml-kreminis-hd-94244-116\/\" \/>\n<meta property=\"og:site_name\" content=\"Rutana - Ra\u0161tin\u0117s reikmenys\" \/>\n<meta property=\"article:publisher\" content=\"https:\/\/www.facebook.com\/RutanaKanceliarinesPrekes\/\" \/>\n<meta property=\"article:modified_time\" content=\"2026-02-16T14:24:20+00:00\" \/>\n<meta property=\"og:image\" content=\"https:\/\/rutana.lt\/wp-content\/uploads\/2026\/02\/B094-363.jpg\" \/>\n\t<meta property=\"og:image:width\" content=\"1200\" \/>\n\t<meta property=\"og:image:height\" content=\"1200\" \/>\n\t<meta property=\"og:image:type\" content=\"image\/jpeg\" \/>\n<meta name=\"twitter:card\" content=\"summary_large_image\" \/>\n<meta name=\"twitter:label1\" content=\"Est. reading time\" \/>\n\t<meta name=\"twitter:data1\" content=\"1 minute\" \/>\n<script type=\"application\/ld+json\" class=\"yoast-schema-graph\">{\"@context\":\"https:\/\/schema.org\",\"@graph\":[{\"@type\":\"WebPage\",\"@id\":\"https:\/\/rutana.lt\/produktas\/keramikinis-puodelis-constellation-370ml-kreminis-hd-94244-116\/\",\"url\":\"https:\/\/rutana.lt\/produktas\/keramikinis-puodelis-constellation-370ml-kreminis-hd-94244-116\/\",\"name\":\"Keramikinis puodelis \\\"Constellation\\\" 370ml kreminis HD 94244-116 - Rutana - Ra\u0161tin\u0117s reikmenys\",\"isPartOf\":{\"@id\":\"https:\/\/rutana.lt\/#website\"},\"primaryImageOfPage\":{\"@id\":\"https:\/\/rutana.lt\/produktas\/keramikinis-puodelis-constellation-370ml-kreminis-hd-94244-116\/#primaryimage\"},\"image\":{\"@id\":\"https:\/\/rutana.lt\/produktas\/keramikinis-puodelis-constellation-370ml-kreminis-hd-94244-116\/#primaryimage\"},\"thumbnailUrl\":\"https:\/\/rutana.lt\/wp-content\/uploads\/2026\/02\/B094-363.jpg\",\"datePublished\":\"2026-02-16T14:14:44+00:00\",\"dateModified\":\"2026-02-16T14:24:20+00:00\",\"breadcrumb\":{\"@id\":\"https:\/\/rutana.lt\/produktas\/keramikinis-puodelis-constellation-370ml-kreminis-hd-94244-116\/#breadcrumb\"},\"inLanguage\":\"en-US\",\"potentialAction\":[{\"@type\":\"ReadAction\",\"target\":[\"https:\/\/rutana.lt\/produktas\/keramikinis-puodelis-constellation-370ml-kreminis-hd-94244-116\/\"]}]},{\"@type\":\"ImageObject\",\"inLanguage\":\"en-US\",\"@id\":\"https:\/\/rutana.lt\/produktas\/keramikinis-puodelis-constellation-370ml-kreminis-hd-94244-116\/#primaryimage\",\"url\":\"https:\/\/rutana.lt\/wp-content\/uploads\/2026\/02\/B094-363.jpg\",\"contentUrl\":\"https:\/\/rutana.lt\/wp-content\/uploads\/2026\/02\/B094-363.jpg\",\"width\":1200,\"height\":1200},{\"@type\":\"BreadcrumbList\",\"@id\":\"https:\/\/rutana.lt\/produktas\/keramikinis-puodelis-constellation-370ml-kreminis-hd-94244-116\/#breadcrumb\",\"itemListElement\":[{\"@type\":\"ListItem\",\"position\":1,\"name\":\"Home\",\"item\":\"https:\/\/rutana.lt\/\"},{\"@type\":\"ListItem\",\"position\":2,\"name\":\"Parduotuv\u0117\",\"item\":\"https:\/\/rutana.lt\/parduotuve\/\"},{\"@type\":\"ListItem\",\"position\":3,\"name\":\"Keramikinis puodelis &#8222;Constellation&#8221; 370ml kreminis HD 94244-116\"}]},{\"@type\":\"WebSite\",\"@id\":\"https:\/\/rutana.lt\/#website\",\"url\":\"https:\/\/rutana.lt\/\",\"name\":\"Rutana - Ra\u0161tin\u0117s reikmenys\",\"description\":\"Prekiaujame pasaulin\u0117je rinkoje pripa\u017eintomis, kokybi\u0161komis biuro prek\u0117mis toki\u0173  gamintoj\u0173 kaip: Schneider, Esselte, Novus, 3M, Faber-Castell, Citizen, Milan, Leitz, Colop, Zebra, Staedtler, Durable, Tork, Parker, Waterman ir kt.\",\"publisher\":{\"@id\":\"https:\/\/rutana.lt\/#organization\"},\"potentialAction\":[{\"@type\":\"SearchAction\",\"target\":{\"@type\":\"EntryPoint\",\"urlTemplate\":\"https:\/\/rutana.lt\/?s={search_term_string}\"},\"query-input\":{\"@type\":\"PropertyValueSpecification\",\"valueRequired\":true,\"valueName\":\"search_term_string\"}}],\"inLanguage\":\"en-US\"},{\"@type\":\"Organization\",\"@id\":\"https:\/\/rutana.lt\/#organization\",\"name\":\"Rutana - Ra\u0161tin\u0117s reikmenys\",\"url\":\"https:\/\/rutana.lt\/\",\"logo\":{\"@type\":\"ImageObject\",\"inLanguage\":\"en-US\",\"@id\":\"https:\/\/rutana.lt\/#\/schema\/logo\/image\/\",\"url\":\"https:\/\/rutana.lt\/wp-content\/uploads\/2025\/10\/Asset-32.png\",\"contentUrl\":\"https:\/\/rutana.lt\/wp-content\/uploads\/2025\/10\/Asset-32.png\",\"width\":433,\"height\":119,\"caption\":\"Rutana - Ra\u0161tin\u0117s reikmenys\"},\"image\":{\"@id\":\"https:\/\/rutana.lt\/#\/schema\/logo\/image\/\"},\"sameAs\":[\"https:\/\/www.facebook.com\/RutanaKanceliarinesPrekes\/\"]}]}<\/script>\n<!-- \/ Yoast SEO plugin. -->","yoast_head_json":{"title":"Keramikinis puodelis \"Constellation\" 370ml kreminis HD 94244-116 - Rutana - Ra\u0161tin\u0117s reikmenys","robots":{"index":"index","follow":"follow","max-snippet":"max-snippet:-1","max-image-preview":"max-image-preview:large","max-video-preview":"max-video-preview:-1"},"canonical":"https:\/\/rutana.lt\/en\/product\/keramikinis-puodelis-constellation-370ml-kreminis-hd-94244-116\/","og_locale":"en_US","og_type":"article","og_title":"Keramikinis puodelis \"Constellation\" 370ml kreminis HD 94244-116 - Rutana - Ra\u0161tin\u0117s reikmenys","og_description":"Keraminis puodelis su matiniu pavir\u0161iumi ir ta\u0161kuotu i\u0161oriniu pavir\u0161iumi. Tiekiamas dovan\u0173 d\u0117\u017eut\u0117je i\u0161 kraftpopieriaus.","og_url":"https:\/\/rutana.lt\/en\/product\/keramikinis-puodelis-constellation-370ml-kreminis-hd-94244-116\/","og_site_name":"Rutana - Ra\u0161tin\u0117s reikmenys","article_publisher":"https:\/\/www.facebook.com\/RutanaKanceliarinesPrekes\/","article_modified_time":"2026-02-16T14:24:20+00:00","og_image":[{"width":1200,"height":1200,"url":"https:\/\/rutana.lt\/wp-content\/uploads\/2026\/02\/B094-363.jpg","type":"image\/jpeg"}],"twitter_card":"summary_large_image","twitter_misc":{"Est. reading time":"1 minute"},"schema":{"@context":"https:\/\/schema.org","@graph":[{"@type":"WebPage","@id":"https:\/\/rutana.lt\/produktas\/keramikinis-puodelis-constellation-370ml-kreminis-hd-94244-116\/","url":"https:\/\/rutana.lt\/produktas\/keramikinis-puodelis-constellation-370ml-kreminis-hd-94244-116\/","name":"Keramikinis puodelis \"Constellation\" 370ml kreminis HD 94244-116 - Rutana - Ra\u0161tin\u0117s reikmenys","isPartOf":{"@id":"https:\/\/rutana.lt\/#website"},"primaryImageOfPage":{"@id":"https:\/\/rutana.lt\/produktas\/keramikinis-puodelis-constellation-370ml-kreminis-hd-94244-116\/#primaryimage"},"image":{"@id":"https:\/\/rutana.lt\/produktas\/keramikinis-puodelis-constellation-370ml-kreminis-hd-94244-116\/#primaryimage"},"thumbnailUrl":"https:\/\/rutana.lt\/wp-content\/uploads\/2026\/02\/B094-363.jpg","datePublished":"2026-02-16T14:14:44+00:00","dateModified":"2026-02-16T14:24:20+00:00","breadcrumb":{"@id":"https:\/\/rutana.lt\/produktas\/keramikinis-puodelis-constellation-370ml-kreminis-hd-94244-116\/#breadcrumb"},"inLanguage":"en-US","potentialAction":[{"@type":"ReadAction","target":["https:\/\/rutana.lt\/produktas\/keramikinis-puodelis-constellation-370ml-kreminis-hd-94244-116\/"]}]},{"@type":"ImageObject","inLanguage":"en-US","@id":"https:\/\/rutana.lt\/produktas\/keramikinis-puodelis-constellation-370ml-kreminis-hd-94244-116\/#primaryimage","url":"https:\/\/rutana.lt\/wp-content\/uploads\/2026\/02\/B094-363.jpg","contentUrl":"https:\/\/rutana.lt\/wp-content\/uploads\/2026\/02\/B094-363.jpg","width":1200,"height":1200},{"@type":"BreadcrumbList","@id":"https:\/\/rutana.lt\/produktas\/keramikinis-puodelis-constellation-370ml-kreminis-hd-94244-116\/#breadcrumb","itemListElement":[{"@type":"ListItem","position":1,"name":"Home","item":"https:\/\/rutana.lt\/"},{"@type":"ListItem","position":2,"name":"Parduotuv\u0117","item":"https:\/\/rutana.lt\/parduotuve\/"},{"@type":"ListItem","position":3,"name":"Keramikinis puodelis &#8222;Constellation&#8221; 370ml kreminis HD 94244-116"}]},{"@type":"WebSite","@id":"https:\/\/rutana.lt\/#website","url":"https:\/\/rutana.lt\/","name":"Rutana - Ra\u0161tin\u0117s reikmenys","description":"Prekiaujame pasaulin\u0117je rinkoje pripa\u017eintomis, kokybi\u0161komis biuro prek\u0117mis toki\u0173  gamintoj\u0173 kaip: Schneider, Esselte, Novus, 3M, Faber-Castell, Citizen, Milan, Leitz, Colop, Zebra, Staedtler, Durable, Tork, Parker, Waterman ir kt.","publisher":{"@id":"https:\/\/rutana.lt\/#organization"},"potentialAction":[{"@type":"SearchAction","target":{"@type":"EntryPoint","urlTemplate":"https:\/\/rutana.lt\/?s={search_term_string}"},"query-input":{"@type":"PropertyValueSpecification","valueRequired":true,"valueName":"search_term_string"}}],"inLanguage":"en-US"},{"@type":"Organization","@id":"https:\/\/rutana.lt\/#organization","name":"Rutana - Ra\u0161tin\u0117s reikmenys","url":"https:\/\/rutana.lt\/","logo":{"@type":"ImageObject","inLanguage":"en-US","@id":"https:\/\/rutana.lt\/#\/schema\/logo\/image\/","url":"https:\/\/rutana.lt\/wp-content\/uploads\/2025\/10\/Asset-32.png","contentUrl":"https:\/\/rutana.lt\/wp-content\/uploads\/2025\/10\/Asset-32.png","width":433,"height":119,"caption":"Rutana - Ra\u0161tin\u0117s reikmenys"},"image":{"@id":"https:\/\/rutana.lt\/#\/schema\/logo\/image\/"},"sameAs":["https:\/\/www.facebook.com\/RutanaKanceliarinesPrekes\/"]}]}},"_links":{"self":[{"href":"https:\/\/rutana.lt\/en\/wp-json\/wp\/v2\/product\/35158","targetHints":{"allow":["GET"]}}],"collection":[{"href":"https:\/\/rutana.lt\/en\/wp-json\/wp\/v2\/product"}],"about":[{"href":"https:\/\/rutana.lt\/en\/wp-json\/wp\/v2\/types\/product"}],"replies":[{"embeddable":true,"href":"https:\/\/rutana.lt\/en\/wp-json\/wp\/v2\/comments?post=35158"}],"version-history":[{"count":2,"href":"https:\/\/rutana.lt\/en\/wp-json\/wp\/v2\/product\/35158\/revisions"}],"predecessor-version":[{"id":35163,"href":"https:\/\/rutana.lt\/en\/wp-json\/wp\/v2\/product\/35158\/revisions\/35163"}],"wp:featuredmedia":[{"embeddable":true,"href":"https:\/\/rutana.lt\/en\/wp-json\/wp\/v2\/media\/35161"}],"wp:attachment":[{"href":"https:\/\/rutana.lt\/en\/wp-json\/wp\/v2\/media?parent=35158"}],"wp:term":[{"taxonomy":"product_brand","embeddable":true,"href":"https:\/\/rutana.lt\/en\/wp-json\/wp\/v2\/product_brand?post=35158"},{"taxonomy":"product_cat","embeddable":true,"href":"https:\/\/rutana.lt\/en\/wp-json\/wp\/v2\/product_cat?post=35158"},{"taxonomy":"product_tag","embeddable":true,"href":"https:\/\/rutana.lt\/en\/wp-json\/wp\/v2\/product_tag?post=35158"}],"curies":[{"name":"wp","href":"https:\/\/api.w.org\/{rel}","templated":true}]}}