{"id":35095,"date":"2026-02-16T08:35:06","date_gmt":"2026-02-16T06:35:06","guid":{"rendered":"https:\/\/rutana.lt\/?post_type=product&#038;p=35095"},"modified":"2026-02-16T08:54:47","modified_gmt":"2026-02-16T06:54:47","slug":"keramikinis-puodelis-370ml-cinander-pilkas-hd-93832-113","status":"publish","type":"product","link":"https:\/\/rutana.lt\/en\/product\/keramikinis-puodelis-370ml-cinander-pilkas-hd-93832-113\/","title":{"rendered":"Keramikinis puodelis 370ml &#8222;Cinander&#8221; pilkas HD 93832-113"},"content":{"rendered":"<p style=\"margin-bottom: 10px;\">Keraminis puodelis, kurio talpa iki 370 ml. Tiekiamas kartonin\u0117je d\u0117\u017eut\u0117je. Puodel\u012f galima plauti indaplov\u0117je ir jis atsparus ma\u017eiausiai 125 plovimo ciklams ( \u012fskaitant spausdinim\u0105 ) pagal EN12875-1 standart\u0105.<\/p>\n<p>Ant puodelio galima u\u017ed\u0117ti reklamin\u012f \u012fmon\u0117s logotip\u0105 ar kitok\u012f u\u017era\u0161\u0105 jums pageidaujamoje vietoje bei j\u016bs\u0173 pasirinkt\u0173 b\u016bdu. Kaina nurodyta tik puodelio, be u\u017era\u0161o. U\u017era\u0161o kaina priklauso nuo u\u017esakomo kiekio ir u\u017ed\u0117jimo b\u016bdo.<\/p>\n<p>Puodelio spalva: pilka<\/p>\n<p>Vidaus spalva: balta<\/p>\n<p>Puodelio talpa: 370 ml<\/p>\n<p>Puodelio matmenys: \u00f884 x 103 mm<\/p>\n<p>Puodelio svoris: 344 g<\/p>\n<p>U\u017era\u0161o u\u017ed\u0117jimo galimi b\u016bdai: tamponinis spausdinimas, deginimas<\/p>\n<p>U\u017era\u0161o u\u017ed\u0117jimo galimos vietos: vidus, korpusas, \u0105sel\u0117, dugnas<\/p>\n<p>&nbsp;<\/p>","protected":false},"excerpt":{"rendered":"<p>Keraminis puodelis, kurio talpa iki 370 ml. Tiekiamas kartonin\u0117je d\u0117\u017eut\u0117je.<\/p>","protected":false},"featured_media":35098,"comment_status":"open","ping_status":"closed","template":"","meta":{"_season_start":"","_season_end":"","_season_days":"","_season_months":"","_season_auto_visibility":"1"},"product_brand":[868],"product_cat":[1714,1712],"product_tag":[],"class_list":{"0":"post-35095","1":"product","2":"type-product","3":"status-publish","4":"has-post-thumbnail","6":"product_brand-hd","7":"product_cat-gertuves","8":"product_cat-puodukai","10":"first","11":"instock","12":"taxable","13":"shipping-taxable","14":"purchasable","15":"product-type-simple"},"yoast_head":"<!-- This site is optimized with the Yoast SEO plugin v27.4 - https:\/\/yoast.com\/product\/yoast-seo-wordpress\/ -->\n<title>Keramikinis puodelis 370ml &quot;Cinander&quot; pilkas HD 93832-113 - Rutana - Ra\u0161tin\u0117s reikmenys<\/title>\n<meta name=\"robots\" content=\"index, follow, max-snippet:-1, max-image-preview:large, max-video-preview:-1\" \/>\n<link rel=\"canonical\" href=\"https:\/\/rutana.lt\/en\/product\/keramikinis-puodelis-370ml-cinander-pilkas-hd-93832-113\/\" \/>\n<meta property=\"og:locale\" content=\"en_US\" \/>\n<meta property=\"og:type\" content=\"article\" \/>\n<meta property=\"og:title\" content=\"Keramikinis puodelis 370ml &quot;Cinander&quot; pilkas HD 93832-113 - Rutana - Ra\u0161tin\u0117s reikmenys\" \/>\n<meta property=\"og:description\" content=\"Keraminis puodelis, kurio talpa iki 370 ml. Tiekiamas kartonin\u0117je d\u0117\u017eut\u0117je.\" \/>\n<meta property=\"og:url\" content=\"https:\/\/rutana.lt\/en\/product\/keramikinis-puodelis-370ml-cinander-pilkas-hd-93832-113\/\" \/>\n<meta property=\"og:site_name\" content=\"Rutana - Ra\u0161tin\u0117s reikmenys\" \/>\n<meta property=\"article:publisher\" content=\"https:\/\/www.facebook.com\/RutanaKanceliarinesPrekes\/\" \/>\n<meta property=\"article:modified_time\" content=\"2026-02-16T06:54:47+00:00\" \/>\n<meta property=\"og:image\" content=\"https:\/\/rutana.lt\/wp-content\/uploads\/2026\/02\/B094-371.jpg\" \/>\n\t<meta property=\"og:image:width\" content=\"1200\" \/>\n\t<meta property=\"og:image:height\" content=\"1200\" \/>\n\t<meta property=\"og:image:type\" content=\"image\/jpeg\" \/>\n<meta name=\"twitter:card\" content=\"summary_large_image\" \/>\n<meta name=\"twitter:label1\" content=\"Est. reading time\" \/>\n\t<meta name=\"twitter:data1\" content=\"1 minute\" \/>\n<script type=\"application\/ld+json\" class=\"yoast-schema-graph\">{\"@context\":\"https:\\\/\\\/schema.org\",\"@graph\":[{\"@type\":\"WebPage\",\"@id\":\"https:\\\/\\\/rutana.lt\\\/produktas\\\/keramikinis-puodelis-370ml-cinander-pilkas-hd-93832-113\\\/\",\"url\":\"https:\\\/\\\/rutana.lt\\\/produktas\\\/keramikinis-puodelis-370ml-cinander-pilkas-hd-93832-113\\\/\",\"name\":\"Keramikinis puodelis 370ml \\\"Cinander\\\" pilkas HD 93832-113 - Rutana - Ra\u0161tin\u0117s reikmenys\",\"isPartOf\":{\"@id\":\"https:\\\/\\\/rutana.lt\\\/#website\"},\"primaryImageOfPage\":{\"@id\":\"https:\\\/\\\/rutana.lt\\\/produktas\\\/keramikinis-puodelis-370ml-cinander-pilkas-hd-93832-113\\\/#primaryimage\"},\"image\":{\"@id\":\"https:\\\/\\\/rutana.lt\\\/produktas\\\/keramikinis-puodelis-370ml-cinander-pilkas-hd-93832-113\\\/#primaryimage\"},\"thumbnailUrl\":\"https:\\\/\\\/rutana.lt\\\/wp-content\\\/uploads\\\/2026\\\/02\\\/B094-371.jpg\",\"datePublished\":\"2026-02-16T06:35:06+00:00\",\"dateModified\":\"2026-02-16T06:54:47+00:00\",\"breadcrumb\":{\"@id\":\"https:\\\/\\\/rutana.lt\\\/produktas\\\/keramikinis-puodelis-370ml-cinander-pilkas-hd-93832-113\\\/#breadcrumb\"},\"inLanguage\":\"en-US\",\"potentialAction\":[{\"@type\":\"ReadAction\",\"target\":[\"https:\\\/\\\/rutana.lt\\\/produktas\\\/keramikinis-puodelis-370ml-cinander-pilkas-hd-93832-113\\\/\"]}]},{\"@type\":\"ImageObject\",\"inLanguage\":\"en-US\",\"@id\":\"https:\\\/\\\/rutana.lt\\\/produktas\\\/keramikinis-puodelis-370ml-cinander-pilkas-hd-93832-113\\\/#primaryimage\",\"url\":\"https:\\\/\\\/rutana.lt\\\/wp-content\\\/uploads\\\/2026\\\/02\\\/B094-371.jpg\",\"contentUrl\":\"https:\\\/\\\/rutana.lt\\\/wp-content\\\/uploads\\\/2026\\\/02\\\/B094-371.jpg\",\"width\":1200,\"height\":1200},{\"@type\":\"BreadcrumbList\",\"@id\":\"https:\\\/\\\/rutana.lt\\\/produktas\\\/keramikinis-puodelis-370ml-cinander-pilkas-hd-93832-113\\\/#breadcrumb\",\"itemListElement\":[{\"@type\":\"ListItem\",\"position\":1,\"name\":\"Home\",\"item\":\"https:\\\/\\\/rutana.lt\\\/\"},{\"@type\":\"ListItem\",\"position\":2,\"name\":\"Parduotuv\u0117\",\"item\":\"https:\\\/\\\/rutana.lt\\\/parduotuve\\\/\"},{\"@type\":\"ListItem\",\"position\":3,\"name\":\"Keramikinis puodelis 370ml &#8222;Cinander&#8221; pilkas HD 93832-113\"}]},{\"@type\":\"WebSite\",\"@id\":\"https:\\\/\\\/rutana.lt\\\/#website\",\"url\":\"https:\\\/\\\/rutana.lt\\\/\",\"name\":\"Rutana - Ra\u0161tin\u0117s reikmenys\",\"description\":\"Prekiaujame pasaulin\u0117je rinkoje pripa\u017eintomis, kokybi\u0161komis biuro prek\u0117mis toki\u0173  gamintoj\u0173 kaip: Schneider, Esselte, Novus, 3M, Faber-Castell, Citizen, Milan, Leitz, Colop, Zebra, Staedtler, Durable, Tork, Parker, Waterman ir kt.\",\"publisher\":{\"@id\":\"https:\\\/\\\/rutana.lt\\\/#organization\"},\"potentialAction\":[{\"@type\":\"SearchAction\",\"target\":{\"@type\":\"EntryPoint\",\"urlTemplate\":\"https:\\\/\\\/rutana.lt\\\/?s={search_term_string}\"},\"query-input\":{\"@type\":\"PropertyValueSpecification\",\"valueRequired\":true,\"valueName\":\"search_term_string\"}}],\"inLanguage\":\"en-US\"},{\"@type\":\"Organization\",\"@id\":\"https:\\\/\\\/rutana.lt\\\/#organization\",\"name\":\"Rutana - Ra\u0161tin\u0117s reikmenys\",\"url\":\"https:\\\/\\\/rutana.lt\\\/\",\"logo\":{\"@type\":\"ImageObject\",\"inLanguage\":\"en-US\",\"@id\":\"https:\\\/\\\/rutana.lt\\\/#\\\/schema\\\/logo\\\/image\\\/\",\"url\":\"https:\\\/\\\/rutana.lt\\\/wp-content\\\/uploads\\\/2025\\\/10\\\/Asset-32.png\",\"contentUrl\":\"https:\\\/\\\/rutana.lt\\\/wp-content\\\/uploads\\\/2025\\\/10\\\/Asset-32.png\",\"width\":433,\"height\":119,\"caption\":\"Rutana - Ra\u0161tin\u0117s reikmenys\"},\"image\":{\"@id\":\"https:\\\/\\\/rutana.lt\\\/#\\\/schema\\\/logo\\\/image\\\/\"},\"sameAs\":[\"https:\\\/\\\/www.facebook.com\\\/RutanaKanceliarinesPrekes\\\/\"]}]}<\/script>\n<!-- \/ Yoast SEO plugin. -->","yoast_head_json":{"title":"Keramikinis puodelis 370ml \"Cinander\" pilkas HD 93832-113 - Rutana - Ra\u0161tin\u0117s reikmenys","robots":{"index":"index","follow":"follow","max-snippet":"max-snippet:-1","max-image-preview":"max-image-preview:large","max-video-preview":"max-video-preview:-1"},"canonical":"https:\/\/rutana.lt\/en\/product\/keramikinis-puodelis-370ml-cinander-pilkas-hd-93832-113\/","og_locale":"en_US","og_type":"article","og_title":"Keramikinis puodelis 370ml \"Cinander\" pilkas HD 93832-113 - Rutana - Ra\u0161tin\u0117s reikmenys","og_description":"Keraminis puodelis, kurio talpa iki 370 ml. Tiekiamas kartonin\u0117je d\u0117\u017eut\u0117je.","og_url":"https:\/\/rutana.lt\/en\/product\/keramikinis-puodelis-370ml-cinander-pilkas-hd-93832-113\/","og_site_name":"Rutana - Ra\u0161tin\u0117s reikmenys","article_publisher":"https:\/\/www.facebook.com\/RutanaKanceliarinesPrekes\/","article_modified_time":"2026-02-16T06:54:47+00:00","og_image":[{"width":1200,"height":1200,"url":"https:\/\/rutana.lt\/wp-content\/uploads\/2026\/02\/B094-371.jpg","type":"image\/jpeg"}],"twitter_card":"summary_large_image","twitter_misc":{"Est. reading time":"1 minute"},"schema":{"@context":"https:\/\/schema.org","@graph":[{"@type":"WebPage","@id":"https:\/\/rutana.lt\/produktas\/keramikinis-puodelis-370ml-cinander-pilkas-hd-93832-113\/","url":"https:\/\/rutana.lt\/produktas\/keramikinis-puodelis-370ml-cinander-pilkas-hd-93832-113\/","name":"Keramikinis puodelis 370ml \"Cinander\" pilkas HD 93832-113 - Rutana - Ra\u0161tin\u0117s reikmenys","isPartOf":{"@id":"https:\/\/rutana.lt\/#website"},"primaryImageOfPage":{"@id":"https:\/\/rutana.lt\/produktas\/keramikinis-puodelis-370ml-cinander-pilkas-hd-93832-113\/#primaryimage"},"image":{"@id":"https:\/\/rutana.lt\/produktas\/keramikinis-puodelis-370ml-cinander-pilkas-hd-93832-113\/#primaryimage"},"thumbnailUrl":"https:\/\/rutana.lt\/wp-content\/uploads\/2026\/02\/B094-371.jpg","datePublished":"2026-02-16T06:35:06+00:00","dateModified":"2026-02-16T06:54:47+00:00","breadcrumb":{"@id":"https:\/\/rutana.lt\/produktas\/keramikinis-puodelis-370ml-cinander-pilkas-hd-93832-113\/#breadcrumb"},"inLanguage":"en-US","potentialAction":[{"@type":"ReadAction","target":["https:\/\/rutana.lt\/produktas\/keramikinis-puodelis-370ml-cinander-pilkas-hd-93832-113\/"]}]},{"@type":"ImageObject","inLanguage":"en-US","@id":"https:\/\/rutana.lt\/produktas\/keramikinis-puodelis-370ml-cinander-pilkas-hd-93832-113\/#primaryimage","url":"https:\/\/rutana.lt\/wp-content\/uploads\/2026\/02\/B094-371.jpg","contentUrl":"https:\/\/rutana.lt\/wp-content\/uploads\/2026\/02\/B094-371.jpg","width":1200,"height":1200},{"@type":"BreadcrumbList","@id":"https:\/\/rutana.lt\/produktas\/keramikinis-puodelis-370ml-cinander-pilkas-hd-93832-113\/#breadcrumb","itemListElement":[{"@type":"ListItem","position":1,"name":"Home","item":"https:\/\/rutana.lt\/"},{"@type":"ListItem","position":2,"name":"Parduotuv\u0117","item":"https:\/\/rutana.lt\/parduotuve\/"},{"@type":"ListItem","position":3,"name":"Keramikinis puodelis 370ml &#8222;Cinander&#8221; pilkas HD 93832-113"}]},{"@type":"WebSite","@id":"https:\/\/rutana.lt\/#website","url":"https:\/\/rutana.lt\/","name":"Rutana - Ra\u0161tin\u0117s reikmenys","description":"Prekiaujame pasaulin\u0117je rinkoje pripa\u017eintomis, kokybi\u0161komis biuro prek\u0117mis toki\u0173  gamintoj\u0173 kaip: Schneider, Esselte, Novus, 3M, Faber-Castell, Citizen, Milan, Leitz, Colop, Zebra, Staedtler, Durable, Tork, Parker, Waterman ir kt.","publisher":{"@id":"https:\/\/rutana.lt\/#organization"},"potentialAction":[{"@type":"SearchAction","target":{"@type":"EntryPoint","urlTemplate":"https:\/\/rutana.lt\/?s={search_term_string}"},"query-input":{"@type":"PropertyValueSpecification","valueRequired":true,"valueName":"search_term_string"}}],"inLanguage":"en-US"},{"@type":"Organization","@id":"https:\/\/rutana.lt\/#organization","name":"Rutana - Ra\u0161tin\u0117s reikmenys","url":"https:\/\/rutana.lt\/","logo":{"@type":"ImageObject","inLanguage":"en-US","@id":"https:\/\/rutana.lt\/#\/schema\/logo\/image\/","url":"https:\/\/rutana.lt\/wp-content\/uploads\/2025\/10\/Asset-32.png","contentUrl":"https:\/\/rutana.lt\/wp-content\/uploads\/2025\/10\/Asset-32.png","width":433,"height":119,"caption":"Rutana - Ra\u0161tin\u0117s reikmenys"},"image":{"@id":"https:\/\/rutana.lt\/#\/schema\/logo\/image\/"},"sameAs":["https:\/\/www.facebook.com\/RutanaKanceliarinesPrekes\/"]}]}},"_links":{"self":[{"href":"https:\/\/rutana.lt\/en\/wp-json\/wp\/v2\/product\/35095","targetHints":{"allow":["GET"]}}],"collection":[{"href":"https:\/\/rutana.lt\/en\/wp-json\/wp\/v2\/product"}],"about":[{"href":"https:\/\/rutana.lt\/en\/wp-json\/wp\/v2\/types\/product"}],"replies":[{"embeddable":true,"href":"https:\/\/rutana.lt\/en\/wp-json\/wp\/v2\/comments?post=35095"}],"version-history":[{"count":2,"href":"https:\/\/rutana.lt\/en\/wp-json\/wp\/v2\/product\/35095\/revisions"}],"predecessor-version":[{"id":35100,"href":"https:\/\/rutana.lt\/en\/wp-json\/wp\/v2\/product\/35095\/revisions\/35100"}],"wp:featuredmedia":[{"embeddable":true,"href":"https:\/\/rutana.lt\/en\/wp-json\/wp\/v2\/media\/35098"}],"wp:attachment":[{"href":"https:\/\/rutana.lt\/en\/wp-json\/wp\/v2\/media?parent=35095"}],"wp:term":[{"taxonomy":"product_brand","embeddable":true,"href":"https:\/\/rutana.lt\/en\/wp-json\/wp\/v2\/product_brand?post=35095"},{"taxonomy":"product_cat","embeddable":true,"href":"https:\/\/rutana.lt\/en\/wp-json\/wp\/v2\/product_cat?post=35095"},{"taxonomy":"product_tag","embeddable":true,"href":"https:\/\/rutana.lt\/en\/wp-json\/wp\/v2\/product_tag?post=35095"}],"curies":[{"name":"wp","href":"https:\/\/api.w.org\/{rel}","templated":true}]}}