{"id":35089,"date":"2026-02-15T15:27:28","date_gmt":"2026-02-15T13:27:28","guid":{"rendered":"https:\/\/rutana.lt\/?post_type=product&#038;p=35089"},"modified":"2026-02-15T15:30:03","modified_gmt":"2026-02-15T13:30:03","slug":"muilo-burbulai-bubbly-30-ml-sviesiai-zali-hd-98076-119","status":"publish","type":"product","link":"https:\/\/rutana.lt\/en\/product\/muilo-burbulai-bubbly-30-ml-sviesiai-zali-hd-98076-119\/","title":{"rendered":"Muilo burbulai &#8222;Bubbly&#8221; 30 ml \u0161viesiai \u017eali HD 98076-119"},"content":{"rendered":"<p>Plastiko t\u016bbel\u0117 su muilo burbulais.<\/p>\n<p>Ant prek\u0117s galima u\u017ed\u0117ti reklamin\u012f \u012fmon\u0117s logotip\u0105 ar kitok\u012f u\u017era\u0161\u0105 jums pageidaujamoje vietoje bei j\u016bs\u0173 pasirinktu b\u016bdu. Kaina nurodyta tik prek\u0117s, be u\u017era\u0161o. U\u017era\u0161o kaina priklauso nuo u\u017esakomo kiekio ir u\u017ed\u0117jimo b\u016bdo.<\/p>\n<p>Matmenys: \u00f825 x 130 mm<\/p>\n<p>T\u016bbel\u0117s spalva: \u0161viesiai \u017ealia<\/p>\n<p>T\u016bbel\u0117s t\u016bris: 30 ml<\/p>\n<p>Svoris: 38 g<\/p>\n<p style=\"margin-bottom: 10px;\">U\u017era\u0161o u\u017ed\u0117jimo galimi b\u016bdai: tamponin\u0117 spauda, lipdukas<\/p>\n<p style=\"margin-bottom: 10px;\">U\u017era\u0161o u\u017ed\u0117jimo galimos vietos: ant t\u016bbel\u0117s korpuso, ant apvalios dalies laikiklio<\/p>\n<div><\/div>\n<p>&nbsp;<\/p>","protected":false},"excerpt":{"rendered":"<p>Plastiko t\u016bbel\u0117 su muilo burbulais.<\/p>","protected":false},"featured_media":35080,"comment_status":"open","ping_status":"closed","template":"","meta":{"_season_start":"","_season_end":"","_season_days":"","_season_months":"","_season_auto_visibility":"1"},"product_brand":[868],"product_cat":[1541,1556],"product_tag":[],"class_list":{"0":"post-35089","1":"product","2":"type-product","3":"status-publish","4":"has-post-thumbnail","6":"product_brand-hd","7":"product_cat-kitos-mokyklines-prekes-mokyklines-prekes","8":"product_cat-prekes-vaiku-kurybai-ir-lavinimui","10":"first","11":"instock","12":"taxable","13":"shipping-taxable","14":"purchasable","15":"product-type-simple"},"yoast_head":"<!-- This site is optimized with the Yoast SEO plugin v27.4 - https:\/\/yoast.com\/product\/yoast-seo-wordpress\/ -->\n<title>Muilo burbulai &quot;Bubbly&quot; 30 ml \u0161viesiai \u017eali HD 98076-119 - Rutana - Ra\u0161tin\u0117s reikmenys<\/title>\n<meta name=\"robots\" content=\"index, follow, max-snippet:-1, max-image-preview:large, max-video-preview:-1\" \/>\n<link rel=\"canonical\" href=\"https:\/\/rutana.lt\/en\/product\/muilo-burbulai-bubbly-30-ml-sviesiai-zali-hd-98076-119\/\" \/>\n<meta property=\"og:locale\" content=\"en_US\" \/>\n<meta property=\"og:type\" content=\"article\" \/>\n<meta property=\"og:title\" content=\"Muilo burbulai &quot;Bubbly&quot; 30 ml \u0161viesiai \u017eali HD 98076-119 - Rutana - Ra\u0161tin\u0117s reikmenys\" \/>\n<meta property=\"og:description\" content=\"Plastiko t\u016bbel\u0117 su muilo burbulais.\" \/>\n<meta property=\"og:url\" content=\"https:\/\/rutana.lt\/en\/product\/muilo-burbulai-bubbly-30-ml-sviesiai-zali-hd-98076-119\/\" \/>\n<meta property=\"og:site_name\" content=\"Rutana - Ra\u0161tin\u0117s reikmenys\" \/>\n<meta property=\"article:publisher\" content=\"https:\/\/www.facebook.com\/RutanaKanceliarinesPrekes\/\" \/>\n<meta property=\"article:modified_time\" content=\"2026-02-15T13:30:03+00:00\" \/>\n<meta property=\"og:image\" content=\"https:\/\/rutana.lt\/wp-content\/uploads\/2026\/02\/D041-607.jpg\" \/>\n\t<meta property=\"og:image:width\" content=\"1200\" \/>\n\t<meta property=\"og:image:height\" content=\"1200\" \/>\n\t<meta property=\"og:image:type\" content=\"image\/jpeg\" \/>\n<meta name=\"twitter:card\" content=\"summary_large_image\" \/>\n<meta name=\"twitter:label1\" content=\"Est. reading time\" \/>\n\t<meta name=\"twitter:data1\" content=\"1 minute\" \/>\n<script type=\"application\/ld+json\" class=\"yoast-schema-graph\">{\"@context\":\"https:\\\/\\\/schema.org\",\"@graph\":[{\"@type\":\"WebPage\",\"@id\":\"https:\\\/\\\/rutana.lt\\\/produktas\\\/muilo-burbulai-bubbly-30-ml-sviesiai-zali-hd-98076-119\\\/\",\"url\":\"https:\\\/\\\/rutana.lt\\\/produktas\\\/muilo-burbulai-bubbly-30-ml-sviesiai-zali-hd-98076-119\\\/\",\"name\":\"Muilo burbulai \\\"Bubbly\\\" 30 ml \u0161viesiai \u017eali HD 98076-119 - Rutana - Ra\u0161tin\u0117s reikmenys\",\"isPartOf\":{\"@id\":\"https:\\\/\\\/rutana.lt\\\/#website\"},\"primaryImageOfPage\":{\"@id\":\"https:\\\/\\\/rutana.lt\\\/produktas\\\/muilo-burbulai-bubbly-30-ml-sviesiai-zali-hd-98076-119\\\/#primaryimage\"},\"image\":{\"@id\":\"https:\\\/\\\/rutana.lt\\\/produktas\\\/muilo-burbulai-bubbly-30-ml-sviesiai-zali-hd-98076-119\\\/#primaryimage\"},\"thumbnailUrl\":\"https:\\\/\\\/rutana.lt\\\/wp-content\\\/uploads\\\/2026\\\/02\\\/D041-607.jpg\",\"datePublished\":\"2026-02-15T13:27:28+00:00\",\"dateModified\":\"2026-02-15T13:30:03+00:00\",\"breadcrumb\":{\"@id\":\"https:\\\/\\\/rutana.lt\\\/produktas\\\/muilo-burbulai-bubbly-30-ml-sviesiai-zali-hd-98076-119\\\/#breadcrumb\"},\"inLanguage\":\"en-US\",\"potentialAction\":[{\"@type\":\"ReadAction\",\"target\":[\"https:\\\/\\\/rutana.lt\\\/produktas\\\/muilo-burbulai-bubbly-30-ml-sviesiai-zali-hd-98076-119\\\/\"]}]},{\"@type\":\"ImageObject\",\"inLanguage\":\"en-US\",\"@id\":\"https:\\\/\\\/rutana.lt\\\/produktas\\\/muilo-burbulai-bubbly-30-ml-sviesiai-zali-hd-98076-119\\\/#primaryimage\",\"url\":\"https:\\\/\\\/rutana.lt\\\/wp-content\\\/uploads\\\/2026\\\/02\\\/D041-607.jpg\",\"contentUrl\":\"https:\\\/\\\/rutana.lt\\\/wp-content\\\/uploads\\\/2026\\\/02\\\/D041-607.jpg\",\"width\":1200,\"height\":1200},{\"@type\":\"BreadcrumbList\",\"@id\":\"https:\\\/\\\/rutana.lt\\\/produktas\\\/muilo-burbulai-bubbly-30-ml-sviesiai-zali-hd-98076-119\\\/#breadcrumb\",\"itemListElement\":[{\"@type\":\"ListItem\",\"position\":1,\"name\":\"Home\",\"item\":\"https:\\\/\\\/rutana.lt\\\/\"},{\"@type\":\"ListItem\",\"position\":2,\"name\":\"Parduotuv\u0117\",\"item\":\"https:\\\/\\\/rutana.lt\\\/parduotuve\\\/\"},{\"@type\":\"ListItem\",\"position\":3,\"name\":\"Muilo burbulai &#8222;Bubbly&#8221; 30 ml \u0161viesiai \u017eali HD 98076-119\"}]},{\"@type\":\"WebSite\",\"@id\":\"https:\\\/\\\/rutana.lt\\\/#website\",\"url\":\"https:\\\/\\\/rutana.lt\\\/\",\"name\":\"Rutana - Ra\u0161tin\u0117s reikmenys\",\"description\":\"Prekiaujame pasaulin\u0117je rinkoje pripa\u017eintomis, kokybi\u0161komis biuro prek\u0117mis toki\u0173  gamintoj\u0173 kaip: Schneider, Esselte, Novus, 3M, Faber-Castell, Citizen, Milan, Leitz, Colop, Zebra, Staedtler, Durable, Tork, Parker, Waterman ir kt.\",\"publisher\":{\"@id\":\"https:\\\/\\\/rutana.lt\\\/#organization\"},\"potentialAction\":[{\"@type\":\"SearchAction\",\"target\":{\"@type\":\"EntryPoint\",\"urlTemplate\":\"https:\\\/\\\/rutana.lt\\\/?s={search_term_string}\"},\"query-input\":{\"@type\":\"PropertyValueSpecification\",\"valueRequired\":true,\"valueName\":\"search_term_string\"}}],\"inLanguage\":\"en-US\"},{\"@type\":\"Organization\",\"@id\":\"https:\\\/\\\/rutana.lt\\\/#organization\",\"name\":\"Rutana - Ra\u0161tin\u0117s reikmenys\",\"url\":\"https:\\\/\\\/rutana.lt\\\/\",\"logo\":{\"@type\":\"ImageObject\",\"inLanguage\":\"en-US\",\"@id\":\"https:\\\/\\\/rutana.lt\\\/#\\\/schema\\\/logo\\\/image\\\/\",\"url\":\"https:\\\/\\\/rutana.lt\\\/wp-content\\\/uploads\\\/2025\\\/10\\\/Asset-32.png\",\"contentUrl\":\"https:\\\/\\\/rutana.lt\\\/wp-content\\\/uploads\\\/2025\\\/10\\\/Asset-32.png\",\"width\":433,\"height\":119,\"caption\":\"Rutana - Ra\u0161tin\u0117s reikmenys\"},\"image\":{\"@id\":\"https:\\\/\\\/rutana.lt\\\/#\\\/schema\\\/logo\\\/image\\\/\"},\"sameAs\":[\"https:\\\/\\\/www.facebook.com\\\/RutanaKanceliarinesPrekes\\\/\"]}]}<\/script>\n<!-- \/ Yoast SEO plugin. -->","yoast_head_json":{"title":"Muilo burbulai \"Bubbly\" 30 ml \u0161viesiai \u017eali HD 98076-119 - Rutana - Ra\u0161tin\u0117s reikmenys","robots":{"index":"index","follow":"follow","max-snippet":"max-snippet:-1","max-image-preview":"max-image-preview:large","max-video-preview":"max-video-preview:-1"},"canonical":"https:\/\/rutana.lt\/en\/product\/muilo-burbulai-bubbly-30-ml-sviesiai-zali-hd-98076-119\/","og_locale":"en_US","og_type":"article","og_title":"Muilo burbulai \"Bubbly\" 30 ml \u0161viesiai \u017eali HD 98076-119 - Rutana - Ra\u0161tin\u0117s reikmenys","og_description":"Plastiko t\u016bbel\u0117 su muilo burbulais.","og_url":"https:\/\/rutana.lt\/en\/product\/muilo-burbulai-bubbly-30-ml-sviesiai-zali-hd-98076-119\/","og_site_name":"Rutana - Ra\u0161tin\u0117s reikmenys","article_publisher":"https:\/\/www.facebook.com\/RutanaKanceliarinesPrekes\/","article_modified_time":"2026-02-15T13:30:03+00:00","og_image":[{"width":1200,"height":1200,"url":"https:\/\/rutana.lt\/wp-content\/uploads\/2026\/02\/D041-607.jpg","type":"image\/jpeg"}],"twitter_card":"summary_large_image","twitter_misc":{"Est. reading time":"1 minute"},"schema":{"@context":"https:\/\/schema.org","@graph":[{"@type":"WebPage","@id":"https:\/\/rutana.lt\/produktas\/muilo-burbulai-bubbly-30-ml-sviesiai-zali-hd-98076-119\/","url":"https:\/\/rutana.lt\/produktas\/muilo-burbulai-bubbly-30-ml-sviesiai-zali-hd-98076-119\/","name":"Muilo burbulai \"Bubbly\" 30 ml \u0161viesiai \u017eali HD 98076-119 - Rutana - Ra\u0161tin\u0117s reikmenys","isPartOf":{"@id":"https:\/\/rutana.lt\/#website"},"primaryImageOfPage":{"@id":"https:\/\/rutana.lt\/produktas\/muilo-burbulai-bubbly-30-ml-sviesiai-zali-hd-98076-119\/#primaryimage"},"image":{"@id":"https:\/\/rutana.lt\/produktas\/muilo-burbulai-bubbly-30-ml-sviesiai-zali-hd-98076-119\/#primaryimage"},"thumbnailUrl":"https:\/\/rutana.lt\/wp-content\/uploads\/2026\/02\/D041-607.jpg","datePublished":"2026-02-15T13:27:28+00:00","dateModified":"2026-02-15T13:30:03+00:00","breadcrumb":{"@id":"https:\/\/rutana.lt\/produktas\/muilo-burbulai-bubbly-30-ml-sviesiai-zali-hd-98076-119\/#breadcrumb"},"inLanguage":"en-US","potentialAction":[{"@type":"ReadAction","target":["https:\/\/rutana.lt\/produktas\/muilo-burbulai-bubbly-30-ml-sviesiai-zali-hd-98076-119\/"]}]},{"@type":"ImageObject","inLanguage":"en-US","@id":"https:\/\/rutana.lt\/produktas\/muilo-burbulai-bubbly-30-ml-sviesiai-zali-hd-98076-119\/#primaryimage","url":"https:\/\/rutana.lt\/wp-content\/uploads\/2026\/02\/D041-607.jpg","contentUrl":"https:\/\/rutana.lt\/wp-content\/uploads\/2026\/02\/D041-607.jpg","width":1200,"height":1200},{"@type":"BreadcrumbList","@id":"https:\/\/rutana.lt\/produktas\/muilo-burbulai-bubbly-30-ml-sviesiai-zali-hd-98076-119\/#breadcrumb","itemListElement":[{"@type":"ListItem","position":1,"name":"Home","item":"https:\/\/rutana.lt\/"},{"@type":"ListItem","position":2,"name":"Parduotuv\u0117","item":"https:\/\/rutana.lt\/parduotuve\/"},{"@type":"ListItem","position":3,"name":"Muilo burbulai &#8222;Bubbly&#8221; 30 ml \u0161viesiai \u017eali HD 98076-119"}]},{"@type":"WebSite","@id":"https:\/\/rutana.lt\/#website","url":"https:\/\/rutana.lt\/","name":"Rutana - Ra\u0161tin\u0117s reikmenys","description":"Prekiaujame pasaulin\u0117je rinkoje pripa\u017eintomis, kokybi\u0161komis biuro prek\u0117mis toki\u0173  gamintoj\u0173 kaip: Schneider, Esselte, Novus, 3M, Faber-Castell, Citizen, Milan, Leitz, Colop, Zebra, Staedtler, Durable, Tork, Parker, Waterman ir kt.","publisher":{"@id":"https:\/\/rutana.lt\/#organization"},"potentialAction":[{"@type":"SearchAction","target":{"@type":"EntryPoint","urlTemplate":"https:\/\/rutana.lt\/?s={search_term_string}"},"query-input":{"@type":"PropertyValueSpecification","valueRequired":true,"valueName":"search_term_string"}}],"inLanguage":"en-US"},{"@type":"Organization","@id":"https:\/\/rutana.lt\/#organization","name":"Rutana - Ra\u0161tin\u0117s reikmenys","url":"https:\/\/rutana.lt\/","logo":{"@type":"ImageObject","inLanguage":"en-US","@id":"https:\/\/rutana.lt\/#\/schema\/logo\/image\/","url":"https:\/\/rutana.lt\/wp-content\/uploads\/2025\/10\/Asset-32.png","contentUrl":"https:\/\/rutana.lt\/wp-content\/uploads\/2025\/10\/Asset-32.png","width":433,"height":119,"caption":"Rutana - Ra\u0161tin\u0117s reikmenys"},"image":{"@id":"https:\/\/rutana.lt\/#\/schema\/logo\/image\/"},"sameAs":["https:\/\/www.facebook.com\/RutanaKanceliarinesPrekes\/"]}]}},"_links":{"self":[{"href":"https:\/\/rutana.lt\/en\/wp-json\/wp\/v2\/product\/35089","targetHints":{"allow":["GET"]}}],"collection":[{"href":"https:\/\/rutana.lt\/en\/wp-json\/wp\/v2\/product"}],"about":[{"href":"https:\/\/rutana.lt\/en\/wp-json\/wp\/v2\/types\/product"}],"replies":[{"embeddable":true,"href":"https:\/\/rutana.lt\/en\/wp-json\/wp\/v2\/comments?post=35089"}],"version-history":[{"count":3,"href":"https:\/\/rutana.lt\/en\/wp-json\/wp\/v2\/product\/35089\/revisions"}],"predecessor-version":[{"id":35092,"href":"https:\/\/rutana.lt\/en\/wp-json\/wp\/v2\/product\/35089\/revisions\/35092"}],"wp:featuredmedia":[{"embeddable":true,"href":"https:\/\/rutana.lt\/en\/wp-json\/wp\/v2\/media\/35080"}],"wp:attachment":[{"href":"https:\/\/rutana.lt\/en\/wp-json\/wp\/v2\/media?parent=35089"}],"wp:term":[{"taxonomy":"product_brand","embeddable":true,"href":"https:\/\/rutana.lt\/en\/wp-json\/wp\/v2\/product_brand?post=35089"},{"taxonomy":"product_cat","embeddable":true,"href":"https:\/\/rutana.lt\/en\/wp-json\/wp\/v2\/product_cat?post=35089"},{"taxonomy":"product_tag","embeddable":true,"href":"https:\/\/rutana.lt\/en\/wp-json\/wp\/v2\/product_tag?post=35089"}],"curies":[{"name":"wp","href":"https:\/\/api.w.org\/{rel}","templated":true}]}}