{"id":35056,"date":"2026-02-15T09:49:12","date_gmt":"2026-02-15T07:49:12","guid":{"rendered":"https:\/\/rutana.lt\/?post_type=product&#038;p=35056"},"modified":"2026-02-15T10:05:40","modified_gmt":"2026-02-15T08:05:40","slug":"uzrasu-knygute-a5-192-psl-linija-virselis-kamstis-linas-klee-naturalios-spalvos-hd-93277-150","status":"publish","type":"product","link":"https:\/\/rutana.lt\/en\/product\/uzrasu-knygute-a5-192-psl-linija-virselis-kamstis-linas-klee-naturalios-spalvos-hd-93277-150\/","title":{"rendered":"U\u017era\u0161\u0173 knygut\u0117 A5 192 psl. linija vir\u0161elis kam\u0161tis\/linas &#8222;Klee&#8221; nat\u016bralios spalvos HD 93277-150"},"content":{"rendered":"<p>A5 formato u\u017era\u0161\u0173 knygut\u0117 su kam\u0161tiniu vir\u0161eliu ir linine vir\u0161elio apa\u010dia. Knygut\u0117 turi 192 linijuotus dramblio kaulo spalvos puslapius ( 70 g\/m\u00b2 ), pagamintus i\u0161 FSC\u2122 sertifikuotos med\u017eiagos ir kit\u0173 kontroliuojam\u0173 med\u017eiag\u0173, bei ra\u0161iklio laikikl\u012f ( ra\u0161iklis nepridedamas ). Kadangi gaminys pagamintas i\u0161 nat\u016brali\u0173 med\u017eiag\u0173, spalva ir spausdinimo rezultatas gali skirtis priklausomai nuo gaminio.<\/p>\n<p>Ant knygut\u0117s galima u\u017ed\u0117ti reklamin\u012f \u012fmon\u0117s logotip\u0105 ar kitok\u012f u\u017era\u0161\u0105 jums pageidaujamoje vietoje bei j\u016bs\u0173 pasirinktu b\u016bdu. Kaina nurodyta tik prek\u0117s, be u\u017era\u0161o. U\u017era\u0161o kaina priklauso nuo u\u017esakomo kiekio ir u\u017ed\u0117jimo b\u016bdo.<\/p>\n<p>Matmenys: 140 x 210 mm<\/p>\n<p>Formatas: A5<\/p>\n<p>Puslapi\u0173 kiekis: 192<\/p>\n<p>Vidiniai lapai: linijuoti, dramblio kaulo spalvos<\/p>\n<p>Vir\u0161elio spalva: nat\u016brali<\/p>\n<p>Svoris: 278 g<\/p>\n<p style=\"margin-bottom: 10px;\">U\u017era\u0161o u\u017ed\u0117jimo galimi b\u016bdai: skaitmenin\u0117 spauda, lazeris<\/p>\n<p style=\"margin-bottom: 10px;\">U\u017era\u0161o u\u017ed\u0117jimo galimos vietos: ant knygut\u0117s vir\u0161elio kam\u0161tin\u0117s arba lino dalies<\/p>\n<div><\/div>\n<p>&nbsp;<\/p>","protected":false},"excerpt":{"rendered":"<p>A5 formato u\u017era\u0161\u0173 knygut\u0117 su kam\u0161tiniu vir\u0161eliu ir linine vir\u0161elio apa\u010dia.<\/p>","protected":false},"featured_media":35059,"comment_status":"open","ping_status":"closed","template":"","meta":{"_season_start":"","_season_end":"","_season_days":"","_season_months":"","_season_auto_visibility":"1"},"product_brand":[868],"product_cat":[1856,1849,125],"product_tag":[],"class_list":{"0":"post-35056","1":"product","2":"type-product","3":"status-publish","4":"has-post-thumbnail","6":"product_brand-hd","7":"product_cat-a5","8":"product_cat-a5-formatas","9":"product_cat-verslo-dovanos","11":"first","12":"instock","13":"taxable","14":"shipping-taxable","15":"purchasable","16":"product-type-simple"},"yoast_head":"<!-- This site is optimized with the Yoast SEO plugin v26.1.1 - https:\/\/yoast.com\/wordpress\/plugins\/seo\/ -->\n<title>U\u017era\u0161\u0173 knygut\u0117 A5 192 psl. linija vir\u0161elis kam\u0161tis\/linas &quot;Klee&quot; nat\u016bralios spalvos HD 93277-150 - Rutana - Ra\u0161tin\u0117s reikmenys<\/title>\n<meta name=\"robots\" content=\"index, follow, max-snippet:-1, max-image-preview:large, max-video-preview:-1\" \/>\n<link rel=\"canonical\" href=\"https:\/\/rutana.lt\/en\/product\/uzrasu-knygute-a5-192-psl-linija-virselis-kamstis-linas-klee-naturalios-spalvos-hd-93277-150\/\" \/>\n<meta property=\"og:locale\" content=\"en_US\" \/>\n<meta property=\"og:type\" content=\"article\" \/>\n<meta property=\"og:title\" content=\"U\u017era\u0161\u0173 knygut\u0117 A5 192 psl. linija vir\u0161elis kam\u0161tis\/linas &quot;Klee&quot; nat\u016bralios spalvos HD 93277-150 - Rutana - Ra\u0161tin\u0117s reikmenys\" \/>\n<meta property=\"og:description\" content=\"A5 formato u\u017era\u0161\u0173 knygut\u0117 su kam\u0161tiniu vir\u0161eliu ir linine vir\u0161elio apa\u010dia.\" \/>\n<meta property=\"og:url\" content=\"https:\/\/rutana.lt\/en\/product\/uzrasu-knygute-a5-192-psl-linija-virselis-kamstis-linas-klee-naturalios-spalvos-hd-93277-150\/\" \/>\n<meta property=\"og:site_name\" content=\"Rutana - Ra\u0161tin\u0117s reikmenys\" \/>\n<meta property=\"article:publisher\" content=\"https:\/\/www.facebook.com\/RutanaKanceliarinesPrekes\/\" \/>\n<meta property=\"article:modified_time\" content=\"2026-02-15T08:05:40+00:00\" \/>\n<meta property=\"og:image\" content=\"https:\/\/rutana.lt\/wp-content\/uploads\/2026\/02\/A025-904.jpg\" \/>\n\t<meta property=\"og:image:width\" content=\"1200\" \/>\n\t<meta property=\"og:image:height\" content=\"1200\" \/>\n\t<meta property=\"og:image:type\" content=\"image\/jpeg\" \/>\n<meta name=\"twitter:card\" content=\"summary_large_image\" \/>\n<meta name=\"twitter:label1\" content=\"Est. reading time\" \/>\n\t<meta name=\"twitter:data1\" content=\"1 minute\" \/>\n<script type=\"application\/ld+json\" class=\"yoast-schema-graph\">{\"@context\":\"https:\/\/schema.org\",\"@graph\":[{\"@type\":\"WebPage\",\"@id\":\"https:\/\/rutana.lt\/produktas\/uzrasu-knygute-a5-192-psl-linija-virselis-kamstis-linas-klee-naturalios-spalvos-hd-93277-150\/\",\"url\":\"https:\/\/rutana.lt\/produktas\/uzrasu-knygute-a5-192-psl-linija-virselis-kamstis-linas-klee-naturalios-spalvos-hd-93277-150\/\",\"name\":\"U\u017era\u0161\u0173 knygut\u0117 A5 192 psl. linija vir\u0161elis kam\u0161tis\/linas \\\"Klee\\\" nat\u016bralios spalvos HD 93277-150 - Rutana - Ra\u0161tin\u0117s reikmenys\",\"isPartOf\":{\"@id\":\"https:\/\/rutana.lt\/#website\"},\"primaryImageOfPage\":{\"@id\":\"https:\/\/rutana.lt\/produktas\/uzrasu-knygute-a5-192-psl-linija-virselis-kamstis-linas-klee-naturalios-spalvos-hd-93277-150\/#primaryimage\"},\"image\":{\"@id\":\"https:\/\/rutana.lt\/produktas\/uzrasu-knygute-a5-192-psl-linija-virselis-kamstis-linas-klee-naturalios-spalvos-hd-93277-150\/#primaryimage\"},\"thumbnailUrl\":\"https:\/\/rutana.lt\/wp-content\/uploads\/2026\/02\/A025-904.jpg\",\"datePublished\":\"2026-02-15T07:49:12+00:00\",\"dateModified\":\"2026-02-15T08:05:40+00:00\",\"breadcrumb\":{\"@id\":\"https:\/\/rutana.lt\/produktas\/uzrasu-knygute-a5-192-psl-linija-virselis-kamstis-linas-klee-naturalios-spalvos-hd-93277-150\/#breadcrumb\"},\"inLanguage\":\"en-US\",\"potentialAction\":[{\"@type\":\"ReadAction\",\"target\":[\"https:\/\/rutana.lt\/produktas\/uzrasu-knygute-a5-192-psl-linija-virselis-kamstis-linas-klee-naturalios-spalvos-hd-93277-150\/\"]}]},{\"@type\":\"ImageObject\",\"inLanguage\":\"en-US\",\"@id\":\"https:\/\/rutana.lt\/produktas\/uzrasu-knygute-a5-192-psl-linija-virselis-kamstis-linas-klee-naturalios-spalvos-hd-93277-150\/#primaryimage\",\"url\":\"https:\/\/rutana.lt\/wp-content\/uploads\/2026\/02\/A025-904.jpg\",\"contentUrl\":\"https:\/\/rutana.lt\/wp-content\/uploads\/2026\/02\/A025-904.jpg\",\"width\":1200,\"height\":1200},{\"@type\":\"BreadcrumbList\",\"@id\":\"https:\/\/rutana.lt\/produktas\/uzrasu-knygute-a5-192-psl-linija-virselis-kamstis-linas-klee-naturalios-spalvos-hd-93277-150\/#breadcrumb\",\"itemListElement\":[{\"@type\":\"ListItem\",\"position\":1,\"name\":\"Home\",\"item\":\"https:\/\/rutana.lt\/\"},{\"@type\":\"ListItem\",\"position\":2,\"name\":\"Parduotuv\u0117\",\"item\":\"https:\/\/rutana.lt\/parduotuve\/\"},{\"@type\":\"ListItem\",\"position\":3,\"name\":\"U\u017era\u0161\u0173 knygut\u0117 A5 192 psl. linija vir\u0161elis kam\u0161tis\/linas &#8222;Klee&#8221; nat\u016bralios spalvos HD 93277-150\"}]},{\"@type\":\"WebSite\",\"@id\":\"https:\/\/rutana.lt\/#website\",\"url\":\"https:\/\/rutana.lt\/\",\"name\":\"Rutana - Ra\u0161tin\u0117s reikmenys\",\"description\":\"Prekiaujame pasaulin\u0117je rinkoje pripa\u017eintomis, kokybi\u0161komis biuro prek\u0117mis toki\u0173  gamintoj\u0173 kaip: Schneider, Esselte, Novus, 3M, Faber-Castell, Citizen, Milan, Leitz, Colop, Zebra, Staedtler, Durable, Tork, Parker, Waterman ir kt.\",\"publisher\":{\"@id\":\"https:\/\/rutana.lt\/#organization\"},\"potentialAction\":[{\"@type\":\"SearchAction\",\"target\":{\"@type\":\"EntryPoint\",\"urlTemplate\":\"https:\/\/rutana.lt\/?s={search_term_string}\"},\"query-input\":{\"@type\":\"PropertyValueSpecification\",\"valueRequired\":true,\"valueName\":\"search_term_string\"}}],\"inLanguage\":\"en-US\"},{\"@type\":\"Organization\",\"@id\":\"https:\/\/rutana.lt\/#organization\",\"name\":\"Rutana - Ra\u0161tin\u0117s reikmenys\",\"url\":\"https:\/\/rutana.lt\/\",\"logo\":{\"@type\":\"ImageObject\",\"inLanguage\":\"en-US\",\"@id\":\"https:\/\/rutana.lt\/#\/schema\/logo\/image\/\",\"url\":\"https:\/\/rutana.lt\/wp-content\/uploads\/2025\/10\/Asset-32.png\",\"contentUrl\":\"https:\/\/rutana.lt\/wp-content\/uploads\/2025\/10\/Asset-32.png\",\"width\":433,\"height\":119,\"caption\":\"Rutana - Ra\u0161tin\u0117s reikmenys\"},\"image\":{\"@id\":\"https:\/\/rutana.lt\/#\/schema\/logo\/image\/\"},\"sameAs\":[\"https:\/\/www.facebook.com\/RutanaKanceliarinesPrekes\/\"]}]}<\/script>\n<!-- \/ Yoast SEO plugin. -->","yoast_head_json":{"title":"U\u017era\u0161\u0173 knygut\u0117 A5 192 psl. linija vir\u0161elis kam\u0161tis\/linas \"Klee\" nat\u016bralios spalvos HD 93277-150 - Rutana - Ra\u0161tin\u0117s reikmenys","robots":{"index":"index","follow":"follow","max-snippet":"max-snippet:-1","max-image-preview":"max-image-preview:large","max-video-preview":"max-video-preview:-1"},"canonical":"https:\/\/rutana.lt\/en\/product\/uzrasu-knygute-a5-192-psl-linija-virselis-kamstis-linas-klee-naturalios-spalvos-hd-93277-150\/","og_locale":"en_US","og_type":"article","og_title":"U\u017era\u0161\u0173 knygut\u0117 A5 192 psl. linija vir\u0161elis kam\u0161tis\/linas \"Klee\" nat\u016bralios spalvos HD 93277-150 - Rutana - Ra\u0161tin\u0117s reikmenys","og_description":"A5 formato u\u017era\u0161\u0173 knygut\u0117 su kam\u0161tiniu vir\u0161eliu ir linine vir\u0161elio apa\u010dia.","og_url":"https:\/\/rutana.lt\/en\/product\/uzrasu-knygute-a5-192-psl-linija-virselis-kamstis-linas-klee-naturalios-spalvos-hd-93277-150\/","og_site_name":"Rutana - Ra\u0161tin\u0117s reikmenys","article_publisher":"https:\/\/www.facebook.com\/RutanaKanceliarinesPrekes\/","article_modified_time":"2026-02-15T08:05:40+00:00","og_image":[{"width":1200,"height":1200,"url":"https:\/\/rutana.lt\/wp-content\/uploads\/2026\/02\/A025-904.jpg","type":"image\/jpeg"}],"twitter_card":"summary_large_image","twitter_misc":{"Est. reading time":"1 minute"},"schema":{"@context":"https:\/\/schema.org","@graph":[{"@type":"WebPage","@id":"https:\/\/rutana.lt\/produktas\/uzrasu-knygute-a5-192-psl-linija-virselis-kamstis-linas-klee-naturalios-spalvos-hd-93277-150\/","url":"https:\/\/rutana.lt\/produktas\/uzrasu-knygute-a5-192-psl-linija-virselis-kamstis-linas-klee-naturalios-spalvos-hd-93277-150\/","name":"U\u017era\u0161\u0173 knygut\u0117 A5 192 psl. linija vir\u0161elis kam\u0161tis\/linas \"Klee\" nat\u016bralios spalvos HD 93277-150 - Rutana - Ra\u0161tin\u0117s reikmenys","isPartOf":{"@id":"https:\/\/rutana.lt\/#website"},"primaryImageOfPage":{"@id":"https:\/\/rutana.lt\/produktas\/uzrasu-knygute-a5-192-psl-linija-virselis-kamstis-linas-klee-naturalios-spalvos-hd-93277-150\/#primaryimage"},"image":{"@id":"https:\/\/rutana.lt\/produktas\/uzrasu-knygute-a5-192-psl-linija-virselis-kamstis-linas-klee-naturalios-spalvos-hd-93277-150\/#primaryimage"},"thumbnailUrl":"https:\/\/rutana.lt\/wp-content\/uploads\/2026\/02\/A025-904.jpg","datePublished":"2026-02-15T07:49:12+00:00","dateModified":"2026-02-15T08:05:40+00:00","breadcrumb":{"@id":"https:\/\/rutana.lt\/produktas\/uzrasu-knygute-a5-192-psl-linija-virselis-kamstis-linas-klee-naturalios-spalvos-hd-93277-150\/#breadcrumb"},"inLanguage":"en-US","potentialAction":[{"@type":"ReadAction","target":["https:\/\/rutana.lt\/produktas\/uzrasu-knygute-a5-192-psl-linija-virselis-kamstis-linas-klee-naturalios-spalvos-hd-93277-150\/"]}]},{"@type":"ImageObject","inLanguage":"en-US","@id":"https:\/\/rutana.lt\/produktas\/uzrasu-knygute-a5-192-psl-linija-virselis-kamstis-linas-klee-naturalios-spalvos-hd-93277-150\/#primaryimage","url":"https:\/\/rutana.lt\/wp-content\/uploads\/2026\/02\/A025-904.jpg","contentUrl":"https:\/\/rutana.lt\/wp-content\/uploads\/2026\/02\/A025-904.jpg","width":1200,"height":1200},{"@type":"BreadcrumbList","@id":"https:\/\/rutana.lt\/produktas\/uzrasu-knygute-a5-192-psl-linija-virselis-kamstis-linas-klee-naturalios-spalvos-hd-93277-150\/#breadcrumb","itemListElement":[{"@type":"ListItem","position":1,"name":"Home","item":"https:\/\/rutana.lt\/"},{"@type":"ListItem","position":2,"name":"Parduotuv\u0117","item":"https:\/\/rutana.lt\/parduotuve\/"},{"@type":"ListItem","position":3,"name":"U\u017era\u0161\u0173 knygut\u0117 A5 192 psl. linija vir\u0161elis kam\u0161tis\/linas &#8222;Klee&#8221; nat\u016bralios spalvos HD 93277-150"}]},{"@type":"WebSite","@id":"https:\/\/rutana.lt\/#website","url":"https:\/\/rutana.lt\/","name":"Rutana - Ra\u0161tin\u0117s reikmenys","description":"Prekiaujame pasaulin\u0117je rinkoje pripa\u017eintomis, kokybi\u0161komis biuro prek\u0117mis toki\u0173  gamintoj\u0173 kaip: Schneider, Esselte, Novus, 3M, Faber-Castell, Citizen, Milan, Leitz, Colop, Zebra, Staedtler, Durable, Tork, Parker, Waterman ir kt.","publisher":{"@id":"https:\/\/rutana.lt\/#organization"},"potentialAction":[{"@type":"SearchAction","target":{"@type":"EntryPoint","urlTemplate":"https:\/\/rutana.lt\/?s={search_term_string}"},"query-input":{"@type":"PropertyValueSpecification","valueRequired":true,"valueName":"search_term_string"}}],"inLanguage":"en-US"},{"@type":"Organization","@id":"https:\/\/rutana.lt\/#organization","name":"Rutana - Ra\u0161tin\u0117s reikmenys","url":"https:\/\/rutana.lt\/","logo":{"@type":"ImageObject","inLanguage":"en-US","@id":"https:\/\/rutana.lt\/#\/schema\/logo\/image\/","url":"https:\/\/rutana.lt\/wp-content\/uploads\/2025\/10\/Asset-32.png","contentUrl":"https:\/\/rutana.lt\/wp-content\/uploads\/2025\/10\/Asset-32.png","width":433,"height":119,"caption":"Rutana - Ra\u0161tin\u0117s reikmenys"},"image":{"@id":"https:\/\/rutana.lt\/#\/schema\/logo\/image\/"},"sameAs":["https:\/\/www.facebook.com\/RutanaKanceliarinesPrekes\/"]}]}},"_links":{"self":[{"href":"https:\/\/rutana.lt\/en\/wp-json\/wp\/v2\/product\/35056","targetHints":{"allow":["GET"]}}],"collection":[{"href":"https:\/\/rutana.lt\/en\/wp-json\/wp\/v2\/product"}],"about":[{"href":"https:\/\/rutana.lt\/en\/wp-json\/wp\/v2\/types\/product"}],"replies":[{"embeddable":true,"href":"https:\/\/rutana.lt\/en\/wp-json\/wp\/v2\/comments?post=35056"}],"version-history":[{"count":2,"href":"https:\/\/rutana.lt\/en\/wp-json\/wp\/v2\/product\/35056\/revisions"}],"predecessor-version":[{"id":35061,"href":"https:\/\/rutana.lt\/en\/wp-json\/wp\/v2\/product\/35056\/revisions\/35061"}],"wp:featuredmedia":[{"embeddable":true,"href":"https:\/\/rutana.lt\/en\/wp-json\/wp\/v2\/media\/35059"}],"wp:attachment":[{"href":"https:\/\/rutana.lt\/en\/wp-json\/wp\/v2\/media?parent=35056"}],"wp:term":[{"taxonomy":"product_brand","embeddable":true,"href":"https:\/\/rutana.lt\/en\/wp-json\/wp\/v2\/product_brand?post=35056"},{"taxonomy":"product_cat","embeddable":true,"href":"https:\/\/rutana.lt\/en\/wp-json\/wp\/v2\/product_cat?post=35056"},{"taxonomy":"product_tag","embeddable":true,"href":"https:\/\/rutana.lt\/en\/wp-json\/wp\/v2\/product_tag?post=35056"}],"curies":[{"name":"wp","href":"https:\/\/api.w.org\/{rel}","templated":true}]}}