{"id":35053,"date":"2026-02-15T09:43:47","date_gmt":"2026-02-15T07:43:47","guid":{"rendered":"https:\/\/rutana.lt\/?post_type=product&#038;p=35053"},"modified":"2026-02-15T09:45:38","modified_gmt":"2026-02-15T07:45:38","slug":"lipniu-lapeliu-ir-indeksu-rinkinys-lovecraft-naturalios-spalvos-hd-93793-160","status":"publish","type":"product","link":"https:\/\/rutana.lt\/en\/product\/lipniu-lapeliu-ir-indeksu-rinkinys-lovecraft-naturalios-spalvos-hd-93793-160\/","title":{"rendered":"Lipni\u0173 lapeli\u0173 ir indeks\u0173 rinkinys &#8222;Lovecraft&#8221; nat\u016bralios spalvos HD 93793-160"},"content":{"rendered":"<p>Lipni\u0173 lapeli\u0173 ir indeks\u0173 rinkinys, 12 rinkini\u0173 ( po 40 lapeli\u0173 ) ir kartoninis vir\u0161elis. Vir\u0161elis ir lapeliai pagaminti i\u0161 FSC\u2122 sertifikuotos med\u017eiagos ir kit\u0173 kontroliuojam\u0173 med\u017eiag\u0173.<\/p>\n<p>Ant prek\u0117s galima u\u017ed\u0117ti reklamin\u012f \u012fmon\u0117s logotip\u0105 ar kitok\u012f u\u017era\u0161\u0105 jums pageidaujamoje vietoje bei j\u016bs\u0173 pasirinktu b\u016bdu. Kaina nurodyta tik prek\u0117s, be u\u017era\u0161o. U\u017era\u0161o kaina priklauso nuo u\u017esakomo kiekio ir u\u017ed\u0117jimo b\u016bdo.<\/p>\n<p>Matmenys: 85 x 132 x 15 mm<\/p>\n<p>Spalva: nat\u016brali<\/p>\n<p>Svoris: 100 g<\/p>\n<p style=\"margin-bottom: 10px;\">U\u017era\u0161o u\u017ed\u0117jimo galimi b\u016bdai: tamponin\u0117 spauda, skaitmeninis UV, \u0161ilkografija<\/p>\n<p style=\"margin-bottom: 10px;\">U\u017era\u0161o u\u017ed\u0117jimo galimos vietos: ant d\u0117klo vir\u0161elio<\/p>\n<div><\/div>\n<p>&nbsp;<\/p>","protected":false},"excerpt":{"rendered":"<p>Lipni\u0173 lapeli\u0173 ir indeks\u0173 rinkinys, 12 rinkini\u0173 ( po 40 lapeli\u0173 ) ir kartoninis vir\u0161elis.<\/p>","protected":false},"featured_media":35049,"comment_status":"open","ping_status":"closed","template":"","meta":{"_season_start":"","_season_end":"","_season_days":"","_season_months":"","_season_auto_visibility":"1"},"product_brand":[868],"product_cat":[1769,1575,1771,125],"product_tag":[],"class_list":{"0":"post-35053","1":"product","2":"type-product","3":"status-publish","4":"has-post-thumbnail","6":"product_brand-hd","7":"product_cat-76-x-76-mm","8":"product_cat-lipnus-indeksai","9":"product_cat-lipnus-kubai","10":"product_cat-verslo-dovanos","12":"first","13":"instock","14":"taxable","15":"shipping-taxable","16":"purchasable","17":"product-type-simple"},"yoast_head":"<!-- This site is optimized with the Yoast SEO plugin v26.1.1 - https:\/\/yoast.com\/wordpress\/plugins\/seo\/ -->\n<title>Lipni\u0173 lapeli\u0173 ir indeks\u0173 rinkinys &quot;Lovecraft&quot; nat\u016bralios spalvos HD 93793-160 - Rutana - Ra\u0161tin\u0117s reikmenys<\/title>\n<meta name=\"robots\" content=\"index, follow, max-snippet:-1, max-image-preview:large, max-video-preview:-1\" \/>\n<link rel=\"canonical\" href=\"https:\/\/rutana.lt\/en\/product\/lipniu-lapeliu-ir-indeksu-rinkinys-lovecraft-naturalios-spalvos-hd-93793-160\/\" \/>\n<meta property=\"og:locale\" content=\"en_US\" \/>\n<meta property=\"og:type\" content=\"article\" \/>\n<meta property=\"og:title\" content=\"Lipni\u0173 lapeli\u0173 ir indeks\u0173 rinkinys &quot;Lovecraft&quot; nat\u016bralios spalvos HD 93793-160 - Rutana - Ra\u0161tin\u0117s reikmenys\" \/>\n<meta property=\"og:description\" content=\"Lipni\u0173 lapeli\u0173 ir indeks\u0173 rinkinys, 12 rinkini\u0173 ( po 40 lapeli\u0173 ) ir kartoninis vir\u0161elis.\" \/>\n<meta property=\"og:url\" content=\"https:\/\/rutana.lt\/en\/product\/lipniu-lapeliu-ir-indeksu-rinkinys-lovecraft-naturalios-spalvos-hd-93793-160\/\" \/>\n<meta property=\"og:site_name\" content=\"Rutana - Ra\u0161tin\u0117s reikmenys\" \/>\n<meta property=\"article:publisher\" content=\"https:\/\/www.facebook.com\/RutanaKanceliarinesPrekes\/\" \/>\n<meta property=\"article:modified_time\" content=\"2026-02-15T07:45:38+00:00\" \/>\n<meta property=\"og:image\" content=\"https:\/\/rutana.lt\/wp-content\/uploads\/2026\/02\/A104-208.jpg\" \/>\n\t<meta property=\"og:image:width\" content=\"1200\" \/>\n\t<meta property=\"og:image:height\" content=\"1200\" \/>\n\t<meta property=\"og:image:type\" content=\"image\/jpeg\" \/>\n<meta name=\"twitter:card\" content=\"summary_large_image\" \/>\n<meta name=\"twitter:label1\" content=\"Est. reading time\" \/>\n\t<meta name=\"twitter:data1\" content=\"1 minute\" \/>\n<script type=\"application\/ld+json\" class=\"yoast-schema-graph\">{\"@context\":\"https:\/\/schema.org\",\"@graph\":[{\"@type\":\"WebPage\",\"@id\":\"https:\/\/rutana.lt\/produktas\/lipniu-lapeliu-ir-indeksu-rinkinys-lovecraft-naturalios-spalvos-hd-93793-160\/\",\"url\":\"https:\/\/rutana.lt\/produktas\/lipniu-lapeliu-ir-indeksu-rinkinys-lovecraft-naturalios-spalvos-hd-93793-160\/\",\"name\":\"Lipni\u0173 lapeli\u0173 ir indeks\u0173 rinkinys \\\"Lovecraft\\\" nat\u016bralios spalvos HD 93793-160 - Rutana - Ra\u0161tin\u0117s reikmenys\",\"isPartOf\":{\"@id\":\"https:\/\/rutana.lt\/#website\"},\"primaryImageOfPage\":{\"@id\":\"https:\/\/rutana.lt\/produktas\/lipniu-lapeliu-ir-indeksu-rinkinys-lovecraft-naturalios-spalvos-hd-93793-160\/#primaryimage\"},\"image\":{\"@id\":\"https:\/\/rutana.lt\/produktas\/lipniu-lapeliu-ir-indeksu-rinkinys-lovecraft-naturalios-spalvos-hd-93793-160\/#primaryimage\"},\"thumbnailUrl\":\"https:\/\/rutana.lt\/wp-content\/uploads\/2026\/02\/A104-208.jpg\",\"datePublished\":\"2026-02-15T07:43:47+00:00\",\"dateModified\":\"2026-02-15T07:45:38+00:00\",\"breadcrumb\":{\"@id\":\"https:\/\/rutana.lt\/produktas\/lipniu-lapeliu-ir-indeksu-rinkinys-lovecraft-naturalios-spalvos-hd-93793-160\/#breadcrumb\"},\"inLanguage\":\"en-US\",\"potentialAction\":[{\"@type\":\"ReadAction\",\"target\":[\"https:\/\/rutana.lt\/produktas\/lipniu-lapeliu-ir-indeksu-rinkinys-lovecraft-naturalios-spalvos-hd-93793-160\/\"]}]},{\"@type\":\"ImageObject\",\"inLanguage\":\"en-US\",\"@id\":\"https:\/\/rutana.lt\/produktas\/lipniu-lapeliu-ir-indeksu-rinkinys-lovecraft-naturalios-spalvos-hd-93793-160\/#primaryimage\",\"url\":\"https:\/\/rutana.lt\/wp-content\/uploads\/2026\/02\/A104-208.jpg\",\"contentUrl\":\"https:\/\/rutana.lt\/wp-content\/uploads\/2026\/02\/A104-208.jpg\",\"width\":1200,\"height\":1200},{\"@type\":\"BreadcrumbList\",\"@id\":\"https:\/\/rutana.lt\/produktas\/lipniu-lapeliu-ir-indeksu-rinkinys-lovecraft-naturalios-spalvos-hd-93793-160\/#breadcrumb\",\"itemListElement\":[{\"@type\":\"ListItem\",\"position\":1,\"name\":\"Home\",\"item\":\"https:\/\/rutana.lt\/\"},{\"@type\":\"ListItem\",\"position\":2,\"name\":\"Parduotuv\u0117\",\"item\":\"https:\/\/rutana.lt\/parduotuve\/\"},{\"@type\":\"ListItem\",\"position\":3,\"name\":\"Lipni\u0173 lapeli\u0173 ir indeks\u0173 rinkinys &#8222;Lovecraft&#8221; nat\u016bralios spalvos HD 93793-160\"}]},{\"@type\":\"WebSite\",\"@id\":\"https:\/\/rutana.lt\/#website\",\"url\":\"https:\/\/rutana.lt\/\",\"name\":\"Rutana - Ra\u0161tin\u0117s reikmenys\",\"description\":\"Prekiaujame pasaulin\u0117je rinkoje pripa\u017eintomis, kokybi\u0161komis biuro prek\u0117mis toki\u0173  gamintoj\u0173 kaip: Schneider, Esselte, Novus, 3M, Faber-Castell, Citizen, Milan, Leitz, Colop, Zebra, Staedtler, Durable, Tork, Parker, Waterman ir kt.\",\"publisher\":{\"@id\":\"https:\/\/rutana.lt\/#organization\"},\"potentialAction\":[{\"@type\":\"SearchAction\",\"target\":{\"@type\":\"EntryPoint\",\"urlTemplate\":\"https:\/\/rutana.lt\/?s={search_term_string}\"},\"query-input\":{\"@type\":\"PropertyValueSpecification\",\"valueRequired\":true,\"valueName\":\"search_term_string\"}}],\"inLanguage\":\"en-US\"},{\"@type\":\"Organization\",\"@id\":\"https:\/\/rutana.lt\/#organization\",\"name\":\"Rutana - Ra\u0161tin\u0117s reikmenys\",\"url\":\"https:\/\/rutana.lt\/\",\"logo\":{\"@type\":\"ImageObject\",\"inLanguage\":\"en-US\",\"@id\":\"https:\/\/rutana.lt\/#\/schema\/logo\/image\/\",\"url\":\"https:\/\/rutana.lt\/wp-content\/uploads\/2025\/10\/Asset-32.png\",\"contentUrl\":\"https:\/\/rutana.lt\/wp-content\/uploads\/2025\/10\/Asset-32.png\",\"width\":433,\"height\":119,\"caption\":\"Rutana - Ra\u0161tin\u0117s reikmenys\"},\"image\":{\"@id\":\"https:\/\/rutana.lt\/#\/schema\/logo\/image\/\"},\"sameAs\":[\"https:\/\/www.facebook.com\/RutanaKanceliarinesPrekes\/\"]}]}<\/script>\n<!-- \/ Yoast SEO plugin. -->","yoast_head_json":{"title":"Lipni\u0173 lapeli\u0173 ir indeks\u0173 rinkinys \"Lovecraft\" nat\u016bralios spalvos HD 93793-160 - Rutana - Ra\u0161tin\u0117s reikmenys","robots":{"index":"index","follow":"follow","max-snippet":"max-snippet:-1","max-image-preview":"max-image-preview:large","max-video-preview":"max-video-preview:-1"},"canonical":"https:\/\/rutana.lt\/en\/product\/lipniu-lapeliu-ir-indeksu-rinkinys-lovecraft-naturalios-spalvos-hd-93793-160\/","og_locale":"en_US","og_type":"article","og_title":"Lipni\u0173 lapeli\u0173 ir indeks\u0173 rinkinys \"Lovecraft\" nat\u016bralios spalvos HD 93793-160 - Rutana - Ra\u0161tin\u0117s reikmenys","og_description":"Lipni\u0173 lapeli\u0173 ir indeks\u0173 rinkinys, 12 rinkini\u0173 ( po 40 lapeli\u0173 ) ir kartoninis vir\u0161elis.","og_url":"https:\/\/rutana.lt\/en\/product\/lipniu-lapeliu-ir-indeksu-rinkinys-lovecraft-naturalios-spalvos-hd-93793-160\/","og_site_name":"Rutana - Ra\u0161tin\u0117s reikmenys","article_publisher":"https:\/\/www.facebook.com\/RutanaKanceliarinesPrekes\/","article_modified_time":"2026-02-15T07:45:38+00:00","og_image":[{"width":1200,"height":1200,"url":"https:\/\/rutana.lt\/wp-content\/uploads\/2026\/02\/A104-208.jpg","type":"image\/jpeg"}],"twitter_card":"summary_large_image","twitter_misc":{"Est. reading time":"1 minute"},"schema":{"@context":"https:\/\/schema.org","@graph":[{"@type":"WebPage","@id":"https:\/\/rutana.lt\/produktas\/lipniu-lapeliu-ir-indeksu-rinkinys-lovecraft-naturalios-spalvos-hd-93793-160\/","url":"https:\/\/rutana.lt\/produktas\/lipniu-lapeliu-ir-indeksu-rinkinys-lovecraft-naturalios-spalvos-hd-93793-160\/","name":"Lipni\u0173 lapeli\u0173 ir indeks\u0173 rinkinys \"Lovecraft\" nat\u016bralios spalvos HD 93793-160 - Rutana - Ra\u0161tin\u0117s reikmenys","isPartOf":{"@id":"https:\/\/rutana.lt\/#website"},"primaryImageOfPage":{"@id":"https:\/\/rutana.lt\/produktas\/lipniu-lapeliu-ir-indeksu-rinkinys-lovecraft-naturalios-spalvos-hd-93793-160\/#primaryimage"},"image":{"@id":"https:\/\/rutana.lt\/produktas\/lipniu-lapeliu-ir-indeksu-rinkinys-lovecraft-naturalios-spalvos-hd-93793-160\/#primaryimage"},"thumbnailUrl":"https:\/\/rutana.lt\/wp-content\/uploads\/2026\/02\/A104-208.jpg","datePublished":"2026-02-15T07:43:47+00:00","dateModified":"2026-02-15T07:45:38+00:00","breadcrumb":{"@id":"https:\/\/rutana.lt\/produktas\/lipniu-lapeliu-ir-indeksu-rinkinys-lovecraft-naturalios-spalvos-hd-93793-160\/#breadcrumb"},"inLanguage":"en-US","potentialAction":[{"@type":"ReadAction","target":["https:\/\/rutana.lt\/produktas\/lipniu-lapeliu-ir-indeksu-rinkinys-lovecraft-naturalios-spalvos-hd-93793-160\/"]}]},{"@type":"ImageObject","inLanguage":"en-US","@id":"https:\/\/rutana.lt\/produktas\/lipniu-lapeliu-ir-indeksu-rinkinys-lovecraft-naturalios-spalvos-hd-93793-160\/#primaryimage","url":"https:\/\/rutana.lt\/wp-content\/uploads\/2026\/02\/A104-208.jpg","contentUrl":"https:\/\/rutana.lt\/wp-content\/uploads\/2026\/02\/A104-208.jpg","width":1200,"height":1200},{"@type":"BreadcrumbList","@id":"https:\/\/rutana.lt\/produktas\/lipniu-lapeliu-ir-indeksu-rinkinys-lovecraft-naturalios-spalvos-hd-93793-160\/#breadcrumb","itemListElement":[{"@type":"ListItem","position":1,"name":"Home","item":"https:\/\/rutana.lt\/"},{"@type":"ListItem","position":2,"name":"Parduotuv\u0117","item":"https:\/\/rutana.lt\/parduotuve\/"},{"@type":"ListItem","position":3,"name":"Lipni\u0173 lapeli\u0173 ir indeks\u0173 rinkinys &#8222;Lovecraft&#8221; nat\u016bralios spalvos HD 93793-160"}]},{"@type":"WebSite","@id":"https:\/\/rutana.lt\/#website","url":"https:\/\/rutana.lt\/","name":"Rutana - Ra\u0161tin\u0117s reikmenys","description":"Prekiaujame pasaulin\u0117je rinkoje pripa\u017eintomis, kokybi\u0161komis biuro prek\u0117mis toki\u0173  gamintoj\u0173 kaip: Schneider, Esselte, Novus, 3M, Faber-Castell, Citizen, Milan, Leitz, Colop, Zebra, Staedtler, Durable, Tork, Parker, Waterman ir kt.","publisher":{"@id":"https:\/\/rutana.lt\/#organization"},"potentialAction":[{"@type":"SearchAction","target":{"@type":"EntryPoint","urlTemplate":"https:\/\/rutana.lt\/?s={search_term_string}"},"query-input":{"@type":"PropertyValueSpecification","valueRequired":true,"valueName":"search_term_string"}}],"inLanguage":"en-US"},{"@type":"Organization","@id":"https:\/\/rutana.lt\/#organization","name":"Rutana - Ra\u0161tin\u0117s reikmenys","url":"https:\/\/rutana.lt\/","logo":{"@type":"ImageObject","inLanguage":"en-US","@id":"https:\/\/rutana.lt\/#\/schema\/logo\/image\/","url":"https:\/\/rutana.lt\/wp-content\/uploads\/2025\/10\/Asset-32.png","contentUrl":"https:\/\/rutana.lt\/wp-content\/uploads\/2025\/10\/Asset-32.png","width":433,"height":119,"caption":"Rutana - Ra\u0161tin\u0117s reikmenys"},"image":{"@id":"https:\/\/rutana.lt\/#\/schema\/logo\/image\/"},"sameAs":["https:\/\/www.facebook.com\/RutanaKanceliarinesPrekes\/"]}]}},"_links":{"self":[{"href":"https:\/\/rutana.lt\/en\/wp-json\/wp\/v2\/product\/35053","targetHints":{"allow":["GET"]}}],"collection":[{"href":"https:\/\/rutana.lt\/en\/wp-json\/wp\/v2\/product"}],"about":[{"href":"https:\/\/rutana.lt\/en\/wp-json\/wp\/v2\/types\/product"}],"replies":[{"embeddable":true,"href":"https:\/\/rutana.lt\/en\/wp-json\/wp\/v2\/comments?post=35053"}],"version-history":[{"count":2,"href":"https:\/\/rutana.lt\/en\/wp-json\/wp\/v2\/product\/35053\/revisions"}],"predecessor-version":[{"id":35055,"href":"https:\/\/rutana.lt\/en\/wp-json\/wp\/v2\/product\/35053\/revisions\/35055"}],"wp:featuredmedia":[{"embeddable":true,"href":"https:\/\/rutana.lt\/en\/wp-json\/wp\/v2\/media\/35049"}],"wp:attachment":[{"href":"https:\/\/rutana.lt\/en\/wp-json\/wp\/v2\/media?parent=35053"}],"wp:term":[{"taxonomy":"product_brand","embeddable":true,"href":"https:\/\/rutana.lt\/en\/wp-json\/wp\/v2\/product_brand?post=35053"},{"taxonomy":"product_cat","embeddable":true,"href":"https:\/\/rutana.lt\/en\/wp-json\/wp\/v2\/product_cat?post=35053"},{"taxonomy":"product_tag","embeddable":true,"href":"https:\/\/rutana.lt\/en\/wp-json\/wp\/v2\/product_tag?post=35053"}],"curies":[{"name":"wp","href":"https:\/\/api.w.org\/{rel}","templated":true}]}}