{"id":3505,"date":"2025-09-03T08:36:24","date_gmt":"2025-09-03T06:36:24","guid":{"rendered":"https:\/\/rutana.webdemo.lt\/?post_type=product&#038;p=3505"},"modified":"2025-10-13T15:18:08","modified_gmt":"2025-10-13T13:18:08","slug":"kompaktinis-diskas-dvd-r-4-7gb-16x-verbatim-43547","status":"publish","type":"product","link":"https:\/\/rutana.lt\/en\/product\/kompaktinis-diskas-dvd-r-4-7gb-16x-verbatim-43547\/","title":{"rendered":"Kompaktinis diskas DVD-R 4.7GB 16x Verbatim 43547"},"content":{"rendered":"<p>\u012era\u0161omas DVD &#8211; R diskas, idealus skaitmenini\u0173 nuotrauk\u0173, film\u0173, video fail\u0173  ir kitoki\u0173 dokument\u0173 saugojimui bei naudojimui. Disk\u0105 \u012fra\u0161ysite ma\u017edaug per 5 minutes, naudodami maksimal\u0173 greit\u012f. Diskas parduodamas plonoje ( slim ) d\u0117\u017eut\u0117je su lapeliu u\u017era\u0161ams.<\/p>\n<p>Disko talpa: 4.7 GB<\/p>\n<p>Disko trukm\u0117: 120 min<\/p>\n<p>Disko maksimalus \u012fra\u0161ymo greitis: 16x<\/p>\n<p>\u012era\u0161ym\u0173 kiekis: vienkartinis<\/p>\n<\/p>\n<p><\/p>","protected":false},"excerpt":{"rendered":"<p>\u012era\u0161omas DVD &#8211; R diskas, idealus skaitmenini\u0173 nuotrauk\u0173, film\u0173, video fail\u0173 ir kitoki\u0173 dokument\u0173 saugojimui bei naudojimui. Disk\u0105 \u012fra\u0161ysite ma\u017edaug per 5 minutes, naudodami maksimal\u0173 greit\u012f. Diskas parduodamas plonoje ( slim ) d\u0117\u017eut\u0117je su lapeliu u\u017era\u0161ams. Disko talpa: 4.7 GB Disko trukm\u0117: 120 min Disko maksimalus \u012fra\u0161ymo greitis: 16x \u012era\u0161ym\u0173 kiekis: vienkartinis<\/p>","protected":false},"featured_media":24858,"comment_status":"open","ping_status":"closed","template":"","meta":{"_season_start":"","_season_end":"","_season_days":"","_season_months":"","_season_auto_visibility":""},"product_brand":[184],"product_cat":[1609],"product_tag":[],"class_list":{"0":"post-3505","1":"product","2":"type-product","3":"status-publish","4":"has-post-thumbnail","6":"product_brand-verbatim","7":"product_cat-dvd-diskai","9":"first","10":"instock","11":"taxable","12":"shipping-taxable","13":"purchasable","14":"product-type-simple"},"yoast_head":"<!-- This site is optimized with the Yoast SEO plugin v27.4 - https:\/\/yoast.com\/product\/yoast-seo-wordpress\/ -->\n<title>Kompaktinis diskas DVD-R 4.7GB 16x Verbatim 43547 - Rutana - Ra\u0161tin\u0117s reikmenys<\/title>\n<meta name=\"robots\" content=\"index, follow, max-snippet:-1, max-image-preview:large, max-video-preview:-1\" \/>\n<link rel=\"canonical\" href=\"https:\/\/rutana.lt\/en\/product\/kompaktinis-diskas-dvd-r-4-7gb-16x-verbatim-43547\/\" \/>\n<meta property=\"og:locale\" content=\"en_US\" \/>\n<meta property=\"og:type\" content=\"article\" \/>\n<meta property=\"og:title\" content=\"Kompaktinis diskas DVD-R 4.7GB 16x Verbatim 43547 - Rutana - Ra\u0161tin\u0117s reikmenys\" \/>\n<meta property=\"og:description\" content=\"\u012era\u0161omas DVD &#8211; R diskas, idealus skaitmenini\u0173 nuotrauk\u0173, film\u0173, video fail\u0173 ir kitoki\u0173 dokument\u0173 saugojimui bei naudojimui. Disk\u0105 \u012fra\u0161ysite ma\u017edaug per 5 minutes, naudodami maksimal\u0173 greit\u012f. Diskas parduodamas plonoje ( slim ) d\u0117\u017eut\u0117je su lapeliu u\u017era\u0161ams. Disko talpa: 4.7 GB Disko trukm\u0117: 120 min Disko maksimalus \u012fra\u0161ymo greitis: 16x \u012era\u0161ym\u0173 kiekis: vienkartinis\" \/>\n<meta property=\"og:url\" content=\"https:\/\/rutana.lt\/en\/product\/kompaktinis-diskas-dvd-r-4-7gb-16x-verbatim-43547\/\" \/>\n<meta property=\"og:site_name\" content=\"Rutana - Ra\u0161tin\u0117s reikmenys\" \/>\n<meta property=\"article:publisher\" content=\"https:\/\/www.facebook.com\/RutanaKanceliarinesPrekes\/\" \/>\n<meta property=\"article:modified_time\" content=\"2025-10-13T13:18:08+00:00\" \/>\n<meta property=\"og:image\" content=\"https:\/\/rutana.lt\/wp-content\/uploads\/2025\/09\/B036-314.jpg\" \/>\n\t<meta property=\"og:image:width\" content=\"530\" \/>\n\t<meta property=\"og:image:height\" content=\"464\" \/>\n\t<meta property=\"og:image:type\" content=\"image\/jpeg\" \/>\n<meta name=\"twitter:card\" content=\"summary_large_image\" \/>\n<script type=\"application\/ld+json\" class=\"yoast-schema-graph\">{\"@context\":\"https:\\\/\\\/schema.org\",\"@graph\":[{\"@type\":\"WebPage\",\"@id\":\"https:\\\/\\\/rutana.lt\\\/produktas\\\/kompaktinis-diskas-dvd-r-4-7gb-16x-verbatim-43547\\\/\",\"url\":\"https:\\\/\\\/rutana.lt\\\/produktas\\\/kompaktinis-diskas-dvd-r-4-7gb-16x-verbatim-43547\\\/\",\"name\":\"Kompaktinis diskas DVD-R 4.7GB 16x Verbatim 43547 - Rutana - Ra\u0161tin\u0117s reikmenys\",\"isPartOf\":{\"@id\":\"https:\\\/\\\/rutana.lt\\\/#website\"},\"primaryImageOfPage\":{\"@id\":\"https:\\\/\\\/rutana.lt\\\/produktas\\\/kompaktinis-diskas-dvd-r-4-7gb-16x-verbatim-43547\\\/#primaryimage\"},\"image\":{\"@id\":\"https:\\\/\\\/rutana.lt\\\/produktas\\\/kompaktinis-diskas-dvd-r-4-7gb-16x-verbatim-43547\\\/#primaryimage\"},\"thumbnailUrl\":\"https:\\\/\\\/rutana.lt\\\/wp-content\\\/uploads\\\/2025\\\/09\\\/B036-314-1.jpg?v=1763623319\",\"datePublished\":\"2025-09-03T06:36:24+00:00\",\"dateModified\":\"2025-10-13T13:18:08+00:00\",\"breadcrumb\":{\"@id\":\"https:\\\/\\\/rutana.lt\\\/produktas\\\/kompaktinis-diskas-dvd-r-4-7gb-16x-verbatim-43547\\\/#breadcrumb\"},\"inLanguage\":\"en-US\",\"potentialAction\":[{\"@type\":\"ReadAction\",\"target\":[\"https:\\\/\\\/rutana.lt\\\/produktas\\\/kompaktinis-diskas-dvd-r-4-7gb-16x-verbatim-43547\\\/\"]}]},{\"@type\":\"ImageObject\",\"inLanguage\":\"en-US\",\"@id\":\"https:\\\/\\\/rutana.lt\\\/produktas\\\/kompaktinis-diskas-dvd-r-4-7gb-16x-verbatim-43547\\\/#primaryimage\",\"url\":\"https:\\\/\\\/rutana.lt\\\/wp-content\\\/uploads\\\/2025\\\/09\\\/B036-314-1.jpg?v=1763623319\",\"contentUrl\":\"https:\\\/\\\/rutana.lt\\\/wp-content\\\/uploads\\\/2025\\\/09\\\/B036-314-1.jpg?v=1763623319\",\"width\":530,\"height\":464},{\"@type\":\"BreadcrumbList\",\"@id\":\"https:\\\/\\\/rutana.lt\\\/produktas\\\/kompaktinis-diskas-dvd-r-4-7gb-16x-verbatim-43547\\\/#breadcrumb\",\"itemListElement\":[{\"@type\":\"ListItem\",\"position\":1,\"name\":\"Home\",\"item\":\"https:\\\/\\\/rutana.lt\\\/\"},{\"@type\":\"ListItem\",\"position\":2,\"name\":\"Parduotuv\u0117\",\"item\":\"https:\\\/\\\/rutana.lt\\\/parduotuve\\\/\"},{\"@type\":\"ListItem\",\"position\":3,\"name\":\"Kompaktinis diskas DVD-R 4.7GB 16x Verbatim 43547\"}]},{\"@type\":\"WebSite\",\"@id\":\"https:\\\/\\\/rutana.lt\\\/#website\",\"url\":\"https:\\\/\\\/rutana.lt\\\/\",\"name\":\"Rutana - Ra\u0161tin\u0117s reikmenys\",\"description\":\"Prekiaujame pasaulin\u0117je rinkoje pripa\u017eintomis, kokybi\u0161komis biuro prek\u0117mis toki\u0173  gamintoj\u0173 kaip: Schneider, Esselte, Novus, 3M, Faber-Castell, Citizen, Milan, Leitz, Colop, Zebra, Staedtler, Durable, Tork, Parker, Waterman ir kt.\",\"publisher\":{\"@id\":\"https:\\\/\\\/rutana.lt\\\/#organization\"},\"potentialAction\":[{\"@type\":\"SearchAction\",\"target\":{\"@type\":\"EntryPoint\",\"urlTemplate\":\"https:\\\/\\\/rutana.lt\\\/?s={search_term_string}\"},\"query-input\":{\"@type\":\"PropertyValueSpecification\",\"valueRequired\":true,\"valueName\":\"search_term_string\"}}],\"inLanguage\":\"en-US\"},{\"@type\":\"Organization\",\"@id\":\"https:\\\/\\\/rutana.lt\\\/#organization\",\"name\":\"Rutana - Ra\u0161tin\u0117s reikmenys\",\"url\":\"https:\\\/\\\/rutana.lt\\\/\",\"logo\":{\"@type\":\"ImageObject\",\"inLanguage\":\"en-US\",\"@id\":\"https:\\\/\\\/rutana.lt\\\/#\\\/schema\\\/logo\\\/image\\\/\",\"url\":\"https:\\\/\\\/rutana.lt\\\/wp-content\\\/uploads\\\/2025\\\/10\\\/Asset-32.png\",\"contentUrl\":\"https:\\\/\\\/rutana.lt\\\/wp-content\\\/uploads\\\/2025\\\/10\\\/Asset-32.png\",\"width\":433,\"height\":119,\"caption\":\"Rutana - Ra\u0161tin\u0117s reikmenys\"},\"image\":{\"@id\":\"https:\\\/\\\/rutana.lt\\\/#\\\/schema\\\/logo\\\/image\\\/\"},\"sameAs\":[\"https:\\\/\\\/www.facebook.com\\\/RutanaKanceliarinesPrekes\\\/\"]}]}<\/script>\n<!-- \/ Yoast SEO plugin. -->","yoast_head_json":{"title":"Kompaktinis diskas DVD-R 4.7GB 16x Verbatim 43547 - Rutana - Ra\u0161tin\u0117s reikmenys","robots":{"index":"index","follow":"follow","max-snippet":"max-snippet:-1","max-image-preview":"max-image-preview:large","max-video-preview":"max-video-preview:-1"},"canonical":"https:\/\/rutana.lt\/en\/product\/kompaktinis-diskas-dvd-r-4-7gb-16x-verbatim-43547\/","og_locale":"en_US","og_type":"article","og_title":"Kompaktinis diskas DVD-R 4.7GB 16x Verbatim 43547 - Rutana - Ra\u0161tin\u0117s reikmenys","og_description":"\u012era\u0161omas DVD &#8211; R diskas, idealus skaitmenini\u0173 nuotrauk\u0173, film\u0173, video fail\u0173 ir kitoki\u0173 dokument\u0173 saugojimui bei naudojimui. Disk\u0105 \u012fra\u0161ysite ma\u017edaug per 5 minutes, naudodami maksimal\u0173 greit\u012f. Diskas parduodamas plonoje ( slim ) d\u0117\u017eut\u0117je su lapeliu u\u017era\u0161ams. Disko talpa: 4.7 GB Disko trukm\u0117: 120 min Disko maksimalus \u012fra\u0161ymo greitis: 16x \u012era\u0161ym\u0173 kiekis: vienkartinis","og_url":"https:\/\/rutana.lt\/en\/product\/kompaktinis-diskas-dvd-r-4-7gb-16x-verbatim-43547\/","og_site_name":"Rutana - Ra\u0161tin\u0117s reikmenys","article_publisher":"https:\/\/www.facebook.com\/RutanaKanceliarinesPrekes\/","article_modified_time":"2025-10-13T13:18:08+00:00","og_image":[{"width":530,"height":464,"url":"https:\/\/rutana.lt\/wp-content\/uploads\/2025\/09\/B036-314.jpg","type":"image\/jpeg"}],"twitter_card":"summary_large_image","schema":{"@context":"https:\/\/schema.org","@graph":[{"@type":"WebPage","@id":"https:\/\/rutana.lt\/produktas\/kompaktinis-diskas-dvd-r-4-7gb-16x-verbatim-43547\/","url":"https:\/\/rutana.lt\/produktas\/kompaktinis-diskas-dvd-r-4-7gb-16x-verbatim-43547\/","name":"Kompaktinis diskas DVD-R 4.7GB 16x Verbatim 43547 - Rutana - Ra\u0161tin\u0117s reikmenys","isPartOf":{"@id":"https:\/\/rutana.lt\/#website"},"primaryImageOfPage":{"@id":"https:\/\/rutana.lt\/produktas\/kompaktinis-diskas-dvd-r-4-7gb-16x-verbatim-43547\/#primaryimage"},"image":{"@id":"https:\/\/rutana.lt\/produktas\/kompaktinis-diskas-dvd-r-4-7gb-16x-verbatim-43547\/#primaryimage"},"thumbnailUrl":"https:\/\/rutana.lt\/wp-content\/uploads\/2025\/09\/B036-314-1.jpg?v=1763623319","datePublished":"2025-09-03T06:36:24+00:00","dateModified":"2025-10-13T13:18:08+00:00","breadcrumb":{"@id":"https:\/\/rutana.lt\/produktas\/kompaktinis-diskas-dvd-r-4-7gb-16x-verbatim-43547\/#breadcrumb"},"inLanguage":"en-US","potentialAction":[{"@type":"ReadAction","target":["https:\/\/rutana.lt\/produktas\/kompaktinis-diskas-dvd-r-4-7gb-16x-verbatim-43547\/"]}]},{"@type":"ImageObject","inLanguage":"en-US","@id":"https:\/\/rutana.lt\/produktas\/kompaktinis-diskas-dvd-r-4-7gb-16x-verbatim-43547\/#primaryimage","url":"https:\/\/rutana.lt\/wp-content\/uploads\/2025\/09\/B036-314-1.jpg?v=1763623319","contentUrl":"https:\/\/rutana.lt\/wp-content\/uploads\/2025\/09\/B036-314-1.jpg?v=1763623319","width":530,"height":464},{"@type":"BreadcrumbList","@id":"https:\/\/rutana.lt\/produktas\/kompaktinis-diskas-dvd-r-4-7gb-16x-verbatim-43547\/#breadcrumb","itemListElement":[{"@type":"ListItem","position":1,"name":"Home","item":"https:\/\/rutana.lt\/"},{"@type":"ListItem","position":2,"name":"Parduotuv\u0117","item":"https:\/\/rutana.lt\/parduotuve\/"},{"@type":"ListItem","position":3,"name":"Kompaktinis diskas DVD-R 4.7GB 16x Verbatim 43547"}]},{"@type":"WebSite","@id":"https:\/\/rutana.lt\/#website","url":"https:\/\/rutana.lt\/","name":"Rutana - Ra\u0161tin\u0117s reikmenys","description":"Prekiaujame pasaulin\u0117je rinkoje pripa\u017eintomis, kokybi\u0161komis biuro prek\u0117mis toki\u0173  gamintoj\u0173 kaip: Schneider, Esselte, Novus, 3M, Faber-Castell, Citizen, Milan, Leitz, Colop, Zebra, Staedtler, Durable, Tork, Parker, Waterman ir kt.","publisher":{"@id":"https:\/\/rutana.lt\/#organization"},"potentialAction":[{"@type":"SearchAction","target":{"@type":"EntryPoint","urlTemplate":"https:\/\/rutana.lt\/?s={search_term_string}"},"query-input":{"@type":"PropertyValueSpecification","valueRequired":true,"valueName":"search_term_string"}}],"inLanguage":"en-US"},{"@type":"Organization","@id":"https:\/\/rutana.lt\/#organization","name":"Rutana - Ra\u0161tin\u0117s reikmenys","url":"https:\/\/rutana.lt\/","logo":{"@type":"ImageObject","inLanguage":"en-US","@id":"https:\/\/rutana.lt\/#\/schema\/logo\/image\/","url":"https:\/\/rutana.lt\/wp-content\/uploads\/2025\/10\/Asset-32.png","contentUrl":"https:\/\/rutana.lt\/wp-content\/uploads\/2025\/10\/Asset-32.png","width":433,"height":119,"caption":"Rutana - Ra\u0161tin\u0117s reikmenys"},"image":{"@id":"https:\/\/rutana.lt\/#\/schema\/logo\/image\/"},"sameAs":["https:\/\/www.facebook.com\/RutanaKanceliarinesPrekes\/"]}]}},"_links":{"self":[{"href":"https:\/\/rutana.lt\/en\/wp-json\/wp\/v2\/product\/3505","targetHints":{"allow":["GET"]}}],"collection":[{"href":"https:\/\/rutana.lt\/en\/wp-json\/wp\/v2\/product"}],"about":[{"href":"https:\/\/rutana.lt\/en\/wp-json\/wp\/v2\/types\/product"}],"replies":[{"embeddable":true,"href":"https:\/\/rutana.lt\/en\/wp-json\/wp\/v2\/comments?post=3505"}],"version-history":[{"count":1,"href":"https:\/\/rutana.lt\/en\/wp-json\/wp\/v2\/product\/3505\/revisions"}],"predecessor-version":[{"id":3545,"href":"https:\/\/rutana.lt\/en\/wp-json\/wp\/v2\/product\/3505\/revisions\/3545"}],"wp:featuredmedia":[{"embeddable":true,"href":"https:\/\/rutana.lt\/en\/wp-json\/wp\/v2\/media\/24858"}],"wp:attachment":[{"href":"https:\/\/rutana.lt\/en\/wp-json\/wp\/v2\/media?parent=3505"}],"wp:term":[{"taxonomy":"product_brand","embeddable":true,"href":"https:\/\/rutana.lt\/en\/wp-json\/wp\/v2\/product_brand?post=3505"},{"taxonomy":"product_cat","embeddable":true,"href":"https:\/\/rutana.lt\/en\/wp-json\/wp\/v2\/product_cat?post=3505"},{"taxonomy":"product_tag","embeddable":true,"href":"https:\/\/rutana.lt\/en\/wp-json\/wp\/v2\/product_tag?post=3505"}],"curies":[{"name":"wp","href":"https:\/\/api.w.org\/{rel}","templated":true}]}}