{"id":34900,"date":"2026-02-12T09:03:28","date_gmt":"2026-02-12T07:03:28","guid":{"rendered":"https:\/\/rutana.lt\/?post_type=product&#038;p=34900"},"modified":"2026-02-12T09:04:51","modified_gmt":"2026-02-12T07:04:51","slug":"automatinis-gelio-rasiklis-energel-pen-0-5mm-juodas-pentel-bln75aw","status":"publish","type":"product","link":"https:\/\/rutana.lt\/en\/product\/automatinis-gelio-rasiklis-energel-pen-0-5mm-juodas-pentel-bln75aw\/","title":{"rendered":"Automatinis gelio ra\u0161iklis Energel Pen 0.5mm juodas Pentel BLN75AW"},"content":{"rendered":"<p>Patirkite tobul\u0105 na\u0161umo ir stiliaus derin\u012f su \u201ePentel Energel\u201c ra\u0161ikliu. Jis pasi\u017eymi itin lygiu, greitai d\u017ei\u016bstan\u010diu geliniu ra\u0161alu, u\u017etikrinan\u010diu \u0161var\u0173 ir ai\u0161k\u0173 ra\u0161ym\u0105 be joki\u0173 d\u0117mi\u0173 ar i\u0161tepim\u0173. Eleganti\u0161kas baltas perl\u0173 apdailos korpusas suteikia rafinuotumo, o gumin\u0117 rankena u\u017etikrina ilgalaik\u012f komfort\u0105 naudojant ilg\u0105 laik\u0105. Idealiai tinka ra\u0161ymui mokykloje, biure ar keliaujant. Greitai d\u017ei\u016bstantis \u201eEnergel\u201c ra\u0161alas \u2013 puikiai tinka kairiarankiams.<\/p>\n<p>\u0160erdel\u0117s galvut\u0117s storis: 0.5 mm<\/p>\n<p>Tu\u0161o spalva: juoda<\/p>\n<p>Kilm\u0117s \u0161alis: Japonija<\/p>\n<p>&nbsp;<\/p>\n<p>&nbsp;<\/p>\n<p>&nbsp;<\/p>","protected":false},"excerpt":{"rendered":"<p>Patirkite tobul\u0105 na\u0161umo ir stiliaus derin\u012f su \u201ePentel Energel\u201c ra\u0161ikliu.<\/p>","protected":false},"featured_media":34901,"comment_status":"open","ping_status":"closed","template":"","meta":{"_season_start":"","_season_end":"","_season_days":"","_season_months":"","_season_auto_visibility":"1"},"product_brand":[576],"product_cat":[1747],"product_tag":[],"class_list":{"0":"post-34900","1":"product","2":"type-product","3":"status-publish","4":"has-post-thumbnail","6":"product_brand-pentel","7":"product_cat-geliniai-rasikliai","9":"first","10":"instock","11":"taxable","12":"shipping-taxable","13":"purchasable","14":"product-type-simple"},"yoast_head":"<!-- This site is optimized with the Yoast SEO plugin v26.1.1 - https:\/\/yoast.com\/wordpress\/plugins\/seo\/ -->\n<title>Automatinis gelio ra\u0161iklis Energel Pen 0.5mm juodas Pentel BLN75AW - Rutana - Ra\u0161tin\u0117s reikmenys<\/title>\n<meta name=\"robots\" content=\"index, follow, max-snippet:-1, max-image-preview:large, max-video-preview:-1\" \/>\n<link rel=\"canonical\" href=\"https:\/\/rutana.lt\/en\/product\/automatinis-gelio-rasiklis-energel-pen-0-5mm-juodas-pentel-bln75aw\/\" \/>\n<meta property=\"og:locale\" content=\"en_US\" \/>\n<meta property=\"og:type\" content=\"article\" \/>\n<meta property=\"og:title\" content=\"Automatinis gelio ra\u0161iklis Energel Pen 0.5mm juodas Pentel BLN75AW - Rutana - Ra\u0161tin\u0117s reikmenys\" \/>\n<meta property=\"og:description\" content=\"Patirkite tobul\u0105 na\u0161umo ir stiliaus derin\u012f su \u201ePentel Energel\u201c ra\u0161ikliu.\" \/>\n<meta property=\"og:url\" content=\"https:\/\/rutana.lt\/en\/product\/automatinis-gelio-rasiklis-energel-pen-0-5mm-juodas-pentel-bln75aw\/\" \/>\n<meta property=\"og:site_name\" content=\"Rutana - Ra\u0161tin\u0117s reikmenys\" \/>\n<meta property=\"article:publisher\" content=\"https:\/\/www.facebook.com\/RutanaKanceliarinesPrekes\/\" \/>\n<meta property=\"article:modified_time\" content=\"2026-02-12T07:04:51+00:00\" \/>\n<meta property=\"og:image\" content=\"https:\/\/rutana.lt\/wp-content\/uploads\/2026\/02\/C042-179.jpg\" \/>\n\t<meta property=\"og:image:width\" content=\"1200\" \/>\n\t<meta property=\"og:image:height\" content=\"1200\" \/>\n\t<meta property=\"og:image:type\" content=\"image\/jpeg\" \/>\n<meta name=\"twitter:card\" content=\"summary_large_image\" \/>\n<meta name=\"twitter:label1\" content=\"Est. reading time\" \/>\n\t<meta name=\"twitter:data1\" content=\"1 minute\" \/>\n<script type=\"application\/ld+json\" class=\"yoast-schema-graph\">{\"@context\":\"https:\/\/schema.org\",\"@graph\":[{\"@type\":\"WebPage\",\"@id\":\"https:\/\/rutana.lt\/produktas\/automatinis-gelio-rasiklis-energel-pen-0-5mm-juodas-pentel-bln75aw\/\",\"url\":\"https:\/\/rutana.lt\/produktas\/automatinis-gelio-rasiklis-energel-pen-0-5mm-juodas-pentel-bln75aw\/\",\"name\":\"Automatinis gelio ra\u0161iklis Energel Pen 0.5mm juodas Pentel BLN75AW - Rutana - Ra\u0161tin\u0117s reikmenys\",\"isPartOf\":{\"@id\":\"https:\/\/rutana.lt\/#website\"},\"primaryImageOfPage\":{\"@id\":\"https:\/\/rutana.lt\/produktas\/automatinis-gelio-rasiklis-energel-pen-0-5mm-juodas-pentel-bln75aw\/#primaryimage\"},\"image\":{\"@id\":\"https:\/\/rutana.lt\/produktas\/automatinis-gelio-rasiklis-energel-pen-0-5mm-juodas-pentel-bln75aw\/#primaryimage\"},\"thumbnailUrl\":\"https:\/\/rutana.lt\/wp-content\/uploads\/2026\/02\/C042-179.jpg\",\"datePublished\":\"2026-02-12T07:03:28+00:00\",\"dateModified\":\"2026-02-12T07:04:51+00:00\",\"breadcrumb\":{\"@id\":\"https:\/\/rutana.lt\/produktas\/automatinis-gelio-rasiklis-energel-pen-0-5mm-juodas-pentel-bln75aw\/#breadcrumb\"},\"inLanguage\":\"en-US\",\"potentialAction\":[{\"@type\":\"ReadAction\",\"target\":[\"https:\/\/rutana.lt\/produktas\/automatinis-gelio-rasiklis-energel-pen-0-5mm-juodas-pentel-bln75aw\/\"]}]},{\"@type\":\"ImageObject\",\"inLanguage\":\"en-US\",\"@id\":\"https:\/\/rutana.lt\/produktas\/automatinis-gelio-rasiklis-energel-pen-0-5mm-juodas-pentel-bln75aw\/#primaryimage\",\"url\":\"https:\/\/rutana.lt\/wp-content\/uploads\/2026\/02\/C042-179.jpg\",\"contentUrl\":\"https:\/\/rutana.lt\/wp-content\/uploads\/2026\/02\/C042-179.jpg\",\"width\":1200,\"height\":1200},{\"@type\":\"BreadcrumbList\",\"@id\":\"https:\/\/rutana.lt\/produktas\/automatinis-gelio-rasiklis-energel-pen-0-5mm-juodas-pentel-bln75aw\/#breadcrumb\",\"itemListElement\":[{\"@type\":\"ListItem\",\"position\":1,\"name\":\"Home\",\"item\":\"https:\/\/rutana.lt\/\"},{\"@type\":\"ListItem\",\"position\":2,\"name\":\"Parduotuv\u0117\",\"item\":\"https:\/\/rutana.lt\/parduotuve\/\"},{\"@type\":\"ListItem\",\"position\":3,\"name\":\"Automatinis gelio ra\u0161iklis Energel Pen 0.5mm juodas Pentel BLN75AW\"}]},{\"@type\":\"WebSite\",\"@id\":\"https:\/\/rutana.lt\/#website\",\"url\":\"https:\/\/rutana.lt\/\",\"name\":\"Rutana - Ra\u0161tin\u0117s reikmenys\",\"description\":\"Prekiaujame pasaulin\u0117je rinkoje pripa\u017eintomis, kokybi\u0161komis biuro prek\u0117mis toki\u0173  gamintoj\u0173 kaip: Schneider, Esselte, Novus, 3M, Faber-Castell, Citizen, Milan, Leitz, Colop, Zebra, Staedtler, Durable, Tork, Parker, Waterman ir kt.\",\"publisher\":{\"@id\":\"https:\/\/rutana.lt\/#organization\"},\"potentialAction\":[{\"@type\":\"SearchAction\",\"target\":{\"@type\":\"EntryPoint\",\"urlTemplate\":\"https:\/\/rutana.lt\/?s={search_term_string}\"},\"query-input\":{\"@type\":\"PropertyValueSpecification\",\"valueRequired\":true,\"valueName\":\"search_term_string\"}}],\"inLanguage\":\"en-US\"},{\"@type\":\"Organization\",\"@id\":\"https:\/\/rutana.lt\/#organization\",\"name\":\"Rutana - Ra\u0161tin\u0117s reikmenys\",\"url\":\"https:\/\/rutana.lt\/\",\"logo\":{\"@type\":\"ImageObject\",\"inLanguage\":\"en-US\",\"@id\":\"https:\/\/rutana.lt\/#\/schema\/logo\/image\/\",\"url\":\"https:\/\/rutana.lt\/wp-content\/uploads\/2025\/10\/Asset-32.png\",\"contentUrl\":\"https:\/\/rutana.lt\/wp-content\/uploads\/2025\/10\/Asset-32.png\",\"width\":433,\"height\":119,\"caption\":\"Rutana - Ra\u0161tin\u0117s reikmenys\"},\"image\":{\"@id\":\"https:\/\/rutana.lt\/#\/schema\/logo\/image\/\"},\"sameAs\":[\"https:\/\/www.facebook.com\/RutanaKanceliarinesPrekes\/\"]}]}<\/script>\n<!-- \/ Yoast SEO plugin. -->","yoast_head_json":{"title":"Automatinis gelio ra\u0161iklis Energel Pen 0.5mm juodas Pentel BLN75AW - Rutana - Ra\u0161tin\u0117s reikmenys","robots":{"index":"index","follow":"follow","max-snippet":"max-snippet:-1","max-image-preview":"max-image-preview:large","max-video-preview":"max-video-preview:-1"},"canonical":"https:\/\/rutana.lt\/en\/product\/automatinis-gelio-rasiklis-energel-pen-0-5mm-juodas-pentel-bln75aw\/","og_locale":"en_US","og_type":"article","og_title":"Automatinis gelio ra\u0161iklis Energel Pen 0.5mm juodas Pentel BLN75AW - Rutana - Ra\u0161tin\u0117s reikmenys","og_description":"Patirkite tobul\u0105 na\u0161umo ir stiliaus derin\u012f su \u201ePentel Energel\u201c ra\u0161ikliu.","og_url":"https:\/\/rutana.lt\/en\/product\/automatinis-gelio-rasiklis-energel-pen-0-5mm-juodas-pentel-bln75aw\/","og_site_name":"Rutana - Ra\u0161tin\u0117s reikmenys","article_publisher":"https:\/\/www.facebook.com\/RutanaKanceliarinesPrekes\/","article_modified_time":"2026-02-12T07:04:51+00:00","og_image":[{"width":1200,"height":1200,"url":"https:\/\/rutana.lt\/wp-content\/uploads\/2026\/02\/C042-179.jpg","type":"image\/jpeg"}],"twitter_card":"summary_large_image","twitter_misc":{"Est. reading time":"1 minute"},"schema":{"@context":"https:\/\/schema.org","@graph":[{"@type":"WebPage","@id":"https:\/\/rutana.lt\/produktas\/automatinis-gelio-rasiklis-energel-pen-0-5mm-juodas-pentel-bln75aw\/","url":"https:\/\/rutana.lt\/produktas\/automatinis-gelio-rasiklis-energel-pen-0-5mm-juodas-pentel-bln75aw\/","name":"Automatinis gelio ra\u0161iklis Energel Pen 0.5mm juodas Pentel BLN75AW - Rutana - Ra\u0161tin\u0117s reikmenys","isPartOf":{"@id":"https:\/\/rutana.lt\/#website"},"primaryImageOfPage":{"@id":"https:\/\/rutana.lt\/produktas\/automatinis-gelio-rasiklis-energel-pen-0-5mm-juodas-pentel-bln75aw\/#primaryimage"},"image":{"@id":"https:\/\/rutana.lt\/produktas\/automatinis-gelio-rasiklis-energel-pen-0-5mm-juodas-pentel-bln75aw\/#primaryimage"},"thumbnailUrl":"https:\/\/rutana.lt\/wp-content\/uploads\/2026\/02\/C042-179.jpg","datePublished":"2026-02-12T07:03:28+00:00","dateModified":"2026-02-12T07:04:51+00:00","breadcrumb":{"@id":"https:\/\/rutana.lt\/produktas\/automatinis-gelio-rasiklis-energel-pen-0-5mm-juodas-pentel-bln75aw\/#breadcrumb"},"inLanguage":"en-US","potentialAction":[{"@type":"ReadAction","target":["https:\/\/rutana.lt\/produktas\/automatinis-gelio-rasiklis-energel-pen-0-5mm-juodas-pentel-bln75aw\/"]}]},{"@type":"ImageObject","inLanguage":"en-US","@id":"https:\/\/rutana.lt\/produktas\/automatinis-gelio-rasiklis-energel-pen-0-5mm-juodas-pentel-bln75aw\/#primaryimage","url":"https:\/\/rutana.lt\/wp-content\/uploads\/2026\/02\/C042-179.jpg","contentUrl":"https:\/\/rutana.lt\/wp-content\/uploads\/2026\/02\/C042-179.jpg","width":1200,"height":1200},{"@type":"BreadcrumbList","@id":"https:\/\/rutana.lt\/produktas\/automatinis-gelio-rasiklis-energel-pen-0-5mm-juodas-pentel-bln75aw\/#breadcrumb","itemListElement":[{"@type":"ListItem","position":1,"name":"Home","item":"https:\/\/rutana.lt\/"},{"@type":"ListItem","position":2,"name":"Parduotuv\u0117","item":"https:\/\/rutana.lt\/parduotuve\/"},{"@type":"ListItem","position":3,"name":"Automatinis gelio ra\u0161iklis Energel Pen 0.5mm juodas Pentel BLN75AW"}]},{"@type":"WebSite","@id":"https:\/\/rutana.lt\/#website","url":"https:\/\/rutana.lt\/","name":"Rutana - Ra\u0161tin\u0117s reikmenys","description":"Prekiaujame pasaulin\u0117je rinkoje pripa\u017eintomis, kokybi\u0161komis biuro prek\u0117mis toki\u0173  gamintoj\u0173 kaip: Schneider, Esselte, Novus, 3M, Faber-Castell, Citizen, Milan, Leitz, Colop, Zebra, Staedtler, Durable, Tork, Parker, Waterman ir kt.","publisher":{"@id":"https:\/\/rutana.lt\/#organization"},"potentialAction":[{"@type":"SearchAction","target":{"@type":"EntryPoint","urlTemplate":"https:\/\/rutana.lt\/?s={search_term_string}"},"query-input":{"@type":"PropertyValueSpecification","valueRequired":true,"valueName":"search_term_string"}}],"inLanguage":"en-US"},{"@type":"Organization","@id":"https:\/\/rutana.lt\/#organization","name":"Rutana - Ra\u0161tin\u0117s reikmenys","url":"https:\/\/rutana.lt\/","logo":{"@type":"ImageObject","inLanguage":"en-US","@id":"https:\/\/rutana.lt\/#\/schema\/logo\/image\/","url":"https:\/\/rutana.lt\/wp-content\/uploads\/2025\/10\/Asset-32.png","contentUrl":"https:\/\/rutana.lt\/wp-content\/uploads\/2025\/10\/Asset-32.png","width":433,"height":119,"caption":"Rutana - Ra\u0161tin\u0117s reikmenys"},"image":{"@id":"https:\/\/rutana.lt\/#\/schema\/logo\/image\/"},"sameAs":["https:\/\/www.facebook.com\/RutanaKanceliarinesPrekes\/"]}]}},"_links":{"self":[{"href":"https:\/\/rutana.lt\/en\/wp-json\/wp\/v2\/product\/34900","targetHints":{"allow":["GET"]}}],"collection":[{"href":"https:\/\/rutana.lt\/en\/wp-json\/wp\/v2\/product"}],"about":[{"href":"https:\/\/rutana.lt\/en\/wp-json\/wp\/v2\/types\/product"}],"replies":[{"embeddable":true,"href":"https:\/\/rutana.lt\/en\/wp-json\/wp\/v2\/comments?post=34900"}],"version-history":[{"count":2,"href":"https:\/\/rutana.lt\/en\/wp-json\/wp\/v2\/product\/34900\/revisions"}],"predecessor-version":[{"id":34903,"href":"https:\/\/rutana.lt\/en\/wp-json\/wp\/v2\/product\/34900\/revisions\/34903"}],"wp:featuredmedia":[{"embeddable":true,"href":"https:\/\/rutana.lt\/en\/wp-json\/wp\/v2\/media\/34901"}],"wp:attachment":[{"href":"https:\/\/rutana.lt\/en\/wp-json\/wp\/v2\/media?parent=34900"}],"wp:term":[{"taxonomy":"product_brand","embeddable":true,"href":"https:\/\/rutana.lt\/en\/wp-json\/wp\/v2\/product_brand?post=34900"},{"taxonomy":"product_cat","embeddable":true,"href":"https:\/\/rutana.lt\/en\/wp-json\/wp\/v2\/product_cat?post=34900"},{"taxonomy":"product_tag","embeddable":true,"href":"https:\/\/rutana.lt\/en\/wp-json\/wp\/v2\/product_tag?post=34900"}],"curies":[{"name":"wp","href":"https:\/\/api.w.org\/{rel}","templated":true}]}}