{"id":34878,"date":"2026-02-08T20:52:06","date_gmt":"2026-02-08T18:52:06","guid":{"rendered":"https:\/\/rutana.lt\/?post_type=product&#038;p=34878"},"modified":"2026-02-08T20:59:32","modified_gmt":"2026-02-08T18:59:32","slug":"kaklajuoste-pvc-su-segtuku-12-x-900-mm-melyna-piruet-31249","status":"publish","type":"product","link":"https:\/\/rutana.lt\/en\/product\/kaklajuoste-pvc-su-segtuku-12-x-900-mm-melyna-piruet-31249\/","title":{"rendered":"Kaklajuost\u0117 PVC su segtuku 12 x 900 mm m\u0117lyna Piruet 31249"},"content":{"rendered":"<p>PVC kaklajuost\u0117 pagaminta i\u0161 12 mm plo\u010dio silikoninio dir\u017eelio su segtuku. I\u0161skirtinio dizaino ir pastelin\u0117s m\u0117lynos spalvos dir\u017eelis idealiai tinka konferencijoms, seminarams, biure, renginiams lauke ar sporto var\u017eyboms. Naudojama akreditacijai, vardinei kortelei, leidimui, identifikatoriui ar dalyvio kortelei pakabinti. PVC kaklajuost\u0117 yra atspari vandeniui.<\/p>\n<p>Juostel\u0117s plotis: 12 mm<\/p>\n<p>Juostel\u0117s ilgis: 900 mm<\/p>\n<p>Juostel\u0117s spalva: m\u0117lyna<\/p>\n<p>Laikiklio matmenys: 12 x 60 mm<\/p>","protected":false},"excerpt":{"rendered":"<p>PVC kaklajuost\u0117 pagaminta i\u0161 12 mm plo\u010dio silikoninio dir\u017eelio su segtuku.<\/p>","protected":false},"featured_media":34880,"comment_status":"open","ping_status":"closed","template":"","meta":{"_season_start":"","_season_end":"","_season_days":"","_season_months":"","_season_auto_visibility":"1"},"product_brand":[715],"product_cat":[1596],"product_tag":[],"class_list":{"0":"post-34878","1":"product","2":"type-product","3":"status-publish","4":"has-post-thumbnail","6":"product_brand-piruet","7":"product_cat-asmens-identifikavimo-korteles-ir-priedai","9":"first","10":"instock","11":"taxable","12":"shipping-taxable","13":"purchasable","14":"product-type-simple"},"yoast_head":"<!-- This site is optimized with the Yoast SEO plugin v26.1.1 - https:\/\/yoast.com\/wordpress\/plugins\/seo\/ -->\n<title>Kaklajuost\u0117 PVC su segtuku 12 x 900 mm m\u0117lyna Piruet 31249 - Rutana - Ra\u0161tin\u0117s reikmenys<\/title>\n<meta name=\"robots\" content=\"index, follow, max-snippet:-1, max-image-preview:large, max-video-preview:-1\" \/>\n<link rel=\"canonical\" href=\"https:\/\/rutana.lt\/en\/product\/kaklajuoste-pvc-su-segtuku-12-x-900-mm-melyna-piruet-31249\/\" \/>\n<meta property=\"og:locale\" content=\"en_US\" \/>\n<meta property=\"og:type\" content=\"article\" \/>\n<meta property=\"og:title\" content=\"Kaklajuost\u0117 PVC su segtuku 12 x 900 mm m\u0117lyna Piruet 31249 - Rutana - Ra\u0161tin\u0117s reikmenys\" \/>\n<meta property=\"og:description\" content=\"PVC kaklajuost\u0117 pagaminta i\u0161 12 mm plo\u010dio silikoninio dir\u017eelio su segtuku.\" \/>\n<meta property=\"og:url\" content=\"https:\/\/rutana.lt\/en\/product\/kaklajuoste-pvc-su-segtuku-12-x-900-mm-melyna-piruet-31249\/\" \/>\n<meta property=\"og:site_name\" content=\"Rutana - Ra\u0161tin\u0117s reikmenys\" \/>\n<meta property=\"article:publisher\" content=\"https:\/\/www.facebook.com\/RutanaKanceliarinesPrekes\/\" \/>\n<meta property=\"article:modified_time\" content=\"2026-02-08T18:59:32+00:00\" \/>\n<meta property=\"og:image\" content=\"https:\/\/rutana.lt\/wp-content\/uploads\/2026\/02\/C025-823.jpg\" \/>\n\t<meta property=\"og:image:width\" content=\"1200\" \/>\n\t<meta property=\"og:image:height\" content=\"1200\" \/>\n\t<meta property=\"og:image:type\" content=\"image\/jpeg\" \/>\n<meta name=\"twitter:card\" content=\"summary_large_image\" \/>\n<meta name=\"twitter:label1\" content=\"Est. reading time\" \/>\n\t<meta name=\"twitter:data1\" content=\"1 minute\" \/>\n<script type=\"application\/ld+json\" class=\"yoast-schema-graph\">{\"@context\":\"https:\/\/schema.org\",\"@graph\":[{\"@type\":\"WebPage\",\"@id\":\"https:\/\/rutana.lt\/produktas\/kaklajuoste-pvc-su-segtuku-12-x-900-mm-melyna-piruet-31249\/\",\"url\":\"https:\/\/rutana.lt\/produktas\/kaklajuoste-pvc-su-segtuku-12-x-900-mm-melyna-piruet-31249\/\",\"name\":\"Kaklajuost\u0117 PVC su segtuku 12 x 900 mm m\u0117lyna Piruet 31249 - Rutana - Ra\u0161tin\u0117s reikmenys\",\"isPartOf\":{\"@id\":\"https:\/\/rutana.lt\/#website\"},\"primaryImageOfPage\":{\"@id\":\"https:\/\/rutana.lt\/produktas\/kaklajuoste-pvc-su-segtuku-12-x-900-mm-melyna-piruet-31249\/#primaryimage\"},\"image\":{\"@id\":\"https:\/\/rutana.lt\/produktas\/kaklajuoste-pvc-su-segtuku-12-x-900-mm-melyna-piruet-31249\/#primaryimage\"},\"thumbnailUrl\":\"https:\/\/rutana.lt\/wp-content\/uploads\/2026\/02\/C025-823.jpg\",\"datePublished\":\"2026-02-08T18:52:06+00:00\",\"dateModified\":\"2026-02-08T18:59:32+00:00\",\"breadcrumb\":{\"@id\":\"https:\/\/rutana.lt\/produktas\/kaklajuoste-pvc-su-segtuku-12-x-900-mm-melyna-piruet-31249\/#breadcrumb\"},\"inLanguage\":\"en-US\",\"potentialAction\":[{\"@type\":\"ReadAction\",\"target\":[\"https:\/\/rutana.lt\/produktas\/kaklajuoste-pvc-su-segtuku-12-x-900-mm-melyna-piruet-31249\/\"]}]},{\"@type\":\"ImageObject\",\"inLanguage\":\"en-US\",\"@id\":\"https:\/\/rutana.lt\/produktas\/kaklajuoste-pvc-su-segtuku-12-x-900-mm-melyna-piruet-31249\/#primaryimage\",\"url\":\"https:\/\/rutana.lt\/wp-content\/uploads\/2026\/02\/C025-823.jpg\",\"contentUrl\":\"https:\/\/rutana.lt\/wp-content\/uploads\/2026\/02\/C025-823.jpg\",\"width\":1200,\"height\":1200},{\"@type\":\"BreadcrumbList\",\"@id\":\"https:\/\/rutana.lt\/produktas\/kaklajuoste-pvc-su-segtuku-12-x-900-mm-melyna-piruet-31249\/#breadcrumb\",\"itemListElement\":[{\"@type\":\"ListItem\",\"position\":1,\"name\":\"Home\",\"item\":\"https:\/\/rutana.lt\/\"},{\"@type\":\"ListItem\",\"position\":2,\"name\":\"Parduotuv\u0117\",\"item\":\"https:\/\/rutana.lt\/parduotuve\/\"},{\"@type\":\"ListItem\",\"position\":3,\"name\":\"Kaklajuost\u0117 PVC su segtuku 12 x 900 mm m\u0117lyna Piruet 31249\"}]},{\"@type\":\"WebSite\",\"@id\":\"https:\/\/rutana.lt\/#website\",\"url\":\"https:\/\/rutana.lt\/\",\"name\":\"Rutana - Ra\u0161tin\u0117s reikmenys\",\"description\":\"Prekiaujame pasaulin\u0117je rinkoje pripa\u017eintomis, kokybi\u0161komis biuro prek\u0117mis toki\u0173  gamintoj\u0173 kaip: Schneider, Esselte, Novus, 3M, Faber-Castell, Citizen, Milan, Leitz, Colop, Zebra, Staedtler, Durable, Tork, Parker, Waterman ir kt.\",\"publisher\":{\"@id\":\"https:\/\/rutana.lt\/#organization\"},\"potentialAction\":[{\"@type\":\"SearchAction\",\"target\":{\"@type\":\"EntryPoint\",\"urlTemplate\":\"https:\/\/rutana.lt\/?s={search_term_string}\"},\"query-input\":{\"@type\":\"PropertyValueSpecification\",\"valueRequired\":true,\"valueName\":\"search_term_string\"}}],\"inLanguage\":\"en-US\"},{\"@type\":\"Organization\",\"@id\":\"https:\/\/rutana.lt\/#organization\",\"name\":\"Rutana - Ra\u0161tin\u0117s reikmenys\",\"url\":\"https:\/\/rutana.lt\/\",\"logo\":{\"@type\":\"ImageObject\",\"inLanguage\":\"en-US\",\"@id\":\"https:\/\/rutana.lt\/#\/schema\/logo\/image\/\",\"url\":\"https:\/\/rutana.lt\/wp-content\/uploads\/2025\/10\/Asset-32.png\",\"contentUrl\":\"https:\/\/rutana.lt\/wp-content\/uploads\/2025\/10\/Asset-32.png\",\"width\":433,\"height\":119,\"caption\":\"Rutana - Ra\u0161tin\u0117s reikmenys\"},\"image\":{\"@id\":\"https:\/\/rutana.lt\/#\/schema\/logo\/image\/\"},\"sameAs\":[\"https:\/\/www.facebook.com\/RutanaKanceliarinesPrekes\/\"]}]}<\/script>\n<!-- \/ Yoast SEO plugin. -->","yoast_head_json":{"title":"Kaklajuost\u0117 PVC su segtuku 12 x 900 mm m\u0117lyna Piruet 31249 - Rutana - Ra\u0161tin\u0117s reikmenys","robots":{"index":"index","follow":"follow","max-snippet":"max-snippet:-1","max-image-preview":"max-image-preview:large","max-video-preview":"max-video-preview:-1"},"canonical":"https:\/\/rutana.lt\/en\/product\/kaklajuoste-pvc-su-segtuku-12-x-900-mm-melyna-piruet-31249\/","og_locale":"en_US","og_type":"article","og_title":"Kaklajuost\u0117 PVC su segtuku 12 x 900 mm m\u0117lyna Piruet 31249 - Rutana - Ra\u0161tin\u0117s reikmenys","og_description":"PVC kaklajuost\u0117 pagaminta i\u0161 12 mm plo\u010dio silikoninio dir\u017eelio su segtuku.","og_url":"https:\/\/rutana.lt\/en\/product\/kaklajuoste-pvc-su-segtuku-12-x-900-mm-melyna-piruet-31249\/","og_site_name":"Rutana - Ra\u0161tin\u0117s reikmenys","article_publisher":"https:\/\/www.facebook.com\/RutanaKanceliarinesPrekes\/","article_modified_time":"2026-02-08T18:59:32+00:00","og_image":[{"width":1200,"height":1200,"url":"https:\/\/rutana.lt\/wp-content\/uploads\/2026\/02\/C025-823.jpg","type":"image\/jpeg"}],"twitter_card":"summary_large_image","twitter_misc":{"Est. reading time":"1 minute"},"schema":{"@context":"https:\/\/schema.org","@graph":[{"@type":"WebPage","@id":"https:\/\/rutana.lt\/produktas\/kaklajuoste-pvc-su-segtuku-12-x-900-mm-melyna-piruet-31249\/","url":"https:\/\/rutana.lt\/produktas\/kaklajuoste-pvc-su-segtuku-12-x-900-mm-melyna-piruet-31249\/","name":"Kaklajuost\u0117 PVC su segtuku 12 x 900 mm m\u0117lyna Piruet 31249 - Rutana - Ra\u0161tin\u0117s reikmenys","isPartOf":{"@id":"https:\/\/rutana.lt\/#website"},"primaryImageOfPage":{"@id":"https:\/\/rutana.lt\/produktas\/kaklajuoste-pvc-su-segtuku-12-x-900-mm-melyna-piruet-31249\/#primaryimage"},"image":{"@id":"https:\/\/rutana.lt\/produktas\/kaklajuoste-pvc-su-segtuku-12-x-900-mm-melyna-piruet-31249\/#primaryimage"},"thumbnailUrl":"https:\/\/rutana.lt\/wp-content\/uploads\/2026\/02\/C025-823.jpg","datePublished":"2026-02-08T18:52:06+00:00","dateModified":"2026-02-08T18:59:32+00:00","breadcrumb":{"@id":"https:\/\/rutana.lt\/produktas\/kaklajuoste-pvc-su-segtuku-12-x-900-mm-melyna-piruet-31249\/#breadcrumb"},"inLanguage":"en-US","potentialAction":[{"@type":"ReadAction","target":["https:\/\/rutana.lt\/produktas\/kaklajuoste-pvc-su-segtuku-12-x-900-mm-melyna-piruet-31249\/"]}]},{"@type":"ImageObject","inLanguage":"en-US","@id":"https:\/\/rutana.lt\/produktas\/kaklajuoste-pvc-su-segtuku-12-x-900-mm-melyna-piruet-31249\/#primaryimage","url":"https:\/\/rutana.lt\/wp-content\/uploads\/2026\/02\/C025-823.jpg","contentUrl":"https:\/\/rutana.lt\/wp-content\/uploads\/2026\/02\/C025-823.jpg","width":1200,"height":1200},{"@type":"BreadcrumbList","@id":"https:\/\/rutana.lt\/produktas\/kaklajuoste-pvc-su-segtuku-12-x-900-mm-melyna-piruet-31249\/#breadcrumb","itemListElement":[{"@type":"ListItem","position":1,"name":"Home","item":"https:\/\/rutana.lt\/"},{"@type":"ListItem","position":2,"name":"Parduotuv\u0117","item":"https:\/\/rutana.lt\/parduotuve\/"},{"@type":"ListItem","position":3,"name":"Kaklajuost\u0117 PVC su segtuku 12 x 900 mm m\u0117lyna Piruet 31249"}]},{"@type":"WebSite","@id":"https:\/\/rutana.lt\/#website","url":"https:\/\/rutana.lt\/","name":"Rutana - Ra\u0161tin\u0117s reikmenys","description":"Prekiaujame pasaulin\u0117je rinkoje pripa\u017eintomis, kokybi\u0161komis biuro prek\u0117mis toki\u0173  gamintoj\u0173 kaip: Schneider, Esselte, Novus, 3M, Faber-Castell, Citizen, Milan, Leitz, Colop, Zebra, Staedtler, Durable, Tork, Parker, Waterman ir kt.","publisher":{"@id":"https:\/\/rutana.lt\/#organization"},"potentialAction":[{"@type":"SearchAction","target":{"@type":"EntryPoint","urlTemplate":"https:\/\/rutana.lt\/?s={search_term_string}"},"query-input":{"@type":"PropertyValueSpecification","valueRequired":true,"valueName":"search_term_string"}}],"inLanguage":"en-US"},{"@type":"Organization","@id":"https:\/\/rutana.lt\/#organization","name":"Rutana - Ra\u0161tin\u0117s reikmenys","url":"https:\/\/rutana.lt\/","logo":{"@type":"ImageObject","inLanguage":"en-US","@id":"https:\/\/rutana.lt\/#\/schema\/logo\/image\/","url":"https:\/\/rutana.lt\/wp-content\/uploads\/2025\/10\/Asset-32.png","contentUrl":"https:\/\/rutana.lt\/wp-content\/uploads\/2025\/10\/Asset-32.png","width":433,"height":119,"caption":"Rutana - Ra\u0161tin\u0117s reikmenys"},"image":{"@id":"https:\/\/rutana.lt\/#\/schema\/logo\/image\/"},"sameAs":["https:\/\/www.facebook.com\/RutanaKanceliarinesPrekes\/"]}]}},"_links":{"self":[{"href":"https:\/\/rutana.lt\/en\/wp-json\/wp\/v2\/product\/34878","targetHints":{"allow":["GET"]}}],"collection":[{"href":"https:\/\/rutana.lt\/en\/wp-json\/wp\/v2\/product"}],"about":[{"href":"https:\/\/rutana.lt\/en\/wp-json\/wp\/v2\/types\/product"}],"replies":[{"embeddable":true,"href":"https:\/\/rutana.lt\/en\/wp-json\/wp\/v2\/comments?post=34878"}],"version-history":[{"count":2,"href":"https:\/\/rutana.lt\/en\/wp-json\/wp\/v2\/product\/34878\/revisions"}],"predecessor-version":[{"id":34882,"href":"https:\/\/rutana.lt\/en\/wp-json\/wp\/v2\/product\/34878\/revisions\/34882"}],"wp:featuredmedia":[{"embeddable":true,"href":"https:\/\/rutana.lt\/en\/wp-json\/wp\/v2\/media\/34880"}],"wp:attachment":[{"href":"https:\/\/rutana.lt\/en\/wp-json\/wp\/v2\/media?parent=34878"}],"wp:term":[{"taxonomy":"product_brand","embeddable":true,"href":"https:\/\/rutana.lt\/en\/wp-json\/wp\/v2\/product_brand?post=34878"},{"taxonomy":"product_cat","embeddable":true,"href":"https:\/\/rutana.lt\/en\/wp-json\/wp\/v2\/product_cat?post=34878"},{"taxonomy":"product_tag","embeddable":true,"href":"https:\/\/rutana.lt\/en\/wp-json\/wp\/v2\/product_tag?post=34878"}],"curies":[{"name":"wp","href":"https:\/\/api.w.org\/{rel}","templated":true}]}}