{"id":34689,"date":"2026-01-31T11:44:51","date_gmt":"2026-01-31T09:44:51","guid":{"rendered":"https:\/\/rutana.lt\/?post_type=product&#038;p=34689"},"modified":"2026-01-31T11:53:33","modified_gmt":"2026-01-31T09:53:33","slug":"sasiuvinis-plastikiniu-virseliu-a4-36l-linija-aurora-36ppt","status":"publish","type":"product","link":"https:\/\/rutana.lt\/en\/product\/sasiuvinis-plastikiniu-virseliu-a4-36l-linija-aurora-36ppt\/","title":{"rendered":"S\u0105siuvinis plastikiniu vir\u0161eliu A4 36l. linija Aurora 36PPT"},"content":{"rendered":"<p><span dir=\"auto\">Modernus, susegtas A4 formato s\u0105siuvinis turi permatom\u0105 polipropileno vir\u0161el\u012f. <\/span><span dir=\"auto\">Jis ne tik patrauklus, si\u016blomas 8 skirtingomis spalvomis vir\u0161eliais, bet ir valomas, tod\u0117l nereikia papildomo vir\u0161elio ar apsauginio apvalkalo.<\/span><\/p>\n<p>S\u0105siuvinio formatas: A4<\/p>\n<p>S\u0105siuvinio lap\u0173 skai\u010dius: 36<\/p>\n<p>Vidus: linija<\/p>\n<p>Vir\u0161elio spalva: vienspalv\u0117<\/p>\n<p>Kilm\u0117s \u0161alis: Belgija<\/p>\n<p>&nbsp;<\/p>","protected":false},"excerpt":{"rendered":"<p><span dir=\"auto\">Modernus, susegtas A4 formato s\u0105siuvinis turi permatom\u0105 polipropileno vir\u0161el\u012f.<\/span><\/p>","protected":false},"featured_media":34690,"comment_status":"open","ping_status":"closed","template":"","meta":{"_season_start":"","_season_end":"","_season_days":"","_season_months":"","_season_auto_visibility":"1"},"product_brand":[1068],"product_cat":[1827],"product_tag":[],"class_list":{"0":"post-34689","1":"product","2":"type-product","3":"status-publish","4":"has-post-thumbnail","6":"product_brand-aurora","7":"product_cat-a4-formatas","9":"first","10":"instock","11":"taxable","12":"shipping-taxable","13":"purchasable","14":"product-type-simple"},"yoast_head":"<!-- This site is optimized with the Yoast SEO plugin v26.1.1 - https:\/\/yoast.com\/wordpress\/plugins\/seo\/ -->\n<title>S\u0105siuvinis plastikiniu vir\u0161eliu A4 36l. linija Aurora 36PPT - Rutana - Ra\u0161tin\u0117s reikmenys<\/title>\n<meta name=\"robots\" content=\"index, follow, max-snippet:-1, max-image-preview:large, max-video-preview:-1\" \/>\n<link rel=\"canonical\" href=\"https:\/\/rutana.lt\/en\/product\/sasiuvinis-plastikiniu-virseliu-a4-36l-linija-aurora-36ppt\/\" \/>\n<meta property=\"og:locale\" content=\"en_US\" \/>\n<meta property=\"og:type\" content=\"article\" \/>\n<meta property=\"og:title\" content=\"S\u0105siuvinis plastikiniu vir\u0161eliu A4 36l. linija Aurora 36PPT - Rutana - Ra\u0161tin\u0117s reikmenys\" \/>\n<meta property=\"og:description\" content=\"Modernus, susegtas A4 formato s\u0105siuvinis turi permatom\u0105 polipropileno vir\u0161el\u012f.\" \/>\n<meta property=\"og:url\" content=\"https:\/\/rutana.lt\/en\/product\/sasiuvinis-plastikiniu-virseliu-a4-36l-linija-aurora-36ppt\/\" \/>\n<meta property=\"og:site_name\" content=\"Rutana - Ra\u0161tin\u0117s reikmenys\" \/>\n<meta property=\"article:publisher\" content=\"https:\/\/www.facebook.com\/RutanaKanceliarinesPrekes\/\" \/>\n<meta property=\"article:modified_time\" content=\"2026-01-31T09:53:33+00:00\" \/>\n<meta property=\"og:image\" content=\"https:\/\/rutana.lt\/wp-content\/uploads\/2026\/01\/A021-106N.jpg\" \/>\n\t<meta property=\"og:image:width\" content=\"1200\" \/>\n\t<meta property=\"og:image:height\" content=\"1200\" \/>\n\t<meta property=\"og:image:type\" content=\"image\/jpeg\" \/>\n<meta name=\"twitter:card\" content=\"summary_large_image\" \/>\n<meta name=\"twitter:label1\" content=\"Est. reading time\" \/>\n\t<meta name=\"twitter:data1\" content=\"1 minute\" \/>\n<script type=\"application\/ld+json\" class=\"yoast-schema-graph\">{\"@context\":\"https:\/\/schema.org\",\"@graph\":[{\"@type\":\"WebPage\",\"@id\":\"https:\/\/rutana.lt\/produktas\/sasiuvinis-plastikiniu-virseliu-a4-36l-linija-aurora-36ppt\/\",\"url\":\"https:\/\/rutana.lt\/produktas\/sasiuvinis-plastikiniu-virseliu-a4-36l-linija-aurora-36ppt\/\",\"name\":\"S\u0105siuvinis plastikiniu vir\u0161eliu A4 36l. linija Aurora 36PPT - Rutana - Ra\u0161tin\u0117s reikmenys\",\"isPartOf\":{\"@id\":\"https:\/\/rutana.lt\/#website\"},\"primaryImageOfPage\":{\"@id\":\"https:\/\/rutana.lt\/produktas\/sasiuvinis-plastikiniu-virseliu-a4-36l-linija-aurora-36ppt\/#primaryimage\"},\"image\":{\"@id\":\"https:\/\/rutana.lt\/produktas\/sasiuvinis-plastikiniu-virseliu-a4-36l-linija-aurora-36ppt\/#primaryimage\"},\"thumbnailUrl\":\"https:\/\/rutana.lt\/wp-content\/uploads\/2026\/01\/A021-106N.jpg\",\"datePublished\":\"2026-01-31T09:44:51+00:00\",\"dateModified\":\"2026-01-31T09:53:33+00:00\",\"breadcrumb\":{\"@id\":\"https:\/\/rutana.lt\/produktas\/sasiuvinis-plastikiniu-virseliu-a4-36l-linija-aurora-36ppt\/#breadcrumb\"},\"inLanguage\":\"en-US\",\"potentialAction\":[{\"@type\":\"ReadAction\",\"target\":[\"https:\/\/rutana.lt\/produktas\/sasiuvinis-plastikiniu-virseliu-a4-36l-linija-aurora-36ppt\/\"]}]},{\"@type\":\"ImageObject\",\"inLanguage\":\"en-US\",\"@id\":\"https:\/\/rutana.lt\/produktas\/sasiuvinis-plastikiniu-virseliu-a4-36l-linija-aurora-36ppt\/#primaryimage\",\"url\":\"https:\/\/rutana.lt\/wp-content\/uploads\/2026\/01\/A021-106N.jpg\",\"contentUrl\":\"https:\/\/rutana.lt\/wp-content\/uploads\/2026\/01\/A021-106N.jpg\",\"width\":1200,\"height\":1200},{\"@type\":\"BreadcrumbList\",\"@id\":\"https:\/\/rutana.lt\/produktas\/sasiuvinis-plastikiniu-virseliu-a4-36l-linija-aurora-36ppt\/#breadcrumb\",\"itemListElement\":[{\"@type\":\"ListItem\",\"position\":1,\"name\":\"Home\",\"item\":\"https:\/\/rutana.lt\/\"},{\"@type\":\"ListItem\",\"position\":2,\"name\":\"Parduotuv\u0117\",\"item\":\"https:\/\/rutana.lt\/parduotuve\/\"},{\"@type\":\"ListItem\",\"position\":3,\"name\":\"S\u0105siuvinis plastikiniu vir\u0161eliu A4 36l. linija Aurora 36PPT\"}]},{\"@type\":\"WebSite\",\"@id\":\"https:\/\/rutana.lt\/#website\",\"url\":\"https:\/\/rutana.lt\/\",\"name\":\"Rutana - Ra\u0161tin\u0117s reikmenys\",\"description\":\"Prekiaujame pasaulin\u0117je rinkoje pripa\u017eintomis, kokybi\u0161komis biuro prek\u0117mis toki\u0173  gamintoj\u0173 kaip: Schneider, Esselte, Novus, 3M, Faber-Castell, Citizen, Milan, Leitz, Colop, Zebra, Staedtler, Durable, Tork, Parker, Waterman ir kt.\",\"publisher\":{\"@id\":\"https:\/\/rutana.lt\/#organization\"},\"potentialAction\":[{\"@type\":\"SearchAction\",\"target\":{\"@type\":\"EntryPoint\",\"urlTemplate\":\"https:\/\/rutana.lt\/?s={search_term_string}\"},\"query-input\":{\"@type\":\"PropertyValueSpecification\",\"valueRequired\":true,\"valueName\":\"search_term_string\"}}],\"inLanguage\":\"en-US\"},{\"@type\":\"Organization\",\"@id\":\"https:\/\/rutana.lt\/#organization\",\"name\":\"Rutana - Ra\u0161tin\u0117s reikmenys\",\"url\":\"https:\/\/rutana.lt\/\",\"logo\":{\"@type\":\"ImageObject\",\"inLanguage\":\"en-US\",\"@id\":\"https:\/\/rutana.lt\/#\/schema\/logo\/image\/\",\"url\":\"https:\/\/rutana.lt\/wp-content\/uploads\/2025\/10\/Asset-32.png\",\"contentUrl\":\"https:\/\/rutana.lt\/wp-content\/uploads\/2025\/10\/Asset-32.png\",\"width\":433,\"height\":119,\"caption\":\"Rutana - Ra\u0161tin\u0117s reikmenys\"},\"image\":{\"@id\":\"https:\/\/rutana.lt\/#\/schema\/logo\/image\/\"},\"sameAs\":[\"https:\/\/www.facebook.com\/RutanaKanceliarinesPrekes\/\"]}]}<\/script>\n<!-- \/ Yoast SEO plugin. -->","yoast_head_json":{"title":"S\u0105siuvinis plastikiniu vir\u0161eliu A4 36l. linija Aurora 36PPT - Rutana - Ra\u0161tin\u0117s reikmenys","robots":{"index":"index","follow":"follow","max-snippet":"max-snippet:-1","max-image-preview":"max-image-preview:large","max-video-preview":"max-video-preview:-1"},"canonical":"https:\/\/rutana.lt\/en\/product\/sasiuvinis-plastikiniu-virseliu-a4-36l-linija-aurora-36ppt\/","og_locale":"en_US","og_type":"article","og_title":"S\u0105siuvinis plastikiniu vir\u0161eliu A4 36l. linija Aurora 36PPT - Rutana - Ra\u0161tin\u0117s reikmenys","og_description":"Modernus, susegtas A4 formato s\u0105siuvinis turi permatom\u0105 polipropileno vir\u0161el\u012f.","og_url":"https:\/\/rutana.lt\/en\/product\/sasiuvinis-plastikiniu-virseliu-a4-36l-linija-aurora-36ppt\/","og_site_name":"Rutana - Ra\u0161tin\u0117s reikmenys","article_publisher":"https:\/\/www.facebook.com\/RutanaKanceliarinesPrekes\/","article_modified_time":"2026-01-31T09:53:33+00:00","og_image":[{"width":1200,"height":1200,"url":"https:\/\/rutana.lt\/wp-content\/uploads\/2026\/01\/A021-106N.jpg","type":"image\/jpeg"}],"twitter_card":"summary_large_image","twitter_misc":{"Est. reading time":"1 minute"},"schema":{"@context":"https:\/\/schema.org","@graph":[{"@type":"WebPage","@id":"https:\/\/rutana.lt\/produktas\/sasiuvinis-plastikiniu-virseliu-a4-36l-linija-aurora-36ppt\/","url":"https:\/\/rutana.lt\/produktas\/sasiuvinis-plastikiniu-virseliu-a4-36l-linija-aurora-36ppt\/","name":"S\u0105siuvinis plastikiniu vir\u0161eliu A4 36l. linija Aurora 36PPT - Rutana - Ra\u0161tin\u0117s reikmenys","isPartOf":{"@id":"https:\/\/rutana.lt\/#website"},"primaryImageOfPage":{"@id":"https:\/\/rutana.lt\/produktas\/sasiuvinis-plastikiniu-virseliu-a4-36l-linija-aurora-36ppt\/#primaryimage"},"image":{"@id":"https:\/\/rutana.lt\/produktas\/sasiuvinis-plastikiniu-virseliu-a4-36l-linija-aurora-36ppt\/#primaryimage"},"thumbnailUrl":"https:\/\/rutana.lt\/wp-content\/uploads\/2026\/01\/A021-106N.jpg","datePublished":"2026-01-31T09:44:51+00:00","dateModified":"2026-01-31T09:53:33+00:00","breadcrumb":{"@id":"https:\/\/rutana.lt\/produktas\/sasiuvinis-plastikiniu-virseliu-a4-36l-linija-aurora-36ppt\/#breadcrumb"},"inLanguage":"en-US","potentialAction":[{"@type":"ReadAction","target":["https:\/\/rutana.lt\/produktas\/sasiuvinis-plastikiniu-virseliu-a4-36l-linija-aurora-36ppt\/"]}]},{"@type":"ImageObject","inLanguage":"en-US","@id":"https:\/\/rutana.lt\/produktas\/sasiuvinis-plastikiniu-virseliu-a4-36l-linija-aurora-36ppt\/#primaryimage","url":"https:\/\/rutana.lt\/wp-content\/uploads\/2026\/01\/A021-106N.jpg","contentUrl":"https:\/\/rutana.lt\/wp-content\/uploads\/2026\/01\/A021-106N.jpg","width":1200,"height":1200},{"@type":"BreadcrumbList","@id":"https:\/\/rutana.lt\/produktas\/sasiuvinis-plastikiniu-virseliu-a4-36l-linija-aurora-36ppt\/#breadcrumb","itemListElement":[{"@type":"ListItem","position":1,"name":"Home","item":"https:\/\/rutana.lt\/"},{"@type":"ListItem","position":2,"name":"Parduotuv\u0117","item":"https:\/\/rutana.lt\/parduotuve\/"},{"@type":"ListItem","position":3,"name":"S\u0105siuvinis plastikiniu vir\u0161eliu A4 36l. linija Aurora 36PPT"}]},{"@type":"WebSite","@id":"https:\/\/rutana.lt\/#website","url":"https:\/\/rutana.lt\/","name":"Rutana - Ra\u0161tin\u0117s reikmenys","description":"Prekiaujame pasaulin\u0117je rinkoje pripa\u017eintomis, kokybi\u0161komis biuro prek\u0117mis toki\u0173  gamintoj\u0173 kaip: Schneider, Esselte, Novus, 3M, Faber-Castell, Citizen, Milan, Leitz, Colop, Zebra, Staedtler, Durable, Tork, Parker, Waterman ir kt.","publisher":{"@id":"https:\/\/rutana.lt\/#organization"},"potentialAction":[{"@type":"SearchAction","target":{"@type":"EntryPoint","urlTemplate":"https:\/\/rutana.lt\/?s={search_term_string}"},"query-input":{"@type":"PropertyValueSpecification","valueRequired":true,"valueName":"search_term_string"}}],"inLanguage":"en-US"},{"@type":"Organization","@id":"https:\/\/rutana.lt\/#organization","name":"Rutana - Ra\u0161tin\u0117s reikmenys","url":"https:\/\/rutana.lt\/","logo":{"@type":"ImageObject","inLanguage":"en-US","@id":"https:\/\/rutana.lt\/#\/schema\/logo\/image\/","url":"https:\/\/rutana.lt\/wp-content\/uploads\/2025\/10\/Asset-32.png","contentUrl":"https:\/\/rutana.lt\/wp-content\/uploads\/2025\/10\/Asset-32.png","width":433,"height":119,"caption":"Rutana - Ra\u0161tin\u0117s reikmenys"},"image":{"@id":"https:\/\/rutana.lt\/#\/schema\/logo\/image\/"},"sameAs":["https:\/\/www.facebook.com\/RutanaKanceliarinesPrekes\/"]}]}},"_links":{"self":[{"href":"https:\/\/rutana.lt\/en\/wp-json\/wp\/v2\/product\/34689","targetHints":{"allow":["GET"]}}],"collection":[{"href":"https:\/\/rutana.lt\/en\/wp-json\/wp\/v2\/product"}],"about":[{"href":"https:\/\/rutana.lt\/en\/wp-json\/wp\/v2\/types\/product"}],"replies":[{"embeddable":true,"href":"https:\/\/rutana.lt\/en\/wp-json\/wp\/v2\/comments?post=34689"}],"version-history":[{"count":2,"href":"https:\/\/rutana.lt\/en\/wp-json\/wp\/v2\/product\/34689\/revisions"}],"predecessor-version":[{"id":34692,"href":"https:\/\/rutana.lt\/en\/wp-json\/wp\/v2\/product\/34689\/revisions\/34692"}],"wp:featuredmedia":[{"embeddable":true,"href":"https:\/\/rutana.lt\/en\/wp-json\/wp\/v2\/media\/34690"}],"wp:attachment":[{"href":"https:\/\/rutana.lt\/en\/wp-json\/wp\/v2\/media?parent=34689"}],"wp:term":[{"taxonomy":"product_brand","embeddable":true,"href":"https:\/\/rutana.lt\/en\/wp-json\/wp\/v2\/product_brand?post=34689"},{"taxonomy":"product_cat","embeddable":true,"href":"https:\/\/rutana.lt\/en\/wp-json\/wp\/v2\/product_cat?post=34689"},{"taxonomy":"product_tag","embeddable":true,"href":"https:\/\/rutana.lt\/en\/wp-json\/wp\/v2\/product_tag?post=34689"}],"curies":[{"name":"wp","href":"https:\/\/api.w.org\/{rel}","templated":true}]}}