{"id":34655,"date":"2026-01-30T16:49:16","date_gmt":"2026-01-30T14:49:16","guid":{"rendered":"https:\/\/rutana.lt\/?post_type=product&#038;p=34655"},"modified":"2026-04-08T15:07:07","modified_gmt":"2026-04-08T13:07:07","slug":"orkaiciu-ir-grilio-valymo-priemone-oven-cleaner-750-ml-evans-a071aev","status":"publish","type":"product","link":"https:\/\/rutana.lt\/en\/product\/orkaiciu-ir-grilio-valymo-priemone-oven-cleaner-750-ml-evans-a071aev\/","title":{"rendered":"Orkai\u010di\u0173 ir grilio valymo priemon\u0117 &#8222;Oven Cleaner&#8221; 750 ml Evans A071AEV"},"content":{"rendered":"<p>Valiklis pa\u0161alina prikepusius riebalus ir anglies apna\u0161as. Sutir\u0161t\u0117jusi, putojanti formul\u0117 prilimpa prie vertikali\u0173 pavir\u0161i\u0173, kad b\u016bt\u0173 geriau valoma. Tinka emaliuot\u0173 orkai\u010di\u0173 ir pavir\u0161i\u0173, keptuvi\u0173 ir ketaus kaitlen\u010di\u0173 vidui. Silpno kvapo formul\u0117, be kvapikli\u0173 ir da\u017eikli\u0173.<\/p>\n<p>Talpa: 750 ml<\/p>\n<p>Tara: PET<\/p>\n<p>pH 13.8<\/p>\n<p>Kilm\u0117s \u0161alis: Did\u017eioji Britanija<\/p>","protected":false},"excerpt":{"rendered":"<p>Valiklis pa\u0161alina prikepusius riebalus ir anglies apna\u0161as.<\/p>","protected":false},"featured_media":34656,"comment_status":"open","ping_status":"closed","template":"","meta":{"_season_start":"","_season_end":"","_season_days":"","_season_months":"","_season_auto_visibility":"1"},"product_brand":[620],"product_cat":[1686],"product_tag":[],"class_list":{"0":"post-34655","1":"product","2":"type-product","3":"status-publish","4":"has-post-thumbnail","6":"product_brand-evans","7":"product_cat-kiti-valikliai-ir-plovikliai","9":"first","10":"instock","11":"sale","12":"taxable","13":"shipping-taxable","14":"purchasable","15":"product-type-simple"},"yoast_head":"<!-- This site is optimized with the Yoast SEO plugin v27.4 - https:\/\/yoast.com\/product\/yoast-seo-wordpress\/ -->\n<title>Orkai\u010di\u0173 ir grilio valymo priemon\u0117 &quot;Oven Cleaner&quot; 750 ml Evans A071AEV - Rutana - Ra\u0161tin\u0117s reikmenys<\/title>\n<meta name=\"robots\" content=\"index, follow, max-snippet:-1, max-image-preview:large, max-video-preview:-1\" \/>\n<link rel=\"canonical\" href=\"https:\/\/rutana.lt\/en\/product\/orkaiciu-ir-grilio-valymo-priemone-oven-cleaner-750-ml-evans-a071aev\/\" \/>\n<meta property=\"og:locale\" content=\"en_US\" \/>\n<meta property=\"og:type\" content=\"article\" \/>\n<meta property=\"og:title\" content=\"Orkai\u010di\u0173 ir grilio valymo priemon\u0117 &quot;Oven Cleaner&quot; 750 ml Evans A071AEV - Rutana - Ra\u0161tin\u0117s reikmenys\" \/>\n<meta property=\"og:description\" content=\"Valiklis pa\u0161alina prikepusius riebalus ir anglies apna\u0161as.\" \/>\n<meta property=\"og:url\" content=\"https:\/\/rutana.lt\/en\/product\/orkaiciu-ir-grilio-valymo-priemone-oven-cleaner-750-ml-evans-a071aev\/\" \/>\n<meta property=\"og:site_name\" content=\"Rutana - Ra\u0161tin\u0117s reikmenys\" \/>\n<meta property=\"article:publisher\" content=\"https:\/\/www.facebook.com\/RutanaKanceliarinesPrekes\/\" \/>\n<meta property=\"article:modified_time\" content=\"2026-04-08T13:07:07+00:00\" \/>\n<meta property=\"og:image\" content=\"https:\/\/rutana.lt\/wp-content\/uploads\/2026\/01\/B095-081.jpg\" \/>\n\t<meta property=\"og:image:width\" content=\"1200\" \/>\n\t<meta property=\"og:image:height\" content=\"1200\" \/>\n\t<meta property=\"og:image:type\" content=\"image\/jpeg\" \/>\n<meta name=\"twitter:card\" content=\"summary_large_image\" \/>\n<meta name=\"twitter:label1\" content=\"Est. reading time\" \/>\n\t<meta name=\"twitter:data1\" content=\"1 minute\" \/>\n<script type=\"application\/ld+json\" class=\"yoast-schema-graph\">{\"@context\":\"https:\\\/\\\/schema.org\",\"@graph\":[{\"@type\":\"WebPage\",\"@id\":\"https:\\\/\\\/rutana.lt\\\/produktas\\\/orkaiciu-ir-grilio-valymo-priemone-oven-cleaner-750-ml-evans-a071aev\\\/\",\"url\":\"https:\\\/\\\/rutana.lt\\\/produktas\\\/orkaiciu-ir-grilio-valymo-priemone-oven-cleaner-750-ml-evans-a071aev\\\/\",\"name\":\"Orkai\u010di\u0173 ir grilio valymo priemon\u0117 \\\"Oven Cleaner\\\" 750 ml Evans A071AEV - Rutana - Ra\u0161tin\u0117s reikmenys\",\"isPartOf\":{\"@id\":\"https:\\\/\\\/rutana.lt\\\/#website\"},\"primaryImageOfPage\":{\"@id\":\"https:\\\/\\\/rutana.lt\\\/produktas\\\/orkaiciu-ir-grilio-valymo-priemone-oven-cleaner-750-ml-evans-a071aev\\\/#primaryimage\"},\"image\":{\"@id\":\"https:\\\/\\\/rutana.lt\\\/produktas\\\/orkaiciu-ir-grilio-valymo-priemone-oven-cleaner-750-ml-evans-a071aev\\\/#primaryimage\"},\"thumbnailUrl\":\"https:\\\/\\\/rutana.lt\\\/wp-content\\\/uploads\\\/2026\\\/01\\\/B095-081.jpg\",\"datePublished\":\"2026-01-30T14:49:16+00:00\",\"dateModified\":\"2026-04-08T13:07:07+00:00\",\"breadcrumb\":{\"@id\":\"https:\\\/\\\/rutana.lt\\\/produktas\\\/orkaiciu-ir-grilio-valymo-priemone-oven-cleaner-750-ml-evans-a071aev\\\/#breadcrumb\"},\"inLanguage\":\"en-US\",\"potentialAction\":[{\"@type\":\"ReadAction\",\"target\":[\"https:\\\/\\\/rutana.lt\\\/produktas\\\/orkaiciu-ir-grilio-valymo-priemone-oven-cleaner-750-ml-evans-a071aev\\\/\"]}]},{\"@type\":\"ImageObject\",\"inLanguage\":\"en-US\",\"@id\":\"https:\\\/\\\/rutana.lt\\\/produktas\\\/orkaiciu-ir-grilio-valymo-priemone-oven-cleaner-750-ml-evans-a071aev\\\/#primaryimage\",\"url\":\"https:\\\/\\\/rutana.lt\\\/wp-content\\\/uploads\\\/2026\\\/01\\\/B095-081.jpg\",\"contentUrl\":\"https:\\\/\\\/rutana.lt\\\/wp-content\\\/uploads\\\/2026\\\/01\\\/B095-081.jpg\",\"width\":1200,\"height\":1200},{\"@type\":\"BreadcrumbList\",\"@id\":\"https:\\\/\\\/rutana.lt\\\/produktas\\\/orkaiciu-ir-grilio-valymo-priemone-oven-cleaner-750-ml-evans-a071aev\\\/#breadcrumb\",\"itemListElement\":[{\"@type\":\"ListItem\",\"position\":1,\"name\":\"Home\",\"item\":\"https:\\\/\\\/rutana.lt\\\/\"},{\"@type\":\"ListItem\",\"position\":2,\"name\":\"Parduotuv\u0117\",\"item\":\"https:\\\/\\\/rutana.lt\\\/parduotuve\\\/\"},{\"@type\":\"ListItem\",\"position\":3,\"name\":\"Orkai\u010di\u0173 ir grilio valymo priemon\u0117 &#8222;Oven Cleaner&#8221; 750 ml Evans A071AEV\"}]},{\"@type\":\"WebSite\",\"@id\":\"https:\\\/\\\/rutana.lt\\\/#website\",\"url\":\"https:\\\/\\\/rutana.lt\\\/\",\"name\":\"Rutana - Ra\u0161tin\u0117s reikmenys\",\"description\":\"Prekiaujame pasaulin\u0117je rinkoje pripa\u017eintomis, kokybi\u0161komis biuro prek\u0117mis toki\u0173  gamintoj\u0173 kaip: Schneider, Esselte, Novus, 3M, Faber-Castell, Citizen, Milan, Leitz, Colop, Zebra, Staedtler, Durable, Tork, Parker, Waterman ir kt.\",\"publisher\":{\"@id\":\"https:\\\/\\\/rutana.lt\\\/#organization\"},\"potentialAction\":[{\"@type\":\"SearchAction\",\"target\":{\"@type\":\"EntryPoint\",\"urlTemplate\":\"https:\\\/\\\/rutana.lt\\\/?s={search_term_string}\"},\"query-input\":{\"@type\":\"PropertyValueSpecification\",\"valueRequired\":true,\"valueName\":\"search_term_string\"}}],\"inLanguage\":\"en-US\"},{\"@type\":\"Organization\",\"@id\":\"https:\\\/\\\/rutana.lt\\\/#organization\",\"name\":\"Rutana - Ra\u0161tin\u0117s reikmenys\",\"url\":\"https:\\\/\\\/rutana.lt\\\/\",\"logo\":{\"@type\":\"ImageObject\",\"inLanguage\":\"en-US\",\"@id\":\"https:\\\/\\\/rutana.lt\\\/#\\\/schema\\\/logo\\\/image\\\/\",\"url\":\"https:\\\/\\\/rutana.lt\\\/wp-content\\\/uploads\\\/2025\\\/10\\\/Asset-32.png\",\"contentUrl\":\"https:\\\/\\\/rutana.lt\\\/wp-content\\\/uploads\\\/2025\\\/10\\\/Asset-32.png\",\"width\":433,\"height\":119,\"caption\":\"Rutana - Ra\u0161tin\u0117s reikmenys\"},\"image\":{\"@id\":\"https:\\\/\\\/rutana.lt\\\/#\\\/schema\\\/logo\\\/image\\\/\"},\"sameAs\":[\"https:\\\/\\\/www.facebook.com\\\/RutanaKanceliarinesPrekes\\\/\"]}]}<\/script>\n<!-- \/ Yoast SEO plugin. -->","yoast_head_json":{"title":"Orkai\u010di\u0173 ir grilio valymo priemon\u0117 \"Oven Cleaner\" 750 ml Evans A071AEV - Rutana - Ra\u0161tin\u0117s reikmenys","robots":{"index":"index","follow":"follow","max-snippet":"max-snippet:-1","max-image-preview":"max-image-preview:large","max-video-preview":"max-video-preview:-1"},"canonical":"https:\/\/rutana.lt\/en\/product\/orkaiciu-ir-grilio-valymo-priemone-oven-cleaner-750-ml-evans-a071aev\/","og_locale":"en_US","og_type":"article","og_title":"Orkai\u010di\u0173 ir grilio valymo priemon\u0117 \"Oven Cleaner\" 750 ml Evans A071AEV - Rutana - Ra\u0161tin\u0117s reikmenys","og_description":"Valiklis pa\u0161alina prikepusius riebalus ir anglies apna\u0161as.","og_url":"https:\/\/rutana.lt\/en\/product\/orkaiciu-ir-grilio-valymo-priemone-oven-cleaner-750-ml-evans-a071aev\/","og_site_name":"Rutana - Ra\u0161tin\u0117s reikmenys","article_publisher":"https:\/\/www.facebook.com\/RutanaKanceliarinesPrekes\/","article_modified_time":"2026-04-08T13:07:07+00:00","og_image":[{"width":1200,"height":1200,"url":"https:\/\/rutana.lt\/wp-content\/uploads\/2026\/01\/B095-081.jpg","type":"image\/jpeg"}],"twitter_card":"summary_large_image","twitter_misc":{"Est. reading time":"1 minute"},"schema":{"@context":"https:\/\/schema.org","@graph":[{"@type":"WebPage","@id":"https:\/\/rutana.lt\/produktas\/orkaiciu-ir-grilio-valymo-priemone-oven-cleaner-750-ml-evans-a071aev\/","url":"https:\/\/rutana.lt\/produktas\/orkaiciu-ir-grilio-valymo-priemone-oven-cleaner-750-ml-evans-a071aev\/","name":"Orkai\u010di\u0173 ir grilio valymo priemon\u0117 \"Oven Cleaner\" 750 ml Evans A071AEV - Rutana - Ra\u0161tin\u0117s reikmenys","isPartOf":{"@id":"https:\/\/rutana.lt\/#website"},"primaryImageOfPage":{"@id":"https:\/\/rutana.lt\/produktas\/orkaiciu-ir-grilio-valymo-priemone-oven-cleaner-750-ml-evans-a071aev\/#primaryimage"},"image":{"@id":"https:\/\/rutana.lt\/produktas\/orkaiciu-ir-grilio-valymo-priemone-oven-cleaner-750-ml-evans-a071aev\/#primaryimage"},"thumbnailUrl":"https:\/\/rutana.lt\/wp-content\/uploads\/2026\/01\/B095-081.jpg","datePublished":"2026-01-30T14:49:16+00:00","dateModified":"2026-04-08T13:07:07+00:00","breadcrumb":{"@id":"https:\/\/rutana.lt\/produktas\/orkaiciu-ir-grilio-valymo-priemone-oven-cleaner-750-ml-evans-a071aev\/#breadcrumb"},"inLanguage":"en-US","potentialAction":[{"@type":"ReadAction","target":["https:\/\/rutana.lt\/produktas\/orkaiciu-ir-grilio-valymo-priemone-oven-cleaner-750-ml-evans-a071aev\/"]}]},{"@type":"ImageObject","inLanguage":"en-US","@id":"https:\/\/rutana.lt\/produktas\/orkaiciu-ir-grilio-valymo-priemone-oven-cleaner-750-ml-evans-a071aev\/#primaryimage","url":"https:\/\/rutana.lt\/wp-content\/uploads\/2026\/01\/B095-081.jpg","contentUrl":"https:\/\/rutana.lt\/wp-content\/uploads\/2026\/01\/B095-081.jpg","width":1200,"height":1200},{"@type":"BreadcrumbList","@id":"https:\/\/rutana.lt\/produktas\/orkaiciu-ir-grilio-valymo-priemone-oven-cleaner-750-ml-evans-a071aev\/#breadcrumb","itemListElement":[{"@type":"ListItem","position":1,"name":"Home","item":"https:\/\/rutana.lt\/"},{"@type":"ListItem","position":2,"name":"Parduotuv\u0117","item":"https:\/\/rutana.lt\/parduotuve\/"},{"@type":"ListItem","position":3,"name":"Orkai\u010di\u0173 ir grilio valymo priemon\u0117 &#8222;Oven Cleaner&#8221; 750 ml Evans A071AEV"}]},{"@type":"WebSite","@id":"https:\/\/rutana.lt\/#website","url":"https:\/\/rutana.lt\/","name":"Rutana - Ra\u0161tin\u0117s reikmenys","description":"Prekiaujame pasaulin\u0117je rinkoje pripa\u017eintomis, kokybi\u0161komis biuro prek\u0117mis toki\u0173  gamintoj\u0173 kaip: Schneider, Esselte, Novus, 3M, Faber-Castell, Citizen, Milan, Leitz, Colop, Zebra, Staedtler, Durable, Tork, Parker, Waterman ir kt.","publisher":{"@id":"https:\/\/rutana.lt\/#organization"},"potentialAction":[{"@type":"SearchAction","target":{"@type":"EntryPoint","urlTemplate":"https:\/\/rutana.lt\/?s={search_term_string}"},"query-input":{"@type":"PropertyValueSpecification","valueRequired":true,"valueName":"search_term_string"}}],"inLanguage":"en-US"},{"@type":"Organization","@id":"https:\/\/rutana.lt\/#organization","name":"Rutana - Ra\u0161tin\u0117s reikmenys","url":"https:\/\/rutana.lt\/","logo":{"@type":"ImageObject","inLanguage":"en-US","@id":"https:\/\/rutana.lt\/#\/schema\/logo\/image\/","url":"https:\/\/rutana.lt\/wp-content\/uploads\/2025\/10\/Asset-32.png","contentUrl":"https:\/\/rutana.lt\/wp-content\/uploads\/2025\/10\/Asset-32.png","width":433,"height":119,"caption":"Rutana - Ra\u0161tin\u0117s reikmenys"},"image":{"@id":"https:\/\/rutana.lt\/#\/schema\/logo\/image\/"},"sameAs":["https:\/\/www.facebook.com\/RutanaKanceliarinesPrekes\/"]}]}},"_links":{"self":[{"href":"https:\/\/rutana.lt\/en\/wp-json\/wp\/v2\/product\/34655","targetHints":{"allow":["GET"]}}],"collection":[{"href":"https:\/\/rutana.lt\/en\/wp-json\/wp\/v2\/product"}],"about":[{"href":"https:\/\/rutana.lt\/en\/wp-json\/wp\/v2\/types\/product"}],"replies":[{"embeddable":true,"href":"https:\/\/rutana.lt\/en\/wp-json\/wp\/v2\/comments?post=34655"}],"version-history":[{"count":2,"href":"https:\/\/rutana.lt\/en\/wp-json\/wp\/v2\/product\/34655\/revisions"}],"predecessor-version":[{"id":34658,"href":"https:\/\/rutana.lt\/en\/wp-json\/wp\/v2\/product\/34655\/revisions\/34658"}],"wp:featuredmedia":[{"embeddable":true,"href":"https:\/\/rutana.lt\/en\/wp-json\/wp\/v2\/media\/34656"}],"wp:attachment":[{"href":"https:\/\/rutana.lt\/en\/wp-json\/wp\/v2\/media?parent=34655"}],"wp:term":[{"taxonomy":"product_brand","embeddable":true,"href":"https:\/\/rutana.lt\/en\/wp-json\/wp\/v2\/product_brand?post=34655"},{"taxonomy":"product_cat","embeddable":true,"href":"https:\/\/rutana.lt\/en\/wp-json\/wp\/v2\/product_cat?post=34655"},{"taxonomy":"product_tag","embeddable":true,"href":"https:\/\/rutana.lt\/en\/wp-json\/wp\/v2\/product_tag?post=34655"}],"curies":[{"name":"wp","href":"https:\/\/api.w.org\/{rel}","templated":true}]}}