{"id":34620,"date":"2026-01-26T18:09:51","date_gmt":"2026-01-26T16:09:51","guid":{"rendered":"https:\/\/rutana.lt\/?post_type=product&#038;p=34620"},"modified":"2026-03-29T14:55:03","modified_gmt":"2026-03-29T12:55:03","slug":"lipni-juosta-dvipuse-50mmx10m-skaidri-folsen-03111","status":"publish","type":"product","link":"https:\/\/rutana.lt\/en\/product\/lipni-juosta-dvipuse-50mmx10m-skaidri-folsen-03111\/","title":{"rendered":"Lipni juosta dvipus\u0117 50mmx10m skaidri Folsen 03111"},"content":{"rendered":"<p style=\"margin-bottom: 10px;\">Skaidri polipropileno pl\u0117vel\u0117 i\u0161 abiej\u0173 pusi\u0173 padengta didelio lipnumo akriliniais klijais. Gali b\u016bti naudojama sujungimui, tvirtinimui ir jungimui. Puikus sukibimas su visais pavir\u0161iais. Pl\u0117\u0161oma rankomis. Puikiai tinka klijavimui ir tvirtinimui prie lygi\u0173 arba nelygi\u0173 pavir\u0161i\u0173 \u201epasidaryk pats\u201c projektuose ir rankdarbi\u0173 reikm\u0117ms.<\/p>\n<p style=\"margin-bottom: 10px;\">Juostel\u0117s plotis: 50 mm<\/p>\n<p style=\"margin-bottom: 10px;\">Juostel\u0117s ilgis: 10 m<\/p>\n<p>Spalva: skaidri<\/p>\n<p>Laikymo j\u0117ga: min 800<\/p>\n<p style=\"margin-bottom: 10px;\">Kilm\u0117s \u0161alis: EU<\/p>","protected":false},"excerpt":{"rendered":"<p>Skaidri polipropileno pl\u0117vel\u0117 i\u0161 abiej\u0173 pusi\u0173 padengta didelio lipnumo akriliniais klijais.<\/p>","protected":false},"featured_media":34621,"comment_status":"open","ping_status":"closed","template":"","meta":{"_season_start":"","_season_end":"","_season_days":"","_season_months":"","_season_auto_visibility":"1"},"product_brand":[1939],"product_cat":[1940],"product_tag":[],"class_list":{"0":"post-34620","1":"product","2":"type-product","3":"status-publish","4":"has-post-thumbnail","6":"product_brand-folsen","7":"product_cat-dvipusio-lipnumo-juostos","9":"first","10":"instock","11":"taxable","12":"shipping-taxable","13":"purchasable","14":"product-type-simple"},"yoast_head":"<!-- This site is optimized with the Yoast SEO plugin v26.1.1 - https:\/\/yoast.com\/wordpress\/plugins\/seo\/ -->\n<title>Lipni juosta dvipus\u0117 50mmx10m skaidri Folsen 03111 - Rutana - Ra\u0161tin\u0117s reikmenys<\/title>\n<meta name=\"robots\" content=\"index, follow, max-snippet:-1, max-image-preview:large, max-video-preview:-1\" \/>\n<link rel=\"canonical\" href=\"https:\/\/rutana.lt\/en\/product\/lipni-juosta-dvipuse-50mmx10m-skaidri-folsen-03111\/\" \/>\n<meta property=\"og:locale\" content=\"en_US\" \/>\n<meta property=\"og:type\" content=\"article\" \/>\n<meta property=\"og:title\" content=\"Lipni juosta dvipus\u0117 50mmx10m skaidri Folsen 03111 - Rutana - Ra\u0161tin\u0117s reikmenys\" \/>\n<meta property=\"og:description\" content=\"Skaidri polipropileno pl\u0117vel\u0117 i\u0161 abiej\u0173 pusi\u0173 padengta didelio lipnumo akriliniais klijais.\" \/>\n<meta property=\"og:url\" content=\"https:\/\/rutana.lt\/en\/product\/lipni-juosta-dvipuse-50mmx10m-skaidri-folsen-03111\/\" \/>\n<meta property=\"og:site_name\" content=\"Rutana - Ra\u0161tin\u0117s reikmenys\" \/>\n<meta property=\"article:publisher\" content=\"https:\/\/www.facebook.com\/RutanaKanceliarinesPrekes\/\" \/>\n<meta property=\"article:modified_time\" content=\"2026-03-29T12:55:03+00:00\" \/>\n<meta property=\"og:image\" content=\"https:\/\/rutana.lt\/wp-content\/uploads\/2026\/01\/B013-842.jpg\" \/>\n\t<meta property=\"og:image:width\" content=\"1200\" \/>\n\t<meta property=\"og:image:height\" content=\"1200\" \/>\n\t<meta property=\"og:image:type\" content=\"image\/jpeg\" \/>\n<meta name=\"twitter:card\" content=\"summary_large_image\" \/>\n<meta name=\"twitter:label1\" content=\"Est. reading time\" \/>\n\t<meta name=\"twitter:data1\" content=\"1 minute\" \/>\n<script type=\"application\/ld+json\" class=\"yoast-schema-graph\">{\"@context\":\"https:\/\/schema.org\",\"@graph\":[{\"@type\":\"WebPage\",\"@id\":\"https:\/\/rutana.lt\/produktas\/lipni-juosta-dvipuse-50mmx10m-skaidri-folsen-03111\/\",\"url\":\"https:\/\/rutana.lt\/produktas\/lipni-juosta-dvipuse-50mmx10m-skaidri-folsen-03111\/\",\"name\":\"Lipni juosta dvipus\u0117 50mmx10m skaidri Folsen 03111 - Rutana - Ra\u0161tin\u0117s reikmenys\",\"isPartOf\":{\"@id\":\"https:\/\/rutana.lt\/#website\"},\"primaryImageOfPage\":{\"@id\":\"https:\/\/rutana.lt\/produktas\/lipni-juosta-dvipuse-50mmx10m-skaidri-folsen-03111\/#primaryimage\"},\"image\":{\"@id\":\"https:\/\/rutana.lt\/produktas\/lipni-juosta-dvipuse-50mmx10m-skaidri-folsen-03111\/#primaryimage\"},\"thumbnailUrl\":\"https:\/\/rutana.lt\/wp-content\/uploads\/2026\/01\/B013-842.jpg\",\"datePublished\":\"2026-01-26T16:09:51+00:00\",\"dateModified\":\"2026-03-29T12:55:03+00:00\",\"breadcrumb\":{\"@id\":\"https:\/\/rutana.lt\/produktas\/lipni-juosta-dvipuse-50mmx10m-skaidri-folsen-03111\/#breadcrumb\"},\"inLanguage\":\"en-US\",\"potentialAction\":[{\"@type\":\"ReadAction\",\"target\":[\"https:\/\/rutana.lt\/produktas\/lipni-juosta-dvipuse-50mmx10m-skaidri-folsen-03111\/\"]}]},{\"@type\":\"ImageObject\",\"inLanguage\":\"en-US\",\"@id\":\"https:\/\/rutana.lt\/produktas\/lipni-juosta-dvipuse-50mmx10m-skaidri-folsen-03111\/#primaryimage\",\"url\":\"https:\/\/rutana.lt\/wp-content\/uploads\/2026\/01\/B013-842.jpg\",\"contentUrl\":\"https:\/\/rutana.lt\/wp-content\/uploads\/2026\/01\/B013-842.jpg\",\"width\":1200,\"height\":1200},{\"@type\":\"BreadcrumbList\",\"@id\":\"https:\/\/rutana.lt\/produktas\/lipni-juosta-dvipuse-50mmx10m-skaidri-folsen-03111\/#breadcrumb\",\"itemListElement\":[{\"@type\":\"ListItem\",\"position\":1,\"name\":\"Home\",\"item\":\"https:\/\/rutana.lt\/\"},{\"@type\":\"ListItem\",\"position\":2,\"name\":\"Parduotuv\u0117\",\"item\":\"https:\/\/rutana.lt\/parduotuve\/\"},{\"@type\":\"ListItem\",\"position\":3,\"name\":\"Lipni juosta dvipus\u0117 50mmx10m skaidri Folsen 03111\"}]},{\"@type\":\"WebSite\",\"@id\":\"https:\/\/rutana.lt\/#website\",\"url\":\"https:\/\/rutana.lt\/\",\"name\":\"Rutana - Ra\u0161tin\u0117s reikmenys\",\"description\":\"Prekiaujame pasaulin\u0117je rinkoje pripa\u017eintomis, kokybi\u0161komis biuro prek\u0117mis toki\u0173  gamintoj\u0173 kaip: Schneider, Esselte, Novus, 3M, Faber-Castell, Citizen, Milan, Leitz, Colop, Zebra, Staedtler, Durable, Tork, Parker, Waterman ir kt.\",\"publisher\":{\"@id\":\"https:\/\/rutana.lt\/#organization\"},\"potentialAction\":[{\"@type\":\"SearchAction\",\"target\":{\"@type\":\"EntryPoint\",\"urlTemplate\":\"https:\/\/rutana.lt\/?s={search_term_string}\"},\"query-input\":{\"@type\":\"PropertyValueSpecification\",\"valueRequired\":true,\"valueName\":\"search_term_string\"}}],\"inLanguage\":\"en-US\"},{\"@type\":\"Organization\",\"@id\":\"https:\/\/rutana.lt\/#organization\",\"name\":\"Rutana - Ra\u0161tin\u0117s reikmenys\",\"url\":\"https:\/\/rutana.lt\/\",\"logo\":{\"@type\":\"ImageObject\",\"inLanguage\":\"en-US\",\"@id\":\"https:\/\/rutana.lt\/#\/schema\/logo\/image\/\",\"url\":\"https:\/\/rutana.lt\/wp-content\/uploads\/2025\/10\/Asset-32.png\",\"contentUrl\":\"https:\/\/rutana.lt\/wp-content\/uploads\/2025\/10\/Asset-32.png\",\"width\":433,\"height\":119,\"caption\":\"Rutana - Ra\u0161tin\u0117s reikmenys\"},\"image\":{\"@id\":\"https:\/\/rutana.lt\/#\/schema\/logo\/image\/\"},\"sameAs\":[\"https:\/\/www.facebook.com\/RutanaKanceliarinesPrekes\/\"]}]}<\/script>\n<!-- \/ Yoast SEO plugin. -->","yoast_head_json":{"title":"Lipni juosta dvipus\u0117 50mmx10m skaidri Folsen 03111 - Rutana - Ra\u0161tin\u0117s reikmenys","robots":{"index":"index","follow":"follow","max-snippet":"max-snippet:-1","max-image-preview":"max-image-preview:large","max-video-preview":"max-video-preview:-1"},"canonical":"https:\/\/rutana.lt\/en\/product\/lipni-juosta-dvipuse-50mmx10m-skaidri-folsen-03111\/","og_locale":"en_US","og_type":"article","og_title":"Lipni juosta dvipus\u0117 50mmx10m skaidri Folsen 03111 - Rutana - Ra\u0161tin\u0117s reikmenys","og_description":"Skaidri polipropileno pl\u0117vel\u0117 i\u0161 abiej\u0173 pusi\u0173 padengta didelio lipnumo akriliniais klijais.","og_url":"https:\/\/rutana.lt\/en\/product\/lipni-juosta-dvipuse-50mmx10m-skaidri-folsen-03111\/","og_site_name":"Rutana - Ra\u0161tin\u0117s reikmenys","article_publisher":"https:\/\/www.facebook.com\/RutanaKanceliarinesPrekes\/","article_modified_time":"2026-03-29T12:55:03+00:00","og_image":[{"width":1200,"height":1200,"url":"https:\/\/rutana.lt\/wp-content\/uploads\/2026\/01\/B013-842.jpg","type":"image\/jpeg"}],"twitter_card":"summary_large_image","twitter_misc":{"Est. reading time":"1 minute"},"schema":{"@context":"https:\/\/schema.org","@graph":[{"@type":"WebPage","@id":"https:\/\/rutana.lt\/produktas\/lipni-juosta-dvipuse-50mmx10m-skaidri-folsen-03111\/","url":"https:\/\/rutana.lt\/produktas\/lipni-juosta-dvipuse-50mmx10m-skaidri-folsen-03111\/","name":"Lipni juosta dvipus\u0117 50mmx10m skaidri Folsen 03111 - Rutana - Ra\u0161tin\u0117s reikmenys","isPartOf":{"@id":"https:\/\/rutana.lt\/#website"},"primaryImageOfPage":{"@id":"https:\/\/rutana.lt\/produktas\/lipni-juosta-dvipuse-50mmx10m-skaidri-folsen-03111\/#primaryimage"},"image":{"@id":"https:\/\/rutana.lt\/produktas\/lipni-juosta-dvipuse-50mmx10m-skaidri-folsen-03111\/#primaryimage"},"thumbnailUrl":"https:\/\/rutana.lt\/wp-content\/uploads\/2026\/01\/B013-842.jpg","datePublished":"2026-01-26T16:09:51+00:00","dateModified":"2026-03-29T12:55:03+00:00","breadcrumb":{"@id":"https:\/\/rutana.lt\/produktas\/lipni-juosta-dvipuse-50mmx10m-skaidri-folsen-03111\/#breadcrumb"},"inLanguage":"en-US","potentialAction":[{"@type":"ReadAction","target":["https:\/\/rutana.lt\/produktas\/lipni-juosta-dvipuse-50mmx10m-skaidri-folsen-03111\/"]}]},{"@type":"ImageObject","inLanguage":"en-US","@id":"https:\/\/rutana.lt\/produktas\/lipni-juosta-dvipuse-50mmx10m-skaidri-folsen-03111\/#primaryimage","url":"https:\/\/rutana.lt\/wp-content\/uploads\/2026\/01\/B013-842.jpg","contentUrl":"https:\/\/rutana.lt\/wp-content\/uploads\/2026\/01\/B013-842.jpg","width":1200,"height":1200},{"@type":"BreadcrumbList","@id":"https:\/\/rutana.lt\/produktas\/lipni-juosta-dvipuse-50mmx10m-skaidri-folsen-03111\/#breadcrumb","itemListElement":[{"@type":"ListItem","position":1,"name":"Home","item":"https:\/\/rutana.lt\/"},{"@type":"ListItem","position":2,"name":"Parduotuv\u0117","item":"https:\/\/rutana.lt\/parduotuve\/"},{"@type":"ListItem","position":3,"name":"Lipni juosta dvipus\u0117 50mmx10m skaidri Folsen 03111"}]},{"@type":"WebSite","@id":"https:\/\/rutana.lt\/#website","url":"https:\/\/rutana.lt\/","name":"Rutana - Ra\u0161tin\u0117s reikmenys","description":"Prekiaujame pasaulin\u0117je rinkoje pripa\u017eintomis, kokybi\u0161komis biuro prek\u0117mis toki\u0173  gamintoj\u0173 kaip: Schneider, Esselte, Novus, 3M, Faber-Castell, Citizen, Milan, Leitz, Colop, Zebra, Staedtler, Durable, Tork, Parker, Waterman ir kt.","publisher":{"@id":"https:\/\/rutana.lt\/#organization"},"potentialAction":[{"@type":"SearchAction","target":{"@type":"EntryPoint","urlTemplate":"https:\/\/rutana.lt\/?s={search_term_string}"},"query-input":{"@type":"PropertyValueSpecification","valueRequired":true,"valueName":"search_term_string"}}],"inLanguage":"en-US"},{"@type":"Organization","@id":"https:\/\/rutana.lt\/#organization","name":"Rutana - Ra\u0161tin\u0117s reikmenys","url":"https:\/\/rutana.lt\/","logo":{"@type":"ImageObject","inLanguage":"en-US","@id":"https:\/\/rutana.lt\/#\/schema\/logo\/image\/","url":"https:\/\/rutana.lt\/wp-content\/uploads\/2025\/10\/Asset-32.png","contentUrl":"https:\/\/rutana.lt\/wp-content\/uploads\/2025\/10\/Asset-32.png","width":433,"height":119,"caption":"Rutana - Ra\u0161tin\u0117s reikmenys"},"image":{"@id":"https:\/\/rutana.lt\/#\/schema\/logo\/image\/"},"sameAs":["https:\/\/www.facebook.com\/RutanaKanceliarinesPrekes\/"]}]}},"_links":{"self":[{"href":"https:\/\/rutana.lt\/en\/wp-json\/wp\/v2\/product\/34620","targetHints":{"allow":["GET"]}}],"collection":[{"href":"https:\/\/rutana.lt\/en\/wp-json\/wp\/v2\/product"}],"about":[{"href":"https:\/\/rutana.lt\/en\/wp-json\/wp\/v2\/types\/product"}],"replies":[{"embeddable":true,"href":"https:\/\/rutana.lt\/en\/wp-json\/wp\/v2\/comments?post=34620"}],"version-history":[{"count":1,"href":"https:\/\/rutana.lt\/en\/wp-json\/wp\/v2\/product\/34620\/revisions"}],"predecessor-version":[{"id":34622,"href":"https:\/\/rutana.lt\/en\/wp-json\/wp\/v2\/product\/34620\/revisions\/34622"}],"wp:featuredmedia":[{"embeddable":true,"href":"https:\/\/rutana.lt\/en\/wp-json\/wp\/v2\/media\/34621"}],"wp:attachment":[{"href":"https:\/\/rutana.lt\/en\/wp-json\/wp\/v2\/media?parent=34620"}],"wp:term":[{"taxonomy":"product_brand","embeddable":true,"href":"https:\/\/rutana.lt\/en\/wp-json\/wp\/v2\/product_brand?post=34620"},{"taxonomy":"product_cat","embeddable":true,"href":"https:\/\/rutana.lt\/en\/wp-json\/wp\/v2\/product_cat?post=34620"},{"taxonomy":"product_tag","embeddable":true,"href":"https:\/\/rutana.lt\/en\/wp-json\/wp\/v2\/product_tag?post=34620"}],"curies":[{"name":"wp","href":"https:\/\/api.w.org\/{rel}","templated":true}]}}