{"id":34581,"date":"2026-01-25T16:09:09","date_gmt":"2026-01-25T14:09:09","guid":{"rendered":"https:\/\/rutana.lt\/?post_type=product&#038;p=34581"},"modified":"2026-01-25T16:17:27","modified_gmt":"2026-01-25T14:17:27","slug":"lipnus-lapeliai-75-x-75-mm-z-tipo-neoniniu-sp-forpus-42054","status":"publish","type":"product","link":"https:\/\/rutana.lt\/en\/product\/lipnus-lapeliai-75-x-75-mm-z-tipo-neoniniu-sp-forpus-42054\/","title":{"rendered":"Lipn\u016bs lapeliai 75 x 75 mm Z tipo neonini\u0173 sp. Forpus 42054"},"content":{"rendered":"<p>Lipn\u016bs lapeliai skirti smulkiems priminimams bei u\u017era\u0161ams pasi\u017eym\u0117ti. Z tipo lapeliai, pritaikyti d\u0117ti \u012f laikikl\u012f, kad i\u0161traukus vien\u0105 lapel\u012f visada liks i\u0161lind\u0119s kito lapelio kra\u0161tas patogiam i\u0161traukimui arba galima naudoti ir be laikiklio. Auk\u0161tos kokyb\u0117s popierius lengvai ir gerai limpa prie bet kokio pavir\u0161iaus. Nu\u0117mus nepalieka klij\u0173 \u017eymi\u0173. Blokelyje yra 100 lapeli\u0173.<\/p>\n<p>Lapelio i\u0161matavimai: 75 x 75 mm<\/p>\n<p>Lapelio spalva: neonini\u0173 spalv\u0173 miksas<\/p>\n<p>Lapeli\u0173 tipas: Z<\/p>\n<p>&nbsp;<\/p>","protected":false},"excerpt":{"rendered":"<p>Lipn\u016bs lapeliai skirti smulkiems priminimams bei u\u017era\u0161ams pasi\u017eym\u0117ti.<\/p>","protected":false},"featured_media":34582,"comment_status":"open","ping_status":"closed","template":"","meta":{"_season_start":"","_season_end":"","_season_days":"","_season_months":"","_season_auto_visibility":"1"},"product_brand":[74],"product_cat":[1769],"product_tag":[],"class_list":{"0":"post-34581","1":"product","2":"type-product","3":"status-publish","4":"has-post-thumbnail","6":"product_brand-forpus","7":"product_cat-76-x-76-mm","9":"first","10":"instock","11":"taxable","12":"shipping-taxable","13":"purchasable","14":"product-type-simple"},"yoast_head":"<!-- This site is optimized with the Yoast SEO plugin v26.1.1 - https:\/\/yoast.com\/wordpress\/plugins\/seo\/ -->\n<title>Lipn\u016bs lapeliai 75 x 75 mm Z tipo neonini\u0173 sp. Forpus 42054 - Rutana - Ra\u0161tin\u0117s reikmenys<\/title>\n<meta name=\"robots\" content=\"index, follow, max-snippet:-1, max-image-preview:large, max-video-preview:-1\" \/>\n<link rel=\"canonical\" href=\"https:\/\/rutana.lt\/en\/product\/lipnus-lapeliai-75-x-75-mm-z-tipo-neoniniu-sp-forpus-42054\/\" \/>\n<meta property=\"og:locale\" content=\"en_US\" \/>\n<meta property=\"og:type\" content=\"article\" \/>\n<meta property=\"og:title\" content=\"Lipn\u016bs lapeliai 75 x 75 mm Z tipo neonini\u0173 sp. Forpus 42054 - Rutana - Ra\u0161tin\u0117s reikmenys\" \/>\n<meta property=\"og:description\" content=\"Lipn\u016bs lapeliai skirti smulkiems priminimams bei u\u017era\u0161ams pasi\u017eym\u0117ti.\" \/>\n<meta property=\"og:url\" content=\"https:\/\/rutana.lt\/en\/product\/lipnus-lapeliai-75-x-75-mm-z-tipo-neoniniu-sp-forpus-42054\/\" \/>\n<meta property=\"og:site_name\" content=\"Rutana - Ra\u0161tin\u0117s reikmenys\" \/>\n<meta property=\"article:publisher\" content=\"https:\/\/www.facebook.com\/RutanaKanceliarinesPrekes\/\" \/>\n<meta property=\"article:modified_time\" content=\"2026-01-25T14:17:27+00:00\" \/>\n<meta property=\"og:image\" content=\"https:\/\/rutana.lt\/wp-content\/uploads\/2026\/01\/A103-245.jpg\" \/>\n\t<meta property=\"og:image:width\" content=\"1200\" \/>\n\t<meta property=\"og:image:height\" content=\"1200\" \/>\n\t<meta property=\"og:image:type\" content=\"image\/jpeg\" \/>\n<meta name=\"twitter:card\" content=\"summary_large_image\" \/>\n<meta name=\"twitter:label1\" content=\"Est. reading time\" \/>\n\t<meta name=\"twitter:data1\" content=\"1 minute\" \/>\n<script type=\"application\/ld+json\" class=\"yoast-schema-graph\">{\"@context\":\"https:\/\/schema.org\",\"@graph\":[{\"@type\":\"WebPage\",\"@id\":\"https:\/\/rutana.lt\/produktas\/lipnus-lapeliai-75-x-75-mm-z-tipo-neoniniu-sp-forpus-42054\/\",\"url\":\"https:\/\/rutana.lt\/produktas\/lipnus-lapeliai-75-x-75-mm-z-tipo-neoniniu-sp-forpus-42054\/\",\"name\":\"Lipn\u016bs lapeliai 75 x 75 mm Z tipo neonini\u0173 sp. Forpus 42054 - Rutana - Ra\u0161tin\u0117s reikmenys\",\"isPartOf\":{\"@id\":\"https:\/\/rutana.lt\/#website\"},\"primaryImageOfPage\":{\"@id\":\"https:\/\/rutana.lt\/produktas\/lipnus-lapeliai-75-x-75-mm-z-tipo-neoniniu-sp-forpus-42054\/#primaryimage\"},\"image\":{\"@id\":\"https:\/\/rutana.lt\/produktas\/lipnus-lapeliai-75-x-75-mm-z-tipo-neoniniu-sp-forpus-42054\/#primaryimage\"},\"thumbnailUrl\":\"https:\/\/rutana.lt\/wp-content\/uploads\/2026\/01\/A103-245.jpg\",\"datePublished\":\"2026-01-25T14:09:09+00:00\",\"dateModified\":\"2026-01-25T14:17:27+00:00\",\"breadcrumb\":{\"@id\":\"https:\/\/rutana.lt\/produktas\/lipnus-lapeliai-75-x-75-mm-z-tipo-neoniniu-sp-forpus-42054\/#breadcrumb\"},\"inLanguage\":\"en-US\",\"potentialAction\":[{\"@type\":\"ReadAction\",\"target\":[\"https:\/\/rutana.lt\/produktas\/lipnus-lapeliai-75-x-75-mm-z-tipo-neoniniu-sp-forpus-42054\/\"]}]},{\"@type\":\"ImageObject\",\"inLanguage\":\"en-US\",\"@id\":\"https:\/\/rutana.lt\/produktas\/lipnus-lapeliai-75-x-75-mm-z-tipo-neoniniu-sp-forpus-42054\/#primaryimage\",\"url\":\"https:\/\/rutana.lt\/wp-content\/uploads\/2026\/01\/A103-245.jpg\",\"contentUrl\":\"https:\/\/rutana.lt\/wp-content\/uploads\/2026\/01\/A103-245.jpg\",\"width\":1200,\"height\":1200},{\"@type\":\"BreadcrumbList\",\"@id\":\"https:\/\/rutana.lt\/produktas\/lipnus-lapeliai-75-x-75-mm-z-tipo-neoniniu-sp-forpus-42054\/#breadcrumb\",\"itemListElement\":[{\"@type\":\"ListItem\",\"position\":1,\"name\":\"Home\",\"item\":\"https:\/\/rutana.lt\/\"},{\"@type\":\"ListItem\",\"position\":2,\"name\":\"Parduotuv\u0117\",\"item\":\"https:\/\/rutana.lt\/parduotuve\/\"},{\"@type\":\"ListItem\",\"position\":3,\"name\":\"Lipn\u016bs lapeliai 75 x 75 mm Z tipo neonini\u0173 sp. Forpus 42054\"}]},{\"@type\":\"WebSite\",\"@id\":\"https:\/\/rutana.lt\/#website\",\"url\":\"https:\/\/rutana.lt\/\",\"name\":\"Rutana - Ra\u0161tin\u0117s reikmenys\",\"description\":\"Prekiaujame pasaulin\u0117je rinkoje pripa\u017eintomis, kokybi\u0161komis biuro prek\u0117mis toki\u0173  gamintoj\u0173 kaip: Schneider, Esselte, Novus, 3M, Faber-Castell, Citizen, Milan, Leitz, Colop, Zebra, Staedtler, Durable, Tork, Parker, Waterman ir kt.\",\"publisher\":{\"@id\":\"https:\/\/rutana.lt\/#organization\"},\"potentialAction\":[{\"@type\":\"SearchAction\",\"target\":{\"@type\":\"EntryPoint\",\"urlTemplate\":\"https:\/\/rutana.lt\/?s={search_term_string}\"},\"query-input\":{\"@type\":\"PropertyValueSpecification\",\"valueRequired\":true,\"valueName\":\"search_term_string\"}}],\"inLanguage\":\"en-US\"},{\"@type\":\"Organization\",\"@id\":\"https:\/\/rutana.lt\/#organization\",\"name\":\"Rutana - Ra\u0161tin\u0117s reikmenys\",\"url\":\"https:\/\/rutana.lt\/\",\"logo\":{\"@type\":\"ImageObject\",\"inLanguage\":\"en-US\",\"@id\":\"https:\/\/rutana.lt\/#\/schema\/logo\/image\/\",\"url\":\"https:\/\/rutana.lt\/wp-content\/uploads\/2025\/10\/Asset-32.png\",\"contentUrl\":\"https:\/\/rutana.lt\/wp-content\/uploads\/2025\/10\/Asset-32.png\",\"width\":433,\"height\":119,\"caption\":\"Rutana - Ra\u0161tin\u0117s reikmenys\"},\"image\":{\"@id\":\"https:\/\/rutana.lt\/#\/schema\/logo\/image\/\"},\"sameAs\":[\"https:\/\/www.facebook.com\/RutanaKanceliarinesPrekes\/\"]}]}<\/script>\n<!-- \/ Yoast SEO plugin. -->","yoast_head_json":{"title":"Lipn\u016bs lapeliai 75 x 75 mm Z tipo neonini\u0173 sp. Forpus 42054 - Rutana - Ra\u0161tin\u0117s reikmenys","robots":{"index":"index","follow":"follow","max-snippet":"max-snippet:-1","max-image-preview":"max-image-preview:large","max-video-preview":"max-video-preview:-1"},"canonical":"https:\/\/rutana.lt\/en\/product\/lipnus-lapeliai-75-x-75-mm-z-tipo-neoniniu-sp-forpus-42054\/","og_locale":"en_US","og_type":"article","og_title":"Lipn\u016bs lapeliai 75 x 75 mm Z tipo neonini\u0173 sp. Forpus 42054 - Rutana - Ra\u0161tin\u0117s reikmenys","og_description":"Lipn\u016bs lapeliai skirti smulkiems priminimams bei u\u017era\u0161ams pasi\u017eym\u0117ti.","og_url":"https:\/\/rutana.lt\/en\/product\/lipnus-lapeliai-75-x-75-mm-z-tipo-neoniniu-sp-forpus-42054\/","og_site_name":"Rutana - Ra\u0161tin\u0117s reikmenys","article_publisher":"https:\/\/www.facebook.com\/RutanaKanceliarinesPrekes\/","article_modified_time":"2026-01-25T14:17:27+00:00","og_image":[{"width":1200,"height":1200,"url":"https:\/\/rutana.lt\/wp-content\/uploads\/2026\/01\/A103-245.jpg","type":"image\/jpeg"}],"twitter_card":"summary_large_image","twitter_misc":{"Est. reading time":"1 minute"},"schema":{"@context":"https:\/\/schema.org","@graph":[{"@type":"WebPage","@id":"https:\/\/rutana.lt\/produktas\/lipnus-lapeliai-75-x-75-mm-z-tipo-neoniniu-sp-forpus-42054\/","url":"https:\/\/rutana.lt\/produktas\/lipnus-lapeliai-75-x-75-mm-z-tipo-neoniniu-sp-forpus-42054\/","name":"Lipn\u016bs lapeliai 75 x 75 mm Z tipo neonini\u0173 sp. Forpus 42054 - Rutana - Ra\u0161tin\u0117s reikmenys","isPartOf":{"@id":"https:\/\/rutana.lt\/#website"},"primaryImageOfPage":{"@id":"https:\/\/rutana.lt\/produktas\/lipnus-lapeliai-75-x-75-mm-z-tipo-neoniniu-sp-forpus-42054\/#primaryimage"},"image":{"@id":"https:\/\/rutana.lt\/produktas\/lipnus-lapeliai-75-x-75-mm-z-tipo-neoniniu-sp-forpus-42054\/#primaryimage"},"thumbnailUrl":"https:\/\/rutana.lt\/wp-content\/uploads\/2026\/01\/A103-245.jpg","datePublished":"2026-01-25T14:09:09+00:00","dateModified":"2026-01-25T14:17:27+00:00","breadcrumb":{"@id":"https:\/\/rutana.lt\/produktas\/lipnus-lapeliai-75-x-75-mm-z-tipo-neoniniu-sp-forpus-42054\/#breadcrumb"},"inLanguage":"en-US","potentialAction":[{"@type":"ReadAction","target":["https:\/\/rutana.lt\/produktas\/lipnus-lapeliai-75-x-75-mm-z-tipo-neoniniu-sp-forpus-42054\/"]}]},{"@type":"ImageObject","inLanguage":"en-US","@id":"https:\/\/rutana.lt\/produktas\/lipnus-lapeliai-75-x-75-mm-z-tipo-neoniniu-sp-forpus-42054\/#primaryimage","url":"https:\/\/rutana.lt\/wp-content\/uploads\/2026\/01\/A103-245.jpg","contentUrl":"https:\/\/rutana.lt\/wp-content\/uploads\/2026\/01\/A103-245.jpg","width":1200,"height":1200},{"@type":"BreadcrumbList","@id":"https:\/\/rutana.lt\/produktas\/lipnus-lapeliai-75-x-75-mm-z-tipo-neoniniu-sp-forpus-42054\/#breadcrumb","itemListElement":[{"@type":"ListItem","position":1,"name":"Home","item":"https:\/\/rutana.lt\/"},{"@type":"ListItem","position":2,"name":"Parduotuv\u0117","item":"https:\/\/rutana.lt\/parduotuve\/"},{"@type":"ListItem","position":3,"name":"Lipn\u016bs lapeliai 75 x 75 mm Z tipo neonini\u0173 sp. Forpus 42054"}]},{"@type":"WebSite","@id":"https:\/\/rutana.lt\/#website","url":"https:\/\/rutana.lt\/","name":"Rutana - Ra\u0161tin\u0117s reikmenys","description":"Prekiaujame pasaulin\u0117je rinkoje pripa\u017eintomis, kokybi\u0161komis biuro prek\u0117mis toki\u0173  gamintoj\u0173 kaip: Schneider, Esselte, Novus, 3M, Faber-Castell, Citizen, Milan, Leitz, Colop, Zebra, Staedtler, Durable, Tork, Parker, Waterman ir kt.","publisher":{"@id":"https:\/\/rutana.lt\/#organization"},"potentialAction":[{"@type":"SearchAction","target":{"@type":"EntryPoint","urlTemplate":"https:\/\/rutana.lt\/?s={search_term_string}"},"query-input":{"@type":"PropertyValueSpecification","valueRequired":true,"valueName":"search_term_string"}}],"inLanguage":"en-US"},{"@type":"Organization","@id":"https:\/\/rutana.lt\/#organization","name":"Rutana - Ra\u0161tin\u0117s reikmenys","url":"https:\/\/rutana.lt\/","logo":{"@type":"ImageObject","inLanguage":"en-US","@id":"https:\/\/rutana.lt\/#\/schema\/logo\/image\/","url":"https:\/\/rutana.lt\/wp-content\/uploads\/2025\/10\/Asset-32.png","contentUrl":"https:\/\/rutana.lt\/wp-content\/uploads\/2025\/10\/Asset-32.png","width":433,"height":119,"caption":"Rutana - Ra\u0161tin\u0117s reikmenys"},"image":{"@id":"https:\/\/rutana.lt\/#\/schema\/logo\/image\/"},"sameAs":["https:\/\/www.facebook.com\/RutanaKanceliarinesPrekes\/"]}]}},"_links":{"self":[{"href":"https:\/\/rutana.lt\/en\/wp-json\/wp\/v2\/product\/34581","targetHints":{"allow":["GET"]}}],"collection":[{"href":"https:\/\/rutana.lt\/en\/wp-json\/wp\/v2\/product"}],"about":[{"href":"https:\/\/rutana.lt\/en\/wp-json\/wp\/v2\/types\/product"}],"replies":[{"embeddable":true,"href":"https:\/\/rutana.lt\/en\/wp-json\/wp\/v2\/comments?post=34581"}],"version-history":[{"count":2,"href":"https:\/\/rutana.lt\/en\/wp-json\/wp\/v2\/product\/34581\/revisions"}],"predecessor-version":[{"id":34584,"href":"https:\/\/rutana.lt\/en\/wp-json\/wp\/v2\/product\/34581\/revisions\/34584"}],"wp:featuredmedia":[{"embeddable":true,"href":"https:\/\/rutana.lt\/en\/wp-json\/wp\/v2\/media\/34582"}],"wp:attachment":[{"href":"https:\/\/rutana.lt\/en\/wp-json\/wp\/v2\/media?parent=34581"}],"wp:term":[{"taxonomy":"product_brand","embeddable":true,"href":"https:\/\/rutana.lt\/en\/wp-json\/wp\/v2\/product_brand?post=34581"},{"taxonomy":"product_cat","embeddable":true,"href":"https:\/\/rutana.lt\/en\/wp-json\/wp\/v2\/product_cat?post=34581"},{"taxonomy":"product_tag","embeddable":true,"href":"https:\/\/rutana.lt\/en\/wp-json\/wp\/v2\/product_tag?post=34581"}],"curies":[{"name":"wp","href":"https:\/\/api.w.org\/{rel}","templated":true}]}}