{"id":34555,"date":"2026-01-22T17:27:42","date_gmt":"2026-01-22T15:27:42","guid":{"rendered":"https:\/\/rutana.lt\/?post_type=product&#038;p=34555"},"modified":"2026-01-22T17:29:10","modified_gmt":"2026-01-22T15:29:10","slug":"skystas-ranku-muilas-500-ml-obuoliu-kvapo-ewol","status":"publish","type":"product","link":"https:\/\/rutana.lt\/en\/product\/skystas-ranku-muilas-500-ml-obuoliu-kvapo-ewol\/","title":{"rendered":"Skystas rank\u0173 muilas 500 ml obuoli\u0173 kvapo Ewol"},"content":{"rendered":"<p>\u201eEwol Professional Formula SD\u201c skystas muilas \u2013 tai antibakterinis rank\u0173 muilas su abrikos\u0173 kvapu 500 ml buteliuke. Sukurtas reguliariam rank\u0173 plovimui, jis ma\u017eina bakterij\u0173 kiek\u012f ir \u0161velniai valo. Tinka profesionaliam ir buitiniam naudojimui virtuv\u0117se, vonios kambariuose ir vie\u0161osiose patalpose. Prakti\u0161kas buteliukas su pompa kontroliuojamam dozavimui ir kasdienei higienai.<\/p>\n<p>Talpa: 500 ml<\/p>\n<p>Kvapas: obuoli\u0173<\/p>\n<p>Dozatorius: Yra<\/p>\n<p>Buteliukas: PET ( perdirbamas )<\/p>\n<p>&nbsp;<\/p>","protected":false},"excerpt":{"rendered":"<p>\u201eEwol Professional Formula SD\u201c skystas muilas \u2013 tai antibakterinis rank\u0173 muilas su abrikos\u0173 kvapu 500 ml buteliuke.<\/p>","protected":false},"featured_media":34556,"comment_status":"open","ping_status":"closed","template":"","meta":{"_season_start":"","_season_end":"","_season_days":"","_season_months":"","_season_auto_visibility":"1"},"product_brand":[1937],"product_cat":[1696],"product_tag":[],"class_list":{"0":"post-34555","1":"product","2":"type-product","3":"status-publish","4":"has-post-thumbnail","6":"product_brand-ewol","7":"product_cat-muilas-ir-laikikliai","9":"first","10":"instock","11":"taxable","12":"shipping-taxable","13":"purchasable","14":"product-type-simple"},"yoast_head":"<!-- This site is optimized with the Yoast SEO plugin v26.1.1 - https:\/\/yoast.com\/wordpress\/plugins\/seo\/ -->\n<title>Skystas rank\u0173 muilas 500 ml obuoli\u0173 kvapo Ewol - Rutana - Ra\u0161tin\u0117s reikmenys<\/title>\n<meta name=\"robots\" content=\"index, follow, max-snippet:-1, max-image-preview:large, max-video-preview:-1\" \/>\n<link rel=\"canonical\" href=\"https:\/\/rutana.lt\/en\/product\/skystas-ranku-muilas-500-ml-obuoliu-kvapo-ewol\/\" \/>\n<meta property=\"og:locale\" content=\"en_US\" \/>\n<meta property=\"og:type\" content=\"article\" \/>\n<meta property=\"og:title\" content=\"Skystas rank\u0173 muilas 500 ml obuoli\u0173 kvapo Ewol - Rutana - Ra\u0161tin\u0117s reikmenys\" \/>\n<meta property=\"og:description\" content=\"\u201eEwol Professional Formula SD\u201c skystas muilas \u2013 tai antibakterinis rank\u0173 muilas su abrikos\u0173 kvapu 500 ml buteliuke.\" \/>\n<meta property=\"og:url\" content=\"https:\/\/rutana.lt\/en\/product\/skystas-ranku-muilas-500-ml-obuoliu-kvapo-ewol\/\" \/>\n<meta property=\"og:site_name\" content=\"Rutana - Ra\u0161tin\u0117s reikmenys\" \/>\n<meta property=\"article:publisher\" content=\"https:\/\/www.facebook.com\/RutanaKanceliarinesPrekes\/\" \/>\n<meta property=\"article:modified_time\" content=\"2026-01-22T15:29:10+00:00\" \/>\n<meta property=\"og:image\" content=\"https:\/\/rutana.lt\/wp-content\/uploads\/2026\/01\/B095-431.jpg\" \/>\n\t<meta property=\"og:image:width\" content=\"1200\" \/>\n\t<meta property=\"og:image:height\" content=\"1200\" \/>\n\t<meta property=\"og:image:type\" content=\"image\/jpeg\" \/>\n<meta name=\"twitter:card\" content=\"summary_large_image\" \/>\n<meta name=\"twitter:label1\" content=\"Est. reading time\" \/>\n\t<meta name=\"twitter:data1\" content=\"1 minute\" \/>\n<script type=\"application\/ld+json\" class=\"yoast-schema-graph\">{\"@context\":\"https:\/\/schema.org\",\"@graph\":[{\"@type\":\"WebPage\",\"@id\":\"https:\/\/rutana.lt\/produktas\/skystas-ranku-muilas-500-ml-obuoliu-kvapo-ewol\/\",\"url\":\"https:\/\/rutana.lt\/produktas\/skystas-ranku-muilas-500-ml-obuoliu-kvapo-ewol\/\",\"name\":\"Skystas rank\u0173 muilas 500 ml obuoli\u0173 kvapo Ewol - Rutana - Ra\u0161tin\u0117s reikmenys\",\"isPartOf\":{\"@id\":\"https:\/\/rutana.lt\/#website\"},\"primaryImageOfPage\":{\"@id\":\"https:\/\/rutana.lt\/produktas\/skystas-ranku-muilas-500-ml-obuoliu-kvapo-ewol\/#primaryimage\"},\"image\":{\"@id\":\"https:\/\/rutana.lt\/produktas\/skystas-ranku-muilas-500-ml-obuoliu-kvapo-ewol\/#primaryimage\"},\"thumbnailUrl\":\"https:\/\/rutana.lt\/wp-content\/uploads\/2026\/01\/B095-431.jpg\",\"datePublished\":\"2026-01-22T15:27:42+00:00\",\"dateModified\":\"2026-01-22T15:29:10+00:00\",\"breadcrumb\":{\"@id\":\"https:\/\/rutana.lt\/produktas\/skystas-ranku-muilas-500-ml-obuoliu-kvapo-ewol\/#breadcrumb\"},\"inLanguage\":\"en-US\",\"potentialAction\":[{\"@type\":\"ReadAction\",\"target\":[\"https:\/\/rutana.lt\/produktas\/skystas-ranku-muilas-500-ml-obuoliu-kvapo-ewol\/\"]}]},{\"@type\":\"ImageObject\",\"inLanguage\":\"en-US\",\"@id\":\"https:\/\/rutana.lt\/produktas\/skystas-ranku-muilas-500-ml-obuoliu-kvapo-ewol\/#primaryimage\",\"url\":\"https:\/\/rutana.lt\/wp-content\/uploads\/2026\/01\/B095-431.jpg\",\"contentUrl\":\"https:\/\/rutana.lt\/wp-content\/uploads\/2026\/01\/B095-431.jpg\",\"width\":1200,\"height\":1200},{\"@type\":\"BreadcrumbList\",\"@id\":\"https:\/\/rutana.lt\/produktas\/skystas-ranku-muilas-500-ml-obuoliu-kvapo-ewol\/#breadcrumb\",\"itemListElement\":[{\"@type\":\"ListItem\",\"position\":1,\"name\":\"Home\",\"item\":\"https:\/\/rutana.lt\/\"},{\"@type\":\"ListItem\",\"position\":2,\"name\":\"Parduotuv\u0117\",\"item\":\"https:\/\/rutana.lt\/parduotuve\/\"},{\"@type\":\"ListItem\",\"position\":3,\"name\":\"Skystas rank\u0173 muilas 500 ml obuoli\u0173 kvapo Ewol\"}]},{\"@type\":\"WebSite\",\"@id\":\"https:\/\/rutana.lt\/#website\",\"url\":\"https:\/\/rutana.lt\/\",\"name\":\"Rutana - Ra\u0161tin\u0117s reikmenys\",\"description\":\"Prekiaujame pasaulin\u0117je rinkoje pripa\u017eintomis, kokybi\u0161komis biuro prek\u0117mis toki\u0173  gamintoj\u0173 kaip: Schneider, Esselte, Novus, 3M, Faber-Castell, Citizen, Milan, Leitz, Colop, Zebra, Staedtler, Durable, Tork, Parker, Waterman ir kt.\",\"publisher\":{\"@id\":\"https:\/\/rutana.lt\/#organization\"},\"potentialAction\":[{\"@type\":\"SearchAction\",\"target\":{\"@type\":\"EntryPoint\",\"urlTemplate\":\"https:\/\/rutana.lt\/?s={search_term_string}\"},\"query-input\":{\"@type\":\"PropertyValueSpecification\",\"valueRequired\":true,\"valueName\":\"search_term_string\"}}],\"inLanguage\":\"en-US\"},{\"@type\":\"Organization\",\"@id\":\"https:\/\/rutana.lt\/#organization\",\"name\":\"Rutana - Ra\u0161tin\u0117s reikmenys\",\"url\":\"https:\/\/rutana.lt\/\",\"logo\":{\"@type\":\"ImageObject\",\"inLanguage\":\"en-US\",\"@id\":\"https:\/\/rutana.lt\/#\/schema\/logo\/image\/\",\"url\":\"https:\/\/rutana.lt\/wp-content\/uploads\/2025\/10\/Asset-32.png\",\"contentUrl\":\"https:\/\/rutana.lt\/wp-content\/uploads\/2025\/10\/Asset-32.png\",\"width\":433,\"height\":119,\"caption\":\"Rutana - Ra\u0161tin\u0117s reikmenys\"},\"image\":{\"@id\":\"https:\/\/rutana.lt\/#\/schema\/logo\/image\/\"},\"sameAs\":[\"https:\/\/www.facebook.com\/RutanaKanceliarinesPrekes\/\"]}]}<\/script>\n<!-- \/ Yoast SEO plugin. -->","yoast_head_json":{"title":"Skystas rank\u0173 muilas 500 ml obuoli\u0173 kvapo Ewol - Rutana - Ra\u0161tin\u0117s reikmenys","robots":{"index":"index","follow":"follow","max-snippet":"max-snippet:-1","max-image-preview":"max-image-preview:large","max-video-preview":"max-video-preview:-1"},"canonical":"https:\/\/rutana.lt\/en\/product\/skystas-ranku-muilas-500-ml-obuoliu-kvapo-ewol\/","og_locale":"en_US","og_type":"article","og_title":"Skystas rank\u0173 muilas 500 ml obuoli\u0173 kvapo Ewol - Rutana - Ra\u0161tin\u0117s reikmenys","og_description":"\u201eEwol Professional Formula SD\u201c skystas muilas \u2013 tai antibakterinis rank\u0173 muilas su abrikos\u0173 kvapu 500 ml buteliuke.","og_url":"https:\/\/rutana.lt\/en\/product\/skystas-ranku-muilas-500-ml-obuoliu-kvapo-ewol\/","og_site_name":"Rutana - Ra\u0161tin\u0117s reikmenys","article_publisher":"https:\/\/www.facebook.com\/RutanaKanceliarinesPrekes\/","article_modified_time":"2026-01-22T15:29:10+00:00","og_image":[{"width":1200,"height":1200,"url":"https:\/\/rutana.lt\/wp-content\/uploads\/2026\/01\/B095-431.jpg","type":"image\/jpeg"}],"twitter_card":"summary_large_image","twitter_misc":{"Est. reading time":"1 minute"},"schema":{"@context":"https:\/\/schema.org","@graph":[{"@type":"WebPage","@id":"https:\/\/rutana.lt\/produktas\/skystas-ranku-muilas-500-ml-obuoliu-kvapo-ewol\/","url":"https:\/\/rutana.lt\/produktas\/skystas-ranku-muilas-500-ml-obuoliu-kvapo-ewol\/","name":"Skystas rank\u0173 muilas 500 ml obuoli\u0173 kvapo Ewol - Rutana - Ra\u0161tin\u0117s reikmenys","isPartOf":{"@id":"https:\/\/rutana.lt\/#website"},"primaryImageOfPage":{"@id":"https:\/\/rutana.lt\/produktas\/skystas-ranku-muilas-500-ml-obuoliu-kvapo-ewol\/#primaryimage"},"image":{"@id":"https:\/\/rutana.lt\/produktas\/skystas-ranku-muilas-500-ml-obuoliu-kvapo-ewol\/#primaryimage"},"thumbnailUrl":"https:\/\/rutana.lt\/wp-content\/uploads\/2026\/01\/B095-431.jpg","datePublished":"2026-01-22T15:27:42+00:00","dateModified":"2026-01-22T15:29:10+00:00","breadcrumb":{"@id":"https:\/\/rutana.lt\/produktas\/skystas-ranku-muilas-500-ml-obuoliu-kvapo-ewol\/#breadcrumb"},"inLanguage":"en-US","potentialAction":[{"@type":"ReadAction","target":["https:\/\/rutana.lt\/produktas\/skystas-ranku-muilas-500-ml-obuoliu-kvapo-ewol\/"]}]},{"@type":"ImageObject","inLanguage":"en-US","@id":"https:\/\/rutana.lt\/produktas\/skystas-ranku-muilas-500-ml-obuoliu-kvapo-ewol\/#primaryimage","url":"https:\/\/rutana.lt\/wp-content\/uploads\/2026\/01\/B095-431.jpg","contentUrl":"https:\/\/rutana.lt\/wp-content\/uploads\/2026\/01\/B095-431.jpg","width":1200,"height":1200},{"@type":"BreadcrumbList","@id":"https:\/\/rutana.lt\/produktas\/skystas-ranku-muilas-500-ml-obuoliu-kvapo-ewol\/#breadcrumb","itemListElement":[{"@type":"ListItem","position":1,"name":"Home","item":"https:\/\/rutana.lt\/"},{"@type":"ListItem","position":2,"name":"Parduotuv\u0117","item":"https:\/\/rutana.lt\/parduotuve\/"},{"@type":"ListItem","position":3,"name":"Skystas rank\u0173 muilas 500 ml obuoli\u0173 kvapo Ewol"}]},{"@type":"WebSite","@id":"https:\/\/rutana.lt\/#website","url":"https:\/\/rutana.lt\/","name":"Rutana - Ra\u0161tin\u0117s reikmenys","description":"Prekiaujame pasaulin\u0117je rinkoje pripa\u017eintomis, kokybi\u0161komis biuro prek\u0117mis toki\u0173  gamintoj\u0173 kaip: Schneider, Esselte, Novus, 3M, Faber-Castell, Citizen, Milan, Leitz, Colop, Zebra, Staedtler, Durable, Tork, Parker, Waterman ir kt.","publisher":{"@id":"https:\/\/rutana.lt\/#organization"},"potentialAction":[{"@type":"SearchAction","target":{"@type":"EntryPoint","urlTemplate":"https:\/\/rutana.lt\/?s={search_term_string}"},"query-input":{"@type":"PropertyValueSpecification","valueRequired":true,"valueName":"search_term_string"}}],"inLanguage":"en-US"},{"@type":"Organization","@id":"https:\/\/rutana.lt\/#organization","name":"Rutana - Ra\u0161tin\u0117s reikmenys","url":"https:\/\/rutana.lt\/","logo":{"@type":"ImageObject","inLanguage":"en-US","@id":"https:\/\/rutana.lt\/#\/schema\/logo\/image\/","url":"https:\/\/rutana.lt\/wp-content\/uploads\/2025\/10\/Asset-32.png","contentUrl":"https:\/\/rutana.lt\/wp-content\/uploads\/2025\/10\/Asset-32.png","width":433,"height":119,"caption":"Rutana - Ra\u0161tin\u0117s reikmenys"},"image":{"@id":"https:\/\/rutana.lt\/#\/schema\/logo\/image\/"},"sameAs":["https:\/\/www.facebook.com\/RutanaKanceliarinesPrekes\/"]}]}},"_links":{"self":[{"href":"https:\/\/rutana.lt\/en\/wp-json\/wp\/v2\/product\/34555","targetHints":{"allow":["GET"]}}],"collection":[{"href":"https:\/\/rutana.lt\/en\/wp-json\/wp\/v2\/product"}],"about":[{"href":"https:\/\/rutana.lt\/en\/wp-json\/wp\/v2\/types\/product"}],"replies":[{"embeddable":true,"href":"https:\/\/rutana.lt\/en\/wp-json\/wp\/v2\/comments?post=34555"}],"version-history":[{"count":2,"href":"https:\/\/rutana.lt\/en\/wp-json\/wp\/v2\/product\/34555\/revisions"}],"predecessor-version":[{"id":34558,"href":"https:\/\/rutana.lt\/en\/wp-json\/wp\/v2\/product\/34555\/revisions\/34558"}],"wp:featuredmedia":[{"embeddable":true,"href":"https:\/\/rutana.lt\/en\/wp-json\/wp\/v2\/media\/34556"}],"wp:attachment":[{"href":"https:\/\/rutana.lt\/en\/wp-json\/wp\/v2\/media?parent=34555"}],"wp:term":[{"taxonomy":"product_brand","embeddable":true,"href":"https:\/\/rutana.lt\/en\/wp-json\/wp\/v2\/product_brand?post=34555"},{"taxonomy":"product_cat","embeddable":true,"href":"https:\/\/rutana.lt\/en\/wp-json\/wp\/v2\/product_cat?post=34555"},{"taxonomy":"product_tag","embeddable":true,"href":"https:\/\/rutana.lt\/en\/wp-json\/wp\/v2\/product_tag?post=34555"}],"curies":[{"name":"wp","href":"https:\/\/api.w.org\/{rel}","templated":true}]}}