{"id":34373,"date":"2026-01-14T19:04:01","date_gmt":"2026-01-14T17:04:01","guid":{"rendered":"https:\/\/rutana.lt\/?post_type=product&#038;p=34373"},"modified":"2026-01-14T19:07:17","modified_gmt":"2026-01-14T17:07:17","slug":"parkeris-kapsulinis-ceod-colour-saldainiu-sp-schneider-168717","status":"publish","type":"product","link":"https:\/\/rutana.lt\/en\/product\/parkeris-kapsulinis-ceod-colour-saldainiu-sp-schneider-168717\/","title":{"rendered":"Parkeris kapsulinis Ceod Colour saldaini\u0173 sp. Schneider 168717"},"content":{"rendered":"<p>\u012ene\u0161kime spalv\u0173 \u012f kasdien\u012f gyvenim\u0105! \u201eCeod Color\u201c modelis yra madingos spalvos ir \u017eavi \u0161iuolaiki\u0161ku dizainu su ry\u0161kiomis kreiv\u0117mis. Plunksnakotis turi auk\u0161tos kokyb\u0117s, tvirt\u0105 ner\u016bdijan\u010dio plieno plunksn\u0105 su irid\u017eio antgaliu ir u\u017etikrina i\u0161skirtinai skland\u0173 ir \u0161var\u0173 ra\u0161ym\u0105. Ergonomi\u0161kai gumuotas laikymo zonos profilis leid\u017eia saugiai laikyti ir nepavargti ra\u0161yti. Dangtelis turi tvirt\u0105 metalin\u012f spaustuk\u0105. Parkeris tinka standartin\u0117ms ra\u0161alo kaset\u0117ms ir ra\u0161alo konverteriams. Vienodai tinka de\u0161iniarankiams ir kairiarankiams. Komplektacijoje yra 1 vnt. standartin\u0117 ra\u0161alo kaset\u0117, karali\u0161kos m\u0117lynos spalvos, i\u0161trinama.<\/p>\n<p>Korpuso spalva: saldaini\u0173 ( candy )<\/p>\n<p>Galvut\u0117s storis: M<\/p>\n<p>Kilm\u0117s \u0161alis: Vokietija<\/p>\n<p>&nbsp;<\/p>\n<p>&nbsp;<\/p>","protected":false},"excerpt":{"rendered":"<p>\u201eCeod Color\u201c modelis yra madingos spalvos ir \u017eavi \u0161iuolaiki\u0161ku dizainu su ry\u0161kiomis kreiv\u0117mis.<\/p>","protected":false},"featured_media":34375,"comment_status":"open","ping_status":"closed","template":"","meta":{"_season_start":"","_season_end":"","_season_days":"","_season_months":"","_season_auto_visibility":"1"},"product_brand":[202],"product_cat":[1537],"product_tag":[],"class_list":{"0":"post-34373","1":"product","2":"type-product","3":"status-publish","4":"has-post-thumbnail","6":"product_brand-schneider","7":"product_cat-mokykliniai-parkeriai-mokyklines-prekes","9":"first","10":"instock","11":"taxable","12":"shipping-taxable","13":"purchasable","14":"product-type-simple"},"yoast_head":"<!-- This site is optimized with the Yoast SEO plugin v26.1.1 - https:\/\/yoast.com\/wordpress\/plugins\/seo\/ -->\n<title>Parkeris kapsulinis Ceod Colour saldaini\u0173 sp. Schneider 168717 - Rutana - Ra\u0161tin\u0117s reikmenys<\/title>\n<meta name=\"robots\" content=\"index, follow, max-snippet:-1, max-image-preview:large, max-video-preview:-1\" \/>\n<link rel=\"canonical\" href=\"https:\/\/rutana.lt\/en\/product\/parkeris-kapsulinis-ceod-colour-saldainiu-sp-schneider-168717\/\" \/>\n<meta property=\"og:locale\" content=\"en_US\" \/>\n<meta property=\"og:type\" content=\"article\" \/>\n<meta property=\"og:title\" content=\"Parkeris kapsulinis Ceod Colour saldaini\u0173 sp. Schneider 168717 - Rutana - Ra\u0161tin\u0117s reikmenys\" \/>\n<meta property=\"og:description\" content=\"\u201eCeod Color\u201c modelis yra madingos spalvos ir \u017eavi \u0161iuolaiki\u0161ku dizainu su ry\u0161kiomis kreiv\u0117mis.\" \/>\n<meta property=\"og:url\" content=\"https:\/\/rutana.lt\/en\/product\/parkeris-kapsulinis-ceod-colour-saldainiu-sp-schneider-168717\/\" \/>\n<meta property=\"og:site_name\" content=\"Rutana - Ra\u0161tin\u0117s reikmenys\" \/>\n<meta property=\"article:publisher\" content=\"https:\/\/www.facebook.com\/RutanaKanceliarinesPrekes\/\" \/>\n<meta property=\"article:modified_time\" content=\"2026-01-14T17:07:17+00:00\" \/>\n<meta property=\"og:image\" content=\"https:\/\/rutana.lt\/wp-content\/uploads\/2026\/01\/C051-295.jpg\" \/>\n\t<meta property=\"og:image:width\" content=\"1000\" \/>\n\t<meta property=\"og:image:height\" content=\"1000\" \/>\n\t<meta property=\"og:image:type\" content=\"image\/jpeg\" \/>\n<meta name=\"twitter:card\" content=\"summary_large_image\" \/>\n<meta name=\"twitter:label1\" content=\"Est. reading time\" \/>\n\t<meta name=\"twitter:data1\" content=\"1 minute\" \/>\n<script type=\"application\/ld+json\" class=\"yoast-schema-graph\">{\"@context\":\"https:\/\/schema.org\",\"@graph\":[{\"@type\":\"WebPage\",\"@id\":\"https:\/\/rutana.lt\/produktas\/parkeris-kapsulinis-ceod-colour-saldainiu-sp-schneider-168717\/\",\"url\":\"https:\/\/rutana.lt\/produktas\/parkeris-kapsulinis-ceod-colour-saldainiu-sp-schneider-168717\/\",\"name\":\"Parkeris kapsulinis Ceod Colour saldaini\u0173 sp. Schneider 168717 - Rutana - Ra\u0161tin\u0117s reikmenys\",\"isPartOf\":{\"@id\":\"https:\/\/rutana.lt\/#website\"},\"primaryImageOfPage\":{\"@id\":\"https:\/\/rutana.lt\/produktas\/parkeris-kapsulinis-ceod-colour-saldainiu-sp-schneider-168717\/#primaryimage\"},\"image\":{\"@id\":\"https:\/\/rutana.lt\/produktas\/parkeris-kapsulinis-ceod-colour-saldainiu-sp-schneider-168717\/#primaryimage\"},\"thumbnailUrl\":\"https:\/\/rutana.lt\/wp-content\/uploads\/2026\/01\/C051-295.jpg\",\"datePublished\":\"2026-01-14T17:04:01+00:00\",\"dateModified\":\"2026-01-14T17:07:17+00:00\",\"breadcrumb\":{\"@id\":\"https:\/\/rutana.lt\/produktas\/parkeris-kapsulinis-ceod-colour-saldainiu-sp-schneider-168717\/#breadcrumb\"},\"inLanguage\":\"en-US\",\"potentialAction\":[{\"@type\":\"ReadAction\",\"target\":[\"https:\/\/rutana.lt\/produktas\/parkeris-kapsulinis-ceod-colour-saldainiu-sp-schneider-168717\/\"]}]},{\"@type\":\"ImageObject\",\"inLanguage\":\"en-US\",\"@id\":\"https:\/\/rutana.lt\/produktas\/parkeris-kapsulinis-ceod-colour-saldainiu-sp-schneider-168717\/#primaryimage\",\"url\":\"https:\/\/rutana.lt\/wp-content\/uploads\/2026\/01\/C051-295.jpg\",\"contentUrl\":\"https:\/\/rutana.lt\/wp-content\/uploads\/2026\/01\/C051-295.jpg\",\"width\":1000,\"height\":1000},{\"@type\":\"BreadcrumbList\",\"@id\":\"https:\/\/rutana.lt\/produktas\/parkeris-kapsulinis-ceod-colour-saldainiu-sp-schneider-168717\/#breadcrumb\",\"itemListElement\":[{\"@type\":\"ListItem\",\"position\":1,\"name\":\"Home\",\"item\":\"https:\/\/rutana.lt\/\"},{\"@type\":\"ListItem\",\"position\":2,\"name\":\"Parduotuv\u0117\",\"item\":\"https:\/\/rutana.lt\/parduotuve\/\"},{\"@type\":\"ListItem\",\"position\":3,\"name\":\"Parkeris kapsulinis Ceod Colour saldaini\u0173 sp. Schneider 168717\"}]},{\"@type\":\"WebSite\",\"@id\":\"https:\/\/rutana.lt\/#website\",\"url\":\"https:\/\/rutana.lt\/\",\"name\":\"Rutana - Ra\u0161tin\u0117s reikmenys\",\"description\":\"Prekiaujame pasaulin\u0117je rinkoje pripa\u017eintomis, kokybi\u0161komis biuro prek\u0117mis toki\u0173  gamintoj\u0173 kaip: Schneider, Esselte, Novus, 3M, Faber-Castell, Citizen, Milan, Leitz, Colop, Zebra, Staedtler, Durable, Tork, Parker, Waterman ir kt.\",\"publisher\":{\"@id\":\"https:\/\/rutana.lt\/#organization\"},\"potentialAction\":[{\"@type\":\"SearchAction\",\"target\":{\"@type\":\"EntryPoint\",\"urlTemplate\":\"https:\/\/rutana.lt\/?s={search_term_string}\"},\"query-input\":{\"@type\":\"PropertyValueSpecification\",\"valueRequired\":true,\"valueName\":\"search_term_string\"}}],\"inLanguage\":\"en-US\"},{\"@type\":\"Organization\",\"@id\":\"https:\/\/rutana.lt\/#organization\",\"name\":\"Rutana - Ra\u0161tin\u0117s reikmenys\",\"url\":\"https:\/\/rutana.lt\/\",\"logo\":{\"@type\":\"ImageObject\",\"inLanguage\":\"en-US\",\"@id\":\"https:\/\/rutana.lt\/#\/schema\/logo\/image\/\",\"url\":\"https:\/\/rutana.lt\/wp-content\/uploads\/2025\/10\/Asset-32.png\",\"contentUrl\":\"https:\/\/rutana.lt\/wp-content\/uploads\/2025\/10\/Asset-32.png\",\"width\":433,\"height\":119,\"caption\":\"Rutana - Ra\u0161tin\u0117s reikmenys\"},\"image\":{\"@id\":\"https:\/\/rutana.lt\/#\/schema\/logo\/image\/\"},\"sameAs\":[\"https:\/\/www.facebook.com\/RutanaKanceliarinesPrekes\/\"]}]}<\/script>\n<!-- \/ Yoast SEO plugin. -->","yoast_head_json":{"title":"Parkeris kapsulinis Ceod Colour saldaini\u0173 sp. Schneider 168717 - Rutana - Ra\u0161tin\u0117s reikmenys","robots":{"index":"index","follow":"follow","max-snippet":"max-snippet:-1","max-image-preview":"max-image-preview:large","max-video-preview":"max-video-preview:-1"},"canonical":"https:\/\/rutana.lt\/en\/product\/parkeris-kapsulinis-ceod-colour-saldainiu-sp-schneider-168717\/","og_locale":"en_US","og_type":"article","og_title":"Parkeris kapsulinis Ceod Colour saldaini\u0173 sp. Schneider 168717 - Rutana - Ra\u0161tin\u0117s reikmenys","og_description":"\u201eCeod Color\u201c modelis yra madingos spalvos ir \u017eavi \u0161iuolaiki\u0161ku dizainu su ry\u0161kiomis kreiv\u0117mis.","og_url":"https:\/\/rutana.lt\/en\/product\/parkeris-kapsulinis-ceod-colour-saldainiu-sp-schneider-168717\/","og_site_name":"Rutana - Ra\u0161tin\u0117s reikmenys","article_publisher":"https:\/\/www.facebook.com\/RutanaKanceliarinesPrekes\/","article_modified_time":"2026-01-14T17:07:17+00:00","og_image":[{"width":1000,"height":1000,"url":"https:\/\/rutana.lt\/wp-content\/uploads\/2026\/01\/C051-295.jpg","type":"image\/jpeg"}],"twitter_card":"summary_large_image","twitter_misc":{"Est. reading time":"1 minute"},"schema":{"@context":"https:\/\/schema.org","@graph":[{"@type":"WebPage","@id":"https:\/\/rutana.lt\/produktas\/parkeris-kapsulinis-ceod-colour-saldainiu-sp-schneider-168717\/","url":"https:\/\/rutana.lt\/produktas\/parkeris-kapsulinis-ceod-colour-saldainiu-sp-schneider-168717\/","name":"Parkeris kapsulinis Ceod Colour saldaini\u0173 sp. Schneider 168717 - Rutana - Ra\u0161tin\u0117s reikmenys","isPartOf":{"@id":"https:\/\/rutana.lt\/#website"},"primaryImageOfPage":{"@id":"https:\/\/rutana.lt\/produktas\/parkeris-kapsulinis-ceod-colour-saldainiu-sp-schneider-168717\/#primaryimage"},"image":{"@id":"https:\/\/rutana.lt\/produktas\/parkeris-kapsulinis-ceod-colour-saldainiu-sp-schneider-168717\/#primaryimage"},"thumbnailUrl":"https:\/\/rutana.lt\/wp-content\/uploads\/2026\/01\/C051-295.jpg","datePublished":"2026-01-14T17:04:01+00:00","dateModified":"2026-01-14T17:07:17+00:00","breadcrumb":{"@id":"https:\/\/rutana.lt\/produktas\/parkeris-kapsulinis-ceod-colour-saldainiu-sp-schneider-168717\/#breadcrumb"},"inLanguage":"en-US","potentialAction":[{"@type":"ReadAction","target":["https:\/\/rutana.lt\/produktas\/parkeris-kapsulinis-ceod-colour-saldainiu-sp-schneider-168717\/"]}]},{"@type":"ImageObject","inLanguage":"en-US","@id":"https:\/\/rutana.lt\/produktas\/parkeris-kapsulinis-ceod-colour-saldainiu-sp-schneider-168717\/#primaryimage","url":"https:\/\/rutana.lt\/wp-content\/uploads\/2026\/01\/C051-295.jpg","contentUrl":"https:\/\/rutana.lt\/wp-content\/uploads\/2026\/01\/C051-295.jpg","width":1000,"height":1000},{"@type":"BreadcrumbList","@id":"https:\/\/rutana.lt\/produktas\/parkeris-kapsulinis-ceod-colour-saldainiu-sp-schneider-168717\/#breadcrumb","itemListElement":[{"@type":"ListItem","position":1,"name":"Home","item":"https:\/\/rutana.lt\/"},{"@type":"ListItem","position":2,"name":"Parduotuv\u0117","item":"https:\/\/rutana.lt\/parduotuve\/"},{"@type":"ListItem","position":3,"name":"Parkeris kapsulinis Ceod Colour saldaini\u0173 sp. Schneider 168717"}]},{"@type":"WebSite","@id":"https:\/\/rutana.lt\/#website","url":"https:\/\/rutana.lt\/","name":"Rutana - Ra\u0161tin\u0117s reikmenys","description":"Prekiaujame pasaulin\u0117je rinkoje pripa\u017eintomis, kokybi\u0161komis biuro prek\u0117mis toki\u0173  gamintoj\u0173 kaip: Schneider, Esselte, Novus, 3M, Faber-Castell, Citizen, Milan, Leitz, Colop, Zebra, Staedtler, Durable, Tork, Parker, Waterman ir kt.","publisher":{"@id":"https:\/\/rutana.lt\/#organization"},"potentialAction":[{"@type":"SearchAction","target":{"@type":"EntryPoint","urlTemplate":"https:\/\/rutana.lt\/?s={search_term_string}"},"query-input":{"@type":"PropertyValueSpecification","valueRequired":true,"valueName":"search_term_string"}}],"inLanguage":"en-US"},{"@type":"Organization","@id":"https:\/\/rutana.lt\/#organization","name":"Rutana - Ra\u0161tin\u0117s reikmenys","url":"https:\/\/rutana.lt\/","logo":{"@type":"ImageObject","inLanguage":"en-US","@id":"https:\/\/rutana.lt\/#\/schema\/logo\/image\/","url":"https:\/\/rutana.lt\/wp-content\/uploads\/2025\/10\/Asset-32.png","contentUrl":"https:\/\/rutana.lt\/wp-content\/uploads\/2025\/10\/Asset-32.png","width":433,"height":119,"caption":"Rutana - Ra\u0161tin\u0117s reikmenys"},"image":{"@id":"https:\/\/rutana.lt\/#\/schema\/logo\/image\/"},"sameAs":["https:\/\/www.facebook.com\/RutanaKanceliarinesPrekes\/"]}]}},"_links":{"self":[{"href":"https:\/\/rutana.lt\/en\/wp-json\/wp\/v2\/product\/34373","targetHints":{"allow":["GET"]}}],"collection":[{"href":"https:\/\/rutana.lt\/en\/wp-json\/wp\/v2\/product"}],"about":[{"href":"https:\/\/rutana.lt\/en\/wp-json\/wp\/v2\/types\/product"}],"replies":[{"embeddable":true,"href":"https:\/\/rutana.lt\/en\/wp-json\/wp\/v2\/comments?post=34373"}],"version-history":[{"count":2,"href":"https:\/\/rutana.lt\/en\/wp-json\/wp\/v2\/product\/34373\/revisions"}],"predecessor-version":[{"id":34377,"href":"https:\/\/rutana.lt\/en\/wp-json\/wp\/v2\/product\/34373\/revisions\/34377"}],"wp:featuredmedia":[{"embeddable":true,"href":"https:\/\/rutana.lt\/en\/wp-json\/wp\/v2\/media\/34375"}],"wp:attachment":[{"href":"https:\/\/rutana.lt\/en\/wp-json\/wp\/v2\/media?parent=34373"}],"wp:term":[{"taxonomy":"product_brand","embeddable":true,"href":"https:\/\/rutana.lt\/en\/wp-json\/wp\/v2\/product_brand?post=34373"},{"taxonomy":"product_cat","embeddable":true,"href":"https:\/\/rutana.lt\/en\/wp-json\/wp\/v2\/product_cat?post=34373"},{"taxonomy":"product_tag","embeddable":true,"href":"https:\/\/rutana.lt\/en\/wp-json\/wp\/v2\/product_tag?post=34373"}],"curies":[{"name":"wp","href":"https:\/\/api.w.org\/{rel}","templated":true}]}}