{"id":3433,"date":"2025-09-03T08:36:00","date_gmt":"2025-09-03T06:36:00","guid":{"rendered":"https:\/\/rutana.webdemo.lt\/?post_type=product&#038;p=3433"},"modified":"2025-10-13T15:18:04","modified_gmt":"2025-10-13T13:18:04","slug":"archyvavimo-deze-a4-120-mm-balta-forpus-23002","status":"publish","type":"product","link":"https:\/\/rutana.lt\/en\/product\/archyvavimo-deze-a4-120-mm-balta-forpus-23002\/","title":{"rendered":"Archyvavimo d\u0117\u017e\u0117 A4 120 mm balta Forpus 23002"},"content":{"rendered":"<p>Idealus sprendimas ilgam terminui archyvuoti dokumentus. D\u0117\u017e\u0117 pagaminta i\u0161 tvirto gofruoto kartono. Padarytos skyl\u0117s pir\u0161tams, kad b\u016bt\u0173 patogu i\u0161traukti ar atidaryti d\u0117\u017e\u0119. Vieta u\u017era\u0161ams ir lipdukui. D\u0117\u017e\u0117 u\u017edaroma i\u0161 trumposios kra\u0161tin\u0117s pus\u0117s ir u\u017esifiksuoja.<\/p>\n<p>D\u0117\u017e\u0117s i\u0161matavimai: 245 x 340 mm<\/p>\n<p>D\u0117\u017e\u0117s spalva: balta<\/p>\n<p>Nugar\u0117l\u0117s plotis: 120 mm<\/p>\n<p>Pagaminta EU<\/p>\n<\/p>\n<p><\/p>","protected":false},"excerpt":{"rendered":"<p>Idealus sprendimas ilgam terminui archyvuoti dokumentus. D\u0117\u017e\u0117 pagaminta i\u0161 tvirto gofruoto kartono. Padarytos skyl\u0117s pir\u0161tams, kad b\u016bt\u0173 patogu i\u0161traukti ar atidaryti d\u0117\u017e\u0119. Vieta u\u017era\u0161ams ir lipdukui. D\u0117\u017e\u0117 u\u017edaroma i\u0161 trumposios kra\u0161tin\u0117s pus\u0117s ir u\u017esifiksuoja. D\u0117\u017e\u0117s i\u0161matavimai: 245 x 340 mm D\u0117\u017e\u0117s spalva: balta Nugar\u0117l\u0117s plotis: 120 mm Pagaminta EU<\/p>","protected":false},"featured_media":24842,"comment_status":"open","ping_status":"closed","template":"","meta":{"_season_start":"","_season_end":"","_season_days":"","_season_months":"","_season_auto_visibility":""},"product_brand":[74],"product_cat":[1606],"product_tag":[],"class_list":{"0":"post-3433","1":"product","2":"type-product","3":"status-publish","4":"has-post-thumbnail","6":"product_brand-forpus","7":"product_cat-archyvines-dezes","9":"first","10":"instock","11":"taxable","12":"shipping-taxable","13":"purchasable","14":"product-type-simple"},"yoast_head":"<!-- This site is optimized with the Yoast SEO plugin v26.1.1 - https:\/\/yoast.com\/wordpress\/plugins\/seo\/ -->\n<title>Archyvavimo d\u0117\u017e\u0117 A4 120 mm balta Forpus 23002 - Rutana - Ra\u0161tin\u0117s reikmenys<\/title>\n<meta name=\"robots\" content=\"index, follow, max-snippet:-1, max-image-preview:large, max-video-preview:-1\" \/>\n<link rel=\"canonical\" href=\"https:\/\/rutana.lt\/en\/product\/archyvavimo-deze-a4-120-mm-balta-forpus-23002\/\" \/>\n<meta property=\"og:locale\" content=\"en_US\" \/>\n<meta property=\"og:type\" content=\"article\" \/>\n<meta property=\"og:title\" content=\"Archyvavimo d\u0117\u017e\u0117 A4 120 mm balta Forpus 23002 - Rutana - Ra\u0161tin\u0117s reikmenys\" \/>\n<meta property=\"og:description\" content=\"Idealus sprendimas ilgam terminui archyvuoti dokumentus. D\u0117\u017e\u0117 pagaminta i\u0161 tvirto gofruoto kartono. Padarytos skyl\u0117s pir\u0161tams, kad b\u016bt\u0173 patogu i\u0161traukti ar atidaryti d\u0117\u017e\u0119. Vieta u\u017era\u0161ams ir lipdukui. D\u0117\u017e\u0117 u\u017edaroma i\u0161 trumposios kra\u0161tin\u0117s pus\u0117s ir u\u017esifiksuoja. D\u0117\u017e\u0117s i\u0161matavimai: 245 x 340 mm D\u0117\u017e\u0117s spalva: balta Nugar\u0117l\u0117s plotis: 120 mm Pagaminta EU\" \/>\n<meta property=\"og:url\" content=\"https:\/\/rutana.lt\/en\/product\/archyvavimo-deze-a4-120-mm-balta-forpus-23002\/\" \/>\n<meta property=\"og:site_name\" content=\"Rutana - Ra\u0161tin\u0117s reikmenys\" \/>\n<meta property=\"article:publisher\" content=\"https:\/\/www.facebook.com\/RutanaKanceliarinesPrekes\/\" \/>\n<meta property=\"article:modified_time\" content=\"2025-10-13T13:18:04+00:00\" \/>\n<meta property=\"og:image\" content=\"https:\/\/rutana.lt\/wp-content\/uploads\/2025\/09\/A144-502.jpg\" \/>\n\t<meta property=\"og:image:width\" content=\"500\" \/>\n\t<meta property=\"og:image:height\" content=\"568\" \/>\n\t<meta property=\"og:image:type\" content=\"image\/jpeg\" \/>\n<meta name=\"twitter:card\" content=\"summary_large_image\" \/>\n<script type=\"application\/ld+json\" class=\"yoast-schema-graph\">{\"@context\":\"https:\/\/schema.org\",\"@graph\":[{\"@type\":\"WebPage\",\"@id\":\"https:\/\/rutana.lt\/produktas\/archyvavimo-deze-a4-120-mm-balta-forpus-23002\/\",\"url\":\"https:\/\/rutana.lt\/produktas\/archyvavimo-deze-a4-120-mm-balta-forpus-23002\/\",\"name\":\"Archyvavimo d\u0117\u017e\u0117 A4 120 mm balta Forpus 23002 - Rutana - Ra\u0161tin\u0117s reikmenys\",\"isPartOf\":{\"@id\":\"https:\/\/rutana.lt\/#website\"},\"primaryImageOfPage\":{\"@id\":\"https:\/\/rutana.lt\/produktas\/archyvavimo-deze-a4-120-mm-balta-forpus-23002\/#primaryimage\"},\"image\":{\"@id\":\"https:\/\/rutana.lt\/produktas\/archyvavimo-deze-a4-120-mm-balta-forpus-23002\/#primaryimage\"},\"thumbnailUrl\":\"https:\/\/rutana.lt\/wp-content\/uploads\/2025\/09\/A144-502-1.jpg?v=1763623339\",\"datePublished\":\"2025-09-03T06:36:00+00:00\",\"dateModified\":\"2025-10-13T13:18:04+00:00\",\"breadcrumb\":{\"@id\":\"https:\/\/rutana.lt\/produktas\/archyvavimo-deze-a4-120-mm-balta-forpus-23002\/#breadcrumb\"},\"inLanguage\":\"en-US\",\"potentialAction\":[{\"@type\":\"ReadAction\",\"target\":[\"https:\/\/rutana.lt\/produktas\/archyvavimo-deze-a4-120-mm-balta-forpus-23002\/\"]}]},{\"@type\":\"ImageObject\",\"inLanguage\":\"en-US\",\"@id\":\"https:\/\/rutana.lt\/produktas\/archyvavimo-deze-a4-120-mm-balta-forpus-23002\/#primaryimage\",\"url\":\"https:\/\/rutana.lt\/wp-content\/uploads\/2025\/09\/A144-502-1.jpg?v=1763623339\",\"contentUrl\":\"https:\/\/rutana.lt\/wp-content\/uploads\/2025\/09\/A144-502-1.jpg?v=1763623339\",\"width\":500,\"height\":568},{\"@type\":\"BreadcrumbList\",\"@id\":\"https:\/\/rutana.lt\/produktas\/archyvavimo-deze-a4-120-mm-balta-forpus-23002\/#breadcrumb\",\"itemListElement\":[{\"@type\":\"ListItem\",\"position\":1,\"name\":\"Home\",\"item\":\"https:\/\/rutana.lt\/\"},{\"@type\":\"ListItem\",\"position\":2,\"name\":\"Parduotuv\u0117\",\"item\":\"https:\/\/rutana.lt\/parduotuve\/\"},{\"@type\":\"ListItem\",\"position\":3,\"name\":\"Archyvavimo d\u0117\u017e\u0117 A4 120 mm balta Forpus 23002\"}]},{\"@type\":\"WebSite\",\"@id\":\"https:\/\/rutana.lt\/#website\",\"url\":\"https:\/\/rutana.lt\/\",\"name\":\"Rutana - Ra\u0161tin\u0117s reikmenys\",\"description\":\"Prekiaujame pasaulin\u0117je rinkoje pripa\u017eintomis, kokybi\u0161komis biuro prek\u0117mis toki\u0173  gamintoj\u0173 kaip: Schneider, Esselte, Novus, 3M, Faber-Castell, Citizen, Milan, Leitz, Colop, Zebra, Staedtler, Durable, Tork, Parker, Waterman ir kt.\",\"publisher\":{\"@id\":\"https:\/\/rutana.lt\/#organization\"},\"potentialAction\":[{\"@type\":\"SearchAction\",\"target\":{\"@type\":\"EntryPoint\",\"urlTemplate\":\"https:\/\/rutana.lt\/?s={search_term_string}\"},\"query-input\":{\"@type\":\"PropertyValueSpecification\",\"valueRequired\":true,\"valueName\":\"search_term_string\"}}],\"inLanguage\":\"en-US\"},{\"@type\":\"Organization\",\"@id\":\"https:\/\/rutana.lt\/#organization\",\"name\":\"Rutana - Ra\u0161tin\u0117s reikmenys\",\"url\":\"https:\/\/rutana.lt\/\",\"logo\":{\"@type\":\"ImageObject\",\"inLanguage\":\"en-US\",\"@id\":\"https:\/\/rutana.lt\/#\/schema\/logo\/image\/\",\"url\":\"https:\/\/rutana.lt\/wp-content\/uploads\/2025\/10\/Asset-32.png\",\"contentUrl\":\"https:\/\/rutana.lt\/wp-content\/uploads\/2025\/10\/Asset-32.png\",\"width\":433,\"height\":119,\"caption\":\"Rutana - Ra\u0161tin\u0117s reikmenys\"},\"image\":{\"@id\":\"https:\/\/rutana.lt\/#\/schema\/logo\/image\/\"},\"sameAs\":[\"https:\/\/www.facebook.com\/RutanaKanceliarinesPrekes\/\"]}]}<\/script>\n<!-- \/ Yoast SEO plugin. -->","yoast_head_json":{"title":"Archyvavimo d\u0117\u017e\u0117 A4 120 mm balta Forpus 23002 - Rutana - Ra\u0161tin\u0117s reikmenys","robots":{"index":"index","follow":"follow","max-snippet":"max-snippet:-1","max-image-preview":"max-image-preview:large","max-video-preview":"max-video-preview:-1"},"canonical":"https:\/\/rutana.lt\/en\/product\/archyvavimo-deze-a4-120-mm-balta-forpus-23002\/","og_locale":"en_US","og_type":"article","og_title":"Archyvavimo d\u0117\u017e\u0117 A4 120 mm balta Forpus 23002 - Rutana - Ra\u0161tin\u0117s reikmenys","og_description":"Idealus sprendimas ilgam terminui archyvuoti dokumentus. D\u0117\u017e\u0117 pagaminta i\u0161 tvirto gofruoto kartono. Padarytos skyl\u0117s pir\u0161tams, kad b\u016bt\u0173 patogu i\u0161traukti ar atidaryti d\u0117\u017e\u0119. Vieta u\u017era\u0161ams ir lipdukui. D\u0117\u017e\u0117 u\u017edaroma i\u0161 trumposios kra\u0161tin\u0117s pus\u0117s ir u\u017esifiksuoja. D\u0117\u017e\u0117s i\u0161matavimai: 245 x 340 mm D\u0117\u017e\u0117s spalva: balta Nugar\u0117l\u0117s plotis: 120 mm Pagaminta EU","og_url":"https:\/\/rutana.lt\/en\/product\/archyvavimo-deze-a4-120-mm-balta-forpus-23002\/","og_site_name":"Rutana - Ra\u0161tin\u0117s reikmenys","article_publisher":"https:\/\/www.facebook.com\/RutanaKanceliarinesPrekes\/","article_modified_time":"2025-10-13T13:18:04+00:00","og_image":[{"width":500,"height":568,"url":"https:\/\/rutana.lt\/wp-content\/uploads\/2025\/09\/A144-502.jpg","type":"image\/jpeg"}],"twitter_card":"summary_large_image","schema":{"@context":"https:\/\/schema.org","@graph":[{"@type":"WebPage","@id":"https:\/\/rutana.lt\/produktas\/archyvavimo-deze-a4-120-mm-balta-forpus-23002\/","url":"https:\/\/rutana.lt\/produktas\/archyvavimo-deze-a4-120-mm-balta-forpus-23002\/","name":"Archyvavimo d\u0117\u017e\u0117 A4 120 mm balta Forpus 23002 - Rutana - Ra\u0161tin\u0117s reikmenys","isPartOf":{"@id":"https:\/\/rutana.lt\/#website"},"primaryImageOfPage":{"@id":"https:\/\/rutana.lt\/produktas\/archyvavimo-deze-a4-120-mm-balta-forpus-23002\/#primaryimage"},"image":{"@id":"https:\/\/rutana.lt\/produktas\/archyvavimo-deze-a4-120-mm-balta-forpus-23002\/#primaryimage"},"thumbnailUrl":"https:\/\/rutana.lt\/wp-content\/uploads\/2025\/09\/A144-502-1.jpg?v=1763623339","datePublished":"2025-09-03T06:36:00+00:00","dateModified":"2025-10-13T13:18:04+00:00","breadcrumb":{"@id":"https:\/\/rutana.lt\/produktas\/archyvavimo-deze-a4-120-mm-balta-forpus-23002\/#breadcrumb"},"inLanguage":"en-US","potentialAction":[{"@type":"ReadAction","target":["https:\/\/rutana.lt\/produktas\/archyvavimo-deze-a4-120-mm-balta-forpus-23002\/"]}]},{"@type":"ImageObject","inLanguage":"en-US","@id":"https:\/\/rutana.lt\/produktas\/archyvavimo-deze-a4-120-mm-balta-forpus-23002\/#primaryimage","url":"https:\/\/rutana.lt\/wp-content\/uploads\/2025\/09\/A144-502-1.jpg?v=1763623339","contentUrl":"https:\/\/rutana.lt\/wp-content\/uploads\/2025\/09\/A144-502-1.jpg?v=1763623339","width":500,"height":568},{"@type":"BreadcrumbList","@id":"https:\/\/rutana.lt\/produktas\/archyvavimo-deze-a4-120-mm-balta-forpus-23002\/#breadcrumb","itemListElement":[{"@type":"ListItem","position":1,"name":"Home","item":"https:\/\/rutana.lt\/"},{"@type":"ListItem","position":2,"name":"Parduotuv\u0117","item":"https:\/\/rutana.lt\/parduotuve\/"},{"@type":"ListItem","position":3,"name":"Archyvavimo d\u0117\u017e\u0117 A4 120 mm balta Forpus 23002"}]},{"@type":"WebSite","@id":"https:\/\/rutana.lt\/#website","url":"https:\/\/rutana.lt\/","name":"Rutana - Ra\u0161tin\u0117s reikmenys","description":"Prekiaujame pasaulin\u0117je rinkoje pripa\u017eintomis, kokybi\u0161komis biuro prek\u0117mis toki\u0173  gamintoj\u0173 kaip: Schneider, Esselte, Novus, 3M, Faber-Castell, Citizen, Milan, Leitz, Colop, Zebra, Staedtler, Durable, Tork, Parker, Waterman ir kt.","publisher":{"@id":"https:\/\/rutana.lt\/#organization"},"potentialAction":[{"@type":"SearchAction","target":{"@type":"EntryPoint","urlTemplate":"https:\/\/rutana.lt\/?s={search_term_string}"},"query-input":{"@type":"PropertyValueSpecification","valueRequired":true,"valueName":"search_term_string"}}],"inLanguage":"en-US"},{"@type":"Organization","@id":"https:\/\/rutana.lt\/#organization","name":"Rutana - Ra\u0161tin\u0117s reikmenys","url":"https:\/\/rutana.lt\/","logo":{"@type":"ImageObject","inLanguage":"en-US","@id":"https:\/\/rutana.lt\/#\/schema\/logo\/image\/","url":"https:\/\/rutana.lt\/wp-content\/uploads\/2025\/10\/Asset-32.png","contentUrl":"https:\/\/rutana.lt\/wp-content\/uploads\/2025\/10\/Asset-32.png","width":433,"height":119,"caption":"Rutana - Ra\u0161tin\u0117s reikmenys"},"image":{"@id":"https:\/\/rutana.lt\/#\/schema\/logo\/image\/"},"sameAs":["https:\/\/www.facebook.com\/RutanaKanceliarinesPrekes\/"]}]}},"_links":{"self":[{"href":"https:\/\/rutana.lt\/en\/wp-json\/wp\/v2\/product\/3433","targetHints":{"allow":["GET"]}}],"collection":[{"href":"https:\/\/rutana.lt\/en\/wp-json\/wp\/v2\/product"}],"about":[{"href":"https:\/\/rutana.lt\/en\/wp-json\/wp\/v2\/types\/product"}],"replies":[{"embeddable":true,"href":"https:\/\/rutana.lt\/en\/wp-json\/wp\/v2\/comments?post=3433"}],"version-history":[{"count":1,"href":"https:\/\/rutana.lt\/en\/wp-json\/wp\/v2\/product\/3433\/revisions"}],"predecessor-version":[{"id":3485,"href":"https:\/\/rutana.lt\/en\/wp-json\/wp\/v2\/product\/3433\/revisions\/3485"}],"wp:featuredmedia":[{"embeddable":true,"href":"https:\/\/rutana.lt\/en\/wp-json\/wp\/v2\/media\/24842"}],"wp:attachment":[{"href":"https:\/\/rutana.lt\/en\/wp-json\/wp\/v2\/media?parent=3433"}],"wp:term":[{"taxonomy":"product_brand","embeddable":true,"href":"https:\/\/rutana.lt\/en\/wp-json\/wp\/v2\/product_brand?post=3433"},{"taxonomy":"product_cat","embeddable":true,"href":"https:\/\/rutana.lt\/en\/wp-json\/wp\/v2\/product_cat?post=3433"},{"taxonomy":"product_tag","embeddable":true,"href":"https:\/\/rutana.lt\/en\/wp-json\/wp\/v2\/product_tag?post=3433"}],"curies":[{"name":"wp","href":"https:\/\/api.w.org\/{rel}","templated":true}]}}