{"id":34252,"date":"2025-12-27T14:53:17","date_gmt":"2025-12-27T12:53:17","guid":{"rendered":"https:\/\/rutana.lt\/?post_type=product&#038;p=34252"},"modified":"2025-12-27T15:09:32","modified_gmt":"2025-12-27T13:09:32","slug":"adapteriu-usb-a-usb-c-rinkinys-minsky-sidabro-spalvos-hd-97090-127","status":"publish","type":"product","link":"https:\/\/rutana.lt\/en\/product\/adapteriu-usb-a-usb-c-rinkinys-minsky-sidabro-spalvos-hd-97090-127\/","title":{"rendered":"Adapteri\u0173 USB-A \/ USB-C rinkinys &#8222;Minsky&#8221; sidabro spalvos HD 97090-127"},"content":{"rendered":"<p>Prakti\u0161k\u0173 ir funkcionali\u0173 USB adapteri\u0173 rinkinys, pasi\u017eymintis tvirtumu ir eleganti\u0161ku dizainu. USB-C ir USB-A s\u0105sajos garantuoja greit\u0105 ir saug\u0173 skirting\u0173 \u012frengini\u0173 sujungim\u0105, pa\u0161alindamos suderinamumo problemas. Parduodami plastikin\u0117je d\u0117\u017eut\u0117je.<\/p>\n<p>Ant prek\u0117s galima u\u017ed\u0117ti reklamin\u012f \u012fmon\u0117s logotip\u0105 ar kitok\u012f u\u017era\u0161\u0105 jums pageidaujamoje vietoje bei j\u016bs\u0173 pasirinktu b\u016bdu. Kaina nurodyta tik prek\u0117s, be u\u017era\u0161o. U\u017era\u0161o kaina priklauso nuo u\u017esakomo kiekio ir u\u017ed\u0117jimo b\u016bdo.<\/p>\n<p>Med\u017eiaga: aliuminis<\/p>\n<p>Adapteriai: USB-C \/ USB-A; USB-A \/ USB-C<\/p>\n<p>Funkcijos: greitas \u012fkrovimas ir duomen\u0173 perdavimas<\/p>\n<p>USB versija: 2.0<\/p>\n<p style=\"margin-bottom: 10px;\">D\u0117\u017eut\u0117s matmenys: 35 x 35 x 18 mm<\/p>\n<p style=\"margin-bottom: 10px;\">Svoris: 11 g<\/p>\n<p style=\"margin-bottom: 10px;\">Spalva: sidabrin\u0117<\/p>\n<p style=\"margin-bottom: 10px;\">U\u017era\u0161o u\u017ed\u0117jimo galimi b\u016bdai: \u0161ilkografija, tamponin\u0117 spauda, skaitmenin\u0117 UV spauda<\/p>\n<p style=\"margin-bottom: 10px;\">U\u017era\u0161o u\u017ed\u0117jimo galimos vietos: ant d\u0117\u017eut\u0117s<\/p>\n<div><\/div>","protected":false},"excerpt":{"rendered":"<p>Prakti\u0161k\u0173 ir funkcionali\u0173 USB adapteri\u0173 rinkinys, pasi\u017eymintis tvirtumu ir eleganti\u0161ku dizainu.<\/p>","protected":false},"featured_media":34256,"comment_status":"open","ping_status":"closed","template":"","meta":{"_season_start":"","_season_end":"","_season_days":"","_season_months":"","_season_auto_visibility":"1"},"product_brand":[868],"product_cat":[1720,1721,1719],"product_tag":[],"class_list":{"0":"post-34252","1":"product","2":"type-product","3":"status-publish","4":"has-post-thumbnail","6":"product_brand-hd","7":"product_cat-jungtys","8":"product_cat-laidai","9":"product_cat-sakotuvai","11":"first","12":"instock","13":"taxable","14":"shipping-taxable","15":"purchasable","16":"product-type-simple"},"yoast_head":"<!-- This site is optimized with the Yoast SEO plugin v27.4 - https:\/\/yoast.com\/product\/yoast-seo-wordpress\/ -->\n<title>Adapteri\u0173 USB-A \/ USB-C rinkinys &quot;Minsky&quot; sidabro spalvos HD 97090-127 - Rutana - Ra\u0161tin\u0117s reikmenys<\/title>\n<meta name=\"robots\" content=\"index, follow, max-snippet:-1, max-image-preview:large, max-video-preview:-1\" \/>\n<link rel=\"canonical\" href=\"https:\/\/rutana.lt\/en\/product\/adapteriu-usb-a-usb-c-rinkinys-minsky-sidabro-spalvos-hd-97090-127\/\" \/>\n<meta property=\"og:locale\" content=\"en_US\" \/>\n<meta property=\"og:type\" content=\"article\" \/>\n<meta property=\"og:title\" content=\"Adapteri\u0173 USB-A \/ USB-C rinkinys &quot;Minsky&quot; sidabro spalvos HD 97090-127 - Rutana - Ra\u0161tin\u0117s reikmenys\" \/>\n<meta property=\"og:description\" content=\"Prakti\u0161k\u0173 ir funkcionali\u0173 USB adapteri\u0173 rinkinys, pasi\u017eymintis tvirtumu ir eleganti\u0161ku dizainu.\" \/>\n<meta property=\"og:url\" content=\"https:\/\/rutana.lt\/en\/product\/adapteriu-usb-a-usb-c-rinkinys-minsky-sidabro-spalvos-hd-97090-127\/\" \/>\n<meta property=\"og:site_name\" content=\"Rutana - Ra\u0161tin\u0117s reikmenys\" \/>\n<meta property=\"article:publisher\" content=\"https:\/\/www.facebook.com\/RutanaKanceliarinesPrekes\/\" \/>\n<meta property=\"article:modified_time\" content=\"2025-12-27T13:09:32+00:00\" \/>\n<meta property=\"og:image\" content=\"https:\/\/rutana.lt\/wp-content\/uploads\/2025\/12\/B039-468.jpg\" \/>\n\t<meta property=\"og:image:width\" content=\"1200\" \/>\n\t<meta property=\"og:image:height\" content=\"1200\" \/>\n\t<meta property=\"og:image:type\" content=\"image\/jpeg\" \/>\n<meta name=\"twitter:card\" content=\"summary_large_image\" \/>\n<meta name=\"twitter:label1\" content=\"Est. reading time\" \/>\n\t<meta name=\"twitter:data1\" content=\"1 minute\" \/>\n<script type=\"application\/ld+json\" class=\"yoast-schema-graph\">{\"@context\":\"https:\\\/\\\/schema.org\",\"@graph\":[{\"@type\":\"WebPage\",\"@id\":\"https:\\\/\\\/rutana.lt\\\/produktas\\\/adapteriu-usb-a-usb-c-rinkinys-minsky-sidabro-spalvos-hd-97090-127\\\/\",\"url\":\"https:\\\/\\\/rutana.lt\\\/produktas\\\/adapteriu-usb-a-usb-c-rinkinys-minsky-sidabro-spalvos-hd-97090-127\\\/\",\"name\":\"Adapteri\u0173 USB-A \\\/ USB-C rinkinys \\\"Minsky\\\" sidabro spalvos HD 97090-127 - Rutana - Ra\u0161tin\u0117s reikmenys\",\"isPartOf\":{\"@id\":\"https:\\\/\\\/rutana.lt\\\/#website\"},\"primaryImageOfPage\":{\"@id\":\"https:\\\/\\\/rutana.lt\\\/produktas\\\/adapteriu-usb-a-usb-c-rinkinys-minsky-sidabro-spalvos-hd-97090-127\\\/#primaryimage\"},\"image\":{\"@id\":\"https:\\\/\\\/rutana.lt\\\/produktas\\\/adapteriu-usb-a-usb-c-rinkinys-minsky-sidabro-spalvos-hd-97090-127\\\/#primaryimage\"},\"thumbnailUrl\":\"https:\\\/\\\/rutana.lt\\\/wp-content\\\/uploads\\\/2025\\\/12\\\/B039-468.jpg\",\"datePublished\":\"2025-12-27T12:53:17+00:00\",\"dateModified\":\"2025-12-27T13:09:32+00:00\",\"breadcrumb\":{\"@id\":\"https:\\\/\\\/rutana.lt\\\/produktas\\\/adapteriu-usb-a-usb-c-rinkinys-minsky-sidabro-spalvos-hd-97090-127\\\/#breadcrumb\"},\"inLanguage\":\"en-US\",\"potentialAction\":[{\"@type\":\"ReadAction\",\"target\":[\"https:\\\/\\\/rutana.lt\\\/produktas\\\/adapteriu-usb-a-usb-c-rinkinys-minsky-sidabro-spalvos-hd-97090-127\\\/\"]}]},{\"@type\":\"ImageObject\",\"inLanguage\":\"en-US\",\"@id\":\"https:\\\/\\\/rutana.lt\\\/produktas\\\/adapteriu-usb-a-usb-c-rinkinys-minsky-sidabro-spalvos-hd-97090-127\\\/#primaryimage\",\"url\":\"https:\\\/\\\/rutana.lt\\\/wp-content\\\/uploads\\\/2025\\\/12\\\/B039-468.jpg\",\"contentUrl\":\"https:\\\/\\\/rutana.lt\\\/wp-content\\\/uploads\\\/2025\\\/12\\\/B039-468.jpg\",\"width\":1200,\"height\":1200},{\"@type\":\"BreadcrumbList\",\"@id\":\"https:\\\/\\\/rutana.lt\\\/produktas\\\/adapteriu-usb-a-usb-c-rinkinys-minsky-sidabro-spalvos-hd-97090-127\\\/#breadcrumb\",\"itemListElement\":[{\"@type\":\"ListItem\",\"position\":1,\"name\":\"Home\",\"item\":\"https:\\\/\\\/rutana.lt\\\/\"},{\"@type\":\"ListItem\",\"position\":2,\"name\":\"Parduotuv\u0117\",\"item\":\"https:\\\/\\\/rutana.lt\\\/parduotuve\\\/\"},{\"@type\":\"ListItem\",\"position\":3,\"name\":\"Adapteri\u0173 USB-A \\\/ USB-C rinkinys &#8222;Minsky&#8221; sidabro spalvos HD 97090-127\"}]},{\"@type\":\"WebSite\",\"@id\":\"https:\\\/\\\/rutana.lt\\\/#website\",\"url\":\"https:\\\/\\\/rutana.lt\\\/\",\"name\":\"Rutana - Ra\u0161tin\u0117s reikmenys\",\"description\":\"Prekiaujame pasaulin\u0117je rinkoje pripa\u017eintomis, kokybi\u0161komis biuro prek\u0117mis toki\u0173  gamintoj\u0173 kaip: Schneider, Esselte, Novus, 3M, Faber-Castell, Citizen, Milan, Leitz, Colop, Zebra, Staedtler, Durable, Tork, Parker, Waterman ir kt.\",\"publisher\":{\"@id\":\"https:\\\/\\\/rutana.lt\\\/#organization\"},\"potentialAction\":[{\"@type\":\"SearchAction\",\"target\":{\"@type\":\"EntryPoint\",\"urlTemplate\":\"https:\\\/\\\/rutana.lt\\\/?s={search_term_string}\"},\"query-input\":{\"@type\":\"PropertyValueSpecification\",\"valueRequired\":true,\"valueName\":\"search_term_string\"}}],\"inLanguage\":\"en-US\"},{\"@type\":\"Organization\",\"@id\":\"https:\\\/\\\/rutana.lt\\\/#organization\",\"name\":\"Rutana - Ra\u0161tin\u0117s reikmenys\",\"url\":\"https:\\\/\\\/rutana.lt\\\/\",\"logo\":{\"@type\":\"ImageObject\",\"inLanguage\":\"en-US\",\"@id\":\"https:\\\/\\\/rutana.lt\\\/#\\\/schema\\\/logo\\\/image\\\/\",\"url\":\"https:\\\/\\\/rutana.lt\\\/wp-content\\\/uploads\\\/2025\\\/10\\\/Asset-32.png\",\"contentUrl\":\"https:\\\/\\\/rutana.lt\\\/wp-content\\\/uploads\\\/2025\\\/10\\\/Asset-32.png\",\"width\":433,\"height\":119,\"caption\":\"Rutana - Ra\u0161tin\u0117s reikmenys\"},\"image\":{\"@id\":\"https:\\\/\\\/rutana.lt\\\/#\\\/schema\\\/logo\\\/image\\\/\"},\"sameAs\":[\"https:\\\/\\\/www.facebook.com\\\/RutanaKanceliarinesPrekes\\\/\"]}]}<\/script>\n<!-- \/ Yoast SEO plugin. -->","yoast_head_json":{"title":"Adapteri\u0173 USB-A \/ USB-C rinkinys \"Minsky\" sidabro spalvos HD 97090-127 - Rutana - Ra\u0161tin\u0117s reikmenys","robots":{"index":"index","follow":"follow","max-snippet":"max-snippet:-1","max-image-preview":"max-image-preview:large","max-video-preview":"max-video-preview:-1"},"canonical":"https:\/\/rutana.lt\/en\/product\/adapteriu-usb-a-usb-c-rinkinys-minsky-sidabro-spalvos-hd-97090-127\/","og_locale":"en_US","og_type":"article","og_title":"Adapteri\u0173 USB-A \/ USB-C rinkinys \"Minsky\" sidabro spalvos HD 97090-127 - Rutana - Ra\u0161tin\u0117s reikmenys","og_description":"Prakti\u0161k\u0173 ir funkcionali\u0173 USB adapteri\u0173 rinkinys, pasi\u017eymintis tvirtumu ir eleganti\u0161ku dizainu.","og_url":"https:\/\/rutana.lt\/en\/product\/adapteriu-usb-a-usb-c-rinkinys-minsky-sidabro-spalvos-hd-97090-127\/","og_site_name":"Rutana - Ra\u0161tin\u0117s reikmenys","article_publisher":"https:\/\/www.facebook.com\/RutanaKanceliarinesPrekes\/","article_modified_time":"2025-12-27T13:09:32+00:00","og_image":[{"width":1200,"height":1200,"url":"https:\/\/rutana.lt\/wp-content\/uploads\/2025\/12\/B039-468.jpg","type":"image\/jpeg"}],"twitter_card":"summary_large_image","twitter_misc":{"Est. reading time":"1 minute"},"schema":{"@context":"https:\/\/schema.org","@graph":[{"@type":"WebPage","@id":"https:\/\/rutana.lt\/produktas\/adapteriu-usb-a-usb-c-rinkinys-minsky-sidabro-spalvos-hd-97090-127\/","url":"https:\/\/rutana.lt\/produktas\/adapteriu-usb-a-usb-c-rinkinys-minsky-sidabro-spalvos-hd-97090-127\/","name":"Adapteri\u0173 USB-A \/ USB-C rinkinys \"Minsky\" sidabro spalvos HD 97090-127 - Rutana - Ra\u0161tin\u0117s reikmenys","isPartOf":{"@id":"https:\/\/rutana.lt\/#website"},"primaryImageOfPage":{"@id":"https:\/\/rutana.lt\/produktas\/adapteriu-usb-a-usb-c-rinkinys-minsky-sidabro-spalvos-hd-97090-127\/#primaryimage"},"image":{"@id":"https:\/\/rutana.lt\/produktas\/adapteriu-usb-a-usb-c-rinkinys-minsky-sidabro-spalvos-hd-97090-127\/#primaryimage"},"thumbnailUrl":"https:\/\/rutana.lt\/wp-content\/uploads\/2025\/12\/B039-468.jpg","datePublished":"2025-12-27T12:53:17+00:00","dateModified":"2025-12-27T13:09:32+00:00","breadcrumb":{"@id":"https:\/\/rutana.lt\/produktas\/adapteriu-usb-a-usb-c-rinkinys-minsky-sidabro-spalvos-hd-97090-127\/#breadcrumb"},"inLanguage":"en-US","potentialAction":[{"@type":"ReadAction","target":["https:\/\/rutana.lt\/produktas\/adapteriu-usb-a-usb-c-rinkinys-minsky-sidabro-spalvos-hd-97090-127\/"]}]},{"@type":"ImageObject","inLanguage":"en-US","@id":"https:\/\/rutana.lt\/produktas\/adapteriu-usb-a-usb-c-rinkinys-minsky-sidabro-spalvos-hd-97090-127\/#primaryimage","url":"https:\/\/rutana.lt\/wp-content\/uploads\/2025\/12\/B039-468.jpg","contentUrl":"https:\/\/rutana.lt\/wp-content\/uploads\/2025\/12\/B039-468.jpg","width":1200,"height":1200},{"@type":"BreadcrumbList","@id":"https:\/\/rutana.lt\/produktas\/adapteriu-usb-a-usb-c-rinkinys-minsky-sidabro-spalvos-hd-97090-127\/#breadcrumb","itemListElement":[{"@type":"ListItem","position":1,"name":"Home","item":"https:\/\/rutana.lt\/"},{"@type":"ListItem","position":2,"name":"Parduotuv\u0117","item":"https:\/\/rutana.lt\/parduotuve\/"},{"@type":"ListItem","position":3,"name":"Adapteri\u0173 USB-A \/ USB-C rinkinys &#8222;Minsky&#8221; sidabro spalvos HD 97090-127"}]},{"@type":"WebSite","@id":"https:\/\/rutana.lt\/#website","url":"https:\/\/rutana.lt\/","name":"Rutana - Ra\u0161tin\u0117s reikmenys","description":"Prekiaujame pasaulin\u0117je rinkoje pripa\u017eintomis, kokybi\u0161komis biuro prek\u0117mis toki\u0173  gamintoj\u0173 kaip: Schneider, Esselte, Novus, 3M, Faber-Castell, Citizen, Milan, Leitz, Colop, Zebra, Staedtler, Durable, Tork, Parker, Waterman ir kt.","publisher":{"@id":"https:\/\/rutana.lt\/#organization"},"potentialAction":[{"@type":"SearchAction","target":{"@type":"EntryPoint","urlTemplate":"https:\/\/rutana.lt\/?s={search_term_string}"},"query-input":{"@type":"PropertyValueSpecification","valueRequired":true,"valueName":"search_term_string"}}],"inLanguage":"en-US"},{"@type":"Organization","@id":"https:\/\/rutana.lt\/#organization","name":"Rutana - Ra\u0161tin\u0117s reikmenys","url":"https:\/\/rutana.lt\/","logo":{"@type":"ImageObject","inLanguage":"en-US","@id":"https:\/\/rutana.lt\/#\/schema\/logo\/image\/","url":"https:\/\/rutana.lt\/wp-content\/uploads\/2025\/10\/Asset-32.png","contentUrl":"https:\/\/rutana.lt\/wp-content\/uploads\/2025\/10\/Asset-32.png","width":433,"height":119,"caption":"Rutana - Ra\u0161tin\u0117s reikmenys"},"image":{"@id":"https:\/\/rutana.lt\/#\/schema\/logo\/image\/"},"sameAs":["https:\/\/www.facebook.com\/RutanaKanceliarinesPrekes\/"]}]}},"_links":{"self":[{"href":"https:\/\/rutana.lt\/en\/wp-json\/wp\/v2\/product\/34252","targetHints":{"allow":["GET"]}}],"collection":[{"href":"https:\/\/rutana.lt\/en\/wp-json\/wp\/v2\/product"}],"about":[{"href":"https:\/\/rutana.lt\/en\/wp-json\/wp\/v2\/types\/product"}],"replies":[{"embeddable":true,"href":"https:\/\/rutana.lt\/en\/wp-json\/wp\/v2\/comments?post=34252"}],"version-history":[{"count":3,"href":"https:\/\/rutana.lt\/en\/wp-json\/wp\/v2\/product\/34252\/revisions"}],"predecessor-version":[{"id":34258,"href":"https:\/\/rutana.lt\/en\/wp-json\/wp\/v2\/product\/34252\/revisions\/34258"}],"wp:featuredmedia":[{"embeddable":true,"href":"https:\/\/rutana.lt\/en\/wp-json\/wp\/v2\/media\/34256"}],"wp:attachment":[{"href":"https:\/\/rutana.lt\/en\/wp-json\/wp\/v2\/media?parent=34252"}],"wp:term":[{"taxonomy":"product_brand","embeddable":true,"href":"https:\/\/rutana.lt\/en\/wp-json\/wp\/v2\/product_brand?post=34252"},{"taxonomy":"product_cat","embeddable":true,"href":"https:\/\/rutana.lt\/en\/wp-json\/wp\/v2\/product_cat?post=34252"},{"taxonomy":"product_tag","embeddable":true,"href":"https:\/\/rutana.lt\/en\/wp-json\/wp\/v2\/product_tag?post=34252"}],"curies":[{"name":"wp","href":"https:\/\/api.w.org\/{rel}","templated":true}]}}