{"id":34227,"date":"2025-12-21T17:38:42","date_gmt":"2025-12-21T15:38:42","guid":{"rendered":"https:\/\/rutana.lt\/?post_type=product&#038;p=34227"},"modified":"2025-12-21T17:46:01","modified_gmt":"2025-12-21T15:46:01","slug":"arbata-zalioji-raspberry-pomegranate-20-vnt-ahmad-tea-1242","status":"publish","type":"product","link":"https:\/\/rutana.lt\/en\/product\/arbata-zalioji-raspberry-pomegranate-20-vnt-ahmad-tea-1242\/","title":{"rendered":"Arbata \u017ealioji &#8222;Raspberry &#038; Pomegranate&#8221; 20 vnt. Ahmad Tea 1242"},"content":{"rendered":"<p>Ie\u0161kote gard\u017eiai vaisinio g\u0117rimo? Arbata \u201eRaspberry &amp; Pomegranate Green Tea\u201c yra kaip tik tai, kas tinka. \u017dole dvelkianti kini\u0161ka \u017ealioji arbata mai\u0161oma su vasari\u0161ku avie\u010di\u0173 ir granat\u0173 saldumu, tod\u0117l burnoje susidaro gardus vaisinis u\u017epilas.<\/p>\n<p>\u0160iam mi\u0161iniui Ahmad arbatos meistrai naudoja auk\u0161\u010diausios kokyb\u0117s \u017eali\u0105j\u0105 arbat\u0105, gaunam\u0105 i\u0161 Kinijos Jiangxi, Anhui ir Zhejiang provincij\u0173. \u201eAuksiniu trikampiu\u201c vadinama teritorija gars\u0117ja \u017ealiosios arbatos gamybos kokybe. Arbatos sud\u0117tyje yra Chun Mee \u2013 ypatinga \u017ealioji arbata, renkama ankstyv\u0105 pavasar\u012f d\u0117l \u0161velnaus d\u017eiovintos \u017eol\u0117s aromato. Saldesnio skonio ir \u0161iek tiek rie\u0161ut\u0173 natos \u201eChun Mee\u201c suteikia \u0161iam u\u017epiliui puik\u0173 charakter\u012f ir yra puikus fonas saul\u0117toms aviet\u0117ms ir granatmed\u017eiams. Tikri d\u017eiovint\u0173 granat\u0173 ir avie\u010di\u0173 gabal\u0117liai suteikia mi\u0161iniui vasari\u0161k\u0105 aromat\u0105. Taip pat pabr\u0117\u017eiame nat\u016braliai intensyv\u0173 vaisi\u0173 skon\u012f naudodami unikalias avie\u010di\u0173 ir granat\u0173 kvapi\u0105sias med\u017eiagas. Ry\u0161kus aitrumas tikrai papildo \u017eali\u0105j\u0105 arbat\u0105, subalansuodamas jos \u0161veln\u0173 \u017eol\u0117s skon\u012f su \u017eaismingais prinokusi\u0173 vasaros uog\u0173 pli\u016bpsniais.<\/p>\n<p>I\u0161gerkite puodel\u012f ryte arba ankstyv\u0105 popiet\u0119, kad diena b\u016bt\u0173 ramesn\u0117 ir skaidresn\u0117. Nuo spindin\u010dios aukso spalvos iki aromatingos aromato puok\u0161t\u0117s \u2013 \u0161is g\u0117rimas pad\u0117s nuraminti j\u016bs\u0173 poj\u016b\u010dius.<\/p>\n<p>\u0160ioje d\u0117\u017eut\u0117je rasite 20 pakeli\u0173 \u201eRaspberry &amp; Pomegranate Green Tea\u201c, kuri\u0173 kiekvienas atskirai suvyniotas \u012f folij\u0105, kad arbata i\u0161likt\u0173 \u0161vie\u017eia ir aromatinga.<\/p>\n<p style=\"margin-bottom: 10px;\">Kiekis: 20 vnt.<\/p>\n<p class=\"MsoNormal\">Arbatos kiekis pakelyje: 2 g<\/p>\n<p>Kilm\u0117s \u0161alis: Kinijos Auksinis trikampis tarp Dziangsi \/ Anhui \/ D\u017eedziango provincij\u0173<\/p>\n<p>&nbsp;<\/p>\n<div id=\"product-details\" class=\"tab-pane fade\" data-product=\"{\"><\/div>\n<p class=\"MsoNormal\" style=\"line-height: normal;\">","protected":false},"excerpt":{"rendered":"<p>Arbata \u201eRaspberry &amp; Pomegranate Green Tea\u201c yra kaip tik tai, kas tinka. \u017dole dvelkianti kini\u0161ka \u017ealioji arbata mai\u0161oma su vasari\u0161ku avie\u010di\u0173 ir granat\u0173 saldumu, tod\u0117l burnoje susidaro gardus vaisinis u\u017epilas.<\/p>","protected":false},"featured_media":34229,"comment_status":"open","ping_status":"closed","template":"","meta":{"_season_start":"","_season_end":"","_season_days":"","_season_months":"","_season_auto_visibility":"1"},"product_brand":[696],"product_cat":[1834],"product_tag":[],"class_list":{"0":"post-34227","1":"product","2":"type-product","3":"status-publish","4":"has-post-thumbnail","6":"product_brand-ahmad","7":"product_cat-arbata-pakelyje-arbata","9":"first","10":"instock","11":"taxable","12":"shipping-taxable","13":"purchasable","14":"product-type-simple"},"yoast_head":"<!-- This site is optimized with the Yoast SEO plugin v27.4 - https:\/\/yoast.com\/product\/yoast-seo-wordpress\/ -->\n<title>Arbata \u017ealioji &quot;Raspberry &amp; Pomegranate&quot; 20 vnt. Ahmad Tea 1242 - Rutana - Ra\u0161tin\u0117s reikmenys<\/title>\n<meta name=\"robots\" content=\"index, follow, max-snippet:-1, max-image-preview:large, max-video-preview:-1\" \/>\n<link rel=\"canonical\" href=\"https:\/\/rutana.lt\/en\/product\/arbata-zalioji-raspberry-pomegranate-20-vnt-ahmad-tea-1242\/\" \/>\n<meta property=\"og:locale\" content=\"en_US\" \/>\n<meta property=\"og:type\" content=\"article\" \/>\n<meta property=\"og:title\" content=\"Arbata \u017ealioji &quot;Raspberry &amp; Pomegranate&quot; 20 vnt. Ahmad Tea 1242 - Rutana - Ra\u0161tin\u0117s reikmenys\" \/>\n<meta property=\"og:description\" content=\"Arbata \u201eRaspberry &amp; Pomegranate Green Tea\u201c yra kaip tik tai, kas tinka. \u017dole dvelkianti kini\u0161ka \u017ealioji arbata mai\u0161oma su vasari\u0161ku avie\u010di\u0173 ir granat\u0173 saldumu, tod\u0117l burnoje susidaro gardus vaisinis u\u017epilas.\" \/>\n<meta property=\"og:url\" content=\"https:\/\/rutana.lt\/en\/product\/arbata-zalioji-raspberry-pomegranate-20-vnt-ahmad-tea-1242\/\" \/>\n<meta property=\"og:site_name\" content=\"Rutana - Ra\u0161tin\u0117s reikmenys\" \/>\n<meta property=\"article:publisher\" content=\"https:\/\/www.facebook.com\/RutanaKanceliarinesPrekes\/\" \/>\n<meta property=\"article:modified_time\" content=\"2025-12-21T15:46:01+00:00\" \/>\n<meta property=\"og:image\" content=\"https:\/\/rutana.lt\/wp-content\/uploads\/2025\/12\/B091-275.jpg\" \/>\n\t<meta property=\"og:image:width\" content=\"1200\" \/>\n\t<meta property=\"og:image:height\" content=\"1200\" \/>\n\t<meta property=\"og:image:type\" content=\"image\/jpeg\" \/>\n<meta name=\"twitter:card\" content=\"summary_large_image\" \/>\n<meta name=\"twitter:label1\" content=\"Est. reading time\" \/>\n\t<meta name=\"twitter:data1\" content=\"2 minutes\" \/>\n<script type=\"application\/ld+json\" class=\"yoast-schema-graph\">{\"@context\":\"https:\\\/\\\/schema.org\",\"@graph\":[{\"@type\":\"WebPage\",\"@id\":\"https:\\\/\\\/rutana.lt\\\/produktas\\\/arbata-zalioji-raspberry-pomegranate-20-vnt-ahmad-tea-1242\\\/\",\"url\":\"https:\\\/\\\/rutana.lt\\\/produktas\\\/arbata-zalioji-raspberry-pomegranate-20-vnt-ahmad-tea-1242\\\/\",\"name\":\"Arbata \u017ealioji \\\"Raspberry & Pomegranate\\\" 20 vnt. Ahmad Tea 1242 - Rutana - Ra\u0161tin\u0117s reikmenys\",\"isPartOf\":{\"@id\":\"https:\\\/\\\/rutana.lt\\\/#website\"},\"primaryImageOfPage\":{\"@id\":\"https:\\\/\\\/rutana.lt\\\/produktas\\\/arbata-zalioji-raspberry-pomegranate-20-vnt-ahmad-tea-1242\\\/#primaryimage\"},\"image\":{\"@id\":\"https:\\\/\\\/rutana.lt\\\/produktas\\\/arbata-zalioji-raspberry-pomegranate-20-vnt-ahmad-tea-1242\\\/#primaryimage\"},\"thumbnailUrl\":\"https:\\\/\\\/rutana.lt\\\/wp-content\\\/uploads\\\/2025\\\/12\\\/B091-275.jpg\",\"datePublished\":\"2025-12-21T15:38:42+00:00\",\"dateModified\":\"2025-12-21T15:46:01+00:00\",\"breadcrumb\":{\"@id\":\"https:\\\/\\\/rutana.lt\\\/produktas\\\/arbata-zalioji-raspberry-pomegranate-20-vnt-ahmad-tea-1242\\\/#breadcrumb\"},\"inLanguage\":\"en-US\",\"potentialAction\":[{\"@type\":\"ReadAction\",\"target\":[\"https:\\\/\\\/rutana.lt\\\/produktas\\\/arbata-zalioji-raspberry-pomegranate-20-vnt-ahmad-tea-1242\\\/\"]}]},{\"@type\":\"ImageObject\",\"inLanguage\":\"en-US\",\"@id\":\"https:\\\/\\\/rutana.lt\\\/produktas\\\/arbata-zalioji-raspberry-pomegranate-20-vnt-ahmad-tea-1242\\\/#primaryimage\",\"url\":\"https:\\\/\\\/rutana.lt\\\/wp-content\\\/uploads\\\/2025\\\/12\\\/B091-275.jpg\",\"contentUrl\":\"https:\\\/\\\/rutana.lt\\\/wp-content\\\/uploads\\\/2025\\\/12\\\/B091-275.jpg\",\"width\":1200,\"height\":1200},{\"@type\":\"BreadcrumbList\",\"@id\":\"https:\\\/\\\/rutana.lt\\\/produktas\\\/arbata-zalioji-raspberry-pomegranate-20-vnt-ahmad-tea-1242\\\/#breadcrumb\",\"itemListElement\":[{\"@type\":\"ListItem\",\"position\":1,\"name\":\"Home\",\"item\":\"https:\\\/\\\/rutana.lt\\\/\"},{\"@type\":\"ListItem\",\"position\":2,\"name\":\"Parduotuv\u0117\",\"item\":\"https:\\\/\\\/rutana.lt\\\/parduotuve\\\/\"},{\"@type\":\"ListItem\",\"position\":3,\"name\":\"Arbata \u017ealioji &#8222;Raspberry &#038; Pomegranate&#8221; 20 vnt. Ahmad Tea 1242\"}]},{\"@type\":\"WebSite\",\"@id\":\"https:\\\/\\\/rutana.lt\\\/#website\",\"url\":\"https:\\\/\\\/rutana.lt\\\/\",\"name\":\"Rutana - Ra\u0161tin\u0117s reikmenys\",\"description\":\"Prekiaujame pasaulin\u0117je rinkoje pripa\u017eintomis, kokybi\u0161komis biuro prek\u0117mis toki\u0173  gamintoj\u0173 kaip: Schneider, Esselte, Novus, 3M, Faber-Castell, Citizen, Milan, Leitz, Colop, Zebra, Staedtler, Durable, Tork, Parker, Waterman ir kt.\",\"publisher\":{\"@id\":\"https:\\\/\\\/rutana.lt\\\/#organization\"},\"potentialAction\":[{\"@type\":\"SearchAction\",\"target\":{\"@type\":\"EntryPoint\",\"urlTemplate\":\"https:\\\/\\\/rutana.lt\\\/?s={search_term_string}\"},\"query-input\":{\"@type\":\"PropertyValueSpecification\",\"valueRequired\":true,\"valueName\":\"search_term_string\"}}],\"inLanguage\":\"en-US\"},{\"@type\":\"Organization\",\"@id\":\"https:\\\/\\\/rutana.lt\\\/#organization\",\"name\":\"Rutana - Ra\u0161tin\u0117s reikmenys\",\"url\":\"https:\\\/\\\/rutana.lt\\\/\",\"logo\":{\"@type\":\"ImageObject\",\"inLanguage\":\"en-US\",\"@id\":\"https:\\\/\\\/rutana.lt\\\/#\\\/schema\\\/logo\\\/image\\\/\",\"url\":\"https:\\\/\\\/rutana.lt\\\/wp-content\\\/uploads\\\/2025\\\/10\\\/Asset-32.png\",\"contentUrl\":\"https:\\\/\\\/rutana.lt\\\/wp-content\\\/uploads\\\/2025\\\/10\\\/Asset-32.png\",\"width\":433,\"height\":119,\"caption\":\"Rutana - Ra\u0161tin\u0117s reikmenys\"},\"image\":{\"@id\":\"https:\\\/\\\/rutana.lt\\\/#\\\/schema\\\/logo\\\/image\\\/\"},\"sameAs\":[\"https:\\\/\\\/www.facebook.com\\\/RutanaKanceliarinesPrekes\\\/\"]}]}<\/script>\n<!-- \/ Yoast SEO plugin. -->","yoast_head_json":{"title":"Arbata \u017ealioji \"Raspberry & Pomegranate\" 20 vnt. Ahmad Tea 1242 - Rutana - Ra\u0161tin\u0117s reikmenys","robots":{"index":"index","follow":"follow","max-snippet":"max-snippet:-1","max-image-preview":"max-image-preview:large","max-video-preview":"max-video-preview:-1"},"canonical":"https:\/\/rutana.lt\/en\/product\/arbata-zalioji-raspberry-pomegranate-20-vnt-ahmad-tea-1242\/","og_locale":"en_US","og_type":"article","og_title":"Arbata \u017ealioji \"Raspberry & Pomegranate\" 20 vnt. Ahmad Tea 1242 - Rutana - Ra\u0161tin\u0117s reikmenys","og_description":"Arbata \u201eRaspberry &amp; Pomegranate Green Tea\u201c yra kaip tik tai, kas tinka. \u017dole dvelkianti kini\u0161ka \u017ealioji arbata mai\u0161oma su vasari\u0161ku avie\u010di\u0173 ir granat\u0173 saldumu, tod\u0117l burnoje susidaro gardus vaisinis u\u017epilas.","og_url":"https:\/\/rutana.lt\/en\/product\/arbata-zalioji-raspberry-pomegranate-20-vnt-ahmad-tea-1242\/","og_site_name":"Rutana - Ra\u0161tin\u0117s reikmenys","article_publisher":"https:\/\/www.facebook.com\/RutanaKanceliarinesPrekes\/","article_modified_time":"2025-12-21T15:46:01+00:00","og_image":[{"width":1200,"height":1200,"url":"https:\/\/rutana.lt\/wp-content\/uploads\/2025\/12\/B091-275.jpg","type":"image\/jpeg"}],"twitter_card":"summary_large_image","twitter_misc":{"Est. reading time":"2 minutes"},"schema":{"@context":"https:\/\/schema.org","@graph":[{"@type":"WebPage","@id":"https:\/\/rutana.lt\/produktas\/arbata-zalioji-raspberry-pomegranate-20-vnt-ahmad-tea-1242\/","url":"https:\/\/rutana.lt\/produktas\/arbata-zalioji-raspberry-pomegranate-20-vnt-ahmad-tea-1242\/","name":"Arbata \u017ealioji \"Raspberry & Pomegranate\" 20 vnt. Ahmad Tea 1242 - Rutana - Ra\u0161tin\u0117s reikmenys","isPartOf":{"@id":"https:\/\/rutana.lt\/#website"},"primaryImageOfPage":{"@id":"https:\/\/rutana.lt\/produktas\/arbata-zalioji-raspberry-pomegranate-20-vnt-ahmad-tea-1242\/#primaryimage"},"image":{"@id":"https:\/\/rutana.lt\/produktas\/arbata-zalioji-raspberry-pomegranate-20-vnt-ahmad-tea-1242\/#primaryimage"},"thumbnailUrl":"https:\/\/rutana.lt\/wp-content\/uploads\/2025\/12\/B091-275.jpg","datePublished":"2025-12-21T15:38:42+00:00","dateModified":"2025-12-21T15:46:01+00:00","breadcrumb":{"@id":"https:\/\/rutana.lt\/produktas\/arbata-zalioji-raspberry-pomegranate-20-vnt-ahmad-tea-1242\/#breadcrumb"},"inLanguage":"en-US","potentialAction":[{"@type":"ReadAction","target":["https:\/\/rutana.lt\/produktas\/arbata-zalioji-raspberry-pomegranate-20-vnt-ahmad-tea-1242\/"]}]},{"@type":"ImageObject","inLanguage":"en-US","@id":"https:\/\/rutana.lt\/produktas\/arbata-zalioji-raspberry-pomegranate-20-vnt-ahmad-tea-1242\/#primaryimage","url":"https:\/\/rutana.lt\/wp-content\/uploads\/2025\/12\/B091-275.jpg","contentUrl":"https:\/\/rutana.lt\/wp-content\/uploads\/2025\/12\/B091-275.jpg","width":1200,"height":1200},{"@type":"BreadcrumbList","@id":"https:\/\/rutana.lt\/produktas\/arbata-zalioji-raspberry-pomegranate-20-vnt-ahmad-tea-1242\/#breadcrumb","itemListElement":[{"@type":"ListItem","position":1,"name":"Home","item":"https:\/\/rutana.lt\/"},{"@type":"ListItem","position":2,"name":"Parduotuv\u0117","item":"https:\/\/rutana.lt\/parduotuve\/"},{"@type":"ListItem","position":3,"name":"Arbata \u017ealioji &#8222;Raspberry &#038; Pomegranate&#8221; 20 vnt. Ahmad Tea 1242"}]},{"@type":"WebSite","@id":"https:\/\/rutana.lt\/#website","url":"https:\/\/rutana.lt\/","name":"Rutana - Ra\u0161tin\u0117s reikmenys","description":"Prekiaujame pasaulin\u0117je rinkoje pripa\u017eintomis, kokybi\u0161komis biuro prek\u0117mis toki\u0173  gamintoj\u0173 kaip: Schneider, Esselte, Novus, 3M, Faber-Castell, Citizen, Milan, Leitz, Colop, Zebra, Staedtler, Durable, Tork, Parker, Waterman ir kt.","publisher":{"@id":"https:\/\/rutana.lt\/#organization"},"potentialAction":[{"@type":"SearchAction","target":{"@type":"EntryPoint","urlTemplate":"https:\/\/rutana.lt\/?s={search_term_string}"},"query-input":{"@type":"PropertyValueSpecification","valueRequired":true,"valueName":"search_term_string"}}],"inLanguage":"en-US"},{"@type":"Organization","@id":"https:\/\/rutana.lt\/#organization","name":"Rutana - Ra\u0161tin\u0117s reikmenys","url":"https:\/\/rutana.lt\/","logo":{"@type":"ImageObject","inLanguage":"en-US","@id":"https:\/\/rutana.lt\/#\/schema\/logo\/image\/","url":"https:\/\/rutana.lt\/wp-content\/uploads\/2025\/10\/Asset-32.png","contentUrl":"https:\/\/rutana.lt\/wp-content\/uploads\/2025\/10\/Asset-32.png","width":433,"height":119,"caption":"Rutana - Ra\u0161tin\u0117s reikmenys"},"image":{"@id":"https:\/\/rutana.lt\/#\/schema\/logo\/image\/"},"sameAs":["https:\/\/www.facebook.com\/RutanaKanceliarinesPrekes\/"]}]}},"_links":{"self":[{"href":"https:\/\/rutana.lt\/en\/wp-json\/wp\/v2\/product\/34227","targetHints":{"allow":["GET"]}}],"collection":[{"href":"https:\/\/rutana.lt\/en\/wp-json\/wp\/v2\/product"}],"about":[{"href":"https:\/\/rutana.lt\/en\/wp-json\/wp\/v2\/types\/product"}],"replies":[{"embeddable":true,"href":"https:\/\/rutana.lt\/en\/wp-json\/wp\/v2\/comments?post=34227"}],"version-history":[{"count":3,"href":"https:\/\/rutana.lt\/en\/wp-json\/wp\/v2\/product\/34227\/revisions"}],"predecessor-version":[{"id":34231,"href":"https:\/\/rutana.lt\/en\/wp-json\/wp\/v2\/product\/34227\/revisions\/34231"}],"wp:featuredmedia":[{"embeddable":true,"href":"https:\/\/rutana.lt\/en\/wp-json\/wp\/v2\/media\/34229"}],"wp:attachment":[{"href":"https:\/\/rutana.lt\/en\/wp-json\/wp\/v2\/media?parent=34227"}],"wp:term":[{"taxonomy":"product_brand","embeddable":true,"href":"https:\/\/rutana.lt\/en\/wp-json\/wp\/v2\/product_brand?post=34227"},{"taxonomy":"product_cat","embeddable":true,"href":"https:\/\/rutana.lt\/en\/wp-json\/wp\/v2\/product_cat?post=34227"},{"taxonomy":"product_tag","embeddable":true,"href":"https:\/\/rutana.lt\/en\/wp-json\/wp\/v2\/product_tag?post=34227"}],"curies":[{"name":"wp","href":"https:\/\/api.w.org\/{rel}","templated":true}]}}