{"id":34207,"date":"2025-12-21T16:48:04","date_gmt":"2025-12-21T14:48:04","guid":{"rendered":"https:\/\/rutana.lt\/?post_type=product&#038;p=34207"},"modified":"2025-12-21T16:57:15","modified_gmt":"2025-12-21T14:57:15","slug":"arbata-juodoji-apricot-sunrise-20-vnt-ahmad-tea-953","status":"publish","type":"product","link":"https:\/\/rutana.lt\/en\/product\/arbata-juodoji-apricot-sunrise-20-vnt-ahmad-tea-953\/","title":{"rendered":"Arbata juodoji &#8222;Apricot Sunrise&#8221; 20 vnt. Ahmad Tea 953"},"content":{"rendered":"<p>\u201eApricot Sunrise\u201c \u2013 tai gyvybingas juodosios arbatos mi\u0161inys su auksiniais prinokusiais abrikosais. Gaivus, bet saldus, su \u0161ilt\u0173 kaulavaisi\u0173 natomis \u2013 tai gaivus g\u0117rimas, kuris garantuotai suteiks \u0161iek tiek saul\u0117s j\u016bs\u0173 dienai.<\/p>\n<p>Arbatos meistrai naudoja auk\u0161tos kokyb\u0117s afrikieti\u0161k\u0173 arbat\u0173 mi\u0161in\u012f, kad sukurt\u0173 sodraus skonio \u0161io mi\u0161inio pagrind\u0105. Prid\u0117jus tikr\u0173 abrikos\u0173 gabal\u0117li\u0173 ir i\u0161skirtinio abrikos\u0173 aromato, tai unikalus g\u0117rimas su saul\u0117tu Vidur\u017eemio j\u016bros prieskoniu. Jau daugiau kaip 20 met\u0173 \u0161is \u201eAhmad Tea\u201c mi\u0161inys yra populiarus d\u0117l aitri\u0173 ir stipri\u0173 juod\u0173j\u0173 arbat\u0173, vaisini\u0173 d\u017eiovint\u0173 abrikos\u0173 gabal\u0117li\u0173 ir rie\u0161utini\u0173 marcipan\u0173 nat\u0173 pusiausvyros.<\/p>\n<p>Kiekvienas arbatos pakelis yra \u012fvyniotas \u012f folij\u0105, kad aromatai i\u0161likt\u0173, tod\u0117l kiekvien\u0105 kart\u0105 arbata bus tobulai paruo\u0161ta. Abrikos\u0173 skonis maloniai nuteikia vasari\u0161kai bet kuriuo met\u0173 laiku. M\u0117gaukit\u0117s u\u017eplikyta kar\u0161tu vandeniu, kad paragautum\u0117te vaisin\u0117s, valan\u010dios arbatos, arba pabandykite j\u0105 u\u017emerkti su cukrumi ir atskiesti \u0161altu vandeniu, kad pasigamintum\u0117te puiki\u0105 abrikos\u0173 \u0161alt\u0105j\u0105 arbat\u0105. Tai puikus g\u0117rimas tro\u0161kuliui mal\u0161inti saul\u0117t\u0105 popiet\u0119 sode.<\/p>\n<p style=\"margin-bottom: 10px;\">Kiekis: 20 vnt.<\/p>\n<p class=\"MsoNormal\">Arbatos kiekis pakelyje: 2 g<\/p>\n<p>Kilm\u0117s \u0161alis: Malavis, Kenija<\/p>\n<div id=\"product-details\" class=\"tab-pane fade\" data-product=\"{\"><\/div>\n<p class=\"MsoNormal\" style=\"line-height: normal;\">","protected":false},"excerpt":{"rendered":"<p>\u201eApricot Sunrise\u201c \u2013 tai gyvybingas juodosios arbatos mi\u0161inys su auksiniais prinokusiais abrikosais.<\/p>","protected":false},"featured_media":34209,"comment_status":"open","ping_status":"closed","template":"","meta":{"_season_start":"","_season_end":"","_season_days":"","_season_months":"","_season_auto_visibility":"1"},"product_brand":[696],"product_cat":[1834],"product_tag":[],"class_list":{"0":"post-34207","1":"product","2":"type-product","3":"status-publish","4":"has-post-thumbnail","6":"product_brand-ahmad","7":"product_cat-arbata-pakelyje-arbata","9":"first","10":"instock","11":"taxable","12":"shipping-taxable","13":"purchasable","14":"product-type-simple"},"yoast_head":"<!-- This site is optimized with the Yoast SEO plugin v27.4 - https:\/\/yoast.com\/product\/yoast-seo-wordpress\/ -->\n<title>Arbata juodoji &quot;Apricot Sunrise&quot; 20 vnt. Ahmad Tea 953 - Rutana - Ra\u0161tin\u0117s reikmenys<\/title>\n<meta name=\"robots\" content=\"index, follow, max-snippet:-1, max-image-preview:large, max-video-preview:-1\" \/>\n<link rel=\"canonical\" href=\"https:\/\/rutana.lt\/en\/product\/arbata-juodoji-apricot-sunrise-20-vnt-ahmad-tea-953\/\" \/>\n<meta property=\"og:locale\" content=\"en_US\" \/>\n<meta property=\"og:type\" content=\"article\" \/>\n<meta property=\"og:title\" content=\"Arbata juodoji &quot;Apricot Sunrise&quot; 20 vnt. Ahmad Tea 953 - Rutana - Ra\u0161tin\u0117s reikmenys\" \/>\n<meta property=\"og:description\" content=\"\u201eApricot Sunrise\u201c \u2013 tai gyvybingas juodosios arbatos mi\u0161inys su auksiniais prinokusiais abrikosais.\" \/>\n<meta property=\"og:url\" content=\"https:\/\/rutana.lt\/en\/product\/arbata-juodoji-apricot-sunrise-20-vnt-ahmad-tea-953\/\" \/>\n<meta property=\"og:site_name\" content=\"Rutana - Ra\u0161tin\u0117s reikmenys\" \/>\n<meta property=\"article:publisher\" content=\"https:\/\/www.facebook.com\/RutanaKanceliarinesPrekes\/\" \/>\n<meta property=\"article:modified_time\" content=\"2025-12-21T14:57:15+00:00\" \/>\n<meta property=\"og:image\" content=\"https:\/\/rutana.lt\/wp-content\/uploads\/2025\/12\/B090-285.jpg\" \/>\n\t<meta property=\"og:image:width\" content=\"1200\" \/>\n\t<meta property=\"og:image:height\" content=\"1200\" \/>\n\t<meta property=\"og:image:type\" content=\"image\/jpeg\" \/>\n<meta name=\"twitter:card\" content=\"summary_large_image\" \/>\n<meta name=\"twitter:label1\" content=\"Est. reading time\" \/>\n\t<meta name=\"twitter:data1\" content=\"2 minutes\" \/>\n<script type=\"application\/ld+json\" class=\"yoast-schema-graph\">{\"@context\":\"https:\\\/\\\/schema.org\",\"@graph\":[{\"@type\":\"WebPage\",\"@id\":\"https:\\\/\\\/rutana.lt\\\/produktas\\\/arbata-juodoji-apricot-sunrise-20-vnt-ahmad-tea-953\\\/\",\"url\":\"https:\\\/\\\/rutana.lt\\\/produktas\\\/arbata-juodoji-apricot-sunrise-20-vnt-ahmad-tea-953\\\/\",\"name\":\"Arbata juodoji \\\"Apricot Sunrise\\\" 20 vnt. Ahmad Tea 953 - Rutana - Ra\u0161tin\u0117s reikmenys\",\"isPartOf\":{\"@id\":\"https:\\\/\\\/rutana.lt\\\/#website\"},\"primaryImageOfPage\":{\"@id\":\"https:\\\/\\\/rutana.lt\\\/produktas\\\/arbata-juodoji-apricot-sunrise-20-vnt-ahmad-tea-953\\\/#primaryimage\"},\"image\":{\"@id\":\"https:\\\/\\\/rutana.lt\\\/produktas\\\/arbata-juodoji-apricot-sunrise-20-vnt-ahmad-tea-953\\\/#primaryimage\"},\"thumbnailUrl\":\"https:\\\/\\\/rutana.lt\\\/wp-content\\\/uploads\\\/2025\\\/12\\\/B090-285.jpg\",\"datePublished\":\"2025-12-21T14:48:04+00:00\",\"dateModified\":\"2025-12-21T14:57:15+00:00\",\"breadcrumb\":{\"@id\":\"https:\\\/\\\/rutana.lt\\\/produktas\\\/arbata-juodoji-apricot-sunrise-20-vnt-ahmad-tea-953\\\/#breadcrumb\"},\"inLanguage\":\"en-US\",\"potentialAction\":[{\"@type\":\"ReadAction\",\"target\":[\"https:\\\/\\\/rutana.lt\\\/produktas\\\/arbata-juodoji-apricot-sunrise-20-vnt-ahmad-tea-953\\\/\"]}]},{\"@type\":\"ImageObject\",\"inLanguage\":\"en-US\",\"@id\":\"https:\\\/\\\/rutana.lt\\\/produktas\\\/arbata-juodoji-apricot-sunrise-20-vnt-ahmad-tea-953\\\/#primaryimage\",\"url\":\"https:\\\/\\\/rutana.lt\\\/wp-content\\\/uploads\\\/2025\\\/12\\\/B090-285.jpg\",\"contentUrl\":\"https:\\\/\\\/rutana.lt\\\/wp-content\\\/uploads\\\/2025\\\/12\\\/B090-285.jpg\",\"width\":1200,\"height\":1200},{\"@type\":\"BreadcrumbList\",\"@id\":\"https:\\\/\\\/rutana.lt\\\/produktas\\\/arbata-juodoji-apricot-sunrise-20-vnt-ahmad-tea-953\\\/#breadcrumb\",\"itemListElement\":[{\"@type\":\"ListItem\",\"position\":1,\"name\":\"Home\",\"item\":\"https:\\\/\\\/rutana.lt\\\/\"},{\"@type\":\"ListItem\",\"position\":2,\"name\":\"Parduotuv\u0117\",\"item\":\"https:\\\/\\\/rutana.lt\\\/parduotuve\\\/\"},{\"@type\":\"ListItem\",\"position\":3,\"name\":\"Arbata juodoji &#8222;Apricot Sunrise&#8221; 20 vnt. Ahmad Tea 953\"}]},{\"@type\":\"WebSite\",\"@id\":\"https:\\\/\\\/rutana.lt\\\/#website\",\"url\":\"https:\\\/\\\/rutana.lt\\\/\",\"name\":\"Rutana - Ra\u0161tin\u0117s reikmenys\",\"description\":\"Prekiaujame pasaulin\u0117je rinkoje pripa\u017eintomis, kokybi\u0161komis biuro prek\u0117mis toki\u0173  gamintoj\u0173 kaip: Schneider, Esselte, Novus, 3M, Faber-Castell, Citizen, Milan, Leitz, Colop, Zebra, Staedtler, Durable, Tork, Parker, Waterman ir kt.\",\"publisher\":{\"@id\":\"https:\\\/\\\/rutana.lt\\\/#organization\"},\"potentialAction\":[{\"@type\":\"SearchAction\",\"target\":{\"@type\":\"EntryPoint\",\"urlTemplate\":\"https:\\\/\\\/rutana.lt\\\/?s={search_term_string}\"},\"query-input\":{\"@type\":\"PropertyValueSpecification\",\"valueRequired\":true,\"valueName\":\"search_term_string\"}}],\"inLanguage\":\"en-US\"},{\"@type\":\"Organization\",\"@id\":\"https:\\\/\\\/rutana.lt\\\/#organization\",\"name\":\"Rutana - Ra\u0161tin\u0117s reikmenys\",\"url\":\"https:\\\/\\\/rutana.lt\\\/\",\"logo\":{\"@type\":\"ImageObject\",\"inLanguage\":\"en-US\",\"@id\":\"https:\\\/\\\/rutana.lt\\\/#\\\/schema\\\/logo\\\/image\\\/\",\"url\":\"https:\\\/\\\/rutana.lt\\\/wp-content\\\/uploads\\\/2025\\\/10\\\/Asset-32.png\",\"contentUrl\":\"https:\\\/\\\/rutana.lt\\\/wp-content\\\/uploads\\\/2025\\\/10\\\/Asset-32.png\",\"width\":433,\"height\":119,\"caption\":\"Rutana - Ra\u0161tin\u0117s reikmenys\"},\"image\":{\"@id\":\"https:\\\/\\\/rutana.lt\\\/#\\\/schema\\\/logo\\\/image\\\/\"},\"sameAs\":[\"https:\\\/\\\/www.facebook.com\\\/RutanaKanceliarinesPrekes\\\/\"]}]}<\/script>\n<!-- \/ Yoast SEO plugin. -->","yoast_head_json":{"title":"Arbata juodoji \"Apricot Sunrise\" 20 vnt. Ahmad Tea 953 - Rutana - Ra\u0161tin\u0117s reikmenys","robots":{"index":"index","follow":"follow","max-snippet":"max-snippet:-1","max-image-preview":"max-image-preview:large","max-video-preview":"max-video-preview:-1"},"canonical":"https:\/\/rutana.lt\/en\/product\/arbata-juodoji-apricot-sunrise-20-vnt-ahmad-tea-953\/","og_locale":"en_US","og_type":"article","og_title":"Arbata juodoji \"Apricot Sunrise\" 20 vnt. Ahmad Tea 953 - Rutana - Ra\u0161tin\u0117s reikmenys","og_description":"\u201eApricot Sunrise\u201c \u2013 tai gyvybingas juodosios arbatos mi\u0161inys su auksiniais prinokusiais abrikosais.","og_url":"https:\/\/rutana.lt\/en\/product\/arbata-juodoji-apricot-sunrise-20-vnt-ahmad-tea-953\/","og_site_name":"Rutana - Ra\u0161tin\u0117s reikmenys","article_publisher":"https:\/\/www.facebook.com\/RutanaKanceliarinesPrekes\/","article_modified_time":"2025-12-21T14:57:15+00:00","og_image":[{"width":1200,"height":1200,"url":"https:\/\/rutana.lt\/wp-content\/uploads\/2025\/12\/B090-285.jpg","type":"image\/jpeg"}],"twitter_card":"summary_large_image","twitter_misc":{"Est. reading time":"2 minutes"},"schema":{"@context":"https:\/\/schema.org","@graph":[{"@type":"WebPage","@id":"https:\/\/rutana.lt\/produktas\/arbata-juodoji-apricot-sunrise-20-vnt-ahmad-tea-953\/","url":"https:\/\/rutana.lt\/produktas\/arbata-juodoji-apricot-sunrise-20-vnt-ahmad-tea-953\/","name":"Arbata juodoji \"Apricot Sunrise\" 20 vnt. Ahmad Tea 953 - Rutana - Ra\u0161tin\u0117s reikmenys","isPartOf":{"@id":"https:\/\/rutana.lt\/#website"},"primaryImageOfPage":{"@id":"https:\/\/rutana.lt\/produktas\/arbata-juodoji-apricot-sunrise-20-vnt-ahmad-tea-953\/#primaryimage"},"image":{"@id":"https:\/\/rutana.lt\/produktas\/arbata-juodoji-apricot-sunrise-20-vnt-ahmad-tea-953\/#primaryimage"},"thumbnailUrl":"https:\/\/rutana.lt\/wp-content\/uploads\/2025\/12\/B090-285.jpg","datePublished":"2025-12-21T14:48:04+00:00","dateModified":"2025-12-21T14:57:15+00:00","breadcrumb":{"@id":"https:\/\/rutana.lt\/produktas\/arbata-juodoji-apricot-sunrise-20-vnt-ahmad-tea-953\/#breadcrumb"},"inLanguage":"en-US","potentialAction":[{"@type":"ReadAction","target":["https:\/\/rutana.lt\/produktas\/arbata-juodoji-apricot-sunrise-20-vnt-ahmad-tea-953\/"]}]},{"@type":"ImageObject","inLanguage":"en-US","@id":"https:\/\/rutana.lt\/produktas\/arbata-juodoji-apricot-sunrise-20-vnt-ahmad-tea-953\/#primaryimage","url":"https:\/\/rutana.lt\/wp-content\/uploads\/2025\/12\/B090-285.jpg","contentUrl":"https:\/\/rutana.lt\/wp-content\/uploads\/2025\/12\/B090-285.jpg","width":1200,"height":1200},{"@type":"BreadcrumbList","@id":"https:\/\/rutana.lt\/produktas\/arbata-juodoji-apricot-sunrise-20-vnt-ahmad-tea-953\/#breadcrumb","itemListElement":[{"@type":"ListItem","position":1,"name":"Home","item":"https:\/\/rutana.lt\/"},{"@type":"ListItem","position":2,"name":"Parduotuv\u0117","item":"https:\/\/rutana.lt\/parduotuve\/"},{"@type":"ListItem","position":3,"name":"Arbata juodoji &#8222;Apricot Sunrise&#8221; 20 vnt. Ahmad Tea 953"}]},{"@type":"WebSite","@id":"https:\/\/rutana.lt\/#website","url":"https:\/\/rutana.lt\/","name":"Rutana - Ra\u0161tin\u0117s reikmenys","description":"Prekiaujame pasaulin\u0117je rinkoje pripa\u017eintomis, kokybi\u0161komis biuro prek\u0117mis toki\u0173  gamintoj\u0173 kaip: Schneider, Esselte, Novus, 3M, Faber-Castell, Citizen, Milan, Leitz, Colop, Zebra, Staedtler, Durable, Tork, Parker, Waterman ir kt.","publisher":{"@id":"https:\/\/rutana.lt\/#organization"},"potentialAction":[{"@type":"SearchAction","target":{"@type":"EntryPoint","urlTemplate":"https:\/\/rutana.lt\/?s={search_term_string}"},"query-input":{"@type":"PropertyValueSpecification","valueRequired":true,"valueName":"search_term_string"}}],"inLanguage":"en-US"},{"@type":"Organization","@id":"https:\/\/rutana.lt\/#organization","name":"Rutana - Ra\u0161tin\u0117s reikmenys","url":"https:\/\/rutana.lt\/","logo":{"@type":"ImageObject","inLanguage":"en-US","@id":"https:\/\/rutana.lt\/#\/schema\/logo\/image\/","url":"https:\/\/rutana.lt\/wp-content\/uploads\/2025\/10\/Asset-32.png","contentUrl":"https:\/\/rutana.lt\/wp-content\/uploads\/2025\/10\/Asset-32.png","width":433,"height":119,"caption":"Rutana - Ra\u0161tin\u0117s reikmenys"},"image":{"@id":"https:\/\/rutana.lt\/#\/schema\/logo\/image\/"},"sameAs":["https:\/\/www.facebook.com\/RutanaKanceliarinesPrekes\/"]}]}},"_links":{"self":[{"href":"https:\/\/rutana.lt\/en\/wp-json\/wp\/v2\/product\/34207","targetHints":{"allow":["GET"]}}],"collection":[{"href":"https:\/\/rutana.lt\/en\/wp-json\/wp\/v2\/product"}],"about":[{"href":"https:\/\/rutana.lt\/en\/wp-json\/wp\/v2\/types\/product"}],"replies":[{"embeddable":true,"href":"https:\/\/rutana.lt\/en\/wp-json\/wp\/v2\/comments?post=34207"}],"version-history":[{"count":2,"href":"https:\/\/rutana.lt\/en\/wp-json\/wp\/v2\/product\/34207\/revisions"}],"predecessor-version":[{"id":34211,"href":"https:\/\/rutana.lt\/en\/wp-json\/wp\/v2\/product\/34207\/revisions\/34211"}],"wp:featuredmedia":[{"embeddable":true,"href":"https:\/\/rutana.lt\/en\/wp-json\/wp\/v2\/media\/34209"}],"wp:attachment":[{"href":"https:\/\/rutana.lt\/en\/wp-json\/wp\/v2\/media?parent=34207"}],"wp:term":[{"taxonomy":"product_brand","embeddable":true,"href":"https:\/\/rutana.lt\/en\/wp-json\/wp\/v2\/product_brand?post=34207"},{"taxonomy":"product_cat","embeddable":true,"href":"https:\/\/rutana.lt\/en\/wp-json\/wp\/v2\/product_cat?post=34207"},{"taxonomy":"product_tag","embeddable":true,"href":"https:\/\/rutana.lt\/en\/wp-json\/wp\/v2\/product_tag?post=34207"}],"curies":[{"name":"wp","href":"https:\/\/api.w.org\/{rel}","templated":true}]}}