{"id":34199,"date":"2025-12-21T14:29:03","date_gmt":"2025-12-21T12:29:03","guid":{"rendered":"https:\/\/rutana.lt\/?post_type=product&#038;p=34199"},"modified":"2025-12-21T14:35:52","modified_gmt":"2025-12-21T12:35:52","slug":"arbata-juodoji-darjeeling-20-vnt-ahmad-tea-559","status":"publish","type":"product","link":"https:\/\/rutana.lt\/en\/product\/arbata-juodoji-darjeeling-20-vnt-ahmad-tea-559\/","title":{"rendered":"Arbata juodoji &#8222;Darjeeling&#8221; 20 vnt. Ahmad Tea 559"},"content":{"rendered":"<p dir=\"ltr\">Arbata \u201eDarjeeling\u201c leis j\u016bs\u0173 skonio receptoriams leistis \u012f atradim\u0173 kelion\u0119. \u0160velni, bet sud\u0117tinga, g\u0117li\u0173 ir vaisi\u0173 aromato arbata \u2013 tai i\u0161skirtinis g\u0117rimas i\u0161rankiems arbatos m\u0117g\u0117jams.<\/p>\n<p dir=\"ltr\">Indijos Mahabharatos kaln\u0173 grandin\u0117je (dar vadinamoje \u201ema\u017eaisiais Himalaj\u0173 kalnais\u201c) \u012fsik\u016br\u0119s Dard\u017eilingas yra ypatingas arbatos regionas. Ma\u017edaug 2000 m auk\u0161tyje esan\u010diuose kalvotuose Dard\u017eilingo arbatos soduose arbata auginama tik tam tikrais sezonais, kuri\u0173 kiekvienas pasi\u017eymi savitu charakteriu.<\/p>\n<p dir=\"ltr\">Arbatos meistrai derina skirting\u0173 sezon\u0173 \u201eDarjeeling\u201c arbatas. Pirmasis derlius renkamas pavasar\u012f, kai jauni lapai b\u016bna gaiv\u016bs ir g\u0117l\u0117ti. V\u0117liau \u0161i arbata subalansuojama vasaros prad\u017eioje surinktomis antrojo derliaus arbatomis. \u0160iuo metu lapai yra labiau subrend\u0119, tod\u0117l g\u0117rimas \u012fgauna sodresnes natas, kurios, kaip da\u017enai sakoma, primena \u201eMuscat\u201c vynuoges.<\/p>\n<p dir=\"ltr\">Ry\u0161kios ir auksin\u0117s spalvos puodelyje, \u201eDarjeeling\u201c yra gaivaus ry\u0161kaus ir puikiai subalansuoto skonio. Nors arbata skani bet kuriuo paros metu, mes j\u0105 m\u0117gstame po piet\u0173, patiekiam\u0105 be pieno. Pabandykite paruo\u0161ti vidutinio stiprumo arbat\u0105, kad atsiskleist\u0173 visi arbatos kvapai ir aitrus skonis.<\/p>\n<p dir=\"ltr\">\u201eDarjeeling\u201c arbata 2018 m. peln\u0117 \u201eGreat Taste\u201c apdovanojim\u0105. Presti\u017ei\u0161kiausio pasaulyje maisto ir g\u0117rim\u0173 apdovanojimo \u201eGreat Taste\u201c teis\u0117jai gyr\u0117 \u201eDarjeeling\u201c u\u017e \u201ery\u0161k\u0173 ir i\u0161skirtin\u012f skon\u012f\u201c ir \u201eilgai i\u0161liekant\u012f \u201eDarjeeling\u201c bruo\u017e\u0105\u201c. D\u0117\u017eut\u0117je pavaizduotas 1788 m. William Marlow paveikslas \u201eBlackfriars Bridge and St Paul&#8217;s Cathedral\u201c. \u010cia pavaizduotas Londono centras ir Temz\u0117 \u2013 up\u0117, sujungusi Did\u017ei\u0105j\u0105 Britanij\u0105 su likusiu pasauliu, tod\u0117l manome, kad tai puikiai atspindi arbata \u201eDarjeeling\u201c.<\/p>\n<p dir=\"ltr\">2018 m. \u201eGreat Taste Awards\u201c apdovanojimuose peln\u0117 1 \u017evaig\u017edut\u0119.<\/p>\n<p style=\"margin-bottom: 10px;\">Kiekis: 20 vnt.<\/p>\n<p class=\"MsoNormal\">Arbatos kiekis pakelyje: 2 g<\/p>\n<p>Kilm\u0117s \u0161alis: Dard\u017eilingas<\/p>\n<div id=\"product-details\" class=\"tab-pane fade\" data-product=\"{\"><\/div>\n<p class=\"MsoNormal\" style=\"line-height: normal;\">","protected":false},"excerpt":{"rendered":"<p>Arbata \u201eDarjeeling\u201c leis j\u016bs\u0173 skonio receptoriams leistis \u012f atradim\u0173 kelion\u0119. \u0160velni, bet sud\u0117tinga, g\u0117li\u0173 ir vaisi\u0173 aromato arbata \u2013 tai i\u0161skirtinis g\u0117rimas i\u0161rankiems arbatos m\u0117g\u0117jams.<\/p>","protected":false},"featured_media":34200,"comment_status":"open","ping_status":"closed","template":"","meta":{"_season_start":"","_season_end":"","_season_days":"","_season_months":"","_season_auto_visibility":"1"},"product_brand":[696],"product_cat":[1834],"product_tag":[],"class_list":{"0":"post-34199","1":"product","2":"type-product","3":"status-publish","4":"has-post-thumbnail","6":"product_brand-ahmad","7":"product_cat-arbata-pakelyje-arbata","9":"first","10":"instock","11":"taxable","12":"shipping-taxable","13":"purchasable","14":"product-type-simple"},"yoast_head":"<!-- This site is optimized with the Yoast SEO plugin v27.4 - https:\/\/yoast.com\/product\/yoast-seo-wordpress\/ -->\n<title>Arbata juodoji &quot;Darjeeling&quot; 20 vnt. Ahmad Tea 559 - Rutana - Ra\u0161tin\u0117s reikmenys<\/title>\n<meta name=\"robots\" content=\"index, follow, max-snippet:-1, max-image-preview:large, max-video-preview:-1\" \/>\n<link rel=\"canonical\" href=\"https:\/\/rutana.lt\/en\/product\/arbata-juodoji-darjeeling-20-vnt-ahmad-tea-559\/\" \/>\n<meta property=\"og:locale\" content=\"en_US\" \/>\n<meta property=\"og:type\" content=\"article\" \/>\n<meta property=\"og:title\" content=\"Arbata juodoji &quot;Darjeeling&quot; 20 vnt. Ahmad Tea 559 - Rutana - Ra\u0161tin\u0117s reikmenys\" \/>\n<meta property=\"og:description\" content=\"Arbata \u201eDarjeeling\u201c leis j\u016bs\u0173 skonio receptoriams leistis \u012f atradim\u0173 kelion\u0119. \u0160velni, bet sud\u0117tinga, g\u0117li\u0173 ir vaisi\u0173 aromato arbata \u2013 tai i\u0161skirtinis g\u0117rimas i\u0161rankiems arbatos m\u0117g\u0117jams.\" \/>\n<meta property=\"og:url\" content=\"https:\/\/rutana.lt\/en\/product\/arbata-juodoji-darjeeling-20-vnt-ahmad-tea-559\/\" \/>\n<meta property=\"og:site_name\" content=\"Rutana - Ra\u0161tin\u0117s reikmenys\" \/>\n<meta property=\"article:publisher\" content=\"https:\/\/www.facebook.com\/RutanaKanceliarinesPrekes\/\" \/>\n<meta property=\"article:modified_time\" content=\"2025-12-21T12:35:52+00:00\" \/>\n<meta property=\"og:image\" content=\"https:\/\/rutana.lt\/wp-content\/uploads\/2025\/12\/B090-204.jpg\" \/>\n\t<meta property=\"og:image:width\" content=\"1200\" \/>\n\t<meta property=\"og:image:height\" content=\"1200\" \/>\n\t<meta property=\"og:image:type\" content=\"image\/jpeg\" \/>\n<meta name=\"twitter:card\" content=\"summary_large_image\" \/>\n<meta name=\"twitter:label1\" content=\"Est. reading time\" \/>\n\t<meta name=\"twitter:data1\" content=\"2 minutes\" \/>\n<script type=\"application\/ld+json\" class=\"yoast-schema-graph\">{\"@context\":\"https:\\\/\\\/schema.org\",\"@graph\":[{\"@type\":\"WebPage\",\"@id\":\"https:\\\/\\\/rutana.lt\\\/produktas\\\/arbata-juodoji-darjeeling-20-vnt-ahmad-tea-559\\\/\",\"url\":\"https:\\\/\\\/rutana.lt\\\/produktas\\\/arbata-juodoji-darjeeling-20-vnt-ahmad-tea-559\\\/\",\"name\":\"Arbata juodoji \\\"Darjeeling\\\" 20 vnt. Ahmad Tea 559 - Rutana - Ra\u0161tin\u0117s reikmenys\",\"isPartOf\":{\"@id\":\"https:\\\/\\\/rutana.lt\\\/#website\"},\"primaryImageOfPage\":{\"@id\":\"https:\\\/\\\/rutana.lt\\\/produktas\\\/arbata-juodoji-darjeeling-20-vnt-ahmad-tea-559\\\/#primaryimage\"},\"image\":{\"@id\":\"https:\\\/\\\/rutana.lt\\\/produktas\\\/arbata-juodoji-darjeeling-20-vnt-ahmad-tea-559\\\/#primaryimage\"},\"thumbnailUrl\":\"https:\\\/\\\/rutana.lt\\\/wp-content\\\/uploads\\\/2025\\\/12\\\/B090-204.jpg\",\"datePublished\":\"2025-12-21T12:29:03+00:00\",\"dateModified\":\"2025-12-21T12:35:52+00:00\",\"breadcrumb\":{\"@id\":\"https:\\\/\\\/rutana.lt\\\/produktas\\\/arbata-juodoji-darjeeling-20-vnt-ahmad-tea-559\\\/#breadcrumb\"},\"inLanguage\":\"en-US\",\"potentialAction\":[{\"@type\":\"ReadAction\",\"target\":[\"https:\\\/\\\/rutana.lt\\\/produktas\\\/arbata-juodoji-darjeeling-20-vnt-ahmad-tea-559\\\/\"]}]},{\"@type\":\"ImageObject\",\"inLanguage\":\"en-US\",\"@id\":\"https:\\\/\\\/rutana.lt\\\/produktas\\\/arbata-juodoji-darjeeling-20-vnt-ahmad-tea-559\\\/#primaryimage\",\"url\":\"https:\\\/\\\/rutana.lt\\\/wp-content\\\/uploads\\\/2025\\\/12\\\/B090-204.jpg\",\"contentUrl\":\"https:\\\/\\\/rutana.lt\\\/wp-content\\\/uploads\\\/2025\\\/12\\\/B090-204.jpg\",\"width\":1200,\"height\":1200},{\"@type\":\"BreadcrumbList\",\"@id\":\"https:\\\/\\\/rutana.lt\\\/produktas\\\/arbata-juodoji-darjeeling-20-vnt-ahmad-tea-559\\\/#breadcrumb\",\"itemListElement\":[{\"@type\":\"ListItem\",\"position\":1,\"name\":\"Home\",\"item\":\"https:\\\/\\\/rutana.lt\\\/\"},{\"@type\":\"ListItem\",\"position\":2,\"name\":\"Parduotuv\u0117\",\"item\":\"https:\\\/\\\/rutana.lt\\\/parduotuve\\\/\"},{\"@type\":\"ListItem\",\"position\":3,\"name\":\"Arbata juodoji &#8222;Darjeeling&#8221; 20 vnt. Ahmad Tea 559\"}]},{\"@type\":\"WebSite\",\"@id\":\"https:\\\/\\\/rutana.lt\\\/#website\",\"url\":\"https:\\\/\\\/rutana.lt\\\/\",\"name\":\"Rutana - Ra\u0161tin\u0117s reikmenys\",\"description\":\"Prekiaujame pasaulin\u0117je rinkoje pripa\u017eintomis, kokybi\u0161komis biuro prek\u0117mis toki\u0173  gamintoj\u0173 kaip: Schneider, Esselte, Novus, 3M, Faber-Castell, Citizen, Milan, Leitz, Colop, Zebra, Staedtler, Durable, Tork, Parker, Waterman ir kt.\",\"publisher\":{\"@id\":\"https:\\\/\\\/rutana.lt\\\/#organization\"},\"potentialAction\":[{\"@type\":\"SearchAction\",\"target\":{\"@type\":\"EntryPoint\",\"urlTemplate\":\"https:\\\/\\\/rutana.lt\\\/?s={search_term_string}\"},\"query-input\":{\"@type\":\"PropertyValueSpecification\",\"valueRequired\":true,\"valueName\":\"search_term_string\"}}],\"inLanguage\":\"en-US\"},{\"@type\":\"Organization\",\"@id\":\"https:\\\/\\\/rutana.lt\\\/#organization\",\"name\":\"Rutana - Ra\u0161tin\u0117s reikmenys\",\"url\":\"https:\\\/\\\/rutana.lt\\\/\",\"logo\":{\"@type\":\"ImageObject\",\"inLanguage\":\"en-US\",\"@id\":\"https:\\\/\\\/rutana.lt\\\/#\\\/schema\\\/logo\\\/image\\\/\",\"url\":\"https:\\\/\\\/rutana.lt\\\/wp-content\\\/uploads\\\/2025\\\/10\\\/Asset-32.png\",\"contentUrl\":\"https:\\\/\\\/rutana.lt\\\/wp-content\\\/uploads\\\/2025\\\/10\\\/Asset-32.png\",\"width\":433,\"height\":119,\"caption\":\"Rutana - Ra\u0161tin\u0117s reikmenys\"},\"image\":{\"@id\":\"https:\\\/\\\/rutana.lt\\\/#\\\/schema\\\/logo\\\/image\\\/\"},\"sameAs\":[\"https:\\\/\\\/www.facebook.com\\\/RutanaKanceliarinesPrekes\\\/\"]}]}<\/script>\n<!-- \/ Yoast SEO plugin. -->","yoast_head_json":{"title":"Arbata juodoji \"Darjeeling\" 20 vnt. Ahmad Tea 559 - Rutana - Ra\u0161tin\u0117s reikmenys","robots":{"index":"index","follow":"follow","max-snippet":"max-snippet:-1","max-image-preview":"max-image-preview:large","max-video-preview":"max-video-preview:-1"},"canonical":"https:\/\/rutana.lt\/en\/product\/arbata-juodoji-darjeeling-20-vnt-ahmad-tea-559\/","og_locale":"en_US","og_type":"article","og_title":"Arbata juodoji \"Darjeeling\" 20 vnt. Ahmad Tea 559 - Rutana - Ra\u0161tin\u0117s reikmenys","og_description":"Arbata \u201eDarjeeling\u201c leis j\u016bs\u0173 skonio receptoriams leistis \u012f atradim\u0173 kelion\u0119. \u0160velni, bet sud\u0117tinga, g\u0117li\u0173 ir vaisi\u0173 aromato arbata \u2013 tai i\u0161skirtinis g\u0117rimas i\u0161rankiems arbatos m\u0117g\u0117jams.","og_url":"https:\/\/rutana.lt\/en\/product\/arbata-juodoji-darjeeling-20-vnt-ahmad-tea-559\/","og_site_name":"Rutana - Ra\u0161tin\u0117s reikmenys","article_publisher":"https:\/\/www.facebook.com\/RutanaKanceliarinesPrekes\/","article_modified_time":"2025-12-21T12:35:52+00:00","og_image":[{"width":1200,"height":1200,"url":"https:\/\/rutana.lt\/wp-content\/uploads\/2025\/12\/B090-204.jpg","type":"image\/jpeg"}],"twitter_card":"summary_large_image","twitter_misc":{"Est. reading time":"2 minutes"},"schema":{"@context":"https:\/\/schema.org","@graph":[{"@type":"WebPage","@id":"https:\/\/rutana.lt\/produktas\/arbata-juodoji-darjeeling-20-vnt-ahmad-tea-559\/","url":"https:\/\/rutana.lt\/produktas\/arbata-juodoji-darjeeling-20-vnt-ahmad-tea-559\/","name":"Arbata juodoji \"Darjeeling\" 20 vnt. Ahmad Tea 559 - Rutana - Ra\u0161tin\u0117s reikmenys","isPartOf":{"@id":"https:\/\/rutana.lt\/#website"},"primaryImageOfPage":{"@id":"https:\/\/rutana.lt\/produktas\/arbata-juodoji-darjeeling-20-vnt-ahmad-tea-559\/#primaryimage"},"image":{"@id":"https:\/\/rutana.lt\/produktas\/arbata-juodoji-darjeeling-20-vnt-ahmad-tea-559\/#primaryimage"},"thumbnailUrl":"https:\/\/rutana.lt\/wp-content\/uploads\/2025\/12\/B090-204.jpg","datePublished":"2025-12-21T12:29:03+00:00","dateModified":"2025-12-21T12:35:52+00:00","breadcrumb":{"@id":"https:\/\/rutana.lt\/produktas\/arbata-juodoji-darjeeling-20-vnt-ahmad-tea-559\/#breadcrumb"},"inLanguage":"en-US","potentialAction":[{"@type":"ReadAction","target":["https:\/\/rutana.lt\/produktas\/arbata-juodoji-darjeeling-20-vnt-ahmad-tea-559\/"]}]},{"@type":"ImageObject","inLanguage":"en-US","@id":"https:\/\/rutana.lt\/produktas\/arbata-juodoji-darjeeling-20-vnt-ahmad-tea-559\/#primaryimage","url":"https:\/\/rutana.lt\/wp-content\/uploads\/2025\/12\/B090-204.jpg","contentUrl":"https:\/\/rutana.lt\/wp-content\/uploads\/2025\/12\/B090-204.jpg","width":1200,"height":1200},{"@type":"BreadcrumbList","@id":"https:\/\/rutana.lt\/produktas\/arbata-juodoji-darjeeling-20-vnt-ahmad-tea-559\/#breadcrumb","itemListElement":[{"@type":"ListItem","position":1,"name":"Home","item":"https:\/\/rutana.lt\/"},{"@type":"ListItem","position":2,"name":"Parduotuv\u0117","item":"https:\/\/rutana.lt\/parduotuve\/"},{"@type":"ListItem","position":3,"name":"Arbata juodoji &#8222;Darjeeling&#8221; 20 vnt. Ahmad Tea 559"}]},{"@type":"WebSite","@id":"https:\/\/rutana.lt\/#website","url":"https:\/\/rutana.lt\/","name":"Rutana - Ra\u0161tin\u0117s reikmenys","description":"Prekiaujame pasaulin\u0117je rinkoje pripa\u017eintomis, kokybi\u0161komis biuro prek\u0117mis toki\u0173  gamintoj\u0173 kaip: Schneider, Esselte, Novus, 3M, Faber-Castell, Citizen, Milan, Leitz, Colop, Zebra, Staedtler, Durable, Tork, Parker, Waterman ir kt.","publisher":{"@id":"https:\/\/rutana.lt\/#organization"},"potentialAction":[{"@type":"SearchAction","target":{"@type":"EntryPoint","urlTemplate":"https:\/\/rutana.lt\/?s={search_term_string}"},"query-input":{"@type":"PropertyValueSpecification","valueRequired":true,"valueName":"search_term_string"}}],"inLanguage":"en-US"},{"@type":"Organization","@id":"https:\/\/rutana.lt\/#organization","name":"Rutana - Ra\u0161tin\u0117s reikmenys","url":"https:\/\/rutana.lt\/","logo":{"@type":"ImageObject","inLanguage":"en-US","@id":"https:\/\/rutana.lt\/#\/schema\/logo\/image\/","url":"https:\/\/rutana.lt\/wp-content\/uploads\/2025\/10\/Asset-32.png","contentUrl":"https:\/\/rutana.lt\/wp-content\/uploads\/2025\/10\/Asset-32.png","width":433,"height":119,"caption":"Rutana - Ra\u0161tin\u0117s reikmenys"},"image":{"@id":"https:\/\/rutana.lt\/#\/schema\/logo\/image\/"},"sameAs":["https:\/\/www.facebook.com\/RutanaKanceliarinesPrekes\/"]}]}},"_links":{"self":[{"href":"https:\/\/rutana.lt\/en\/wp-json\/wp\/v2\/product\/34199","targetHints":{"allow":["GET"]}}],"collection":[{"href":"https:\/\/rutana.lt\/en\/wp-json\/wp\/v2\/product"}],"about":[{"href":"https:\/\/rutana.lt\/en\/wp-json\/wp\/v2\/types\/product"}],"replies":[{"embeddable":true,"href":"https:\/\/rutana.lt\/en\/wp-json\/wp\/v2\/comments?post=34199"}],"version-history":[{"count":2,"href":"https:\/\/rutana.lt\/en\/wp-json\/wp\/v2\/product\/34199\/revisions"}],"predecessor-version":[{"id":34202,"href":"https:\/\/rutana.lt\/en\/wp-json\/wp\/v2\/product\/34199\/revisions\/34202"}],"wp:featuredmedia":[{"embeddable":true,"href":"https:\/\/rutana.lt\/en\/wp-json\/wp\/v2\/media\/34200"}],"wp:attachment":[{"href":"https:\/\/rutana.lt\/en\/wp-json\/wp\/v2\/media?parent=34199"}],"wp:term":[{"taxonomy":"product_brand","embeddable":true,"href":"https:\/\/rutana.lt\/en\/wp-json\/wp\/v2\/product_brand?post=34199"},{"taxonomy":"product_cat","embeddable":true,"href":"https:\/\/rutana.lt\/en\/wp-json\/wp\/v2\/product_cat?post=34199"},{"taxonomy":"product_tag","embeddable":true,"href":"https:\/\/rutana.lt\/en\/wp-json\/wp\/v2\/product_tag?post=34199"}],"curies":[{"name":"wp","href":"https:\/\/api.w.org\/{rel}","templated":true}]}}