{"id":34194,"date":"2025-12-21T13:07:10","date_gmt":"2025-12-21T11:07:10","guid":{"rendered":"https:\/\/rutana.lt\/?post_type=product&#038;p=34194"},"modified":"2025-12-21T13:15:51","modified_gmt":"2025-12-21T11:15:51","slug":"zoleliu-ir-vaisiu-arbatu-rinkinys-wild-strawberry-20-vnt-ahmad-tea-011","status":"publish","type":"product","link":"https:\/\/rutana.lt\/en\/product\/zoleliu-ir-vaisiu-arbatu-rinkinys-wild-strawberry-20-vnt-ahmad-tea-011\/","title":{"rendered":"\u017doleli\u0173 ir vaisi\u0173 arbat\u0173 rinkinys &#8222;Wild strawberry&#8221; 20 vnt. Ahmad Tea 011"},"content":{"rendered":"<p>Vasara \u2013 tai vienas dalykas, tai laukin\u0117s bra\u0161k\u0117s. Gaivinanti mi\u0161ko bra\u0161ki\u0173 arbata sukelia kar\u0161t\u0173 vasaros dien\u0173 prisiminimus. \u0160is nat\u016braliai saldus ir kofeino neturintis g\u0117rimas populiarus tarp vaik\u0173 ir arbatos vakar\u0117liuose. Puodelyje labai gra\u017eiai atrodys ir plona \u0161vie\u017eios bra\u0161k\u0117s skiltel\u0117.<\/p>\n<p>Arbatos pakeliai su virvel\u0117mis, atskirai suvynioti \u012f folij\u0105, leid\u017eia i\u0161saugoti arbat\u0105, skon\u012f ir aromat\u0105.<\/p>\n<p>Sud\u0117tis: kinro\u017e\u0117s \u017eiedai, obuolys, \u0161eivamed\u017eio uogos, bra\u0161k\u0117s, gervuogi\u0173 lapai, apelsino \u017eievel\u0117<\/p>\n<p style=\"margin-bottom: 10px;\">Kiekis: 20 vnt.<\/p>\n<p class=\"MsoNormal\">Arbatos kiekis pakelyje: 2 g<\/p>\n<p>Kilm\u0117s \u0161alis: \u012fvair\u016bs regionai, \u012fskaitant Turkij\u0105, Ryt\u0173 Europ\u0105, Egipt\u0105<\/p>\n<div id=\"product-details\" class=\"tab-pane fade\" data-product=\"{\"><\/div>\n<p class=\"MsoNormal\" style=\"line-height: normal;\">","protected":false},"excerpt":{"rendered":"<p>Vasara \u2013 tai vienas dalykas, tai laukin\u0117s bra\u0161k\u0117s. Gaivinanti mi\u0161ko bra\u0161ki\u0173 arbata sukelia kar\u0161t\u0173 vasaros dien\u0173 prisiminimus.<\/p>","protected":false},"featured_media":34196,"comment_status":"open","ping_status":"closed","template":"","meta":{"_season_start":"","_season_end":"","_season_days":"","_season_months":"","_season_auto_visibility":"1"},"product_brand":[696],"product_cat":[1834],"product_tag":[],"class_list":{"0":"post-34194","1":"product","2":"type-product","3":"status-publish","4":"has-post-thumbnail","6":"product_brand-ahmad","7":"product_cat-arbata-pakelyje-arbata","9":"first","10":"instock","11":"taxable","12":"shipping-taxable","13":"purchasable","14":"product-type-simple"},"yoast_head":"<!-- This site is optimized with the Yoast SEO plugin v26.1.1 - https:\/\/yoast.com\/wordpress\/plugins\/seo\/ -->\n<title>\u017doleli\u0173 ir vaisi\u0173 arbat\u0173 rinkinys &quot;Wild strawberry&quot; 20 vnt. Ahmad Tea 011 - Rutana - Ra\u0161tin\u0117s reikmenys<\/title>\n<meta name=\"robots\" content=\"index, follow, max-snippet:-1, max-image-preview:large, max-video-preview:-1\" \/>\n<link rel=\"canonical\" href=\"https:\/\/rutana.lt\/en\/product\/zoleliu-ir-vaisiu-arbatu-rinkinys-wild-strawberry-20-vnt-ahmad-tea-011\/\" \/>\n<meta property=\"og:locale\" content=\"en_US\" \/>\n<meta property=\"og:type\" content=\"article\" \/>\n<meta property=\"og:title\" content=\"\u017doleli\u0173 ir vaisi\u0173 arbat\u0173 rinkinys &quot;Wild strawberry&quot; 20 vnt. Ahmad Tea 011 - Rutana - Ra\u0161tin\u0117s reikmenys\" \/>\n<meta property=\"og:description\" content=\"Vasara \u2013 tai vienas dalykas, tai laukin\u0117s bra\u0161k\u0117s. Gaivinanti mi\u0161ko bra\u0161ki\u0173 arbata sukelia kar\u0161t\u0173 vasaros dien\u0173 prisiminimus.\" \/>\n<meta property=\"og:url\" content=\"https:\/\/rutana.lt\/en\/product\/zoleliu-ir-vaisiu-arbatu-rinkinys-wild-strawberry-20-vnt-ahmad-tea-011\/\" \/>\n<meta property=\"og:site_name\" content=\"Rutana - Ra\u0161tin\u0117s reikmenys\" \/>\n<meta property=\"article:publisher\" content=\"https:\/\/www.facebook.com\/RutanaKanceliarinesPrekes\/\" \/>\n<meta property=\"article:modified_time\" content=\"2025-12-21T11:15:51+00:00\" \/>\n<meta property=\"og:image\" content=\"https:\/\/rutana.lt\/wp-content\/uploads\/2025\/12\/B090-381.jpg\" \/>\n\t<meta property=\"og:image:width\" content=\"1200\" \/>\n\t<meta property=\"og:image:height\" content=\"1200\" \/>\n\t<meta property=\"og:image:type\" content=\"image\/jpeg\" \/>\n<meta name=\"twitter:card\" content=\"summary_large_image\" \/>\n<meta name=\"twitter:label1\" content=\"Est. reading time\" \/>\n\t<meta name=\"twitter:data1\" content=\"1 minute\" \/>\n<script type=\"application\/ld+json\" class=\"yoast-schema-graph\">{\"@context\":\"https:\/\/schema.org\",\"@graph\":[{\"@type\":\"WebPage\",\"@id\":\"https:\/\/rutana.lt\/produktas\/zoleliu-ir-vaisiu-arbatu-rinkinys-wild-strawberry-20-vnt-ahmad-tea-011\/\",\"url\":\"https:\/\/rutana.lt\/produktas\/zoleliu-ir-vaisiu-arbatu-rinkinys-wild-strawberry-20-vnt-ahmad-tea-011\/\",\"name\":\"\u017doleli\u0173 ir vaisi\u0173 arbat\u0173 rinkinys \\\"Wild strawberry\\\" 20 vnt. Ahmad Tea 011 - Rutana - Ra\u0161tin\u0117s reikmenys\",\"isPartOf\":{\"@id\":\"https:\/\/rutana.lt\/#website\"},\"primaryImageOfPage\":{\"@id\":\"https:\/\/rutana.lt\/produktas\/zoleliu-ir-vaisiu-arbatu-rinkinys-wild-strawberry-20-vnt-ahmad-tea-011\/#primaryimage\"},\"image\":{\"@id\":\"https:\/\/rutana.lt\/produktas\/zoleliu-ir-vaisiu-arbatu-rinkinys-wild-strawberry-20-vnt-ahmad-tea-011\/#primaryimage\"},\"thumbnailUrl\":\"https:\/\/rutana.lt\/wp-content\/uploads\/2025\/12\/B090-381.jpg\",\"datePublished\":\"2025-12-21T11:07:10+00:00\",\"dateModified\":\"2025-12-21T11:15:51+00:00\",\"breadcrumb\":{\"@id\":\"https:\/\/rutana.lt\/produktas\/zoleliu-ir-vaisiu-arbatu-rinkinys-wild-strawberry-20-vnt-ahmad-tea-011\/#breadcrumb\"},\"inLanguage\":\"en-US\",\"potentialAction\":[{\"@type\":\"ReadAction\",\"target\":[\"https:\/\/rutana.lt\/produktas\/zoleliu-ir-vaisiu-arbatu-rinkinys-wild-strawberry-20-vnt-ahmad-tea-011\/\"]}]},{\"@type\":\"ImageObject\",\"inLanguage\":\"en-US\",\"@id\":\"https:\/\/rutana.lt\/produktas\/zoleliu-ir-vaisiu-arbatu-rinkinys-wild-strawberry-20-vnt-ahmad-tea-011\/#primaryimage\",\"url\":\"https:\/\/rutana.lt\/wp-content\/uploads\/2025\/12\/B090-381.jpg\",\"contentUrl\":\"https:\/\/rutana.lt\/wp-content\/uploads\/2025\/12\/B090-381.jpg\",\"width\":1200,\"height\":1200},{\"@type\":\"BreadcrumbList\",\"@id\":\"https:\/\/rutana.lt\/produktas\/zoleliu-ir-vaisiu-arbatu-rinkinys-wild-strawberry-20-vnt-ahmad-tea-011\/#breadcrumb\",\"itemListElement\":[{\"@type\":\"ListItem\",\"position\":1,\"name\":\"Home\",\"item\":\"https:\/\/rutana.lt\/\"},{\"@type\":\"ListItem\",\"position\":2,\"name\":\"Parduotuv\u0117\",\"item\":\"https:\/\/rutana.lt\/parduotuve\/\"},{\"@type\":\"ListItem\",\"position\":3,\"name\":\"\u017doleli\u0173 ir vaisi\u0173 arbat\u0173 rinkinys &#8222;Wild strawberry&#8221; 20 vnt. Ahmad Tea 011\"}]},{\"@type\":\"WebSite\",\"@id\":\"https:\/\/rutana.lt\/#website\",\"url\":\"https:\/\/rutana.lt\/\",\"name\":\"Rutana - Ra\u0161tin\u0117s reikmenys\",\"description\":\"Prekiaujame pasaulin\u0117je rinkoje pripa\u017eintomis, kokybi\u0161komis biuro prek\u0117mis toki\u0173  gamintoj\u0173 kaip: Schneider, Esselte, Novus, 3M, Faber-Castell, Citizen, Milan, Leitz, Colop, Zebra, Staedtler, Durable, Tork, Parker, Waterman ir kt.\",\"publisher\":{\"@id\":\"https:\/\/rutana.lt\/#organization\"},\"potentialAction\":[{\"@type\":\"SearchAction\",\"target\":{\"@type\":\"EntryPoint\",\"urlTemplate\":\"https:\/\/rutana.lt\/?s={search_term_string}\"},\"query-input\":{\"@type\":\"PropertyValueSpecification\",\"valueRequired\":true,\"valueName\":\"search_term_string\"}}],\"inLanguage\":\"en-US\"},{\"@type\":\"Organization\",\"@id\":\"https:\/\/rutana.lt\/#organization\",\"name\":\"Rutana - Ra\u0161tin\u0117s reikmenys\",\"url\":\"https:\/\/rutana.lt\/\",\"logo\":{\"@type\":\"ImageObject\",\"inLanguage\":\"en-US\",\"@id\":\"https:\/\/rutana.lt\/#\/schema\/logo\/image\/\",\"url\":\"https:\/\/rutana.lt\/wp-content\/uploads\/2025\/10\/Asset-32.png\",\"contentUrl\":\"https:\/\/rutana.lt\/wp-content\/uploads\/2025\/10\/Asset-32.png\",\"width\":433,\"height\":119,\"caption\":\"Rutana - Ra\u0161tin\u0117s reikmenys\"},\"image\":{\"@id\":\"https:\/\/rutana.lt\/#\/schema\/logo\/image\/\"},\"sameAs\":[\"https:\/\/www.facebook.com\/RutanaKanceliarinesPrekes\/\"]}]}<\/script>\n<!-- \/ Yoast SEO plugin. -->","yoast_head_json":{"title":"\u017doleli\u0173 ir vaisi\u0173 arbat\u0173 rinkinys \"Wild strawberry\" 20 vnt. Ahmad Tea 011 - Rutana - Ra\u0161tin\u0117s reikmenys","robots":{"index":"index","follow":"follow","max-snippet":"max-snippet:-1","max-image-preview":"max-image-preview:large","max-video-preview":"max-video-preview:-1"},"canonical":"https:\/\/rutana.lt\/en\/product\/zoleliu-ir-vaisiu-arbatu-rinkinys-wild-strawberry-20-vnt-ahmad-tea-011\/","og_locale":"en_US","og_type":"article","og_title":"\u017doleli\u0173 ir vaisi\u0173 arbat\u0173 rinkinys \"Wild strawberry\" 20 vnt. Ahmad Tea 011 - Rutana - Ra\u0161tin\u0117s reikmenys","og_description":"Vasara \u2013 tai vienas dalykas, tai laukin\u0117s bra\u0161k\u0117s. Gaivinanti mi\u0161ko bra\u0161ki\u0173 arbata sukelia kar\u0161t\u0173 vasaros dien\u0173 prisiminimus.","og_url":"https:\/\/rutana.lt\/en\/product\/zoleliu-ir-vaisiu-arbatu-rinkinys-wild-strawberry-20-vnt-ahmad-tea-011\/","og_site_name":"Rutana - Ra\u0161tin\u0117s reikmenys","article_publisher":"https:\/\/www.facebook.com\/RutanaKanceliarinesPrekes\/","article_modified_time":"2025-12-21T11:15:51+00:00","og_image":[{"width":1200,"height":1200,"url":"https:\/\/rutana.lt\/wp-content\/uploads\/2025\/12\/B090-381.jpg","type":"image\/jpeg"}],"twitter_card":"summary_large_image","twitter_misc":{"Est. reading time":"1 minute"},"schema":{"@context":"https:\/\/schema.org","@graph":[{"@type":"WebPage","@id":"https:\/\/rutana.lt\/produktas\/zoleliu-ir-vaisiu-arbatu-rinkinys-wild-strawberry-20-vnt-ahmad-tea-011\/","url":"https:\/\/rutana.lt\/produktas\/zoleliu-ir-vaisiu-arbatu-rinkinys-wild-strawberry-20-vnt-ahmad-tea-011\/","name":"\u017doleli\u0173 ir vaisi\u0173 arbat\u0173 rinkinys \"Wild strawberry\" 20 vnt. Ahmad Tea 011 - Rutana - Ra\u0161tin\u0117s reikmenys","isPartOf":{"@id":"https:\/\/rutana.lt\/#website"},"primaryImageOfPage":{"@id":"https:\/\/rutana.lt\/produktas\/zoleliu-ir-vaisiu-arbatu-rinkinys-wild-strawberry-20-vnt-ahmad-tea-011\/#primaryimage"},"image":{"@id":"https:\/\/rutana.lt\/produktas\/zoleliu-ir-vaisiu-arbatu-rinkinys-wild-strawberry-20-vnt-ahmad-tea-011\/#primaryimage"},"thumbnailUrl":"https:\/\/rutana.lt\/wp-content\/uploads\/2025\/12\/B090-381.jpg","datePublished":"2025-12-21T11:07:10+00:00","dateModified":"2025-12-21T11:15:51+00:00","breadcrumb":{"@id":"https:\/\/rutana.lt\/produktas\/zoleliu-ir-vaisiu-arbatu-rinkinys-wild-strawberry-20-vnt-ahmad-tea-011\/#breadcrumb"},"inLanguage":"en-US","potentialAction":[{"@type":"ReadAction","target":["https:\/\/rutana.lt\/produktas\/zoleliu-ir-vaisiu-arbatu-rinkinys-wild-strawberry-20-vnt-ahmad-tea-011\/"]}]},{"@type":"ImageObject","inLanguage":"en-US","@id":"https:\/\/rutana.lt\/produktas\/zoleliu-ir-vaisiu-arbatu-rinkinys-wild-strawberry-20-vnt-ahmad-tea-011\/#primaryimage","url":"https:\/\/rutana.lt\/wp-content\/uploads\/2025\/12\/B090-381.jpg","contentUrl":"https:\/\/rutana.lt\/wp-content\/uploads\/2025\/12\/B090-381.jpg","width":1200,"height":1200},{"@type":"BreadcrumbList","@id":"https:\/\/rutana.lt\/produktas\/zoleliu-ir-vaisiu-arbatu-rinkinys-wild-strawberry-20-vnt-ahmad-tea-011\/#breadcrumb","itemListElement":[{"@type":"ListItem","position":1,"name":"Home","item":"https:\/\/rutana.lt\/"},{"@type":"ListItem","position":2,"name":"Parduotuv\u0117","item":"https:\/\/rutana.lt\/parduotuve\/"},{"@type":"ListItem","position":3,"name":"\u017doleli\u0173 ir vaisi\u0173 arbat\u0173 rinkinys &#8222;Wild strawberry&#8221; 20 vnt. Ahmad Tea 011"}]},{"@type":"WebSite","@id":"https:\/\/rutana.lt\/#website","url":"https:\/\/rutana.lt\/","name":"Rutana - Ra\u0161tin\u0117s reikmenys","description":"Prekiaujame pasaulin\u0117je rinkoje pripa\u017eintomis, kokybi\u0161komis biuro prek\u0117mis toki\u0173  gamintoj\u0173 kaip: Schneider, Esselte, Novus, 3M, Faber-Castell, Citizen, Milan, Leitz, Colop, Zebra, Staedtler, Durable, Tork, Parker, Waterman ir kt.","publisher":{"@id":"https:\/\/rutana.lt\/#organization"},"potentialAction":[{"@type":"SearchAction","target":{"@type":"EntryPoint","urlTemplate":"https:\/\/rutana.lt\/?s={search_term_string}"},"query-input":{"@type":"PropertyValueSpecification","valueRequired":true,"valueName":"search_term_string"}}],"inLanguage":"en-US"},{"@type":"Organization","@id":"https:\/\/rutana.lt\/#organization","name":"Rutana - Ra\u0161tin\u0117s reikmenys","url":"https:\/\/rutana.lt\/","logo":{"@type":"ImageObject","inLanguage":"en-US","@id":"https:\/\/rutana.lt\/#\/schema\/logo\/image\/","url":"https:\/\/rutana.lt\/wp-content\/uploads\/2025\/10\/Asset-32.png","contentUrl":"https:\/\/rutana.lt\/wp-content\/uploads\/2025\/10\/Asset-32.png","width":433,"height":119,"caption":"Rutana - Ra\u0161tin\u0117s reikmenys"},"image":{"@id":"https:\/\/rutana.lt\/#\/schema\/logo\/image\/"},"sameAs":["https:\/\/www.facebook.com\/RutanaKanceliarinesPrekes\/"]}]}},"_links":{"self":[{"href":"https:\/\/rutana.lt\/en\/wp-json\/wp\/v2\/product\/34194","targetHints":{"allow":["GET"]}}],"collection":[{"href":"https:\/\/rutana.lt\/en\/wp-json\/wp\/v2\/product"}],"about":[{"href":"https:\/\/rutana.lt\/en\/wp-json\/wp\/v2\/types\/product"}],"replies":[{"embeddable":true,"href":"https:\/\/rutana.lt\/en\/wp-json\/wp\/v2\/comments?post=34194"}],"version-history":[{"count":2,"href":"https:\/\/rutana.lt\/en\/wp-json\/wp\/v2\/product\/34194\/revisions"}],"predecessor-version":[{"id":34198,"href":"https:\/\/rutana.lt\/en\/wp-json\/wp\/v2\/product\/34194\/revisions\/34198"}],"wp:featuredmedia":[{"embeddable":true,"href":"https:\/\/rutana.lt\/en\/wp-json\/wp\/v2\/media\/34196"}],"wp:attachment":[{"href":"https:\/\/rutana.lt\/en\/wp-json\/wp\/v2\/media?parent=34194"}],"wp:term":[{"taxonomy":"product_brand","embeddable":true,"href":"https:\/\/rutana.lt\/en\/wp-json\/wp\/v2\/product_brand?post=34194"},{"taxonomy":"product_cat","embeddable":true,"href":"https:\/\/rutana.lt\/en\/wp-json\/wp\/v2\/product_cat?post=34194"},{"taxonomy":"product_tag","embeddable":true,"href":"https:\/\/rutana.lt\/en\/wp-json\/wp\/v2\/product_tag?post=34194"}],"curies":[{"name":"wp","href":"https:\/\/api.w.org\/{rel}","templated":true}]}}