{"id":34018,"date":"2025-12-08T22:59:39","date_gmt":"2025-12-08T20:59:39","guid":{"rendered":"https:\/\/rutana.lt\/?post_type=product&#038;p=34018"},"modified":"2025-12-08T23:09:31","modified_gmt":"2025-12-08T21:09:31","slug":"skystas-ranku-muilas-mild-liquid-s1-1000-ml-tork-420501","status":"publish","type":"product","link":"https:\/\/rutana.lt\/en\/product\/skystas-ranku-muilas-mild-liquid-s1-1000-ml-tork-420501\/","title":{"rendered":"Skystas rank\u0173 muilas Mild Liquid S1 1000 ml Tork 420501"},"content":{"rendered":"<p>U\u017etikrina normalios ir sausos odos prie\u017ei\u016br\u0105 kasdieniam rank\u0173 plovimui. \u201eTork\u201c \u0161velniai kvepiantis skystas muilas pasi\u017eymi gaiviu kvapu ir dr\u0117kinamosiomis bei atkuriamosiomis med\u017eiagomis, kad rankos b\u016bt\u0173 \u0161velniai plaunamos. Tinka \u201eTork\u201c skysto pur\u0161kiamojo muilo dozatoriams. Lengva naudoti ir u\u017etikrina ger\u0105 rank\u0173 higien\u0105 visiems naudotojams. 96 % ingredient\u0173 yra nat\u016bralios kilm\u0117s.<\/p>\n<p>Talpa: 1000 ml<\/p>\n<p>Muilo spalva: geltona<\/p>\n<p>Tork muilo sistema: S1<\/p>\n<p>Talpos matmenys: 240 x 92 x 92 mm ( auk\u0161tis x plotis x gylis )<\/p>\n<p>Svoris: 1.025 g<\/p>\n<p>Kilm\u0117s \u0161alis: \u0160vedija<\/p>","protected":false},"excerpt":{"rendered":"<p>\u201eTork\u201c \u0161velniai kvepiantis skystas muilas pasi\u017eymi gaiviu kvapu ir dr\u0117kinamosiomis bei atkuriamosiomis med\u017eiagomis.<\/p>","protected":false},"featured_media":34019,"comment_status":"open","ping_status":"closed","template":"","meta":{"_season_start":"","_season_end":"","_season_days":"","_season_months":"","_season_auto_visibility":"1"},"product_brand":[231],"product_cat":[1696],"product_tag":[],"class_list":{"0":"post-34018","1":"product","2":"type-product","3":"status-publish","4":"has-post-thumbnail","6":"product_brand-tork","7":"product_cat-muilas-ir-laikikliai","9":"first","10":"instock","11":"taxable","12":"shipping-taxable","13":"purchasable","14":"product-type-simple"},"yoast_head":"<!-- This site is optimized with the Yoast SEO plugin v26.1.1 - https:\/\/yoast.com\/wordpress\/plugins\/seo\/ -->\n<title>Skystas rank\u0173 muilas Mild Liquid S1 1000 ml Tork 420501 - Rutana - Ra\u0161tin\u0117s reikmenys<\/title>\n<meta name=\"robots\" content=\"index, follow, max-snippet:-1, max-image-preview:large, max-video-preview:-1\" \/>\n<link rel=\"canonical\" href=\"https:\/\/rutana.lt\/en\/product\/skystas-ranku-muilas-mild-liquid-s1-1000-ml-tork-420501\/\" \/>\n<meta property=\"og:locale\" content=\"en_US\" \/>\n<meta property=\"og:type\" content=\"article\" \/>\n<meta property=\"og:title\" content=\"Skystas rank\u0173 muilas Mild Liquid S1 1000 ml Tork 420501 - Rutana - Ra\u0161tin\u0117s reikmenys\" \/>\n<meta property=\"og:description\" content=\"\u201eTork\u201c \u0161velniai kvepiantis skystas muilas pasi\u017eymi gaiviu kvapu ir dr\u0117kinamosiomis bei atkuriamosiomis med\u017eiagomis.\" \/>\n<meta property=\"og:url\" content=\"https:\/\/rutana.lt\/en\/product\/skystas-ranku-muilas-mild-liquid-s1-1000-ml-tork-420501\/\" \/>\n<meta property=\"og:site_name\" content=\"Rutana - Ra\u0161tin\u0117s reikmenys\" \/>\n<meta property=\"article:publisher\" content=\"https:\/\/www.facebook.com\/RutanaKanceliarinesPrekes\/\" \/>\n<meta property=\"article:modified_time\" content=\"2025-12-08T21:09:31+00:00\" \/>\n<meta property=\"og:image\" content=\"https:\/\/rutana.lt\/wp-content\/uploads\/2025\/12\/B095-469.jpg\" \/>\n\t<meta property=\"og:image:width\" content=\"1200\" \/>\n\t<meta property=\"og:image:height\" content=\"1200\" \/>\n\t<meta property=\"og:image:type\" content=\"image\/jpeg\" \/>\n<meta name=\"twitter:card\" content=\"summary_large_image\" \/>\n<meta name=\"twitter:label1\" content=\"Est. reading time\" \/>\n\t<meta name=\"twitter:data1\" content=\"1 minute\" \/>\n<script type=\"application\/ld+json\" class=\"yoast-schema-graph\">{\"@context\":\"https:\/\/schema.org\",\"@graph\":[{\"@type\":\"WebPage\",\"@id\":\"https:\/\/rutana.lt\/produktas\/skystas-ranku-muilas-mild-liquid-s1-1000-ml-tork-420501\/\",\"url\":\"https:\/\/rutana.lt\/produktas\/skystas-ranku-muilas-mild-liquid-s1-1000-ml-tork-420501\/\",\"name\":\"Skystas rank\u0173 muilas Mild Liquid S1 1000 ml Tork 420501 - Rutana - Ra\u0161tin\u0117s reikmenys\",\"isPartOf\":{\"@id\":\"https:\/\/rutana.lt\/#website\"},\"primaryImageOfPage\":{\"@id\":\"https:\/\/rutana.lt\/produktas\/skystas-ranku-muilas-mild-liquid-s1-1000-ml-tork-420501\/#primaryimage\"},\"image\":{\"@id\":\"https:\/\/rutana.lt\/produktas\/skystas-ranku-muilas-mild-liquid-s1-1000-ml-tork-420501\/#primaryimage\"},\"thumbnailUrl\":\"https:\/\/rutana.lt\/wp-content\/uploads\/2025\/12\/B095-469.jpg\",\"datePublished\":\"2025-12-08T20:59:39+00:00\",\"dateModified\":\"2025-12-08T21:09:31+00:00\",\"breadcrumb\":{\"@id\":\"https:\/\/rutana.lt\/produktas\/skystas-ranku-muilas-mild-liquid-s1-1000-ml-tork-420501\/#breadcrumb\"},\"inLanguage\":\"en-US\",\"potentialAction\":[{\"@type\":\"ReadAction\",\"target\":[\"https:\/\/rutana.lt\/produktas\/skystas-ranku-muilas-mild-liquid-s1-1000-ml-tork-420501\/\"]}]},{\"@type\":\"ImageObject\",\"inLanguage\":\"en-US\",\"@id\":\"https:\/\/rutana.lt\/produktas\/skystas-ranku-muilas-mild-liquid-s1-1000-ml-tork-420501\/#primaryimage\",\"url\":\"https:\/\/rutana.lt\/wp-content\/uploads\/2025\/12\/B095-469.jpg\",\"contentUrl\":\"https:\/\/rutana.lt\/wp-content\/uploads\/2025\/12\/B095-469.jpg\",\"width\":1200,\"height\":1200},{\"@type\":\"BreadcrumbList\",\"@id\":\"https:\/\/rutana.lt\/produktas\/skystas-ranku-muilas-mild-liquid-s1-1000-ml-tork-420501\/#breadcrumb\",\"itemListElement\":[{\"@type\":\"ListItem\",\"position\":1,\"name\":\"Home\",\"item\":\"https:\/\/rutana.lt\/\"},{\"@type\":\"ListItem\",\"position\":2,\"name\":\"Parduotuv\u0117\",\"item\":\"https:\/\/rutana.lt\/parduotuve\/\"},{\"@type\":\"ListItem\",\"position\":3,\"name\":\"Skystas rank\u0173 muilas Mild Liquid S1 1000 ml Tork 420501\"}]},{\"@type\":\"WebSite\",\"@id\":\"https:\/\/rutana.lt\/#website\",\"url\":\"https:\/\/rutana.lt\/\",\"name\":\"Rutana - Ra\u0161tin\u0117s reikmenys\",\"description\":\"Prekiaujame pasaulin\u0117je rinkoje pripa\u017eintomis, kokybi\u0161komis biuro prek\u0117mis toki\u0173  gamintoj\u0173 kaip: Schneider, Esselte, Novus, 3M, Faber-Castell, Citizen, Milan, Leitz, Colop, Zebra, Staedtler, Durable, Tork, Parker, Waterman ir kt.\",\"publisher\":{\"@id\":\"https:\/\/rutana.lt\/#organization\"},\"potentialAction\":[{\"@type\":\"SearchAction\",\"target\":{\"@type\":\"EntryPoint\",\"urlTemplate\":\"https:\/\/rutana.lt\/?s={search_term_string}\"},\"query-input\":{\"@type\":\"PropertyValueSpecification\",\"valueRequired\":true,\"valueName\":\"search_term_string\"}}],\"inLanguage\":\"en-US\"},{\"@type\":\"Organization\",\"@id\":\"https:\/\/rutana.lt\/#organization\",\"name\":\"Rutana - Ra\u0161tin\u0117s reikmenys\",\"url\":\"https:\/\/rutana.lt\/\",\"logo\":{\"@type\":\"ImageObject\",\"inLanguage\":\"en-US\",\"@id\":\"https:\/\/rutana.lt\/#\/schema\/logo\/image\/\",\"url\":\"https:\/\/rutana.lt\/wp-content\/uploads\/2025\/10\/Asset-32.png\",\"contentUrl\":\"https:\/\/rutana.lt\/wp-content\/uploads\/2025\/10\/Asset-32.png\",\"width\":433,\"height\":119,\"caption\":\"Rutana - Ra\u0161tin\u0117s reikmenys\"},\"image\":{\"@id\":\"https:\/\/rutana.lt\/#\/schema\/logo\/image\/\"},\"sameAs\":[\"https:\/\/www.facebook.com\/RutanaKanceliarinesPrekes\/\"]}]}<\/script>\n<!-- \/ Yoast SEO plugin. -->","yoast_head_json":{"title":"Skystas rank\u0173 muilas Mild Liquid S1 1000 ml Tork 420501 - Rutana - Ra\u0161tin\u0117s reikmenys","robots":{"index":"index","follow":"follow","max-snippet":"max-snippet:-1","max-image-preview":"max-image-preview:large","max-video-preview":"max-video-preview:-1"},"canonical":"https:\/\/rutana.lt\/en\/product\/skystas-ranku-muilas-mild-liquid-s1-1000-ml-tork-420501\/","og_locale":"en_US","og_type":"article","og_title":"Skystas rank\u0173 muilas Mild Liquid S1 1000 ml Tork 420501 - Rutana - Ra\u0161tin\u0117s reikmenys","og_description":"\u201eTork\u201c \u0161velniai kvepiantis skystas muilas pasi\u017eymi gaiviu kvapu ir dr\u0117kinamosiomis bei atkuriamosiomis med\u017eiagomis.","og_url":"https:\/\/rutana.lt\/en\/product\/skystas-ranku-muilas-mild-liquid-s1-1000-ml-tork-420501\/","og_site_name":"Rutana - Ra\u0161tin\u0117s reikmenys","article_publisher":"https:\/\/www.facebook.com\/RutanaKanceliarinesPrekes\/","article_modified_time":"2025-12-08T21:09:31+00:00","og_image":[{"width":1200,"height":1200,"url":"https:\/\/rutana.lt\/wp-content\/uploads\/2025\/12\/B095-469.jpg","type":"image\/jpeg"}],"twitter_card":"summary_large_image","twitter_misc":{"Est. reading time":"1 minute"},"schema":{"@context":"https:\/\/schema.org","@graph":[{"@type":"WebPage","@id":"https:\/\/rutana.lt\/produktas\/skystas-ranku-muilas-mild-liquid-s1-1000-ml-tork-420501\/","url":"https:\/\/rutana.lt\/produktas\/skystas-ranku-muilas-mild-liquid-s1-1000-ml-tork-420501\/","name":"Skystas rank\u0173 muilas Mild Liquid S1 1000 ml Tork 420501 - Rutana - Ra\u0161tin\u0117s reikmenys","isPartOf":{"@id":"https:\/\/rutana.lt\/#website"},"primaryImageOfPage":{"@id":"https:\/\/rutana.lt\/produktas\/skystas-ranku-muilas-mild-liquid-s1-1000-ml-tork-420501\/#primaryimage"},"image":{"@id":"https:\/\/rutana.lt\/produktas\/skystas-ranku-muilas-mild-liquid-s1-1000-ml-tork-420501\/#primaryimage"},"thumbnailUrl":"https:\/\/rutana.lt\/wp-content\/uploads\/2025\/12\/B095-469.jpg","datePublished":"2025-12-08T20:59:39+00:00","dateModified":"2025-12-08T21:09:31+00:00","breadcrumb":{"@id":"https:\/\/rutana.lt\/produktas\/skystas-ranku-muilas-mild-liquid-s1-1000-ml-tork-420501\/#breadcrumb"},"inLanguage":"en-US","potentialAction":[{"@type":"ReadAction","target":["https:\/\/rutana.lt\/produktas\/skystas-ranku-muilas-mild-liquid-s1-1000-ml-tork-420501\/"]}]},{"@type":"ImageObject","inLanguage":"en-US","@id":"https:\/\/rutana.lt\/produktas\/skystas-ranku-muilas-mild-liquid-s1-1000-ml-tork-420501\/#primaryimage","url":"https:\/\/rutana.lt\/wp-content\/uploads\/2025\/12\/B095-469.jpg","contentUrl":"https:\/\/rutana.lt\/wp-content\/uploads\/2025\/12\/B095-469.jpg","width":1200,"height":1200},{"@type":"BreadcrumbList","@id":"https:\/\/rutana.lt\/produktas\/skystas-ranku-muilas-mild-liquid-s1-1000-ml-tork-420501\/#breadcrumb","itemListElement":[{"@type":"ListItem","position":1,"name":"Home","item":"https:\/\/rutana.lt\/"},{"@type":"ListItem","position":2,"name":"Parduotuv\u0117","item":"https:\/\/rutana.lt\/parduotuve\/"},{"@type":"ListItem","position":3,"name":"Skystas rank\u0173 muilas Mild Liquid S1 1000 ml Tork 420501"}]},{"@type":"WebSite","@id":"https:\/\/rutana.lt\/#website","url":"https:\/\/rutana.lt\/","name":"Rutana - Ra\u0161tin\u0117s reikmenys","description":"Prekiaujame pasaulin\u0117je rinkoje pripa\u017eintomis, kokybi\u0161komis biuro prek\u0117mis toki\u0173  gamintoj\u0173 kaip: Schneider, Esselte, Novus, 3M, Faber-Castell, Citizen, Milan, Leitz, Colop, Zebra, Staedtler, Durable, Tork, Parker, Waterman ir kt.","publisher":{"@id":"https:\/\/rutana.lt\/#organization"},"potentialAction":[{"@type":"SearchAction","target":{"@type":"EntryPoint","urlTemplate":"https:\/\/rutana.lt\/?s={search_term_string}"},"query-input":{"@type":"PropertyValueSpecification","valueRequired":true,"valueName":"search_term_string"}}],"inLanguage":"en-US"},{"@type":"Organization","@id":"https:\/\/rutana.lt\/#organization","name":"Rutana - Ra\u0161tin\u0117s reikmenys","url":"https:\/\/rutana.lt\/","logo":{"@type":"ImageObject","inLanguage":"en-US","@id":"https:\/\/rutana.lt\/#\/schema\/logo\/image\/","url":"https:\/\/rutana.lt\/wp-content\/uploads\/2025\/10\/Asset-32.png","contentUrl":"https:\/\/rutana.lt\/wp-content\/uploads\/2025\/10\/Asset-32.png","width":433,"height":119,"caption":"Rutana - Ra\u0161tin\u0117s reikmenys"},"image":{"@id":"https:\/\/rutana.lt\/#\/schema\/logo\/image\/"},"sameAs":["https:\/\/www.facebook.com\/RutanaKanceliarinesPrekes\/"]}]}},"_links":{"self":[{"href":"https:\/\/rutana.lt\/en\/wp-json\/wp\/v2\/product\/34018","targetHints":{"allow":["GET"]}}],"collection":[{"href":"https:\/\/rutana.lt\/en\/wp-json\/wp\/v2\/product"}],"about":[{"href":"https:\/\/rutana.lt\/en\/wp-json\/wp\/v2\/types\/product"}],"replies":[{"embeddable":true,"href":"https:\/\/rutana.lt\/en\/wp-json\/wp\/v2\/comments?post=34018"}],"version-history":[{"count":2,"href":"https:\/\/rutana.lt\/en\/wp-json\/wp\/v2\/product\/34018\/revisions"}],"predecessor-version":[{"id":34022,"href":"https:\/\/rutana.lt\/en\/wp-json\/wp\/v2\/product\/34018\/revisions\/34022"}],"wp:featuredmedia":[{"embeddable":true,"href":"https:\/\/rutana.lt\/en\/wp-json\/wp\/v2\/media\/34019"}],"wp:attachment":[{"href":"https:\/\/rutana.lt\/en\/wp-json\/wp\/v2\/media?parent=34018"}],"wp:term":[{"taxonomy":"product_brand","embeddable":true,"href":"https:\/\/rutana.lt\/en\/wp-json\/wp\/v2\/product_brand?post=34018"},{"taxonomy":"product_cat","embeddable":true,"href":"https:\/\/rutana.lt\/en\/wp-json\/wp\/v2\/product_cat?post=34018"},{"taxonomy":"product_tag","embeddable":true,"href":"https:\/\/rutana.lt\/en\/wp-json\/wp\/v2\/product_tag?post=34018"}],"curies":[{"name":"wp","href":"https:\/\/api.w.org\/{rel}","templated":true}]}}