{"id":33901,"date":"2025-12-02T21:23:43","date_gmt":"2025-12-02T19:23:43","guid":{"rendered":"https:\/\/rutana.lt\/?post_type=product&#038;p=33901"},"modified":"2025-12-02T21:27:36","modified_gmt":"2025-12-02T19:27:36","slug":"zirkles-titanines-gr-9825-21-cm-grand-130-1861","status":"publish","type":"product","link":"https:\/\/rutana.lt\/en\/product\/zirkles-titanines-gr-9825-21-cm-grand-130-1861\/","title":{"rendered":"\u017dirkl\u0117s titanin\u0117s GR-9825 21 cm Grand 130-1861"},"content":{"rendered":"<p>Unikal\u016bs, viduje \u012fgaubti 3D a\u0161menys suma\u017eina s\u0105ly\u010dio plot\u0105 pjovimo metu. \u017dymiai a\u0161tresn\u0117s nei tradicin\u0117s \u017eirkl\u0117s: suma\u017einta trintis tarp a\u0161men\u0173 palengvina kirpim\u0105. Paprasti, tiksl\u016bs kirpimai be ply\u0161usi\u0173 kra\u0161t\u0173. A\u0161men\u0173 pavir\u0161ius atsparus klijams ir dvipusei lipniai juostai. Taip pat idealiai tinka audini\u0173, nuotrauk\u0173 ir vis\u0173 r\u016b\u0161i\u0173 popieriaus kirpimui. Gr\u016bdinti a\u0161menys su termi\u0161kai apdorota titano danga. Apval\u016bs a\u0161men\u0173 galiukai.<\/p>\n<p>\u017dirkli\u0173 ilgis: 21 cm<\/p>\n<p>Spalva: juoda<\/p>\n<p>Kilm\u0117s \u0161alis: Lenkija<\/p>\n<p>&nbsp;<\/p>","protected":false},"excerpt":{"rendered":"<p>Unikal\u016bs, viduje \u012fgaubti 3D a\u0161menys suma\u017eina s\u0105ly\u010dio plot\u0105 pjovimo metu. \u017dymiai a\u0161tresn\u0117s nei tradicin\u0117s \u017eirkl\u0117s.<\/p>","protected":false},"featured_media":33902,"comment_status":"open","ping_status":"closed","template":"","meta":{"_season_start":"","_season_end":"","_season_days":"","_season_months":"","_season_auto_visibility":"1"},"product_brand":[579],"product_cat":[1591],"product_tag":[],"class_list":{"0":"post-33901","1":"product","2":"type-product","3":"status-publish","4":"has-post-thumbnail","6":"product_brand-grand","7":"product_cat-zirkles-ir-kanceliariniai-peiliai","9":"first","10":"instock","11":"taxable","12":"shipping-taxable","13":"purchasable","14":"product-type-simple"},"yoast_head":"<!-- This site is optimized with the Yoast SEO plugin v26.1.1 - https:\/\/yoast.com\/wordpress\/plugins\/seo\/ -->\n<title>\u017dirkl\u0117s titanin\u0117s GR-9825 21 cm Grand 130-1861 - Rutana - Ra\u0161tin\u0117s reikmenys<\/title>\n<meta name=\"robots\" content=\"index, follow, max-snippet:-1, max-image-preview:large, max-video-preview:-1\" \/>\n<link rel=\"canonical\" href=\"https:\/\/rutana.lt\/en\/product\/zirkles-titanines-gr-9825-21-cm-grand-130-1861\/\" \/>\n<meta property=\"og:locale\" content=\"en_US\" \/>\n<meta property=\"og:type\" content=\"article\" \/>\n<meta property=\"og:title\" content=\"\u017dirkl\u0117s titanin\u0117s GR-9825 21 cm Grand 130-1861 - Rutana - Ra\u0161tin\u0117s reikmenys\" \/>\n<meta property=\"og:description\" content=\"Unikal\u016bs, viduje \u012fgaubti 3D a\u0161menys suma\u017eina s\u0105ly\u010dio plot\u0105 pjovimo metu. \u017dymiai a\u0161tresn\u0117s nei tradicin\u0117s \u017eirkl\u0117s.\" \/>\n<meta property=\"og:url\" content=\"https:\/\/rutana.lt\/en\/product\/zirkles-titanines-gr-9825-21-cm-grand-130-1861\/\" \/>\n<meta property=\"og:site_name\" content=\"Rutana - Ra\u0161tin\u0117s reikmenys\" \/>\n<meta property=\"article:publisher\" content=\"https:\/\/www.facebook.com\/RutanaKanceliarinesPrekes\/\" \/>\n<meta property=\"article:modified_time\" content=\"2025-12-02T19:27:36+00:00\" \/>\n<meta property=\"og:image\" content=\"https:\/\/rutana.lt\/wp-content\/uploads\/2025\/12\/B015-325.jpg\" \/>\n\t<meta property=\"og:image:width\" content=\"1200\" \/>\n\t<meta property=\"og:image:height\" content=\"1200\" \/>\n\t<meta property=\"og:image:type\" content=\"image\/jpeg\" \/>\n<meta name=\"twitter:card\" content=\"summary_large_image\" \/>\n<meta name=\"twitter:label1\" content=\"Est. reading time\" \/>\n\t<meta name=\"twitter:data1\" content=\"1 minute\" \/>\n<script type=\"application\/ld+json\" class=\"yoast-schema-graph\">{\"@context\":\"https:\/\/schema.org\",\"@graph\":[{\"@type\":\"WebPage\",\"@id\":\"https:\/\/rutana.lt\/produktas\/zirkles-titanines-gr-9825-21-cm-grand-130-1861\/\",\"url\":\"https:\/\/rutana.lt\/produktas\/zirkles-titanines-gr-9825-21-cm-grand-130-1861\/\",\"name\":\"\u017dirkl\u0117s titanin\u0117s GR-9825 21 cm Grand 130-1861 - Rutana - Ra\u0161tin\u0117s reikmenys\",\"isPartOf\":{\"@id\":\"https:\/\/rutana.lt\/#website\"},\"primaryImageOfPage\":{\"@id\":\"https:\/\/rutana.lt\/produktas\/zirkles-titanines-gr-9825-21-cm-grand-130-1861\/#primaryimage\"},\"image\":{\"@id\":\"https:\/\/rutana.lt\/produktas\/zirkles-titanines-gr-9825-21-cm-grand-130-1861\/#primaryimage\"},\"thumbnailUrl\":\"https:\/\/rutana.lt\/wp-content\/uploads\/2025\/12\/B015-325.jpg\",\"datePublished\":\"2025-12-02T19:23:43+00:00\",\"dateModified\":\"2025-12-02T19:27:36+00:00\",\"breadcrumb\":{\"@id\":\"https:\/\/rutana.lt\/produktas\/zirkles-titanines-gr-9825-21-cm-grand-130-1861\/#breadcrumb\"},\"inLanguage\":\"en-US\",\"potentialAction\":[{\"@type\":\"ReadAction\",\"target\":[\"https:\/\/rutana.lt\/produktas\/zirkles-titanines-gr-9825-21-cm-grand-130-1861\/\"]}]},{\"@type\":\"ImageObject\",\"inLanguage\":\"en-US\",\"@id\":\"https:\/\/rutana.lt\/produktas\/zirkles-titanines-gr-9825-21-cm-grand-130-1861\/#primaryimage\",\"url\":\"https:\/\/rutana.lt\/wp-content\/uploads\/2025\/12\/B015-325.jpg\",\"contentUrl\":\"https:\/\/rutana.lt\/wp-content\/uploads\/2025\/12\/B015-325.jpg\",\"width\":1200,\"height\":1200},{\"@type\":\"BreadcrumbList\",\"@id\":\"https:\/\/rutana.lt\/produktas\/zirkles-titanines-gr-9825-21-cm-grand-130-1861\/#breadcrumb\",\"itemListElement\":[{\"@type\":\"ListItem\",\"position\":1,\"name\":\"Home\",\"item\":\"https:\/\/rutana.lt\/\"},{\"@type\":\"ListItem\",\"position\":2,\"name\":\"Parduotuv\u0117\",\"item\":\"https:\/\/rutana.lt\/parduotuve\/\"},{\"@type\":\"ListItem\",\"position\":3,\"name\":\"\u017dirkl\u0117s titanin\u0117s GR-9825 21 cm Grand 130-1861\"}]},{\"@type\":\"WebSite\",\"@id\":\"https:\/\/rutana.lt\/#website\",\"url\":\"https:\/\/rutana.lt\/\",\"name\":\"Rutana - Ra\u0161tin\u0117s reikmenys\",\"description\":\"Prekiaujame pasaulin\u0117je rinkoje pripa\u017eintomis, kokybi\u0161komis biuro prek\u0117mis toki\u0173  gamintoj\u0173 kaip: Schneider, Esselte, Novus, 3M, Faber-Castell, Citizen, Milan, Leitz, Colop, Zebra, Staedtler, Durable, Tork, Parker, Waterman ir kt.\",\"publisher\":{\"@id\":\"https:\/\/rutana.lt\/#organization\"},\"potentialAction\":[{\"@type\":\"SearchAction\",\"target\":{\"@type\":\"EntryPoint\",\"urlTemplate\":\"https:\/\/rutana.lt\/?s={search_term_string}\"},\"query-input\":{\"@type\":\"PropertyValueSpecification\",\"valueRequired\":true,\"valueName\":\"search_term_string\"}}],\"inLanguage\":\"en-US\"},{\"@type\":\"Organization\",\"@id\":\"https:\/\/rutana.lt\/#organization\",\"name\":\"Rutana - Ra\u0161tin\u0117s reikmenys\",\"url\":\"https:\/\/rutana.lt\/\",\"logo\":{\"@type\":\"ImageObject\",\"inLanguage\":\"en-US\",\"@id\":\"https:\/\/rutana.lt\/#\/schema\/logo\/image\/\",\"url\":\"https:\/\/rutana.lt\/wp-content\/uploads\/2025\/10\/Asset-32.png\",\"contentUrl\":\"https:\/\/rutana.lt\/wp-content\/uploads\/2025\/10\/Asset-32.png\",\"width\":433,\"height\":119,\"caption\":\"Rutana - Ra\u0161tin\u0117s reikmenys\"},\"image\":{\"@id\":\"https:\/\/rutana.lt\/#\/schema\/logo\/image\/\"},\"sameAs\":[\"https:\/\/www.facebook.com\/RutanaKanceliarinesPrekes\/\"]}]}<\/script>\n<!-- \/ Yoast SEO plugin. -->","yoast_head_json":{"title":"\u017dirkl\u0117s titanin\u0117s GR-9825 21 cm Grand 130-1861 - Rutana - Ra\u0161tin\u0117s reikmenys","robots":{"index":"index","follow":"follow","max-snippet":"max-snippet:-1","max-image-preview":"max-image-preview:large","max-video-preview":"max-video-preview:-1"},"canonical":"https:\/\/rutana.lt\/en\/product\/zirkles-titanines-gr-9825-21-cm-grand-130-1861\/","og_locale":"en_US","og_type":"article","og_title":"\u017dirkl\u0117s titanin\u0117s GR-9825 21 cm Grand 130-1861 - Rutana - Ra\u0161tin\u0117s reikmenys","og_description":"Unikal\u016bs, viduje \u012fgaubti 3D a\u0161menys suma\u017eina s\u0105ly\u010dio plot\u0105 pjovimo metu. \u017dymiai a\u0161tresn\u0117s nei tradicin\u0117s \u017eirkl\u0117s.","og_url":"https:\/\/rutana.lt\/en\/product\/zirkles-titanines-gr-9825-21-cm-grand-130-1861\/","og_site_name":"Rutana - Ra\u0161tin\u0117s reikmenys","article_publisher":"https:\/\/www.facebook.com\/RutanaKanceliarinesPrekes\/","article_modified_time":"2025-12-02T19:27:36+00:00","og_image":[{"width":1200,"height":1200,"url":"https:\/\/rutana.lt\/wp-content\/uploads\/2025\/12\/B015-325.jpg","type":"image\/jpeg"}],"twitter_card":"summary_large_image","twitter_misc":{"Est. reading time":"1 minute"},"schema":{"@context":"https:\/\/schema.org","@graph":[{"@type":"WebPage","@id":"https:\/\/rutana.lt\/produktas\/zirkles-titanines-gr-9825-21-cm-grand-130-1861\/","url":"https:\/\/rutana.lt\/produktas\/zirkles-titanines-gr-9825-21-cm-grand-130-1861\/","name":"\u017dirkl\u0117s titanin\u0117s GR-9825 21 cm Grand 130-1861 - Rutana - Ra\u0161tin\u0117s reikmenys","isPartOf":{"@id":"https:\/\/rutana.lt\/#website"},"primaryImageOfPage":{"@id":"https:\/\/rutana.lt\/produktas\/zirkles-titanines-gr-9825-21-cm-grand-130-1861\/#primaryimage"},"image":{"@id":"https:\/\/rutana.lt\/produktas\/zirkles-titanines-gr-9825-21-cm-grand-130-1861\/#primaryimage"},"thumbnailUrl":"https:\/\/rutana.lt\/wp-content\/uploads\/2025\/12\/B015-325.jpg","datePublished":"2025-12-02T19:23:43+00:00","dateModified":"2025-12-02T19:27:36+00:00","breadcrumb":{"@id":"https:\/\/rutana.lt\/produktas\/zirkles-titanines-gr-9825-21-cm-grand-130-1861\/#breadcrumb"},"inLanguage":"en-US","potentialAction":[{"@type":"ReadAction","target":["https:\/\/rutana.lt\/produktas\/zirkles-titanines-gr-9825-21-cm-grand-130-1861\/"]}]},{"@type":"ImageObject","inLanguage":"en-US","@id":"https:\/\/rutana.lt\/produktas\/zirkles-titanines-gr-9825-21-cm-grand-130-1861\/#primaryimage","url":"https:\/\/rutana.lt\/wp-content\/uploads\/2025\/12\/B015-325.jpg","contentUrl":"https:\/\/rutana.lt\/wp-content\/uploads\/2025\/12\/B015-325.jpg","width":1200,"height":1200},{"@type":"BreadcrumbList","@id":"https:\/\/rutana.lt\/produktas\/zirkles-titanines-gr-9825-21-cm-grand-130-1861\/#breadcrumb","itemListElement":[{"@type":"ListItem","position":1,"name":"Home","item":"https:\/\/rutana.lt\/"},{"@type":"ListItem","position":2,"name":"Parduotuv\u0117","item":"https:\/\/rutana.lt\/parduotuve\/"},{"@type":"ListItem","position":3,"name":"\u017dirkl\u0117s titanin\u0117s GR-9825 21 cm Grand 130-1861"}]},{"@type":"WebSite","@id":"https:\/\/rutana.lt\/#website","url":"https:\/\/rutana.lt\/","name":"Rutana - Ra\u0161tin\u0117s reikmenys","description":"Prekiaujame pasaulin\u0117je rinkoje pripa\u017eintomis, kokybi\u0161komis biuro prek\u0117mis toki\u0173  gamintoj\u0173 kaip: Schneider, Esselte, Novus, 3M, Faber-Castell, Citizen, Milan, Leitz, Colop, Zebra, Staedtler, Durable, Tork, Parker, Waterman ir kt.","publisher":{"@id":"https:\/\/rutana.lt\/#organization"},"potentialAction":[{"@type":"SearchAction","target":{"@type":"EntryPoint","urlTemplate":"https:\/\/rutana.lt\/?s={search_term_string}"},"query-input":{"@type":"PropertyValueSpecification","valueRequired":true,"valueName":"search_term_string"}}],"inLanguage":"en-US"},{"@type":"Organization","@id":"https:\/\/rutana.lt\/#organization","name":"Rutana - Ra\u0161tin\u0117s reikmenys","url":"https:\/\/rutana.lt\/","logo":{"@type":"ImageObject","inLanguage":"en-US","@id":"https:\/\/rutana.lt\/#\/schema\/logo\/image\/","url":"https:\/\/rutana.lt\/wp-content\/uploads\/2025\/10\/Asset-32.png","contentUrl":"https:\/\/rutana.lt\/wp-content\/uploads\/2025\/10\/Asset-32.png","width":433,"height":119,"caption":"Rutana - Ra\u0161tin\u0117s reikmenys"},"image":{"@id":"https:\/\/rutana.lt\/#\/schema\/logo\/image\/"},"sameAs":["https:\/\/www.facebook.com\/RutanaKanceliarinesPrekes\/"]}]}},"_links":{"self":[{"href":"https:\/\/rutana.lt\/en\/wp-json\/wp\/v2\/product\/33901","targetHints":{"allow":["GET"]}}],"collection":[{"href":"https:\/\/rutana.lt\/en\/wp-json\/wp\/v2\/product"}],"about":[{"href":"https:\/\/rutana.lt\/en\/wp-json\/wp\/v2\/types\/product"}],"replies":[{"embeddable":true,"href":"https:\/\/rutana.lt\/en\/wp-json\/wp\/v2\/comments?post=33901"}],"version-history":[{"count":2,"href":"https:\/\/rutana.lt\/en\/wp-json\/wp\/v2\/product\/33901\/revisions"}],"predecessor-version":[{"id":33905,"href":"https:\/\/rutana.lt\/en\/wp-json\/wp\/v2\/product\/33901\/revisions\/33905"}],"wp:featuredmedia":[{"embeddable":true,"href":"https:\/\/rutana.lt\/en\/wp-json\/wp\/v2\/media\/33902"}],"wp:attachment":[{"href":"https:\/\/rutana.lt\/en\/wp-json\/wp\/v2\/media?parent=33901"}],"wp:term":[{"taxonomy":"product_brand","embeddable":true,"href":"https:\/\/rutana.lt\/en\/wp-json\/wp\/v2\/product_brand?post=33901"},{"taxonomy":"product_cat","embeddable":true,"href":"https:\/\/rutana.lt\/en\/wp-json\/wp\/v2\/product_cat?post=33901"},{"taxonomy":"product_tag","embeddable":true,"href":"https:\/\/rutana.lt\/en\/wp-json\/wp\/v2\/product_tag?post=33901"}],"curies":[{"name":"wp","href":"https:\/\/api.w.org\/{rel}","templated":true}]}}