{"id":33857,"date":"2025-11-23T23:54:11","date_gmt":"2025-11-23T21:54:11","guid":{"rendered":"https:\/\/rutana.lt\/?post_type=product&#038;p=33857"},"modified":"2026-02-16T22:21:58","modified_gmt":"2026-02-16T20:21:58","slug":"darbo-knyga-visatos-ziedai-a5-2026m-odiniu-minkstu-virseliu-cloudline","status":"publish","type":"product","link":"https:\/\/rutana.lt\/en\/product\/darbo-knyga-visatos-ziedai-a5-2026m-odiniu-minkstu-virseliu-cloudline\/","title":{"rendered":"Darbo knyga &#8222;Visatos \u017eiedai&#8221; A5 2026m. odiniu mink\u0161tu vir\u0161eliu Cloudline"},"content":{"rendered":"<div class=\"Product_description_container\">\n<div class=\"Product_description_content\">\n<div class=\"Product_description_container\">\n<div class=\"Product_description_content\">\n<p>Kaip visata pilna \u017evaig\u017ed\u017ei\u0173, taip ir \u0161i knyga pilna galimybi\u0173 \u017eyd\u0117ti.<\/p>\n<p>Bij\u016bn\u0173 pilnatv\u0117 ir klest\u0117jimas \u010dia primena: kiekviena diena \u2014 tai tavo visatos \u017eiedas. Pasodink mint\u012f, laistyk svajon\u0117mis, ir steb\u0117k, kaip \u017eydi tavo pasaulis. Tu esi savo visatos sodinink\u0117. Tegul tavo dienos pra\u017eysta ry\u0161kiausiais \u017eiedais, vedan\u010diais \u012f s\u0117km\u0119.<\/p>\n<\/div>\n<\/div>\n<\/div>\n<\/div>\n<p style=\"margin-bottom: 10px;\">Darbo knyga 2026 metams, skirta kasdienini\u0173 darb\u0173 planavimams ir \u012fvairiems u\u017era\u0161ams pasi\u017eym\u0117ti.<\/p>\n<p style=\"margin-bottom: 10px;\">Vir\u0161elis: apsi\u016btas, mink\u0161tas i\u0161 eko odos, metai i\u0161 aukso spalvos folijos, i\u0161skirtiniu dizaino motyvu<\/p>\n<p style=\"margin-bottom: 10px;\">Gumel\u0117 saugiam darbo knygos u\u017edarymui<\/p>\n<p style=\"margin-bottom: 10px;\">Atvartas: viena diena viename puslapyje ( savaitgaliai dalijami vertikaliai ).\u00a0Su\u017eym\u0117tos valandos leid\u017eia detaliai suplanuoti dien\u0105, u\u017esira\u0161yti susitikimus ar vizitus.<\/p>\n<p style=\"margin-bottom: 10px;\">Spalvoti kra\u0161tai, suteikiantys i\u0161skirtinumo<\/p>\n<p style=\"margin-bottom: 10px;\">Kalendoriaus dydis: A5 ( 150 x 215 mm )<\/p>\n<p style=\"margin-bottom: 10px;\">Puslapi\u0173 skai\u010dius: 356<\/p>\n<p style=\"margin-bottom: 10px;\">Kalba: lietuvi\u0173, angl\u0173<\/p>\n<p style=\"margin-bottom: 10px;\">Susegimas: si\u016btas<\/p>\n<p style=\"margin-bottom: 10px;\">Limituota kolekcija.<\/p>\n<p style=\"margin-bottom: 10px;\">Pagaminta Lietuvoje.<\/p>","protected":false},"excerpt":{"rendered":"<p>Darbo knyga 2026 metams, skirta kasdienini\u0173 darb\u0173 planavimams ir \u012fvairiems u\u017era\u0161ams pasi\u017eym\u0117ti.<\/p>","protected":false},"featured_media":33858,"comment_status":"open","ping_status":"closed","template":"","meta":{"_season_start":"","_season_end":"","_season_days":"","_season_months":"","_season_auto_visibility":"1"},"product_brand":[1913],"product_cat":[1813],"product_tag":[],"class_list":{"0":"post-33857","1":"product","2":"type-product","3":"status-publish","4":"has-post-thumbnail","6":"product_brand-cloudline","7":"product_cat-darbo-knygos","9":"first","10":"instock","11":"sale","12":"taxable","13":"shipping-taxable","14":"purchasable","15":"product-type-simple"},"yoast_head":"<!-- This site is optimized with the Yoast SEO plugin v27.4 - https:\/\/yoast.com\/product\/yoast-seo-wordpress\/ -->\n<title>Darbo knyga &quot;Visatos \u017eiedai&quot; A5 2026m. odiniu mink\u0161tu vir\u0161eliu Cloudline - Rutana - Ra\u0161tin\u0117s reikmenys<\/title>\n<meta name=\"robots\" content=\"index, follow, max-snippet:-1, max-image-preview:large, max-video-preview:-1\" \/>\n<link rel=\"canonical\" href=\"https:\/\/rutana.lt\/en\/product\/darbo-knyga-visatos-ziedai-a5-2026m-odiniu-minkstu-virseliu-cloudline\/\" \/>\n<meta property=\"og:locale\" content=\"en_US\" \/>\n<meta property=\"og:type\" content=\"article\" \/>\n<meta property=\"og:title\" content=\"Darbo knyga &quot;Visatos \u017eiedai&quot; A5 2026m. odiniu mink\u0161tu vir\u0161eliu Cloudline - Rutana - Ra\u0161tin\u0117s reikmenys\" \/>\n<meta property=\"og:description\" content=\"Darbo knyga 2026 metams, skirta kasdienini\u0173 darb\u0173 planavimams ir \u012fvairiems u\u017era\u0161ams pasi\u017eym\u0117ti.\" \/>\n<meta property=\"og:url\" content=\"https:\/\/rutana.lt\/en\/product\/darbo-knyga-visatos-ziedai-a5-2026m-odiniu-minkstu-virseliu-cloudline\/\" \/>\n<meta property=\"og:site_name\" content=\"Rutana - Ra\u0161tin\u0117s reikmenys\" \/>\n<meta property=\"article:publisher\" content=\"https:\/\/www.facebook.com\/RutanaKanceliarinesPrekes\/\" \/>\n<meta property=\"article:modified_time\" content=\"2026-02-16T20:21:58+00:00\" \/>\n<meta property=\"og:image\" content=\"https:\/\/rutana.lt\/wp-content\/uploads\/2025\/11\/A122-889.jpg\" \/>\n\t<meta property=\"og:image:width\" content=\"1200\" \/>\n\t<meta property=\"og:image:height\" content=\"1200\" \/>\n\t<meta property=\"og:image:type\" content=\"image\/jpeg\" \/>\n<meta name=\"twitter:card\" content=\"summary_large_image\" \/>\n<meta name=\"twitter:label1\" content=\"Est. reading time\" \/>\n\t<meta name=\"twitter:data1\" content=\"1 minute\" \/>\n<script type=\"application\/ld+json\" class=\"yoast-schema-graph\">{\"@context\":\"https:\\\/\\\/schema.org\",\"@graph\":[{\"@type\":\"WebPage\",\"@id\":\"https:\\\/\\\/rutana.lt\\\/produktas\\\/darbo-knyga-visatos-ziedai-a5-2026m-odiniu-minkstu-virseliu-cloudline\\\/\",\"url\":\"https:\\\/\\\/rutana.lt\\\/produktas\\\/darbo-knyga-visatos-ziedai-a5-2026m-odiniu-minkstu-virseliu-cloudline\\\/\",\"name\":\"Darbo knyga \\\"Visatos \u017eiedai\\\" A5 2026m. odiniu mink\u0161tu vir\u0161eliu Cloudline - Rutana - Ra\u0161tin\u0117s reikmenys\",\"isPartOf\":{\"@id\":\"https:\\\/\\\/rutana.lt\\\/#website\"},\"primaryImageOfPage\":{\"@id\":\"https:\\\/\\\/rutana.lt\\\/produktas\\\/darbo-knyga-visatos-ziedai-a5-2026m-odiniu-minkstu-virseliu-cloudline\\\/#primaryimage\"},\"image\":{\"@id\":\"https:\\\/\\\/rutana.lt\\\/produktas\\\/darbo-knyga-visatos-ziedai-a5-2026m-odiniu-minkstu-virseliu-cloudline\\\/#primaryimage\"},\"thumbnailUrl\":\"https:\\\/\\\/rutana.lt\\\/wp-content\\\/uploads\\\/2025\\\/11\\\/A122-889.jpg\",\"datePublished\":\"2025-11-23T21:54:11+00:00\",\"dateModified\":\"2026-02-16T20:21:58+00:00\",\"breadcrumb\":{\"@id\":\"https:\\\/\\\/rutana.lt\\\/produktas\\\/darbo-knyga-visatos-ziedai-a5-2026m-odiniu-minkstu-virseliu-cloudline\\\/#breadcrumb\"},\"inLanguage\":\"en-US\",\"potentialAction\":[{\"@type\":\"ReadAction\",\"target\":[\"https:\\\/\\\/rutana.lt\\\/produktas\\\/darbo-knyga-visatos-ziedai-a5-2026m-odiniu-minkstu-virseliu-cloudline\\\/\"]}]},{\"@type\":\"ImageObject\",\"inLanguage\":\"en-US\",\"@id\":\"https:\\\/\\\/rutana.lt\\\/produktas\\\/darbo-knyga-visatos-ziedai-a5-2026m-odiniu-minkstu-virseliu-cloudline\\\/#primaryimage\",\"url\":\"https:\\\/\\\/rutana.lt\\\/wp-content\\\/uploads\\\/2025\\\/11\\\/A122-889.jpg\",\"contentUrl\":\"https:\\\/\\\/rutana.lt\\\/wp-content\\\/uploads\\\/2025\\\/11\\\/A122-889.jpg\",\"width\":1200,\"height\":1200},{\"@type\":\"BreadcrumbList\",\"@id\":\"https:\\\/\\\/rutana.lt\\\/produktas\\\/darbo-knyga-visatos-ziedai-a5-2026m-odiniu-minkstu-virseliu-cloudline\\\/#breadcrumb\",\"itemListElement\":[{\"@type\":\"ListItem\",\"position\":1,\"name\":\"Home\",\"item\":\"https:\\\/\\\/rutana.lt\\\/\"},{\"@type\":\"ListItem\",\"position\":2,\"name\":\"Parduotuv\u0117\",\"item\":\"https:\\\/\\\/rutana.lt\\\/parduotuve\\\/\"},{\"@type\":\"ListItem\",\"position\":3,\"name\":\"Darbo knyga &#8222;Visatos \u017eiedai&#8221; A5 2026m. odiniu mink\u0161tu vir\u0161eliu Cloudline\"}]},{\"@type\":\"WebSite\",\"@id\":\"https:\\\/\\\/rutana.lt\\\/#website\",\"url\":\"https:\\\/\\\/rutana.lt\\\/\",\"name\":\"Rutana - Ra\u0161tin\u0117s reikmenys\",\"description\":\"Prekiaujame pasaulin\u0117je rinkoje pripa\u017eintomis, kokybi\u0161komis biuro prek\u0117mis toki\u0173  gamintoj\u0173 kaip: Schneider, Esselte, Novus, 3M, Faber-Castell, Citizen, Milan, Leitz, Colop, Zebra, Staedtler, Durable, Tork, Parker, Waterman ir kt.\",\"publisher\":{\"@id\":\"https:\\\/\\\/rutana.lt\\\/#organization\"},\"potentialAction\":[{\"@type\":\"SearchAction\",\"target\":{\"@type\":\"EntryPoint\",\"urlTemplate\":\"https:\\\/\\\/rutana.lt\\\/?s={search_term_string}\"},\"query-input\":{\"@type\":\"PropertyValueSpecification\",\"valueRequired\":true,\"valueName\":\"search_term_string\"}}],\"inLanguage\":\"en-US\"},{\"@type\":\"Organization\",\"@id\":\"https:\\\/\\\/rutana.lt\\\/#organization\",\"name\":\"Rutana - Ra\u0161tin\u0117s reikmenys\",\"url\":\"https:\\\/\\\/rutana.lt\\\/\",\"logo\":{\"@type\":\"ImageObject\",\"inLanguage\":\"en-US\",\"@id\":\"https:\\\/\\\/rutana.lt\\\/#\\\/schema\\\/logo\\\/image\\\/\",\"url\":\"https:\\\/\\\/rutana.lt\\\/wp-content\\\/uploads\\\/2025\\\/10\\\/Asset-32.png\",\"contentUrl\":\"https:\\\/\\\/rutana.lt\\\/wp-content\\\/uploads\\\/2025\\\/10\\\/Asset-32.png\",\"width\":433,\"height\":119,\"caption\":\"Rutana - Ra\u0161tin\u0117s reikmenys\"},\"image\":{\"@id\":\"https:\\\/\\\/rutana.lt\\\/#\\\/schema\\\/logo\\\/image\\\/\"},\"sameAs\":[\"https:\\\/\\\/www.facebook.com\\\/RutanaKanceliarinesPrekes\\\/\"]}]}<\/script>\n<!-- \/ Yoast SEO plugin. -->","yoast_head_json":{"title":"Darbo knyga \"Visatos \u017eiedai\" A5 2026m. odiniu mink\u0161tu vir\u0161eliu Cloudline - Rutana - Ra\u0161tin\u0117s reikmenys","robots":{"index":"index","follow":"follow","max-snippet":"max-snippet:-1","max-image-preview":"max-image-preview:large","max-video-preview":"max-video-preview:-1"},"canonical":"https:\/\/rutana.lt\/en\/product\/darbo-knyga-visatos-ziedai-a5-2026m-odiniu-minkstu-virseliu-cloudline\/","og_locale":"en_US","og_type":"article","og_title":"Darbo knyga \"Visatos \u017eiedai\" A5 2026m. odiniu mink\u0161tu vir\u0161eliu Cloudline - Rutana - Ra\u0161tin\u0117s reikmenys","og_description":"Darbo knyga 2026 metams, skirta kasdienini\u0173 darb\u0173 planavimams ir \u012fvairiems u\u017era\u0161ams pasi\u017eym\u0117ti.","og_url":"https:\/\/rutana.lt\/en\/product\/darbo-knyga-visatos-ziedai-a5-2026m-odiniu-minkstu-virseliu-cloudline\/","og_site_name":"Rutana - Ra\u0161tin\u0117s reikmenys","article_publisher":"https:\/\/www.facebook.com\/RutanaKanceliarinesPrekes\/","article_modified_time":"2026-02-16T20:21:58+00:00","og_image":[{"width":1200,"height":1200,"url":"https:\/\/rutana.lt\/wp-content\/uploads\/2025\/11\/A122-889.jpg","type":"image\/jpeg"}],"twitter_card":"summary_large_image","twitter_misc":{"Est. reading time":"1 minute"},"schema":{"@context":"https:\/\/schema.org","@graph":[{"@type":"WebPage","@id":"https:\/\/rutana.lt\/produktas\/darbo-knyga-visatos-ziedai-a5-2026m-odiniu-minkstu-virseliu-cloudline\/","url":"https:\/\/rutana.lt\/produktas\/darbo-knyga-visatos-ziedai-a5-2026m-odiniu-minkstu-virseliu-cloudline\/","name":"Darbo knyga \"Visatos \u017eiedai\" A5 2026m. odiniu mink\u0161tu vir\u0161eliu Cloudline - Rutana - Ra\u0161tin\u0117s reikmenys","isPartOf":{"@id":"https:\/\/rutana.lt\/#website"},"primaryImageOfPage":{"@id":"https:\/\/rutana.lt\/produktas\/darbo-knyga-visatos-ziedai-a5-2026m-odiniu-minkstu-virseliu-cloudline\/#primaryimage"},"image":{"@id":"https:\/\/rutana.lt\/produktas\/darbo-knyga-visatos-ziedai-a5-2026m-odiniu-minkstu-virseliu-cloudline\/#primaryimage"},"thumbnailUrl":"https:\/\/rutana.lt\/wp-content\/uploads\/2025\/11\/A122-889.jpg","datePublished":"2025-11-23T21:54:11+00:00","dateModified":"2026-02-16T20:21:58+00:00","breadcrumb":{"@id":"https:\/\/rutana.lt\/produktas\/darbo-knyga-visatos-ziedai-a5-2026m-odiniu-minkstu-virseliu-cloudline\/#breadcrumb"},"inLanguage":"en-US","potentialAction":[{"@type":"ReadAction","target":["https:\/\/rutana.lt\/produktas\/darbo-knyga-visatos-ziedai-a5-2026m-odiniu-minkstu-virseliu-cloudline\/"]}]},{"@type":"ImageObject","inLanguage":"en-US","@id":"https:\/\/rutana.lt\/produktas\/darbo-knyga-visatos-ziedai-a5-2026m-odiniu-minkstu-virseliu-cloudline\/#primaryimage","url":"https:\/\/rutana.lt\/wp-content\/uploads\/2025\/11\/A122-889.jpg","contentUrl":"https:\/\/rutana.lt\/wp-content\/uploads\/2025\/11\/A122-889.jpg","width":1200,"height":1200},{"@type":"BreadcrumbList","@id":"https:\/\/rutana.lt\/produktas\/darbo-knyga-visatos-ziedai-a5-2026m-odiniu-minkstu-virseliu-cloudline\/#breadcrumb","itemListElement":[{"@type":"ListItem","position":1,"name":"Home","item":"https:\/\/rutana.lt\/"},{"@type":"ListItem","position":2,"name":"Parduotuv\u0117","item":"https:\/\/rutana.lt\/parduotuve\/"},{"@type":"ListItem","position":3,"name":"Darbo knyga &#8222;Visatos \u017eiedai&#8221; A5 2026m. odiniu mink\u0161tu vir\u0161eliu Cloudline"}]},{"@type":"WebSite","@id":"https:\/\/rutana.lt\/#website","url":"https:\/\/rutana.lt\/","name":"Rutana - Ra\u0161tin\u0117s reikmenys","description":"Prekiaujame pasaulin\u0117je rinkoje pripa\u017eintomis, kokybi\u0161komis biuro prek\u0117mis toki\u0173  gamintoj\u0173 kaip: Schneider, Esselte, Novus, 3M, Faber-Castell, Citizen, Milan, Leitz, Colop, Zebra, Staedtler, Durable, Tork, Parker, Waterman ir kt.","publisher":{"@id":"https:\/\/rutana.lt\/#organization"},"potentialAction":[{"@type":"SearchAction","target":{"@type":"EntryPoint","urlTemplate":"https:\/\/rutana.lt\/?s={search_term_string}"},"query-input":{"@type":"PropertyValueSpecification","valueRequired":true,"valueName":"search_term_string"}}],"inLanguage":"en-US"},{"@type":"Organization","@id":"https:\/\/rutana.lt\/#organization","name":"Rutana - Ra\u0161tin\u0117s reikmenys","url":"https:\/\/rutana.lt\/","logo":{"@type":"ImageObject","inLanguage":"en-US","@id":"https:\/\/rutana.lt\/#\/schema\/logo\/image\/","url":"https:\/\/rutana.lt\/wp-content\/uploads\/2025\/10\/Asset-32.png","contentUrl":"https:\/\/rutana.lt\/wp-content\/uploads\/2025\/10\/Asset-32.png","width":433,"height":119,"caption":"Rutana - Ra\u0161tin\u0117s reikmenys"},"image":{"@id":"https:\/\/rutana.lt\/#\/schema\/logo\/image\/"},"sameAs":["https:\/\/www.facebook.com\/RutanaKanceliarinesPrekes\/"]}]}},"_links":{"self":[{"href":"https:\/\/rutana.lt\/en\/wp-json\/wp\/v2\/product\/33857","targetHints":{"allow":["GET"]}}],"collection":[{"href":"https:\/\/rutana.lt\/en\/wp-json\/wp\/v2\/product"}],"about":[{"href":"https:\/\/rutana.lt\/en\/wp-json\/wp\/v2\/types\/product"}],"replies":[{"embeddable":true,"href":"https:\/\/rutana.lt\/en\/wp-json\/wp\/v2\/comments?post=33857"}],"version-history":[{"count":3,"href":"https:\/\/rutana.lt\/en\/wp-json\/wp\/v2\/product\/33857\/revisions"}],"predecessor-version":[{"id":33861,"href":"https:\/\/rutana.lt\/en\/wp-json\/wp\/v2\/product\/33857\/revisions\/33861"}],"wp:featuredmedia":[{"embeddable":true,"href":"https:\/\/rutana.lt\/en\/wp-json\/wp\/v2\/media\/33858"}],"wp:attachment":[{"href":"https:\/\/rutana.lt\/en\/wp-json\/wp\/v2\/media?parent=33857"}],"wp:term":[{"taxonomy":"product_brand","embeddable":true,"href":"https:\/\/rutana.lt\/en\/wp-json\/wp\/v2\/product_brand?post=33857"},{"taxonomy":"product_cat","embeddable":true,"href":"https:\/\/rutana.lt\/en\/wp-json\/wp\/v2\/product_cat?post=33857"},{"taxonomy":"product_tag","embeddable":true,"href":"https:\/\/rutana.lt\/en\/wp-json\/wp\/v2\/product_tag?post=33857"}],"curies":[{"name":"wp","href":"https:\/\/api.w.org\/{rel}","templated":true}]}}