{"id":3255,"date":"2025-09-03T08:35:11","date_gmt":"2025-09-03T06:35:11","guid":{"rendered":"https:\/\/rutana.webdemo.lt\/?post_type=product&#038;p=3255"},"modified":"2025-10-13T15:17:15","modified_gmt":"2025-10-13T13:17:15","slug":"bloknotas-konferenciniam-stovui-baltas-50-lapu-forpus-70301","status":"publish","type":"product","link":"https:\/\/rutana.lt\/en\/product\/bloknotas-konferenciniam-stovui-baltas-50-lapu-forpus-70301\/","title":{"rendered":"Bloknotas konferenciniam stovui baltas 50 lap\u0173 Forpus 70301"},"content":{"rendered":"<p>Bloknotas tinka daugumai skirting\u0173 gamintoj\u0173 stov\u0173 modeliams, nes turi daug perforuot\u0173 skyli\u0173 pakabinimui. Bloknotas su mikroperforacija, kuri leid\u017eia lengvai nupl\u0117\u0161ti lap\u0105. Bloknotas pagamintas i\u0161 tankios popieriaus strukt\u016bros, kuri neleid\u017eia \u017eymeklio tu\u0161ui persigerti ant kito lapo.<\/p>\n<p>Popieriaus gramat\u016bra: 60 g\/m<sup><font size=\"2\">2<\/font><\/sup><\/p>\n<p>Lap\u0173 skai\u010dius: 50<\/p>\n<p>Lapo pavir\u0161ius: baltas<sup><font size=\"2\"> <\/font><\/sup> <\/p>\n<p>Bloknoto matmenys: 60 x 85 cm <\/p>\n<p>Kilm\u0117s \u0161alis: EU<\/p>\n<\/p>\n<p><\/p>","protected":false},"excerpt":{"rendered":"<p>Bloknotas tinka daugumai skirting\u0173 gamintoj\u0173 stov\u0173 modeliams, nes turi daug perforuot\u0173 skyli\u0173 pakabinimui. Bloknotas su mikroperforacija, kuri leid\u017eia lengvai nupl\u0117\u0161ti lap\u0105. Bloknotas pagamintas i\u0161 tankios popieriaus strukt\u016bros, kuri neleid\u017eia \u017eymeklio tu\u0161ui persigerti ant kito lapo. Popieriaus gramat\u016bra: 60 g\/m2 Lap\u0173 skai\u010dius: 50 Lapo pavir\u0161ius: baltas Bloknoto matmenys: 60 x 85 cm Kilm\u0117s \u0161alis: EU<\/p>","protected":false},"featured_media":24774,"comment_status":"open","ping_status":"closed","template":"","meta":{"_season_start":"","_season_end":"","_season_days":"","_season_months":"","_season_auto_visibility":""},"product_brand":[74],"product_cat":[1795],"product_tag":[],"class_list":{"0":"post-3255","1":"product","2":"type-product","3":"status-publish","4":"has-post-thumbnail","6":"product_brand-forpus","7":"product_cat-bloknotai-lentoms","9":"first","10":"instock","11":"taxable","12":"shipping-taxable","13":"purchasable","14":"product-type-simple"},"yoast_head":"<!-- This site is optimized with the Yoast SEO plugin v27.4 - https:\/\/yoast.com\/product\/yoast-seo-wordpress\/ -->\n<title>Bloknotas konferenciniam stovui baltas 50 lap\u0173 Forpus 70301 - Rutana - Ra\u0161tin\u0117s reikmenys<\/title>\n<meta name=\"robots\" content=\"index, follow, max-snippet:-1, max-image-preview:large, max-video-preview:-1\" \/>\n<link rel=\"canonical\" href=\"https:\/\/rutana.lt\/en\/product\/bloknotas-konferenciniam-stovui-baltas-50-lapu-forpus-70301\/\" \/>\n<meta property=\"og:locale\" content=\"en_US\" \/>\n<meta property=\"og:type\" content=\"article\" \/>\n<meta property=\"og:title\" content=\"Bloknotas konferenciniam stovui baltas 50 lap\u0173 Forpus 70301 - Rutana - Ra\u0161tin\u0117s reikmenys\" \/>\n<meta property=\"og:description\" content=\"Bloknotas tinka daugumai skirting\u0173 gamintoj\u0173 stov\u0173 modeliams, nes turi daug perforuot\u0173 skyli\u0173 pakabinimui. Bloknotas su mikroperforacija, kuri leid\u017eia lengvai nupl\u0117\u0161ti lap\u0105. Bloknotas pagamintas i\u0161 tankios popieriaus strukt\u016bros, kuri neleid\u017eia \u017eymeklio tu\u0161ui persigerti ant kito lapo. Popieriaus gramat\u016bra: 60 g\/m2 Lap\u0173 skai\u010dius: 50 Lapo pavir\u0161ius: baltas Bloknoto matmenys: 60 x 85 cm Kilm\u0117s \u0161alis: EU\" \/>\n<meta property=\"og:url\" content=\"https:\/\/rutana.lt\/en\/product\/bloknotas-konferenciniam-stovui-baltas-50-lapu-forpus-70301\/\" \/>\n<meta property=\"og:site_name\" content=\"Rutana - Ra\u0161tin\u0117s reikmenys\" \/>\n<meta property=\"article:publisher\" content=\"https:\/\/www.facebook.com\/RutanaKanceliarinesPrekes\/\" \/>\n<meta property=\"article:modified_time\" content=\"2025-10-13T13:17:15+00:00\" \/>\n<meta property=\"og:image\" content=\"https:\/\/rutana.lt\/wp-content\/uploads\/2025\/09\/A031-422.jpg\" \/>\n\t<meta property=\"og:image:width\" content=\"500\" \/>\n\t<meta property=\"og:image:height\" content=\"646\" \/>\n\t<meta property=\"og:image:type\" content=\"image\/jpeg\" \/>\n<meta name=\"twitter:card\" content=\"summary_large_image\" \/>\n<script type=\"application\/ld+json\" class=\"yoast-schema-graph\">{\"@context\":\"https:\\\/\\\/schema.org\",\"@graph\":[{\"@type\":\"WebPage\",\"@id\":\"https:\\\/\\\/rutana.lt\\\/produktas\\\/bloknotas-konferenciniam-stovui-baltas-50-lapu-forpus-70301\\\/\",\"url\":\"https:\\\/\\\/rutana.lt\\\/produktas\\\/bloknotas-konferenciniam-stovui-baltas-50-lapu-forpus-70301\\\/\",\"name\":\"Bloknotas konferenciniam stovui baltas 50 lap\u0173 Forpus 70301 - Rutana - Ra\u0161tin\u0117s reikmenys\",\"isPartOf\":{\"@id\":\"https:\\\/\\\/rutana.lt\\\/#website\"},\"primaryImageOfPage\":{\"@id\":\"https:\\\/\\\/rutana.lt\\\/produktas\\\/bloknotas-konferenciniam-stovui-baltas-50-lapu-forpus-70301\\\/#primaryimage\"},\"image\":{\"@id\":\"https:\\\/\\\/rutana.lt\\\/produktas\\\/bloknotas-konferenciniam-stovui-baltas-50-lapu-forpus-70301\\\/#primaryimage\"},\"thumbnailUrl\":\"https:\\\/\\\/rutana.lt\\\/wp-content\\\/uploads\\\/2025\\\/09\\\/A031-422-2.jpg?v=1763623423\",\"datePublished\":\"2025-09-03T06:35:11+00:00\",\"dateModified\":\"2025-10-13T13:17:15+00:00\",\"breadcrumb\":{\"@id\":\"https:\\\/\\\/rutana.lt\\\/produktas\\\/bloknotas-konferenciniam-stovui-baltas-50-lapu-forpus-70301\\\/#breadcrumb\"},\"inLanguage\":\"en-US\",\"potentialAction\":[{\"@type\":\"ReadAction\",\"target\":[\"https:\\\/\\\/rutana.lt\\\/produktas\\\/bloknotas-konferenciniam-stovui-baltas-50-lapu-forpus-70301\\\/\"]}]},{\"@type\":\"ImageObject\",\"inLanguage\":\"en-US\",\"@id\":\"https:\\\/\\\/rutana.lt\\\/produktas\\\/bloknotas-konferenciniam-stovui-baltas-50-lapu-forpus-70301\\\/#primaryimage\",\"url\":\"https:\\\/\\\/rutana.lt\\\/wp-content\\\/uploads\\\/2025\\\/09\\\/A031-422-2.jpg?v=1763623423\",\"contentUrl\":\"https:\\\/\\\/rutana.lt\\\/wp-content\\\/uploads\\\/2025\\\/09\\\/A031-422-2.jpg?v=1763623423\",\"width\":500,\"height\":646},{\"@type\":\"BreadcrumbList\",\"@id\":\"https:\\\/\\\/rutana.lt\\\/produktas\\\/bloknotas-konferenciniam-stovui-baltas-50-lapu-forpus-70301\\\/#breadcrumb\",\"itemListElement\":[{\"@type\":\"ListItem\",\"position\":1,\"name\":\"Home\",\"item\":\"https:\\\/\\\/rutana.lt\\\/\"},{\"@type\":\"ListItem\",\"position\":2,\"name\":\"Parduotuv\u0117\",\"item\":\"https:\\\/\\\/rutana.lt\\\/parduotuve\\\/\"},{\"@type\":\"ListItem\",\"position\":3,\"name\":\"Bloknotas konferenciniam stovui baltas 50 lap\u0173 Forpus 70301\"}]},{\"@type\":\"WebSite\",\"@id\":\"https:\\\/\\\/rutana.lt\\\/#website\",\"url\":\"https:\\\/\\\/rutana.lt\\\/\",\"name\":\"Rutana - Ra\u0161tin\u0117s reikmenys\",\"description\":\"Prekiaujame pasaulin\u0117je rinkoje pripa\u017eintomis, kokybi\u0161komis biuro prek\u0117mis toki\u0173  gamintoj\u0173 kaip: Schneider, Esselte, Novus, 3M, Faber-Castell, Citizen, Milan, Leitz, Colop, Zebra, Staedtler, Durable, Tork, Parker, Waterman ir kt.\",\"publisher\":{\"@id\":\"https:\\\/\\\/rutana.lt\\\/#organization\"},\"potentialAction\":[{\"@type\":\"SearchAction\",\"target\":{\"@type\":\"EntryPoint\",\"urlTemplate\":\"https:\\\/\\\/rutana.lt\\\/?s={search_term_string}\"},\"query-input\":{\"@type\":\"PropertyValueSpecification\",\"valueRequired\":true,\"valueName\":\"search_term_string\"}}],\"inLanguage\":\"en-US\"},{\"@type\":\"Organization\",\"@id\":\"https:\\\/\\\/rutana.lt\\\/#organization\",\"name\":\"Rutana - Ra\u0161tin\u0117s reikmenys\",\"url\":\"https:\\\/\\\/rutana.lt\\\/\",\"logo\":{\"@type\":\"ImageObject\",\"inLanguage\":\"en-US\",\"@id\":\"https:\\\/\\\/rutana.lt\\\/#\\\/schema\\\/logo\\\/image\\\/\",\"url\":\"https:\\\/\\\/rutana.lt\\\/wp-content\\\/uploads\\\/2025\\\/10\\\/Asset-32.png\",\"contentUrl\":\"https:\\\/\\\/rutana.lt\\\/wp-content\\\/uploads\\\/2025\\\/10\\\/Asset-32.png\",\"width\":433,\"height\":119,\"caption\":\"Rutana - Ra\u0161tin\u0117s reikmenys\"},\"image\":{\"@id\":\"https:\\\/\\\/rutana.lt\\\/#\\\/schema\\\/logo\\\/image\\\/\"},\"sameAs\":[\"https:\\\/\\\/www.facebook.com\\\/RutanaKanceliarinesPrekes\\\/\"]}]}<\/script>\n<!-- \/ Yoast SEO plugin. -->","yoast_head_json":{"title":"Bloknotas konferenciniam stovui baltas 50 lap\u0173 Forpus 70301 - Rutana - Ra\u0161tin\u0117s reikmenys","robots":{"index":"index","follow":"follow","max-snippet":"max-snippet:-1","max-image-preview":"max-image-preview:large","max-video-preview":"max-video-preview:-1"},"canonical":"https:\/\/rutana.lt\/en\/product\/bloknotas-konferenciniam-stovui-baltas-50-lapu-forpus-70301\/","og_locale":"en_US","og_type":"article","og_title":"Bloknotas konferenciniam stovui baltas 50 lap\u0173 Forpus 70301 - Rutana - Ra\u0161tin\u0117s reikmenys","og_description":"Bloknotas tinka daugumai skirting\u0173 gamintoj\u0173 stov\u0173 modeliams, nes turi daug perforuot\u0173 skyli\u0173 pakabinimui. Bloknotas su mikroperforacija, kuri leid\u017eia lengvai nupl\u0117\u0161ti lap\u0105. Bloknotas pagamintas i\u0161 tankios popieriaus strukt\u016bros, kuri neleid\u017eia \u017eymeklio tu\u0161ui persigerti ant kito lapo. Popieriaus gramat\u016bra: 60 g\/m2 Lap\u0173 skai\u010dius: 50 Lapo pavir\u0161ius: baltas Bloknoto matmenys: 60 x 85 cm Kilm\u0117s \u0161alis: EU","og_url":"https:\/\/rutana.lt\/en\/product\/bloknotas-konferenciniam-stovui-baltas-50-lapu-forpus-70301\/","og_site_name":"Rutana - Ra\u0161tin\u0117s reikmenys","article_publisher":"https:\/\/www.facebook.com\/RutanaKanceliarinesPrekes\/","article_modified_time":"2025-10-13T13:17:15+00:00","og_image":[{"width":500,"height":646,"url":"https:\/\/rutana.lt\/wp-content\/uploads\/2025\/09\/A031-422.jpg","type":"image\/jpeg"}],"twitter_card":"summary_large_image","schema":{"@context":"https:\/\/schema.org","@graph":[{"@type":"WebPage","@id":"https:\/\/rutana.lt\/produktas\/bloknotas-konferenciniam-stovui-baltas-50-lapu-forpus-70301\/","url":"https:\/\/rutana.lt\/produktas\/bloknotas-konferenciniam-stovui-baltas-50-lapu-forpus-70301\/","name":"Bloknotas konferenciniam stovui baltas 50 lap\u0173 Forpus 70301 - Rutana - Ra\u0161tin\u0117s reikmenys","isPartOf":{"@id":"https:\/\/rutana.lt\/#website"},"primaryImageOfPage":{"@id":"https:\/\/rutana.lt\/produktas\/bloknotas-konferenciniam-stovui-baltas-50-lapu-forpus-70301\/#primaryimage"},"image":{"@id":"https:\/\/rutana.lt\/produktas\/bloknotas-konferenciniam-stovui-baltas-50-lapu-forpus-70301\/#primaryimage"},"thumbnailUrl":"https:\/\/rutana.lt\/wp-content\/uploads\/2025\/09\/A031-422-2.jpg?v=1763623423","datePublished":"2025-09-03T06:35:11+00:00","dateModified":"2025-10-13T13:17:15+00:00","breadcrumb":{"@id":"https:\/\/rutana.lt\/produktas\/bloknotas-konferenciniam-stovui-baltas-50-lapu-forpus-70301\/#breadcrumb"},"inLanguage":"en-US","potentialAction":[{"@type":"ReadAction","target":["https:\/\/rutana.lt\/produktas\/bloknotas-konferenciniam-stovui-baltas-50-lapu-forpus-70301\/"]}]},{"@type":"ImageObject","inLanguage":"en-US","@id":"https:\/\/rutana.lt\/produktas\/bloknotas-konferenciniam-stovui-baltas-50-lapu-forpus-70301\/#primaryimage","url":"https:\/\/rutana.lt\/wp-content\/uploads\/2025\/09\/A031-422-2.jpg?v=1763623423","contentUrl":"https:\/\/rutana.lt\/wp-content\/uploads\/2025\/09\/A031-422-2.jpg?v=1763623423","width":500,"height":646},{"@type":"BreadcrumbList","@id":"https:\/\/rutana.lt\/produktas\/bloknotas-konferenciniam-stovui-baltas-50-lapu-forpus-70301\/#breadcrumb","itemListElement":[{"@type":"ListItem","position":1,"name":"Home","item":"https:\/\/rutana.lt\/"},{"@type":"ListItem","position":2,"name":"Parduotuv\u0117","item":"https:\/\/rutana.lt\/parduotuve\/"},{"@type":"ListItem","position":3,"name":"Bloknotas konferenciniam stovui baltas 50 lap\u0173 Forpus 70301"}]},{"@type":"WebSite","@id":"https:\/\/rutana.lt\/#website","url":"https:\/\/rutana.lt\/","name":"Rutana - Ra\u0161tin\u0117s reikmenys","description":"Prekiaujame pasaulin\u0117je rinkoje pripa\u017eintomis, kokybi\u0161komis biuro prek\u0117mis toki\u0173  gamintoj\u0173 kaip: Schneider, Esselte, Novus, 3M, Faber-Castell, Citizen, Milan, Leitz, Colop, Zebra, Staedtler, Durable, Tork, Parker, Waterman ir kt.","publisher":{"@id":"https:\/\/rutana.lt\/#organization"},"potentialAction":[{"@type":"SearchAction","target":{"@type":"EntryPoint","urlTemplate":"https:\/\/rutana.lt\/?s={search_term_string}"},"query-input":{"@type":"PropertyValueSpecification","valueRequired":true,"valueName":"search_term_string"}}],"inLanguage":"en-US"},{"@type":"Organization","@id":"https:\/\/rutana.lt\/#organization","name":"Rutana - Ra\u0161tin\u0117s reikmenys","url":"https:\/\/rutana.lt\/","logo":{"@type":"ImageObject","inLanguage":"en-US","@id":"https:\/\/rutana.lt\/#\/schema\/logo\/image\/","url":"https:\/\/rutana.lt\/wp-content\/uploads\/2025\/10\/Asset-32.png","contentUrl":"https:\/\/rutana.lt\/wp-content\/uploads\/2025\/10\/Asset-32.png","width":433,"height":119,"caption":"Rutana - Ra\u0161tin\u0117s reikmenys"},"image":{"@id":"https:\/\/rutana.lt\/#\/schema\/logo\/image\/"},"sameAs":["https:\/\/www.facebook.com\/RutanaKanceliarinesPrekes\/"]}]}},"_links":{"self":[{"href":"https:\/\/rutana.lt\/en\/wp-json\/wp\/v2\/product\/3255","targetHints":{"allow":["GET"]}}],"collection":[{"href":"https:\/\/rutana.lt\/en\/wp-json\/wp\/v2\/product"}],"about":[{"href":"https:\/\/rutana.lt\/en\/wp-json\/wp\/v2\/types\/product"}],"replies":[{"embeddable":true,"href":"https:\/\/rutana.lt\/en\/wp-json\/wp\/v2\/comments?post=3255"}],"version-history":[{"count":1,"href":"https:\/\/rutana.lt\/en\/wp-json\/wp\/v2\/product\/3255\/revisions"}],"predecessor-version":[{"id":3294,"href":"https:\/\/rutana.lt\/en\/wp-json\/wp\/v2\/product\/3255\/revisions\/3294"}],"wp:featuredmedia":[{"embeddable":true,"href":"https:\/\/rutana.lt\/en\/wp-json\/wp\/v2\/media\/24774"}],"wp:attachment":[{"href":"https:\/\/rutana.lt\/en\/wp-json\/wp\/v2\/media?parent=3255"}],"wp:term":[{"taxonomy":"product_brand","embeddable":true,"href":"https:\/\/rutana.lt\/en\/wp-json\/wp\/v2\/product_brand?post=3255"},{"taxonomy":"product_cat","embeddable":true,"href":"https:\/\/rutana.lt\/en\/wp-json\/wp\/v2\/product_cat?post=3255"},{"taxonomy":"product_tag","embeddable":true,"href":"https:\/\/rutana.lt\/en\/wp-json\/wp\/v2\/product_tag?post=3255"}],"curies":[{"name":"wp","href":"https:\/\/api.w.org\/{rel}","templated":true}]}}