{"id":3086,"date":"2025-09-03T08:34:19","date_gmt":"2025-09-03T06:34:19","guid":{"rendered":"https:\/\/rutana.webdemo.lt\/?post_type=product&#038;p=3086"},"modified":"2025-10-13T15:16:43","modified_gmt":"2025-10-13T13:16:43","slug":"kanceliarinis-peiliukas-18-mm-forpus-60702","status":"publish","type":"product","link":"https:\/\/rutana.lt\/en\/product\/kanceliarinis-peiliukas-18-mm-forpus-60702\/","title":{"rendered":"Kanceliarinis peiliukas 18 mm Forpus 60702"},"content":{"rendered":"<p>Kanceliarinis peiliukas skirtas pjauti popieri\u0173, karton\u0105, gum\u0105, pl\u0117vel\u0119. A\u0161trus peiliukas su patogia, saugia ranken\u0117le i\u0161 plastiko ir peilio ilgio fiksavimo mechanizmu. Nusidev\u0117jusius a\u0161menis galima pakeisti naujais. \u012evairi\u0173 spalv\u0173 korpusai.<\/p>\n<p>A\u0161mens plotis: 18 mm<\/p>\n<\/p>\n<p><\/p>","protected":false},"excerpt":{"rendered":"<p>Kanceliarinis peiliukas skirtas pjauti popieri\u0173, karton\u0105, gum\u0105, pl\u0117vel\u0119. A\u0161trus peiliukas su patogia, saugia ranken\u0117le i\u0161 plastiko ir peilio ilgio fiksavimo mechanizmu. Nusidev\u0117jusius a\u0161menis galima pakeisti naujais. \u012evairi\u0173 spalv\u0173 korpusai. A\u0161mens plotis: 18 mm<\/p>","protected":false},"featured_media":24715,"comment_status":"open","ping_status":"closed","template":"","meta":{"_season_start":"","_season_end":"","_season_days":"","_season_months":"","_season_auto_visibility":""},"product_brand":[74],"product_cat":[1591],"product_tag":[],"class_list":{"0":"post-3086","1":"product","2":"type-product","3":"status-publish","4":"has-post-thumbnail","6":"product_brand-forpus","7":"product_cat-zirkles-ir-kanceliariniai-peiliai","9":"first","10":"instock","11":"taxable","12":"shipping-taxable","13":"purchasable","14":"product-type-simple"},"yoast_head":"<!-- This site is optimized with the Yoast SEO plugin v26.1.1 - https:\/\/yoast.com\/wordpress\/plugins\/seo\/ -->\n<title>Kanceliarinis peiliukas 18 mm Forpus 60702 - Rutana - Ra\u0161tin\u0117s reikmenys<\/title>\n<meta name=\"robots\" content=\"index, follow, max-snippet:-1, max-image-preview:large, max-video-preview:-1\" \/>\n<link rel=\"canonical\" href=\"https:\/\/rutana.lt\/en\/product\/kanceliarinis-peiliukas-18-mm-forpus-60702\/\" \/>\n<meta property=\"og:locale\" content=\"en_US\" \/>\n<meta property=\"og:type\" content=\"article\" \/>\n<meta property=\"og:title\" content=\"Kanceliarinis peiliukas 18 mm Forpus 60702 - Rutana - Ra\u0161tin\u0117s reikmenys\" \/>\n<meta property=\"og:description\" content=\"Kanceliarinis peiliukas skirtas pjauti popieri\u0173, karton\u0105, gum\u0105, pl\u0117vel\u0119. A\u0161trus peiliukas su patogia, saugia ranken\u0117le i\u0161 plastiko ir peilio ilgio fiksavimo mechanizmu. Nusidev\u0117jusius a\u0161menis galima pakeisti naujais. \u012evairi\u0173 spalv\u0173 korpusai. A\u0161mens plotis: 18 mm\" \/>\n<meta property=\"og:url\" content=\"https:\/\/rutana.lt\/en\/product\/kanceliarinis-peiliukas-18-mm-forpus-60702\/\" \/>\n<meta property=\"og:site_name\" content=\"Rutana - Ra\u0161tin\u0117s reikmenys\" \/>\n<meta property=\"article:publisher\" content=\"https:\/\/www.facebook.com\/RutanaKanceliarinesPrekes\/\" \/>\n<meta property=\"article:modified_time\" content=\"2025-10-13T13:16:43+00:00\" \/>\n<meta property=\"og:image\" content=\"https:\/\/rutana.lt\/wp-content\/uploads\/2025\/09\/B015-604.jpg\" \/>\n\t<meta property=\"og:image:width\" content=\"600\" \/>\n\t<meta property=\"og:image:height\" content=\"202\" \/>\n\t<meta property=\"og:image:type\" content=\"image\/jpeg\" \/>\n<meta name=\"twitter:card\" content=\"summary_large_image\" \/>\n<script type=\"application\/ld+json\" class=\"yoast-schema-graph\">{\"@context\":\"https:\/\/schema.org\",\"@graph\":[{\"@type\":\"WebPage\",\"@id\":\"https:\/\/rutana.lt\/produktas\/kanceliarinis-peiliukas-18-mm-forpus-60702\/\",\"url\":\"https:\/\/rutana.lt\/produktas\/kanceliarinis-peiliukas-18-mm-forpus-60702\/\",\"name\":\"Kanceliarinis peiliukas 18 mm Forpus 60702 - Rutana - Ra\u0161tin\u0117s reikmenys\",\"isPartOf\":{\"@id\":\"https:\/\/rutana.lt\/#website\"},\"primaryImageOfPage\":{\"@id\":\"https:\/\/rutana.lt\/produktas\/kanceliarinis-peiliukas-18-mm-forpus-60702\/#primaryimage\"},\"image\":{\"@id\":\"https:\/\/rutana.lt\/produktas\/kanceliarinis-peiliukas-18-mm-forpus-60702\/#primaryimage\"},\"thumbnailUrl\":\"https:\/\/rutana.lt\/wp-content\/uploads\/2025\/09\/B015-604-1.jpg?v=1763623501\",\"datePublished\":\"2025-09-03T06:34:19+00:00\",\"dateModified\":\"2025-10-13T13:16:43+00:00\",\"breadcrumb\":{\"@id\":\"https:\/\/rutana.lt\/produktas\/kanceliarinis-peiliukas-18-mm-forpus-60702\/#breadcrumb\"},\"inLanguage\":\"en-US\",\"potentialAction\":[{\"@type\":\"ReadAction\",\"target\":[\"https:\/\/rutana.lt\/produktas\/kanceliarinis-peiliukas-18-mm-forpus-60702\/\"]}]},{\"@type\":\"ImageObject\",\"inLanguage\":\"en-US\",\"@id\":\"https:\/\/rutana.lt\/produktas\/kanceliarinis-peiliukas-18-mm-forpus-60702\/#primaryimage\",\"url\":\"https:\/\/rutana.lt\/wp-content\/uploads\/2025\/09\/B015-604-1.jpg?v=1763623501\",\"contentUrl\":\"https:\/\/rutana.lt\/wp-content\/uploads\/2025\/09\/B015-604-1.jpg?v=1763623501\",\"width\":600,\"height\":202},{\"@type\":\"BreadcrumbList\",\"@id\":\"https:\/\/rutana.lt\/produktas\/kanceliarinis-peiliukas-18-mm-forpus-60702\/#breadcrumb\",\"itemListElement\":[{\"@type\":\"ListItem\",\"position\":1,\"name\":\"Home\",\"item\":\"https:\/\/rutana.lt\/\"},{\"@type\":\"ListItem\",\"position\":2,\"name\":\"Parduotuv\u0117\",\"item\":\"https:\/\/rutana.lt\/parduotuve\/\"},{\"@type\":\"ListItem\",\"position\":3,\"name\":\"Kanceliarinis peiliukas 18 mm Forpus 60702\"}]},{\"@type\":\"WebSite\",\"@id\":\"https:\/\/rutana.lt\/#website\",\"url\":\"https:\/\/rutana.lt\/\",\"name\":\"Rutana - Ra\u0161tin\u0117s reikmenys\",\"description\":\"Prekiaujame pasaulin\u0117je rinkoje pripa\u017eintomis, kokybi\u0161komis biuro prek\u0117mis toki\u0173  gamintoj\u0173 kaip: Schneider, Esselte, Novus, 3M, Faber-Castell, Citizen, Milan, Leitz, Colop, Zebra, Staedtler, Durable, Tork, Parker, Waterman ir kt.\",\"publisher\":{\"@id\":\"https:\/\/rutana.lt\/#organization\"},\"potentialAction\":[{\"@type\":\"SearchAction\",\"target\":{\"@type\":\"EntryPoint\",\"urlTemplate\":\"https:\/\/rutana.lt\/?s={search_term_string}\"},\"query-input\":{\"@type\":\"PropertyValueSpecification\",\"valueRequired\":true,\"valueName\":\"search_term_string\"}}],\"inLanguage\":\"en-US\"},{\"@type\":\"Organization\",\"@id\":\"https:\/\/rutana.lt\/#organization\",\"name\":\"Rutana - Ra\u0161tin\u0117s reikmenys\",\"url\":\"https:\/\/rutana.lt\/\",\"logo\":{\"@type\":\"ImageObject\",\"inLanguage\":\"en-US\",\"@id\":\"https:\/\/rutana.lt\/#\/schema\/logo\/image\/\",\"url\":\"https:\/\/rutana.lt\/wp-content\/uploads\/2025\/10\/Asset-32.png\",\"contentUrl\":\"https:\/\/rutana.lt\/wp-content\/uploads\/2025\/10\/Asset-32.png\",\"width\":433,\"height\":119,\"caption\":\"Rutana - Ra\u0161tin\u0117s reikmenys\"},\"image\":{\"@id\":\"https:\/\/rutana.lt\/#\/schema\/logo\/image\/\"},\"sameAs\":[\"https:\/\/www.facebook.com\/RutanaKanceliarinesPrekes\/\"]}]}<\/script>\n<!-- \/ Yoast SEO plugin. -->","yoast_head_json":{"title":"Kanceliarinis peiliukas 18 mm Forpus 60702 - Rutana - Ra\u0161tin\u0117s reikmenys","robots":{"index":"index","follow":"follow","max-snippet":"max-snippet:-1","max-image-preview":"max-image-preview:large","max-video-preview":"max-video-preview:-1"},"canonical":"https:\/\/rutana.lt\/en\/product\/kanceliarinis-peiliukas-18-mm-forpus-60702\/","og_locale":"en_US","og_type":"article","og_title":"Kanceliarinis peiliukas 18 mm Forpus 60702 - Rutana - Ra\u0161tin\u0117s reikmenys","og_description":"Kanceliarinis peiliukas skirtas pjauti popieri\u0173, karton\u0105, gum\u0105, pl\u0117vel\u0119. A\u0161trus peiliukas su patogia, saugia ranken\u0117le i\u0161 plastiko ir peilio ilgio fiksavimo mechanizmu. Nusidev\u0117jusius a\u0161menis galima pakeisti naujais. \u012evairi\u0173 spalv\u0173 korpusai. A\u0161mens plotis: 18 mm","og_url":"https:\/\/rutana.lt\/en\/product\/kanceliarinis-peiliukas-18-mm-forpus-60702\/","og_site_name":"Rutana - Ra\u0161tin\u0117s reikmenys","article_publisher":"https:\/\/www.facebook.com\/RutanaKanceliarinesPrekes\/","article_modified_time":"2025-10-13T13:16:43+00:00","og_image":[{"width":600,"height":202,"url":"https:\/\/rutana.lt\/wp-content\/uploads\/2025\/09\/B015-604.jpg","type":"image\/jpeg"}],"twitter_card":"summary_large_image","schema":{"@context":"https:\/\/schema.org","@graph":[{"@type":"WebPage","@id":"https:\/\/rutana.lt\/produktas\/kanceliarinis-peiliukas-18-mm-forpus-60702\/","url":"https:\/\/rutana.lt\/produktas\/kanceliarinis-peiliukas-18-mm-forpus-60702\/","name":"Kanceliarinis peiliukas 18 mm Forpus 60702 - Rutana - Ra\u0161tin\u0117s reikmenys","isPartOf":{"@id":"https:\/\/rutana.lt\/#website"},"primaryImageOfPage":{"@id":"https:\/\/rutana.lt\/produktas\/kanceliarinis-peiliukas-18-mm-forpus-60702\/#primaryimage"},"image":{"@id":"https:\/\/rutana.lt\/produktas\/kanceliarinis-peiliukas-18-mm-forpus-60702\/#primaryimage"},"thumbnailUrl":"https:\/\/rutana.lt\/wp-content\/uploads\/2025\/09\/B015-604-1.jpg?v=1763623501","datePublished":"2025-09-03T06:34:19+00:00","dateModified":"2025-10-13T13:16:43+00:00","breadcrumb":{"@id":"https:\/\/rutana.lt\/produktas\/kanceliarinis-peiliukas-18-mm-forpus-60702\/#breadcrumb"},"inLanguage":"en-US","potentialAction":[{"@type":"ReadAction","target":["https:\/\/rutana.lt\/produktas\/kanceliarinis-peiliukas-18-mm-forpus-60702\/"]}]},{"@type":"ImageObject","inLanguage":"en-US","@id":"https:\/\/rutana.lt\/produktas\/kanceliarinis-peiliukas-18-mm-forpus-60702\/#primaryimage","url":"https:\/\/rutana.lt\/wp-content\/uploads\/2025\/09\/B015-604-1.jpg?v=1763623501","contentUrl":"https:\/\/rutana.lt\/wp-content\/uploads\/2025\/09\/B015-604-1.jpg?v=1763623501","width":600,"height":202},{"@type":"BreadcrumbList","@id":"https:\/\/rutana.lt\/produktas\/kanceliarinis-peiliukas-18-mm-forpus-60702\/#breadcrumb","itemListElement":[{"@type":"ListItem","position":1,"name":"Home","item":"https:\/\/rutana.lt\/"},{"@type":"ListItem","position":2,"name":"Parduotuv\u0117","item":"https:\/\/rutana.lt\/parduotuve\/"},{"@type":"ListItem","position":3,"name":"Kanceliarinis peiliukas 18 mm Forpus 60702"}]},{"@type":"WebSite","@id":"https:\/\/rutana.lt\/#website","url":"https:\/\/rutana.lt\/","name":"Rutana - Ra\u0161tin\u0117s reikmenys","description":"Prekiaujame pasaulin\u0117je rinkoje pripa\u017eintomis, kokybi\u0161komis biuro prek\u0117mis toki\u0173  gamintoj\u0173 kaip: Schneider, Esselte, Novus, 3M, Faber-Castell, Citizen, Milan, Leitz, Colop, Zebra, Staedtler, Durable, Tork, Parker, Waterman ir kt.","publisher":{"@id":"https:\/\/rutana.lt\/#organization"},"potentialAction":[{"@type":"SearchAction","target":{"@type":"EntryPoint","urlTemplate":"https:\/\/rutana.lt\/?s={search_term_string}"},"query-input":{"@type":"PropertyValueSpecification","valueRequired":true,"valueName":"search_term_string"}}],"inLanguage":"en-US"},{"@type":"Organization","@id":"https:\/\/rutana.lt\/#organization","name":"Rutana - Ra\u0161tin\u0117s reikmenys","url":"https:\/\/rutana.lt\/","logo":{"@type":"ImageObject","inLanguage":"en-US","@id":"https:\/\/rutana.lt\/#\/schema\/logo\/image\/","url":"https:\/\/rutana.lt\/wp-content\/uploads\/2025\/10\/Asset-32.png","contentUrl":"https:\/\/rutana.lt\/wp-content\/uploads\/2025\/10\/Asset-32.png","width":433,"height":119,"caption":"Rutana - Ra\u0161tin\u0117s reikmenys"},"image":{"@id":"https:\/\/rutana.lt\/#\/schema\/logo\/image\/"},"sameAs":["https:\/\/www.facebook.com\/RutanaKanceliarinesPrekes\/"]}]}},"_links":{"self":[{"href":"https:\/\/rutana.lt\/en\/wp-json\/wp\/v2\/product\/3086","targetHints":{"allow":["GET"]}}],"collection":[{"href":"https:\/\/rutana.lt\/en\/wp-json\/wp\/v2\/product"}],"about":[{"href":"https:\/\/rutana.lt\/en\/wp-json\/wp\/v2\/types\/product"}],"replies":[{"embeddable":true,"href":"https:\/\/rutana.lt\/en\/wp-json\/wp\/v2\/comments?post=3086"}],"version-history":[{"count":1,"href":"https:\/\/rutana.lt\/en\/wp-json\/wp\/v2\/product\/3086\/revisions"}],"predecessor-version":[{"id":3121,"href":"https:\/\/rutana.lt\/en\/wp-json\/wp\/v2\/product\/3086\/revisions\/3121"}],"wp:featuredmedia":[{"embeddable":true,"href":"https:\/\/rutana.lt\/en\/wp-json\/wp\/v2\/media\/24715"}],"wp:attachment":[{"href":"https:\/\/rutana.lt\/en\/wp-json\/wp\/v2\/media?parent=3086"}],"wp:term":[{"taxonomy":"product_brand","embeddable":true,"href":"https:\/\/rutana.lt\/en\/wp-json\/wp\/v2\/product_brand?post=3086"},{"taxonomy":"product_cat","embeddable":true,"href":"https:\/\/rutana.lt\/en\/wp-json\/wp\/v2\/product_cat?post=3086"},{"taxonomy":"product_tag","embeddable":true,"href":"https:\/\/rutana.lt\/en\/wp-json\/wp\/v2\/product_tag?post=3086"}],"curies":[{"name":"wp","href":"https:\/\/api.w.org\/{rel}","templated":true}]}}