{"id":2831,"date":"2025-09-03T08:33:07","date_gmt":"2025-09-03T06:33:07","guid":{"rendered":"https:\/\/rutana.webdemo.lt\/?post_type=product&#038;p=2831"},"modified":"2025-10-13T15:15:57","modified_gmt":"2025-10-13T13:15:57","slug":"skaiciuotuvas-ctc-110wb-citizen","status":"publish","type":"product","link":"https:\/\/rutana.lt\/en\/product\/skaiciuotuvas-ctc-110wb-citizen\/","title":{"rendered":"Skai\u010diuotuvas CTC-110WB Citizen"},"content":{"rendered":"<p>Ma\u017eas, patogus skai\u010diuotuvas tinkamas ne\u0161iotis ki\u0161en\u0117je ar rankin\u0117je su valiutos konvertavimo funkcija. Mokes\u010di\u0173 ir antkainio skai\u010diavimo funkcijos. U\u017elenkiamas ekranas. Automatin\u0117 i\u0161sijungimofunkcija. Plastikiniai klavi\u0161ai. Raudonos spalvos korpusas.  Maitinimas saul\u0117s baterija ir elementais.<\/p>\n<p>Skai\u010di\u0173 kiekis ekrane: 10<\/p>\n<p>Matmenys: 106 x 63 x 14 mm<\/p>\n<p>Svoris: 80 g<\/p><\/p>","protected":false},"excerpt":{"rendered":"<p>Ma\u017eas, patogus skai\u010diuotuvas tinkamas ne\u0161iotis ki\u0161en\u0117je ar rankin\u0117je su valiutos konvertavimo funkcija. Mokes\u010di\u0173 ir antkainio skai\u010diavimo funkcijos. U\u017elenkiamas ekranas. Automatin\u0117 i\u0161sijungimofunkcija. Plastikiniai klavi\u0161ai. Raudonos spalvos korpusas. Maitinimas saul\u0117s baterija ir elementais. Skai\u010di\u0173 kiekis ekrane: 10 Matmenys: 106 x 63 x 14 mm Svoris: 80 g<\/p>","protected":false},"featured_media":24634,"comment_status":"open","ping_status":"closed","template":"","meta":{"_season_start":"","_season_end":"","_season_days":"","_season_months":"","_season_auto_visibility":""},"product_brand":[128],"product_cat":[1776],"product_tag":[],"class_list":{"0":"post-2831","1":"product","2":"type-product","3":"status-publish","4":"has-post-thumbnail","6":"product_brand-citizen","7":"product_cat-kiseniniai-skaiciuotuvai","9":"first","10":"instock","11":"taxable","12":"shipping-taxable","13":"purchasable","14":"product-type-simple"},"yoast_head":"<!-- This site is optimized with the Yoast SEO plugin v26.1.1 - https:\/\/yoast.com\/wordpress\/plugins\/seo\/ -->\n<title>Skai\u010diuotuvas CTC-110WB Citizen - Rutana - Ra\u0161tin\u0117s reikmenys<\/title>\n<meta name=\"robots\" content=\"index, follow, max-snippet:-1, max-image-preview:large, max-video-preview:-1\" \/>\n<link rel=\"canonical\" href=\"https:\/\/rutana.lt\/en\/product\/skaiciuotuvas-ctc-110wb-citizen\/\" \/>\n<meta property=\"og:locale\" content=\"en_US\" \/>\n<meta property=\"og:type\" content=\"article\" \/>\n<meta property=\"og:title\" content=\"Skai\u010diuotuvas CTC-110WB Citizen - Rutana - Ra\u0161tin\u0117s reikmenys\" \/>\n<meta property=\"og:description\" content=\"Ma\u017eas, patogus skai\u010diuotuvas tinkamas ne\u0161iotis ki\u0161en\u0117je ar rankin\u0117je su valiutos konvertavimo funkcija. Mokes\u010di\u0173 ir antkainio skai\u010diavimo funkcijos. U\u017elenkiamas ekranas. Automatin\u0117 i\u0161sijungimofunkcija. Plastikiniai klavi\u0161ai. Raudonos spalvos korpusas. Maitinimas saul\u0117s baterija ir elementais. Skai\u010di\u0173 kiekis ekrane: 10 Matmenys: 106 x 63 x 14 mm Svoris: 80 g\" \/>\n<meta property=\"og:url\" content=\"https:\/\/rutana.lt\/en\/product\/skaiciuotuvas-ctc-110wb-citizen\/\" \/>\n<meta property=\"og:site_name\" content=\"Rutana - Ra\u0161tin\u0117s reikmenys\" \/>\n<meta property=\"article:publisher\" content=\"https:\/\/www.facebook.com\/RutanaKanceliarinesPrekes\/\" \/>\n<meta property=\"article:modified_time\" content=\"2025-10-13T13:15:57+00:00\" \/>\n<meta property=\"og:image\" content=\"https:\/\/rutana.lt\/wp-content\/uploads\/2025\/09\/B071-351.jpg\" \/>\n\t<meta property=\"og:image:width\" content=\"530\" \/>\n\t<meta property=\"og:image:height\" content=\"518\" \/>\n\t<meta property=\"og:image:type\" content=\"image\/jpeg\" \/>\n<meta name=\"twitter:card\" content=\"summary_large_image\" \/>\n<script type=\"application\/ld+json\" class=\"yoast-schema-graph\">{\"@context\":\"https:\/\/schema.org\",\"@graph\":[{\"@type\":\"WebPage\",\"@id\":\"https:\/\/rutana.lt\/produktas\/skaiciuotuvas-ctc-110wb-citizen\/\",\"url\":\"https:\/\/rutana.lt\/produktas\/skaiciuotuvas-ctc-110wb-citizen\/\",\"name\":\"Skai\u010diuotuvas CTC-110WB Citizen - Rutana - Ra\u0161tin\u0117s reikmenys\",\"isPartOf\":{\"@id\":\"https:\/\/rutana.lt\/#website\"},\"primaryImageOfPage\":{\"@id\":\"https:\/\/rutana.lt\/produktas\/skaiciuotuvas-ctc-110wb-citizen\/#primaryimage\"},\"image\":{\"@id\":\"https:\/\/rutana.lt\/produktas\/skaiciuotuvas-ctc-110wb-citizen\/#primaryimage\"},\"thumbnailUrl\":\"https:\/\/rutana.lt\/wp-content\/uploads\/2025\/09\/B071-351-1.jpg?v=1763623611\",\"datePublished\":\"2025-09-03T06:33:07+00:00\",\"dateModified\":\"2025-10-13T13:15:57+00:00\",\"breadcrumb\":{\"@id\":\"https:\/\/rutana.lt\/produktas\/skaiciuotuvas-ctc-110wb-citizen\/#breadcrumb\"},\"inLanguage\":\"en-US\",\"potentialAction\":[{\"@type\":\"ReadAction\",\"target\":[\"https:\/\/rutana.lt\/produktas\/skaiciuotuvas-ctc-110wb-citizen\/\"]}]},{\"@type\":\"ImageObject\",\"inLanguage\":\"en-US\",\"@id\":\"https:\/\/rutana.lt\/produktas\/skaiciuotuvas-ctc-110wb-citizen\/#primaryimage\",\"url\":\"https:\/\/rutana.lt\/wp-content\/uploads\/2025\/09\/B071-351-1.jpg?v=1763623611\",\"contentUrl\":\"https:\/\/rutana.lt\/wp-content\/uploads\/2025\/09\/B071-351-1.jpg?v=1763623611\",\"width\":530,\"height\":518},{\"@type\":\"BreadcrumbList\",\"@id\":\"https:\/\/rutana.lt\/produktas\/skaiciuotuvas-ctc-110wb-citizen\/#breadcrumb\",\"itemListElement\":[{\"@type\":\"ListItem\",\"position\":1,\"name\":\"Home\",\"item\":\"https:\/\/rutana.lt\/\"},{\"@type\":\"ListItem\",\"position\":2,\"name\":\"Parduotuv\u0117\",\"item\":\"https:\/\/rutana.lt\/parduotuve\/\"},{\"@type\":\"ListItem\",\"position\":3,\"name\":\"Skai\u010diuotuvas CTC-110WB Citizen\"}]},{\"@type\":\"WebSite\",\"@id\":\"https:\/\/rutana.lt\/#website\",\"url\":\"https:\/\/rutana.lt\/\",\"name\":\"Rutana - Ra\u0161tin\u0117s reikmenys\",\"description\":\"Prekiaujame pasaulin\u0117je rinkoje pripa\u017eintomis, kokybi\u0161komis biuro prek\u0117mis toki\u0173  gamintoj\u0173 kaip: Schneider, Esselte, Novus, 3M, Faber-Castell, Citizen, Milan, Leitz, Colop, Zebra, Staedtler, Durable, Tork, Parker, Waterman ir kt.\",\"publisher\":{\"@id\":\"https:\/\/rutana.lt\/#organization\"},\"potentialAction\":[{\"@type\":\"SearchAction\",\"target\":{\"@type\":\"EntryPoint\",\"urlTemplate\":\"https:\/\/rutana.lt\/?s={search_term_string}\"},\"query-input\":{\"@type\":\"PropertyValueSpecification\",\"valueRequired\":true,\"valueName\":\"search_term_string\"}}],\"inLanguage\":\"en-US\"},{\"@type\":\"Organization\",\"@id\":\"https:\/\/rutana.lt\/#organization\",\"name\":\"Rutana - Ra\u0161tin\u0117s reikmenys\",\"url\":\"https:\/\/rutana.lt\/\",\"logo\":{\"@type\":\"ImageObject\",\"inLanguage\":\"en-US\",\"@id\":\"https:\/\/rutana.lt\/#\/schema\/logo\/image\/\",\"url\":\"https:\/\/rutana.lt\/wp-content\/uploads\/2025\/10\/Asset-32.png\",\"contentUrl\":\"https:\/\/rutana.lt\/wp-content\/uploads\/2025\/10\/Asset-32.png\",\"width\":433,\"height\":119,\"caption\":\"Rutana - Ra\u0161tin\u0117s reikmenys\"},\"image\":{\"@id\":\"https:\/\/rutana.lt\/#\/schema\/logo\/image\/\"},\"sameAs\":[\"https:\/\/www.facebook.com\/RutanaKanceliarinesPrekes\/\"]}]}<\/script>\n<!-- \/ Yoast SEO plugin. -->","yoast_head_json":{"title":"Skai\u010diuotuvas CTC-110WB Citizen - Rutana - Ra\u0161tin\u0117s reikmenys","robots":{"index":"index","follow":"follow","max-snippet":"max-snippet:-1","max-image-preview":"max-image-preview:large","max-video-preview":"max-video-preview:-1"},"canonical":"https:\/\/rutana.lt\/en\/product\/skaiciuotuvas-ctc-110wb-citizen\/","og_locale":"en_US","og_type":"article","og_title":"Skai\u010diuotuvas CTC-110WB Citizen - Rutana - Ra\u0161tin\u0117s reikmenys","og_description":"Ma\u017eas, patogus skai\u010diuotuvas tinkamas ne\u0161iotis ki\u0161en\u0117je ar rankin\u0117je su valiutos konvertavimo funkcija. Mokes\u010di\u0173 ir antkainio skai\u010diavimo funkcijos. U\u017elenkiamas ekranas. Automatin\u0117 i\u0161sijungimofunkcija. Plastikiniai klavi\u0161ai. Raudonos spalvos korpusas. Maitinimas saul\u0117s baterija ir elementais. Skai\u010di\u0173 kiekis ekrane: 10 Matmenys: 106 x 63 x 14 mm Svoris: 80 g","og_url":"https:\/\/rutana.lt\/en\/product\/skaiciuotuvas-ctc-110wb-citizen\/","og_site_name":"Rutana - Ra\u0161tin\u0117s reikmenys","article_publisher":"https:\/\/www.facebook.com\/RutanaKanceliarinesPrekes\/","article_modified_time":"2025-10-13T13:15:57+00:00","og_image":[{"width":530,"height":518,"url":"https:\/\/rutana.lt\/wp-content\/uploads\/2025\/09\/B071-351.jpg","type":"image\/jpeg"}],"twitter_card":"summary_large_image","schema":{"@context":"https:\/\/schema.org","@graph":[{"@type":"WebPage","@id":"https:\/\/rutana.lt\/produktas\/skaiciuotuvas-ctc-110wb-citizen\/","url":"https:\/\/rutana.lt\/produktas\/skaiciuotuvas-ctc-110wb-citizen\/","name":"Skai\u010diuotuvas CTC-110WB Citizen - Rutana - Ra\u0161tin\u0117s reikmenys","isPartOf":{"@id":"https:\/\/rutana.lt\/#website"},"primaryImageOfPage":{"@id":"https:\/\/rutana.lt\/produktas\/skaiciuotuvas-ctc-110wb-citizen\/#primaryimage"},"image":{"@id":"https:\/\/rutana.lt\/produktas\/skaiciuotuvas-ctc-110wb-citizen\/#primaryimage"},"thumbnailUrl":"https:\/\/rutana.lt\/wp-content\/uploads\/2025\/09\/B071-351-1.jpg?v=1763623611","datePublished":"2025-09-03T06:33:07+00:00","dateModified":"2025-10-13T13:15:57+00:00","breadcrumb":{"@id":"https:\/\/rutana.lt\/produktas\/skaiciuotuvas-ctc-110wb-citizen\/#breadcrumb"},"inLanguage":"en-US","potentialAction":[{"@type":"ReadAction","target":["https:\/\/rutana.lt\/produktas\/skaiciuotuvas-ctc-110wb-citizen\/"]}]},{"@type":"ImageObject","inLanguage":"en-US","@id":"https:\/\/rutana.lt\/produktas\/skaiciuotuvas-ctc-110wb-citizen\/#primaryimage","url":"https:\/\/rutana.lt\/wp-content\/uploads\/2025\/09\/B071-351-1.jpg?v=1763623611","contentUrl":"https:\/\/rutana.lt\/wp-content\/uploads\/2025\/09\/B071-351-1.jpg?v=1763623611","width":530,"height":518},{"@type":"BreadcrumbList","@id":"https:\/\/rutana.lt\/produktas\/skaiciuotuvas-ctc-110wb-citizen\/#breadcrumb","itemListElement":[{"@type":"ListItem","position":1,"name":"Home","item":"https:\/\/rutana.lt\/"},{"@type":"ListItem","position":2,"name":"Parduotuv\u0117","item":"https:\/\/rutana.lt\/parduotuve\/"},{"@type":"ListItem","position":3,"name":"Skai\u010diuotuvas CTC-110WB Citizen"}]},{"@type":"WebSite","@id":"https:\/\/rutana.lt\/#website","url":"https:\/\/rutana.lt\/","name":"Rutana - Ra\u0161tin\u0117s reikmenys","description":"Prekiaujame pasaulin\u0117je rinkoje pripa\u017eintomis, kokybi\u0161komis biuro prek\u0117mis toki\u0173  gamintoj\u0173 kaip: Schneider, Esselte, Novus, 3M, Faber-Castell, Citizen, Milan, Leitz, Colop, Zebra, Staedtler, Durable, Tork, Parker, Waterman ir kt.","publisher":{"@id":"https:\/\/rutana.lt\/#organization"},"potentialAction":[{"@type":"SearchAction","target":{"@type":"EntryPoint","urlTemplate":"https:\/\/rutana.lt\/?s={search_term_string}"},"query-input":{"@type":"PropertyValueSpecification","valueRequired":true,"valueName":"search_term_string"}}],"inLanguage":"en-US"},{"@type":"Organization","@id":"https:\/\/rutana.lt\/#organization","name":"Rutana - Ra\u0161tin\u0117s reikmenys","url":"https:\/\/rutana.lt\/","logo":{"@type":"ImageObject","inLanguage":"en-US","@id":"https:\/\/rutana.lt\/#\/schema\/logo\/image\/","url":"https:\/\/rutana.lt\/wp-content\/uploads\/2025\/10\/Asset-32.png","contentUrl":"https:\/\/rutana.lt\/wp-content\/uploads\/2025\/10\/Asset-32.png","width":433,"height":119,"caption":"Rutana - Ra\u0161tin\u0117s reikmenys"},"image":{"@id":"https:\/\/rutana.lt\/#\/schema\/logo\/image\/"},"sameAs":["https:\/\/www.facebook.com\/RutanaKanceliarinesPrekes\/"]}]}},"_links":{"self":[{"href":"https:\/\/rutana.lt\/en\/wp-json\/wp\/v2\/product\/2831","targetHints":{"allow":["GET"]}}],"collection":[{"href":"https:\/\/rutana.lt\/en\/wp-json\/wp\/v2\/product"}],"about":[{"href":"https:\/\/rutana.lt\/en\/wp-json\/wp\/v2\/types\/product"}],"replies":[{"embeddable":true,"href":"https:\/\/rutana.lt\/en\/wp-json\/wp\/v2\/comments?post=2831"}],"version-history":[{"count":1,"href":"https:\/\/rutana.lt\/en\/wp-json\/wp\/v2\/product\/2831\/revisions"}],"predecessor-version":[{"id":2868,"href":"https:\/\/rutana.lt\/en\/wp-json\/wp\/v2\/product\/2831\/revisions\/2868"}],"wp:featuredmedia":[{"embeddable":true,"href":"https:\/\/rutana.lt\/en\/wp-json\/wp\/v2\/media\/24634"}],"wp:attachment":[{"href":"https:\/\/rutana.lt\/en\/wp-json\/wp\/v2\/media?parent=2831"}],"wp:term":[{"taxonomy":"product_brand","embeddable":true,"href":"https:\/\/rutana.lt\/en\/wp-json\/wp\/v2\/product_brand?post=2831"},{"taxonomy":"product_cat","embeddable":true,"href":"https:\/\/rutana.lt\/en\/wp-json\/wp\/v2\/product_cat?post=2831"},{"taxonomy":"product_tag","embeddable":true,"href":"https:\/\/rutana.lt\/en\/wp-json\/wp\/v2\/product_tag?post=2831"}],"curies":[{"name":"wp","href":"https:\/\/api.w.org\/{rel}","templated":true}]}}