{"id":2411,"date":"2025-09-03T08:30:43","date_gmt":"2025-09-03T06:30:43","guid":{"rendered":"https:\/\/rutana.webdemo.lt\/?post_type=product&#038;p=2411"},"modified":"2025-10-13T15:14:05","modified_gmt":"2025-10-13T13:14:05","slug":"automatinis-gelio-rasiklis-signo-umn-207-juodas-uni-mitsubishi-pencil","status":"publish","type":"product","link":"https:\/\/rutana.lt\/en\/product\/automatinis-gelio-rasiklis-signo-umn-207-juodas-uni-mitsubishi-pencil\/","title":{"rendered":"Automatinis gelio ra\u0161iklis Signo UMN-207 juodas Uni Mitsubishi Pencil"},"content":{"rendered":"<p>Automatinis gelio ra\u0161iklis su antistresine gumele laikymo zonoje prisitaiko prie pir\u0161t\u0173 ir suteikia ra\u0161ymui komfort\u0105. Labai greitai d\u017ei\u016bstantis, vandens, saul\u0117s spinduli\u0173 ir bet kokiam cheminiam poveikiui atsparus tu\u0161as. Ra\u0161o be ma\u017eiausio \u012fbr\u0117\u017eimo, nauja tu\u0161o tiekimo sistema u\u017etikrina nepertraukiam\u0105 ir tolyg\u0173 ra\u0161ym\u0105. Kei\u010diama \u0161erdel\u0117 UMR &#8211; 85 \/ 87.<\/p>\n<p>\u0160erdel\u0117s galvut\u0117s storis: 0.7 mm<\/p>\n<p>Br\u0117\u017eiamos linijos storis: 0.4 mm<\/p>\n<p>Tu\u0161o spalva: juoda <\/p>\n<p>Kilm\u0117s \u0161alis: Japonija <\/p>\n<\/p>\n<p><\/p>","protected":false},"excerpt":{"rendered":"<p>Automatinis gelio ra\u0161iklis su antistresine gumele laikymo zonoje prisitaiko prie pir\u0161t\u0173 ir suteikia ra\u0161ymui komfort\u0105. Labai greitai d\u017ei\u016bstantis, vandens, saul\u0117s spinduli\u0173 ir bet kokiam cheminiam poveikiui atsparus tu\u0161as. Ra\u0161o be ma\u017eiausio \u012fbr\u0117\u017eimo, nauja tu\u0161o tiekimo sistema u\u017etikrina nepertraukiam\u0105 ir tolyg\u0173 ra\u0161ym\u0105. Kei\u010diama \u0161erdel\u0117 UMR &#8211; 85 \/ 87. \u0160erdel\u0117s galvut\u0117s storis: 0.7 mm Br\u0117\u017eiamos linijos [&hellip;]<\/p>","protected":false},"featured_media":24502,"comment_status":"open","ping_status":"closed","template":"","meta":{"_season_start":"","_season_end":"","_season_days":"","_season_months":"","_season_auto_visibility":""},"product_brand":[91],"product_cat":[1750],"product_tag":[],"class_list":{"0":"post-2411","1":"product","2":"type-product","3":"status-publish","4":"has-post-thumbnail","6":"product_brand-uni-mitsubishi-pencil","7":"product_cat-tusinukai","9":"first","10":"instock","11":"taxable","12":"shipping-taxable","13":"purchasable","14":"product-type-simple"},"yoast_head":"<!-- This site is optimized with the Yoast SEO plugin v27.4 - https:\/\/yoast.com\/product\/yoast-seo-wordpress\/ -->\n<title>Automatinis gelio ra\u0161iklis Signo UMN-207 juodas Uni Mitsubishi Pencil - Rutana - Ra\u0161tin\u0117s reikmenys<\/title>\n<meta name=\"robots\" content=\"index, follow, max-snippet:-1, max-image-preview:large, max-video-preview:-1\" \/>\n<link rel=\"canonical\" href=\"https:\/\/rutana.lt\/en\/product\/automatinis-gelio-rasiklis-signo-umn-207-juodas-uni-mitsubishi-pencil\/\" \/>\n<meta property=\"og:locale\" content=\"en_US\" \/>\n<meta property=\"og:type\" content=\"article\" \/>\n<meta property=\"og:title\" content=\"Automatinis gelio ra\u0161iklis Signo UMN-207 juodas Uni Mitsubishi Pencil - Rutana - Ra\u0161tin\u0117s reikmenys\" \/>\n<meta property=\"og:description\" content=\"Automatinis gelio ra\u0161iklis su antistresine gumele laikymo zonoje prisitaiko prie pir\u0161t\u0173 ir suteikia ra\u0161ymui komfort\u0105. Labai greitai d\u017ei\u016bstantis, vandens, saul\u0117s spinduli\u0173 ir bet kokiam cheminiam poveikiui atsparus tu\u0161as. Ra\u0161o be ma\u017eiausio \u012fbr\u0117\u017eimo, nauja tu\u0161o tiekimo sistema u\u017etikrina nepertraukiam\u0105 ir tolyg\u0173 ra\u0161ym\u0105. Kei\u010diama \u0161erdel\u0117 UMR &#8211; 85 \/ 87. \u0160erdel\u0117s galvut\u0117s storis: 0.7 mm Br\u0117\u017eiamos linijos [&hellip;]\" \/>\n<meta property=\"og:url\" content=\"https:\/\/rutana.lt\/en\/product\/automatinis-gelio-rasiklis-signo-umn-207-juodas-uni-mitsubishi-pencil\/\" \/>\n<meta property=\"og:site_name\" content=\"Rutana - Ra\u0161tin\u0117s reikmenys\" \/>\n<meta property=\"article:publisher\" content=\"https:\/\/www.facebook.com\/RutanaKanceliarinesPrekes\/\" \/>\n<meta property=\"article:modified_time\" content=\"2025-10-13T13:14:05+00:00\" \/>\n<meta property=\"og:image\" content=\"https:\/\/rutana.lt\/wp-content\/uploads\/2025\/09\/C042-142-1.jpg\" \/>\n\t<meta property=\"og:image:width\" content=\"1500\" \/>\n\t<meta property=\"og:image:height\" content=\"1000\" \/>\n\t<meta property=\"og:image:type\" content=\"image\/jpeg\" \/>\n<meta name=\"twitter:card\" content=\"summary_large_image\" \/>\n<script type=\"application\/ld+json\" class=\"yoast-schema-graph\">{\"@context\":\"https:\\\/\\\/schema.org\",\"@graph\":[{\"@type\":\"WebPage\",\"@id\":\"https:\\\/\\\/rutana.lt\\\/produktas\\\/automatinis-gelio-rasiklis-signo-umn-207-juodas-uni-mitsubishi-pencil\\\/\",\"url\":\"https:\\\/\\\/rutana.lt\\\/produktas\\\/automatinis-gelio-rasiklis-signo-umn-207-juodas-uni-mitsubishi-pencil\\\/\",\"name\":\"Automatinis gelio ra\u0161iklis Signo UMN-207 juodas Uni Mitsubishi Pencil - Rutana - Ra\u0161tin\u0117s reikmenys\",\"isPartOf\":{\"@id\":\"https:\\\/\\\/rutana.lt\\\/#website\"},\"primaryImageOfPage\":{\"@id\":\"https:\\\/\\\/rutana.lt\\\/produktas\\\/automatinis-gelio-rasiklis-signo-umn-207-juodas-uni-mitsubishi-pencil\\\/#primaryimage\"},\"image\":{\"@id\":\"https:\\\/\\\/rutana.lt\\\/produktas\\\/automatinis-gelio-rasiklis-signo-umn-207-juodas-uni-mitsubishi-pencil\\\/#primaryimage\"},\"thumbnailUrl\":\"https:\\\/\\\/rutana.lt\\\/wp-content\\\/uploads\\\/2025\\\/09\\\/C042-142-2.jpg?v=1763623810\",\"datePublished\":\"2025-09-03T06:30:43+00:00\",\"dateModified\":\"2025-10-13T13:14:05+00:00\",\"breadcrumb\":{\"@id\":\"https:\\\/\\\/rutana.lt\\\/produktas\\\/automatinis-gelio-rasiklis-signo-umn-207-juodas-uni-mitsubishi-pencil\\\/#breadcrumb\"},\"inLanguage\":\"en-US\",\"potentialAction\":[{\"@type\":\"ReadAction\",\"target\":[\"https:\\\/\\\/rutana.lt\\\/produktas\\\/automatinis-gelio-rasiklis-signo-umn-207-juodas-uni-mitsubishi-pencil\\\/\"]}]},{\"@type\":\"ImageObject\",\"inLanguage\":\"en-US\",\"@id\":\"https:\\\/\\\/rutana.lt\\\/produktas\\\/automatinis-gelio-rasiklis-signo-umn-207-juodas-uni-mitsubishi-pencil\\\/#primaryimage\",\"url\":\"https:\\\/\\\/rutana.lt\\\/wp-content\\\/uploads\\\/2025\\\/09\\\/C042-142-2.jpg?v=1763623810\",\"contentUrl\":\"https:\\\/\\\/rutana.lt\\\/wp-content\\\/uploads\\\/2025\\\/09\\\/C042-142-2.jpg?v=1763623810\",\"width\":1500,\"height\":1000},{\"@type\":\"BreadcrumbList\",\"@id\":\"https:\\\/\\\/rutana.lt\\\/produktas\\\/automatinis-gelio-rasiklis-signo-umn-207-juodas-uni-mitsubishi-pencil\\\/#breadcrumb\",\"itemListElement\":[{\"@type\":\"ListItem\",\"position\":1,\"name\":\"Home\",\"item\":\"https:\\\/\\\/rutana.lt\\\/\"},{\"@type\":\"ListItem\",\"position\":2,\"name\":\"Parduotuv\u0117\",\"item\":\"https:\\\/\\\/rutana.lt\\\/parduotuve\\\/\"},{\"@type\":\"ListItem\",\"position\":3,\"name\":\"Automatinis gelio ra\u0161iklis Signo UMN-207 juodas Uni Mitsubishi Pencil\"}]},{\"@type\":\"WebSite\",\"@id\":\"https:\\\/\\\/rutana.lt\\\/#website\",\"url\":\"https:\\\/\\\/rutana.lt\\\/\",\"name\":\"Rutana - Ra\u0161tin\u0117s reikmenys\",\"description\":\"Prekiaujame pasaulin\u0117je rinkoje pripa\u017eintomis, kokybi\u0161komis biuro prek\u0117mis toki\u0173  gamintoj\u0173 kaip: Schneider, Esselte, Novus, 3M, Faber-Castell, Citizen, Milan, Leitz, Colop, Zebra, Staedtler, Durable, Tork, Parker, Waterman ir kt.\",\"publisher\":{\"@id\":\"https:\\\/\\\/rutana.lt\\\/#organization\"},\"potentialAction\":[{\"@type\":\"SearchAction\",\"target\":{\"@type\":\"EntryPoint\",\"urlTemplate\":\"https:\\\/\\\/rutana.lt\\\/?s={search_term_string}\"},\"query-input\":{\"@type\":\"PropertyValueSpecification\",\"valueRequired\":true,\"valueName\":\"search_term_string\"}}],\"inLanguage\":\"en-US\"},{\"@type\":\"Organization\",\"@id\":\"https:\\\/\\\/rutana.lt\\\/#organization\",\"name\":\"Rutana - Ra\u0161tin\u0117s reikmenys\",\"url\":\"https:\\\/\\\/rutana.lt\\\/\",\"logo\":{\"@type\":\"ImageObject\",\"inLanguage\":\"en-US\",\"@id\":\"https:\\\/\\\/rutana.lt\\\/#\\\/schema\\\/logo\\\/image\\\/\",\"url\":\"https:\\\/\\\/rutana.lt\\\/wp-content\\\/uploads\\\/2025\\\/10\\\/Asset-32.png\",\"contentUrl\":\"https:\\\/\\\/rutana.lt\\\/wp-content\\\/uploads\\\/2025\\\/10\\\/Asset-32.png\",\"width\":433,\"height\":119,\"caption\":\"Rutana - Ra\u0161tin\u0117s reikmenys\"},\"image\":{\"@id\":\"https:\\\/\\\/rutana.lt\\\/#\\\/schema\\\/logo\\\/image\\\/\"},\"sameAs\":[\"https:\\\/\\\/www.facebook.com\\\/RutanaKanceliarinesPrekes\\\/\"]}]}<\/script>\n<!-- \/ Yoast SEO plugin. -->","yoast_head_json":{"title":"Automatinis gelio ra\u0161iklis Signo UMN-207 juodas Uni Mitsubishi Pencil - Rutana - Ra\u0161tin\u0117s reikmenys","robots":{"index":"index","follow":"follow","max-snippet":"max-snippet:-1","max-image-preview":"max-image-preview:large","max-video-preview":"max-video-preview:-1"},"canonical":"https:\/\/rutana.lt\/en\/product\/automatinis-gelio-rasiklis-signo-umn-207-juodas-uni-mitsubishi-pencil\/","og_locale":"en_US","og_type":"article","og_title":"Automatinis gelio ra\u0161iklis Signo UMN-207 juodas Uni Mitsubishi Pencil - Rutana - Ra\u0161tin\u0117s reikmenys","og_description":"Automatinis gelio ra\u0161iklis su antistresine gumele laikymo zonoje prisitaiko prie pir\u0161t\u0173 ir suteikia ra\u0161ymui komfort\u0105. Labai greitai d\u017ei\u016bstantis, vandens, saul\u0117s spinduli\u0173 ir bet kokiam cheminiam poveikiui atsparus tu\u0161as. Ra\u0161o be ma\u017eiausio \u012fbr\u0117\u017eimo, nauja tu\u0161o tiekimo sistema u\u017etikrina nepertraukiam\u0105 ir tolyg\u0173 ra\u0161ym\u0105. Kei\u010diama \u0161erdel\u0117 UMR &#8211; 85 \/ 87. \u0160erdel\u0117s galvut\u0117s storis: 0.7 mm Br\u0117\u017eiamos linijos [&hellip;]","og_url":"https:\/\/rutana.lt\/en\/product\/automatinis-gelio-rasiklis-signo-umn-207-juodas-uni-mitsubishi-pencil\/","og_site_name":"Rutana - Ra\u0161tin\u0117s reikmenys","article_publisher":"https:\/\/www.facebook.com\/RutanaKanceliarinesPrekes\/","article_modified_time":"2025-10-13T13:14:05+00:00","og_image":[{"width":1500,"height":1000,"url":"https:\/\/rutana.lt\/wp-content\/uploads\/2025\/09\/C042-142-1.jpg","type":"image\/jpeg"}],"twitter_card":"summary_large_image","schema":{"@context":"https:\/\/schema.org","@graph":[{"@type":"WebPage","@id":"https:\/\/rutana.lt\/produktas\/automatinis-gelio-rasiklis-signo-umn-207-juodas-uni-mitsubishi-pencil\/","url":"https:\/\/rutana.lt\/produktas\/automatinis-gelio-rasiklis-signo-umn-207-juodas-uni-mitsubishi-pencil\/","name":"Automatinis gelio ra\u0161iklis Signo UMN-207 juodas Uni Mitsubishi Pencil - Rutana - Ra\u0161tin\u0117s reikmenys","isPartOf":{"@id":"https:\/\/rutana.lt\/#website"},"primaryImageOfPage":{"@id":"https:\/\/rutana.lt\/produktas\/automatinis-gelio-rasiklis-signo-umn-207-juodas-uni-mitsubishi-pencil\/#primaryimage"},"image":{"@id":"https:\/\/rutana.lt\/produktas\/automatinis-gelio-rasiklis-signo-umn-207-juodas-uni-mitsubishi-pencil\/#primaryimage"},"thumbnailUrl":"https:\/\/rutana.lt\/wp-content\/uploads\/2025\/09\/C042-142-2.jpg?v=1763623810","datePublished":"2025-09-03T06:30:43+00:00","dateModified":"2025-10-13T13:14:05+00:00","breadcrumb":{"@id":"https:\/\/rutana.lt\/produktas\/automatinis-gelio-rasiklis-signo-umn-207-juodas-uni-mitsubishi-pencil\/#breadcrumb"},"inLanguage":"en-US","potentialAction":[{"@type":"ReadAction","target":["https:\/\/rutana.lt\/produktas\/automatinis-gelio-rasiklis-signo-umn-207-juodas-uni-mitsubishi-pencil\/"]}]},{"@type":"ImageObject","inLanguage":"en-US","@id":"https:\/\/rutana.lt\/produktas\/automatinis-gelio-rasiklis-signo-umn-207-juodas-uni-mitsubishi-pencil\/#primaryimage","url":"https:\/\/rutana.lt\/wp-content\/uploads\/2025\/09\/C042-142-2.jpg?v=1763623810","contentUrl":"https:\/\/rutana.lt\/wp-content\/uploads\/2025\/09\/C042-142-2.jpg?v=1763623810","width":1500,"height":1000},{"@type":"BreadcrumbList","@id":"https:\/\/rutana.lt\/produktas\/automatinis-gelio-rasiklis-signo-umn-207-juodas-uni-mitsubishi-pencil\/#breadcrumb","itemListElement":[{"@type":"ListItem","position":1,"name":"Home","item":"https:\/\/rutana.lt\/"},{"@type":"ListItem","position":2,"name":"Parduotuv\u0117","item":"https:\/\/rutana.lt\/parduotuve\/"},{"@type":"ListItem","position":3,"name":"Automatinis gelio ra\u0161iklis Signo UMN-207 juodas Uni Mitsubishi Pencil"}]},{"@type":"WebSite","@id":"https:\/\/rutana.lt\/#website","url":"https:\/\/rutana.lt\/","name":"Rutana - Ra\u0161tin\u0117s reikmenys","description":"Prekiaujame pasaulin\u0117je rinkoje pripa\u017eintomis, kokybi\u0161komis biuro prek\u0117mis toki\u0173  gamintoj\u0173 kaip: Schneider, Esselte, Novus, 3M, Faber-Castell, Citizen, Milan, Leitz, Colop, Zebra, Staedtler, Durable, Tork, Parker, Waterman ir kt.","publisher":{"@id":"https:\/\/rutana.lt\/#organization"},"potentialAction":[{"@type":"SearchAction","target":{"@type":"EntryPoint","urlTemplate":"https:\/\/rutana.lt\/?s={search_term_string}"},"query-input":{"@type":"PropertyValueSpecification","valueRequired":true,"valueName":"search_term_string"}}],"inLanguage":"en-US"},{"@type":"Organization","@id":"https:\/\/rutana.lt\/#organization","name":"Rutana - Ra\u0161tin\u0117s reikmenys","url":"https:\/\/rutana.lt\/","logo":{"@type":"ImageObject","inLanguage":"en-US","@id":"https:\/\/rutana.lt\/#\/schema\/logo\/image\/","url":"https:\/\/rutana.lt\/wp-content\/uploads\/2025\/10\/Asset-32.png","contentUrl":"https:\/\/rutana.lt\/wp-content\/uploads\/2025\/10\/Asset-32.png","width":433,"height":119,"caption":"Rutana - Ra\u0161tin\u0117s reikmenys"},"image":{"@id":"https:\/\/rutana.lt\/#\/schema\/logo\/image\/"},"sameAs":["https:\/\/www.facebook.com\/RutanaKanceliarinesPrekes\/"]}]}},"_links":{"self":[{"href":"https:\/\/rutana.lt\/en\/wp-json\/wp\/v2\/product\/2411","targetHints":{"allow":["GET"]}}],"collection":[{"href":"https:\/\/rutana.lt\/en\/wp-json\/wp\/v2\/product"}],"about":[{"href":"https:\/\/rutana.lt\/en\/wp-json\/wp\/v2\/types\/product"}],"replies":[{"embeddable":true,"href":"https:\/\/rutana.lt\/en\/wp-json\/wp\/v2\/comments?post=2411"}],"version-history":[{"count":1,"href":"https:\/\/rutana.lt\/en\/wp-json\/wp\/v2\/product\/2411\/revisions"}],"predecessor-version":[{"id":2460,"href":"https:\/\/rutana.lt\/en\/wp-json\/wp\/v2\/product\/2411\/revisions\/2460"}],"wp:featuredmedia":[{"embeddable":true,"href":"https:\/\/rutana.lt\/en\/wp-json\/wp\/v2\/media\/24502"}],"wp:attachment":[{"href":"https:\/\/rutana.lt\/en\/wp-json\/wp\/v2\/media?parent=2411"}],"wp:term":[{"taxonomy":"product_brand","embeddable":true,"href":"https:\/\/rutana.lt\/en\/wp-json\/wp\/v2\/product_brand?post=2411"},{"taxonomy":"product_cat","embeddable":true,"href":"https:\/\/rutana.lt\/en\/wp-json\/wp\/v2\/product_cat?post=2411"},{"taxonomy":"product_tag","embeddable":true,"href":"https:\/\/rutana.lt\/en\/wp-json\/wp\/v2\/product_tag?post=2411"}],"curies":[{"name":"wp","href":"https:\/\/api.w.org\/{rel}","templated":true}]}}